{"id":1268,"date":"2020-06-23T11:47:34","date_gmt":"2020-06-23T10:47:34","guid":{"rendered":"https:\/\/mythslegendes.com\/?page_id=1268"},"modified":"2022-12-03T22:07:04","modified_gmt":"2022-12-03T22:07:04","slug":"la-servante-chez-les-laminak","status":"publish","type":"page","link":"https:\/\/mythslegendes.com\/es\/mitologia-vasca\/el-sirviente-de-laminak\/","title":{"rendered":"El sirviente entre los lami\u00f1aks"},"content":{"rendered":"<div data-elementor-type=\"wp-page\" data-elementor-id=\"1268\" class=\"elementor elementor-1268\">\n\t\t\t\t\t\t<section class=\"elementor-section elementor-top-section elementor-element elementor-element-7a0d263 elementor-section-boxed elementor-section-height-default elementor-section-height-default\" data-id=\"7a0d263\" data-element_type=\"section\" data-e-type=\"section\">\n\t\t\t\t\t\t<div class=\"elementor-container elementor-column-gap-default\">\n\t\t\t\t\t<div class=\"elementor-column elementor-col-50 elementor-top-column elementor-element elementor-element-c3f8163\" data-id=\"c3f8163\" data-element_type=\"column\" data-e-type=\"column\">\n\t\t\t<div class=\"elementor-widget-wrap elementor-element-populated\">\n\t\t\t\t\t\t<div class=\"elementor-element elementor-element-fdc04a2 elementor-align-justify elementor-widget elementor-widget-button\" data-id=\"fdc04a2\" data-element_type=\"widget\" data-e-type=\"widget\" data-widget_type=\"button.default\">\n\t\t\t\t<div class=\"elementor-widget-container\">\n\t\t\t\t\t\t\t\t\t<div class=\"elementor-button-wrapper\">\n\t\t\t\t\t<a class=\"elementor-button elementor-button-link elementor-size-sm\" href=\"https:\/\/mythslegendes.com\/es\/mitologia-vasca\/\">\n\t\t\t\t\t\t<span class=\"elementor-button-content-wrapper\">\n\t\t\t\t\t\t\t\t\t<span class=\"elementor-button-text\">Mitolog\u00eda vasca<\/span>\n\t\t\t\t\t<\/span>\n\t\t\t\t\t<\/a>\n\t\t\t\t<\/div>\n\t\t\t\t\t\t\t\t<\/div>\n\t\t\t\t<\/div>\n\t\t\t\t\t<\/div>\n\t\t<\/div>\n\t\t\t\t<div class=\"elementor-column elementor-col-50 elementor-top-column elementor-element elementor-element-25d4624\" data-id=\"25d4624\" data-element_type=\"column\" data-e-type=\"column\">\n\t\t\t<div class=\"elementor-widget-wrap elementor-element-populated\">\n\t\t\t\t\t\t<div class=\"elementor-element elementor-element-5629ba9 elementor-align-justify elementor-widget elementor-widget-button\" data-id=\"5629ba9\" data-element_type=\"widget\" data-e-type=\"widget\" data-widget_type=\"button.default\">\n\t\t\t\t<div class=\"elementor-widget-container\">\n\t\t\t\t\t\t\t\t\t<div class=\"elementor-button-wrapper\">\n\t\t\t\t\t<a class=\"elementor-button elementor-button-link elementor-size-sm\" href=\"https:\/\/fr.wikipedia.org\/wiki\/Mythologie_basque\" target=\"_blank\" rel=\"noopener\">\n\t\t\t\t\t\t<span class=\"elementor-button-content-wrapper\">\n\t\t\t\t\t\t\t\t\t<span class=\"elementor-button-text\">Wiki<\/span>\n\t\t\t\t\t<\/span>\n\t\t\t\t\t<\/a>\n\t\t\t\t<\/div>\n\t\t\t\t\t\t\t\t<\/div>\n\t\t\t\t<\/div>\n\t\t\t\t\t<\/div>\n\t\t<\/div>\n\t\t\t\t\t<\/div>\n\t\t<\/section>\n\t\t\t\t<section class=\"elementor-section elementor-top-section elementor-element elementor-element-7ad018b1 elementor-section-boxed elementor-section-height-default elementor-section-height-default\" data-id=\"7ad018b1\" data-element_type=\"section\" data-e-type=\"section\">\n\t\t\t\t\t\t<div class=\"elementor-container elementor-column-gap-default\">\n\t\t\t\t\t<div class=\"elementor-column elementor-col-100 elementor-top-column elementor-element elementor-element-d4702b6\" data-id=\"d4702b6\" data-element_type=\"column\" data-e-type=\"column\">\n\t\t\t<div class=\"elementor-widget-wrap elementor-element-populated\">\n\t\t\t\t\t\t<div class=\"elementor-element elementor-element-3081316a elementor-widget elementor-widget-text-editor\" data-id=\"3081316a\" data-element_type=\"widget\" data-e-type=\"widget\" data-widget_type=\"text-editor.default\">\n\t\t\t\t<div class=\"elementor-widget-container\">\n\t\t\t\t\t\t\t\t\t\n<p>Aqu\u00ed est\u00e1 la historia del sirviente entre los laminak. Hab\u00eda una vez una mujer que ten\u00eda tres hijas. Un d\u00eda la menor le dijo a su madre que quer\u00eda irse a trabajar como sirvienta. Yendo de pueblo en pueblo, acaba encontr\u00e1ndose con un hada que le pregunta:<br \/>\u201c\u00bfAd\u00f3nde vas, hijo m\u00edo? \u00bb<\/p>\n<p><img decoding=\"async\" class=\"alignnone wp-image-5284 size-full\" src=\"https:\/\/mythslegendes.com\/wp-content\/uploads\/2020\/09\/AlphaOmega-e1602613368367.png\" alt=\"El sirviente entre los laminak\" width=\"25\" height=\"26\" title=\"\"><\/p>\n<div id=\"ez-toc-container\" class=\"ez-toc-v2_0_82_2 counter-hierarchy ez-toc-counter ez-toc-grey ez-toc-container-direction\">\n<div class=\"ez-toc-title-container\">\n<p class=\"ez-toc-title\" style=\"cursor:inherit\">Contenido<\/p>\n<span class=\"ez-toc-title-toggle\"><a href=\"#\" class=\"ez-toc-pull-right ez-toc-btn ez-toc-btn-xs ez-toc-btn-default ez-toc-toggle\" aria-label=\"Alternar tabla de contenidos\"><span class=\"ez-toc-js-icon-con\"><span class=\"\"><span class=\"eztoc-hide\" style=\"display:none;\">Palanca<\/span><span class=\"ez-toc-icon-toggle-span\"><svg style=\"fill: #999;color:#999\" xmlns=\"http:\/\/www.w3.org\/2000\/svg\" class=\"list-377408\" width=\"20px\" height=\"20px\" viewbox=\"0 0 24 24\" fill=\"none\"><path d=\"M6 6H4v2h2V6zm14 0H8v2h12V6zM4 11h2v2H4v-2zm16 0H8v2h12v-2zM4 16h2v2H4v-2zm16 0H8v2h12v-2z\" fill=\"currentColor\"><\/path><\/svg><svg style=\"fill: #999;color:#999\" class=\"arrow-unsorted-368013\" xmlns=\"http:\/\/www.w3.org\/2000\/svg\" width=\"10px\" height=\"10px\" viewbox=\"0 0 24 24\" version=\"1.2\" baseprofile=\"tiny\"><path d=\"M18.2 9.3l-6.2-6.3-6.2 6.3c-.2.2-.3.4-.3.7s.1.5.3.7c.2.2.4.3.7.3h11c.3 0 .5-.1.7-.3.2-.2.3-.5.3-.7s-.1-.5-.3-.7zM5.8 14.7l6.2 6.3 6.2-6.3c.2-.2.3-.5.3-.7s-.1-.5-.3-.7c-.2-.2-.4-.3-.7-.3h-11c-.3 0-.5.1-.7.3-.2.2-.3.5-.3.7s.1.5.3.7z\"\/><\/svg><\/span><\/span><\/span><\/a><\/span><\/div>\n<nav><ul class='ez-toc-list ez-toc-list-level-1' ><li class='ez-toc-page-1 ez-toc-heading-level-2'><a class=\"ez-toc-link ez-toc-heading-1\" href=\"https:\/\/mythslegendes.com\/es\/mitologia-vasca\/el-sirviente-de-laminak\/#La-servante-chez-les-laminak\" >El sirviente entre los laminak<\/a><\/li><\/ul><\/nav><\/div>\n<h2><span class=\"ez-toc-section\" id=\"La-servante-chez-les-laminak\"><\/span>El sirviente entre los laminak<span class=\"ez-toc-section-end\"><\/span><\/h2>\n\n<p>Y ella respondi\u00f3: \u201c\u00bfConoces un lugar para un sirviente?<br \/>\u2013 S\u00ed, si quieres venir a mi casa te llevo. \u00bb<br \/>Ella dice: \u201cS\u00ed. \u00bb<\/p>\n\n<p>Ella le dio su trabajo de la ma\u00f1ana para hacer y le dijo:<br \/>\u201cSomos Lamina. Tengo que salir, pero tu trabajo es en la cocina, romper la jarra, romper todos los platos, golpear a los ni\u00f1os, dejar que desayunen (solos), ensuciarse la cara y enredarse el pelo. \u00bb<\/p>\n\n<p>Mientras almorzaba con los ni\u00f1os, se le acerc\u00f3 un perrito y le dijo:<br \/>&quot;\u00a1Guau! \u00a1guau! \u00a1guau! Yo tambi\u00e9n, quiero algo.<br \/>\u2013 Sal de aqu\u00ed, perrito est\u00fapido, te voy a patear<br \/>de pie \u00bb<\/p>\n\n<p>Pero el perro no se iba y al final ella le dio algo de comer.<br \/>&#039;Y ahora&#039;, dijo, &#039;te voy a decir lo que la se\u00f1ora te dijo que hicieras. Ella te dijo que barras la cocina, llenes el c\u00e1ntaro y laves todos los platos y que si todo est\u00e1 bien hecho te dar\u00e1 a elegir entre una bolsa de carb\u00f3n y una bolsa llena de oro; entre una hermosa estrella en la frente y una cola de burro colgada en la frente. Tendr\u00e1s que responderle: Una bolsa de carb\u00f3n y una cola de burro. \u00bb<\/p>\n\n<p>Lleg\u00f3 la se\u00f1ora. La nueva criada hab\u00eda hecho bien todo el trabajo y estaba muy contenta consigo misma. As\u00ed que ella le dijo:<br \/>&quot;Elige lo que quieras, \u00bfuna bolsa de carb\u00f3n o una bolsa llena de oro?&quot;<br \/>-Una bolsa de carb\u00f3n es igual.<br \/>-\u00bfUna estrella en la frente o la cola de un burro?<br \/>-La cola de un burro es todo lo mismo. \u00bb<\/p>\n\n<p>Entonces ella le dio una bolsa de oro y una hermosa estrella en su frente. Entonces la criada se fue a casa. Estaba tan hermosa con esta estrella y esta bolsa de oro sobre sus hombros, toda la familia estaba asombrada. La hija mayor le dice a su madre:<br \/>&quot;Mam\u00e1, yo tambi\u00e9n voy a ser un sirviente&quot;. \u00bb<\/p>\n\n<p>Y ella dijo: &quot;No, hijo m\u00edo, no debes hacer eso&quot;.<\/p>\n\n<p>Pero como ella no la dej\u00f3 en paz (acept\u00f3), y la ni\u00f1a se fue como su hermana. Lleg\u00f3 a la ciudad de la Lamina y se encontr\u00f3 con la misma Lamina que su hermana. Le dice:<br \/>\u201c\u00bfAd\u00f3nde vas, hija m\u00eda?<br \/>\u2013 Busca trabajo como sirviente.<br \/>-Ven a nuestra casa. \u00bb<\/p>\n\n<p>Y ella la tom\u00f3 como sierva. Ella le dice como al principio:<br \/>\u201cDesenterrar\u00e1s la cocina, romper\u00e1s todos los platos, romper\u00e1s la jarra, dejar\u00e1s que los ni\u00f1os desayunen solos y se manchar\u00e1n la cara. \u00bb<\/p>\n\n<p>Sobr\u00f3 el desayuno, entr\u00f3 el perrito y dijo:<br \/>&quot;\u00a1Guau! \u00a1Guau! \u00a1guau! Yo tambi\u00e9n quisiera tener algo. \u00bb<\/p>\n\n<p>Y \u00e9l la segu\u00eda a todos lados y ella no le daba nada y al final lo echaba a patadas. La se\u00f1ora lleg\u00f3 a casa y encontr\u00f3 la cocina patas arriba, la jarra y toda la vajilla rota. Y le pregunt\u00f3 a la criada:<br \/>\u201c\u00bfQu\u00e9 est\u00e1s pidiendo de salario? \u00bfUna bolsa de oro o una bolsa de carb\u00f3n? \u00bfuna estrella en la frente o la cola de un burro? \u00bb<\/p>\n\n<p>Ella eligi\u00f3 la bolsa llena de oro y la estrella en la frente, pero le dio a \u00e9l una bolsa de carb\u00f3n y una cola de burro en la frente. Sali\u00f3 de casa llorando y le dijo a su madre que regresaba con mucho dolor. Y la segunda hija tambi\u00e9n pidi\u00f3 permiso para ir.<br \/>&quot; No ! No ! (dijo la madre) y ella se qued\u00f3 en casa.<\/p>\n\t\t\t\t\t\t\t\t<\/div>\n\t\t\t\t<\/div>\n\t\t\t\t\t<\/div>\n\t\t<\/div>\n\t\t\t\t\t<\/div>\n\t\t<\/section>\n\t\t\t\t<\/div>","protected":false},"excerpt":{"rendered":"<p>Mythologie Basque Wiki Voici l&rsquo;histoire de la servante chez les laminak. Il y avait une fois une femme qui avait &hellip; <\/p>","protected":false},"author":1,"featured_media":0,"parent":1004,"menu_order":0,"comment_status":"closed","ping_status":"closed","template":"","meta":{"footnotes":""},"class_list":["post-1268","page","type-page","status-publish","hentry"],"amp_enabled":true,"_links":{"self":[{"href":"https:\/\/mythslegendes.com\/es\/wp-json\/wp\/v2\/pages\/1268","targetHints":{"allow":["GET"]}}],"collection":[{"href":"https:\/\/mythslegendes.com\/es\/wp-json\/wp\/v2\/pages"}],"about":[{"href":"https:\/\/mythslegendes.com\/es\/wp-json\/wp\/v2\/types\/page"}],"author":[{"embeddable":true,"href":"https:\/\/mythslegendes.com\/es\/wp-json\/wp\/v2\/users\/1"}],"replies":[{"embeddable":true,"href":"https:\/\/mythslegendes.com\/es\/wp-json\/wp\/v2\/comments?post=1268"}],"version-history":[{"count":1,"href":"https:\/\/mythslegendes.com\/es\/wp-json\/wp\/v2\/pages\/1268\/revisions"}],"predecessor-version":[{"id":24699,"href":"https:\/\/mythslegendes.com\/es\/wp-json\/wp\/v2\/pages\/1268\/revisions\/24699"}],"up":[{"embeddable":true,"href":"https:\/\/mythslegendes.com\/es\/wp-json\/wp\/v2\/pages\/1004"}],"wp:attachment":[{"href":"https:\/\/mythslegendes.com\/es\/wp-json\/wp\/v2\/media?parent=1268"}],"curies":[{"name":"wp","href":"https:\/\/api.w.org\/{rel}","templated":true}]}}