{"id":1276,"date":"2020-06-23T11:51:23","date_gmt":"2020-06-23T10:51:23","guid":{"rendered":"https:\/\/mythslegendes.com\/?page_id=1276"},"modified":"2022-12-03T22:07:04","modified_gmt":"2022-12-03T22:07:04","slug":"la-soeur-et-les-sept-freres","status":"publish","type":"page","link":"https:\/\/mythslegendes.com\/es\/mitologia-vasca\/la-hermana-y-los-siete-hermanos\/","title":{"rendered":"La hermana y los siete hermanos."},"content":{"rendered":"<div data-elementor-type=\"wp-page\" data-elementor-id=\"1276\" class=\"elementor elementor-1276\">\n\t\t\t\t\t\t<section class=\"elementor-section elementor-top-section elementor-element elementor-element-d90f5de elementor-section-boxed elementor-section-height-default elementor-section-height-default\" data-id=\"d90f5de\" data-element_type=\"section\" data-e-type=\"section\">\n\t\t\t\t\t\t<div class=\"elementor-container elementor-column-gap-default\">\n\t\t\t\t\t<div class=\"elementor-column elementor-col-50 elementor-top-column elementor-element elementor-element-e02129b\" data-id=\"e02129b\" data-element_type=\"column\" data-e-type=\"column\">\n\t\t\t<div class=\"elementor-widget-wrap elementor-element-populated\">\n\t\t\t\t\t\t<div class=\"elementor-element elementor-element-af8ed6c elementor-align-justify elementor-widget elementor-widget-button\" data-id=\"af8ed6c\" data-element_type=\"widget\" data-e-type=\"widget\" data-widget_type=\"button.default\">\n\t\t\t\t<div class=\"elementor-widget-container\">\n\t\t\t\t\t\t\t\t\t<div class=\"elementor-button-wrapper\">\n\t\t\t\t\t<a class=\"elementor-button elementor-button-link elementor-size-sm\" href=\"https:\/\/mythslegendes.com\/es\/mitologia-vasca\/\">\n\t\t\t\t\t\t<span class=\"elementor-button-content-wrapper\">\n\t\t\t\t\t\t\t\t\t<span class=\"elementor-button-text\">Mitolog\u00eda vasca<\/span>\n\t\t\t\t\t<\/span>\n\t\t\t\t\t<\/a>\n\t\t\t\t<\/div>\n\t\t\t\t\t\t\t\t<\/div>\n\t\t\t\t<\/div>\n\t\t\t\t\t<\/div>\n\t\t<\/div>\n\t\t\t\t<div class=\"elementor-column elementor-col-50 elementor-top-column elementor-element elementor-element-e66c8d9\" data-id=\"e66c8d9\" data-element_type=\"column\" data-e-type=\"column\">\n\t\t\t<div class=\"elementor-widget-wrap elementor-element-populated\">\n\t\t\t\t\t\t<div class=\"elementor-element elementor-element-f8f4cbc elementor-align-justify elementor-widget elementor-widget-button\" data-id=\"f8f4cbc\" data-element_type=\"widget\" data-e-type=\"widget\" data-widget_type=\"button.default\">\n\t\t\t\t<div class=\"elementor-widget-container\">\n\t\t\t\t\t\t\t\t\t<div class=\"elementor-button-wrapper\">\n\t\t\t\t\t<a class=\"elementor-button elementor-button-link elementor-size-sm\" href=\"https:\/\/fr.wikipedia.org\/wiki\/Mythologie_basque\" target=\"_blank\" rel=\"noopener\">\n\t\t\t\t\t\t<span class=\"elementor-button-content-wrapper\">\n\t\t\t\t\t\t\t\t\t<span class=\"elementor-button-text\">Wiki<\/span>\n\t\t\t\t\t<\/span>\n\t\t\t\t\t<\/a>\n\t\t\t\t<\/div>\n\t\t\t\t\t\t\t\t<\/div>\n\t\t\t\t<\/div>\n\t\t\t\t\t<\/div>\n\t\t<\/div>\n\t\t\t\t\t<\/div>\n\t\t<\/section>\n\t\t\t\t<section class=\"elementor-section elementor-top-section elementor-element elementor-element-3dd51934 elementor-section-boxed elementor-section-height-default elementor-section-height-default\" data-id=\"3dd51934\" data-element_type=\"section\" data-e-type=\"section\">\n\t\t\t\t\t\t<div class=\"elementor-container elementor-column-gap-default\">\n\t\t\t\t\t<div class=\"elementor-column elementor-col-100 elementor-top-column elementor-element elementor-element-5c0a6b9a\" data-id=\"5c0a6b9a\" data-element_type=\"column\" data-e-type=\"column\">\n\t\t\t<div class=\"elementor-widget-wrap elementor-element-populated\">\n\t\t\t\t\t\t<div class=\"elementor-element elementor-element-51894412 elementor-widget elementor-widget-text-editor\" data-id=\"51894412\" data-element_type=\"widget\" data-e-type=\"widget\" data-widget_type=\"text-editor.default\">\n\t\t\t\t<div class=\"elementor-widget-container\">\n\t\t\t\t\t\t\t\t\t<p><\/p>\n<p>Hab\u00eda un hombre y una mujer muy pobres cargados de ni\u00f1os. Ten\u00edan la hermana y los siete hermanos. Cuando fueron un poco mayores, le dijeron a su madre que ser\u00eda mejor que siguieran su propio camino, que estar\u00edan mejor as\u00ed. La madre los dej\u00f3 ir con gran pena.<\/p>\n<p><img decoding=\"async\" class=\"alignnone wp-image-5284 size-full\" src=\"https:\/\/mythslegendes.com\/wp-content\/uploads\/2020\/09\/AlphaOmega-e1602613368367.png\" alt=\"la hermana y los siete hermanos\" width=\"25\" height=\"26\" title=\"\"><\/p>\n<div id=\"ez-toc-container\" class=\"ez-toc-v2_0_82_2 counter-hierarchy ez-toc-counter ez-toc-grey ez-toc-container-direction\">\n<div class=\"ez-toc-title-container\">\n<p class=\"ez-toc-title\" style=\"cursor:inherit\">Contenido<\/p>\n<span class=\"ez-toc-title-toggle\"><a href=\"#\" class=\"ez-toc-pull-right ez-toc-btn ez-toc-btn-xs ez-toc-btn-default ez-toc-toggle\" aria-label=\"Alternar tabla de contenidos\"><span class=\"ez-toc-js-icon-con\"><span class=\"\"><span class=\"eztoc-hide\" style=\"display:none;\">Palanca<\/span><span class=\"ez-toc-icon-toggle-span\"><svg style=\"fill: #999;color:#999\" xmlns=\"http:\/\/www.w3.org\/2000\/svg\" class=\"list-377408\" width=\"20px\" height=\"20px\" viewbox=\"0 0 24 24\" fill=\"none\"><path d=\"M6 6H4v2h2V6zm14 0H8v2h12V6zM4 11h2v2H4v-2zm16 0H8v2h12v-2zM4 16h2v2H4v-2zm16 0H8v2h12v-2z\" fill=\"currentColor\"><\/path><\/svg><svg style=\"fill: #999;color:#999\" class=\"arrow-unsorted-368013\" xmlns=\"http:\/\/www.w3.org\/2000\/svg\" width=\"10px\" height=\"10px\" viewbox=\"0 0 24 24\" version=\"1.2\" baseprofile=\"tiny\"><path d=\"M18.2 9.3l-6.2-6.3-6.2 6.3c-.2.2-.3.4-.3.7s.1.5.3.7c.2.2.4.3.7.3h11c.3 0 .5-.1.7-.3.2-.2.3-.5.3-.7s-.1-.5-.3-.7zM5.8 14.7l6.2 6.3 6.2-6.3c.2-.2.3-.5.3-.7s-.1-.5-.3-.7c-.2-.2-.4-.3-.7-.3h-11c-.3 0-.5.1-.7.3-.2.2-.3.5-.3.7s.1.5.3.7z\"\/><\/svg><\/span><\/span><\/span><\/a><\/span><\/div>\n<nav><ul class='ez-toc-list ez-toc-list-level-1' ><li class='ez-toc-page-1 ez-toc-heading-level-2'><a class=\"ez-toc-link ez-toc-heading-1\" href=\"https:\/\/mythslegendes.com\/es\/mitologia-vasca\/la-hermana-y-los-siete-hermanos\/#La-soeur-et-les-sept-freres\" >La hermana y los siete hermanos.<\/a><\/li><\/ul><\/nav><\/div>\n<h2><span class=\"ez-toc-section\" id=\"La-soeur-et-les-sept-freres\"><\/span>La hermana y los siete hermanos.<span class=\"ez-toc-section-end\"><\/span><\/h2>\n<p>Despu\u00e9s de su partida ella dio a luz a una ni\u00f1a y cuando esta ni\u00f1a era un poco mayor se fue un d\u00eda a divertirse en el barrio y despu\u00e9s de haberle hecho alguna broma infantil la vecina le dijo:<br \/>T\u00fa tambi\u00e9n ser\u00e1s una buena chica, como lo fueron tus hermanos.<\/p>\n<p><\/p>\n<p>El ni\u00f1o lleg\u00f3 a casa y le dijo a su madre: &quot;Mam\u00e1, \u00bftengo hermanos?&quot;<br \/>La madre dice que s\u00ed.<br \/>&quot; D\u00f3nde est\u00e1n ellos ?<br \/>-Oh ! ido a alguna parte \u00bb<\/p>\n<p><\/p>\n<p>La ni\u00f1a le dijo: \u201cYo tambi\u00e9n debo irme, entonces. Dame un trozo de lona lo suficientemente grande como para hacer siete camisas. \u00bb<\/p>\n<p><\/p>\n<p>Y ella se fue enseguida. La madre estaba muy molesta, ten\u00eda ya siete hijos afuera y el \u00fanico que le quedaba quer\u00eda irse. As\u00ed que la dej\u00f3 ir.<\/p>\n<p><\/p>\n<p>La joven lleg\u00f3 lejos, lejos, muy lejos. Pregunt\u00f3 en un pueblo si sab\u00edan de siete hermanos que trabajaran juntos. Le dicen que no. Ella fue a una monta\u00f1a y pregunt\u00f3 all\u00ed tambi\u00e9n y le dijeron en qu\u00e9 casa viv\u00edan. Entr\u00f3 en esta casa y vio que hab\u00eda que hacer todas las tareas de la casa y que no hab\u00eda nadie en casa. Hizo las camas, limpi\u00f3 toda la casa y la puso en orden. Prepar\u00f3 la cena y luego se escondi\u00f3 en el pozo de cenizas. Los hermanos llegaron a casa y se sorprendieron al ver todas las tareas dom\u00e9sticas hechas y la cena lista.<\/p>\n<p>Se pusieron a mirar si hab\u00eda alguien en la casa, pero no se les ocurri\u00f3 mirar en el cenicero y volvieron a su trabajo. Antes de que oscureciera, la joven hizo todo el resto del trabajo y prepar\u00f3 la cena justo antes de que sus hermanos regresaran y se escondieran nuevamente en el pozo de cenizas. Sus hermanos se sorprendieron mucho y volvieron a registrar la casa, pero no encontraron nada.<\/p>\n<p><\/p>\n<p>Se fueron a la cama, y la ni\u00f1a comenz\u00f3 a coser y cosi\u00f3 una camisa entera. Se lo dio a su hermano mayor y todas las noches hac\u00eda una camisa como esta y se la pon\u00eda a uno de sus hermanos. No pod\u00edan entender c\u00f3mo sucedi\u00f3 todo. Siempre dec\u00edan que no dormir\u00edan, pero se dorm\u00edan en cuanto se met\u00edan en la cama. Cuando le toc\u00f3 al menor recibir la camiseta, les dijo a sus hermanos: \u201cOs aseguro que no me voy a dormir\u201d. Despu\u00e9s de que se hubo acostado, la muchacha se acerc\u00f3 y le dijo, creyendo que estaba dormido:<br \/>\u201cFinalmente ha llegado tu turno, mi amado hermano. \u00bb<\/p>\n<p><\/p>\n<p>Y estaba por poner la camisa sobre la cama, cuando su hermano le dijo:<br \/>\u201cAs\u00ed que eres mi hermana, \u00bfverdad? Y \u00e9l la bes\u00f3.<\/p>\n<p><\/p>\n<p>Luego le dijo que se hab\u00eda enterado de que ten\u00eda hermanos y que deseaba unirse a ellos para ayudarlos. Los otros hermanos se levantaron y se regocijaron al saber que era su hermana quien hab\u00eda hecho toda la limpieza.<\/p>\n<p><\/p>\n<p>Los hermanos le prohibieron ir a tal o cual vecino, sin importar qu\u00e9. Pero un d\u00eda, sin pensarlo, como se hab\u00eda demorado en el trabajo, corri\u00f3 a la casa a encender un poco de fuego, para preparar la cena m\u00e1s r\u00e1pido. La recibimos muy bien, esta mujer se ofreci\u00f3 a darle todo lo que necesitaba, pero dijo que solo quer\u00eda un poco de fuego.<\/p>\n<p>Esta mujer era una bruja y le dio un paquete de hierbas, dici\u00e9ndole que lo pusiera como estaba en el agua del pediluvio, era muy relajante. Todas las noches los siete hermanos se lavaban los pies al mismo tiempo en un gran caldero.<\/p>\n<p><\/p>\n<p>Por lo tanto, puso estas hierbas en el caldero y tan pronto como hubieron hundido los pies en \u00e9l, se transformaron en seis vacas y la s\u00e9ptima en una vaca bretona. La pobre chica estaba en un dolor indescriptible. Los pobres siempre besaban a su hermana, pero la joven prefer\u00eda al bret\u00f3n. Todos los d\u00edas los llevaba al campo y se quedaba con ellos para cuidarlos.<\/p>\n<p><\/p>\n<p>Un d\u00eda, cuando ella estaba en el campo, pas\u00f3 el hijo de un rey y se sorprendi\u00f3 mucho al ver all\u00ed a una ni\u00f1a tan hermosa. \u00c9l le habl\u00f3 y le dijo que quer\u00eda casarse con ella. La joven le dijo que era muy pobre y que eso era imposible. El rey dijo: &quot;S\u00ed, s\u00ed, s\u00ed, todo es lo mismo&quot;. \u00bb<br \/>La joven le puso como condici\u00f3n que, si se casaba con \u00e9l, nunca matar\u00eda a esas vacas y menos a la muchachita bretona. El rey se lo prometi\u00f3 y se casaron.<\/p>\n<p><\/p>\n<p>La princesa lleg\u00f3 a casa con las vacas, siempre fueron bien tratadas. La princesa se encontr\u00f3 embarazada y dio a luz mientras el rey no estaba. Lleg\u00f3 la bruja, la sac\u00f3 de su cama y la arroj\u00f3 por un precipicio que estaba en tierras del rey y la bruja se meti\u00f3 en la cama de la princesa. Cuando el rey volvi\u00f3 a casa, la encontr\u00f3 muy cambiada y le dijo que no la habr\u00eda reconocido. La princesa le dijo que era el sufrimiento lo que la hab\u00eda puesto as\u00ed, y que, para curarla m\u00e1s r\u00e1pido, ten\u00eda que hacer matar a la vaca bretona.<\/p>\n<p><\/p>\n<p>El rey le dijo:<br \/>&quot;\u00a1Qu\u00e9! \u00bfNo me hiciste prometer que nunca la matar\u00eda? \u00bfC\u00f3mo puedes preguntarme eso? \u00bb<\/p>\n<p><\/p>\n<p>La bruja la consideraba su peor enemiga, y como no le dejaba en paz, envi\u00f3 a un sirviente a buscar las vacas. Los encontr\u00f3 a los siete cerca del precipicio, bramando, y trat\u00f3 de llevarlos a casa, pero no pudo y escuch\u00f3 una voz que dec\u00eda:<br \/>\u201cNo es por m\u00ed por lo que me aflijo, sino por mi hijo y por mi esposo y por mis amadas vacas. \u00bfQui\u00e9n se har\u00e1 cargo de ellos? \u00bb<\/p>\n<p><\/p>\n<p>El joven fracas\u00f3 (en traerlos de vuelta) y fue a contarle al rey lo que estaba pasando. El rey mismo se acerc\u00f3 al precipicio y escuch\u00f3 esta voz. R\u00e1pidamente arroj\u00f3 una cuerda larga, y cuando sinti\u00f3 que ella ten\u00eda tiempo de agarrarla, tir\u00f3 de ella y vio que all\u00ed ten\u00edan a la princesa. \u00a1Juzgad la alegr\u00eda del rey! Le cont\u00f3 a su marido todo lo que la bruja le hab\u00eda hecho, entonces y ahora.<\/p>\n<p>El rey fue a la cama de la bruja y le dijo:<br \/>&quot;Ahora conozco tu maldad, y si no conviertes inmediatamente a esas vacas en los chicos guapos que sol\u00edan ser, te pondr\u00e9 en un horno al rojo vivo&quot;. \u00bb<\/p>\n<p><\/p>\n<p>La bruja los hizo parecer hombres y, a pesar de ello, el rey la quem\u00f3 en un horno al rojo vivo y arroj\u00f3 sus cenizas al aire. El rey vivi\u00f3 feliz con su esposa y los siete hermanos se casaron con damas de la corte y trajeron a su madre y todos vivieron muy felices juntos.<\/p>\n<p><\/p>\t\t\t\t\t\t\t\t<\/div>\n\t\t\t\t<\/div>\n\t\t\t\t\t<\/div>\n\t\t<\/div>\n\t\t\t\t\t<\/div>\n\t\t<\/section>\n\t\t\t\t<\/div>","protected":false},"excerpt":{"rendered":"<p>Mythologie Basque Wiki Il y avait un homme et une femme tr\u00e8s pauvres et charg\u00e9s d&rsquo;enfants. Ils avaient la soeur &hellip; <\/p>","protected":false},"author":1,"featured_media":0,"parent":1004,"menu_order":0,"comment_status":"closed","ping_status":"closed","template":"","meta":{"footnotes":""},"class_list":["post-1276","page","type-page","status-publish","hentry"],"amp_enabled":true,"_links":{"self":[{"href":"https:\/\/mythslegendes.com\/es\/wp-json\/wp\/v2\/pages\/1276","targetHints":{"allow":["GET"]}}],"collection":[{"href":"https:\/\/mythslegendes.com\/es\/wp-json\/wp\/v2\/pages"}],"about":[{"href":"https:\/\/mythslegendes.com\/es\/wp-json\/wp\/v2\/types\/page"}],"author":[{"embeddable":true,"href":"https:\/\/mythslegendes.com\/es\/wp-json\/wp\/v2\/users\/1"}],"replies":[{"embeddable":true,"href":"https:\/\/mythslegendes.com\/es\/wp-json\/wp\/v2\/comments?post=1276"}],"version-history":[{"count":1,"href":"https:\/\/mythslegendes.com\/es\/wp-json\/wp\/v2\/pages\/1276\/revisions"}],"predecessor-version":[{"id":24701,"href":"https:\/\/mythslegendes.com\/es\/wp-json\/wp\/v2\/pages\/1276\/revisions\/24701"}],"up":[{"embeddable":true,"href":"https:\/\/mythslegendes.com\/es\/wp-json\/wp\/v2\/pages\/1004"}],"wp:attachment":[{"href":"https:\/\/mythslegendes.com\/es\/wp-json\/wp\/v2\/media?parent=1276"}],"curies":[{"name":"wp","href":"https:\/\/api.w.org\/{rel}","templated":true}]}}