{"id":1285,"date":"2020-06-23T12:01:08","date_gmt":"2020-06-23T11:01:08","guid":{"rendered":"https:\/\/mythslegendes.com\/?page_id=1285"},"modified":"2022-12-03T22:07:04","modified_gmt":"2022-12-03T22:07:04","slug":"contes-basques-24","status":"publish","type":"page","link":"https:\/\/mythslegendes.com\/es\/mitologia-vasca\/vasco-cuentos-24\/","title":{"rendered":"Cuentos vascos 24"},"content":{"rendered":"<div data-elementor-type=\"wp-page\" data-elementor-id=\"1285\" class=\"elementor elementor-1285\">\n\t\t\t\t\t\t<section class=\"elementor-section elementor-top-section elementor-element elementor-element-28a45e1 elementor-section-boxed elementor-section-height-default elementor-section-height-default\" data-id=\"28a45e1\" data-element_type=\"section\" data-e-type=\"section\">\n\t\t\t\t\t\t<div class=\"elementor-container elementor-column-gap-default\">\n\t\t\t\t\t<div class=\"elementor-column elementor-col-50 elementor-top-column elementor-element elementor-element-ff6a9b3\" data-id=\"ff6a9b3\" data-element_type=\"column\" data-e-type=\"column\">\n\t\t\t<div class=\"elementor-widget-wrap elementor-element-populated\">\n\t\t\t\t\t\t<div class=\"elementor-element elementor-element-20955a2 elementor-align-justify elementor-widget elementor-widget-button\" data-id=\"20955a2\" data-element_type=\"widget\" data-e-type=\"widget\" data-widget_type=\"button.default\">\n\t\t\t\t<div class=\"elementor-widget-container\">\n\t\t\t\t\t\t\t\t\t<div class=\"elementor-button-wrapper\">\n\t\t\t\t\t<a class=\"elementor-button elementor-button-link elementor-size-sm\" href=\"https:\/\/mythslegendes.com\/es\/mitologia-vasca\/\">\n\t\t\t\t\t\t<span class=\"elementor-button-content-wrapper\">\n\t\t\t\t\t\t\t\t\t<span class=\"elementor-button-text\">Mitolog\u00eda vasca<\/span>\n\t\t\t\t\t<\/span>\n\t\t\t\t\t<\/a>\n\t\t\t\t<\/div>\n\t\t\t\t\t\t\t\t<\/div>\n\t\t\t\t<\/div>\n\t\t\t\t\t<\/div>\n\t\t<\/div>\n\t\t\t\t<div class=\"elementor-column elementor-col-50 elementor-top-column elementor-element elementor-element-11862e6\" data-id=\"11862e6\" data-element_type=\"column\" data-e-type=\"column\">\n\t\t\t<div class=\"elementor-widget-wrap elementor-element-populated\">\n\t\t\t\t\t\t<div class=\"elementor-element elementor-element-c6509e2 elementor-align-justify elementor-widget elementor-widget-button\" data-id=\"c6509e2\" data-element_type=\"widget\" data-e-type=\"widget\" data-widget_type=\"button.default\">\n\t\t\t\t<div class=\"elementor-widget-container\">\n\t\t\t\t\t\t\t\t\t<div class=\"elementor-button-wrapper\">\n\t\t\t\t\t<a class=\"elementor-button elementor-button-link elementor-size-sm\" href=\"https:\/\/fr.wikipedia.org\/wiki\/Mythologie_basque\" target=\"_blank\" rel=\"noopener\">\n\t\t\t\t\t\t<span class=\"elementor-button-content-wrapper\">\n\t\t\t\t\t\t\t\t\t<span class=\"elementor-button-text\">Wiki<\/span>\n\t\t\t\t\t<\/span>\n\t\t\t\t\t<\/a>\n\t\t\t\t<\/div>\n\t\t\t\t\t\t\t\t<\/div>\n\t\t\t\t<\/div>\n\t\t\t\t\t<\/div>\n\t\t<\/div>\n\t\t\t\t\t<\/div>\n\t\t<\/section>\n\t\t\t\t<section class=\"elementor-section elementor-top-section elementor-element elementor-element-70c74a98 elementor-section-boxed elementor-section-height-default elementor-section-height-default\" data-id=\"70c74a98\" data-element_type=\"section\" data-e-type=\"section\">\n\t\t\t\t\t\t<div class=\"elementor-container elementor-column-gap-default\">\n\t\t\t\t\t<div class=\"elementor-column elementor-col-100 elementor-top-column elementor-element elementor-element-170a5a7e\" data-id=\"170a5a7e\" data-element_type=\"column\" data-e-type=\"column\">\n\t\t\t<div class=\"elementor-widget-wrap elementor-element-populated\">\n\t\t\t\t\t\t<div class=\"elementor-element elementor-element-70dc4fca elementor-widget elementor-widget-text-editor\" data-id=\"70dc4fca\" data-element_type=\"widget\" data-e-type=\"widget\" data-widget_type=\"text-editor.default\">\n\t\t\t\t<div class=\"elementor-widget-container\">\n\t\t\t\t\t\t\t\t\t<p><\/p>\n<div id=\"ez-toc-container\" class=\"ez-toc-v2_0_82_2 counter-hierarchy ez-toc-counter ez-toc-grey ez-toc-container-direction\">\n<div class=\"ez-toc-title-container\">\n<p class=\"ez-toc-title\" style=\"cursor:inherit\">Contenido<\/p>\n<span class=\"ez-toc-title-toggle\"><a href=\"#\" class=\"ez-toc-pull-right ez-toc-btn ez-toc-btn-xs ez-toc-btn-default ez-toc-toggle\" aria-label=\"Alternar tabla de contenidos\"><span class=\"ez-toc-js-icon-con\"><span class=\"\"><span class=\"eztoc-hide\" style=\"display:none;\">Palanca<\/span><span class=\"ez-toc-icon-toggle-span\"><svg style=\"fill: #999;color:#999\" xmlns=\"http:\/\/www.w3.org\/2000\/svg\" class=\"list-377408\" width=\"20px\" height=\"20px\" viewbox=\"0 0 24 24\" fill=\"none\"><path d=\"M6 6H4v2h2V6zm14 0H8v2h12V6zM4 11h2v2H4v-2zm16 0H8v2h12v-2zM4 16h2v2H4v-2zm16 0H8v2h12v-2z\" fill=\"currentColor\"><\/path><\/svg><svg style=\"fill: #999;color:#999\" class=\"arrow-unsorted-368013\" xmlns=\"http:\/\/www.w3.org\/2000\/svg\" width=\"10px\" height=\"10px\" viewbox=\"0 0 24 24\" version=\"1.2\" baseprofile=\"tiny\"><path d=\"M18.2 9.3l-6.2-6.3-6.2 6.3c-.2.2-.3.4-.3.7s.1.5.3.7c.2.2.4.3.7.3h11c.3 0 .5-.1.7-.3.2-.2.3-.5.3-.7s-.1-.5-.3-.7zM5.8 14.7l6.2 6.3 6.2-6.3c.2-.2.3-.5.3-.7s-.1-.5-.3-.7c-.2-.2-.4-.3-.7-.3h-11c-.3 0-.5.1-.7.3-.2.2-.3.5-.3.7s.1.5.3.7z\"\/><\/svg><\/span><\/span><\/span><\/a><\/span><\/div>\n<nav><ul class='ez-toc-list ez-toc-list-level-1' ><li class='ez-toc-page-1 ez-toc-heading-level-2'><a class=\"ez-toc-link ez-toc-heading-1\" href=\"https:\/\/mythslegendes.com\/es\/mitologia-vasca\/vasco-cuentos-24\/#Contes-basques\" >Cuentos vascos<\/a><\/li><li class='ez-toc-page-1 ez-toc-heading-level-2'><a class=\"ez-toc-link ez-toc-heading-2\" href=\"https:\/\/mythslegendes.com\/es\/mitologia-vasca\/vasco-cuentos-24\/#La-lamina-dAndrettho\" >La lami\u00f1a d&#039;Andrettho<\/a><\/li><li class='ez-toc-page-1 ez-toc-heading-level-2'><a class=\"ez-toc-link ez-toc-heading-3\" href=\"https:\/\/mythslegendes.com\/es\/mitologia-vasca\/vasco-cuentos-24\/#Le-cheval-de-St-Pierre\" >Caballo de San Pedro<\/a><\/li><li class='ez-toc-page-1 ez-toc-heading-level-2'><a class=\"ez-toc-link ez-toc-heading-4\" href=\"https:\/\/mythslegendes.com\/es\/mitologia-vasca\/vasco-cuentos-24\/#Les-cinq-sous-des-bohemiens\" >Los cinco centavos de los gitanos<\/a><\/li><\/ul><\/nav><\/div>\n<h2 class=\"wp-block-heading\"><span class=\"ez-toc-section\" id=\"Contes-basques\"><\/span>Cuentos vascos<span class=\"ez-toc-section-end\"><\/span><\/h2>\n<p>Aqu\u00ed hay varios cuentos. <a href=\"https:\/\/mythslegendes.com\/es\/mitologia-vasca\/\">vasco<\/a> : La l\u00e1mina de Andrettho, el caballo de San Pedro, los cinco sueldos de los gitanos<\/p>\n<p><img decoding=\"async\" class=\"alignnone wp-image-5284 size-full\" src=\"https:\/\/mythslegendes.com\/wp-content\/uploads\/2020\/09\/AlphaOmega-e1602613368367.png\" alt=\"Cuentos vascos\" width=\"25\" height=\"26\" title=\"\"><\/p>\n<h2><span class=\"ez-toc-section\" id=\"La-lamina-dAndrettho\"><\/span>La lami\u00f1a d&#039;Andrettho<span class=\"ez-toc-section-end\"><\/span><\/h2>\n<p><\/p>\n<p><\/p>\n<p>De vez en cuando, la gente de Esquiule ve\u00eda dos lami\u00f1ak saliendo de la fuente de Andrettho, sentados en la orilla y tomando el sol. Los buscamos y tomamos uno. Mientras los campesinos lo llevaban a casa, el otro le gritaba:<\/p>\n<p><\/p>\n<p><\/p>\n<p>- &quot;Ques bouille quat digaen, s\u00ed o no&quot;. (te digamos lo que te digamos, nunca reveles la virtud del aliso &quot;).<\/p>\n<p>La gente de Esquiule no dej\u00f3 de presionar a la lami\u00f1a con preguntas; ella no respondi\u00f3 y nunca revel\u00f3 la virtud del aliso. Sin embargo, como quer\u00edamos saber su edad, y cuando se le pregunt\u00f3 cu\u00e1les eran sus recuerdos m\u00e1s antiguos, finalmente respondi\u00f3:<br \/>- &quot;Vi la monta\u00f1a donde se eleva Oloron cubierta de matorrales, y un pantano lleno de juncos en el lugar donde est\u00e1 construida Sainte Marie&quot;.<\/p>\n<p><\/p>\n<p><\/p>\n<p>No se sabe nada m\u00e1s sobre \u00e9l, y nadie, excepto los jud\u00edos, se dice, conoce la virtud del aliso.<\/p>\n<p><\/p>\n<p><\/p>\n<hr class=\"wp-block-separator\" \/>\n<p><\/p>\n<p><\/p>\n<h2 class=\"wp-block-heading\"><span class=\"ez-toc-section\" id=\"Le-cheval-de-St-Pierre\"><\/span>Caballo de San Pedro<span class=\"ez-toc-section-end\"><\/span><\/h2>\n<p><\/p>\n<p><\/p>\n<p>Un d\u00eda, el Se\u00f1or Jes\u00fas le dijo a San Pedro:<br \/>- &quot;Te dar\u00e9 un caballo, si, de un extremo al otro, me recitas nuestro padre, sin dispersar tus pensamientos&quot;.<br \/>- \u00a1Bah! es muy f\u00e1cil que me mandes all\u00ed ... &quot;<\/p>\n<p>Y apresuradamente, San Pedro comienza:<br \/>- &quot;Padre nuestro que est\u00e1s en los cielos, santificado sea tu nombre ... Pero, Se\u00f1or, \u00bfestar\u00e1 el caballo con o sin silla de montar? &quot;<br \/>Y Jes\u00fas:<br \/>- &quot;Ahora no tendr\u00e1s ni silla ni caballo. &quot;<\/p>\n<p><\/p>\n<p><\/p>\n<hr class=\"wp-block-separator\" \/>\n<p><\/p>\n<p><\/p>\n<h2 class=\"wp-block-heading\"><span class=\"ez-toc-section\" id=\"Les-cinq-sous-des-bohemiens\"><\/span>Los cinco centavos de los gitanos<span class=\"ez-toc-section-end\"><\/span><\/h2>\n<p><\/p>\n<p><\/p>\n<p>Cuando el Rey de los Jud\u00edos oy\u00f3 que Jes\u00fas hab\u00eda nacido, orden\u00f3 a sus soldados que mataran a todos los ni\u00f1os de su reino menores de dos a\u00f1os. La madre virgen y Jos\u00e9 pronto se enteraron de esta orden y se prepararon para salir del pa\u00eds. Pero ten\u00edan que atravesar un pueblo y no sab\u00edan c\u00f3mo esconder al ni\u00f1o de los soldados. Un gitano segu\u00eda la misma ruta.<\/p>\n<p>Ella vio su verg\u00fcenza y les dijo:<br \/>- &quot;Pon al chiquito en mi bisac, yo lo har\u00e9 ir bien, a m\u00ed, a las barbas de los soldados&quot;.<\/p>\n<p>La santa virgen agradeci\u00f3 bien a la gitana y dispuso, lo mejor que pudo, al ni\u00f1o en el bissac. Los soldados que custodiaban la puerta tampoco la dejaron pasar sin decirle nada a Joseph, pero arrestaron al gitano.<br \/>- &quot;\u00a1Qu\u00e9 escondes en tu bolso, viejo brib\u00f3n!&quot; &quot;<br \/>- &quot;Un ni\u00f1o, amigos m\u00edos, el m\u00e1s bello del mundo&quot;.<br \/>- &quot;Si estuvieras embarazada de un ni\u00f1o, no lo dir\u00edas&quot;.<\/p>\n<p>Los soldados estaban alineados a ambos lados de la puerta, y el ni\u00f1o Jes\u00fas pas\u00f3 por entre ellos, en el bissac del gitano. Para recompensar a los gitanos por haber escondido al ni\u00f1o Jes\u00fas de los soldados del rey, el buen Dios les permiti\u00f3 robar cinco centavos al d\u00eda. Si toman m\u00e1s, lo que hacen con tanta frecuencia como pueden, solo son responsables del excedente, de acuerdo con el permiso de Dios.<\/p>\n<p><\/p>\t\t\t\t\t\t\t\t<\/div>\n\t\t\t\t<\/div>\n\t\t\t\t\t<\/div>\n\t\t<\/div>\n\t\t\t\t\t<\/div>\n\t\t<\/section>\n\t\t\t\t<\/div>","protected":false},"excerpt":{"rendered":"<p>Mythologie Basque Wiki Contes basques Voici divers contes basques : la lamina d&rsquo;Andrettho, le cheval de saint Pierre, les cinq &hellip; <\/p>","protected":false},"author":1,"featured_media":0,"parent":1004,"menu_order":0,"comment_status":"closed","ping_status":"closed","template":"","meta":{"footnotes":""},"class_list":["post-1285","page","type-page","status-publish","hentry"],"amp_enabled":true,"_links":{"self":[{"href":"https:\/\/mythslegendes.com\/es\/wp-json\/wp\/v2\/pages\/1285","targetHints":{"allow":["GET"]}}],"collection":[{"href":"https:\/\/mythslegendes.com\/es\/wp-json\/wp\/v2\/pages"}],"about":[{"href":"https:\/\/mythslegendes.com\/es\/wp-json\/wp\/v2\/types\/page"}],"author":[{"embeddable":true,"href":"https:\/\/mythslegendes.com\/es\/wp-json\/wp\/v2\/users\/1"}],"replies":[{"embeddable":true,"href":"https:\/\/mythslegendes.com\/es\/wp-json\/wp\/v2\/comments?post=1285"}],"version-history":[{"count":1,"href":"https:\/\/mythslegendes.com\/es\/wp-json\/wp\/v2\/pages\/1285\/revisions"}],"predecessor-version":[{"id":24703,"href":"https:\/\/mythslegendes.com\/es\/wp-json\/wp\/v2\/pages\/1285\/revisions\/24703"}],"up":[{"embeddable":true,"href":"https:\/\/mythslegendes.com\/es\/wp-json\/wp\/v2\/pages\/1004"}],"wp:attachment":[{"href":"https:\/\/mythslegendes.com\/es\/wp-json\/wp\/v2\/media?parent=1285"}],"curies":[{"name":"wp","href":"https:\/\/api.w.org\/{rel}","templated":true}]}}