{"id":1287,"date":"2020-06-23T11:55:21","date_gmt":"2020-06-23T10:55:21","guid":{"rendered":"https:\/\/mythslegendes.com\/?page_id=1287"},"modified":"2022-12-03T22:07:04","modified_gmt":"2022-12-03T22:07:04","slug":"le-tartalo-aveugle","status":"publish","type":"page","link":"https:\/\/mythslegendes.com\/es\/mitologia-vasca\/le-tartalo-aveugle\/","title":{"rendered":"El tartalo ciego"},"content":{"rendered":"<div data-elementor-type=\"wp-page\" data-elementor-id=\"1287\" class=\"elementor elementor-1287\">\n\t\t\t\t\t\t<section class=\"elementor-section elementor-top-section elementor-element elementor-element-c6726d5 elementor-section-boxed elementor-section-height-default elementor-section-height-default\" data-id=\"c6726d5\" data-element_type=\"section\" data-e-type=\"section\">\n\t\t\t\t\t\t<div class=\"elementor-container elementor-column-gap-default\">\n\t\t\t\t\t<div class=\"elementor-column elementor-col-50 elementor-top-column elementor-element elementor-element-1fb995f\" data-id=\"1fb995f\" data-element_type=\"column\" data-e-type=\"column\">\n\t\t\t<div class=\"elementor-widget-wrap elementor-element-populated\">\n\t\t\t\t\t\t<div class=\"elementor-element elementor-element-21f32bf elementor-align-justify elementor-widget elementor-widget-button\" data-id=\"21f32bf\" data-element_type=\"widget\" data-e-type=\"widget\" data-widget_type=\"button.default\">\n\t\t\t\t<div class=\"elementor-widget-container\">\n\t\t\t\t\t\t\t\t\t<div class=\"elementor-button-wrapper\">\n\t\t\t\t\t<a class=\"elementor-button elementor-button-link elementor-size-sm\" href=\"https:\/\/mythslegendes.com\/es\/mitologia-vasca\/\">\n\t\t\t\t\t\t<span class=\"elementor-button-content-wrapper\">\n\t\t\t\t\t\t\t\t\t<span class=\"elementor-button-text\">Mitolog\u00eda vasca<\/span>\n\t\t\t\t\t<\/span>\n\t\t\t\t\t<\/a>\n\t\t\t\t<\/div>\n\t\t\t\t\t\t\t\t<\/div>\n\t\t\t\t<\/div>\n\t\t\t\t\t<\/div>\n\t\t<\/div>\n\t\t\t\t<div class=\"elementor-column elementor-col-50 elementor-top-column elementor-element elementor-element-16949a5\" data-id=\"16949a5\" data-element_type=\"column\" data-e-type=\"column\">\n\t\t\t<div class=\"elementor-widget-wrap elementor-element-populated\">\n\t\t\t\t\t\t<div class=\"elementor-element elementor-element-c85c174 elementor-align-justify elementor-widget elementor-widget-button\" data-id=\"c85c174\" data-element_type=\"widget\" data-e-type=\"widget\" data-widget_type=\"button.default\">\n\t\t\t\t<div class=\"elementor-widget-container\">\n\t\t\t\t\t\t\t\t\t<div class=\"elementor-button-wrapper\">\n\t\t\t\t\t<a class=\"elementor-button elementor-button-link elementor-size-sm\" href=\"https:\/\/fr.wikipedia.org\/wiki\/Mythologie_basque\" target=\"_blank\" rel=\"noopener\">\n\t\t\t\t\t\t<span class=\"elementor-button-content-wrapper\">\n\t\t\t\t\t\t\t\t\t<span class=\"elementor-button-text\">Wiki<\/span>\n\t\t\t\t\t<\/span>\n\t\t\t\t\t<\/a>\n\t\t\t\t<\/div>\n\t\t\t\t\t\t\t\t<\/div>\n\t\t\t\t<\/div>\n\t\t\t\t\t<\/div>\n\t\t<\/div>\n\t\t\t\t\t<\/div>\n\t\t<\/section>\n\t\t\t\t<section class=\"elementor-section elementor-top-section elementor-element elementor-element-6b2a3105 elementor-section-boxed elementor-section-height-default elementor-section-height-default\" data-id=\"6b2a3105\" data-element_type=\"section\" data-e-type=\"section\">\n\t\t\t\t\t\t<div class=\"elementor-container elementor-column-gap-default\">\n\t\t\t\t\t<div class=\"elementor-column elementor-col-100 elementor-top-column elementor-element elementor-element-609db78\" data-id=\"609db78\" data-element_type=\"column\" data-e-type=\"column\">\n\t\t\t<div class=\"elementor-widget-wrap elementor-element-populated\">\n\t\t\t\t\t\t<div class=\"elementor-element elementor-element-227e170d elementor-widget elementor-widget-text-editor\" data-id=\"227e170d\" data-element_type=\"widget\" data-e-type=\"widget\" data-widget_type=\"text-editor.default\">\n\t\t\t\t<div class=\"elementor-widget-container\">\n\t\t\t\t\t\t\t\t\t<p><!-- \/wp:paragraph --><!-- wp:paragraph --><\/p>\n<p>Voici l&rsquo;histoire du tartalo aveugle. II y avait une fois un Tartalo, g\u00e9ant \u00e0 figure humaine, d&rsquo;une force extraordinaire, et n&rsquo;ayant qu&rsquo;un oeil au milieu du front. Il n&rsquo;aimait rien tant que la chair de chr\u00e9tien ; il en sentait de tr\u00e8s loin l&rsquo;odeur, et chassait toujours les chr\u00e9tiens qui s&rsquo;aventuraient dans son voisinage.<\/p>\n<p><img decoding=\"async\" class=\"alignnone wp-image-5284 size-full\" src=\"https:\/\/mythslegendes.com\/wp-content\/uploads\/2020\/09\/AlphaOmega-e1602613368367.png\" alt=\"tartalo aveugle\" width=\"25\" height=\"26\" title=\"\"><\/p>\n<div id=\"ez-toc-container\" class=\"ez-toc-v2_0_82_2 counter-hierarchy ez-toc-counter ez-toc-grey ez-toc-container-direction\">\n<div class=\"ez-toc-title-container\">\n<p class=\"ez-toc-title\" style=\"cursor:inherit\">Contenido<\/p>\n<span class=\"ez-toc-title-toggle\"><a href=\"#\" class=\"ez-toc-pull-right ez-toc-btn ez-toc-btn-xs ez-toc-btn-default ez-toc-toggle\" aria-label=\"Alternar tabla de contenidos\"><span class=\"ez-toc-js-icon-con\"><span class=\"\"><span class=\"eztoc-hide\" style=\"display:none;\">Palanca<\/span><span class=\"ez-toc-icon-toggle-span\"><svg style=\"fill: #999;color:#999\" xmlns=\"http:\/\/www.w3.org\/2000\/svg\" class=\"list-377408\" width=\"20px\" height=\"20px\" viewbox=\"0 0 24 24\" fill=\"none\"><path d=\"M6 6H4v2h2V6zm14 0H8v2h12V6zM4 11h2v2H4v-2zm16 0H8v2h12v-2zM4 16h2v2H4v-2zm16 0H8v2h12v-2z\" fill=\"currentColor\"><\/path><\/svg><svg style=\"fill: #999;color:#999\" class=\"arrow-unsorted-368013\" xmlns=\"http:\/\/www.w3.org\/2000\/svg\" width=\"10px\" height=\"10px\" viewbox=\"0 0 24 24\" version=\"1.2\" baseprofile=\"tiny\"><path d=\"M18.2 9.3l-6.2-6.3-6.2 6.3c-.2.2-.3.4-.3.7s.1.5.3.7c.2.2.4.3.7.3h11c.3 0 .5-.1.7-.3.2-.2.3-.5.3-.7s-.1-.5-.3-.7zM5.8 14.7l6.2 6.3 6.2-6.3c.2-.2.3-.5.3-.7s-.1-.5-.3-.7c-.2-.2-.4-.3-.7-.3h-11c-.3 0-.5.1-.7.3-.2.2-.3.5-.3.7s.1.5.3.7z\"\/><\/svg><\/span><\/span><\/span><\/a><\/span><\/div>\n<nav><ul class='ez-toc-list ez-toc-list-level-1' ><li class='ez-toc-page-1 ez-toc-heading-level-2'><a class=\"ez-toc-link ez-toc-heading-1\" href=\"https:\/\/mythslegendes.com\/es\/mitologia-vasca\/le-tartalo-aveugle\/#Le-tartalo-aveugle\" >El tartalo ciego<\/a><\/li><\/ul><\/nav><\/div>\n<h2><span class=\"ez-toc-section\" id=\"Le-tartalo-aveugle\"><\/span>El tartalo ciego<span class=\"ez-toc-section-end\"><\/span><\/h2>\n<p>Une nuit qu&rsquo;il \u00e9tait absent, un jeune homme \u00e9gar\u00e9 vint \u00e0 sa porte demander le couvert jusqu&rsquo;au matin. La femme du Tartalo permit \u00e0 l&rsquo;\u00e9tranger d&rsquo;entrer, mais lui d\u00e9clara qu&rsquo;elle ne pouvait disposer que d&rsquo;une grange o\u00f9 il partagerait, si cela lui convenait, la liti\u00e8re des brebis.<br \/>\u00ab\u00a0&#8211; Oui, volontiers, dit le jeune homme, car je suis fatigu\u00e9.\u00a0\u00bb<\/p>\n<p><!-- \/wp:paragraph --><!-- wp:paragraph --><\/p>\n<p>Bient\u00f4t arrive le Tartare. A peine il a referm\u00e9 la porte sur lui, qu&rsquo;il s&rsquo;\u00e9crie :<br \/>\u00ab\u00a0&#8211; Assi qu&rsquo;ey a car de Christia\u00a0\u00bb (occitant ?)<\/p>\n<p><!-- \/wp:paragraph --><!-- wp:paragraph --><\/p>\n<p>Comme il n&rsquo;avait pas faim en ce moment, ayant fait son souper de deux brebis, il se contenta de dire au chr\u00e9tien :<br \/>\u00ab\u00a0&#8211; Demain, je te mangerai pour mon dessert\u00a0\u00bb. Puis il s&rsquo;\u00e9tendit devant le feu, s&rsquo;endormit bient\u00f4t et ronfla bruyamment.<\/p>\n<p><!-- \/wp:paragraph --><!-- wp:paragraph --><\/p>\n<p>Que fait alors le chr\u00e9tien ? Malgr\u00e9 sa peur, il comprit qu&rsquo;il n&rsquo;avait rien \u00e0 m\u00e9nager, et que le moment \u00e9tait propice pour rendre impuissant son ennemi. Il saisit la broche du foyer, la fait rougir au feu et en perce l&rsquo;oeil du Tartalo. Le g\u00e9ant se l\u00e8ve en rugissant :<br \/>\u00a0\u00bb C&rsquo;est le coup du chr\u00e9tien, dit-il, il me le paiera\u00a0\u00bb.<\/p>\n<p><!-- \/wp:paragraph --><!-- wp:paragraph --><\/p>\n<p>Il le poursuit \u00e0 t\u00e2tons, mais l&rsquo;autre se cacha parmi les brebis. Le Tartalo, fatigu\u00e9 d&rsquo;une poursuite sans r\u00e9sultat, imagine une ruse. Il prend une brebis, la met dehors, occupe lui-m\u00eame la porte et fait passer les autres une \u00e0 une entre ses jambes, les t\u00e2tant toutes soigneusement. Le jeune homme, comprenant le danger, se couvre de la peau d&rsquo;une brebis, se met \u00e0 quatre pattes et se glisse au lieu du troupeau.<\/p>\n<p>Mais le Tartalo \u00e9tait sur ses gardes et l&#8217;empoigna. Le jeune homme, lui laissant la peau entre les mains, s&rsquo;\u00e9chappe dehors.<br \/>Alors le mari et la femme se mettent \u00e0 sa poursuite. Le pauvre chr\u00e9tien avait beau courir, il tournait, tournait et revenait toujours au m\u00eame endroit. La femme du Tartare dit alors :<br \/>\u00ab\u00a0&#8211; Chr\u00e9tien, mets cet anneau \u00e0 ton doigt, et tu trouveras ton chemin.\u00a0\u00bb<\/p>\n<p><!-- \/wp:paragraph --><!-- wp:paragraph --><\/p>\n<p>Il prend l&rsquo;anneau et voil\u00e0 que l&rsquo;anneau se met \u00e0 crier :<br \/>\u00ab\u00a0&#8211; Je suis ici, je suis ici !\u00a0\u00bb.<\/p>\n<p><!-- \/wp:paragraph --><!-- wp:paragraph --><\/p>\n<p>Guid\u00e9 par la voix, le Tartalo commence une poursuite plus assur\u00e9e, et va saisir le jeune homme. Celui-ci essaye d&rsquo;\u00f4ter l&rsquo;anneau, mais l&rsquo;anneau tenait bon. Il coupe alors son doigt et le jette avec l&rsquo;anneau entre deux roches escarp\u00e9es. L&rsquo;anneau cria :<br \/>\u00ab\u00a0&#8211; Je suis ici, je suis ici !\u00a0\u00bb<\/p>\n<p><!-- \/wp:paragraph --><!-- wp:paragraph --><\/p>\n<p>Le Tartare, suivant la voix, se jeta d&rsquo;un furieux \u00e9lan au fond du pr\u00e9cipice et s&rsquo;y brisa.<\/p>\n<p><!-- \/wp:paragraph --><\/p>\t\t\t\t\t\t\t\t<\/div>\n\t\t\t\t<\/div>\n\t\t\t\t\t<\/div>\n\t\t<\/div>\n\t\t\t\t\t<\/div>\n\t\t<\/section>\n\t\t\t\t<\/div>","protected":false},"excerpt":{"rendered":"<p>Mythologie Basque Wiki Voici l&rsquo;histoire du tartalo aveugle. II y avait une fois un Tartalo, g\u00e9ant \u00e0 figure humaine, d&rsquo;une &hellip; <\/p>","protected":false},"author":1,"featured_media":0,"parent":1004,"menu_order":0,"comment_status":"closed","ping_status":"closed","template":"","meta":{"footnotes":""},"class_list":["post-1287","page","type-page","status-publish","hentry"],"amp_enabled":true,"_links":{"self":[{"href":"https:\/\/mythslegendes.com\/es\/wp-json\/wp\/v2\/pages\/1287","targetHints":{"allow":["GET"]}}],"collection":[{"href":"https:\/\/mythslegendes.com\/es\/wp-json\/wp\/v2\/pages"}],"about":[{"href":"https:\/\/mythslegendes.com\/es\/wp-json\/wp\/v2\/types\/page"}],"author":[{"embeddable":true,"href":"https:\/\/mythslegendes.com\/es\/wp-json\/wp\/v2\/users\/1"}],"replies":[{"embeddable":true,"href":"https:\/\/mythslegendes.com\/es\/wp-json\/wp\/v2\/comments?post=1287"}],"version-history":[{"count":1,"href":"https:\/\/mythslegendes.com\/es\/wp-json\/wp\/v2\/pages\/1287\/revisions"}],"predecessor-version":[{"id":24704,"href":"https:\/\/mythslegendes.com\/es\/wp-json\/wp\/v2\/pages\/1287\/revisions\/24704"}],"up":[{"embeddable":true,"href":"https:\/\/mythslegendes.com\/es\/wp-json\/wp\/v2\/pages\/1004"}],"wp:attachment":[{"href":"https:\/\/mythslegendes.com\/es\/wp-json\/wp\/v2\/media?parent=1287"}],"curies":[{"name":"wp","href":"https:\/\/api.w.org\/{rel}","templated":true}]}}