{"id":1300,"date":"2020-06-23T12:03:47","date_gmt":"2020-06-23T11:03:47","guid":{"rendered":"https:\/\/mythslegendes.com\/?page_id=1300"},"modified":"2022-12-03T22:07:04","modified_gmt":"2022-12-03T22:07:04","slug":"la-cilice","status":"publish","type":"page","link":"https:\/\/mythslegendes.com\/es\/mitologia-vasca\/el-cilicio\/","title":{"rendered":"El cilicio"},"content":{"rendered":"<div data-elementor-type=\"wp-page\" data-elementor-id=\"1300\" class=\"elementor elementor-1300\">\n\t\t\t\t\t\t<section class=\"elementor-section elementor-top-section elementor-element elementor-element-7cfbc49 elementor-section-boxed elementor-section-height-default elementor-section-height-default\" data-id=\"7cfbc49\" data-element_type=\"section\" data-e-type=\"section\">\n\t\t\t\t\t\t<div class=\"elementor-container elementor-column-gap-default\">\n\t\t\t\t\t<div class=\"elementor-column elementor-col-50 elementor-top-column elementor-element elementor-element-2ddcde5\" data-id=\"2ddcde5\" data-element_type=\"column\" data-e-type=\"column\">\n\t\t\t<div class=\"elementor-widget-wrap elementor-element-populated\">\n\t\t\t\t\t\t<div class=\"elementor-element elementor-element-3d7837e elementor-align-justify elementor-widget elementor-widget-button\" data-id=\"3d7837e\" data-element_type=\"widget\" data-e-type=\"widget\" data-widget_type=\"button.default\">\n\t\t\t\t<div class=\"elementor-widget-container\">\n\t\t\t\t\t\t\t\t\t<div class=\"elementor-button-wrapper\">\n\t\t\t\t\t<a class=\"elementor-button elementor-button-link elementor-size-sm\" href=\"https:\/\/mythslegendes.com\/es\/mitologia-vasca\/\">\n\t\t\t\t\t\t<span class=\"elementor-button-content-wrapper\">\n\t\t\t\t\t\t\t\t\t<span class=\"elementor-button-text\">Mitolog\u00eda vasca<\/span>\n\t\t\t\t\t<\/span>\n\t\t\t\t\t<\/a>\n\t\t\t\t<\/div>\n\t\t\t\t\t\t\t\t<\/div>\n\t\t\t\t<\/div>\n\t\t\t\t\t<\/div>\n\t\t<\/div>\n\t\t\t\t<div class=\"elementor-column elementor-col-50 elementor-top-column elementor-element elementor-element-f9eaf22\" data-id=\"f9eaf22\" data-element_type=\"column\" data-e-type=\"column\">\n\t\t\t<div class=\"elementor-widget-wrap elementor-element-populated\">\n\t\t\t\t\t\t<div class=\"elementor-element elementor-element-e107519 elementor-align-justify elementor-widget elementor-widget-button\" data-id=\"e107519\" data-element_type=\"widget\" data-e-type=\"widget\" data-widget_type=\"button.default\">\n\t\t\t\t<div class=\"elementor-widget-container\">\n\t\t\t\t\t\t\t\t\t<div class=\"elementor-button-wrapper\">\n\t\t\t\t\t<a class=\"elementor-button elementor-button-link elementor-size-sm\" href=\"https:\/\/fr.wikipedia.org\/wiki\/Mythologie_basque\" target=\"_blank\" rel=\"noopener\">\n\t\t\t\t\t\t<span class=\"elementor-button-content-wrapper\">\n\t\t\t\t\t\t\t\t\t<span class=\"elementor-button-text\">Wiki<\/span>\n\t\t\t\t\t<\/span>\n\t\t\t\t\t<\/a>\n\t\t\t\t<\/div>\n\t\t\t\t\t\t\t\t<\/div>\n\t\t\t\t<\/div>\n\t\t\t\t\t<\/div>\n\t\t<\/div>\n\t\t\t\t\t<\/div>\n\t\t<\/section>\n\t\t\t\t<section class=\"elementor-section elementor-top-section elementor-element elementor-element-6d0d191e elementor-section-boxed elementor-section-height-default elementor-section-height-default\" data-id=\"6d0d191e\" data-element_type=\"section\" data-e-type=\"section\">\n\t\t\t\t\t\t<div class=\"elementor-container elementor-column-gap-default\">\n\t\t\t\t\t<div class=\"elementor-column elementor-col-100 elementor-top-column elementor-element elementor-element-3b7bdf89\" data-id=\"3b7bdf89\" data-element_type=\"column\" data-e-type=\"column\">\n\t\t\t<div class=\"elementor-widget-wrap elementor-element-populated\">\n\t\t\t\t\t\t<div class=\"elementor-element elementor-element-67457670 elementor-widget elementor-widget-text-editor\" data-id=\"67457670\" data-element_type=\"widget\" data-e-type=\"widget\" data-widget_type=\"text-editor.default\">\n\t\t\t\t<div class=\"elementor-widget-container\">\n\t\t\t\t\t\t\t\t\t\n<p>Esta es la historia del cilicio. Como muchos en el mundo, hubo una vez un caballero y una dama. No ten\u00edan hijos, y quer\u00edan uno por encima de todo. Hicieron voto de ir a Roma. Tan pronto como lo hicieron, la mujer se encontr\u00f3 embarazada.<\/p>\n<p><img decoding=\"async\" class=\"alignnone wp-image-5284 size-full\" src=\"https:\/\/mythslegendes.com\/wp-content\/uploads\/2020\/09\/AlphaOmega-e1602613368367.png\" alt=\"cabello camiseta\" width=\"25\" height=\"26\" title=\"\"><\/p>\n<div id=\"ez-toc-container\" class=\"ez-toc-v2_0_82_2 counter-hierarchy ez-toc-counter ez-toc-grey ez-toc-container-direction\">\n<div class=\"ez-toc-title-container\">\n<p class=\"ez-toc-title\" style=\"cursor:inherit\">Contenido<\/p>\n<span class=\"ez-toc-title-toggle\"><a href=\"#\" class=\"ez-toc-pull-right ez-toc-btn ez-toc-btn-xs ez-toc-btn-default ez-toc-toggle\" aria-label=\"Alternar tabla de contenidos\"><span class=\"ez-toc-js-icon-con\"><span class=\"\"><span class=\"eztoc-hide\" style=\"display:none;\">Palanca<\/span><span class=\"ez-toc-icon-toggle-span\"><svg style=\"fill: #999;color:#999\" xmlns=\"http:\/\/www.w3.org\/2000\/svg\" class=\"list-377408\" width=\"20px\" height=\"20px\" viewbox=\"0 0 24 24\" fill=\"none\"><path d=\"M6 6H4v2h2V6zm14 0H8v2h12V6zM4 11h2v2H4v-2zm16 0H8v2h12v-2zM4 16h2v2H4v-2zm16 0H8v2h12v-2z\" fill=\"currentColor\"><\/path><\/svg><svg style=\"fill: #999;color:#999\" class=\"arrow-unsorted-368013\" xmlns=\"http:\/\/www.w3.org\/2000\/svg\" width=\"10px\" height=\"10px\" viewbox=\"0 0 24 24\" version=\"1.2\" baseprofile=\"tiny\"><path d=\"M18.2 9.3l-6.2-6.3-6.2 6.3c-.2.2-.3.4-.3.7s.1.5.3.7c.2.2.4.3.7.3h11c.3 0 .5-.1.7-.3.2-.2.3-.5.3-.7s-.1-.5-.3-.7zM5.8 14.7l6.2 6.3 6.2-6.3c.2-.2.3-.5.3-.7s-.1-.5-.3-.7c-.2-.2-.4-.3-.7-.3h-11c-.3 0-.5.1-.7.3-.2.2-.3.5-.3.7s.1.5.3.7z\"\/><\/svg><\/span><\/span><\/span><\/a><\/span><\/div>\n<nav><ul class='ez-toc-list ez-toc-list-level-1' ><li class='ez-toc-page-1 ez-toc-heading-level-2'><a class=\"ez-toc-link ez-toc-heading-1\" href=\"https:\/\/mythslegendes.com\/es\/mitologia-vasca\/el-cilicio\/#La-cilice\" >El cilicio<\/a><\/li><\/ul><\/nav><\/div>\n<h2><span class=\"ez-toc-section\" id=\"La-cilice\"><\/span>El cilicio<span class=\"ez-toc-section-end\"><\/span><\/h2>\n\n<p>El marido le dijo: \u201cSer\u00e1 mejor que nos vayamos enseguida. \u00bb<br \/>La mujer dijo: &quot;No tenemos suficiente tiempo ahora, tambi\u00e9n podr\u00edamos ir tras&quot;. \u00bb<\/p>\n\n<p>La se\u00f1ora dio a luz a un ni\u00f1o. El ni\u00f1o creci\u00f3 y descubri\u00f3 que su padre siempre estaba triste y a menudo lo encontraba llorando. El ni\u00f1o ten\u00eda ahora siete a\u00f1os y la madre nunca se hab\u00eda decidido a ir a Roma. Un d\u00eda, este ni\u00f1o entr\u00f3 en la habitaci\u00f3n de su padre y lo encontr\u00f3 todav\u00eda llorando. Entonces \u00e9l le dijo a ella:<br \/>&quot;\u00bfQu\u00e9 te pasa, padre?&quot; \u00bb<\/p>\n\n<p>Pero \u00e9l no le respondi\u00f3; entonces el ni\u00f1o tom\u00f3 una pistola y le dijo a su padre:<br \/>Si no me dices qu\u00e9 te pasa, te disparar\u00e9 primero a ti y luego a m\u00ed. \u00bb<\/p>\n\n<p>Entonces el padre le dijo que le contar\u00eda, (y le dijo) c\u00f3mo \u00e9l y su madre hab\u00edan hecho voto de ir a Roma si ten\u00edan un hijo y nunca hab\u00edan estado all\u00ed.<br \/>El ni\u00f1o le dijo: \u201cEs para m\u00ed que se hizo este deseo y soy yo quien lo cumplir\u00e1. \u00bb<br \/>Se despidi\u00f3 y se fue.<\/p>\n\n<p>Pas\u00f3 siete a\u00f1os en el camino y mendigando su pan. Finalmente lleg\u00f3 a casa del Santo Padre y le cont\u00f3 lo que le hab\u00eda llevado hasta all\u00ed. Nuestro Santo Padre lo puso en una habitaci\u00f3n, completamente solo, durante una hora.<\/p>\n\n<p>Cuando sali\u00f3, le dijo: \u201cOh, debes haber cometido un error, me hiciste quedarme all\u00ed por lo menos dos horas. \u00bb<\/p>\n\n<p>Nuestro Santo Padre le dijo que no, que s\u00f3lo hac\u00eda una hora que estaba all\u00ed. Y lo meti\u00f3 en otra habitaci\u00f3n durante dos horas.<\/p>\n\n<p>Cuando sali\u00f3 de all\u00ed, dijo: \u201cMe hiciste quedarme m\u00e1s de dos horas. \u00bb<br \/>Le dijo que no y lo meti\u00f3 en otra habitaci\u00f3n durante tres horas.<\/p>\n\n<p>Cuando sali\u00f3, dijo: &quot;Solo me dejaste all\u00ed por tres minutos&quot;. \u00bb<br \/>Y \u00e9l le dijo: \u201cS\u00ed, s\u00ed, s\u00ed, estuviste all\u00ed tres horas. \u00bb<\/p>\n\n<p>Y nuestro santo padre le dijo que la primera habitaci\u00f3n era el infierno, la segunda el purgatorio y la \u00faltima el cielo.<\/p>\n\n<p>El ni\u00f1o le dijo: \u201c\u00bfD\u00f3nde estoy? \u00a1Estoy en el para\u00edso! Y mi padre ?<br \/>-En el para\u00edso tambi\u00e9n.<br \/>-\u00bfY mi madre?<br \/>- En infierno. \u00bb<\/p>\n\n<p>El ni\u00f1o estaba muy molesto y le dijo: \u201c\u00bfNo puedo salvar a mi madre? Estoy dispuesto a derramar mi sangre por ella durante siete a\u00f1os. \u00bb<\/p>\n\n<p>Nuestro Santo Padre le dijo que pod\u00eda y le puso un cilicio cerrado con candado y tir\u00f3 la llave al agua.<\/p>\n\n<p>Y nuestro Santo Padre le dijo: \u201cCuando encuentres esta llave, tu madre se salvar\u00e1. \u00bb<\/p>\n\n<p>Se fue, mendigando como antes, y tard\u00f3 siete a\u00f1os m\u00e1s en llegar a su pa\u00eds. Iba de casa en casa pidiendo limosna. Su padre lo recibi\u00f3 y le pregunt\u00f3 de d\u00f3nde era. Dice \u201cde Roma\u201d. Le pregunt\u00f3 si no hab\u00eda visto a un chico de su edad en su camino. \u00c9l le dijo que s\u00ed y que hab\u00eda seguido su camino durante siete a\u00f1os, derramando su sangre para salvar a su madre. Y sigui\u00f3 habl\u00e1ndole de su hijo.<\/p>\n\n<p>Su madre fue a las escaleras y le dijo a su marido que despidiera al pobre hombre, que ten\u00eda que salir de all\u00ed. Pero \u00e9l no le prest\u00f3 atenci\u00f3n. Lo dej\u00f3 entrar y le dijo a su esposa que iba a cenar con ellos. La mujer no estaba feliz. El marido envi\u00f3 a la criada al mercado, dici\u00e9ndole que comprara el mejor pescado que pudiera encontrar. Cuando la ni\u00f1a regres\u00f3, fue al corral a limpiar el pescado. El joven la sigui\u00f3 y mientras limpiaba el pescado encontr\u00f3 una llave dentro.<\/p>\n\n<p>El joven le dijo: \u201cEsta llave es m\u00eda. \u00bb<br \/>Y ella se lo dio.<\/p>\n\n<p>La dama no sufri\u00f3 a este joven. Ella lo empuj\u00f3 y \u00e9l cay\u00f3 al pozo. Inmediatamente, el agua del pozo comenz\u00f3 a desbordarse y el joven sali\u00f3 mojado. El marido no se hab\u00eda dado cuenta de que su mujer lo hab\u00eda empujado al pozo y el joven le dijo que se hab\u00eda ca\u00eddo solo. Este pobre se\u00f1or quer\u00eda darle algunas ropas, pero \u00e9l no las acept\u00f3, diciendo que se secar\u00eda junto al fuego. En la mesa la se\u00f1ora no le mostr\u00f3 ninguna amabilidad. El joven le pregunt\u00f3 si reconocer\u00eda a su hijo.<br \/>Ella dijo: \u201cS\u00ed, s\u00ed, tiene una marca en medio del pecho. \u00bb<\/p>\n\n<p>Y el joven se desabroch\u00f3 la ropa y mostr\u00f3 su marca. Al mismo tiempo le dio la llave a su madre para que abriera el cilicio y la madre no vio m\u00e1s que sangre y m\u00e1s sangre. \u00c9l hab\u00eda sufrido por ella. Los tres murieron. Y la doncella vio volar tres palomas blancas. Quiero hacer como ellos de la misma manera.<\/p>\n\t\t\t\t\t\t\t\t<\/div>\n\t\t\t\t<\/div>\n\t\t\t\t\t<\/div>\n\t\t<\/div>\n\t\t\t\t\t<\/div>\n\t\t<\/section>\n\t\t\t\t<\/div>","protected":false},"excerpt":{"rendered":"<p>Wiki Mitolog\u00eda Vasca Aqu\u00ed est\u00e1 la historia del cilicio. Como muchos en el mundo, hab\u00eda una vez un caballero... <\/p>","protected":false},"author":1,"featured_media":0,"parent":1004,"menu_order":0,"comment_status":"closed","ping_status":"closed","template":"","meta":{"footnotes":""},"class_list":["post-1300","page","type-page","status-publish","hentry"],"amp_enabled":true,"_links":{"self":[{"href":"https:\/\/mythslegendes.com\/es\/wp-json\/wp\/v2\/pages\/1300","targetHints":{"allow":["GET"]}}],"collection":[{"href":"https:\/\/mythslegendes.com\/es\/wp-json\/wp\/v2\/pages"}],"about":[{"href":"https:\/\/mythslegendes.com\/es\/wp-json\/wp\/v2\/types\/page"}],"author":[{"embeddable":true,"href":"https:\/\/mythslegendes.com\/es\/wp-json\/wp\/v2\/users\/1"}],"replies":[{"embeddable":true,"href":"https:\/\/mythslegendes.com\/es\/wp-json\/wp\/v2\/comments?post=1300"}],"version-history":[{"count":1,"href":"https:\/\/mythslegendes.com\/es\/wp-json\/wp\/v2\/pages\/1300\/revisions"}],"predecessor-version":[{"id":24707,"href":"https:\/\/mythslegendes.com\/es\/wp-json\/wp\/v2\/pages\/1300\/revisions\/24707"}],"up":[{"embeddable":true,"href":"https:\/\/mythslegendes.com\/es\/wp-json\/wp\/v2\/pages\/1004"}],"wp:attachment":[{"href":"https:\/\/mythslegendes.com\/es\/wp-json\/wp\/v2\/media?parent=1300"}],"curies":[{"name":"wp","href":"https:\/\/api.w.org\/{rel}","templated":true}]}}