{"id":1306,"date":"2020-06-23T12:35:23","date_gmt":"2020-06-23T11:35:23","guid":{"rendered":"https:\/\/mythslegendes.com\/?page_id=1306"},"modified":"2022-12-03T22:07:04","modified_gmt":"2022-12-03T22:07:04","slug":"contes-basques-26","status":"publish","type":"page","link":"https:\/\/mythslegendes.com\/es\/mitologia-vasca\/cuentos-vascos-26\/","title":{"rendered":"Cuentos vascos 26"},"content":{"rendered":"<div data-elementor-type=\"wp-page\" data-elementor-id=\"1306\" class=\"elementor elementor-1306\">\n\t\t\t\t\t\t<section class=\"elementor-section elementor-top-section elementor-element elementor-element-efd043c elementor-section-boxed elementor-section-height-default elementor-section-height-default\" data-id=\"efd043c\" data-element_type=\"section\" data-e-type=\"section\">\n\t\t\t\t\t\t<div class=\"elementor-container elementor-column-gap-default\">\n\t\t\t\t\t<div class=\"elementor-column elementor-col-50 elementor-top-column elementor-element elementor-element-b4df1d0\" data-id=\"b4df1d0\" data-element_type=\"column\" data-e-type=\"column\">\n\t\t\t<div class=\"elementor-widget-wrap elementor-element-populated\">\n\t\t\t\t\t\t<div class=\"elementor-element elementor-element-14fbc39 elementor-align-justify elementor-widget elementor-widget-button\" data-id=\"14fbc39\" data-element_type=\"widget\" data-e-type=\"widget\" data-widget_type=\"button.default\">\n\t\t\t\t<div class=\"elementor-widget-container\">\n\t\t\t\t\t\t\t\t\t<div class=\"elementor-button-wrapper\">\n\t\t\t\t\t<a class=\"elementor-button elementor-button-link elementor-size-sm\" href=\"https:\/\/mythslegendes.com\/es\/mitologia-vasca\/\">\n\t\t\t\t\t\t<span class=\"elementor-button-content-wrapper\">\n\t\t\t\t\t\t\t\t\t<span class=\"elementor-button-text\">Mitolog\u00eda vasca<\/span>\n\t\t\t\t\t<\/span>\n\t\t\t\t\t<\/a>\n\t\t\t\t<\/div>\n\t\t\t\t\t\t\t\t<\/div>\n\t\t\t\t<\/div>\n\t\t\t\t\t<\/div>\n\t\t<\/div>\n\t\t\t\t<div class=\"elementor-column elementor-col-50 elementor-top-column elementor-element elementor-element-7b25123\" data-id=\"7b25123\" data-element_type=\"column\" data-e-type=\"column\">\n\t\t\t<div class=\"elementor-widget-wrap elementor-element-populated\">\n\t\t\t\t\t\t<div class=\"elementor-element elementor-element-45436ec elementor-align-justify elementor-widget elementor-widget-button\" data-id=\"45436ec\" data-element_type=\"widget\" data-e-type=\"widget\" data-widget_type=\"button.default\">\n\t\t\t\t<div class=\"elementor-widget-container\">\n\t\t\t\t\t\t\t\t\t<div class=\"elementor-button-wrapper\">\n\t\t\t\t\t<a class=\"elementor-button elementor-button-link elementor-size-sm\" href=\"https:\/\/fr.wikipedia.org\/wiki\/Mythologie_basque\" target=\"_blank\" rel=\"noopener\">\n\t\t\t\t\t\t<span class=\"elementor-button-content-wrapper\">\n\t\t\t\t\t\t\t\t\t<span class=\"elementor-button-text\">Wiki<\/span>\n\t\t\t\t\t<\/span>\n\t\t\t\t\t<\/a>\n\t\t\t\t<\/div>\n\t\t\t\t\t\t\t\t<\/div>\n\t\t\t\t<\/div>\n\t\t\t\t\t<\/div>\n\t\t<\/div>\n\t\t\t\t\t<\/div>\n\t\t<\/section>\n\t\t\t\t<section class=\"elementor-section elementor-top-section elementor-element elementor-element-587a17b1 elementor-section-boxed elementor-section-height-default elementor-section-height-default\" data-id=\"587a17b1\" data-element_type=\"section\" data-e-type=\"section\">\n\t\t\t\t\t\t<div class=\"elementor-container elementor-column-gap-default\">\n\t\t\t\t\t<div class=\"elementor-column elementor-col-100 elementor-top-column elementor-element elementor-element-7e471a2\" data-id=\"7e471a2\" data-element_type=\"column\" data-e-type=\"column\">\n\t\t\t<div class=\"elementor-widget-wrap elementor-element-populated\">\n\t\t\t\t\t\t<div class=\"elementor-element elementor-element-2eccc9bf elementor-widget elementor-widget-text-editor\" data-id=\"2eccc9bf\" data-element_type=\"widget\" data-e-type=\"widget\" data-widget_type=\"text-editor.default\">\n\t\t\t\t<div class=\"elementor-widget-container\">\n\t\t\t\t\t\t\t\t\t<p><\/p>\n<div id=\"ez-toc-container\" class=\"ez-toc-v2_0_82_2 counter-hierarchy ez-toc-counter ez-toc-grey ez-toc-container-direction\">\n<div class=\"ez-toc-title-container\">\n<p class=\"ez-toc-title\" style=\"cursor:inherit\">Contenido<\/p>\n<span class=\"ez-toc-title-toggle\"><a href=\"#\" class=\"ez-toc-pull-right ez-toc-btn ez-toc-btn-xs ez-toc-btn-default ez-toc-toggle\" aria-label=\"Alternar tabla de contenidos\"><span class=\"ez-toc-js-icon-con\"><span class=\"\"><span class=\"eztoc-hide\" style=\"display:none;\">Palanca<\/span><span class=\"ez-toc-icon-toggle-span\"><svg style=\"fill: #999;color:#999\" xmlns=\"http:\/\/www.w3.org\/2000\/svg\" class=\"list-377408\" width=\"20px\" height=\"20px\" viewbox=\"0 0 24 24\" fill=\"none\"><path d=\"M6 6H4v2h2V6zm14 0H8v2h12V6zM4 11h2v2H4v-2zm16 0H8v2h12v-2zM4 16h2v2H4v-2zm16 0H8v2h12v-2z\" fill=\"currentColor\"><\/path><\/svg><svg style=\"fill: #999;color:#999\" class=\"arrow-unsorted-368013\" xmlns=\"http:\/\/www.w3.org\/2000\/svg\" width=\"10px\" height=\"10px\" viewbox=\"0 0 24 24\" version=\"1.2\" baseprofile=\"tiny\"><path d=\"M18.2 9.3l-6.2-6.3-6.2 6.3c-.2.2-.3.4-.3.7s.1.5.3.7c.2.2.4.3.7.3h11c.3 0 .5-.1.7-.3.2-.2.3-.5.3-.7s-.1-.5-.3-.7zM5.8 14.7l6.2 6.3 6.2-6.3c.2-.2.3-.5.3-.7s-.1-.5-.3-.7c-.2-.2-.4-.3-.7-.3h-11c-.3 0-.5.1-.7.3-.2.2-.3.5-.3.7s.1.5.3.7z\"\/><\/svg><\/span><\/span><\/span><\/a><\/span><\/div>\n<nav><ul class='ez-toc-list ez-toc-list-level-1' ><li class='ez-toc-page-1 ez-toc-heading-level-2'><a class=\"ez-toc-link ez-toc-heading-1\" href=\"https:\/\/mythslegendes.com\/es\/mitologia-vasca\/cuentos-vascos-26\/#Contes-basques\" >Cuentos vascos<\/a><\/li><li class='ez-toc-page-1 ez-toc-heading-level-2'><a class=\"ez-toc-link ez-toc-heading-2\" href=\"https:\/\/mythslegendes.com\/es\/mitologia-vasca\/cuentos-vascos-26\/#La-cueillette-des-pommes\" >recogiendo manzanas<\/a><\/li><li class='ez-toc-page-1 ez-toc-heading-level-2'><a class=\"ez-toc-link ez-toc-heading-3\" href=\"https:\/\/mythslegendes.com\/es\/mitologia-vasca\/cuentos-vascos-26\/#La-lamina-de-la-fontaine-Juliane\" >La lami\u00f1a de la fuente Juliane<\/a><\/li><li class='ez-toc-page-1 ez-toc-heading-level-2'><a class=\"ez-toc-link ez-toc-heading-4\" href=\"https:\/\/mythslegendes.com\/es\/mitologia-vasca\/cuentos-vascos-26\/#Le-voleur-dAtxulaur\" >El ladr\u00f3n de Atxulaur<\/a><\/li><\/ul><\/nav><\/div>\n<h2 class=\"wp-block-heading\"><span class=\"ez-toc-section\" id=\"Contes-basques\"><\/span>Cuentos vascos<span class=\"ez-toc-section-end\"><\/span><\/h2>\n<p>Aqu\u00ed hay varios cuentos. <a href=\"https:\/\/mythslegendes.com\/es\/mitologia-vasca\/\">vasco<\/a> : recogiendo manzanas, la l\u00e1mina de la fuente Juliane, el ladr\u00f3n de Atxulaur<\/p>\n<p><img decoding=\"async\" class=\"alignnone wp-image-5284 size-full\" src=\"https:\/\/mythslegendes.com\/wp-content\/uploads\/2020\/09\/AlphaOmega-e1602613368367.png\" alt=\"Cuentos vascos\" width=\"25\" height=\"26\" title=\"\"><\/p>\n<h2><span class=\"ez-toc-section\" id=\"La-cueillette-des-pommes\"><\/span>recogiendo manzanas<span class=\"ez-toc-section-end\"><\/span><\/h2>\n<p><\/p>\n<p><\/p>\n<p>La costumbre dictaba que en Leitza, al recoger manzanas, el due\u00f1o de la huerta ped\u00eda la colaboraci\u00f3n de sus vecinos. Por lo general, esto se hac\u00eda tarde y los trabajadores eran recompensados con un refrigerio en el acto. Si el amo era rico, hac\u00eda servir el vino en un peque\u00f1o recipiente de plata llamado &quot;barkillo&quot;.<\/p>\n<p><\/p>\n<p><\/p>\n<p>Un d\u00eda, la familia de la casa \u201cMaxurrenea\u201d llev\u00f3 a sus vecinos a trabajar en la huerta de manzanos que ten\u00edan en un lugar llamado \u201cinguru arte\u201d. Durante la merienda, un vecino se dio a la tarea de servir vino a los trabajadores en un barkillo. Luego puso el recipiente en el borde de un agujero, en lo m\u00e1s alto del tronco de un viejo manzano.<\/p>\n<p>Pero recogiendo el <a href=\"https:\/\/mythslegendes.com\/es\/mitologia-gala\/\">Galia<\/a> y las frazadas se le olvid\u00f3 el &quot;barkillo&quot;.<br \/>Este descuido fue advertido por la familia de Maxurrenea, buscaron en vano el barkillo porque la vecina que se hab\u00eda llevado el preciado recipiente ya no recordaba d\u00f3nde lo hab\u00eda dejado.<\/p>\n<p>Los maestros, ante la sospecha de que el vecino les hab\u00eda robado el barkillo, torcieron una vela (s\u00edmbolo del ladr\u00f3n) y la quemaron frente a un santo, con la esperanza de que la supuesta autora del robo fuera castigada m\u00e1s tarde (torci\u00e9ndola y quem\u00e1ndose ella misma). , como la vela).<\/p>\n<p>Pero el vecino no sufri\u00f3 ning\u00fan inconveniente. En cambio, en el huerto de manzanos de Maxurrenea se sec\u00f3 un manzano. Fue talado y, para sorpresa de todos, el barkillo apareci\u00f3 en el fondo de este hueco que ten\u00eda el \u00e1rbol en el tronco.<\/p>\n<p><\/p>\n<p><\/p>\n<p>Se ha dicho que la fuerza m\u00e1gica &quot;Adur&quot; (ver magia en el pa\u00eds <a href=\"https:\/\/mythslegendes.com\/es\/mitologia-vasca\/\">vasco<\/a>) hab\u00eda actuado sobre el manzano ocultando el barkillo, lo hab\u00eda secado.<\/p>\n<p><\/p>\n<p><\/p>\n<hr class=\"wp-block-separator\" \/>\n<p><\/p>\n<p><\/p>\n<h2 class=\"wp-block-heading\"><span class=\"ez-toc-section\" id=\"La-lamina-de-la-fontaine-Juliane\"><\/span>La lami\u00f1a de la fuente Juliane<span class=\"ez-toc-section-end\"><\/span><\/h2>\n<p><\/p>\n<p><\/p>\n<p>La v\u00edspera de San Juan, a medianoche, una lami\u00f1a se peinaba con un peine de oro y luego se lavaba en la fuente Juliana. El difunto Barrenty, que pasaba, lo vio. La lami\u00f1a le dijo:<\/p>\n<p><\/p>\n<p><\/p>\n<p>\u2013 \u201cSi quieres llevarme a las tierras por las cuales pagas el diezmo, ser\u00e1s rico para tener un aguij\u00f3n de oro\u201d.<\/p>\n<p><\/p>\n<p><\/p>\n<p>La lami\u00f1a era muy peque\u00f1a. Barrenty la mont\u00f3 a horcajadas sobre sus hombros y subi\u00f3 por el viejo camino que conduce a su campo. La lami\u00f1a en ese momento le aconsej\u00f3 que no se dejara asustar por nada de lo que viera. Pronto lleg\u00f3 con su carga al nivel* del campo. Pero mientras lo sub\u00eda, vio serpientes, sapos y otras mil bestias horribles que pretend\u00edan morder. Se asust\u00f3 y huy\u00f3, soltando la lami\u00f1a.<\/p>\n<p><\/p>\n<p><\/p>\n<p>\u2013 \u201c\u00a1Ay! \u00a1infeliz! ella dijo, me has vuelto a encantar por cien a\u00f1os\u201d.<br \/>Desde entonces, Barrenty no ha logrado nada. Su propiedad fue fragmentada. Todo se perdi\u00f3, hasta el rastro de su casa, y su tierra pas\u00f3 a manos de sus vecinos. Al cabo de varios cientos de a\u00f1os, a partir de este d\u00eda, la lami\u00f1a fue observada por Bassagaix y otros estudiosos mayores, pero no volvi\u00f3 a aparecer.<\/p>\n<p><\/p>\n<p><\/p>\n<p>* los campos, en el Pa\u00eds Vasco, a veces est\u00e1n protegidos por muros de contenci\u00f3n de piedra seca. Se dispone en el muro tres o cuatro piedras en voladizos formando escalera. Es una entrada practicable para b\u00edpedos y que no lo es para animales.<\/p>\n<p><\/p>\n<p><\/p>\n<hr class=\"wp-block-separator\" \/>\n<p><\/p>\n<p><\/p>\n<h2 class=\"wp-block-heading\"><span class=\"ez-toc-section\" id=\"Le-voleur-dAtxulaur\"><\/span>El ladr\u00f3n de Atxulaur<span class=\"ez-toc-section-end\"><\/span><\/h2>\n<p><\/p>\n<p><\/p>\n<p>En la cueva de Atxulaur viv\u00eda un famoso ladr\u00f3n. Pudo acumular una gran cantidad de oro en esta guarida. Pero, sorprendido en su caso por la polic\u00eda, fue capturado y encarcelado hasta la hora de su muerte. No dice nada sobre d\u00f3nde guardaba su riqueza.<\/p>\n<p><\/p>\n<p><\/p>\n<p>M\u00e1s tarde, unos extra\u00f1os llegaron a Atxulaur: nada que hacer, no pod\u00edan acercarse al oro de la cueva, esta \u00faltima estaba habitada por un extra\u00f1o toro que echaba fuego por la boca y las fosas nasales. Se asegur\u00f3 de que nadie tocara el tesoro ni se acercara a \u00e9l.<\/p>\n<p><\/p>\n<p><\/p>\n<p>Posteriormente, los forasteros regresaron, esta vez con los huesos del ladr\u00f3n fallecido; los pusieron en la cueva. Entonces pudieron entrar libremente y sacar todas las riquezas que all\u00ed hab\u00eda porque el toro, que era el alma del ladr\u00f3n, no volvi\u00f3 a aparecer.<\/p>\n<p><\/p>\t\t\t\t\t\t\t\t<\/div>\n\t\t\t\t<\/div>\n\t\t\t\t\t<\/div>\n\t\t<\/div>\n\t\t\t\t\t<\/div>\n\t\t<\/section>\n\t\t\t\t<\/div>","protected":false},"excerpt":{"rendered":"<p>Wiki Mitolog\u00eda Vasca Cuentos Vascos Aqu\u00ed hay varios cuentos vascos: recoger manzanas, la l\u00e1mina de la fuente Juliana, \u2026 <\/p>","protected":false},"author":1,"featured_media":0,"parent":1004,"menu_order":0,"comment_status":"closed","ping_status":"closed","template":"","meta":{"footnotes":""},"class_list":["post-1306","page","type-page","status-publish","hentry"],"amp_enabled":true,"_links":{"self":[{"href":"https:\/\/mythslegendes.com\/es\/wp-json\/wp\/v2\/pages\/1306","targetHints":{"allow":["GET"]}}],"collection":[{"href":"https:\/\/mythslegendes.com\/es\/wp-json\/wp\/v2\/pages"}],"about":[{"href":"https:\/\/mythslegendes.com\/es\/wp-json\/wp\/v2\/types\/page"}],"author":[{"embeddable":true,"href":"https:\/\/mythslegendes.com\/es\/wp-json\/wp\/v2\/users\/1"}],"replies":[{"embeddable":true,"href":"https:\/\/mythslegendes.com\/es\/wp-json\/wp\/v2\/comments?post=1306"}],"version-history":[{"count":1,"href":"https:\/\/mythslegendes.com\/es\/wp-json\/wp\/v2\/pages\/1306\/revisions"}],"predecessor-version":[{"id":24708,"href":"https:\/\/mythslegendes.com\/es\/wp-json\/wp\/v2\/pages\/1306\/revisions\/24708"}],"up":[{"embeddable":true,"href":"https:\/\/mythslegendes.com\/es\/wp-json\/wp\/v2\/pages\/1004"}],"wp:attachment":[{"href":"https:\/\/mythslegendes.com\/es\/wp-json\/wp\/v2\/media?parent=1306"}],"curies":[{"name":"wp","href":"https:\/\/api.w.org\/{rel}","templated":true}]}}