{"id":1315,"date":"2020-06-23T12:39:22","date_gmt":"2020-06-23T11:39:22","guid":{"rendered":"https:\/\/mythslegendes.com\/?page_id=1315"},"modified":"2022-12-03T22:07:04","modified_gmt":"2022-12-03T22:07:04","slug":"contes-basques-27","status":"publish","type":"page","link":"https:\/\/mythslegendes.com\/es\/mitologia-vasca\/cuentos-vascos-27\/","title":{"rendered":"Cuentos vascos 27"},"content":{"rendered":"<div data-elementor-type=\"wp-page\" data-elementor-id=\"1315\" class=\"elementor elementor-1315\">\n\t\t\t\t\t\t<section class=\"elementor-section elementor-top-section elementor-element elementor-element-838279c elementor-section-boxed elementor-section-height-default elementor-section-height-default\" data-id=\"838279c\" data-element_type=\"section\" data-e-type=\"section\">\n\t\t\t\t\t\t<div class=\"elementor-container elementor-column-gap-default\">\n\t\t\t\t\t<div class=\"elementor-column elementor-col-50 elementor-top-column elementor-element elementor-element-518a735\" data-id=\"518a735\" data-element_type=\"column\" data-e-type=\"column\">\n\t\t\t<div class=\"elementor-widget-wrap elementor-element-populated\">\n\t\t\t\t\t\t<div class=\"elementor-element elementor-element-44580ac elementor-align-justify elementor-widget elementor-widget-button\" data-id=\"44580ac\" data-element_type=\"widget\" data-e-type=\"widget\" data-widget_type=\"button.default\">\n\t\t\t\t<div class=\"elementor-widget-container\">\n\t\t\t\t\t\t\t\t\t<div class=\"elementor-button-wrapper\">\n\t\t\t\t\t<a class=\"elementor-button elementor-button-link elementor-size-sm\" href=\"https:\/\/mythslegendes.com\/es\/mitologia-vasca\/\">\n\t\t\t\t\t\t<span class=\"elementor-button-content-wrapper\">\n\t\t\t\t\t\t\t\t\t<span class=\"elementor-button-text\">Mitolog\u00eda vasca<\/span>\n\t\t\t\t\t<\/span>\n\t\t\t\t\t<\/a>\n\t\t\t\t<\/div>\n\t\t\t\t\t\t\t\t<\/div>\n\t\t\t\t<\/div>\n\t\t\t\t\t<\/div>\n\t\t<\/div>\n\t\t\t\t<div class=\"elementor-column elementor-col-50 elementor-top-column elementor-element elementor-element-cd52ff8\" data-id=\"cd52ff8\" data-element_type=\"column\" data-e-type=\"column\">\n\t\t\t<div class=\"elementor-widget-wrap elementor-element-populated\">\n\t\t\t\t\t\t<div class=\"elementor-element elementor-element-6294e2f elementor-align-justify elementor-widget elementor-widget-button\" data-id=\"6294e2f\" data-element_type=\"widget\" data-e-type=\"widget\" data-widget_type=\"button.default\">\n\t\t\t\t<div class=\"elementor-widget-container\">\n\t\t\t\t\t\t\t\t\t<div class=\"elementor-button-wrapper\">\n\t\t\t\t\t<a class=\"elementor-button elementor-button-link elementor-size-sm\" href=\"https:\/\/fr.wikipedia.org\/wiki\/Mythologie_basque\" target=\"_blank\" rel=\"noopener\">\n\t\t\t\t\t\t<span class=\"elementor-button-content-wrapper\">\n\t\t\t\t\t\t\t\t\t<span class=\"elementor-button-text\">Wiki<\/span>\n\t\t\t\t\t<\/span>\n\t\t\t\t\t<\/a>\n\t\t\t\t<\/div>\n\t\t\t\t\t\t\t\t<\/div>\n\t\t\t\t<\/div>\n\t\t\t\t\t<\/div>\n\t\t<\/div>\n\t\t\t\t\t<\/div>\n\t\t<\/section>\n\t\t\t\t<section class=\"elementor-section elementor-top-section elementor-element elementor-element-78ae1bc1 elementor-section-boxed elementor-section-height-default elementor-section-height-default\" data-id=\"78ae1bc1\" data-element_type=\"section\" data-e-type=\"section\">\n\t\t\t\t\t\t<div class=\"elementor-container elementor-column-gap-default\">\n\t\t\t\t\t<div class=\"elementor-column elementor-col-100 elementor-top-column elementor-element elementor-element-65912c5d\" data-id=\"65912c5d\" data-element_type=\"column\" data-e-type=\"column\">\n\t\t\t<div class=\"elementor-widget-wrap elementor-element-populated\">\n\t\t\t\t\t\t<div class=\"elementor-element elementor-element-4661c2cc elementor-widget elementor-widget-text-editor\" data-id=\"4661c2cc\" data-element_type=\"widget\" data-e-type=\"widget\" data-widget_type=\"text-editor.default\">\n\t\t\t\t<div class=\"elementor-widget-container\">\n\t\t\t\t\t\t\t\t\t<p><\/p>\n<div id=\"ez-toc-container\" class=\"ez-toc-v2_0_82_2 counter-hierarchy ez-toc-counter ez-toc-grey ez-toc-container-direction\">\n<div class=\"ez-toc-title-container\">\n<p class=\"ez-toc-title\" style=\"cursor:inherit\">Contenido<\/p>\n<span class=\"ez-toc-title-toggle\"><a href=\"#\" class=\"ez-toc-pull-right ez-toc-btn ez-toc-btn-xs ez-toc-btn-default ez-toc-toggle\" aria-label=\"Alternar tabla de contenidos\"><span class=\"ez-toc-js-icon-con\"><span class=\"\"><span class=\"eztoc-hide\" style=\"display:none;\">Palanca<\/span><span class=\"ez-toc-icon-toggle-span\"><svg style=\"fill: #999;color:#999\" xmlns=\"http:\/\/www.w3.org\/2000\/svg\" class=\"list-377408\" width=\"20px\" height=\"20px\" viewbox=\"0 0 24 24\" fill=\"none\"><path d=\"M6 6H4v2h2V6zm14 0H8v2h12V6zM4 11h2v2H4v-2zm16 0H8v2h12v-2zM4 16h2v2H4v-2zm16 0H8v2h12v-2z\" fill=\"currentColor\"><\/path><\/svg><svg style=\"fill: #999;color:#999\" class=\"arrow-unsorted-368013\" xmlns=\"http:\/\/www.w3.org\/2000\/svg\" width=\"10px\" height=\"10px\" viewbox=\"0 0 24 24\" version=\"1.2\" baseprofile=\"tiny\"><path d=\"M18.2 9.3l-6.2-6.3-6.2 6.3c-.2.2-.3.4-.3.7s.1.5.3.7c.2.2.4.3.7.3h11c.3 0 .5-.1.7-.3.2-.2.3-.5.3-.7s-.1-.5-.3-.7zM5.8 14.7l6.2 6.3 6.2-6.3c.2-.2.3-.5.3-.7s-.1-.5-.3-.7c-.2-.2-.4-.3-.7-.3h-11c-.3 0-.5.1-.7.3-.2.2-.3.5-.3.7s.1.5.3.7z\"\/><\/svg><\/span><\/span><\/span><\/a><\/span><\/div>\n<nav><ul class='ez-toc-list ez-toc-list-level-1' ><li class='ez-toc-page-1 ez-toc-heading-level-2'><a class=\"ez-toc-link ez-toc-heading-1\" href=\"https:\/\/mythslegendes.com\/es\/mitologia-vasca\/cuentos-vascos-27\/#Contes-basques\" >Cuentos vascos<\/a><\/li><li class='ez-toc-page-1 ez-toc-heading-level-2'><a class=\"ez-toc-link ez-toc-heading-2\" href=\"https:\/\/mythslegendes.com\/es\/mitologia-vasca\/cuentos-vascos-27\/#La-lamina-de-Kobaundi\" >La lami\u00f1a de Kobaundi<\/a><\/li><li class='ez-toc-page-1 ez-toc-heading-level-2'><a class=\"ez-toc-link ez-toc-heading-3\" href=\"https:\/\/mythslegendes.com\/es\/mitologia-vasca\/cuentos-vascos-27\/#La-Dame-dAketegi\" >La Dama de Aketegi<\/a><\/li><li class='ez-toc-page-1 ez-toc-heading-level-2'><a class=\"ez-toc-link ez-toc-heading-4\" href=\"https:\/\/mythslegendes.com\/es\/mitologia-vasca\/cuentos-vascos-27\/#La-lamina-de-Leziaga\" >La lami\u00f1a de Leziaga<\/a><\/li><\/ul><\/nav><\/div>\n<h2 class=\"wp-block-heading\"><span class=\"ez-toc-section\" id=\"Contes-basques\"><\/span>Cuentos vascos<span class=\"ez-toc-section-end\"><\/span><\/h2>\n<p>Aqu\u00ed hay varios cuentos. <a href=\"https:\/\/mythslegendes.com\/es\/mitologia-vasca\/\">vasco<\/a> : la l\u00e1mina de Kobaundi, la dama de Aketegi, la l\u00e1mina de Leziaga<\/p>\n<p><img decoding=\"async\" class=\"alignnone wp-image-5284 size-full\" src=\"https:\/\/mythslegendes.com\/wp-content\/uploads\/2020\/09\/AlphaOmega-e1602613368367.png\" alt=\"Cuentos vascos\" width=\"25\" height=\"26\" title=\"\"><\/p>\n<h2><span class=\"ez-toc-section\" id=\"La-lamina-de-Kobaundi\"><\/span>La lami\u00f1a de Kobaundi<span class=\"ez-toc-section-end\"><\/span><\/h2>\n<p><\/p>\n<p><\/p>\n<p>Un joven de la casa Korrione (Garagarza-Arrasate) vio una lami\u00f1a en la entrada de la cueva de Kobaundi. Se enamor\u00f3 de \u00e9l.<br \/>Detuvieron el proyecto de casarse siempre que el joven adivine la edad de la lami\u00f1a.<\/p>\n<p>Una de sus vecinas se acerc\u00f3 entonces a la cueva de Kobaundi, se par\u00f3 de espaldas a la entrada, inclinada de modo que con la cabeza entre las piernas miraba hacia la cueva. Entonces, una lami\u00f1a que sal\u00eda grit\u00f3 al ver tal espect\u00e1culo:<br \/>\u201cEn quinientos a\u00f1os de existencia nunca he visto tal cosa\u201d.<\/p>\n<p><\/p>\n<p><\/p>\n<p>As\u00ed pudo saber el joven de Korrione la edad de la lami\u00f1a.<\/p>\n<p><\/p>\n<p><\/p>\n<p>Sin embargo, al notar que ten\u00eda patas de pato, se dio cuenta de que no era un ser humano y por lo tanto no pod\u00eda casarse con ella. Se puso enfermo, triste y dolorido, muri\u00f3 de eso. La lami\u00f1a fue a Korrione a cuidar all\u00ed su cuerpo, lo cubri\u00f3 con una s\u00e1bana que sac\u00f3 de una c\u00e1scara de nuez.<\/p>\n<p><\/p>\n<p><\/p>\n<p>Cuando la difunta fue llevada a su lugar de sepultura, ella formaba parte del cortejo f\u00fanebre pero se detuvo en la puerta de la iglesia de Garagarza.<\/p>\n<p><\/p>\n<p><\/p>\n<hr class=\"wp-block-separator\" \/>\n<p><\/p>\n<p><\/p>\n<h2 class=\"wp-block-heading\"><span class=\"ez-toc-section\" id=\"La-Dame-dAketegi\"><\/span>La Dama de Aketegi<span class=\"ez-toc-section-end\"><\/span><\/h2>\n<p><\/p>\n<p><\/p>\n<p>En la finca lthurriotz de Mufiloa viv\u00eda un matrimonio que ten\u00eda una hija muy desobediente, cuya ocupaci\u00f3n m\u00e1s importante era peinar su larga y hermosa cabellera, lo que le imped\u00eda realizar las tareas que le correspond\u00edan.<\/p>\n<p>Un d\u00eda su madre lo mand\u00f3 a la fuente a buscar agua. En ese preciso momento se desat\u00f3 una fuerte tormenta que fue motivo para que la joven rechazara el servicio. Su madre, ya cansada de culpar a su hija por su comportamiento, le dijo:<br \/>\u201c\u00a1Bueno, deja que el rayo te lleve! \u00bb<\/p>\n<p><\/p>\n<p><\/p>\n<p>En ese momento la joven fue secuestrada y desapareci\u00f3 de la vista de su madre. Casi al mismo tiempo, un pastor que estaba apacentando su reba\u00f1o cerca de la cueva de Aketegi, vio entrar en la cueva con un gran ruido, un misterioso fantasma humano cuyo cuerpo entero gritaba.<\/p>\n<p>Se cree que es la famosa joven negada por su madre y que desde entonces vive en esta l\u00fagubre cueva. Es habitual verla pasar en direcci\u00f3n a Aralar y Anboto disfrazada de guada\u00f1a de fuego.<\/p>\n<p><\/p>\n<p><\/p>\n<p>Se le dice a Cegama que si alguien lo llama diciendo tres veces \u201c\u00a1Aketigiko Dama! ella viene a pararse sobre su cabeza.<\/p>\n<p><\/p>\n<p><\/p>\n<p>Tambi\u00e9n se dice que en Aketegi, Mari lava la ropa los mi\u00e9rcoles y hornea el pan los viernes. Cuando est\u00e1 ocupada con estas tareas, una peque\u00f1a nube blanca aparece sobre la cueva.<\/p>\n<p><\/p>\n<p><\/p>\n<hr class=\"wp-block-separator\" \/>\n<p><\/p>\n<p><\/p>\n<h2 class=\"wp-block-heading\"><span class=\"ez-toc-section\" id=\"La-lamina-de-Leziaga\"><\/span>La lami\u00f1a de Leziaga<span class=\"ez-toc-section-end\"><\/span><\/h2>\n<p><\/p>\n<p><\/p>\n<p>Una joven de la Casa Usi (Orozko) visit\u00f3 el lami\u00f1ak de la cueva de Leziaga.<br \/>Le dieron una cierta cantidad de oro con la condici\u00f3n de que nunca regresara a ese lugar.<br \/>Pero un poco m\u00e1s tarde, la ni\u00f1a volvi\u00f3, ya no sali\u00f3 de la cueva.<\/p>\n<p><\/p>\n<p><\/p>\n<p>Su familia vino a buscarla, escucharon una voz que sal\u00eda de la cueva:<br \/>\u201cEn el futuro no faltar\u00e1 el oro en Usi pero siempre habr\u00e1 algunos locos. \u00bb<\/p>\n<p><\/p>\t\t\t\t\t\t\t\t<\/div>\n\t\t\t\t<\/div>\n\t\t\t\t\t<\/div>\n\t\t<\/div>\n\t\t\t\t\t<\/div>\n\t\t<\/section>\n\t\t\t\t<\/div>","protected":false},"excerpt":{"rendered":"<p>Wiki Mitolog\u00eda Vasca Cuentos Vascos Aqu\u00ed hay varios cuentos vascos: la l\u00e1mina de Kobaundi, la dama de Aketegi, la l\u00e1mina de \u2026 <\/p>","protected":false},"author":1,"featured_media":0,"parent":1004,"menu_order":0,"comment_status":"closed","ping_status":"closed","template":"","meta":{"footnotes":""},"class_list":["post-1315","page","type-page","status-publish","hentry"],"amp_enabled":true,"_links":{"self":[{"href":"https:\/\/mythslegendes.com\/es\/wp-json\/wp\/v2\/pages\/1315","targetHints":{"allow":["GET"]}}],"collection":[{"href":"https:\/\/mythslegendes.com\/es\/wp-json\/wp\/v2\/pages"}],"about":[{"href":"https:\/\/mythslegendes.com\/es\/wp-json\/wp\/v2\/types\/page"}],"author":[{"embeddable":true,"href":"https:\/\/mythslegendes.com\/es\/wp-json\/wp\/v2\/users\/1"}],"replies":[{"embeddable":true,"href":"https:\/\/mythslegendes.com\/es\/wp-json\/wp\/v2\/comments?post=1315"}],"version-history":[{"count":1,"href":"https:\/\/mythslegendes.com\/es\/wp-json\/wp\/v2\/pages\/1315\/revisions"}],"predecessor-version":[{"id":24710,"href":"https:\/\/mythslegendes.com\/es\/wp-json\/wp\/v2\/pages\/1315\/revisions\/24710"}],"up":[{"embeddable":true,"href":"https:\/\/mythslegendes.com\/es\/wp-json\/wp\/v2\/pages\/1004"}],"wp:attachment":[{"href":"https:\/\/mythslegendes.com\/es\/wp-json\/wp\/v2\/media?parent=1315"}],"curies":[{"name":"wp","href":"https:\/\/api.w.org\/{rel}","templated":true}]}}