{"id":1317,"date":"2020-06-23T12:37:20","date_gmt":"2020-06-23T11:37:20","guid":{"rendered":"https:\/\/mythslegendes.com\/?page_id=1317"},"modified":"2022-12-03T22:07:04","modified_gmt":"2022-12-03T22:07:04","slug":"le-cure-joue","status":"publish","type":"page","link":"https:\/\/mythslegendes.com\/es\/mitologia-vasca\/la-mejilla-cura\/","title":{"rendered":"El sacerdote jugaba"},"content":{"rendered":"<div data-elementor-type=\"wp-page\" data-elementor-id=\"1317\" class=\"elementor elementor-1317\">\n\t\t\t\t\t\t<section class=\"elementor-section elementor-top-section elementor-element elementor-element-2ff2cb1 elementor-section-boxed elementor-section-height-default elementor-section-height-default\" data-id=\"2ff2cb1\" data-element_type=\"section\" data-e-type=\"section\">\n\t\t\t\t\t\t<div class=\"elementor-container elementor-column-gap-default\">\n\t\t\t\t\t<div class=\"elementor-column elementor-col-50 elementor-top-column elementor-element elementor-element-c415baf\" data-id=\"c415baf\" data-element_type=\"column\" data-e-type=\"column\">\n\t\t\t<div class=\"elementor-widget-wrap elementor-element-populated\">\n\t\t\t\t\t\t<div class=\"elementor-element elementor-element-0a5c769 elementor-align-justify elementor-widget elementor-widget-button\" data-id=\"0a5c769\" data-element_type=\"widget\" data-e-type=\"widget\" data-widget_type=\"button.default\">\n\t\t\t\t<div class=\"elementor-widget-container\">\n\t\t\t\t\t\t\t\t\t<div class=\"elementor-button-wrapper\">\n\t\t\t\t\t<a class=\"elementor-button elementor-button-link elementor-size-sm\" href=\"https:\/\/mythslegendes.com\/es\/mitologia-vasca\/\">\n\t\t\t\t\t\t<span class=\"elementor-button-content-wrapper\">\n\t\t\t\t\t\t\t\t\t<span class=\"elementor-button-text\">Mitolog\u00eda vasca<\/span>\n\t\t\t\t\t<\/span>\n\t\t\t\t\t<\/a>\n\t\t\t\t<\/div>\n\t\t\t\t\t\t\t\t<\/div>\n\t\t\t\t<\/div>\n\t\t\t\t\t<\/div>\n\t\t<\/div>\n\t\t\t\t<div class=\"elementor-column elementor-col-50 elementor-top-column elementor-element elementor-element-7ebaec5\" data-id=\"7ebaec5\" data-element_type=\"column\" data-e-type=\"column\">\n\t\t\t<div class=\"elementor-widget-wrap elementor-element-populated\">\n\t\t\t\t\t\t<div class=\"elementor-element elementor-element-c4007df elementor-align-justify elementor-widget elementor-widget-button\" data-id=\"c4007df\" data-element_type=\"widget\" data-e-type=\"widget\" data-widget_type=\"button.default\">\n\t\t\t\t<div class=\"elementor-widget-container\">\n\t\t\t\t\t\t\t\t\t<div class=\"elementor-button-wrapper\">\n\t\t\t\t\t<a class=\"elementor-button elementor-button-link elementor-size-sm\" href=\"https:\/\/fr.wikipedia.org\/wiki\/Mythologie_basque\" target=\"_blank\" rel=\"noopener\">\n\t\t\t\t\t\t<span class=\"elementor-button-content-wrapper\">\n\t\t\t\t\t\t\t\t\t<span class=\"elementor-button-text\">Wiki<\/span>\n\t\t\t\t\t<\/span>\n\t\t\t\t\t<\/a>\n\t\t\t\t<\/div>\n\t\t\t\t\t\t\t\t<\/div>\n\t\t\t\t<\/div>\n\t\t\t\t\t<\/div>\n\t\t<\/div>\n\t\t\t\t\t<\/div>\n\t\t<\/section>\n\t\t\t\t<section class=\"elementor-section elementor-top-section elementor-element elementor-element-19619b26 elementor-section-boxed elementor-section-height-default elementor-section-height-default\" data-id=\"19619b26\" data-element_type=\"section\" data-e-type=\"section\">\n\t\t\t\t\t\t<div class=\"elementor-container elementor-column-gap-default\">\n\t\t\t\t\t<div class=\"elementor-column elementor-col-100 elementor-top-column elementor-element elementor-element-76cdb1f9\" data-id=\"76cdb1f9\" data-element_type=\"column\" data-e-type=\"column\">\n\t\t\t<div class=\"elementor-widget-wrap elementor-element-populated\">\n\t\t\t\t\t\t<div class=\"elementor-element elementor-element-55b4cc51 elementor-widget elementor-widget-text-editor\" data-id=\"55b4cc51\" data-element_type=\"widget\" data-e-type=\"widget\" data-widget_type=\"text-editor.default\">\n\t\t\t\t<div class=\"elementor-widget-container\">\n\t\t\t\t\t\t\t\t\t<p><\/p>\n<p>Como hay muchos en el mundo, hab\u00eda un caballero y una dama. El se\u00f1or se llamaba Petarillo, le gustaba ir de cacer\u00eda. Un d\u00eda pesc\u00f3 dos levrauts y, ese d\u00eda, el cura fue a verlo a su casa. El marido le dijo a su mujer: &quot;Si vuelve el cura, sueltas una de esas liebres como para venir a buscarme, at\u00e1ndole una nota al cuello y yo le ato otra nota al cuello de la otra&quot;. liebre.&quot; \u00bb<\/p>\n<p><img decoding=\"async\" class=\"alignnone wp-image-5284 size-full\" src=\"https:\/\/mythslegendes.com\/wp-content\/uploads\/2020\/09\/AlphaOmega-e1602613368367.png\" alt=\"sacerdote jug\u00f3\" width=\"25\" height=\"26\" title=\"\"><\/p>\n<div id=\"ez-toc-container\" class=\"ez-toc-v2_0_82_2 counter-hierarchy ez-toc-counter ez-toc-grey ez-toc-container-direction\">\n<div class=\"ez-toc-title-container\">\n<p class=\"ez-toc-title\" style=\"cursor:inherit\">Contenido<\/p>\n<span class=\"ez-toc-title-toggle\"><a href=\"#\" class=\"ez-toc-pull-right ez-toc-btn ez-toc-btn-xs ez-toc-btn-default ez-toc-toggle\" aria-label=\"Alternar tabla de contenidos\"><span class=\"ez-toc-js-icon-con\"><span class=\"\"><span class=\"eztoc-hide\" style=\"display:none;\">Palanca<\/span><span class=\"ez-toc-icon-toggle-span\"><svg style=\"fill: #999;color:#999\" xmlns=\"http:\/\/www.w3.org\/2000\/svg\" class=\"list-377408\" width=\"20px\" height=\"20px\" viewbox=\"0 0 24 24\" fill=\"none\"><path d=\"M6 6H4v2h2V6zm14 0H8v2h12V6zM4 11h2v2H4v-2zm16 0H8v2h12v-2zM4 16h2v2H4v-2zm16 0H8v2h12v-2z\" fill=\"currentColor\"><\/path><\/svg><svg style=\"fill: #999;color:#999\" class=\"arrow-unsorted-368013\" xmlns=\"http:\/\/www.w3.org\/2000\/svg\" width=\"10px\" height=\"10px\" viewbox=\"0 0 24 24\" version=\"1.2\" baseprofile=\"tiny\"><path d=\"M18.2 9.3l-6.2-6.3-6.2 6.3c-.2.2-.3.4-.3.7s.1.5.3.7c.2.2.4.3.7.3h11c.3 0 .5-.1.7-.3.2-.2.3-.5.3-.7s-.1-.5-.3-.7zM5.8 14.7l6.2 6.3 6.2-6.3c.2-.2.3-.5.3-.7s-.1-.5-.3-.7c-.2-.2-.4-.3-.7-.3h-11c-.3 0-.5.1-.7.3-.2.2-.3.5-.3.7s.1.5.3.7z\"\/><\/svg><\/span><\/span><\/span><\/a><\/span><\/div>\n<nav><ul class='ez-toc-list ez-toc-list-level-1' ><li class='ez-toc-page-1 ez-toc-heading-level-2'><a class=\"ez-toc-link ez-toc-heading-1\" href=\"https:\/\/mythslegendes.com\/es\/mitologia-vasca\/la-mejilla-cura\/#Le-cure-joue\" >El sacerdote jugaba<\/a><\/li><\/ul><\/nav><\/div>\n<h2><span class=\"ez-toc-section\" id=\"Le-cure-joue\"><\/span>El sacerdote jugaba<span class=\"ez-toc-section-end\"><\/span><\/h2>\n<p><\/p>\n<p>El sacerdote lleg\u00f3 un d\u00eda a su casa y pregunt\u00f3 d\u00f3nde estaba el marido. La mujer le dijo:<br \/>Mandar\u00e9 a buscarlo en una de esas liebres con billete. Dondequiera que est\u00e9, lo encontrar\u00e1, tan bien los ha entrenado. \u00bb<\/p>\n<p><\/p>\n<p>Y dej\u00f3 escapar a una de las liebres. Estaban impacientes esper\u00e1ndolo, cuando finalmente el esposo lleg\u00f3 a casa y su esposa le dijo: \u201cTe mand\u00e9 la liebre.<br \/>\u201cLo tengo aqu\u00ed\u201d, respondi\u00f3 el marido.<\/p>\n<p><\/p>\n<p>El sacerdote, asombrado, le rog\u00f3 que se la vendiera y le dijo:<br \/>&quot;Tienes que venderme esta liebre, por favor, la has entrenado tan bien&quot;. \u00bb<\/p>\n<p><\/p>\n<p>El cura repiti\u00f3 que hab\u00eda que vend\u00e9rselo. Y el hombre respondi\u00f3:<br \/>No te lo doy por menos de quinientos francos.<br \/>- Vaya ! \u00bfMe lo dejas por tres centavos?<br \/>- No no.&quot;<\/p>\n<p><\/p>\n<p>Eventualmente, \u00e9l le dej\u00f3 tenerlo a cuatrocientos. El sacerdote le dijo a su institutriz:<br \/>\u201cSi alguien viniera por m\u00ed, enviar\u00edas a esta liebre, que sabr\u00e1 encontrarme est\u00e9 donde est\u00e9. \u00bb<\/p>\n<p><\/p>\n<p>Un hombre vino al presbiterio para decir que un hombre enfermo preguntaba por el sacerdote. Ella envi\u00f3 esta liebre, convencida de que \u00e9l la encontrar\u00eda, pero el cura no apareci\u00f3. El hombre, cansado de esperar, se fue. La institutriz le dijo al cura que hab\u00eda enviado a la liebre, pero que no hab\u00eda vuelto a aparecer.<\/p>\n<p><\/p>\n<p>Fue, enojado, al cazador. Pero Petarillo, viendo llegar enfurecido al vicario, le dio a su mujer un odre de vino y le dijo:<br \/>\u201cPon esto debajo de tu blusa y cuando el cura est\u00e9 ah\u00ed, te apu\u00f1alar\u00e9 con ira y caer\u00e1s como muerto, pero cuando toque la xirula*, te levantar\u00e1s como resucitado\u201d. \u00bb<\/p>\n<p><\/p>\n<p>El sacerdote lleg\u00f3 muy enojado (discutieron los tres) y el hombre apu\u00f1al\u00f3 a su esposa, ella cay\u00f3 al suelo, el sacerdote le dijo:<br \/>\u201c\u00bfSabes lo que hiciste?<br \/>&quot;No es nada&quot;, respondi\u00f3, &quot;lo arreglar\u00e9 de inmediato&quot;.<\/p>\n<p><\/p>\n<p>Y tom\u00f3 su xirula y se puso a tocar. La mujer se levant\u00f3 resucitada y el cura le dijo: \u201cPor favor v\u00e9ndeme esta xirula. \u00bb<\/p>\n<p><\/p>\n<p>\u00c9l respondi\u00f3 que no quer\u00eda venderlo, porque era demasiado valioso.<br \/>\u201cPero tienes que vend\u00e9rmela. Cu\u00e1ntos quiere ? Te dar\u00e9 todo lo que pidas.<br \/>-Quinientos francos. Y \u00e9l se lo dio.<\/p>\n<p><\/p>\n<p>La institutriz del cura a veces se burlaba de \u00e9l, y al volver a casa quer\u00eda asustarla un poco. Cuando, como de costumbre, ella se ri\u00f3 de \u00e9l, \u00e9l la apu\u00f1al\u00f3 con un gran cuchillo de mesa.<\/p>\n<p>Su hermana le dijo:<br \/>\u201c\u00bfTe das cuenta de lo que has hecho? \u00a1Has matado a tu institutriz! \u00bb<br \/>\u00c9l le dijo; &quot;\u00a1No no! Puedo arreglarlo\u201d y comenz\u00f3 a tocar la xirula, pero no hizo nada para arreglarlo.<\/p>\n<p><\/p>\n<p>Il partit en col\u00e8re chez le chasseur, le prit, l&#039;attacha et l&#039;emporta dans son sac pour le jeter \u00e0 la mer. Comme il passait pr\u00e8s de l&#039;\u00e9glise, la cloche vint \u00e0 sonner, il le laissa l\u00e0 pour aller dire la misa. Mientras tanto, pas\u00f3 un pastor y le pregunt\u00f3 al hombre qu\u00e9 hac\u00eda all\u00ed. \u00c9l respondi\u00f3: &quot;El sacerdote me quiere tirar al mar porque no quiero casarme con la hija del rey&quot;. \u00bb<\/p>\n<p><\/p>\n<p>El otro le dijo: \u201cMe pondr\u00e9 en tu lugar y te librar\u00e9 e ir\u00e9 y me casar\u00e9 y t\u00fa, cuando me hayas encerrado en el costal, te ir\u00e1s con mi reba\u00f1o. \u00bb<\/p>\n<p><\/p>\n<p>Cuando el sacerdote volvi\u00f3, despu\u00e9s de haber dicho misa, tom\u00f3 la bolsa y mientras la cargaba sobre sus hombros, el hombre le dijo:<br \/>\u201c\u00a1Realmente quiero casarme con la hija del rey!<br \/>-\u00a1Me casar\u00e9 contigo pronto! \u00bb<br \/>Y lo arroj\u00f3 al mar.<\/p>\n<p><\/p>\n<p>*xirula: flauta <a href=\"https:\/\/mythslegendes.com\/es\/mitologia-vasca\/\">vasco<\/a> (pronunciado Tchiroula)<\/p>\n<p><\/p>\t\t\t\t\t\t\t\t<\/div>\n\t\t\t\t<\/div>\n\t\t\t\t\t<\/div>\n\t\t<\/div>\n\t\t\t\t\t<\/div>\n\t\t<\/section>\n\t\t\t\t<\/div>","protected":false},"excerpt":{"rendered":"<p>Wiki Mitolog\u00eda Vasca Como hay muchos en el mundo, hab\u00eda un se\u00f1or y una se\u00f1ora. \u2026 <\/p>","protected":false},"author":1,"featured_media":0,"parent":1004,"menu_order":0,"comment_status":"closed","ping_status":"closed","template":"","meta":{"footnotes":""},"class_list":["post-1317","page","type-page","status-publish","hentry"],"amp_enabled":true,"_links":{"self":[{"href":"https:\/\/mythslegendes.com\/es\/wp-json\/wp\/v2\/pages\/1317","targetHints":{"allow":["GET"]}}],"collection":[{"href":"https:\/\/mythslegendes.com\/es\/wp-json\/wp\/v2\/pages"}],"about":[{"href":"https:\/\/mythslegendes.com\/es\/wp-json\/wp\/v2\/types\/page"}],"author":[{"embeddable":true,"href":"https:\/\/mythslegendes.com\/es\/wp-json\/wp\/v2\/users\/1"}],"replies":[{"embeddable":true,"href":"https:\/\/mythslegendes.com\/es\/wp-json\/wp\/v2\/comments?post=1317"}],"version-history":[{"count":1,"href":"https:\/\/mythslegendes.com\/es\/wp-json\/wp\/v2\/pages\/1317\/revisions"}],"predecessor-version":[{"id":24711,"href":"https:\/\/mythslegendes.com\/es\/wp-json\/wp\/v2\/pages\/1317\/revisions\/24711"}],"up":[{"embeddable":true,"href":"https:\/\/mythslegendes.com\/es\/wp-json\/wp\/v2\/pages\/1004"}],"wp:attachment":[{"href":"https:\/\/mythslegendes.com\/es\/wp-json\/wp\/v2\/media?parent=1317"}],"curies":[{"name":"wp","href":"https:\/\/api.w.org\/{rel}","templated":true}]}}