{"id":1320,"date":"2020-06-23T12:38:57","date_gmt":"2020-06-23T11:38:57","guid":{"rendered":"https:\/\/mythslegendes.com\/?page_id=1320"},"modified":"2022-12-03T22:07:04","modified_gmt":"2022-12-03T22:07:04","slug":"le-vrai-et-le-faux","status":"publish","type":"page","link":"https:\/\/mythslegendes.com\/es\/mitologia-vasca\/lo-verdadero-y-lo-falso\/","title":{"rendered":"Lo verdadero y lo falso"},"content":{"rendered":"<div data-elementor-type=\"wp-page\" data-elementor-id=\"1320\" class=\"elementor elementor-1320\">\n\t\t\t\t\t\t<section class=\"elementor-section elementor-top-section elementor-element elementor-element-a4b7f9e elementor-section-boxed elementor-section-height-default elementor-section-height-default\" data-id=\"a4b7f9e\" data-element_type=\"section\" data-e-type=\"section\">\n\t\t\t\t\t\t<div class=\"elementor-container elementor-column-gap-default\">\n\t\t\t\t\t<div class=\"elementor-column elementor-col-50 elementor-top-column elementor-element elementor-element-ed8dc49\" data-id=\"ed8dc49\" data-element_type=\"column\" data-e-type=\"column\">\n\t\t\t<div class=\"elementor-widget-wrap elementor-element-populated\">\n\t\t\t\t\t\t<div class=\"elementor-element elementor-element-a43a655 elementor-align-justify elementor-widget elementor-widget-button\" data-id=\"a43a655\" data-element_type=\"widget\" data-e-type=\"widget\" data-widget_type=\"button.default\">\n\t\t\t\t<div class=\"elementor-widget-container\">\n\t\t\t\t\t\t\t\t\t<div class=\"elementor-button-wrapper\">\n\t\t\t\t\t<a class=\"elementor-button elementor-button-link elementor-size-sm\" href=\"https:\/\/mythslegendes.com\/es\/mitologia-vasca\/\">\n\t\t\t\t\t\t<span class=\"elementor-button-content-wrapper\">\n\t\t\t\t\t\t\t\t\t<span class=\"elementor-button-text\">Mitolog\u00eda vasca<\/span>\n\t\t\t\t\t<\/span>\n\t\t\t\t\t<\/a>\n\t\t\t\t<\/div>\n\t\t\t\t\t\t\t\t<\/div>\n\t\t\t\t<\/div>\n\t\t\t\t\t<\/div>\n\t\t<\/div>\n\t\t\t\t<div class=\"elementor-column elementor-col-50 elementor-top-column elementor-element elementor-element-8803158\" data-id=\"8803158\" data-element_type=\"column\" data-e-type=\"column\">\n\t\t\t<div class=\"elementor-widget-wrap elementor-element-populated\">\n\t\t\t\t\t\t<div class=\"elementor-element elementor-element-c622dbf elementor-align-justify elementor-widget elementor-widget-button\" data-id=\"c622dbf\" data-element_type=\"widget\" data-e-type=\"widget\" data-widget_type=\"button.default\">\n\t\t\t\t<div class=\"elementor-widget-container\">\n\t\t\t\t\t\t\t\t\t<div class=\"elementor-button-wrapper\">\n\t\t\t\t\t<a class=\"elementor-button elementor-button-link elementor-size-sm\" href=\"https:\/\/fr.wikipedia.org\/wiki\/Mythologie_basque\" target=\"_blank\" rel=\"noopener\">\n\t\t\t\t\t\t<span class=\"elementor-button-content-wrapper\">\n\t\t\t\t\t\t\t\t\t<span class=\"elementor-button-text\">Wiki<\/span>\n\t\t\t\t\t<\/span>\n\t\t\t\t\t<\/a>\n\t\t\t\t<\/div>\n\t\t\t\t\t\t\t\t<\/div>\n\t\t\t\t<\/div>\n\t\t\t\t\t<\/div>\n\t\t<\/div>\n\t\t\t\t\t<\/div>\n\t\t<\/section>\n\t\t\t\t<section class=\"elementor-section elementor-top-section elementor-element elementor-element-73f10296 elementor-section-boxed elementor-section-height-default elementor-section-height-default\" data-id=\"73f10296\" data-element_type=\"section\" data-e-type=\"section\">\n\t\t\t\t\t\t<div class=\"elementor-container elementor-column-gap-default\">\n\t\t\t\t\t<div class=\"elementor-column elementor-col-100 elementor-top-column elementor-element elementor-element-7cdebd48\" data-id=\"7cdebd48\" data-element_type=\"column\" data-e-type=\"column\">\n\t\t\t<div class=\"elementor-widget-wrap elementor-element-populated\">\n\t\t\t\t\t\t<div class=\"elementor-element elementor-element-1543cb1b elementor-widget elementor-widget-text-editor\" data-id=\"1543cb1b\" data-element_type=\"widget\" data-e-type=\"widget\" data-widget_type=\"text-editor.default\">\n\t\t\t\t<div class=\"elementor-widget-container\">\n\t\t\t\t\t\t\t\t\t\n<p>Aqu\u00ed est\u00e1 la historia contada de verdadero y falso. Una vez hubo una mujer que se cas\u00f3, enviud\u00f3 y se volvi\u00f3 a casar. Un d\u00eda que ten\u00eda a su marido en el trabajo, le sucedi\u00f3 un hombre. Ella le pregunt\u00f3 de d\u00f3nde era.<\/p>\n<p><img decoding=\"async\" class=\"alignnone wp-image-5284 size-full\" src=\"https:\/\/mythslegendes.com\/wp-content\/uploads\/2020\/09\/AlphaOmega-e1602613368367.png\" alt=\"lo verdadero y lo falso\" width=\"25\" height=\"26\" title=\"\"><\/p>\n<div id=\"ez-toc-container\" class=\"ez-toc-v2_0_82_2 counter-hierarchy ez-toc-counter ez-toc-grey ez-toc-container-direction\">\n<div class=\"ez-toc-title-container\">\n<p class=\"ez-toc-title\" style=\"cursor:inherit\">Contenido<\/p>\n<span class=\"ez-toc-title-toggle\"><a href=\"#\" class=\"ez-toc-pull-right ez-toc-btn ez-toc-btn-xs ez-toc-btn-default ez-toc-toggle\" aria-label=\"Alternar tabla de contenidos\"><span class=\"ez-toc-js-icon-con\"><span class=\"\"><span class=\"eztoc-hide\" style=\"display:none;\">Palanca<\/span><span class=\"ez-toc-icon-toggle-span\"><svg style=\"fill: #999;color:#999\" xmlns=\"http:\/\/www.w3.org\/2000\/svg\" class=\"list-377408\" width=\"20px\" height=\"20px\" viewbox=\"0 0 24 24\" fill=\"none\"><path d=\"M6 6H4v2h2V6zm14 0H8v2h12V6zM4 11h2v2H4v-2zm16 0H8v2h12v-2zM4 16h2v2H4v-2zm16 0H8v2h12v-2z\" fill=\"currentColor\"><\/path><\/svg><svg style=\"fill: #999;color:#999\" class=\"arrow-unsorted-368013\" xmlns=\"http:\/\/www.w3.org\/2000\/svg\" width=\"10px\" height=\"10px\" viewbox=\"0 0 24 24\" version=\"1.2\" baseprofile=\"tiny\"><path d=\"M18.2 9.3l-6.2-6.3-6.2 6.3c-.2.2-.3.4-.3.7s.1.5.3.7c.2.2.4.3.7.3h11c.3 0 .5-.1.7-.3.2-.2.3-.5.3-.7s-.1-.5-.3-.7zM5.8 14.7l6.2 6.3 6.2-6.3c.2-.2.3-.5.3-.7s-.1-.5-.3-.7c-.2-.2-.4-.3-.7-.3h-11c-.3 0-.5.1-.7.3-.2.2-.3.5-.3.7s.1.5.3.7z\"\/><\/svg><\/span><\/span><\/span><\/a><\/span><\/div>\n<nav><ul class='ez-toc-list ez-toc-list-level-1' ><li class='ez-toc-page-1 ez-toc-heading-level-2'><a class=\"ez-toc-link ez-toc-heading-1\" href=\"https:\/\/mythslegendes.com\/es\/mitologia-vasca\/lo-verdadero-y-lo-falso\/#Le-vrai-et-le-faux\" >Lo verdadero y lo falso<\/a><\/li><\/ul><\/nav><\/div>\n<h2><span class=\"ez-toc-section\" id=\"Le-vrai-et-le-faux\"><\/span>Lo verdadero y lo falso<span class=\"ez-toc-section-end\"><\/span><\/h2>\n<p>\u00c9l le respondi\u00f3: - &quot;del otro mundo. &quot;<br \/>- &quot;\u00a1Ah! ah! ah! \u00bfConoces alguna noticia de Pierre? &quot;.<br \/>\u00c9l responde que Pierre est\u00e1 muy bien, pero que se siente muy desdichado en comparaci\u00f3n con los zapatos y la ropa, y que ni siquiera puede comprar tabaco para fumar su pipa. Esta mujer dijo inmediatamente:<\/p>\n\n<p>- &quot;\u00bfLe gustar\u00eda traerle algunos centavos y algo de ropa?&quot; &quot;<br \/>- &quot; S\u00ed. &quot;<br \/>Y ella le da un poco. El hombre se va muy contento, con el paquete en la mano y algunas monedas en el bolsillo. Cuando regres\u00f3 su esposo, ella le dijo:<\/p>\n\n<p>- &quot;Jean, \u00bfno lo sabes?&quot; Hay noticias de Pierre; Tengo unos recientes. &quot;<br \/>- &quot;\u00bfQui\u00e9n se burl\u00f3 de ti, mujer?&quot; \u00bfQu\u00e9 le diste? &quot;<br \/>- &quot;Un paquete en mano&quot;. \u00a1Lo acabo de conocer! &quot;.<br \/>Saca su caballo del establo y se pone en marcha a toda velocidad. El hombre que se hab\u00eda sentado con su bulto a su lado oye el sonido del caballo y lanza su bulto a la espesura. Llega el jinete y le pregunta:<\/p>\n\n<p>- &quot;\u00bfHas visto pasar a un hombre por aqu\u00ed con un paquete en la mano?&quot; &quot;<br \/>- &quot; S\u00ed; \u00a1Ha entrado en este bosque! &quot;<br \/>- &quot;\u00bfTe gustar\u00eda quedarme con este caballo por un tiempo?&quot; &quot;<br \/>- &quot;Con mucho gusto. &quot;<br \/>Y nuestro hombre, dejando su caballo, se adentra en el bosque en busca del ladr\u00f3n. El otro villano toma su paquete, se sube al caballo, lo golpea y se escapa. Despu\u00e9s de una larga b\u00fasqueda, el hombre regres\u00f3; pero no encontr\u00f3 ni caballo ni bulto. Furioso, regres\u00f3 a casa y le dijo a su esposa:<\/p>\n\n<p>- &quot;\u00a1Ah! el hombre que se llev\u00f3 tu paquete y tu dinero, le di el caballo para que llegara al cielo lo antes posible! &quot;\u00a0<\/p>\n\t\t\t\t\t\t\t\t<\/div>\n\t\t\t\t<\/div>\n\t\t\t\t\t<\/div>\n\t\t<\/div>\n\t\t\t\t\t<\/div>\n\t\t<\/section>\n\t\t\t\t<\/div>","protected":false},"excerpt":{"rendered":"<p>Wiki Mitolog\u00eda Vasca Aqu\u00ed est\u00e1 la llamada historia verdadera y falsa. Hab\u00eda una vez una mujer que ten\u00eda... <\/p>","protected":false},"author":1,"featured_media":0,"parent":1004,"menu_order":0,"comment_status":"closed","ping_status":"closed","template":"","meta":{"footnotes":""},"class_list":["post-1320","page","type-page","status-publish","hentry"],"amp_enabled":true,"_links":{"self":[{"href":"https:\/\/mythslegendes.com\/es\/wp-json\/wp\/v2\/pages\/1320","targetHints":{"allow":["GET"]}}],"collection":[{"href":"https:\/\/mythslegendes.com\/es\/wp-json\/wp\/v2\/pages"}],"about":[{"href":"https:\/\/mythslegendes.com\/es\/wp-json\/wp\/v2\/types\/page"}],"author":[{"embeddable":true,"href":"https:\/\/mythslegendes.com\/es\/wp-json\/wp\/v2\/users\/1"}],"replies":[{"embeddable":true,"href":"https:\/\/mythslegendes.com\/es\/wp-json\/wp\/v2\/comments?post=1320"}],"version-history":[{"count":1,"href":"https:\/\/mythslegendes.com\/es\/wp-json\/wp\/v2\/pages\/1320\/revisions"}],"predecessor-version":[{"id":24712,"href":"https:\/\/mythslegendes.com\/es\/wp-json\/wp\/v2\/pages\/1320\/revisions\/24712"}],"up":[{"embeddable":true,"href":"https:\/\/mythslegendes.com\/es\/wp-json\/wp\/v2\/pages\/1004"}],"wp:attachment":[{"href":"https:\/\/mythslegendes.com\/es\/wp-json\/wp\/v2\/media?parent=1320"}],"curies":[{"name":"wp","href":"https:\/\/api.w.org\/{rel}","templated":true}]}}