{"id":1324,"date":"2020-06-23T12:41:10","date_gmt":"2020-06-23T11:41:10","guid":{"rendered":"https:\/\/mythslegendes.com\/?page_id=1324"},"modified":"2022-12-03T22:07:04","modified_gmt":"2022-12-03T22:07:04","slug":"contes-basques-28","status":"publish","type":"page","link":"https:\/\/mythslegendes.com\/es\/mitologia-vasca\/vasco-cuentos-28\/","title":{"rendered":"Cuentos vascos 28"},"content":{"rendered":"<div data-elementor-type=\"wp-page\" data-elementor-id=\"1324\" class=\"elementor elementor-1324\">\n\t\t\t\t\t\t<section class=\"elementor-section elementor-top-section elementor-element elementor-element-153c103 elementor-section-boxed elementor-section-height-default elementor-section-height-default\" data-id=\"153c103\" data-element_type=\"section\" data-e-type=\"section\">\n\t\t\t\t\t\t<div class=\"elementor-container elementor-column-gap-default\">\n\t\t\t\t\t<div class=\"elementor-column elementor-col-50 elementor-top-column elementor-element elementor-element-dff8d0b\" data-id=\"dff8d0b\" data-element_type=\"column\" data-e-type=\"column\">\n\t\t\t<div class=\"elementor-widget-wrap elementor-element-populated\">\n\t\t\t\t\t\t<div class=\"elementor-element elementor-element-6fa88fb elementor-align-justify elementor-widget elementor-widget-button\" data-id=\"6fa88fb\" data-element_type=\"widget\" data-e-type=\"widget\" data-widget_type=\"button.default\">\n\t\t\t\t<div class=\"elementor-widget-container\">\n\t\t\t\t\t\t\t\t\t<div class=\"elementor-button-wrapper\">\n\t\t\t\t\t<a class=\"elementor-button elementor-button-link elementor-size-sm\" href=\"https:\/\/mythslegendes.com\/es\/mitologia-vasca\/\">\n\t\t\t\t\t\t<span class=\"elementor-button-content-wrapper\">\n\t\t\t\t\t\t\t\t\t<span class=\"elementor-button-text\">Mitolog\u00eda vasca<\/span>\n\t\t\t\t\t<\/span>\n\t\t\t\t\t<\/a>\n\t\t\t\t<\/div>\n\t\t\t\t\t\t\t\t<\/div>\n\t\t\t\t<\/div>\n\t\t\t\t\t<\/div>\n\t\t<\/div>\n\t\t\t\t<div class=\"elementor-column elementor-col-50 elementor-top-column elementor-element elementor-element-d66aa33\" data-id=\"d66aa33\" data-element_type=\"column\" data-e-type=\"column\">\n\t\t\t<div class=\"elementor-widget-wrap elementor-element-populated\">\n\t\t\t\t\t\t<div class=\"elementor-element elementor-element-5b5a2e8 elementor-align-justify elementor-widget elementor-widget-button\" data-id=\"5b5a2e8\" data-element_type=\"widget\" data-e-type=\"widget\" data-widget_type=\"button.default\">\n\t\t\t\t<div class=\"elementor-widget-container\">\n\t\t\t\t\t\t\t\t\t<div class=\"elementor-button-wrapper\">\n\t\t\t\t\t<a class=\"elementor-button elementor-button-link elementor-size-sm\" href=\"https:\/\/fr.wikipedia.org\/wiki\/Mythologie_basque\" target=\"_blank\" rel=\"noopener\">\n\t\t\t\t\t\t<span class=\"elementor-button-content-wrapper\">\n\t\t\t\t\t\t\t\t\t<span class=\"elementor-button-text\">Wiki<\/span>\n\t\t\t\t\t<\/span>\n\t\t\t\t\t<\/a>\n\t\t\t\t<\/div>\n\t\t\t\t\t\t\t\t<\/div>\n\t\t\t\t<\/div>\n\t\t\t\t\t<\/div>\n\t\t<\/div>\n\t\t\t\t\t<\/div>\n\t\t<\/section>\n\t\t\t\t<section class=\"elementor-section elementor-top-section elementor-element elementor-element-52bfcc15 elementor-section-boxed elementor-section-height-default elementor-section-height-default\" data-id=\"52bfcc15\" data-element_type=\"section\" data-e-type=\"section\">\n\t\t\t\t\t\t<div class=\"elementor-container elementor-column-gap-default\">\n\t\t\t\t\t<div class=\"elementor-column elementor-col-100 elementor-top-column elementor-element elementor-element-7738beaf\" data-id=\"7738beaf\" data-element_type=\"column\" data-e-type=\"column\">\n\t\t\t<div class=\"elementor-widget-wrap elementor-element-populated\">\n\t\t\t\t\t\t<div class=\"elementor-element elementor-element-5eb60929 elementor-widget elementor-widget-text-editor\" data-id=\"5eb60929\" data-element_type=\"widget\" data-e-type=\"widget\" data-widget_type=\"text-editor.default\">\n\t\t\t\t<div class=\"elementor-widget-container\">\n\t\t\t\t\t\t\t\t\t<p><\/p>\n<div id=\"ez-toc-container\" class=\"ez-toc-v2_0_82_2 counter-hierarchy ez-toc-counter ez-toc-grey ez-toc-container-direction\">\n<div class=\"ez-toc-title-container\">\n<p class=\"ez-toc-title\" style=\"cursor:inherit\">Contenido<\/p>\n<span class=\"ez-toc-title-toggle\"><a href=\"#\" class=\"ez-toc-pull-right ez-toc-btn ez-toc-btn-xs ez-toc-btn-default ez-toc-toggle\" aria-label=\"Alternar tabla de contenidos\"><span class=\"ez-toc-js-icon-con\"><span class=\"\"><span class=\"eztoc-hide\" style=\"display:none;\">Palanca<\/span><span class=\"ez-toc-icon-toggle-span\"><svg style=\"fill: #999;color:#999\" xmlns=\"http:\/\/www.w3.org\/2000\/svg\" class=\"list-377408\" width=\"20px\" height=\"20px\" viewbox=\"0 0 24 24\" fill=\"none\"><path d=\"M6 6H4v2h2V6zm14 0H8v2h12V6zM4 11h2v2H4v-2zm16 0H8v2h12v-2zM4 16h2v2H4v-2zm16 0H8v2h12v-2z\" fill=\"currentColor\"><\/path><\/svg><svg style=\"fill: #999;color:#999\" class=\"arrow-unsorted-368013\" xmlns=\"http:\/\/www.w3.org\/2000\/svg\" width=\"10px\" height=\"10px\" viewbox=\"0 0 24 24\" version=\"1.2\" baseprofile=\"tiny\"><path d=\"M18.2 9.3l-6.2-6.3-6.2 6.3c-.2.2-.3.4-.3.7s.1.5.3.7c.2.2.4.3.7.3h11c.3 0 .5-.1.7-.3.2-.2.3-.5.3-.7s-.1-.5-.3-.7zM5.8 14.7l6.2 6.3 6.2-6.3c.2-.2.3-.5.3-.7s-.1-.5-.3-.7c-.2-.2-.4-.3-.7-.3h-11c-.3 0-.5.1-.7.3-.2.2-.3.5-.3.7s.1.5.3.7z\"\/><\/svg><\/span><\/span><\/span><\/a><\/span><\/div>\n<nav><ul class='ez-toc-list ez-toc-list-level-1' ><li class='ez-toc-page-1 ez-toc-heading-level-2'><a class=\"ez-toc-link ez-toc-heading-1\" href=\"https:\/\/mythslegendes.com\/es\/mitologia-vasca\/vasco-cuentos-28\/#Contes-basques\" >Cuentos vascos<\/a><\/li><li class='ez-toc-page-1 ez-toc-heading-level-2'><a class=\"ez-toc-link ez-toc-heading-2\" href=\"https:\/\/mythslegendes.com\/es\/mitologia-vasca\/vasco-cuentos-28\/#Le-serpent-Lhen-sugea\" >La serpiente que Lhen sugiri\u00f3<\/a><\/li><li class='ez-toc-page-1 ez-toc-heading-level-2'><a class=\"ez-toc-link ez-toc-heading-3\" href=\"https:\/\/mythslegendes.com\/es\/mitologia-vasca\/vasco-cuentos-28\/#La-Dame-dAnboto\" >La Dama de Anboto<\/a><\/li><li class='ez-toc-page-1 ez-toc-heading-level-2'><a class=\"ez-toc-link ez-toc-heading-4\" href=\"https:\/\/mythslegendes.com\/es\/mitologia-vasca\/vasco-cuentos-28\/#La-lamina-dans-la-maison\" >La lami\u00f1a en la casa<\/a><\/li><\/ul><\/nav><\/div>\n<h2 class=\"wp-block-heading\"><span class=\"ez-toc-section\" id=\"Contes-basques\"><\/span>Cuentos vascos<span class=\"ez-toc-section-end\"><\/span><\/h2>\n<p>Aqu\u00ed hay varios cuentos. <a href=\"https:\/\/mythslegendes.com\/es\/mitologia-vasca\/\">vasco<\/a> : la serpiente Lhen Sugea, la se\u00f1ora de Anboto, la hizo rodar dentro de la casa<\/p>\n<p><img decoding=\"async\" class=\"alignnone wp-image-5284 size-full\" src=\"https:\/\/mythslegendes.com\/wp-content\/uploads\/2020\/09\/AlphaOmega-e1602613368367.png\" alt=\"Cuentos vascos\" width=\"25\" height=\"26\" title=\"\"><\/p>\n<h2><span class=\"ez-toc-section\" id=\"Le-serpent-Lhen-sugea\"><\/span>La serpiente que Lhen sugiri\u00f3<span class=\"ez-toc-section-end\"><\/span><\/h2>\n<p><\/p>\n<p><\/p>\n<p>Se ha dicho desde hace mucho tiempo que Rhune escondi\u00f3 una serpiente gigantesca con siete bocas llamada Lhen Sugea que dorm\u00eda debajo de la monta\u00f1a, y era considerada la gobernante del mundo por la gente de la regi\u00f3n. En el monte Larrun viv\u00eda entonces un pastor.<\/p>\n<p>Un d\u00eda, este pastor se enamor\u00f3 de una joven de la llanura. La joven le hizo saber que solo tomar\u00eda a un hombre rico y poderoso como marido.<br \/>Para satisfacer la belleza, el pastor fue a ver al diablo, ofreci\u00e9ndole su alma a cambio de riquezas. Pero el alma del pastor no fue suficiente para el demonio. Le orden\u00f3 que quemara todos los bosques de Rhune. El fuego luego despert\u00f3 a Lhen Sugea quien escupi\u00f3 por sus siete bocas el oro y la plata escondidos debajo de la monta\u00f1a.<\/p>\n<p>El pastor, al ver toda esta riqueza derramarse a ambos lados de la monta\u00f1a, no pudo evitar lanzarse al fuego para amasar tanta fortuna. Muri\u00f3 quemado. Desde entonces, las laderas del monte Larrun han permanecido desprovistas de vegetaci\u00f3n.<\/p>\n<p><\/p>\n<p><\/p>\n<hr class=\"wp-block-separator\" \/>\n<p><\/p>\n<p><\/p>\n<h2 class=\"wp-block-heading\"><span class=\"ez-toc-section\" id=\"La-Dame-dAnboto\"><\/span>La Dama de Anboto<span class=\"ez-toc-section-end\"><\/span><\/h2>\n<p><\/p>\n<p><\/p>\n<p>Cuentan los antiguos que una joven de los alrededores de Markina fue a criar las ovejas en Gabaro y, al acercarse a la cueva, fue encerrada all\u00ed por la Dama de Anboto quien la cri\u00f3 como una se\u00f1orita muy bella: obra de esta La joven consist\u00eda en dar vueltas sin cesar, y nunca sal\u00eda a la calle. La Dama le trajo todo lo que quiso del exterior. La Se\u00f1ora le dijo un d\u00eda:<br \/>&quot;Ahora tienes que salir. &quot;<\/p>\n<p>Pero la joven no quiso salir porque estaba bien por dentro. Pero cuando finalmente estuvo lista para salir, la Se\u00f1ora le dijo:<br \/>\u201cAs\u00ed que toma un pu\u00f1ado de carb\u00f3n. &quot;<br \/>&quot;\u00bfPara qu\u00e9 necesito carb\u00f3n?&quot; Respondi\u00f3 la chica.<br \/>Cuando estuvo afuera, se mir\u00f3 las manos y vio que todo era oro rojo.<\/p>\n<p><\/p>\n<p><\/p>\n<hr class=\"wp-block-separator\" \/>\n<p><\/p>\n<p><\/p>\n<h2 class=\"wp-block-heading\"><span class=\"ez-toc-section\" id=\"La-lamina-dans-la-maison\"><\/span>La lami\u00f1a en la casa<span class=\"ez-toc-section-end\"><\/span><\/h2>\n<p><\/p>\n<p><\/p>\n<p>Hab\u00eda una vez un caballero y una dama. Y una noche, mientras giraba, se le apareci\u00f3 una L\u00e1mina a la se\u00f1ora y no pudieron deshacerse de ella. Todas las noches le daban de comer un jam\u00f3n y al final se cansaron de esta L\u00e1mina.<\/p>\n<p>Un d\u00eda la se\u00f1ora le dijo a su marido:<br \/>&quot;No puedo soportar m\u00e1s a esta Lamina, me gustar\u00eda ahuyentarla&quot;. &quot;<br \/>Y el marido se imagin\u00f3 visti\u00e9ndose con la ropa de su mujer y fingiendo que era ella y as\u00ed lo hizo. La mujer se fue a la cama y el hombre se qued\u00f3 solo en la cocina y el Lamina lleg\u00f3 como de costumbre. Y el marido estaba dando vueltas.<\/p>\n<p>La Lamina le dijo:<br \/>&quot;Buenos d\u00edas se\u00f1ora !<br \/>- Asimismo, si\u00e9ntese.<br \/>-Sol\u00edas hacer chirin, chirin, pero ahora<br \/>haces firgilun, fargalun. &quot;<\/p>\n<p>El hombre respondi\u00f3: \u201cS\u00ed, ahora estoy cansado. &quot;<br \/>Cuando su esposa le dio a comer jam\u00f3n, el hombre tambi\u00e9n le ofreci\u00f3 un poco.<br \/>&quot;\u00bfQuieres tu cena ahora?&quot;<br \/>&quot;S\u00ed, por favor&quot;, respondi\u00f3 Lamina.<\/p>\n<p>Puso la sart\u00e9n al fuego con un trozo de jam\u00f3n. Esper\u00f3 a que se cocinara y cuando estuvo rojo, muy rojo, se lo arroj\u00f3 directamente a la cara de Lamina. La pobre Lamina empez\u00f3 a gritar fuerte y una treintena de sus amigas llegaron corriendo.<\/p>\n<p>&quot;\u00bfQui\u00e9n te hiri\u00f3?<br \/>-Yo, a m\u00ed mismo, me lastim\u00e9.<br \/>-Si te hiciste esto, c\u00farate t\u00fa mismo. &quot;<\/p>\n<p>Y todos los Lamina se fueron y desde entonces no vinieron m\u00e1s de Lamina a esta casa. Este se\u00f1or y esta se\u00f1ora alguna vez vivieron muy bien, pero como la L\u00e1mina ya no lleg\u00f3, la casa se fue arruinando poco a poco y terminaron sus vidas en la pobreza. Y si hubieran vivido bien, habr\u00edan muerto.<\/p>\n<p><\/p>\t\t\t\t\t\t\t\t<\/div>\n\t\t\t\t<\/div>\n\t\t\t\t\t<\/div>\n\t\t<\/div>\n\t\t\t\t\t<\/div>\n\t\t<\/section>\n\t\t\t\t<\/div>","protected":false},"excerpt":{"rendered":"<p>Wiki Mitolog\u00eda Vasca Cuentos Vascos He aqu\u00ed varios cuentos vascos: la serpiente Lhen Sugea, la dama de Anboto, la l\u00e1mina en \u2026 <\/p>","protected":false},"author":1,"featured_media":0,"parent":1004,"menu_order":0,"comment_status":"closed","ping_status":"closed","template":"","meta":{"footnotes":""},"class_list":["post-1324","page","type-page","status-publish","hentry"],"amp_enabled":true,"_links":{"self":[{"href":"https:\/\/mythslegendes.com\/es\/wp-json\/wp\/v2\/pages\/1324","targetHints":{"allow":["GET"]}}],"collection":[{"href":"https:\/\/mythslegendes.com\/es\/wp-json\/wp\/v2\/pages"}],"about":[{"href":"https:\/\/mythslegendes.com\/es\/wp-json\/wp\/v2\/types\/page"}],"author":[{"embeddable":true,"href":"https:\/\/mythslegendes.com\/es\/wp-json\/wp\/v2\/users\/1"}],"replies":[{"embeddable":true,"href":"https:\/\/mythslegendes.com\/es\/wp-json\/wp\/v2\/comments?post=1324"}],"version-history":[{"count":1,"href":"https:\/\/mythslegendes.com\/es\/wp-json\/wp\/v2\/pages\/1324\/revisions"}],"predecessor-version":[{"id":24713,"href":"https:\/\/mythslegendes.com\/es\/wp-json\/wp\/v2\/pages\/1324\/revisions\/24713"}],"up":[{"embeddable":true,"href":"https:\/\/mythslegendes.com\/es\/wp-json\/wp\/v2\/pages\/1004"}],"wp:attachment":[{"href":"https:\/\/mythslegendes.com\/es\/wp-json\/wp\/v2\/media?parent=1324"}],"curies":[{"name":"wp","href":"https:\/\/api.w.org\/{rel}","templated":true}]}}