{"id":1328,"date":"2020-06-23T12:43:55","date_gmt":"2020-06-23T11:43:55","guid":{"rendered":"https:\/\/mythslegendes.com\/?page_id=1328"},"modified":"2022-12-03T22:07:05","modified_gmt":"2022-12-03T22:07:05","slug":"contes-basques-29","status":"publish","type":"page","link":"https:\/\/mythslegendes.com\/es\/mitologia-vasca\/vasco-cuentos-29\/","title":{"rendered":"Cuentos vascos 29"},"content":{"rendered":"<div data-elementor-type=\"wp-page\" data-elementor-id=\"1328\" class=\"elementor elementor-1328\">\n\t\t\t\t\t\t<section class=\"elementor-section elementor-top-section elementor-element elementor-element-425303d elementor-section-boxed elementor-section-height-default elementor-section-height-default\" data-id=\"425303d\" data-element_type=\"section\" data-e-type=\"section\">\n\t\t\t\t\t\t<div class=\"elementor-container elementor-column-gap-default\">\n\t\t\t\t\t<div class=\"elementor-column elementor-col-50 elementor-top-column elementor-element elementor-element-c27034d\" data-id=\"c27034d\" data-element_type=\"column\" data-e-type=\"column\">\n\t\t\t<div class=\"elementor-widget-wrap elementor-element-populated\">\n\t\t\t\t\t\t<div class=\"elementor-element elementor-element-81e0fda elementor-align-justify elementor-widget elementor-widget-button\" data-id=\"81e0fda\" data-element_type=\"widget\" data-e-type=\"widget\" data-widget_type=\"button.default\">\n\t\t\t\t<div class=\"elementor-widget-container\">\n\t\t\t\t\t\t\t\t\t<div class=\"elementor-button-wrapper\">\n\t\t\t\t\t<a class=\"elementor-button elementor-button-link elementor-size-sm\" href=\"https:\/\/mythslegendes.com\/es\/mitologia-vasca\/\">\n\t\t\t\t\t\t<span class=\"elementor-button-content-wrapper\">\n\t\t\t\t\t\t\t\t\t<span class=\"elementor-button-text\">Mitolog\u00eda vasca<\/span>\n\t\t\t\t\t<\/span>\n\t\t\t\t\t<\/a>\n\t\t\t\t<\/div>\n\t\t\t\t\t\t\t\t<\/div>\n\t\t\t\t<\/div>\n\t\t\t\t\t<\/div>\n\t\t<\/div>\n\t\t\t\t<div class=\"elementor-column elementor-col-50 elementor-top-column elementor-element elementor-element-0e00156\" data-id=\"0e00156\" data-element_type=\"column\" data-e-type=\"column\">\n\t\t\t<div class=\"elementor-widget-wrap elementor-element-populated\">\n\t\t\t\t\t\t<div class=\"elementor-element elementor-element-4bd9e69 elementor-align-justify elementor-widget elementor-widget-button\" data-id=\"4bd9e69\" data-element_type=\"widget\" data-e-type=\"widget\" data-widget_type=\"button.default\">\n\t\t\t\t<div class=\"elementor-widget-container\">\n\t\t\t\t\t\t\t\t\t<div class=\"elementor-button-wrapper\">\n\t\t\t\t\t<a class=\"elementor-button elementor-button-link elementor-size-sm\" href=\"https:\/\/fr.wikipedia.org\/wiki\/Mythologie_basque\" target=\"_blank\" rel=\"noopener\">\n\t\t\t\t\t\t<span class=\"elementor-button-content-wrapper\">\n\t\t\t\t\t\t\t\t\t<span class=\"elementor-button-text\">Wiki<\/span>\n\t\t\t\t\t<\/span>\n\t\t\t\t\t<\/a>\n\t\t\t\t<\/div>\n\t\t\t\t\t\t\t\t<\/div>\n\t\t\t\t<\/div>\n\t\t\t\t\t<\/div>\n\t\t<\/div>\n\t\t\t\t\t<\/div>\n\t\t<\/section>\n\t\t\t\t<section class=\"elementor-section elementor-top-section elementor-element elementor-element-67561cb elementor-section-boxed elementor-section-height-default elementor-section-height-default\" data-id=\"67561cb\" data-element_type=\"section\" data-e-type=\"section\">\n\t\t\t\t\t\t<div class=\"elementor-container elementor-column-gap-default\">\n\t\t\t\t\t<div class=\"elementor-column elementor-col-100 elementor-top-column elementor-element elementor-element-572418f0\" data-id=\"572418f0\" data-element_type=\"column\" data-e-type=\"column\">\n\t\t\t<div class=\"elementor-widget-wrap elementor-element-populated\">\n\t\t\t\t\t\t<div class=\"elementor-element elementor-element-2c9c1a7d elementor-widget elementor-widget-text-editor\" data-id=\"2c9c1a7d\" data-element_type=\"widget\" data-e-type=\"widget\" data-widget_type=\"text-editor.default\">\n\t\t\t\t<div class=\"elementor-widget-container\">\n\t\t\t\t\t\t\t\t\t<p><\/p>\n<div id=\"ez-toc-container\" class=\"ez-toc-v2_0_82_2 counter-hierarchy ez-toc-counter ez-toc-grey ez-toc-container-direction\">\n<div class=\"ez-toc-title-container\">\n<p class=\"ez-toc-title\" style=\"cursor:inherit\">Contenido<\/p>\n<span class=\"ez-toc-title-toggle\"><a href=\"#\" class=\"ez-toc-pull-right ez-toc-btn ez-toc-btn-xs ez-toc-btn-default ez-toc-toggle\" aria-label=\"Alternar tabla de contenidos\"><span class=\"ez-toc-js-icon-con\"><span class=\"\"><span class=\"eztoc-hide\" style=\"display:none;\">Palanca<\/span><span class=\"ez-toc-icon-toggle-span\"><svg style=\"fill: #999;color:#999\" xmlns=\"http:\/\/www.w3.org\/2000\/svg\" class=\"list-377408\" width=\"20px\" height=\"20px\" viewbox=\"0 0 24 24\" fill=\"none\"><path d=\"M6 6H4v2h2V6zm14 0H8v2h12V6zM4 11h2v2H4v-2zm16 0H8v2h12v-2zM4 16h2v2H4v-2zm16 0H8v2h12v-2z\" fill=\"currentColor\"><\/path><\/svg><svg style=\"fill: #999;color:#999\" class=\"arrow-unsorted-368013\" xmlns=\"http:\/\/www.w3.org\/2000\/svg\" width=\"10px\" height=\"10px\" viewbox=\"0 0 24 24\" version=\"1.2\" baseprofile=\"tiny\"><path d=\"M18.2 9.3l-6.2-6.3-6.2 6.3c-.2.2-.3.4-.3.7s.1.5.3.7c.2.2.4.3.7.3h11c.3 0 .5-.1.7-.3.2-.2.3-.5.3-.7s-.1-.5-.3-.7zM5.8 14.7l6.2 6.3 6.2-6.3c.2-.2.3-.5.3-.7s-.1-.5-.3-.7c-.2-.2-.4-.3-.7-.3h-11c-.3 0-.5.1-.7.3-.2.2-.3.5-.3.7s.1.5.3.7z\"\/><\/svg><\/span><\/span><\/span><\/a><\/span><\/div>\n<nav><ul class='ez-toc-list ez-toc-list-level-1' ><li class='ez-toc-page-1 ez-toc-heading-level-2'><a class=\"ez-toc-link ez-toc-heading-1\" href=\"https:\/\/mythslegendes.com\/es\/mitologia-vasca\/vasco-cuentos-29\/#Contes-basques\" >Cuentos vascos<\/a><\/li><li class='ez-toc-page-1 ez-toc-heading-level-2'><a class=\"ez-toc-link ez-toc-heading-2\" href=\"https:\/\/mythslegendes.com\/es\/mitologia-vasca\/vasco-cuentos-29\/#La-Dame-dOrhy\" >La dama de orhy<\/a><\/li><li class='ez-toc-page-1 ez-toc-heading-level-2'><a class=\"ez-toc-link ez-toc-heading-3\" href=\"https:\/\/mythslegendes.com\/es\/mitologia-vasca\/vasco-cuentos-29\/#Les-dettes-de-Dieu\" >Las deudas de dios<\/a><\/li><li class='ez-toc-page-1 ez-toc-heading-level-2'><a class=\"ez-toc-link ez-toc-heading-4\" href=\"https:\/\/mythslegendes.com\/es\/mitologia-vasca\/vasco-cuentos-29\/#Le-lamina-ravisseur\" >La secuestradora lami\u00f1a<\/a><\/li><\/ul><\/nav><\/div>\n<h2 class=\"wp-block-heading\"><span class=\"ez-toc-section\" id=\"Contes-basques\"><\/span>Cuentos vascos<span class=\"ez-toc-section-end\"><\/span><\/h2>\n<p>Aqu\u00ed hay varios cuentos. <a href=\"https:\/\/mythslegendes.com\/es\/mitologia-vasca\/\">vasco<\/a> : la dama de Orhy, las deudas de Dios, la l\u00e1mina secuestradora<\/p>\n<p><img decoding=\"async\" class=\"alignnone wp-image-5284 size-full\" src=\"https:\/\/mythslegendes.com\/wp-content\/uploads\/2020\/09\/AlphaOmega-e1602613368367.png\" alt=\"Cuentos vascos\" width=\"25\" height=\"26\" title=\"\"><\/p>\n<h2><span class=\"ez-toc-section\" id=\"La-Dame-dOrhy\"><\/span>La dama de orhy<span class=\"ez-toc-section-end\"><\/span><\/h2>\n<p><\/p>\n<p>Un d\u00eda, un pastor descubri\u00f3 en un abismo de la regi\u00f3n de Orhy a una mujer que se peinaba con un peine dorado. Ella le dijo al pastor:<br \/>\u201c- Si el d\u00eda de San Juan me cargas en tus hombros para salir de este lugar, te dar\u00e9 todas las riquezas que quieras; pero no debes tener miedo de nada, pase lo que pase. &quot;<\/p>\n<p>El Pastor se lo prometi\u00f3, y el d\u00eda de San Juan tom\u00f3 a la mujer sobre sus hombros y comenz\u00f3 a caminar. Pero inmediatamente todo tipo de animales salvajes, as\u00ed como una enorme serpiente que escupe fuego, salieron al camino y lo asustaron.<br \/>Entonces, dejando a la mujer all\u00ed, comenz\u00f3 a correr y sali\u00f3 del abismo. La mujer gritaba:<br \/>&quot;- \u00a1Ay de m\u00ed, todav\u00eda estoy aqu\u00ed por mil a\u00f1os! &quot;\u00a0<\/p>\n<p><\/p>\n<hr class=\"wp-block-separator\" \/>\n<p><\/p>\n<h2 class=\"wp-block-heading\"><span class=\"ez-toc-section\" id=\"Les-dettes-de-Dieu\"><\/span>Las deudas de dios<span class=\"ez-toc-section-end\"><\/span><\/h2>\n<p><\/p>\n<p>El buen Dios, cuando viajaba por el mundo, lleg\u00f3 un d\u00eda con San Pedro a una gran ciudad. Y mientras el divino viajero recorr\u00eda las largas calles, de todos los rincones sal\u00edan pobres de todo tipo, ancianos indefensos, ancianos marchitos, tullidos, ni\u00f1os hambrientos, pidiendo limosna a los transe\u00fantes.<\/p>\n<p>Las limosnas recibidas, los pobres agradecieron diciendo:<br \/>- &quot;Dios te pagar\u00e1&quot;.<br \/>Esta palabra, siempre la misma, provoc\u00f3 una gran angustia en la mente de San Pedro, tanto que, no pudiendo retenerla m\u00e1s, se dej\u00f3 llevar y dijo al buen Dios:<br \/>- &quot;Se\u00f1or, ya no quiero caminar contigo. Tienes demasiada deuda. Nunca podr\u00e1s pagar a todos los que te env\u00edan los pobres \u201d.<br \/>- &quot;Si te molestas en quedarte conmigo, Pierre, puedes seguir tu camino&quot;, respondi\u00f3 el buen Dios.<\/p>\n<p>Pierre, por tanto, se fue refunfu\u00f1ando. Pero no hab\u00eda avanzado ni veinte pasos cuando el buen Dios se subi\u00f3 a un espino, todo cargado de sus frutos maduros. El buen Dios sacudi\u00f3 las ramas del espino y dej\u00f3 caer los frutos. Y cada pieza de fruto se convert\u00eda, antes de llegar al suelo, en una hermosa pieza de plata, y cada pieza de plata, al llegar al suelo, tintineaba, tintineaba tan claro y tan fuerte que San Pedro volvi\u00f3 la cabeza y vio lo que estaba sucediendo. sucediendo. Y regresando apresuradamente, se inclin\u00f3, recogi\u00f3 los pedazos esparcidos y los abraz\u00f3 en su manga.<\/p>\n<p>- &quot;\u00a1Pierre, Pierre! le dijo el buen Dios, espera un poco y deja este dinero. Sabes que lo necesito para pagar mis deudas \u201d.<br \/>- &quot;\u00a1Ah! \u00a1Se\u00f1or! Sus acreedores, como veo, pueden estar tranquilos. Est\u00e1 en condiciones de pagar todas sus deudas. Por eso siempre caminar\u00e9 contigo \u201d.<\/p>\n<p><\/p>\n<hr class=\"wp-block-separator\" \/>\n<p><\/p>\n<h2 class=\"wp-block-heading\"><span class=\"ez-toc-section\" id=\"Le-lamina-ravisseur\"><\/span>La secuestradora lami\u00f1a<span class=\"ez-toc-section-end\"><\/span><\/h2>\n<p><\/p>\n<p>(Versi\u00f3n Aussurucq)<\/p>\n<p><\/p>\n<p>Marguerite Berterreix, de Cihigue (Soule), estaba cuidando a sus ovejas en la monta\u00f1a cuando apareci\u00f3 Lami\u00f1a, la ech\u00f3 de espaldas y la llev\u00f3 a la cueva de Lami\u00f1ategia, sin prestar atenci\u00f3n a su resistencia, ni a sus oraciones, ni a sus gritos desesperados. .<\/p>\n<p>Cuando lleg\u00f3 la noche, a sus padres les preocupaba que no la vieran regresar a casa. A la ma\u00f1ana siguiente empezaron a buscarla con sus vecinos, pensando que se hab\u00eda ca\u00eddo por alg\u00fan precipicio. Pero habiendo sido en vano su b\u00fasqueda, regresaron a casa, agotados, cuando un mendigo que ven\u00eda de Aussurucq les inform\u00f3 que, la noche anterior, hab\u00eda visto a una Lami\u00f1a entrar en la cueva Lami\u00f1ategia cargando a la espalda una ni\u00f1a que tiraba dinero. gritos fuertes.<\/p>\n<p>Esta noticia aument\u00f3 el dolor de los padres, pues al buscar entrar a la cueva sab\u00edan que se enfrentaban a la muerte. Ahora, en ese momento, hab\u00eda hombres salvajes en el pa\u00eds llamados Maidac, apuestos, altos y ricos, a quienes Roland luego ahuyent\u00f3; y todas las semanas, en el p\u00e1ramo de Mendi, Mairiak y Lami\u00f1ak se encontraban para ver alg\u00fan espect\u00e1culo.<\/p>\n<p><\/p>\n<p>Marguerite Berterreix llevaba cuatro a\u00f1os en la cueva, alimentada por los Lami\u00f1ak, entre otras cosas buenas, con pan blanco como la nieve. Ten\u00eda un hijo de tres a\u00f1os.<\/p>\n<p>Un d\u00eda, cuando los Lami\u00f1ak se estaban divirtiendo en el show con los Mairiak, ella le dijo a su hijo:<br \/>&quot;- Qu\u00e9date callado un rato, volver\u00e9 pronto. &quot;<br \/>y fuera de la cueva, luego, a toda velocidad, corri\u00f3 a casa.<\/p>\n<p><\/p>\n<p>Sus padres apenas la reconocieron, pero luego la abrazaron bien y pensaron en celebrar su regreso. La madre sola estaba triste:<br \/>\u201c&#039;Los Lami\u00f1ak&#039;, dijo, &#039;no tardar\u00edan en venir a buscar a Marguerite, y era urgente esconderla. &quot;<\/p>\n<p><\/p>\n<p>Inmediatamente fueron a cavar un gran hoyo en el establo y la tierra fue arrojada. All\u00ed pusieron a Marguerite; el pozo se cubri\u00f3 con tablas, dejando una abertura debajo de la cuna para permitir el paso del aire; Escondimos todo debajo de la litera y volvemos a colocar las vacas en su lugar habitual.<\/p>\n<p>El trabajo apenas estaba terminado cuando lleg\u00f3 el Lami\u00f1ak, reclamando a Marguerite. Los padres dijeron que no la hab\u00edan visto y los invitaron a visitar la casa. Lo hicieron y no encontraron nada.<\/p>\n<p>Marguerite permaneci\u00f3 tres d\u00edas y tres noches escondida en su agujero: pero sus padres, temiendo el resentimiento de los Lami\u00f1ak, decidieron enviarla a Par\u00eds. No hab\u00eda llegado m\u00e1s all\u00e1 de Tarbes que los Lami\u00f1ak estaban en casa de Berterreix, reanudando su in\u00fatil investigaci\u00f3n.<\/p>\n<p><\/p>\t\t\t\t\t\t\t\t<\/div>\n\t\t\t\t<\/div>\n\t\t\t\t\t<\/div>\n\t\t<\/div>\n\t\t\t\t\t<\/div>\n\t\t<\/section>\n\t\t\t\t<\/div>","protected":false},"excerpt":{"rendered":"<p>Mitolog\u00eda vasca Wiki Cuentos vascos Aqu\u00ed tienes varios cuentos vascos: la dama de Orhy, las deudas de Dios, la l\u00e1mina secuestradora\u2026 <\/p>","protected":false},"author":1,"featured_media":0,"parent":1004,"menu_order":0,"comment_status":"closed","ping_status":"closed","template":"","meta":{"footnotes":""},"class_list":["post-1328","page","type-page","status-publish","hentry"],"amp_enabled":true,"_links":{"self":[{"href":"https:\/\/mythslegendes.com\/es\/wp-json\/wp\/v2\/pages\/1328","targetHints":{"allow":["GET"]}}],"collection":[{"href":"https:\/\/mythslegendes.com\/es\/wp-json\/wp\/v2\/pages"}],"about":[{"href":"https:\/\/mythslegendes.com\/es\/wp-json\/wp\/v2\/types\/page"}],"author":[{"embeddable":true,"href":"https:\/\/mythslegendes.com\/es\/wp-json\/wp\/v2\/users\/1"}],"replies":[{"embeddable":true,"href":"https:\/\/mythslegendes.com\/es\/wp-json\/wp\/v2\/comments?post=1328"}],"version-history":[{"count":1,"href":"https:\/\/mythslegendes.com\/es\/wp-json\/wp\/v2\/pages\/1328\/revisions"}],"predecessor-version":[{"id":24714,"href":"https:\/\/mythslegendes.com\/es\/wp-json\/wp\/v2\/pages\/1328\/revisions\/24714"}],"up":[{"embeddable":true,"href":"https:\/\/mythslegendes.com\/es\/wp-json\/wp\/v2\/pages\/1004"}],"wp:attachment":[{"href":"https:\/\/mythslegendes.com\/es\/wp-json\/wp\/v2\/media?parent=1328"}],"curies":[{"name":"wp","href":"https:\/\/api.w.org\/{rel}","templated":true}]}}