{"id":1342,"date":"2020-06-23T12:54:55","date_gmt":"2020-06-23T11:54:55","guid":{"rendered":"https:\/\/mythslegendes.com\/?page_id=1342"},"modified":"2022-12-03T22:07:05","modified_gmt":"2022-12-03T22:07:05","slug":"contes-basques-31","status":"publish","type":"page","link":"https:\/\/mythslegendes.com\/es\/mitologia-vasca\/cuentos-vascos-31\/","title":{"rendered":"Cuentos vascos 31"},"content":{"rendered":"<div data-elementor-type=\"wp-page\" data-elementor-id=\"1342\" class=\"elementor elementor-1342\">\n\t\t\t\t\t\t<section class=\"elementor-section elementor-top-section elementor-element elementor-element-11502f8 elementor-section-boxed elementor-section-height-default elementor-section-height-default\" data-id=\"11502f8\" data-element_type=\"section\" data-e-type=\"section\">\n\t\t\t\t\t\t<div class=\"elementor-container elementor-column-gap-default\">\n\t\t\t\t\t<div class=\"elementor-column elementor-col-50 elementor-top-column elementor-element elementor-element-da4f432\" data-id=\"da4f432\" data-element_type=\"column\" data-e-type=\"column\">\n\t\t\t<div class=\"elementor-widget-wrap elementor-element-populated\">\n\t\t\t\t\t\t<div class=\"elementor-element elementor-element-7cb9514 elementor-align-justify elementor-widget elementor-widget-button\" data-id=\"7cb9514\" data-element_type=\"widget\" data-e-type=\"widget\" data-widget_type=\"button.default\">\n\t\t\t\t<div class=\"elementor-widget-container\">\n\t\t\t\t\t\t\t\t\t<div class=\"elementor-button-wrapper\">\n\t\t\t\t\t<a class=\"elementor-button elementor-button-link elementor-size-sm\" href=\"https:\/\/mythslegendes.com\/es\/mitologia-vasca\/\">\n\t\t\t\t\t\t<span class=\"elementor-button-content-wrapper\">\n\t\t\t\t\t\t\t\t\t<span class=\"elementor-button-text\">Mitolog\u00eda vasca<\/span>\n\t\t\t\t\t<\/span>\n\t\t\t\t\t<\/a>\n\t\t\t\t<\/div>\n\t\t\t\t\t\t\t\t<\/div>\n\t\t\t\t<\/div>\n\t\t\t\t\t<\/div>\n\t\t<\/div>\n\t\t\t\t<div class=\"elementor-column elementor-col-50 elementor-top-column elementor-element elementor-element-ab5c885\" data-id=\"ab5c885\" data-element_type=\"column\" data-e-type=\"column\">\n\t\t\t<div class=\"elementor-widget-wrap elementor-element-populated\">\n\t\t\t\t\t\t<div class=\"elementor-element elementor-element-faa9dff elementor-align-justify elementor-widget elementor-widget-button\" data-id=\"faa9dff\" data-element_type=\"widget\" data-e-type=\"widget\" data-widget_type=\"button.default\">\n\t\t\t\t<div class=\"elementor-widget-container\">\n\t\t\t\t\t\t\t\t\t<div class=\"elementor-button-wrapper\">\n\t\t\t\t\t<a class=\"elementor-button elementor-button-link elementor-size-sm\" href=\"https:\/\/fr.wikipedia.org\/wiki\/Mythologie_basque\" target=\"_blank\" rel=\"noopener\">\n\t\t\t\t\t\t<span class=\"elementor-button-content-wrapper\">\n\t\t\t\t\t\t\t\t\t<span class=\"elementor-button-text\">Wiki<\/span>\n\t\t\t\t\t<\/span>\n\t\t\t\t\t<\/a>\n\t\t\t\t<\/div>\n\t\t\t\t\t\t\t\t<\/div>\n\t\t\t\t<\/div>\n\t\t\t\t\t<\/div>\n\t\t<\/div>\n\t\t\t\t\t<\/div>\n\t\t<\/section>\n\t\t\t\t<section class=\"elementor-section elementor-top-section elementor-element elementor-element-2bf5dfac elementor-section-boxed elementor-section-height-default elementor-section-height-default\" data-id=\"2bf5dfac\" data-element_type=\"section\" data-e-type=\"section\">\n\t\t\t\t\t\t<div class=\"elementor-container elementor-column-gap-default\">\n\t\t\t\t\t<div class=\"elementor-column elementor-col-100 elementor-top-column elementor-element elementor-element-21914f90\" data-id=\"21914f90\" data-element_type=\"column\" data-e-type=\"column\">\n\t\t\t<div class=\"elementor-widget-wrap elementor-element-populated\">\n\t\t\t\t\t\t<div class=\"elementor-element elementor-element-63c490c3 elementor-widget elementor-widget-text-editor\" data-id=\"63c490c3\" data-element_type=\"widget\" data-e-type=\"widget\" data-widget_type=\"text-editor.default\">\n\t\t\t\t<div class=\"elementor-widget-container\">\n\t\t\t\t\t\t\t\t\t\n<div id=\"ez-toc-container\" class=\"ez-toc-v2_0_82_2 counter-hierarchy ez-toc-counter ez-toc-grey ez-toc-container-direction\">\n<div class=\"ez-toc-title-container\">\n<p class=\"ez-toc-title\" style=\"cursor:inherit\">Contenido<\/p>\n<span class=\"ez-toc-title-toggle\"><a href=\"#\" class=\"ez-toc-pull-right ez-toc-btn ez-toc-btn-xs ez-toc-btn-default ez-toc-toggle\" aria-label=\"Alternar tabla de contenidos\"><span class=\"ez-toc-js-icon-con\"><span class=\"\"><span class=\"eztoc-hide\" style=\"display:none;\">Palanca<\/span><span class=\"ez-toc-icon-toggle-span\"><svg style=\"fill: #999;color:#999\" xmlns=\"http:\/\/www.w3.org\/2000\/svg\" class=\"list-377408\" width=\"20px\" height=\"20px\" viewbox=\"0 0 24 24\" fill=\"none\"><path d=\"M6 6H4v2h2V6zm14 0H8v2h12V6zM4 11h2v2H4v-2zm16 0H8v2h12v-2zM4 16h2v2H4v-2zm16 0H8v2h12v-2z\" fill=\"currentColor\"><\/path><\/svg><svg style=\"fill: #999;color:#999\" class=\"arrow-unsorted-368013\" xmlns=\"http:\/\/www.w3.org\/2000\/svg\" width=\"10px\" height=\"10px\" viewbox=\"0 0 24 24\" version=\"1.2\" baseprofile=\"tiny\"><path d=\"M18.2 9.3l-6.2-6.3-6.2 6.3c-.2.2-.3.4-.3.7s.1.5.3.7c.2.2.4.3.7.3h11c.3 0 .5-.1.7-.3.2-.2.3-.5.3-.7s-.1-.5-.3-.7zM5.8 14.7l6.2 6.3 6.2-6.3c.2-.2.3-.5.3-.7s-.1-.5-.3-.7c-.2-.2-.4-.3-.7-.3h-11c-.3 0-.5.1-.7.3-.2.2-.3.5-.3.7s.1.5.3.7z\"\/><\/svg><\/span><\/span><\/span><\/a><\/span><\/div>\n<nav><ul class='ez-toc-list ez-toc-list-level-1' ><li class='ez-toc-page-1 ez-toc-heading-level-2'><a class=\"ez-toc-link ez-toc-heading-1\" href=\"https:\/\/mythslegendes.com\/es\/mitologia-vasca\/cuentos-vascos-31\/#Contes-basques\" >Cuentos vascos<\/a><\/li><li class='ez-toc-page-1 ez-toc-heading-level-2'><a class=\"ez-toc-link ez-toc-heading-2\" href=\"https:\/\/mythslegendes.com\/es\/mitologia-vasca\/cuentos-vascos-31\/#Les-laminak-a-Behorlegui-Mendi\" >El laminak en Behorlegui-Mendi<\/a><\/li><li class='ez-toc-page-1 ez-toc-heading-level-2'><a class=\"ez-toc-link ez-toc-heading-3\" href=\"https:\/\/mythslegendes.com\/es\/mitologia-vasca\/cuentos-vascos-31\/#Les-laminak-du-Mandarrain\" >El laminak de Mandarrain<\/a><\/li><li class='ez-toc-page-1 ez-toc-heading-level-2'><a class=\"ez-toc-link ez-toc-heading-4\" href=\"https:\/\/mythslegendes.com\/es\/mitologia-vasca\/cuentos-vascos-31\/#Le-chateau-de-Laustenia\" >El castillo de Laustenia<\/a><\/li><\/ul><\/nav><\/div>\n<h2 class=\"wp-block-heading\"><span class=\"ez-toc-section\" id=\"Contes-basques\"><\/span>Cuentos vascos<span class=\"ez-toc-section-end\"><\/span><\/h2>\n<p>Aqu\u00ed hay varios cuentos. <a href=\"https:\/\/mythslegendes.com\/es\/mitologia-vasca\/\">vasco<\/a> : el laminak de Behorlegui-Mendi, el laminak de Mandarrain, el castillo de Laustenia<\/p>\n<p><img decoding=\"async\" class=\"alignnone wp-image-5284 size-full\" src=\"https:\/\/mythslegendes.com\/wp-content\/uploads\/2020\/09\/AlphaOmega-e1602613368367.png\" alt=\"Cuentos vascos\" width=\"25\" height=\"26\" title=\"\"><\/p>\n<h2><span class=\"ez-toc-section\" id=\"Les-laminak-a-Behorlegui-Mendi\"><\/span>El laminak en Behorlegui-Mendi<span class=\"ez-toc-section-end\"><\/span><\/h2>\n\n<p>En Behorlegui-Mendi, antiguamente, hab\u00eda agujeros de Laminak por todas partes.<\/p>\n\n<p>Un d\u00eda, un pastor vio a una Dama Salvaje que, en uno de estos agujeros, pintaba con un peine de oro. \u00a1Y no estaba poco asustado!<\/p>\n\n<p>Pero la Dama Salvaje le dice que no tenga miedo. Es m\u00e1s, si \u00e9l la tomaba sobre su espalda y la llevaba a Apanize desde su agujero, ella felizmente le dar\u00eda dinero.<br \/>El pastor estuvo de acuerdo: la transportar\u00eda de buen grado.<\/p>\n\n<p>Entonces la tom\u00f3 sobre su espalda. Pero a\u00fan no hab\u00eda salido de la guarida cuando aparecieron ante \u00e9l varios animales. Aterrorizado, inmediatamente arroj\u00f3 a la Dama Salvaje al suelo y huy\u00f3 lo m\u00e1s r\u00e1pido posible.<\/p>\n\n<p>La Dama Salvaje lanz\u00f3 entonces un grito de miedo. Y con un aullido dijo:<br \/>- Maldici\u00f3n ! \u00a1Desde hace mil a\u00f1os debo permanecer en este agujero!<br \/>Y desde entonces, ella ha estado all\u00ed, en el precipicio. \u00a1Y jam\u00e1s un pastor se aventura por estos lares!<\/p>\n<hr class=\"wp-block-separator\" \/>\n<h2 class=\"wp-block-heading\"><span class=\"ez-toc-section\" id=\"Les-laminak-du-Mandarrain\"><\/span>El laminak de Mandarrain<span class=\"ez-toc-section-end\"><\/span><\/h2>\n\n<p>Se dice que antiguamente hab\u00eda Laminak en el punto m\u00e1s alto de la monta\u00f1a de Mondarrain.<\/p>\n\n<p>Todas las ma\u00f1anas (pero antes de que apareciera el sol) la Dama Salvaje iba a la cima de la monta\u00f1a para peinarse con un peine dorado. Y todos los pastores cercanos pudieron verlo.<\/p>\n\n<p>Una vez, antes del amanecer, un pastor le rob\u00f3 su peine de oro y huy\u00f3.<\/p>\n\n<p>La Dama Salvaje no se dio cuenta de inmediato cuando comenz\u00f3 a perseguirlo. Ya casi lo ha alcanzado cuando aparecen los primeros rayos de sol.<\/p>\n\n<p>E inmediatamente, queriendo o sin querer, la Dama Salvaje tuvo que regresar a su guarida, y el pastor qued\u00f3 en posesi\u00f3n del peine.<\/p>\n<hr class=\"wp-block-separator\" \/>\n<h2 class=\"wp-block-heading\"><span class=\"ez-toc-section\" id=\"Le-chateau-de-Laustenia\"><\/span>El castillo de Laustenia<span class=\"ez-toc-section-end\"><\/span><\/h2>\n\n<p>Hace mucho tiempo, el se\u00f1or de Laustania, al encontrar su castillo demasiado pobre, pidi\u00f3, seg\u00fan se dice, a los Laminak que le construyeran uno nuevo.<\/p>\n\n<p>Los Laminak lo quer\u00edan. Con mucho gusto construir\u00edan el castillo; e incluso, lo har\u00e1n antes del primer canto del gallo pasada la medianoche. Una condici\u00f3n: como salario, el se\u00f1or les dar\u00eda su alma. Y el se\u00f1or de Laustania hizo la promesa.<\/p>\n\n<p>Esa misma noche, los Laminak comenzaron su trabajo. Cortan perfectamente hermosas piedras rojas de Arradoy. Y luego se las pasaban r\u00e1pidamente de uno a otro, diciendo en voz baja:<br \/>\u2013 \u00a1Aqu\u00ed, Guill\u00e9n!<br \/>\u2013 \u00a1T\u00f3malo, Guill\u00e9n!<br \/>\u2013 \u00a1Dale, Guill\u00e9n!<\/p>\n\n<p>Y el trabajo avanz\u00f3, avanz\u00f3 con furia. Desde lo alto de las escaleras del gallinero, el se\u00f1or de Laustania mir\u00f3 a los Laminak. En una mano sosten\u00eda cierto paquete gris.<\/p>\n\n<p>Y aqu\u00ed Laminak agarr\u00f3 la \u00faltima piedra:<br \/>\u2013 \u00a1Aqu\u00ed, Guill\u00e9n!<br \/>\u2013 \u00a1T\u00f3malo, Guill\u00e9n!<br \/>\u2013 \u00a1Este es el \u00faltimo Guill\u00e9n!<\/p>\n\n<p>En el mismo momento, el se\u00f1or de Laustania prendi\u00f3 fuego a un gran trozo de le\u00f1a; Una gran luz se alz\u00f3 frente al gallinero. Un gallo joven se asust\u00f3, temiendo que ese d\u00eda el sol lo hubiera golpeado: cant\u00f3 kukuruku y comenz\u00f3 a batir sus alas.<\/p>\n\n<p>Con un aullido estridente, el \u00faltimo Laminak en el abismo del r\u00edo arroj\u00f3 la \u00faltima piedra que ya ten\u00eda en sus manos: \u201c\u00a1Gallo maldito! \u00bb Y \u00e9l mismo se hundi\u00f3 en el abismo con sus compa\u00f1eros.<\/p>\n\n<p>Nadie ha podido jam\u00e1s sacar esta piedra del abismo. Sigue ah\u00ed, en el fondo del agua: los Laminak lo sujetan con sus garras. Y al Castillo de Laustania siempre le ha faltado una piedra.<\/p>\n\t\t\t\t\t\t\t\t<\/div>\n\t\t\t\t<\/div>\n\t\t\t\t\t<\/div>\n\t\t<\/div>\n\t\t\t\t\t<\/div>\n\t\t<\/section>\n\t\t\t\t<\/div>","protected":false},"excerpt":{"rendered":"<p>Wiki Mitolog\u00eda Vasca Cuentos Vascos Aqu\u00ed tienes varios cuentos vascos: el laminak de Behorlegui-Mendi, el laminak de Mandarrain, el castillo\u2026 <\/p>","protected":false},"author":1,"featured_media":0,"parent":1004,"menu_order":0,"comment_status":"closed","ping_status":"closed","template":"","meta":{"footnotes":""},"class_list":["post-1342","page","type-page","status-publish","hentry"],"amp_enabled":true,"_links":{"self":[{"href":"https:\/\/mythslegendes.com\/es\/wp-json\/wp\/v2\/pages\/1342","targetHints":{"allow":["GET"]}}],"collection":[{"href":"https:\/\/mythslegendes.com\/es\/wp-json\/wp\/v2\/pages"}],"about":[{"href":"https:\/\/mythslegendes.com\/es\/wp-json\/wp\/v2\/types\/page"}],"author":[{"embeddable":true,"href":"https:\/\/mythslegendes.com\/es\/wp-json\/wp\/v2\/users\/1"}],"replies":[{"embeddable":true,"href":"https:\/\/mythslegendes.com\/es\/wp-json\/wp\/v2\/comments?post=1342"}],"version-history":[{"count":1,"href":"https:\/\/mythslegendes.com\/es\/wp-json\/wp\/v2\/pages\/1342\/revisions"}],"predecessor-version":[{"id":24717,"href":"https:\/\/mythslegendes.com\/es\/wp-json\/wp\/v2\/pages\/1342\/revisions\/24717"}],"up":[{"embeddable":true,"href":"https:\/\/mythslegendes.com\/es\/wp-json\/wp\/v2\/pages\/1004"}],"wp:attachment":[{"href":"https:\/\/mythslegendes.com\/es\/wp-json\/wp\/v2\/media?parent=1342"}],"curies":[{"name":"wp","href":"https:\/\/api.w.org\/{rel}","templated":true}]}}