{"id":1345,"date":"2020-06-23T12:57:11","date_gmt":"2020-06-23T11:57:11","guid":{"rendered":"https:\/\/mythslegendes.com\/?page_id=1345"},"modified":"2022-12-03T22:07:05","modified_gmt":"2022-12-03T22:07:05","slug":"le-tartare-et-les-trois-enfants","status":"publish","type":"page","link":"https:\/\/mythslegendes.com\/es\/mitologia-vasca\/el-tartaro-y-los-tres-ninos\/","title":{"rendered":"Tartarus y los tres hijos"},"content":{"rendered":"<div data-elementor-type=\"wp-page\" data-elementor-id=\"1345\" class=\"elementor elementor-1345\">\n\t\t\t\t\t\t<section class=\"elementor-section elementor-top-section elementor-element elementor-element-9daa368 elementor-section-boxed elementor-section-height-default elementor-section-height-default\" data-id=\"9daa368\" data-element_type=\"section\" data-e-type=\"section\">\n\t\t\t\t\t\t<div class=\"elementor-container elementor-column-gap-default\">\n\t\t\t\t\t<div class=\"elementor-column elementor-col-50 elementor-top-column elementor-element elementor-element-be36820\" data-id=\"be36820\" data-element_type=\"column\" data-e-type=\"column\">\n\t\t\t<div class=\"elementor-widget-wrap elementor-element-populated\">\n\t\t\t\t\t\t<div class=\"elementor-element elementor-element-2ef4243 elementor-align-justify elementor-widget elementor-widget-button\" data-id=\"2ef4243\" data-element_type=\"widget\" data-e-type=\"widget\" data-widget_type=\"button.default\">\n\t\t\t\t<div class=\"elementor-widget-container\">\n\t\t\t\t\t\t\t\t\t<div class=\"elementor-button-wrapper\">\n\t\t\t\t\t<a class=\"elementor-button elementor-button-link elementor-size-sm\" href=\"https:\/\/mythslegendes.com\/es\/mitologia-vasca\/\">\n\t\t\t\t\t\t<span class=\"elementor-button-content-wrapper\">\n\t\t\t\t\t\t\t\t\t<span class=\"elementor-button-text\">Mitolog\u00eda vasca<\/span>\n\t\t\t\t\t<\/span>\n\t\t\t\t\t<\/a>\n\t\t\t\t<\/div>\n\t\t\t\t\t\t\t\t<\/div>\n\t\t\t\t<\/div>\n\t\t\t\t\t<\/div>\n\t\t<\/div>\n\t\t\t\t<div class=\"elementor-column elementor-col-50 elementor-top-column elementor-element elementor-element-161ca4b\" data-id=\"161ca4b\" data-element_type=\"column\" data-e-type=\"column\">\n\t\t\t<div class=\"elementor-widget-wrap elementor-element-populated\">\n\t\t\t\t\t\t<div class=\"elementor-element elementor-element-e6eaa04 elementor-align-justify elementor-widget elementor-widget-button\" data-id=\"e6eaa04\" data-element_type=\"widget\" data-e-type=\"widget\" data-widget_type=\"button.default\">\n\t\t\t\t<div class=\"elementor-widget-container\">\n\t\t\t\t\t\t\t\t\t<div class=\"elementor-button-wrapper\">\n\t\t\t\t\t<a class=\"elementor-button elementor-button-link elementor-size-sm\" href=\"https:\/\/fr.wikipedia.org\/wiki\/Mythologie_basque\" target=\"_blank\" rel=\"noopener\">\n\t\t\t\t\t\t<span class=\"elementor-button-content-wrapper\">\n\t\t\t\t\t\t\t\t\t<span class=\"elementor-button-text\">Wiki<\/span>\n\t\t\t\t\t<\/span>\n\t\t\t\t\t<\/a>\n\t\t\t\t<\/div>\n\t\t\t\t\t\t\t\t<\/div>\n\t\t\t\t<\/div>\n\t\t\t\t\t<\/div>\n\t\t<\/div>\n\t\t\t\t\t<\/div>\n\t\t<\/section>\n\t\t\t\t<section class=\"elementor-section elementor-top-section elementor-element elementor-element-29abf1d6 elementor-section-boxed elementor-section-height-default elementor-section-height-default\" data-id=\"29abf1d6\" data-element_type=\"section\" data-e-type=\"section\">\n\t\t\t\t\t\t<div class=\"elementor-container elementor-column-gap-default\">\n\t\t\t\t\t<div class=\"elementor-column elementor-col-100 elementor-top-column elementor-element elementor-element-7b6fe42f\" data-id=\"7b6fe42f\" data-element_type=\"column\" data-e-type=\"column\">\n\t\t\t<div class=\"elementor-widget-wrap elementor-element-populated\">\n\t\t\t\t\t\t<div class=\"elementor-element elementor-element-5e0262a5 elementor-widget elementor-widget-text-editor\" data-id=\"5e0262a5\" data-element_type=\"widget\" data-e-type=\"widget\" data-widget_type=\"text-editor.default\">\n\t\t\t\t<div class=\"elementor-widget-container\">\n\t\t\t\t\t\t\t\t\t<p><\/p>\n<p>Aqu\u00ed est\u00e1 la historia de Tartarus y los tres ni\u00f1os. Tres ni\u00f1os hab\u00edan quedado hu\u00e9rfanos de padre y madre. Como estaban en la indigencia, sin tener ni un pedazo de pan para llevarse a la boca, siguieron el consejo de su hermano menor y se dispusieron a buscar fortuna.<\/p>\n<p>De bosque en bosque llegaron de noche sin encontrar casa donde cenar. El m\u00e1s joven se sube a un \u00e1rbol y descubre a lo lejos un hermoso castillo. Lleva all\u00ed a sus hermanos, regocij\u00e1ndose con la esperanza de una buena comida. Llaman a la puerta y piden a la caridad comida y comida para la noche.<\/p>\n<p><img decoding=\"async\" class=\"alignnone wp-image-5284 size-full\" src=\"https:\/\/mythslegendes.com\/wp-content\/uploads\/2020\/09\/AlphaOmega-e1602613368367.png\" alt=\"el t\u00e1rtaro y los tres ni\u00f1os\" width=\"25\" height=\"26\" title=\"\"><\/p>\n<div id=\"ez-toc-container\" class=\"ez-toc-v2_0_82_2 counter-hierarchy ez-toc-counter ez-toc-grey ez-toc-container-direction\">\n<div class=\"ez-toc-title-container\">\n<p class=\"ez-toc-title\" style=\"cursor:inherit\">Contenido<\/p>\n<span class=\"ez-toc-title-toggle\"><a href=\"#\" class=\"ez-toc-pull-right ez-toc-btn ez-toc-btn-xs ez-toc-btn-default ez-toc-toggle\" aria-label=\"Alternar tabla de contenidos\"><span class=\"ez-toc-js-icon-con\"><span class=\"\"><span class=\"eztoc-hide\" style=\"display:none;\">Palanca<\/span><span class=\"ez-toc-icon-toggle-span\"><svg style=\"fill: #999;color:#999\" xmlns=\"http:\/\/www.w3.org\/2000\/svg\" class=\"list-377408\" width=\"20px\" height=\"20px\" viewbox=\"0 0 24 24\" fill=\"none\"><path d=\"M6 6H4v2h2V6zm14 0H8v2h12V6zM4 11h2v2H4v-2zm16 0H8v2h12v-2zM4 16h2v2H4v-2zm16 0H8v2h12v-2z\" fill=\"currentColor\"><\/path><\/svg><svg style=\"fill: #999;color:#999\" class=\"arrow-unsorted-368013\" xmlns=\"http:\/\/www.w3.org\/2000\/svg\" width=\"10px\" height=\"10px\" viewbox=\"0 0 24 24\" version=\"1.2\" baseprofile=\"tiny\"><path d=\"M18.2 9.3l-6.2-6.3-6.2 6.3c-.2.2-.3.4-.3.7s.1.5.3.7c.2.2.4.3.7.3h11c.3 0 .5-.1.7-.3.2-.2.3-.5.3-.7s-.1-.5-.3-.7zM5.8 14.7l6.2 6.3 6.2-6.3c.2-.2.3-.5.3-.7s-.1-.5-.3-.7c-.2-.2-.4-.3-.7-.3h-11c-.3 0-.5.1-.7.3-.2.2-.3.5-.3.7s.1.5.3.7z\"\/><\/svg><\/span><\/span><\/span><\/a><\/span><\/div>\n<nav><ul class='ez-toc-list ez-toc-list-level-1' ><li class='ez-toc-page-1 ez-toc-heading-level-2'><a class=\"ez-toc-link ez-toc-heading-1\" href=\"https:\/\/mythslegendes.com\/es\/mitologia-vasca\/el-tartaro-y-los-tres-ninos\/#Le-tartare-et-les-trois-enfants\" >El t\u00e1rtaro y los tres ni\u00f1os<\/a><\/li><\/ul><\/nav><\/div>\n<h2><span class=\"ez-toc-section\" id=\"Le-tartare-et-les-trois-enfants\"><\/span>El t\u00e1rtaro y los tres ni\u00f1os<span class=\"ez-toc-section-end\"><\/span><\/h2>\n<p><\/p>\n<p>El maestro estaba ausente. El sirviente los hace pasar y les sirve una copiosa cena de la que no dejan nada. Luego los hace dormir en un barril sin fondo.<br \/>\u201cTengan cuidado\u201d, les dijo, \u201cde no hacer un sonido, de no pronunciar una palabra; porque Tartarus, mi amo, pronto volver\u00e1, y si descubre que hay un cristiano entre \u00e9l, te comer\u00e1 sin piedad.<\/p>\n<p><\/p>\n<p>Los tres hu\u00e9rfanos, aterrorizados, permanecen en silencio, sin apenas atreverse a respirar.<br \/>\u2014Hay \u2014gru\u00f1\u00f3\u2014 alg\u00fan cristiano aqu\u00ed.<br \/>\u201cEst\u00e1 equivocado, se\u00f1or, no hay ninguno.<br \/>\u2013 Si no los hubiera por lo menos; Lo puedo oler. Dime la verdad o te exterminar\u00e9.<\/p>\n<p><\/p>\n<p>El criado aterrorizado no se atrevi\u00f3 a negar m\u00e1s.<br \/>\u201cA decir verdad, se\u00f1or, algunos cristianos vinieron aqu\u00ed durante su ausencia. Pero son muy peque\u00f1os y llegaron medio muertos de fr\u00edo y hambre. Los calent\u00e9 junto al fuego y les di de comer. Est\u00e1n ah\u00ed, en este tonel, ya dormidos.<br \/>\u2014Fuera de ah\u00ed \u2014dijo el t\u00e1rtaro con voz \u00e1spera, quitando la manta colocada sobre el barril.<\/p>\n<p><\/p>\n<p>Los ni\u00f1os se levantan de sus camas y entran todos temblando.<br \/>\u201cDales m\u00e1s comida y bebida\u201d, dijo el t\u00e1rtaro al sirviente, \u201cy ll\u00e9valos a la habitaci\u00f3n donde est\u00e1 la cama.<\/p>\n<p><\/p>\n<p>La criada obedece y luego vuelve a bajar a la cocina. El t\u00e1rtaro hab\u00eda puesto al fuego una gran olla llena de agua y estaba afilando su cuchillo. \u00c9l le dijo :<br \/>\u201cCuida a estos ni\u00f1os, y cuando duerman, ven y cu\u00e9ntamelo.<\/p>\n<p><\/p>\n<p>La criada sube al dormitorio y encuentra a los ni\u00f1os despiertos.<br \/>\u201cPobres peque\u00f1os\u201d, les dijo en voz baja, \u201ccu\u00eddense mucho; dentro de poco mi malvado amo subir\u00e1 para matarte.<\/p>\n<p><\/p>\n<p>Luego vuelve a bajar a la cocina y le anuncia a Tartarus que los ni\u00f1os a\u00fan no se han dormido.<\/p>\n<p><\/p>\n<p>Sin embargo, los tres hermanos celebran consejo. \u00bfC\u00f3mo escapar? A trav\u00e9s de la ventana, sin duda. Pero es muy alto y no tienen cuerda. El m\u00e1s joven dice que la s\u00e1bana, bien atada, puede sustituir a la cuerda, siempre que bajen de uno en uno. Se escapan de esta manera y huyen a toda velocidad. La criada llega a la puerta. Ella escucha ; mira por el ojo de la cerradura y no ve ni oye nada.<\/p>\n<p><\/p>\n<p>El t\u00e1rtaro conocedor sube las escaleras, entra en el dormitorio y apu\u00f1ala la cama tan fuerte como puede. Por la ma\u00f1ana piensa en preparar su guiso y encuentra la cama vac\u00eda.<\/p>\n<p><\/p>\n<p>&quot;\u00bfD\u00f3nde pusiste esos tres corderos?&quot;<br \/>No lo he tocado y no he vuelto a la habitaci\u00f3n desde anoche.<br \/>- Se fueron ; pero los compensar\u00e9. Cons\u00edgueme mis botas ahora mismo.<\/p>\n<p><\/p>\n<p>Ahora bien, cuando el T\u00e1rtaro se hubo puesto las botas, recorr\u00eda cien leguas de un solo paso. Crees que no le tom\u00f3 mucho tiempo ponerse al d\u00eda con los ni\u00f1os. Lo vieron venir de lejos y se escondieron detr\u00e1s de un arbusto. El T\u00e1rtaro, sin embargo, eligi\u00f3 un buen lugar para acostarse y pronto se durmi\u00f3.<\/p>\n<p><\/p>\n<p>Los ni\u00f1os conoc\u00edan bien la virtud de las botas de cien leguas y resolvieron apoderarse de ellas, como su \u00fanico medio de salvaci\u00f3n. Entonces se acercan al durmiente en silencio y con mucho cuidado le quitan las botas.<\/p>\n<p>Inmediatamente, regresan al castillo:<br \/>\u2013 Aqu\u00ed, le dicen al criado, acabamos de venir de parte del se\u00f1or para pedirle que nos d\u00e9 el dinero que est\u00e1 en el armario. Es para pagarnos por haber encontrado sus botas que te traemos de vuelta.<\/p>\n<p><\/p>\n<p>La criada, persuadida por la vista de las botas, les entreg\u00f3 el dinero de la alacena, con el cual los tres ni\u00f1os regresaron a su casa, ya ricos.<\/p>\n<p><\/p>\n<p>En cuanto al t\u00e1rtaro, privado de sus botas, tuvo grandes dificultades para volver a casa. Y bien pod\u00e9is imaginar cu\u00e1l fue su ira y su verg\u00fcenza cuando supo que hab\u00eda sido enga\u00f1ado por unos ni\u00f1os.<\/p>\n<p><\/p>\t\t\t\t\t\t\t\t<\/div>\n\t\t\t\t<\/div>\n\t\t\t\t\t<\/div>\n\t\t<\/div>\n\t\t\t\t\t<\/div>\n\t\t<\/section>\n\t\t\t\t<\/div>","protected":false},"excerpt":{"rendered":"<p>Mythologie Basque Wiki Voici l&rsquo;histoire du Tartare et les trois enfants. Trois enfants \u00e9taient rest\u00e9s orphelins de p\u00e8re et de &hellip; <\/p>","protected":false},"author":1,"featured_media":0,"parent":1004,"menu_order":0,"comment_status":"closed","ping_status":"closed","template":"","meta":{"footnotes":""},"class_list":["post-1345","page","type-page","status-publish","hentry"],"amp_enabled":true,"_links":{"self":[{"href":"https:\/\/mythslegendes.com\/es\/wp-json\/wp\/v2\/pages\/1345","targetHints":{"allow":["GET"]}}],"collection":[{"href":"https:\/\/mythslegendes.com\/es\/wp-json\/wp\/v2\/pages"}],"about":[{"href":"https:\/\/mythslegendes.com\/es\/wp-json\/wp\/v2\/types\/page"}],"author":[{"embeddable":true,"href":"https:\/\/mythslegendes.com\/es\/wp-json\/wp\/v2\/users\/1"}],"replies":[{"embeddable":true,"href":"https:\/\/mythslegendes.com\/es\/wp-json\/wp\/v2\/comments?post=1345"}],"version-history":[{"count":1,"href":"https:\/\/mythslegendes.com\/es\/wp-json\/wp\/v2\/pages\/1345\/revisions"}],"predecessor-version":[{"id":24718,"href":"https:\/\/mythslegendes.com\/es\/wp-json\/wp\/v2\/pages\/1345\/revisions\/24718"}],"up":[{"embeddable":true,"href":"https:\/\/mythslegendes.com\/es\/wp-json\/wp\/v2\/pages\/1004"}],"wp:attachment":[{"href":"https:\/\/mythslegendes.com\/es\/wp-json\/wp\/v2\/media?parent=1345"}],"curies":[{"name":"wp","href":"https:\/\/api.w.org\/{rel}","templated":true}]}}