{"id":1356,"date":"2020-06-23T15:13:00","date_gmt":"2020-06-23T14:13:00","guid":{"rendered":"https:\/\/mythslegendes.com\/?page_id=1356"},"modified":"2020-06-23T15:13:00","modified_gmt":"2020-06-23T14:13:00","slug":"legendes-chretiennes-de-bretagne","status":"publish","type":"page","link":"https:\/\/mythslegendes.com\/es\/mitologia-bretona\/leyendas-cristianas-de-bretana\/","title":{"rendered":"Leyendas cristianas de Breta\u00f1a"},"content":{"rendered":"<div id=\"ez-toc-container\" class=\"ez-toc-v2_0_82_2 counter-hierarchy ez-toc-counter ez-toc-grey ez-toc-container-direction\">\n<div class=\"ez-toc-title-container\">\n<p class=\"ez-toc-title\" style=\"cursor:inherit\">Contenido<\/p>\n<span class=\"ez-toc-title-toggle\"><a href=\"#\" class=\"ez-toc-pull-right ez-toc-btn ez-toc-btn-xs ez-toc-btn-default ez-toc-toggle\" aria-label=\"Alternar tabla de contenidos\"><span class=\"ez-toc-js-icon-con\"><span class=\"\"><span class=\"eztoc-hide\" style=\"display:none;\">Palanca<\/span><span class=\"ez-toc-icon-toggle-span\"><svg style=\"fill: #999;color:#999\" xmlns=\"http:\/\/www.w3.org\/2000\/svg\" class=\"list-377408\" width=\"20px\" height=\"20px\" viewbox=\"0 0 24 24\" fill=\"none\"><path d=\"M6 6H4v2h2V6zm14 0H8v2h12V6zM4 11h2v2H4v-2zm16 0H8v2h12v-2zM4 16h2v2H4v-2zm16 0H8v2h12v-2z\" fill=\"currentColor\"><\/path><\/svg><svg style=\"fill: #999;color:#999\" class=\"arrow-unsorted-368013\" xmlns=\"http:\/\/www.w3.org\/2000\/svg\" width=\"10px\" height=\"10px\" viewbox=\"0 0 24 24\" version=\"1.2\" baseprofile=\"tiny\"><path d=\"M18.2 9.3l-6.2-6.3-6.2 6.3c-.2.2-.3.4-.3.7s.1.5.3.7c.2.2.4.3.7.3h11c.3 0 .5-.1.7-.3.2-.2.3-.5.3-.7s-.1-.5-.3-.7zM5.8 14.7l6.2 6.3 6.2-6.3c.2-.2.3-.5.3-.7s-.1-.5-.3-.7c-.2-.2-.4-.3-.7-.3h-11c-.3 0-.5.1-.7.3-.2.2-.3.5-.3.7s.1.5.3.7z\"\/><\/svg><\/span><\/span><\/span><\/a><\/span><\/div>\n<nav><ul class='ez-toc-list ez-toc-list-level-1' ><li class='ez-toc-page-1 ez-toc-heading-level-2'><a class=\"ez-toc-link ez-toc-heading-1\" href=\"https:\/\/mythslegendes.com\/es\/mitologia-bretona\/leyendas-cristianas-de-bretana\/#Le-Bon-Dieu-Jesus-Christ-et-les-apotres-voyageant-en-Basse-Bretagne\" >El Buen Dios, Jesucristo y los ap\u00f3stoles viajando por la Baja Breta\u00f1a<\/a><\/li><li class='ez-toc-page-1 ez-toc-heading-level-2'><a class=\"ez-toc-link ez-toc-heading-2\" href=\"https:\/\/mythslegendes.com\/es\/mitologia-bretona\/leyendas-cristianas-de-bretana\/#Le-Bon-Dieu-la-Sainte-Vierge-et-le-Diable-voyageant-en-Basse-Bretagne\" >El Buen Dios, la Sant\u00edsima Virgen y el Diablo viajando en la Baja Breta\u00f1a<\/a><\/li><li class='ez-toc-page-1 ez-toc-heading-level-2'><a class=\"ez-toc-link ez-toc-heading-3\" href=\"https:\/\/mythslegendes.com\/es\/mitologia-bretona\/leyendas-cristianas-de-bretana\/#Le-Paradis-et-lEnfer\" >El cielo y el infierno<\/a><\/li><li class='ez-toc-page-1 ez-toc-heading-level-2'><a class=\"ez-toc-link ez-toc-heading-4\" href=\"https:\/\/mythslegendes.com\/es\/mitologia-bretona\/leyendas-cristianas-de-bretana\/#La-Mort-en-voyage\" >Muerte en el viaje<\/a><\/li><li class='ez-toc-page-1 ez-toc-heading-level-2'><a class=\"ez-toc-link ez-toc-heading-5\" href=\"https:\/\/mythslegendes.com\/es\/mitologia-bretona\/leyendas-cristianas-de-bretana\/#Les-ermites-les-moines-les-brigands-les-saints\" >Ermita\u00f1os, monjes, ladrones, santos.<\/a><\/li><li class='ez-toc-page-1 ez-toc-heading-level-2'><a class=\"ez-toc-link ez-toc-heading-6\" href=\"https:\/\/mythslegendes.com\/es\/mitologia-bretona\/leyendas-cristianas-de-bretana\/#Diableries-revenants-et-damnes\" >Demonios, fantasmas y condenados.<\/a><\/li><li class='ez-toc-page-1 ez-toc-heading-level-2'><a class=\"ez-toc-link ez-toc-heading-7\" href=\"https:\/\/mythslegendes.com\/es\/mitologia-bretona\/leyendas-cristianas-de-bretana\/#Recits-divers\" >Varias historias.<\/a><\/li><\/ul><\/nav><\/div>\n<h2 class=\"wp-block-heading\"><span class=\"ez-toc-section\" id=\"Le-Bon-Dieu-Jesus-Christ-et-les-apotres-voyageant-en-Basse-Bretagne\"><\/span>El Buen Dios, Jesucristo y los ap\u00f3stoles viajando por la Baja Breta\u00f1a<span class=\"ez-toc-section-end\"><\/span><\/h2>\n\n\n\n<ul class=\"wp-block-list\"><li><strong><a href=\"https:\/\/fr.wikisource.org\/wiki\/L%C3%A9gendes_chr%C3%A9tiennes\/La_vache_de_la_vieille_femme\" target=\"_blank\" rel=\"noopener\">I. La vaca de la anciana<\/a><\/strong><\/li><li><strong><a href=\"https:\/\/fr.wikisource.org\/wiki\/L%C3%A9gendes_chr%C3%A9tiennes\/Le_bon_Dieu,_saint_Pierre_et_saint_Jean\" target=\"_blank\" rel=\"noopener\">II. El buen Dios, San Pedro y San Juan<\/a><\/strong><\/li><li><strong><a href=\"https:\/\/fr.wikisource.org\/wiki\/L%C3%A9gendes_chr%C3%A9tiennes\/Le_bon_Dieu,_le_sabotier_et_la_femme_avare\" target=\"_blank\" rel=\"noopener\">III. El buen Dios, el zueco y la mujer miserable<\/a><\/strong><\/li><li><strong><a href=\"https:\/\/fr.wikisource.org\/wiki\/L%C3%A9gendes_chr%C3%A9tiennes\/La_vache_de_saint_Pierre\" target=\"_blank\" rel=\"noopener\">IV. Vaca de San Pedro<\/a><\/strong><\/li><li><strong><a href=\"https:\/\/fr.wikisource.org\/wiki\/L%C3%A9gendes_chr%C3%A9tiennes\/Le_pain_de_saint_Pierre\" target=\"_blank\" rel=\"noopener\">V. El pan de San Pedro<\/a><\/strong><\/li><li><strong><a href=\"https:\/\/fr.wikisource.org\/wiki\/L%C3%A9gendes_chr%C3%A9tiennes\/VI._La_vieille_qui_voulait_faire_comme_le_bon_Dieu\" target=\"_blank\" rel=\"noopener\">VI. La anciana que quiso actuar como el buen Dios<\/a><\/strong><\/li><li><strong><a href=\"https:\/\/fr.wikisource.org\/wiki\/L%C3%A9gendes_chr%C3%A9tiennes\/La_fianc%C3%A9e_de_saint_Pierre\" target=\"_blank\" rel=\"noopener\">VII. La novia de San Pedro<\/a><\/strong><\/li><li><strong><a href=\"https:\/\/fr.wikisource.org\/wiki\/L%C3%A9gendes_chr%C3%A9tiennes\/Porpant\" target=\"_blank\" rel=\"noopener\">VIII. Porpant<\/a><\/strong><\/li><li><strong><a href=\"https:\/\/fr.wikisource.org\/wiki\/L%C3%A9gendes_chr%C3%A9tiennes\/Saint_Philippe\" target=\"_blank\" rel=\"noopener\">IX. San Felipe<\/a><\/strong><\/li><li><strong><a href=\"https:\/\/fr.wikisource.org\/wiki\/L%C3%A9gendes_chr%C3%A9tiennes\/Janning,_ou_les_trois_souhaits\" target=\"_blank\" rel=\"noopener\">X. Janning, o los tres deseos<\/a><\/strong><\/li><li><strong><a href=\"https:\/\/fr.wikisource.org\/wiki\/L%C3%A9gendes_chr%C3%A9tiennes\/Le_fils_de_saint_Pierre\" target=\"_blank\" rel=\"noopener\">XI. El hijo de san pedro<\/a><\/strong><\/li><\/ul>\n\n\n\n<h2 class=\"wp-block-heading\"><span class=\"ez-toc-section\" id=\"Le-Bon-Dieu-la-Sainte-Vierge-et-le-Diable-voyageant-en-Basse-Bretagne\"><\/span>El Buen Dios, la Sant\u00edsima Virgen y el Diablo viajando en la Baja Breta\u00f1a<span class=\"ez-toc-section-end\"><\/span><\/h2>\n\n\n\n<ul class=\"wp-block-list\"><li><strong><a href=\"https:\/\/fr.wikisource.org\/wiki\/L%C3%A9gendes_chr%C3%A9tiennes\/Saint_%C3%89loi_et_J%C3%A9sus-Christ\" target=\"_blank\" rel=\"noopener\">San Eloi y Jesucristo<\/a><\/strong><\/li><li><strong><a href=\"https:\/\/fr.wikisource.org\/wiki\/L%C3%A9gendes_chr%C3%A9tiennes\/Pour_avoir_travaill%C3%A9_le_jour_de_No%C3%ABl\" target=\"_blank\" rel=\"noopener\">II. Para trabajar el d\u00eda de Navidad<\/a><\/strong><\/li><li><strong><a href=\"https:\/\/fr.wikisource.org\/wiki\/L%C3%A9gendes_chr%C3%A9tiennes\/Les_trois_fils_ou_la_f%C3%AAte_de_saint_Joseph\" target=\"_blank\" rel=\"noopener\">III. Los tres hijos o la fiesta de San Jos\u00e9<\/a><\/strong><\/li><li><strong><a href=\"https:\/\/fr.wikisource.org\/wiki\/L%C3%A9gendes_chr%C3%A9tiennes\/Le_bon_Dieu_et_la_sainte_Vierge_parrain_et_marraine\" target=\"_blank\" rel=\"noopener\">IV. El buen Dios y la Sant\u00edsima Virgen padrino y madrina (primera versi\u00f3n)<\/a><\/strong><\/li><li><strong><a href=\"https:\/\/fr.wikisource.org\/wiki\/L%C3%A9gendes_chr%C3%A9tiennes\/Le_diable_et_la_sainte_Vierge_parrain_et_marraine\" target=\"_blank\" rel=\"noopener\">V. El diablo y la Sant\u00edsima Virgen padrino y madrina (segunda versi\u00f3n)<\/a><\/strong><\/li><li><strong><a href=\"https:\/\/fr.wikisource.org\/wiki\/L%C3%A9gendes_chr%C3%A9tiennes\/J%C3%A9sus-Christ_et_le_bon_larron\" target=\"_blank\" rel=\"noopener\">VI. Jesucristo y el buen ladr\u00f3n<\/a><\/strong><\/li><li><strong><a href=\"https:\/\/fr.wikisource.org\/wiki\/L%C3%A9gendes_chr%C3%A9tiennes\/Une_courte_pri%C3%A8re\" target=\"_blank\" rel=\"noopener\">VII. Una breve oraci\u00f3n<\/a><\/strong><\/li><li><strong><a href=\"https:\/\/fr.wikisource.org\/wiki\/L%C3%A9gendes_chr%C3%A9tiennes\/Le_gar%C3%A7on_sans_souci_ou_la_vertu_d%E2%80%99une_pri%C3%A8re\" target=\"_blank\" rel=\"noopener\">VIII. El ni\u00f1o despreocupado o la virtud de una oraci\u00f3n de buen coraz\u00f3n<\/a><\/strong><\/li><li><strong><a href=\"https:\/\/fr.wikisource.org\/wiki\/L%C3%A9gendes_chr%C3%A9tiennes\/Les_trois_fr%C3%A8res_qui_ne_pouvaient_s%E2%80%99entendre\" target=\"_blank\" rel=\"noopener\">IX. Los tres hermanos que no pudieron ponerse de acuerdo sobre la sucesi\u00f3n de su padre<\/a><\/strong><\/li><\/ul>\n\n\n\n<h2 class=\"wp-block-heading\"><span class=\"ez-toc-section\" id=\"Le-Paradis-et-lEnfer\"><\/span>El cielo y el infierno<span class=\"ez-toc-section-end\"><\/span><\/h2>\n\n\n\n<ul class=\"wp-block-list\"><li><strong><a href=\"https:\/\/fr.wikisource.org\/wiki\/L%C3%A9gendes_chr%C3%A9tiennes\/Le_fils_du_diable\" target=\"_blank\" rel=\"noopener\">Yo el hijo del diablo<\/a><\/strong><\/li><li><strong><a href=\"https:\/\/fr.wikisource.org\/wiki\/L%C3%A9gendes_chr%C3%A9tiennes\/L%E2%80%99enfant_vou%C3%A9_au_diable_et_le_brigand_qui_se_fait_ermite\" target=\"_blank\" rel=\"noopener\">II. El ni\u00f1o condenado al diablo y el ladr\u00f3n que se convierte en ermita\u00f1o<\/a><\/strong><\/li><li><strong><a href=\"https:\/\/fr.wikisource.org\/wiki\/L%C3%A9gendes_chr%C3%A9tiennes\/Le_brigand_et_son_fr%C3%A8re_l%E2%80%99ermite\" target=\"_blank\" rel=\"noopener\">III. El ladr\u00f3n y su hermano el ermita\u00f1o<\/a><\/strong><\/li><li><strong><a href=\"https:\/\/fr.wikisource.org\/wiki\/L%C3%A9gendes_chr%C3%A9tiennes\/Le_brigand_sauv%C3%A9_avant_l%E2%80%99ermite\" target=\"_blank\" rel=\"noopener\">IV. El ladr\u00f3n salv\u00f3 antes que el ermita\u00f1o<\/a><\/strong><\/li><li><strong><a href=\"https:\/\/fr.wikisource.org\/wiki\/L%C3%A9gendes_chr%C3%A9tiennes\/L%E2%80%99ermite_et_le_vieux_brigand\" target=\"_blank\" rel=\"noopener\">V. El ermita\u00f1o y el viejo bandolero<\/a><\/strong><\/li><li><strong><a href=\"https:\/\/fr.wikisource.org\/wiki\/L%C3%A9gendes_chr%C3%A9tiennes\/Le_brigand_et_son_filleul\" target=\"_blank\" rel=\"noopener\">VI. El bandido y su ahijado<\/a><\/strong><\/li><li><strong><a href=\"https:\/\/fr.wikisource.org\/wiki\/L%C3%A9gendes_chr%C3%A9tiennes\/Le_petit_p%C3%A2tre_qui_alla_porter_une_lettre_au_paradis\" target=\"_blank\" rel=\"noopener\">VII. El pastorcito que fue a llevarse una carta al para\u00edso (primera versi\u00f3n)<\/a><\/strong><\/li><li><strong><a href=\"https:\/\/fr.wikisource.org\/wiki\/L%C3%A9gendes_chr%C3%A9tiennes\/Celui_qui_alla_porter_une_lettre_au_paradis\" target=\"_blank\" rel=\"noopener\">VIII. El que fue a llevarse una carta al para\u00edso (segunda versi\u00f3n)<\/a><\/strong><\/li><li><strong><a href=\"https:\/\/fr.wikisource.org\/wiki\/L%C3%A9gendes_chr%C3%A9tiennes\/Celui_qui_racheta_son_p%C3%A8re_et_sa_m%C3%A8re_de_l%E2%80%99enfer\" target=\"_blank\" rel=\"noopener\">IX, El que redimi\u00f3 a su padre y a su madre del infierno<\/a><\/strong><\/li><li><strong><a href=\"https:\/\/fr.wikisource.org\/wiki\/L%C3%A9gendes_chr%C3%A9tiennes\/Le_marquis_de_Tromelin\" target=\"_blank\" rel=\"noopener\">X. El marqu\u00e9s de Tromelin, que vendi\u00f3 a su hijo al diablo y se fue al infierno a retirar el t\u00edtulo de la venta.<\/a><\/strong><\/li><li><strong><a href=\"https:\/\/fr.wikisource.org\/wiki\/L%C3%A9gendes_chr%C3%A9tiennes\/Le_pape_Innocent\" target=\"_blank\" rel=\"noopener\">XI. Papa inocente<\/a><\/strong><\/li><\/ul>\n\n\n\n<h2 class=\"wp-block-heading\"><span class=\"ez-toc-section\" id=\"La-Mort-en-voyage\"><\/span>Muerte en el viaje<span class=\"ez-toc-section-end\"><\/span><\/h2>\n\n\n\n<ul class=\"wp-block-list\"><li><strong><a href=\"https:\/\/fr.wikisource.org\/wiki\/L%C3%A9gendes_chr%C3%A9tiennes\/Sans-Souci_ou_le_mar%C3%A9chal-ferrant_et_la_Mort\" target=\"_blank\" rel=\"noopener\">I. Sans-Souci o el herrador y la muerte<\/a><\/strong><\/li><li><strong><a href=\"https:\/\/fr.wikisource.org\/wiki\/L%C3%A9gendes_chr%C3%A9tiennes\/L%E2%80%99homme_juste\" target=\"_blank\" rel=\"noopener\">II. El justo<\/a><\/strong><\/li><li><strong><a href=\"https:\/\/fr.wikisource.org\/wiki\/L%C3%A9gendes_chr%C3%A9tiennes\/L%E2%80%99Ankou_et_son_comp%C3%A8re\" target=\"_blank\" rel=\"noopener\">III. El Ankou y su amigo<\/a><\/strong><\/li><\/ul>\n\n\n\n<h2 class=\"wp-block-heading\"><span class=\"ez-toc-section\" id=\"Les-ermites-les-moines-les-brigands-les-saints\"><\/span>Ermita\u00f1os, monjes, ladrones, santos.<span class=\"ez-toc-section-end\"><\/span><\/h2>\n\n\n\n<ul class=\"wp-block-list\"><li><strong><a href=\"https:\/\/fr.wikisource.org\/wiki\/L%C3%A9gendes_chr%C3%A9tiennes\/L%E2%80%99ermite_voyageant_avec_un_inconnu\" target=\"_blank\" rel=\"noopener\">I. El ermita\u00f1o que viaja con un extra\u00f1o<\/a><\/strong><\/li><li><strong><a href=\"https:\/\/fr.wikisource.org\/wiki\/L%C3%A9gendes_chr%C3%A9tiennes\/L%E2%80%99ermite_et_la_berg%C3%A8re\" target=\"_blank\" rel=\"noopener\">II. El ermita\u00f1o y la pastora<\/a><\/strong><\/li><li><strong><a href=\"https:\/\/fr.wikisource.org\/wiki\/L%C3%A9gendes_chr%C3%A9tiennes\/Le_fr%C3%A8re,_la_s%C5%93ur_et_leur_fils_le_pape_de_Rome\" target=\"_blank\" rel=\"noopener\">III. El hermano, la hermana y su hijo el Papa de Roma.<\/a><\/strong><\/li><li><strong><a href=\"https:\/\/fr.wikisource.org\/wiki\/L%C3%A9gendes_chr%C3%A9tiennes\/Les_deux_moines_et_les_deux_femmes\" target=\"_blank\" rel=\"noopener\">IV. Los dos monjes y las dos mujeres<\/a><\/strong><\/li><li><strong><a href=\"https:\/\/fr.wikisource.org\/wiki\/L%C3%A9gendes_chr%C3%A9tiennes\/La_fille_de_mauvaise_r%C3%A9putation_qui_alla_au_paradis\" target=\"_blank\" rel=\"noopener\">V. La hija sucia que se fue al cielo<\/a><\/strong><\/li><li><strong><a href=\"https:\/\/fr.wikisource.org\/wiki\/L%C3%A9gendes_chr%C3%A9tiennes\/Cantique_spirituel_de_saint_Corentin\" target=\"_blank\" rel=\"noopener\">VI. C\u00e1ntico espiritual sobre la admirable caridad mostrada por san Corentin<\/a><\/strong><\/li><li><strong><a href=\"https:\/\/fr.wikisource.org\/wiki\/L%C3%A9gendes_chr%C3%A9tiennes\/Le_miracle_des_trois_gouttes_de_sang\" target=\"_blank\" rel=\"noopener\">VII. El milagro de las tres gotas de sangre<\/a>\u00a059<\/strong><\/li><li><strong><a href=\"https:\/\/fr.wikisource.org\/wiki\/L%C3%A9gendes_chr%C3%A9tiennes\/Sainte_Touina\" target=\"_blank\" rel=\"noopener\">VIII. Santa Touina<\/a><\/strong><\/li><li><strong><a href=\"https:\/\/fr.wikisource.org\/wiki\/L%C3%A9gendes_chr%C3%A9tiennes\/Sainte_D%C3%A9odi%C3%A9\" target=\"_blank\" rel=\"noopener\">IX. San Deodi\u00e9<\/a><\/strong><\/li><li><strong><a href=\"https:\/\/fr.wikisource.org\/wiki\/L%C3%A9gendes_chr%C3%A9tiennes\/L%E2%80%99ermite_Jean_Gu%C3%A9rin\" target=\"_blank\" rel=\"noopener\">X. El ermita\u00f1o Jean Gu\u00e9rin<\/a><\/strong><\/li><\/ul>\n\n\n\n<h2 class=\"wp-block-heading\"><span class=\"ez-toc-section\" id=\"Diableries-revenants-et-damnes\"><\/span>Demonios, fantasmas y condenados.<span class=\"ez-toc-section-end\"><\/span><\/h2>\n\n\n\n<ul class=\"wp-block-list\"><li><strong><a href=\"https:\/\/fr.wikisource.org\/wiki\/L%C3%A9gendes_chr%C3%A9tiennes\/Le_pont_de_Londres\" target=\"_blank\" rel=\"noopener\">I. El Puente de Londres tres veces m\u00e1s grande que la gracia de Dios<\/a><\/strong><\/li><li><strong><a href=\"https:\/\/fr.wikisource.org\/wiki\/L%C3%A9gendes_chr%C3%A9tiennes\/L%E2%80%99ombre_du_pendu\" target=\"_blank\" rel=\"noopener\">II. La sombra del ahorcado<\/a><\/strong><\/li><li><strong><a href=\"https:\/\/fr.wikisource.org\/wiki\/L%C3%A9gendes_chr%C3%A9tiennes\/L%E2%80%99%C3%A2me_damn%C3%A9e\" target=\"_blank\" rel=\"noopener\">III. El alma maldita<\/a><\/strong><\/li><li><strong><a href=\"https:\/\/fr.wikisource.org\/wiki\/L%C3%A9gendes_chr%C3%A9tiennes\/Le_m%C3%A9chant_avocat_emport%C3%A9_par_le_diable\" target=\"_blank\" rel=\"noopener\">IV. El abogado malvado llevado por el diablo<\/a><\/strong><\/li><li><strong><a href=\"https:\/\/fr.wikisource.org\/wiki\/L%C3%A9gendes_chr%C3%A9tiennes\/Les_deux_s%C5%93urs_qui_se_ha%C3%AFssaient\" target=\"_blank\" rel=\"noopener\">V. Las dos hermanas que se odiaban<\/a><\/strong><\/li><li><strong><a href=\"https:\/\/fr.wikisource.org\/wiki\/L%C3%A9gendes_chr%C3%A9tiennes\/Damn%C3%A9,_quoique_d%C3%A9vot\" target=\"_blank\" rel=\"noopener\">VI. Maldito, aunque devoto<\/a><\/strong><\/li><li><strong><a href=\"https:\/\/fr.wikisource.org\/wiki\/L%C3%A9gendes_chr%C3%A9tiennes\/L%E2%80%99enfant_g%C3%A2t%C3%A9\" target=\"_blank\" rel=\"noopener\">VII. El ni\u00f1o mimado<\/a><\/strong><\/li><li><strong><a href=\"https:\/\/fr.wikisource.org\/wiki\/L%C3%A9gendes_chr%C3%A9tiennes\/Emport%C3%A9_par_le_diable\" target=\"_blank\" rel=\"noopener\">VIII. Llevado por el diablo<\/a><\/strong><\/li><li><strong><a href=\"https:\/\/fr.wikisource.org\/wiki\/L%C3%A9gendes_chr%C3%A9tiennes\/Le_saint_vicaire_et_le_diable\" target=\"_blank\" rel=\"noopener\">IX. El santo vicario y el diablo<\/a><\/strong><\/li><li><strong><a href=\"https:\/\/fr.wikisource.org\/wiki\/L%C3%A9gendes_chr%C3%A9tiennes\/Les_deux_m%C3%A9chantes_s%C5%93urs\" target=\"_blank\" rel=\"noopener\">X. Las dos hermanas malvadas<\/a><\/strong><\/li><li><strong><a href=\"https:\/\/fr.wikisource.org\/wiki\/L%C3%A9gendes_chr%C3%A9tiennes\/Fantic_Loho\" target=\"_blank\" rel=\"noopener\">XI. Fantic Loho, o el sudario de los muertos<\/a><\/strong><\/li><li><strong><a href=\"https:\/\/fr.wikisource.org\/wiki\/L%C3%A9gendes_chr%C3%A9tiennes\/Quelque_compagnie_que_l%E2%80%99on_suive\" target=\"_blank\" rel=\"noopener\">XII. Sea cual sea la empresa que sigamos, siempre tenemos nuestra parte<\/a><\/strong><\/li><li><strong><a href=\"https:\/\/fr.wikisource.org\/wiki\/L%C3%A9gendes_chr%C3%A9tiennes\/Teuz_ar_Pouliet\" target=\"_blank\" rel=\"noopener\">XIII. Teuz ar Pouliet<\/a><\/strong><\/li><\/ul>\n\n\n\n<h2 class=\"wp-block-heading\"><span class=\"ez-toc-section\" id=\"Recits-divers\"><\/span> Varias historias.<span class=\"ez-toc-section-end\"><\/span><\/h2>\n\n\n\n<ul class=\"wp-block-list\"><li><strong><a href=\"https:\/\/fr.wikisource.org\/wiki\/L%C3%A9gendes_chr%C3%A9tiennes\/Le_fils_ingrat\" target=\"_blank\" rel=\"noopener\">I. El hijo ingrato<\/a><\/strong><\/li><li><strong><a href=\"https:\/\/fr.wikisource.org\/wiki\/L%C3%A9gendes_chr%C3%A9tiennes\/Le_pain_chang%C3%A9_en_une_t%C3%AAte_de_mort\" target=\"_blank\" rel=\"noopener\">II. El pan se convirti\u00f3 en una calavera<\/a><\/strong><\/li><li><strong><a href=\"https:\/\/fr.wikisource.org\/wiki\/L%C3%A9gendes_chr%C3%A9tiennes\/La_miche_de_pain\" target=\"_blank\" rel=\"noopener\">III. La barra de pan<\/a><\/strong><\/li><li><strong><a href=\"https:\/\/fr.wikisource.org\/wiki\/L%C3%A9gendes_chr%C3%A9tiennes\/Il_est_bon_d%E2%80%99%C3%AAtre_charitable_envers_les_pauvres\" target=\"_blank\" rel=\"noopener\">IV. Es bueno ser caritativo con los pobres<\/a><\/strong><\/li><li><strong><a href=\"https:\/\/fr.wikisource.org\/wiki\/L%C3%A9gendes_chr%C3%A9tiennes\/La_femme_qui_ne_voulait_pas_avoir_d%E2%80%99enfants\" target=\"_blank\" rel=\"noopener\">V. La mujer que no quiso tener hijos<\/a><\/strong><\/li><li><strong><a href=\"https:\/\/fr.wikisource.org\/wiki\/L%C3%A9gendes_chr%C3%A9tiennes\/Marie_Petit-Coeur\" target=\"_blank\" rel=\"noopener\">VI. Marie Petit-Coeur<\/a><\/strong><\/li><li><strong><a href=\"https:\/\/fr.wikisource.org\/wiki\/L%C3%A9gendes_chr%C3%A9tiennes\/La_bonne_petite_servante\" target=\"_blank\" rel=\"noopener\">VII. La buena doncella<\/a><\/strong><\/li><li><strong><a href=\"https:\/\/fr.wikisource.org\/wiki\/L%C3%A9gendes_chr%C3%A9tiennes\/La_destin%C3%A9e\" target=\"_blank\" rel=\"noopener\">VIII. Destino<\/a><\/strong><\/li><li><strong><a href=\"https:\/\/fr.wikisource.org\/wiki\/L%C3%A9gendes_chr%C3%A9tiennes\/Fran%C3%A7ois_Kergargal_et_Fran%C3%A7ois_Kergros\" target=\"_blank\" rel=\"noopener\">IX. Fran\u00e7ois Kergargal y Fran\u00e7ois Kergros<\/a><\/strong><\/li><li><strong><a href=\"https:\/\/fr.wikisource.org\/wiki\/L%C3%A9gendes_chr%C3%A9tiennes\/Le_jeu_de_cartes_servant_de_livre_de_messe\" target=\"_blank\" rel=\"noopener\">X. El juego de cartas utilizado como libro de masas<\/a><\/strong><\/li><li><strong><a href=\"https:\/\/fr.wikisource.org\/wiki\/L%C3%A9gendes_chr%C3%A9tiennes\/La_bonne_femme_et_la_m%C3%A9chante_femme\" target=\"_blank\" rel=\"noopener\">XI. La mujer buena y la mujer mala<\/a><\/strong><\/li><li><strong><a href=\"https:\/\/fr.wikisource.org\/wiki\/L%C3%A9gendes_chr%C3%A9tiennes\/Le_petit_agneau_blanc\" target=\"_blank\" rel=\"noopener\">XII. El corderito blanco<\/a><\/strong><\/li><li><strong><a href=\"https:\/\/fr.wikisource.org\/wiki\/L%C3%A9gendes_chr%C3%A9tiennes\/Les_deux_fr%C3%A8res_et_leur_s%C5%93ur\" target=\"_blank\" rel=\"noopener\">XIII. Los dos hermanos y su hermana<\/a><\/strong><\/li><li><strong><a href=\"https:\/\/fr.wikisource.org\/wiki\/L%C3%A9gendes_chr%C3%A9tiennes\/L%E2%80%99oiseau_bleu\" target=\"_blank\" rel=\"noopener\">XIV. El p\u00e1jaro azul<\/a><\/strong><\/li><li><strong><a href=\"https:\/\/fr.wikisource.org\/wiki\/L%C3%A9gendes_chr%C3%A9tiennes\/Le_soldat_qui_d%C3%A9livra_une_princesse_de_l%E2%80%99enfer\" target=\"_blank\" rel=\"noopener\">XV. El soldado que liber\u00f3 a una princesa del infierno.<\/a><\/strong><\/li><\/ul>\n\n\n\n<p><\/p>","protected":false},"excerpt":{"rendered":"<p>Le Bon Dieu, J\u00e9sus-Christ et les ap\u00f4tres voyageant en Basse-Bretagne I. La vache de la vieille femme II. Le bon &hellip; <\/p>","protected":false},"author":1,"featured_media":0,"parent":96,"menu_order":0,"comment_status":"closed","ping_status":"closed","template":"","meta":{"footnotes":""},"class_list":["post-1356","page","type-page","status-publish","hentry"],"amp_enabled":true,"_links":{"self":[{"href":"https:\/\/mythslegendes.com\/es\/wp-json\/wp\/v2\/pages\/1356","targetHints":{"allow":["GET"]}}],"collection":[{"href":"https:\/\/mythslegendes.com\/es\/wp-json\/wp\/v2\/pages"}],"about":[{"href":"https:\/\/mythslegendes.com\/es\/wp-json\/wp\/v2\/types\/page"}],"author":[{"embeddable":true,"href":"https:\/\/mythslegendes.com\/es\/wp-json\/wp\/v2\/users\/1"}],"replies":[{"embeddable":true,"href":"https:\/\/mythslegendes.com\/es\/wp-json\/wp\/v2\/comments?post=1356"}],"version-history":[{"count":0,"href":"https:\/\/mythslegendes.com\/es\/wp-json\/wp\/v2\/pages\/1356\/revisions"}],"up":[{"embeddable":true,"href":"https:\/\/mythslegendes.com\/es\/wp-json\/wp\/v2\/pages\/96"}],"wp:attachment":[{"href":"https:\/\/mythslegendes.com\/es\/wp-json\/wp\/v2\/media?parent=1356"}],"curies":[{"name":"wp","href":"https:\/\/api.w.org\/{rel}","templated":true}]}}