{"id":13645,"date":"2021-05-16T10:40:43","date_gmt":"2021-05-16T10:40:43","guid":{"rendered":"https:\/\/mythslegendes.com\/commande\/echec-de-la-transaction\/"},"modified":"2021-05-16T10:40:43","modified_gmt":"2021-05-16T10:40:43","slug":"echec-de-la-transaction","status":"publish","type":"page","link":"https:\/\/mythslegendes.com\/es\/ordenado\/transaccion-fallida\/","title":{"rendered":"Transacci\u00f3n fallida"},"content":{"rendered":"<p>Su transacci\u00f3n fall\u00f3, intente nuevamente o comun\u00edquese con el soporte t\u00e9cnico del sitio.<\/p>","protected":false},"excerpt":{"rendered":"<p>Su transacci\u00f3n fall\u00f3, intente nuevamente o comun\u00edquese con el soporte t\u00e9cnico del sitio.<\/p>","protected":false},"author":1,"featured_media":0,"parent":13643,"menu_order":0,"comment_status":"closed","ping_status":"closed","template":"","meta":{"footnotes":""},"class_list":["post-13645","page","type-page","status-publish","hentry"],"amp_enabled":true,"_links":{"self":[{"href":"https:\/\/mythslegendes.com\/es\/wp-json\/wp\/v2\/pages\/13645","targetHints":{"allow":["GET"]}}],"collection":[{"href":"https:\/\/mythslegendes.com\/es\/wp-json\/wp\/v2\/pages"}],"about":[{"href":"https:\/\/mythslegendes.com\/es\/wp-json\/wp\/v2\/types\/page"}],"author":[{"embeddable":true,"href":"https:\/\/mythslegendes.com\/es\/wp-json\/wp\/v2\/users\/1"}],"replies":[{"embeddable":true,"href":"https:\/\/mythslegendes.com\/es\/wp-json\/wp\/v2\/comments?post=13645"}],"version-history":[{"count":0,"href":"https:\/\/mythslegendes.com\/es\/wp-json\/wp\/v2\/pages\/13645\/revisions"}],"up":[{"embeddable":true,"href":"https:\/\/mythslegendes.com\/es\/wp-json\/wp\/v2\/pages\/13643"}],"wp:attachment":[{"href":"https:\/\/mythslegendes.com\/es\/wp-json\/wp\/v2\/media?parent=13645"}],"curies":[{"name":"wp","href":"https:\/\/api.w.org\/{rel}","templated":true}]}}