{"id":1391,"date":"2020-06-23T15:58:29","date_gmt":"2020-06-23T14:58:29","guid":{"rendered":"https:\/\/mythslegendes.com\/?page_id=1391"},"modified":"2022-12-03T22:07:05","modified_gmt":"2022-12-03T22:07:05","slug":"les-regles-daradia","status":"publish","type":"page","link":"https:\/\/mythslegendes.com\/es\/mitologia-etrusca\/las-reglas-daradia\/","title":{"rendered":"Las reglas de Aradia"},"content":{"rendered":"<div data-elementor-type=\"wp-page\" data-elementor-id=\"1391\" class=\"elementor elementor-1391\">\n\t\t\t\t\t\t<section class=\"elementor-section elementor-top-section elementor-element elementor-element-a5a1cdf elementor-section-boxed elementor-section-height-default elementor-section-height-default\" data-id=\"a5a1cdf\" data-element_type=\"section\" data-e-type=\"section\">\n\t\t\t\t\t\t<div class=\"elementor-container elementor-column-gap-default\">\n\t\t\t\t\t<div class=\"elementor-column elementor-col-50 elementor-top-column elementor-element elementor-element-000b5d9\" data-id=\"000b5d9\" data-element_type=\"column\" data-e-type=\"column\">\n\t\t\t<div class=\"elementor-widget-wrap elementor-element-populated\">\n\t\t\t\t\t\t<div class=\"elementor-element elementor-element-0483075 elementor-align-justify elementor-widget elementor-widget-button\" data-id=\"0483075\" data-element_type=\"widget\" data-e-type=\"widget\" data-widget_type=\"button.default\">\n\t\t\t\t<div class=\"elementor-widget-container\">\n\t\t\t\t\t\t\t\t\t<div class=\"elementor-button-wrapper\">\n\t\t\t\t\t<a class=\"elementor-button elementor-button-link elementor-size-sm\" href=\"https:\/\/mythslegendes.com\/es\/mitologia-etrusca\/\">\n\t\t\t\t\t\t<span class=\"elementor-button-content-wrapper\">\n\t\t\t\t\t\t\t\t\t<span class=\"elementor-button-text\">Mitolog\u00eda etrusca<\/span>\n\t\t\t\t\t<\/span>\n\t\t\t\t\t<\/a>\n\t\t\t\t<\/div>\n\t\t\t\t\t\t\t\t<\/div>\n\t\t\t\t<\/div>\n\t\t\t\t\t<\/div>\n\t\t<\/div>\n\t\t\t\t<div class=\"elementor-column elementor-col-50 elementor-top-column elementor-element elementor-element-a1bda8b\" data-id=\"a1bda8b\" data-element_type=\"column\" data-e-type=\"column\">\n\t\t\t<div class=\"elementor-widget-wrap elementor-element-populated\">\n\t\t\t\t\t\t<div class=\"elementor-element elementor-element-2c94916 elementor-align-justify elementor-widget elementor-widget-button\" data-id=\"2c94916\" data-element_type=\"widget\" data-e-type=\"widget\" data-widget_type=\"button.default\">\n\t\t\t\t<div class=\"elementor-widget-container\">\n\t\t\t\t\t\t\t\t\t<div class=\"elementor-button-wrapper\">\n\t\t\t\t\t<a class=\"elementor-button elementor-button-link elementor-size-sm\" href=\"https:\/\/fr.wikipedia.org\/wiki\/Aradia,_or_the_Gospel_of_the_Witches\" target=\"_blank\" rel=\"noopener\">\n\t\t\t\t\t\t<span class=\"elementor-button-content-wrapper\">\n\t\t\t\t\t\t\t\t\t<span class=\"elementor-button-text\">Wiki<\/span>\n\t\t\t\t\t<\/span>\n\t\t\t\t\t<\/a>\n\t\t\t\t<\/div>\n\t\t\t\t\t\t\t\t<\/div>\n\t\t\t\t<\/div>\n\t\t\t\t\t<\/div>\n\t\t<\/div>\n\t\t\t\t\t<\/div>\n\t\t<\/section>\n\t\t\t\t<section class=\"elementor-section elementor-top-section elementor-element elementor-element-565ab891 elementor-section-boxed elementor-section-height-default elementor-section-height-default\" data-id=\"565ab891\" data-element_type=\"section\" data-e-type=\"section\">\n\t\t\t\t\t\t<div class=\"elementor-container elementor-column-gap-default\">\n\t\t\t\t\t<div class=\"elementor-column elementor-col-100 elementor-top-column elementor-element elementor-element-be589fb\" data-id=\"be589fb\" data-element_type=\"column\" data-e-type=\"column\">\n\t\t\t<div class=\"elementor-widget-wrap elementor-element-populated\">\n\t\t\t\t\t\t<div class=\"elementor-element elementor-element-39d5e00f elementor-widget elementor-widget-text-editor\" data-id=\"39d5e00f\" data-element_type=\"widget\" data-e-type=\"widget\" data-widget_type=\"text-editor.default\">\n\t\t\t\t<div class=\"elementor-widget-container\">\n\t\t\t\t\t\t\t\t\t\n<p>Al convertirte en Strega o Stregone, aceptas personalmente cumplir con estas pocas reglas de Aradia, que han sido dictadas por Aradia.<\/p>\n<p><img decoding=\"async\" class=\"alignnone wp-image-5284 size-full\" src=\"https:\/\/mythslegendes.com\/wp-content\/uploads\/2020\/09\/AlphaOmega-e1602613368367.png\" alt=\"Las reglas de Aradia\" width=\"25\" height=\"26\" title=\"\"><\/p>\n<div id=\"ez-toc-container\" class=\"ez-toc-v2_0_82_2 counter-hierarchy ez-toc-counter ez-toc-grey ez-toc-container-direction\">\n<div class=\"ez-toc-title-container\">\n<p class=\"ez-toc-title\" style=\"cursor:inherit\">Contenido<\/p>\n<span class=\"ez-toc-title-toggle\"><a href=\"#\" class=\"ez-toc-pull-right ez-toc-btn ez-toc-btn-xs ez-toc-btn-default ez-toc-toggle\" aria-label=\"Alternar tabla de contenidos\"><span class=\"ez-toc-js-icon-con\"><span class=\"\"><span class=\"eztoc-hide\" style=\"display:none;\">Palanca<\/span><span class=\"ez-toc-icon-toggle-span\"><svg style=\"fill: #999;color:#999\" xmlns=\"http:\/\/www.w3.org\/2000\/svg\" class=\"list-377408\" width=\"20px\" height=\"20px\" viewbox=\"0 0 24 24\" fill=\"none\"><path d=\"M6 6H4v2h2V6zm14 0H8v2h12V6zM4 11h2v2H4v-2zm16 0H8v2h12v-2zM4 16h2v2H4v-2zm16 0H8v2h12v-2z\" fill=\"currentColor\"><\/path><\/svg><svg style=\"fill: #999;color:#999\" class=\"arrow-unsorted-368013\" xmlns=\"http:\/\/www.w3.org\/2000\/svg\" width=\"10px\" height=\"10px\" viewbox=\"0 0 24 24\" version=\"1.2\" baseprofile=\"tiny\"><path d=\"M18.2 9.3l-6.2-6.3-6.2 6.3c-.2.2-.3.4-.3.7s.1.5.3.7c.2.2.4.3.7.3h11c.3 0 .5-.1.7-.3.2-.2.3-.5.3-.7s-.1-.5-.3-.7zM5.8 14.7l6.2 6.3 6.2-6.3c.2-.2.3-.5.3-.7s-.1-.5-.3-.7c-.2-.2-.4-.3-.7-.3h-11c-.3 0-.5.1-.7.3-.2.2-.3.5-.3.7s.1.5.3.7z\"\/><\/svg><\/span><\/span><\/span><\/a><\/span><\/div>\n<nav><ul class='ez-toc-list ez-toc-list-level-1' ><li class='ez-toc-page-1 ez-toc-heading-level-2'><a class=\"ez-toc-link ez-toc-heading-1\" href=\"https:\/\/mythslegendes.com\/es\/mitologia-etrusca\/las-reglas-daradia\/#Les-regles-dAradia\" >Las reglas de Aradia<\/a><\/li><\/ul><\/nav><\/div>\n<h2><span class=\"ez-toc-section\" id=\"Les-regles-dAradia\"><\/span>Las reglas de Aradia<span class=\"ez-toc-section-end\"><\/span><\/h2>\n\n<p>Observa, participa, medita en cada Treguenda, porque en la unidad de todas estas fiestas est\u00e1 la base del poder de la Stregheria.<\/p>\n\n<p>Si te han hecho bien, debes devolverlo. Si alguien quiere agradecerle por su amabilidad, d\u00edgale que necesita ayudar a tres m\u00e1s; esto eliminar\u00e1 toda la deuda k\u00e1rmica.<\/p>\n\n<p>No uses las artes de Stregheria para parecer poderoso frente a los dem\u00e1s, para presumir.<\/p>\n\n<p>No rebajes los est\u00e1ndares del arte y, por lo tanto, desprecies las espiritualidades antiguas.<\/p>\n\n<p>No le quites vida a nada, aunque creas que un ser es in\u00fatil: todo lo que existe se usa y tiene igual importancia en el ciclo de la vida.<\/p>\n\n<p>No jures por tu honor a la ligera, porque est\u00e1s obligado por tus palabras y por tus juramentos.<\/p>\n\n<p>No se rebaje ante ninguna autoridad que no sea la de los Dioses. En su lugar, coopere, pero siempre aseg\u00farese de respetarse a s\u00ed mismo y defender su honor.<\/p>\n\n<p>Sea respetuoso con los dem\u00e1s y puede esperar que ellos lo respeten a usted.<\/p>\n\n<p>Ense\u00f1e lo que sabe a todos los que parezcan dignos y facilite as\u00ed la continuaci\u00f3n de la pr\u00e1ctica de la antigua religi\u00f3n.<\/p>\n\n<p>No menosprecie o menosprecie las creencias religiosas de otra persona, simplemente declare sus propias verdades. Trate de estar en paz con aquellos cuyas creencias difieren de las suyas.<\/p>\n\n<p>No da\u00f1e ni da\u00f1e a nadie excepto en su propia defensa o la de otro.<\/p>\n\n<p>Sea compasivo con los dem\u00e1s, todas las personas tienen coraz\u00f3n y alma, son sensibles y necesitan apoyo.<\/p>\n\n<p>S\u00e9 real, s\u00e9 t\u00fa mismo, no hagas nada que vaya en contra de tus propios valores, tu personalidad, mantente alejado de lo que se te nota, de lo que se te opone.<\/p>\n\n<p>Adora todo en la naturaleza. No destruyas nada, no desperdicies nada. Viva en armon\u00eda con la naturaleza, porque el camino de la naturaleza es nuestro camino.<\/p>\n\n<p>Deja tu coraz\u00f3n y tu mente abiertos a los Creadores, as\u00ed como a tus hermanos y hermanas humanos.<\/p>\n\t\t\t\t\t\t\t\t<\/div>\n\t\t\t\t<\/div>\n\t\t\t\t\t<\/div>\n\t\t<\/div>\n\t\t\t\t\t<\/div>\n\t\t<\/section>\n\t\t\t\t<\/div>","protected":false},"excerpt":{"rendered":"<p>Mythologie Etrusque Wiki En devenant Strega ou Stregone, vous vous engagez personnellement \u00e0 respecter ces quelques r\u00e8gles d&rsquo;Aradia, lesquelles ont &hellip; <\/p>","protected":false},"author":1,"featured_media":0,"parent":1366,"menu_order":0,"comment_status":"closed","ping_status":"closed","template":"","meta":{"footnotes":""},"class_list":["post-1391","page","type-page","status-publish","hentry"],"amp_enabled":true,"_links":{"self":[{"href":"https:\/\/mythslegendes.com\/es\/wp-json\/wp\/v2\/pages\/1391","targetHints":{"allow":["GET"]}}],"collection":[{"href":"https:\/\/mythslegendes.com\/es\/wp-json\/wp\/v2\/pages"}],"about":[{"href":"https:\/\/mythslegendes.com\/es\/wp-json\/wp\/v2\/types\/page"}],"author":[{"embeddable":true,"href":"https:\/\/mythslegendes.com\/es\/wp-json\/wp\/v2\/users\/1"}],"replies":[{"embeddable":true,"href":"https:\/\/mythslegendes.com\/es\/wp-json\/wp\/v2\/comments?post=1391"}],"version-history":[{"count":1,"href":"https:\/\/mythslegendes.com\/es\/wp-json\/wp\/v2\/pages\/1391\/revisions"}],"predecessor-version":[{"id":24725,"href":"https:\/\/mythslegendes.com\/es\/wp-json\/wp\/v2\/pages\/1391\/revisions\/24725"}],"up":[{"embeddable":true,"href":"https:\/\/mythslegendes.com\/es\/wp-json\/wp\/v2\/pages\/1366"}],"wp:attachment":[{"href":"https:\/\/mythslegendes.com\/es\/wp-json\/wp\/v2\/media?parent=1391"}],"curies":[{"name":"wp","href":"https:\/\/api.w.org\/{rel}","templated":true}]}}