{"id":1394,"date":"2020-06-23T16:04:00","date_gmt":"2020-06-23T15:04:00","guid":{"rendered":"https:\/\/mythslegendes.com\/?page_id=1394"},"modified":"2022-12-03T22:07:05","modified_gmt":"2022-12-03T22:07:05","slug":"contexte-de-lancienne-religion","status":"publish","type":"page","link":"https:\/\/mythslegendes.com\/es\/mitologia-etrusca\/contexto-de-la-antigua-religion\/","title":{"rendered":"Antecedentes de la antigua religi\u00f3n"},"content":{"rendered":"<div data-elementor-type=\"wp-page\" data-elementor-id=\"1394\" class=\"elementor elementor-1394\">\n\t\t\t\t\t\t<section class=\"elementor-section elementor-top-section elementor-element elementor-element-0111c6d elementor-section-boxed elementor-section-height-default elementor-section-height-default\" data-id=\"0111c6d\" data-element_type=\"section\" data-e-type=\"section\">\n\t\t\t\t\t\t<div class=\"elementor-container elementor-column-gap-default\">\n\t\t\t\t\t<div class=\"elementor-column elementor-col-50 elementor-top-column elementor-element elementor-element-144acb1\" data-id=\"144acb1\" data-element_type=\"column\" data-e-type=\"column\">\n\t\t\t<div class=\"elementor-widget-wrap elementor-element-populated\">\n\t\t\t\t\t\t<div class=\"elementor-element elementor-element-2e1df38 elementor-align-justify elementor-widget elementor-widget-button\" data-id=\"2e1df38\" data-element_type=\"widget\" data-e-type=\"widget\" data-widget_type=\"button.default\">\n\t\t\t\t<div class=\"elementor-widget-container\">\n\t\t\t\t\t\t\t\t\t<div class=\"elementor-button-wrapper\">\n\t\t\t\t\t<a class=\"elementor-button elementor-button-link elementor-size-sm\" href=\"https:\/\/mythslegendes.com\/es\/mitologia-etrusca\/\">\n\t\t\t\t\t\t<span class=\"elementor-button-content-wrapper\">\n\t\t\t\t\t\t\t\t\t<span class=\"elementor-button-text\">Mitolog\u00eda etrusca<\/span>\n\t\t\t\t\t<\/span>\n\t\t\t\t\t<\/a>\n\t\t\t\t<\/div>\n\t\t\t\t\t\t\t\t<\/div>\n\t\t\t\t<\/div>\n\t\t\t\t\t<\/div>\n\t\t<\/div>\n\t\t\t\t<div class=\"elementor-column elementor-col-50 elementor-top-column elementor-element elementor-element-6c286b0\" data-id=\"6c286b0\" data-element_type=\"column\" data-e-type=\"column\">\n\t\t\t<div class=\"elementor-widget-wrap elementor-element-populated\">\n\t\t\t\t\t\t<div class=\"elementor-element elementor-element-81cb108 elementor-align-justify elementor-widget elementor-widget-button\" data-id=\"81cb108\" data-element_type=\"widget\" data-e-type=\"widget\" data-widget_type=\"button.default\">\n\t\t\t\t<div class=\"elementor-widget-container\">\n\t\t\t\t\t\t\t\t\t<div class=\"elementor-button-wrapper\">\n\t\t\t\t\t<a class=\"elementor-button elementor-button-link elementor-size-sm\" href=\"https:\/\/fr.wikipedia.org\/wiki\/Aradia,_or_the_Gospel_of_the_Witches\" target=\"_blank\" rel=\"noopener\">\n\t\t\t\t\t\t<span class=\"elementor-button-content-wrapper\">\n\t\t\t\t\t\t\t\t\t<span class=\"elementor-button-text\">Wiki<\/span>\n\t\t\t\t\t<\/span>\n\t\t\t\t\t<\/a>\n\t\t\t\t<\/div>\n\t\t\t\t\t\t\t\t<\/div>\n\t\t\t\t<\/div>\n\t\t\t\t\t<\/div>\n\t\t<\/div>\n\t\t\t\t\t<\/div>\n\t\t<\/section>\n\t\t\t\t<section class=\"elementor-section elementor-top-section elementor-element elementor-element-757b9e9c elementor-section-boxed elementor-section-height-default elementor-section-height-default\" data-id=\"757b9e9c\" data-element_type=\"section\" data-e-type=\"section\">\n\t\t\t\t\t\t<div class=\"elementor-container elementor-column-gap-default\">\n\t\t\t\t\t<div class=\"elementor-column elementor-col-100 elementor-top-column elementor-element elementor-element-6e631bc8\" data-id=\"6e631bc8\" data-element_type=\"column\" data-e-type=\"column\">\n\t\t\t<div class=\"elementor-widget-wrap elementor-element-populated\">\n\t\t\t\t\t\t<div class=\"elementor-element elementor-element-513b0d99 elementor-widget elementor-widget-text-editor\" data-id=\"513b0d99\" data-element_type=\"widget\" data-e-type=\"widget\" data-widget_type=\"text-editor.default\">\n\t\t\t\t<div class=\"elementor-widget-container\">\n\t\t\t\t\t\t\t\t\t<p><\/p>\n<p>La brujer\u00eda toscana es \u00fanica entre todos los dem\u00e1s tipos de brujer\u00eda en Italia ya que la antigua religi\u00f3n de la Toscana tiene sus ra\u00edces en la antig\u00fcedad. <a href=\"https:\/\/mythslegendes.com\/es\/mitologia-etrusca\/\">etrusco<\/a> y contiene menos influencias romanas.<\/p>\n<p><img decoding=\"async\" class=\"alignnone wp-image-5284 size-full\" src=\"https:\/\/mythslegendes.com\/wp-content\/uploads\/2020\/09\/AlphaOmega-e1602613368367.png\" alt=\"Religi\u00f3n antigua\" width=\"25\" height=\"26\" title=\"\"><\/p>\n<div id=\"ez-toc-container\" class=\"ez-toc-v2_0_82_2 counter-hierarchy ez-toc-counter ez-toc-grey ez-toc-container-direction\">\n<div class=\"ez-toc-title-container\">\n<p class=\"ez-toc-title\" style=\"cursor:inherit\">Contenido<\/p>\n<span class=\"ez-toc-title-toggle\"><a href=\"#\" class=\"ez-toc-pull-right ez-toc-btn ez-toc-btn-xs ez-toc-btn-default ez-toc-toggle\" aria-label=\"Alternar tabla de contenidos\"><span class=\"ez-toc-js-icon-con\"><span class=\"\"><span class=\"eztoc-hide\" style=\"display:none;\">Palanca<\/span><span class=\"ez-toc-icon-toggle-span\"><svg style=\"fill: #999;color:#999\" xmlns=\"http:\/\/www.w3.org\/2000\/svg\" class=\"list-377408\" width=\"20px\" height=\"20px\" viewbox=\"0 0 24 24\" fill=\"none\"><path d=\"M6 6H4v2h2V6zm14 0H8v2h12V6zM4 11h2v2H4v-2zm16 0H8v2h12v-2zM4 16h2v2H4v-2zm16 0H8v2h12v-2z\" fill=\"currentColor\"><\/path><\/svg><svg style=\"fill: #999;color:#999\" class=\"arrow-unsorted-368013\" xmlns=\"http:\/\/www.w3.org\/2000\/svg\" width=\"10px\" height=\"10px\" viewbox=\"0 0 24 24\" version=\"1.2\" baseprofile=\"tiny\"><path d=\"M18.2 9.3l-6.2-6.3-6.2 6.3c-.2.2-.3.4-.3.7s.1.5.3.7c.2.2.4.3.7.3h11c.3 0 .5-.1.7-.3.2-.2.3-.5.3-.7s-.1-.5-.3-.7zM5.8 14.7l6.2 6.3 6.2-6.3c.2-.2.3-.5.3-.7s-.1-.5-.3-.7c-.2-.2-.4-.3-.7-.3h-11c-.3 0-.5.1-.7.3-.2.2-.3.5-.3.7s.1.5.3.7z\"\/><\/svg><\/span><\/span><\/span><\/a><\/span><\/div>\n<nav><ul class='ez-toc-list ez-toc-list-level-1' ><li class='ez-toc-page-1 ez-toc-heading-level-2'><a class=\"ez-toc-link ez-toc-heading-1\" href=\"https:\/\/mythslegendes.com\/es\/mitologia-etrusca\/contexto-de-la-antigua-religion\/#LAncienne-Religion\" >La vieja religi\u00f3n<\/a><\/li><\/ul><\/nav><\/div>\n<h2><span class=\"ez-toc-section\" id=\"LAncienne-Religion\"><\/span>La vieja religi\u00f3n<span class=\"ez-toc-section-end\"><\/span><\/h2>\n<p>Durante el per\u00edodo neol\u00edtico de Italia, hubo una cultura conocida hoy como el Culto de la Diosa Madre. Los hallazgos arqueol\u00f3gicos relatan un per\u00edodo particularmente abundante del que datan una abundante serie de estatuillas de la diosa y su marido.<\/p>\n<p>Algunos arque\u00f3logos, como Marija Gimbutas, creen que el <a href=\"https:\/\/mythslegendes.com\/es\/mitologia-etrusca\/\">etruscos<\/a> eran herederos de las creencias y pr\u00e1cticas de este antiqu\u00edsimo culto, pero tambi\u00e9n de otro, conocido como \u201cculto a los muertos\u201d, ambos practicados antiguamente en la pen\u00ednsula italiana. Esta regi\u00f3n forma parte de lo que hoy llamamos la Vieja Europa, que incluye no s\u00f3lo Italia sino tambi\u00e9n <a href=\"https:\/\/mythslegendes.com\/es\/mythes-et-legendes-grecques-1664\/\">Grecia<\/a>, la Rep\u00fablica Checa, el sur de Polonia y el oeste de Ucrania. Los conceptos arcaicos de la vieja Europa florecieron incluso despu\u00e9s del comienzo de la era cristiana.<\/p>\n<p>Esto fue especialmente cierto en toda la pen\u00ednsula italiana. Los escritores helen\u00edsticos y romanos se sorprendieron a menudo al descubrir rastros de pr\u00e1cticas y creencias primitivas de las antiguas regiones etruscas, pr\u00e1cticas y concepciones que, adem\u00e1s, se parec\u00edan mucho a las reconocidas en Grecia y Roma en ese momento. Entre otras, exist\u00eda la noci\u00f3n de animismo, la omnipresencia de signos, artes adivinatorias, maldiciones y or\u00e1culos, etc.<\/p>\n<p><\/p>\n<p><\/p>\n<p>Las mujeres etruscas ten\u00edan una importancia igual, si no mayor, que los hombres en la sociedad en general, pero especialmente desde un punto de vista religioso y espiritual, un legado de la religi\u00f3n matriarcal que floreci\u00f3 en la antig\u00fcedad en la vieja Europa. Otra creencia importante para mencionar es que los etruscos cre\u00edan en la supervivencia &quot;material&quot; de los muertos en su lugar de enterramiento.<\/p>\n<p>Colocaron en sus tumbas los objetos y efectos personales que pertenec\u00edan a los muertos, juegos, herramientas, etc. En la religi\u00f3n romana arcaica, encontramos pr\u00e1cticas similares en los lugares de enterramiento. Esto sugiere que el culto a los muertos fue muy importante.<\/p>\n<p><\/p>\n<p><\/p>\n<p>Los etruscos cre\u00edan en lata &quot;sobrenatural&quot;. Todos los actos de la naturaleza fueron vistos como mandados por un esp\u00edritu o un dios. Varios presagios precedieron a la aparici\u00f3n o acci\u00f3n de un ser &quot;sobrenatural&quot;. Con el fin de establecer una buena relaci\u00f3n con los esp\u00edritus y las deidades, se les pusieron a disposici\u00f3n ofrendas.<\/p>\n<p>En relaci\u00f3n con las creencias etruscas sobre los presagios, est\u00e1 la antigua <a href=\"https:\/\/mythslegendes.com\/es\/\">mito<\/a> guiar a los animales (t\u00f3tems) y a los antepasados. Las primeras tribus n\u00f3madas de Italia cre\u00edan en el esp\u00edritu de un animal que los proteg\u00eda y guiaba. La tribu Piceni, por ejemplo, cre\u00eda que su gu\u00eda era un p\u00e1jaro carpintero, para los Sabelianos un toro, para los Lucani, un lobo y para los Ursenti, un oso. Estas y otras tribus circundantes ten\u00edan una costumbre conocida como Ver Sacrum, el manantial sagrado.<\/p>\n<p>Esto requiri\u00f3 que algunos miembros de una tribu la dejaran por un tiempo para establecerse m\u00e1s en la regi\u00f3n cada primavera. En ese momento, el t\u00f3tem se pod\u00eda encontrar en una visi\u00f3n, en un sue\u00f1o.<\/p>\n<p><\/p>\n<p><\/p>\n<p>A medida que los humanos evolucionaron a trav\u00e9s de sociedades agrarias, los esp\u00edritus de los prados y los bosques se &quot;transformaron&quot; en los esp\u00edritus de los campos arados y sembrados. Son los Lasa, seres que comparten con ellos lazos ancestrales muy estrechos. Bajo el Imperio Romano, estos esp\u00edritus se llamaban Lare y una vez m\u00e1s se transformaron en esp\u00edritus dom\u00e9sticos y familiares, convirtiendo a Lare en protectores de la familia, preservando su memoria y su descendencia.<\/p>\n<p><\/p>\n<p><\/p>\n<p>Los etruscos luego desarrollaron y refinaron varias creencias paganas tempranas, creando una tradici\u00f3n m\u00edstica y m\u00e1gica. Siglos antes de que Roma llegara al poder, los etruscos adoraban a la Gran Diosa Madre Unida y a su consorte Tinia. Estas deidades gobernaron una horda de semidioses y esp\u00edritus y dispensaron sus poderes a las fuerzas de la naturaleza, decidiendo el destino de los humanos.<\/p>\n<p>El pante\u00f3n de los etruscos no era diferente de los dioses ol\u00edmpicos de Grecia, aunque adoraban a otros dioses por encima de ellos. Estas deidades eran conocidas como Involuti o Dioses de la Niebla.<\/p>\n<p><\/p>\n<p><\/p>\n<p>Las Brujas \/ Magos de Toscana son los descendientes directos del pueblo etrusco. Durante varios siglos, han mantenido su existencia en secreto, susurrando en voz baja a los dioses antiguos venerados por sus antepasados en las noches en que la luna es visible en el cielo. Generaciones dieron a conocer la Antigua Religi\u00f3n a sus descendientes, preservando el conocimiento ritual y m\u00e1gico de la antigua brujer\u00eda italiana.<\/p>\n<p>A principios del siglo XVII, un monje ambrosiano llamado Francesco Guazzo escribi\u00f3 un <a href=\"https:\/\/mythslegendes.com\/es\/bibliotecas-de-libros\/\">libro<\/a> que trata sobre el legado de brujas y magos italianos titulado Compendium Maleficarum. En el cap\u00edtulo sexto, Guazzo habla de las \u201chuellas heredadas\u201d de la Brujer\u00eda en los ni\u00f1os nacidos para ser brujos. Varios cap\u00edtulos tratan de ceremonias en las que se &quot;bautizan&quot; ni\u00f1os, dedicados a la &quot;secta&quot; de las Brujas, adem\u00e1s de hablar de ceremonias matrimoniales entre magos. Guazzo afirm\u00f3 que todo esto era s\u00f3lo con el fin de &quot;propagar&quot; la raza de las brujas.<\/p>\n<p><\/p>\n<p><\/p>\n<p>Las plantas y especialmente las hierbas siempre se han asociado con las brujas. En los escritos de Homero, se encontraron brujas en los claros del bosque. Ovidio dijo que se conocieron en colinas cubiertas de hierba. Con el per\u00edodo helen\u00edstico, tenemos referencias que relatan que las brujas practicaban y viv\u00edan en las ciudades, obteniendo sus hierbas en los mercados p\u00fablicos o en los cementerios, y por lo tanto no necesariamente viv\u00edan de ninguna civilizaci\u00f3n, como ermita\u00f1os. Tambi\u00e9n se dice que las brujas de esa \u00e9poca pod\u00edan practicar bajo techo, en interiores.<\/p>\n<p><\/p>\n<p><\/p>\n<p>Es interesante notar que la palabra &quot;bruja&quot; en griego antiguo es &quot;pharmakis&quot;, literalmente &quot;herbolario&quot; y que es a partir de esta palabra que se cre\u00f3 la palabra farmacia. Para los romanos, se dec\u00eda que la palabra &quot;bruja&quot; era &quot;venenum&quot;, refiri\u00e9ndose en cambio a las hierbas envenenadas. A partir de venenum, crearon la palabra veneficium, la palabra latina para &quot;brujer\u00eda&quot;. Por tanto, el nombre latino de bruja es hoy &quot;venifica&quot;, pero antes se refer\u00eda al significado de &quot;mujer sabia&quot;.<\/p>\n<p>Por tanto, es muy claro que las brujas de esta \u00e9poca y de esta regi\u00f3n sab\u00edan c\u00f3mo utilizar las hierbas. En el folclore de esta regi\u00f3n, se dice que cada planta est\u00e1 habitada por un esp\u00edritu o una conciencia, el Numen, y fue esto lo que le dio a la planta todas sus propiedades m\u00e1gicas y \/ o curativas. El concepto de Numen evolucion\u00f3 para convertirse m\u00e1s tarde en el de las hadas o esp\u00edritus de la naturaleza.<\/p>\n<p><\/p>\n<p><\/p>\n<p>En la brujer\u00eda toscana, se cree que existe una relaci\u00f3n muy \u00edntima entre las hadas y las brujas \/ magos, quienes poseen un profundo conocimiento de la magia y est\u00e1n muy conectados con la naturaleza. En Toscana, la Reina de las Hadas se conoce como Alba o Turanna. Aldegano es un esp\u00edritu de hada de la hiedra y Tarabug es el esp\u00edritu de la calle (planta) y el guardi\u00e1n de las ca\u00f1as. La ruda y la hiedra se encuentran entre las plantas m\u00e1gicas m\u00e1s utilizadas por la brujer\u00eda toscana. La ruda, la hiedra, la sal y el vino se utilizan para invocar a la Diosa y para convocar a los esp\u00edritus y las hadas.<\/p>\n<p><\/p>\n<p><\/p>\n<p>Relacionadas con la creencia en las hadas est\u00e1n las tres deidades o esp\u00edritus del Destino, conocidos como Maratega, Rododesa y Befana. Giran las vidas de todos los humanos, tejen la historia y el destino de cada individuo, y cortan el hilo de la vida cuando se completa la concepci\u00f3n. Podemos compararlos con las Nornas de los escandinavos (Urd, Verdandi y Skuld), con las Parcas de los romanos (Nona, Decima y Morta) o con las Parcas de los <a href=\"https:\/\/mythslegendes.com\/es\/mythes-et-legendes-grecques-1664\/\">griegos<\/a> (Cloto, Laquesis y \u00c1tropos).<\/p>\n<p>La adivinaci\u00f3n es un aspecto importante de la brujer\u00eda toscana y se usa con el prop\u00f3sito de obtener una idea del destino tejido por las tres Fata (hadas) del Destino. Befana es tambi\u00e9n un esp\u00edritu ancestral cuyo s\u00edmbolo es una media tejida. Se colgaron medias o calcetines sobre las chimeneas la noche del 6 de enero con la esperanza de la visita de Befana. La casa es un s\u00edmbolo de vida y unidad familiar y fue un lugar de calidez y compa\u00f1\u00eda. Durante la noche del 6 de enero, Befana llen\u00f3 las medias de regalos para los ni\u00f1os, creando as\u00ed contacto con cada nueva generaci\u00f3n.<\/p>\n<p><\/p>\n<p><\/p>\n<p>Attilio es un esp\u00edritu de los hogares y est\u00e1 asociado con los Lare, los esp\u00edritus ancestrales que habitan los hogares. Setlano es un esp\u00edritu ardiente convocado para la adivinaci\u00f3n. Tradicionalmente, cuando un fuego arde dentro de una chimenea, se pueden ver presagios del futuro en la interpretaci\u00f3n de llamas y chispas. Los seres elementales del fuego son las Salamandras y pueden aparecer en llamas como or\u00e1culos.<\/p>\n<p>Mena, otro esp\u00edritu de fuego convocado para el amor y el matrimonio, suele aparecer en forma de serpiente. Luego, hombres y mujeres j\u00f3venes plantean sus preguntas al fuego, mirando las llamas cambiantes en busca de respuestas. Aquellos que esperan encontrar un alma gemela apelan al esp\u00edritu de Marta. Tambi\u00e9n se sabe que reaviva el fuego de la pasi\u00f3n en una pareja, de ah\u00ed su asociaci\u00f3n con el fuego adivinatorio.<\/p>\n<p><\/p>\n<p><\/p>\n<p>Las pr\u00e1cticas primitivas son la piedra angular de la brujer\u00eda toscana y un signo de la antig\u00fcedad de esta tradici\u00f3n. Varios aspectos de esta antigua forma de brujer\u00eda se han conservado en los registros de la Inquisici\u00f3n italiana. Un caso especial que debe considerarse involucr\u00f3 a una mujer llamada Elena Draga. En 1571, fue llevada ante la Inquisici\u00f3n por haber usado la brujer\u00eda para curar personas. Uno de sus hechizos era frotar un trozo de carne cruda sobre una verruga.<\/p>\n<p>Luego enterraba la carne, de modo que a medida que se descompon\u00eda, la verruga desaparec\u00eda. Otra de sus curas fue lavar a un enfermo con agua, luego en la tercera o cuarta fase de la luna, hab\u00eda que esperar a que bajara la marea y tirar el agua sucia al oc\u00e9ano, para que la enfermedad desapareciera. Tambi\u00e9n observamos que la mayor\u00eda de las pr\u00e1cticas curativas de las regiones costeras de Italia se basaron en las fases lunares y utilizaron las mareas de los oc\u00e9anos.<\/p>\n<p><\/p>\n<p><\/p>\n<p>Los brujos \/ magos est\u00e1n muy apegados a su tradici\u00f3n ancestral y siempre la protegen, rara vez discuten este tema con los no iniciados.<\/p>\n<p><\/p>\t\t\t\t\t\t\t\t<\/div>\n\t\t\t\t<\/div>\n\t\t\t\t\t<\/div>\n\t\t<\/div>\n\t\t\t\t\t<\/div>\n\t\t<\/section>\n\t\t\t\t<\/div>","protected":false},"excerpt":{"rendered":"<p>Mythologie Etrusque Wiki La sorcellerie de Toscane est unique entre tous les autres types de sorcellerie en Italie puisque l&rsquo;Ancienne &hellip; <\/p>","protected":false},"author":1,"featured_media":0,"parent":1366,"menu_order":0,"comment_status":"closed","ping_status":"closed","template":"","meta":{"footnotes":""},"class_list":["post-1394","page","type-page","status-publish","hentry"],"amp_enabled":true,"_links":{"self":[{"href":"https:\/\/mythslegendes.com\/es\/wp-json\/wp\/v2\/pages\/1394","targetHints":{"allow":["GET"]}}],"collection":[{"href":"https:\/\/mythslegendes.com\/es\/wp-json\/wp\/v2\/pages"}],"about":[{"href":"https:\/\/mythslegendes.com\/es\/wp-json\/wp\/v2\/types\/page"}],"author":[{"embeddable":true,"href":"https:\/\/mythslegendes.com\/es\/wp-json\/wp\/v2\/users\/1"}],"replies":[{"embeddable":true,"href":"https:\/\/mythslegendes.com\/es\/wp-json\/wp\/v2\/comments?post=1394"}],"version-history":[{"count":1,"href":"https:\/\/mythslegendes.com\/es\/wp-json\/wp\/v2\/pages\/1394\/revisions"}],"predecessor-version":[{"id":24726,"href":"https:\/\/mythslegendes.com\/es\/wp-json\/wp\/v2\/pages\/1394\/revisions\/24726"}],"up":[{"embeddable":true,"href":"https:\/\/mythslegendes.com\/es\/wp-json\/wp\/v2\/pages\/1366"}],"wp:attachment":[{"href":"https:\/\/mythslegendes.com\/es\/wp-json\/wp\/v2\/media?parent=1394"}],"curies":[{"name":"wp","href":"https:\/\/api.w.org\/{rel}","templated":true}]}}