{"id":1400,"date":"2020-06-24T10:26:16","date_gmt":"2020-06-24T09:26:16","guid":{"rendered":"https:\/\/mythslegendes.com\/?page_id=1400"},"modified":"2022-12-03T22:07:05","modified_gmt":"2022-12-03T22:07:05","slug":"les-anciens-dieux-des-strega","status":"publish","type":"page","link":"https:\/\/mythslegendes.com\/es\/mitologia-etrusca\/les-anciens-dieux-des-strega\/","title":{"rendered":"Los antiguos dioses de Strega"},"content":{"rendered":"<div data-elementor-type=\"wp-page\" data-elementor-id=\"1400\" class=\"elementor elementor-1400\">\n\t\t\t\t\t\t<section class=\"elementor-section elementor-top-section elementor-element elementor-element-8d5feba elementor-section-boxed elementor-section-height-default elementor-section-height-default\" data-id=\"8d5feba\" data-element_type=\"section\" data-e-type=\"section\">\n\t\t\t\t\t\t<div class=\"elementor-container elementor-column-gap-default\">\n\t\t\t\t\t<div class=\"elementor-column elementor-col-50 elementor-top-column elementor-element elementor-element-a8b1027\" data-id=\"a8b1027\" data-element_type=\"column\" data-e-type=\"column\">\n\t\t\t<div class=\"elementor-widget-wrap elementor-element-populated\">\n\t\t\t\t\t\t<div class=\"elementor-element elementor-element-8ec0558 elementor-align-justify elementor-widget elementor-widget-button\" data-id=\"8ec0558\" data-element_type=\"widget\" data-e-type=\"widget\" data-widget_type=\"button.default\">\n\t\t\t\t<div class=\"elementor-widget-container\">\n\t\t\t\t\t\t\t\t\t<div class=\"elementor-button-wrapper\">\n\t\t\t\t\t<a class=\"elementor-button elementor-button-link elementor-size-sm\" href=\"https:\/\/mythslegendes.com\/es\/mitologia-etrusca\/\">\n\t\t\t\t\t\t<span class=\"elementor-button-content-wrapper\">\n\t\t\t\t\t\t\t\t\t<span class=\"elementor-button-text\">Mitolog\u00eda etrusca<\/span>\n\t\t\t\t\t<\/span>\n\t\t\t\t\t<\/a>\n\t\t\t\t<\/div>\n\t\t\t\t\t\t\t\t<\/div>\n\t\t\t\t<\/div>\n\t\t\t\t\t<\/div>\n\t\t<\/div>\n\t\t\t\t<div class=\"elementor-column elementor-col-50 elementor-top-column elementor-element elementor-element-08c563a\" data-id=\"08c563a\" data-element_type=\"column\" data-e-type=\"column\">\n\t\t\t<div class=\"elementor-widget-wrap elementor-element-populated\">\n\t\t\t\t\t\t<div class=\"elementor-element elementor-element-a4e9fe3 elementor-align-justify elementor-widget elementor-widget-button\" data-id=\"a4e9fe3\" data-element_type=\"widget\" data-e-type=\"widget\" data-widget_type=\"button.default\">\n\t\t\t\t<div class=\"elementor-widget-container\">\n\t\t\t\t\t\t\t\t\t<div class=\"elementor-button-wrapper\">\n\t\t\t\t\t<a class=\"elementor-button elementor-button-link elementor-size-sm\" href=\"https:\/\/fr.wikipedia.org\/wiki\/Aradia,_or_the_Gospel_of_the_Witches\" target=\"_blank\" rel=\"noopener\">\n\t\t\t\t\t\t<span class=\"elementor-button-content-wrapper\">\n\t\t\t\t\t\t\t\t\t<span class=\"elementor-button-text\">Wiki<\/span>\n\t\t\t\t\t<\/span>\n\t\t\t\t\t<\/a>\n\t\t\t\t<\/div>\n\t\t\t\t\t\t\t\t<\/div>\n\t\t\t\t<\/div>\n\t\t\t\t\t<\/div>\n\t\t<\/div>\n\t\t\t\t\t<\/div>\n\t\t<\/section>\n\t\t\t\t<section class=\"elementor-section elementor-top-section elementor-element elementor-element-3bbb0d74 elementor-section-boxed elementor-section-height-default elementor-section-height-default\" data-id=\"3bbb0d74\" data-element_type=\"section\" data-e-type=\"section\">\n\t\t\t\t\t\t<div class=\"elementor-container elementor-column-gap-default\">\n\t\t\t\t\t<div class=\"elementor-column elementor-col-100 elementor-top-column elementor-element elementor-element-87e97f4\" data-id=\"87e97f4\" data-element_type=\"column\" data-e-type=\"column\">\n\t\t\t<div class=\"elementor-widget-wrap elementor-element-populated\">\n\t\t\t\t\t\t<div class=\"elementor-element elementor-element-d6855ab elementor-widget elementor-widget-text-editor\" data-id=\"d6855ab\" data-element_type=\"widget\" data-e-type=\"widget\" data-widget_type=\"text-editor.default\">\n\t\t\t\t<div class=\"elementor-widget-container\">\n\t\t\t\t\t\t\t\t\t<p><\/p>\n<p>Les anciens dieux de l&rsquo;Europe pr\u00e9-chr\u00e9tienne ont surv\u00e9cu. Il y existe encore un monde o\u00f9 l&rsquo;on conna\u00eet encore les pouvoirs des charmes et des amulettes, des gestes secrets, invoquant la protection ou attirant l&rsquo;\u00e9nergie. Les incantations sont apprises telles un art, les signes et oracles sont lus dans les nuages, dans le vol d&rsquo;un oiseau. Le futur peut \u00eatre r\u00e9v\u00e9l\u00e9 par les gouttes d&rsquo;huile d&rsquo;olive flottant \u00e0 la surface de l&rsquo;eau consacr\u00e9e et des visions peuvent appara\u00eetre si on regarde au travers d&rsquo;un cristal.<\/p>\n<p><img decoding=\"async\" class=\"alignnone wp-image-5284 size-full\" src=\"https:\/\/mythslegendes.com\/wp-content\/uploads\/2020\/09\/AlphaOmega-e1602613368367.png\" alt=\"Les anciens dieux des strega\" width=\"25\" height=\"26\" title=\"\"><\/p>\n<div id=\"ez-toc-container\" class=\"ez-toc-v2_0_82_2 counter-hierarchy ez-toc-counter ez-toc-grey ez-toc-container-direction\">\n<div class=\"ez-toc-title-container\">\n<p class=\"ez-toc-title\" style=\"cursor:inherit\">Contenido<\/p>\n<span class=\"ez-toc-title-toggle\"><a href=\"#\" class=\"ez-toc-pull-right ez-toc-btn ez-toc-btn-xs ez-toc-btn-default ez-toc-toggle\" aria-label=\"Alternar tabla de contenidos\"><span class=\"ez-toc-js-icon-con\"><span class=\"\"><span class=\"eztoc-hide\" style=\"display:none;\">Palanca<\/span><span class=\"ez-toc-icon-toggle-span\"><svg style=\"fill: #999;color:#999\" xmlns=\"http:\/\/www.w3.org\/2000\/svg\" class=\"list-377408\" width=\"20px\" height=\"20px\" viewbox=\"0 0 24 24\" fill=\"none\"><path d=\"M6 6H4v2h2V6zm14 0H8v2h12V6zM4 11h2v2H4v-2zm16 0H8v2h12v-2zM4 16h2v2H4v-2zm16 0H8v2h12v-2z\" fill=\"currentColor\"><\/path><\/svg><svg style=\"fill: #999;color:#999\" class=\"arrow-unsorted-368013\" xmlns=\"http:\/\/www.w3.org\/2000\/svg\" width=\"10px\" height=\"10px\" viewbox=\"0 0 24 24\" version=\"1.2\" baseprofile=\"tiny\"><path d=\"M18.2 9.3l-6.2-6.3-6.2 6.3c-.2.2-.3.4-.3.7s.1.5.3.7c.2.2.4.3.7.3h11c.3 0 .5-.1.7-.3.2-.2.3-.5.3-.7s-.1-.5-.3-.7zM5.8 14.7l6.2 6.3 6.2-6.3c.2-.2.3-.5.3-.7s-.1-.5-.3-.7c-.2-.2-.4-.3-.7-.3h-11c-.3 0-.5.1-.7.3-.2.2-.3.5-.3.7s.1.5.3.7z\"\/><\/svg><\/span><\/span><\/span><\/a><\/span><\/div>\n<nav><ul class='ez-toc-list ez-toc-list-level-1' ><li class='ez-toc-page-1 ez-toc-heading-level-2'><a class=\"ez-toc-link ez-toc-heading-1\" href=\"https:\/\/mythslegendes.com\/es\/mitologia-etrusca\/les-anciens-dieux-des-strega\/#Les-anciens-dieux\" >Les anciens dieux<\/a><\/li><\/ul><\/nav><\/div>\n<h2><span class=\"ez-toc-section\" id=\"Les-anciens-dieux\"><\/span>Les anciens dieux<span class=\"ez-toc-section-end\"><\/span><\/h2>\n<p>La D\u00e9esse au croissant de lune et le Dieu Cornu sont v\u00e9n\u00e9r\u00e9s depuis des lunes sous plusieurs noms: Fana et Faunus, Jana et Janus, Tana et Tanus, mais les noms les plus couramment utilis\u00e9s dans la sorcellerie italienne sont Diana et Dianus. Leurs noms les plus anciens cependant \u00e9taient Uni et Tagni.<\/p>\n<p><\/p>\n<p><\/p>\n<p>La nature est vue comme la manifestation des forces et lois spirituelles. La magie est l&rsquo;art de saisir et de comprendre l&rsquo;interraction entre ces forces et les fa\u00e7ons dont elles peuvent \u00eatre influenc\u00e9es. Le \u00abm\u00e9canisme\u00bb cach\u00e9 derri\u00e8re le monde physique (dimension) est anim\u00e9 et gard\u00e9 par une horde d&rsquo;esprits et de d\u00e9it\u00e9s.<\/p>\n<p>D&rsquo;anciennes techniques ont \u00e9t\u00e9 pr\u00e9serv\u00e9es et d\u00e9montraient que l&rsquo;on peut acqu\u00e9rir les faveurs de ces \u00eatres, que des voeux et d\u00e9sirs personnels pouvaient \u00eatre exauc\u00e9s par eux. Pour ce faire, il fallait toutefois une vari\u00e9t\u00e9 d&rsquo;offrandes et de rites \u00e9tablis dans le but d&rsquo;attirer l&rsquo;entit\u00e9 qui influence les aspects d\u00e9sir\u00e9s.<\/p>\n<p><\/p>\n<p><\/p>\n<p>Au nord de l&rsquo;Italie appara\u00eet la r\u00e9gion de la Toscane. Sur ces terres sont les descendants d&rsquo;un ancien peuple: les <a href=\"https:\/\/mythslegendes.com\/es\/mitologia-etrusca\/\">etruscos<\/a>. C&rsquo;est l\u00e0 qu&rsquo;a \u00e9t\u00e9 pr\u00e9serv\u00e9e la Vieille Religion d&rsquo;Italie par les Sorci\u00e8res et Sorciers qui ont transmis leur savoir de g\u00e9n\u00e9ration en g\u00e9n\u00e9ration. Le Grand Art traditionnel en Toscane est assez unique, malgr\u00e9 les influences des autres r\u00e9gions d&rsquo;Italie. Nous pouvons y voir les restes des croyances religieuses des d\u00e9buts de la civilisation <a href=\"https:\/\/mythslegendes.com\/es\/mitologia-etrusca\/\">etrusco<\/a>.<\/p>\n<p>Les sorci\u00e8res toscanes croient que leur savoir sur cet Art est l&rsquo;h\u00e9ritage qui devait \u00eatre donn\u00e9 \u00e0 au moins une personne avant de mourir. Si cela n&rsquo;\u00e9tait pas accompli, on croyait alors que cela nuirait au progr\u00e8s et l&rsquo;avancement de la vie future. On dit \u00e9galement qu&rsquo;une sorci\u00e8re rena\u00eet plusieurs fois sous la forme humaine, devenant ainsi de plus en plus puissante. \u00c9ventuellement, elle peut devenir un esprit-guide ou m\u00eame une demi-d\u00e9esse.<\/p>\n<p><\/p>\n<p><\/p>\n<p>Cette religion se centralise surtout sur le Dieu Tagni et la D\u00e9esse Uni. L&rsquo;univers qu&rsquo;ils gouvernent comporte seize (16) \u00abdemeures\u00bb, quatre pour chacun des quatre points cardinaux. Les dieux de la destin\u00e9e se tiennent au Nord. \u00c0 l&rsquo;Est sont les dieux majeurs, au Sud sont les entit\u00e9s astrales et \u00e0 l&rsquo;Ouest sont les esprits du Monde d&rsquo;en dessous (monde souterrain).<\/p>\n<p>Tagni et Uni gouvernent ainsi une hi\u00e9rarchie d&rsquo;esprits puissants qui exercent une influence importante sur la Terre. La liste qui suit vous d\u00e9voilera quelques uns de ces esprits et de ces dieux\/d\u00e9esses toscans avec ceux auquels ils correspondent actuellement.<\/p>\n<p><\/p>\n<p><\/p>\n<p>Toscan \/ <a href=\"https:\/\/mythslegendes.com\/es\/mythes-et-legendes-grecques-1664\/\">Griego<\/a> ou Romain<\/p>\n<p><\/p>\n<p><\/p>\n<p>Teramo Mercure<br \/>Nortia Fortune<br \/>Aplu Apollon<br \/>Losna Diane (Lune)<br \/>Turanna V\u00e9nus<br \/>Pano Pan<br \/>Maso Mars<br \/>Silviano Silvanus<br \/>Esta Vesta<br \/>Faflon Bacchus<br \/>Tesana Aurore<br \/>Spulviero Aeolus<br \/>Fanio Faunus<br \/>Alpena Flora<br \/>Tituno Vulcan<br \/>Verbio Verbius<br \/>Jano Janus<br \/>Meana Fata &#8211; Destin\u00e9e<br \/>Dusio \u00c9ros<\/p>\n<p><\/p>\n<p><\/p>\n<p>Ces esprits et dieux\/d\u00e9esses sont invoqu\u00e9s dans plusieurs buts et prennent part \u00e0 la vie quotidienne en Toscane et plus que ne l&rsquo;\u00e9taient d&rsquo;autres dieux similaires des autres r\u00e9gions.<\/p>\n<p><\/p>\n<p><\/p>\n<p>Teramo est le messager invoqu\u00e9 pour porter des demandes aux dieux et aide \u00e0 jetter des sorts. Losna est l&rsquo;esprit de la Lune et est invoqu\u00e9e pour tous travaux magiques. Turanna influence les relations affectives. Dans la Vieille Religion, tout est le r\u00e9sultat de l&rsquo;action d&rsquo;un esprit ou d&rsquo;un dieu, ou m\u00eame d&rsquo;une sorci\u00e8re. C&rsquo;est pour cette raison que la vie de tous les jours est li\u00e9 au Grand Art.<\/p>\n<p><\/p>\n<p><\/p>\n<p>Comme dans la plupart des traditions pa\u00efennes, les forces \u00e9l\u00e9mentales sont v\u00e9n\u00e9r\u00e9es et les entit\u00e9s vivantes sont associ\u00e9es aux propri\u00e9t\u00e9s magiques des \u00e9l\u00e9ments. De m\u00eame, la Nature est remplie d&rsquo;esprits habitant m\u00eame dans les objets ou des endroits. C&rsquo;est le principe de l&rsquo;animisme. Les Faunes (Fauni) et les Sylphes (Silvani) sont les esprits des bois. Les Monachetto sont comme des Gn\u00f4mes alors que les Linchetto font partie de la famille des Elfes.<\/p>\n<p><\/p>\n<p><\/p>\n<p>Dans la sorcellerie Toscane, le Nord est une place de grands pouvoirs. Les \u00eatres \u00e9l\u00e9mentaux du Nord sont appel\u00e9s <a href=\"https:\/\/mythslegendes.com\/es\/palacio-mitologia\/\">Palacio<\/a>, esprits de la Terre. Au Sud se tiennent les Settiano, qui sont les esprits du feu. \u00c0 l&rsquo;Ouest sont les Manii, les esprits de l&rsquo;Eau. \u00c0 l&rsquo;Est sont les Bellarie, \u00e9l\u00e9mentaux de l&rsquo;Air. Les premiers <a href=\"https:\/\/mythslegendes.com\/es\/\">mitos<\/a> rapportent que les Lasa \u00e9taient associ\u00e9s au Monde Souterrain. \u00c0 travers l&rsquo;interraction de ces \u00eatres, la v\u00e9g\u00e9tation fleurit, la pluie tombe, le cycle de la vie continue. Ces esprits sont les forces int\u00e9rieures de la Nature.<\/p>\n<p><\/p>\n<p><\/p>\n<p>Tr\u00e8s li\u00e9e \u00e0 cette croyance, il y a une tradition de cures magiques, d&rsquo;incantations, de rites pour attirer l&rsquo;amour, pour repousser les esprits malins ou la n\u00e9gativit\u00e9, assurant confort physique. M\u00eame si ce savoir \u00e9tait autrefois connu m\u00eame des non-pratiquants, les secrets de la pratique de cet Art magique a surtout \u00e9t\u00e9 gard\u00e9 et enseign\u00e9 de mani\u00e8re \u00abh\u00e9r\u00e9ditaire\u00bb dans les familles sorci\u00e8res.<\/p>\n<p><\/p>\n<p><\/p>\n<p>Les Strega\/Stregone croient en un clan d&rsquo;esprits connus comme \u00e9tant les Lare, qui prot\u00e9geaient leurs maisons et familles. Ils pr\u00e9servaient \u00e9galement les lign\u00e9es familiales et leurs traditions. Les Lare assistaient les Strega afin de les aider \u00e0 rena\u00eetre parmi ceux qu&rsquo;elles avaient connus et aim\u00e9s dans la vie pr\u00e9c\u00e9dente.<\/p>\n<p>On les v\u00e9n\u00e9rait devant un petit autel ou une petite \u00abdemeure\u00bb construite pour eux dans la maison familiale, plac\u00e9e \u00e0 l&rsquo;Ouest ou \u00e0 l&rsquo;Est. Des offrandes y \u00e9taient faites pour eux, surtout lors d&rsquo;occasions sp\u00e9ciales o\u00f9 toute la famille pouvait \u00eatre r\u00e9unie, comme les mariages, les naissances, anniversaires ou rites fun\u00e9raires, etc.<\/p>\n<p><\/p>\n<p><\/p>\n<p>Traditionnellement, des chandelles sont allum\u00e9es, on leur fait des offrandes de pain, de vin, de lait, de miel, plac\u00e9s dans des bols s\u00e9par\u00e9s devant leur demeure (autel). Dans des temps plus anciens, ces esprits \u00e9taient appel\u00e9s Lasa et \u00e9taient consid\u00e9r\u00e9s comme les premiers esprits de la Terre.<\/p>\n<p><\/p>\n<p><\/p>\n<p>Il y a plusieurs types d&rsquo;esprits dans le folklore italien. Un des plus commun et des plus connu est le Folletto. Tous les Folletto voyagent, se d\u00e9placent gr\u00e2ce au vent, causant des tourbillons dans la poussi\u00e8re. On dit qu&rsquo;ils ressemblent \u00e0 des papillons et qu&rsquo;ils sont toujours en mouvement. Ils sont g\u00e9n\u00e9ralement sympathiques face aux humains mais peuvent \u00eatre malfaisants et g\u00eanants parfois.<\/p>\n<p>Ce n&rsquo;est pas rare qu&rsquo;un Folletto soul\u00e8ve la jupe d&rsquo;une femme dans un coup de vent ou alors qu&rsquo;ils cognent un objet dans une rafale soudaine. Comme ils sont des \u00eatres magiques, ils agissent positivement pour favorier les relations sexuelles. Au nord de l&rsquo;Italie, certains Folletto sont appel\u00e9s Basadone, reconnus pour voler un baiser aux femmes dans une brise, d&rsquo;o\u00f9 leur nom. La femme de cet esprit est appel\u00e9e Folletti, qui est aussi le nom donn\u00e9 \u00e0 un groupe de Folletto (pluriel).<\/p>\n<p><\/p>\n<p><\/p>\n<p>Les Linchetto, eux, appartiennent \u00e0 la race des Elfes et sont d&rsquo;ailleurs des elfes nocturnes. Ils sont natifs de la Toscane ou ce qu&rsquo;on appelait autrefois le Royaume \u00e9trusque. Ces elfes sont parfois la source de nos cauchemards et poussent souvent des cris effrayants durant la nuit. Ils d\u00e9testent le d\u00e9sordre et ne le supporte pas. On dit que pour chasser les Linchetto de chez soi, il faut \u00e9parpiller de l&rsquo;herbe (brindilles) autour du lit. L&rsquo;elfe de la nuit viendrait, essaierait de toutes les ramass\u00e9es, mais finirait par s&rsquo;en aller, f\u00e2ch\u00e9.<\/p>\n<p><\/p>\n<p><\/p>\n<p>Les Fata (f\u00e9es, en italien) sont les esprits des bois et de l&rsquo;eau. Ils changent souvent de forme, soit celle d&rsquo;un humain ou celle d&rsquo;un animal ou m\u00eame encore celle d&rsquo;un v\u00e9g\u00e9tal. On dit que ceux qui s&rsquo;arr\u00eateraient pour aider un animal ou une vieille personne pouvaient d\u00e9couvrir une f\u00e9e, d\u00e9guis\u00e9e et en \u00e9taient toujours fortement r\u00e9compens\u00e9s. Par contre, ceux qui sont cruels envers une Fata peuvent \u00eatre en grave danger.<\/p>\n<p><\/p>\n<p><\/p>\n<p>Les Lauru sont des Folletto aux yeux noirs scintillants, aux longs cheveux boucl\u00e9s et aux v\u00eatements de velours le plus prestigieux. Ils sont assez malfaisants mais s&rsquo;ils sont trait\u00e9s avec respect, ils peuvent r\u00e9v\u00e9ler des tr\u00e9sors cach\u00e9s ou les num\u00e9ros gagnants de la loterie!<\/p>\n<p><\/p>\n<p><\/p>\n<p>Le folkore italien s&rsquo;\u00e9tend aussi sur des objets inanim\u00e9s car toute chose poss\u00e8de un certain pouvoir, une cl\u00e9 faite d&rsquo;or ou d&rsquo;argent, les perles, le corail (surtout le rouge), en sont de bons exemples. D&rsquo;autres objets, comme la gousse d&rsquo;ail ou la pinc\u00e9e de sel, ont le pouvoir de prot\u00e9ger.<\/p>\n<p><\/p>\t\t\t\t\t\t\t\t<\/div>\n\t\t\t\t<\/div>\n\t\t\t\t\t<\/div>\n\t\t<\/div>\n\t\t\t\t\t<\/div>\n\t\t<\/section>\n\t\t\t\t<\/div>","protected":false},"excerpt":{"rendered":"<p>Mythologie Etrusque Wiki Les anciens dieux de l&rsquo;Europe pr\u00e9-chr\u00e9tienne ont surv\u00e9cu. Il y existe encore un monde o\u00f9 l&rsquo;on conna\u00eet &hellip; <\/p>","protected":false},"author":1,"featured_media":0,"parent":1366,"menu_order":0,"comment_status":"closed","ping_status":"closed","template":"","meta":{"footnotes":""},"class_list":["post-1400","page","type-page","status-publish","hentry"],"amp_enabled":true,"_links":{"self":[{"href":"https:\/\/mythslegendes.com\/es\/wp-json\/wp\/v2\/pages\/1400","targetHints":{"allow":["GET"]}}],"collection":[{"href":"https:\/\/mythslegendes.com\/es\/wp-json\/wp\/v2\/pages"}],"about":[{"href":"https:\/\/mythslegendes.com\/es\/wp-json\/wp\/v2\/types\/page"}],"author":[{"embeddable":true,"href":"https:\/\/mythslegendes.com\/es\/wp-json\/wp\/v2\/users\/1"}],"replies":[{"embeddable":true,"href":"https:\/\/mythslegendes.com\/es\/wp-json\/wp\/v2\/comments?post=1400"}],"version-history":[{"count":1,"href":"https:\/\/mythslegendes.com\/es\/wp-json\/wp\/v2\/pages\/1400\/revisions"}],"predecessor-version":[{"id":24727,"href":"https:\/\/mythslegendes.com\/es\/wp-json\/wp\/v2\/pages\/1400\/revisions\/24727"}],"up":[{"embeddable":true,"href":"https:\/\/mythslegendes.com\/es\/wp-json\/wp\/v2\/pages\/1366"}],"wp:attachment":[{"href":"https:\/\/mythslegendes.com\/es\/wp-json\/wp\/v2\/media?parent=1400"}],"curies":[{"name":"wp","href":"https:\/\/api.w.org\/{rel}","templated":true}]}}