{"id":1403,"date":"2020-06-24T10:27:32","date_gmt":"2020-06-24T09:27:32","guid":{"rendered":"https:\/\/mythslegendes.com\/?page_id=1403"},"modified":"2022-12-03T22:07:05","modified_gmt":"2022-12-03T22:07:05","slug":"le-culte-de-la-lune","status":"publish","type":"page","link":"https:\/\/mythslegendes.com\/es\/mitologia-etrusca\/adoracion-de-la-luna\/","title":{"rendered":"El culto a la luna"},"content":{"rendered":"<div data-elementor-type=\"wp-page\" data-elementor-id=\"1403\" class=\"elementor elementor-1403\">\n\t\t\t\t\t\t<section class=\"elementor-section elementor-top-section elementor-element elementor-element-56c7d64 elementor-section-boxed elementor-section-height-default elementor-section-height-default\" data-id=\"56c7d64\" data-element_type=\"section\" data-e-type=\"section\">\n\t\t\t\t\t\t<div class=\"elementor-container elementor-column-gap-default\">\n\t\t\t\t\t<div class=\"elementor-column elementor-col-50 elementor-top-column elementor-element elementor-element-8a3b79d\" data-id=\"8a3b79d\" data-element_type=\"column\" data-e-type=\"column\">\n\t\t\t<div class=\"elementor-widget-wrap elementor-element-populated\">\n\t\t\t\t\t\t<div class=\"elementor-element elementor-element-a46bd5c elementor-align-justify elementor-widget elementor-widget-button\" data-id=\"a46bd5c\" data-element_type=\"widget\" data-e-type=\"widget\" data-widget_type=\"button.default\">\n\t\t\t\t<div class=\"elementor-widget-container\">\n\t\t\t\t\t\t\t\t\t<div class=\"elementor-button-wrapper\">\n\t\t\t\t\t<a class=\"elementor-button elementor-button-link elementor-size-sm\" href=\"https:\/\/mythslegendes.com\/es\/mitologia-etrusca\/\">\n\t\t\t\t\t\t<span class=\"elementor-button-content-wrapper\">\n\t\t\t\t\t\t\t\t\t<span class=\"elementor-button-text\">Mitolog\u00eda etrusca<\/span>\n\t\t\t\t\t<\/span>\n\t\t\t\t\t<\/a>\n\t\t\t\t<\/div>\n\t\t\t\t\t\t\t\t<\/div>\n\t\t\t\t<\/div>\n\t\t\t\t\t<\/div>\n\t\t<\/div>\n\t\t\t\t<div class=\"elementor-column elementor-col-50 elementor-top-column elementor-element elementor-element-0082a24\" data-id=\"0082a24\" data-element_type=\"column\" data-e-type=\"column\">\n\t\t\t<div class=\"elementor-widget-wrap elementor-element-populated\">\n\t\t\t\t\t\t<div class=\"elementor-element elementor-element-083e864 elementor-align-justify elementor-widget elementor-widget-button\" data-id=\"083e864\" data-element_type=\"widget\" data-e-type=\"widget\" data-widget_type=\"button.default\">\n\t\t\t\t<div class=\"elementor-widget-container\">\n\t\t\t\t\t\t\t\t\t<div class=\"elementor-button-wrapper\">\n\t\t\t\t\t<a class=\"elementor-button elementor-button-link elementor-size-sm\" href=\"https:\/\/fr.wikipedia.org\/wiki\/Aradia,_or_the_Gospel_of_the_Witches\" target=\"_blank\" rel=\"noopener\">\n\t\t\t\t\t\t<span class=\"elementor-button-content-wrapper\">\n\t\t\t\t\t\t\t\t\t<span class=\"elementor-button-text\">Wiki<\/span>\n\t\t\t\t\t<\/span>\n\t\t\t\t\t<\/a>\n\t\t\t\t<\/div>\n\t\t\t\t\t\t\t\t<\/div>\n\t\t\t\t<\/div>\n\t\t\t\t\t<\/div>\n\t\t<\/div>\n\t\t\t\t\t<\/div>\n\t\t<\/section>\n\t\t\t\t<section class=\"elementor-section elementor-top-section elementor-element elementor-element-3191aab9 elementor-section-boxed elementor-section-height-default elementor-section-height-default\" data-id=\"3191aab9\" data-element_type=\"section\" data-e-type=\"section\">\n\t\t\t\t\t\t<div class=\"elementor-container elementor-column-gap-default\">\n\t\t\t\t\t<div class=\"elementor-column elementor-col-100 elementor-top-column elementor-element elementor-element-48c332a6\" data-id=\"48c332a6\" data-element_type=\"column\" data-e-type=\"column\">\n\t\t\t<div class=\"elementor-widget-wrap elementor-element-populated\">\n\t\t\t\t\t\t<div class=\"elementor-element elementor-element-40c7a8da elementor-widget elementor-widget-text-editor\" data-id=\"40c7a8da\" data-element_type=\"widget\" data-e-type=\"widget\" data-widget_type=\"text-editor.default\">\n\t\t\t\t<div class=\"elementor-widget-container\">\n\t\t\t\t\t\t\t\t\t<p><\/p>\n<p>A trav\u00e9s de las ense\u00f1anzas de Aradia, queda claro que una vez ella ense\u00f1\u00f3 a sus disc\u00edpulos que las almas de los difuntos iban a la Luna. El culto a la Luna era primordial. Aunque los practicantes actuales coinciden en que era un s\u00edmbolo que ella usaba para indicar que iban a un mundo o reino astral, el concepto no era desconocido en otras culturas antiguas.<\/p>\n<p><img decoding=\"async\" class=\"alignnone wp-image-5284 size-full\" src=\"https:\/\/mythslegendes.com\/wp-content\/uploads\/2020\/09\/AlphaOmega-e1602613368367.png\" alt=\"Adoraci\u00f3n a la Luna\" width=\"25\" height=\"26\" title=\"\"><\/p>\n<div id=\"ez-toc-container\" class=\"ez-toc-v2_0_82_2 counter-hierarchy ez-toc-counter ez-toc-grey ez-toc-container-direction\">\n<div class=\"ez-toc-title-container\">\n<p class=\"ez-toc-title\" style=\"cursor:inherit\">Contenido<\/p>\n<span class=\"ez-toc-title-toggle\"><a href=\"#\" class=\"ez-toc-pull-right ez-toc-btn ez-toc-btn-xs ez-toc-btn-default ez-toc-toggle\" aria-label=\"Alternar tabla de contenidos\"><span class=\"ez-toc-js-icon-con\"><span class=\"\"><span class=\"eztoc-hide\" style=\"display:none;\">Palanca<\/span><span class=\"ez-toc-icon-toggle-span\"><svg style=\"fill: #999;color:#999\" xmlns=\"http:\/\/www.w3.org\/2000\/svg\" class=\"list-377408\" width=\"20px\" height=\"20px\" viewbox=\"0 0 24 24\" fill=\"none\"><path d=\"M6 6H4v2h2V6zm14 0H8v2h12V6zM4 11h2v2H4v-2zm16 0H8v2h12v-2zM4 16h2v2H4v-2zm16 0H8v2h12v-2z\" fill=\"currentColor\"><\/path><\/svg><svg style=\"fill: #999;color:#999\" class=\"arrow-unsorted-368013\" xmlns=\"http:\/\/www.w3.org\/2000\/svg\" width=\"10px\" height=\"10px\" viewbox=\"0 0 24 24\" version=\"1.2\" baseprofile=\"tiny\"><path d=\"M18.2 9.3l-6.2-6.3-6.2 6.3c-.2.2-.3.4-.3.7s.1.5.3.7c.2.2.4.3.7.3h11c.3 0 .5-.1.7-.3.2-.2.3-.5.3-.7s-.1-.5-.3-.7zM5.8 14.7l6.2 6.3 6.2-6.3c.2-.2.3-.5.3-.7s-.1-.5-.3-.7c-.2-.2-.4-.3-.7-.3h-11c-.3 0-.5.1-.7.3-.2.2-.3.5-.3.7s.1.5.3.7z\"\/><\/svg><\/span><\/span><\/span><\/a><\/span><\/div>\n<nav><ul class='ez-toc-list ez-toc-list-level-1' ><li class='ez-toc-page-1 ez-toc-heading-level-2'><a class=\"ez-toc-link ez-toc-heading-1\" href=\"https:\/\/mythslegendes.com\/es\/mitologia-etrusca\/adoracion-de-la-luna\/#Culte-de-la-Lune\" >Adoraci\u00f3n a la Luna<\/a><\/li><\/ul><\/nav><\/div>\n<h2><span class=\"ez-toc-section\" id=\"Culte-de-la-Lune\"><\/span>Adoraci\u00f3n a la Luna<span class=\"ez-toc-section-end\"><\/span><\/h2>\n<p><\/p>\n<p><\/p>\n<p>Que la luna es el lugar de descanso de los muertos es una creencia muy antigua. Ejemplo, en el <a href=\"https:\/\/mythslegendes.com\/es\/bibliotecas-de-libros\/\">Entregado<\/a> Del Respiraci\u00f3n de los egipcios, traducido en el Louvre del original, Isis inspira a su hermano Osiris el deseo de \u201cque su alma pueda elevarse al para\u00edso en el disco de la luna\u201d. Plat\u00f3n incluso escribi\u00f3: \u201cpara estas almas la luna es el elemento, porque estas almas se derriten, se disuelven en ella, como lo hacen sus cuerpos en la tierra\u201d.<\/p>\n<p><\/p>\n<p><\/p>\n<p>En cambio, los iniciados del sistema Aridiano cre\u00edan que Aradia usaba el s\u00edmbolo de la luna para representar el plano astral. De todos modos, el fen\u00f3meno de la luna que influye en la humanidad es la \u201cconsecuencia\u201d de sus fases, creciente y menguante. Muchas culturas antiguas vieron una conexi\u00f3n entre sus fases y la ganancia o p\u00e9rdida, la fertilidad, la edad (envejecimiento) y la muerte.<\/p>\n<p>El origen del culto lunar est\u00e1 sin duda ligado a sus cambios de forma cada mes, a su luminosidad durante la noche. La luna misma se convirti\u00f3 en el foco principal de los cultos lunares y fue vista como la Diosa misma.<\/p>\n<p><\/p>\n<p><\/p>\n<p>En el santuario de Diana en el lago Nemi, la luna es vista como el lugar de poder de la diosa Diana, e incluso el lugar de descanso de las brujas y magos que han completado su vida f\u00edsica en la tierra. Seg\u00fan las antiguas creencias de los Strega, las partes sombreadas de la luna eran los bosques sagrados de la diosa Diana, donde iba a cazar, mientras que las partes brillantes eran llanuras.<\/p>\n<p><\/p>\n<p><\/p>\n<p>Las Brujas de Janarra, descendientes de las Brujas de Nemi, practican una forma de ritual lunar que se remonta a la antig\u00fcedad. El antiguo tema de &quot;volverse como la luna&quot; se encuentra en los ritos de iniciaci\u00f3n de los Janarra. Los iniciados que eligen convertirse en sacerdotes o sacerdotisas son desnudados y pintados de blanco, generalmente con polvo blanco, que se aplica en todo el cuerpo, incluido el cabello.<\/p>\n<p>Adem\u00e1s, los ritos inici\u00e1ticos est\u00e1n vinculados a las fases de la luna: el primer grado es \u201cLuna Nueva\u201d, el segundo \u201cMedia Luna\u201d y el tercero \u201cLuna Llena\u201d. Adem\u00e1s, la muerte f\u00edsica es llamada \u201cLuna Menguante\u201d, considerada tambi\u00e9n como una iniciaci\u00f3n al gran Misterio.<\/p>\n<p><\/p>\n<p><\/p>\n<p>El culto ritual y el respeto religioso por la luna var\u00edan en todos los rincones del mundo, seg\u00fan las culturas. Las regiones entre el Tr\u00f3pico de Capricornio y el Tr\u00f3pico de C\u00e1ncer consideran que la Luna es de naturaleza femenina mientras que la Luna es de naturaleza femenina. <a href=\"https:\/\/mythslegendes.com\/es\/mythes-et-legendes-aborigenes-1844\/\">abor\u00edgenes<\/a> de Australia, <a href=\"https:\/\/mythslegendes.com\/es\/mbuti-mitologia\/\">pigmeos<\/a> de <a href=\"https:\/\/mythslegendes.com\/es\/mythes-et-legendes-niger-congo-1949\/\">congo<\/a>, los indios del Chaco, los bosquimanos africanos y algunas tribus brasile\u00f1as lo consideran de naturaleza masculina. Sin embargo, todos vieron una conexi\u00f3n entre las fases de la luna y el ritmo de la naturaleza, los ciclos humanos de fertilidad, vida y muerte.<\/p>\n<p><\/p>\n<p><\/p>\n<p>Incluso para ciertas culturas, en los tres d\u00edas en que la luna est\u00e1 negra, se cre\u00eda que criaturas malignas la devoraban. Y cuando estos monstruos lo regurgitaron, poco a poco reapareci\u00f3. En cuanto al eclipse lunar, se cre\u00eda que eran la Diosa (la luna) y el Dios (el sol) quienes se un\u00edan para dar origen a nuevas estrellas en el cielo, con el fin de reemplazar las que ca\u00edan.<\/p>\n<p><\/p>\n<p><\/p>\n<p>A lo largo de la historia de la humanidad, la luna ha jugado un gran papel ayud\u00e1ndoles a calcular el tiempo, se\u00f1alando el mejor momento para sembrar y cosechar plantas mundanas o m\u00e1gicas, vinculadas con los per\u00edodos creciente y menguante de la luna. Adem\u00e1s, seg\u00fan la tradici\u00f3n de las brujas, a menudo se plantan hierbas m\u00e1gicas en la luna nueva para promover su crecimiento y as\u00ed aumentar sus poderes.<\/p>\n<p>Luego, la cosecha deb\u00eda realizarse en luna llena, donde su fuerza est\u00e1 en su punto m\u00e1ximo. Hoy es un hecho comprobable que la luna influye realmente en el crecimiento de las plantas y que sus fases acent\u00faan su car\u00e1cter farmac\u00e9utico.<\/p>\n<p><\/p>\n<p><\/p>\n<p>Durante la persecuci\u00f3n cristiana de las brujas, exist\u00eda la superstici\u00f3n de que cualquiera que fuera tocado por la luz de la luna llena se volver\u00eda loco. Sin duda, esto fue inventado para disuadir a la gente de unirse a los rituales lunares paganos. Incluso est\u00e1 escrito en la Biblia que besar la luna con la mano era pecado contra Dios. Sin embargo, este mismo gesto era un ritual pagano muy antiguo conocido para saludar a la luna (la Diosa).<\/p>\n<p><\/p>\n<p><\/p>\n<p>El antiguo glifo del \u00e1rbol lunar aparece en la Antigua Religi\u00f3n. Tambi\u00e9n encontramos este s\u00edmbolo en el antiguo arte de <a href=\"https:\/\/mythslegendes.com\/es\/mitologia-etrusca\/\">etruscos<\/a>, romanos, <a href=\"https:\/\/mythslegendes.com\/es\/mythes-et-legendes-grecques-1664\/\">griegos<\/a> y asirios. Durante mucho tiempo se ha considerado que los \u00e1rboles son puentes que conducen a otros mundos. En el folclore europeo, la entrada al reino de las hadas se encontraba a menudo en la base de un \u00e1rbol. En cierto <a href=\"https:\/\/mythslegendes.com\/es\/\">mitolog\u00edas<\/a>, el \u00e1rbol se convierte en un transmisor de conocimientos, como fue el caso de Woden, que se colg\u00f3 de un \u00e1rbol durante nueve d\u00edas antes de descubrir las runas.<\/p>\n<p>Este tema tambi\u00e9n se recuerda con la carta del Tarot \u201cel ahorcado\u201d. A menudo, los \u00e1rboles dan frutos prohibidos o, de cierta manera, guardan la clave del conocimiento, del conocimiento superior (como en el <a href=\"https:\/\/mythslegendes.com\/es\/\">mito<\/a> Judaico\/Cristiano del Jard\u00edn del Ed\u00e9n). La asociaci\u00f3n de la luna con los \u00e1rboles es muy antigua y est\u00e1 ligada a la propia deidad, al igual que sus temas de frutos prohibidos y conocimiento.<\/p>\n<p><\/p>\n<p><\/p>\n<p>Cuando las brujas se reun\u00edan una vez en el Templo de Diana en el lago Nemi, se erigieron dos pilares de madera verticalmente y sosten\u00edan una viga transversal, formando una entrada en la orilla noreste del lago. Las brujas se arrodillaban delante y esperaban que llegara la luna llena y se \u201csentaban\u201d en la viga (vista desde su \u00e1ngulo). En ese momento, se levantaron y atravesaron la puerta, simbolizando su entrada al reino lunar. Esta puerta se refiere al \u00c1rbol Lunar o Portal Lunar.<\/p>\n<p><\/p>\t\t\t\t\t\t\t\t<\/div>\n\t\t\t\t<\/div>\n\t\t\t\t\t<\/div>\n\t\t<\/div>\n\t\t\t\t\t<\/div>\n\t\t<\/section>\n\t\t\t\t<\/div>","protected":false},"excerpt":{"rendered":"<p>Mythologie Etrusque Wiki \u00c0 travers les enseignements d&rsquo;Aradia, il est clair qu&rsquo;elle ait autrefois enseign\u00e9 \u00e0 ses disciples que les &hellip; <\/p>","protected":false},"author":1,"featured_media":0,"parent":1366,"menu_order":0,"comment_status":"closed","ping_status":"closed","template":"","meta":{"footnotes":""},"class_list":["post-1403","page","type-page","status-publish","hentry"],"amp_enabled":true,"_links":{"self":[{"href":"https:\/\/mythslegendes.com\/es\/wp-json\/wp\/v2\/pages\/1403","targetHints":{"allow":["GET"]}}],"collection":[{"href":"https:\/\/mythslegendes.com\/es\/wp-json\/wp\/v2\/pages"}],"about":[{"href":"https:\/\/mythslegendes.com\/es\/wp-json\/wp\/v2\/types\/page"}],"author":[{"embeddable":true,"href":"https:\/\/mythslegendes.com\/es\/wp-json\/wp\/v2\/users\/1"}],"replies":[{"embeddable":true,"href":"https:\/\/mythslegendes.com\/es\/wp-json\/wp\/v2\/comments?post=1403"}],"version-history":[{"count":1,"href":"https:\/\/mythslegendes.com\/es\/wp-json\/wp\/v2\/pages\/1403\/revisions"}],"predecessor-version":[{"id":24728,"href":"https:\/\/mythslegendes.com\/es\/wp-json\/wp\/v2\/pages\/1403\/revisions\/24728"}],"up":[{"embeddable":true,"href":"https:\/\/mythslegendes.com\/es\/wp-json\/wp\/v2\/pages\/1366"}],"wp:attachment":[{"href":"https:\/\/mythslegendes.com\/es\/wp-json\/wp\/v2\/media?parent=1403"}],"curies":[{"name":"wp","href":"https:\/\/api.w.org\/{rel}","templated":true}]}}