{"id":1406,"date":"2020-06-24T10:29:35","date_gmt":"2020-06-24T09:29:35","guid":{"rendered":"https:\/\/mythslegendes.com\/?page_id=1406"},"modified":"2022-12-03T22:07:05","modified_gmt":"2022-12-03T22:07:05","slug":"le-culte-des-grigori","status":"publish","type":"page","link":"https:\/\/mythslegendes.com\/es\/mitologia-etrusca\/el-culto-de-los-grigori\/","title":{"rendered":"El culto a los Grigori"},"content":{"rendered":"<div data-elementor-type=\"wp-page\" data-elementor-id=\"1406\" class=\"elementor elementor-1406\">\n\t\t\t\t\t\t<section class=\"elementor-section elementor-top-section elementor-element elementor-element-f04c078 elementor-section-boxed elementor-section-height-default elementor-section-height-default\" data-id=\"f04c078\" data-element_type=\"section\" data-e-type=\"section\">\n\t\t\t\t\t\t<div class=\"elementor-container elementor-column-gap-default\">\n\t\t\t\t\t<div class=\"elementor-column elementor-col-50 elementor-top-column elementor-element elementor-element-94c1640\" data-id=\"94c1640\" data-element_type=\"column\" data-e-type=\"column\">\n\t\t\t<div class=\"elementor-widget-wrap elementor-element-populated\">\n\t\t\t\t\t\t<div class=\"elementor-element elementor-element-64e0470 elementor-align-justify elementor-widget elementor-widget-button\" data-id=\"64e0470\" data-element_type=\"widget\" data-e-type=\"widget\" data-widget_type=\"button.default\">\n\t\t\t\t<div class=\"elementor-widget-container\">\n\t\t\t\t\t\t\t\t\t<div class=\"elementor-button-wrapper\">\n\t\t\t\t\t<a class=\"elementor-button elementor-button-link elementor-size-sm\" href=\"https:\/\/mythslegendes.com\/es\/mitologia-etrusca\/\">\n\t\t\t\t\t\t<span class=\"elementor-button-content-wrapper\">\n\t\t\t\t\t\t\t\t\t<span class=\"elementor-button-text\">Mitolog\u00eda etrusca<\/span>\n\t\t\t\t\t<\/span>\n\t\t\t\t\t<\/a>\n\t\t\t\t<\/div>\n\t\t\t\t\t\t\t\t<\/div>\n\t\t\t\t<\/div>\n\t\t\t\t\t<\/div>\n\t\t<\/div>\n\t\t\t\t<div class=\"elementor-column elementor-col-50 elementor-top-column elementor-element elementor-element-c3f19b2\" data-id=\"c3f19b2\" data-element_type=\"column\" data-e-type=\"column\">\n\t\t\t<div class=\"elementor-widget-wrap elementor-element-populated\">\n\t\t\t\t\t\t<div class=\"elementor-element elementor-element-cf7b5f6 elementor-align-justify elementor-widget elementor-widget-button\" data-id=\"cf7b5f6\" data-element_type=\"widget\" data-e-type=\"widget\" data-widget_type=\"button.default\">\n\t\t\t\t<div class=\"elementor-widget-container\">\n\t\t\t\t\t\t\t\t\t<div class=\"elementor-button-wrapper\">\n\t\t\t\t\t<a class=\"elementor-button elementor-button-link elementor-size-sm\" href=\"https:\/\/fr.wikipedia.org\/wiki\/Aradia,_or_the_Gospel_of_the_Witches\" target=\"_blank\" rel=\"noopener\">\n\t\t\t\t\t\t<span class=\"elementor-button-content-wrapper\">\n\t\t\t\t\t\t\t\t\t<span class=\"elementor-button-text\">Wiki<\/span>\n\t\t\t\t\t<\/span>\n\t\t\t\t\t<\/a>\n\t\t\t\t<\/div>\n\t\t\t\t\t\t\t\t<\/div>\n\t\t\t\t<\/div>\n\t\t\t\t\t<\/div>\n\t\t<\/div>\n\t\t\t\t\t<\/div>\n\t\t<\/section>\n\t\t\t\t<section class=\"elementor-section elementor-top-section elementor-element elementor-element-4559aff2 elementor-section-boxed elementor-section-height-default elementor-section-height-default\" data-id=\"4559aff2\" data-element_type=\"section\" data-e-type=\"section\">\n\t\t\t\t\t\t<div class=\"elementor-container elementor-column-gap-default\">\n\t\t\t\t\t<div class=\"elementor-column elementor-col-100 elementor-top-column elementor-element elementor-element-bb4e815\" data-id=\"bb4e815\" data-element_type=\"column\" data-e-type=\"column\">\n\t\t\t<div class=\"elementor-widget-wrap elementor-element-populated\">\n\t\t\t\t\t\t<div class=\"elementor-element elementor-element-768b8605 elementor-widget elementor-widget-text-editor\" data-id=\"768b8605\" data-element_type=\"widget\" data-e-type=\"widget\" data-widget_type=\"text-editor.default\">\n\t\t\t\t<div class=\"elementor-widget-container\">\n\t\t\t\t\t\t\t\t\t<p><\/p>\n<p>Los Grigori o Guardianes son llamados o invocados para proteger un c\u00edrculo y ayudar a los practicantes en sus ritos, hablamos del culto de los Grigori. Descubre su historia y la <a href=\"https:\/\/mythslegendes.com\/es\/\">leyendas<\/a> asociado con ellos.<\/p>\n<p><img decoding=\"async\" class=\"alignnone wp-image-5284 size-full\" src=\"https:\/\/mythslegendes.com\/wp-content\/uploads\/2020\/09\/AlphaOmega-e1602613368367.png\" alt=\"culto de los Grigori\" width=\"25\" height=\"26\" title=\"\"><\/p>\n<div id=\"ez-toc-container\" class=\"ez-toc-v2_0_82_2 counter-hierarchy ez-toc-counter ez-toc-grey ez-toc-container-direction\">\n<div class=\"ez-toc-title-container\">\n<p class=\"ez-toc-title\" style=\"cursor:inherit\">Contenido<\/p>\n<span class=\"ez-toc-title-toggle\"><a href=\"#\" class=\"ez-toc-pull-right ez-toc-btn ez-toc-btn-xs ez-toc-btn-default ez-toc-toggle\" aria-label=\"Alternar tabla de contenidos\"><span class=\"ez-toc-js-icon-con\"><span class=\"\"><span class=\"eztoc-hide\" style=\"display:none;\">Palanca<\/span><span class=\"ez-toc-icon-toggle-span\"><svg style=\"fill: #999;color:#999\" xmlns=\"http:\/\/www.w3.org\/2000\/svg\" class=\"list-377408\" width=\"20px\" height=\"20px\" viewbox=\"0 0 24 24\" fill=\"none\"><path d=\"M6 6H4v2h2V6zm14 0H8v2h12V6zM4 11h2v2H4v-2zm16 0H8v2h12v-2zM4 16h2v2H4v-2zm16 0H8v2h12v-2z\" fill=\"currentColor\"><\/path><\/svg><svg style=\"fill: #999;color:#999\" class=\"arrow-unsorted-368013\" xmlns=\"http:\/\/www.w3.org\/2000\/svg\" width=\"10px\" height=\"10px\" viewbox=\"0 0 24 24\" version=\"1.2\" baseprofile=\"tiny\"><path d=\"M18.2 9.3l-6.2-6.3-6.2 6.3c-.2.2-.3.4-.3.7s.1.5.3.7c.2.2.4.3.7.3h11c.3 0 .5-.1.7-.3.2-.2.3-.5.3-.7s-.1-.5-.3-.7zM5.8 14.7l6.2 6.3 6.2-6.3c.2-.2.3-.5.3-.7s-.1-.5-.3-.7c-.2-.2-.4-.3-.7-.3h-11c-.3 0-.5.1-.7.3-.2.2-.3.5-.3.7s.1.5.3.7z\"\/><\/svg><\/span><\/span><\/span><\/a><\/span><\/div>\n<nav><ul class='ez-toc-list ez-toc-list-level-1' ><li class='ez-toc-page-1 ez-toc-heading-level-2'><a class=\"ez-toc-link ez-toc-heading-1\" href=\"https:\/\/mythslegendes.com\/es\/mitologia-etrusca\/el-culto-de-los-grigori\/#Culte-des-Grigori\" >Culto de los Grigori<\/a><\/li><\/ul><\/nav><\/div>\n<h2><span class=\"ez-toc-section\" id=\"Culte-des-Grigori\"><\/span>Culto de los Grigori<span class=\"ez-toc-section-end\"><\/span><\/h2>\n<p><\/p>\n<p>A pesar de sus diferentes im\u00e1genes o nombres, encontramos el concepto de &quot;Guardianes&quot; en varias tradiciones, incluida la tradici\u00f3n Wicca e incluso la tradici\u00f3n Kabalista o Judeo \/ Cristiana. En Stregheria, y particularmente entre los practicantes de Tanarra (adoraci\u00f3n estelar), se les llama Grigori. Esto nos remonta a la \u00e9poca de los primeros cultos estelares, donde se origin\u00f3 esta creencia. El Tanarra ha preservado los antiguos misterios de las estrellas y es a trav\u00e9s de sus ense\u00f1anzas que llegamos a comprender mejor qui\u00e9nes son realmente los Grigori.<\/p>\n<p><\/p>\n<p>En los primeros cultos estelares <a href=\"https:\/\/mythslegendes.com\/es\/mythes-et-legendes-de-perse-1542\/\">persas<\/a>, hab\u00eda cuatro estrellas &quot;reales&quot;, conocidas como los &quot;Se\u00f1ores&quot;: estos eran los Guardianes. Cada una de estas cuatro estrellas \u201creg\u00eda\u201d uno de los cuatro puntos cardinales comunes a la astrolog\u00eda. Este particular sistema debe datar del a\u00f1o 3000 antes de la era cristiana. Para cada uno de los Guardianes, hab\u00eda una posici\u00f3n ritual para invocarlos durante la apertura de los c\u00edrculos m\u00e1gicos. Se dice que existe una conexi\u00f3n definitiva entre los &quot;poderes&quot; de una bruja y su trato con los Guardianes. Aqu\u00ed est\u00e1n las posiciones rituales asociadas con cada uno de los grigori, as\u00ed como sus nombres:<\/p>\n<p><\/p>\n<p>1. Postura ritual para invocar a la estrella Fornalhaut, el Guardi\u00e1n del Norte: de pie, simplemente deja los brazos a los lados.<\/p>\n<p><\/p>\n<p>2. Postura ritual para invocar a la estrella Aldeberan, el Guardi\u00e1n de Oriente: de pie con los brazos en alto a la altura de los hombros.<\/p>\n<p><\/p>\n<p>3. Postura ritual para invocar a la estrella Regulus, el Guardi\u00e1n del Sur: de pie, brazos alzados al cielo.<\/p>\n<p><\/p>\n<p>4. Postura ritual para invocar a la estrella Antares, el Guardi\u00e1n de Occidente, de pie, con los brazos cruzados frente al vientre, la mano izquierda sujeta la mano derecha, las palmas hacia el cielo.<\/p>\n<p><\/p>\n<p>Se construyeron torres con el s\u00edmbolo de los Guardianes, como una forma de adoraci\u00f3n, y cada uno de los s\u00edmbolos se coloc\u00f3 en la parte superior de estas torres, con el prop\u00f3sito de convocar a los Grigori. Durante los ritos de invocaci\u00f3n, estos s\u00edmbolos se trazaban en el aire con antorchas o varitas rituales y luego se pronunciaban los nombres secretos de los Grigori.<\/p>\n<p><\/p>\n<p>Seg\u00fan el mito, los propios Grigori eran dioses que velaban por Terra. Tanto su naturaleza como su rango fueron cambiados por los cultos lunares y solares, que reemplazaron a los cultos estelares. EL <a href=\"https:\/\/mythslegendes.com\/es\/mythes-et-legendes-grecques-1664\/\">griegos<\/a> adem\u00e1s los llam\u00f3, en adelante: &quot;Dioses de los Vientos&quot;. En los Stregheria, estos antiguos seres son los Guardianes de las otras dimensiones u otros &quot;mundos&quot;, protectores de los c\u00edrculos rituales y testigos de los ritos perpetuados a trav\u00e9s de las edades.<\/p>\n<p><\/p>\n<p>Para comprender realmente a los Grigori, debes ver su papel en la brujer\u00eda, como religi\u00f3n. Nuestro primer encuentro con ellos suele ser durante la apertura de un c\u00edrculo m\u00e1gico en el que se practicar\u00e1n varios ritos. Los Guardianes est\u00e1n llamados a vigilar el c\u00edrculo, proteger a los practicantes y ayudarlos en sus rituales. \u00bfDe d\u00f3nde viene la necesidad de ser asistido?<\/p>\n<p>Primero debemos considerar la relaci\u00f3n que existe entre brujas \/ magos y Guardianes. Cuando una persona es iniciada, se le presenta a los cuatro puntos cardinales, donde previamente se ha invocado a los cuatro Guardianes. Luego se presenta al iniciado frente a cada uno de ellos y se le revela su nombre de practicante. A partir de ese momento, el iniciado es ayudado, protegido y vigilado.<\/p>\n<p><\/p>\n<p>Los Grigori guardan las puertas del mundo astral. Pueden permitir que se produzca un acto m\u00e1gico all\u00ed o lo neutralizan, lo eliminan. Es por ello que se utilizan ciertos gestos rituales, posturas o s\u00edmbolos de evocaciones, como el pentagrama, para anunciar la presencia y las intenciones de un practicante al Grigori. Una vez que estos signos y s\u00edmbolos son aceptados por ellos, el practicante puede tener &quot;acceso&quot; a otros mundos. Seg\u00fan la creencia, son estos Guardianes quienes ayudan a las Brujas \/ Magos en su evoluci\u00f3n espiritual y quienes los escoltan al mundo de los muertos hasta la pr\u00f3xima vida.<\/p>\n<p>Nada se les puede ocultar, porque lo saben todo y pueden saberlo todo, siendo todopoderosos, sin embargo esto no significa que un mago o una bruja deba temer la hora de su muerte si ha obrado mal. su vida, porque no existe tal cosa como &quot;cielo&quot; o &quot;infierno&quot; como en la tradici\u00f3n judeo \/ cristiana, \u00e9l o ella solo ser\u00eda castigado por ello en su karma y no por la eternidad.<\/p>\n<p><\/p>\n<p>Alguno <a href=\"https:\/\/mythslegendes.com\/es\/\">mitos<\/a> revelan que los Grigori una vez tuvieron cuerpos f\u00edsicos, pero se convirtieron en entidades astrales mucho antes de la llegada de la humanidad. Se han convertido en &quot;Seres de Luz&quot;, ya que est\u00e1n vinculados a las estrellas. Las leyendas m\u00e1s antiguas incluso dicen que los Grigori vienen de las estrellas. Esta asociaci\u00f3n fue incluso tan fuerte durante los primeros cultos a las estrellas, que se consideraban estrellas descendidas a la Tierra.<\/p>\n<p><\/p>\t\t\t\t\t\t\t\t<\/div>\n\t\t\t\t<\/div>\n\t\t\t\t\t<\/div>\n\t\t<\/div>\n\t\t\t\t\t<\/div>\n\t\t<\/section>\n\t\t\t\t<\/div>","protected":false},"excerpt":{"rendered":"<p>Mythologie Etrusque Wiki Les Grigori ou Gardiens sont appel\u00e9s ou invoqu\u00e9s pour prot\u00e9ger un cercle et pour assister les praticiens &hellip; <\/p>","protected":false},"author":1,"featured_media":0,"parent":1366,"menu_order":0,"comment_status":"closed","ping_status":"closed","template":"","meta":{"footnotes":""},"class_list":["post-1406","page","type-page","status-publish","hentry"],"amp_enabled":true,"_links":{"self":[{"href":"https:\/\/mythslegendes.com\/es\/wp-json\/wp\/v2\/pages\/1406","targetHints":{"allow":["GET"]}}],"collection":[{"href":"https:\/\/mythslegendes.com\/es\/wp-json\/wp\/v2\/pages"}],"about":[{"href":"https:\/\/mythslegendes.com\/es\/wp-json\/wp\/v2\/types\/page"}],"author":[{"embeddable":true,"href":"https:\/\/mythslegendes.com\/es\/wp-json\/wp\/v2\/users\/1"}],"replies":[{"embeddable":true,"href":"https:\/\/mythslegendes.com\/es\/wp-json\/wp\/v2\/comments?post=1406"}],"version-history":[{"count":1,"href":"https:\/\/mythslegendes.com\/es\/wp-json\/wp\/v2\/pages\/1406\/revisions"}],"predecessor-version":[{"id":24729,"href":"https:\/\/mythslegendes.com\/es\/wp-json\/wp\/v2\/pages\/1406\/revisions\/24729"}],"up":[{"embeddable":true,"href":"https:\/\/mythslegendes.com\/es\/wp-json\/wp\/v2\/pages\/1366"}],"wp:attachment":[{"href":"https:\/\/mythslegendes.com\/es\/wp-json\/wp\/v2\/media?parent=1406"}],"curies":[{"name":"wp","href":"https:\/\/api.w.org\/{rel}","templated":true}]}}