{"id":1410,"date":"2020-06-24T10:32:22","date_gmt":"2020-06-24T09:32:22","guid":{"rendered":"https:\/\/mythslegendes.com\/?page_id=1410"},"modified":"2022-12-03T22:07:05","modified_gmt":"2022-12-03T22:07:05","slug":"la-chiromancie-des-strega","status":"publish","type":"page","link":"https:\/\/mythslegendes.com\/es\/mitologia-etrusca\/la-quiromancia-de-strega\/","title":{"rendered":"La quiromancia del Strega"},"content":{"rendered":"<div data-elementor-type=\"wp-page\" data-elementor-id=\"1410\" class=\"elementor elementor-1410\">\n\t\t\t\t\t\t<section class=\"elementor-section elementor-top-section elementor-element elementor-element-5943735 elementor-section-boxed elementor-section-height-default elementor-section-height-default\" data-id=\"5943735\" data-element_type=\"section\" data-e-type=\"section\">\n\t\t\t\t\t\t<div class=\"elementor-container elementor-column-gap-default\">\n\t\t\t\t\t<div class=\"elementor-column elementor-col-50 elementor-top-column elementor-element elementor-element-232b511\" data-id=\"232b511\" data-element_type=\"column\" data-e-type=\"column\">\n\t\t\t<div class=\"elementor-widget-wrap elementor-element-populated\">\n\t\t\t\t\t\t<div class=\"elementor-element elementor-element-0438af4 elementor-align-justify elementor-widget elementor-widget-button\" data-id=\"0438af4\" data-element_type=\"widget\" data-e-type=\"widget\" data-widget_type=\"button.default\">\n\t\t\t\t<div class=\"elementor-widget-container\">\n\t\t\t\t\t\t\t\t\t<div class=\"elementor-button-wrapper\">\n\t\t\t\t\t<a class=\"elementor-button elementor-button-link elementor-size-sm\" href=\"https:\/\/mythslegendes.com\/es\/mitologia-etrusca\/\">\n\t\t\t\t\t\t<span class=\"elementor-button-content-wrapper\">\n\t\t\t\t\t\t\t\t\t<span class=\"elementor-button-text\">Mitolog\u00eda etrusca<\/span>\n\t\t\t\t\t<\/span>\n\t\t\t\t\t<\/a>\n\t\t\t\t<\/div>\n\t\t\t\t\t\t\t\t<\/div>\n\t\t\t\t<\/div>\n\t\t\t\t\t<\/div>\n\t\t<\/div>\n\t\t\t\t<div class=\"elementor-column elementor-col-50 elementor-top-column elementor-element elementor-element-1e512bf\" data-id=\"1e512bf\" data-element_type=\"column\" data-e-type=\"column\">\n\t\t\t<div class=\"elementor-widget-wrap elementor-element-populated\">\n\t\t\t\t\t\t<div class=\"elementor-element elementor-element-5241c4a elementor-align-justify elementor-widget elementor-widget-button\" data-id=\"5241c4a\" data-element_type=\"widget\" data-e-type=\"widget\" data-widget_type=\"button.default\">\n\t\t\t\t<div class=\"elementor-widget-container\">\n\t\t\t\t\t\t\t\t\t<div class=\"elementor-button-wrapper\">\n\t\t\t\t\t<a class=\"elementor-button elementor-button-link elementor-size-sm\" href=\"https:\/\/fr.wikipedia.org\/wiki\/Aradia,_or_the_Gospel_of_the_Witches\" target=\"_blank\" rel=\"noopener\">\n\t\t\t\t\t\t<span class=\"elementor-button-content-wrapper\">\n\t\t\t\t\t\t\t\t\t<span class=\"elementor-button-text\">Wiki<\/span>\n\t\t\t\t\t<\/span>\n\t\t\t\t\t<\/a>\n\t\t\t\t<\/div>\n\t\t\t\t\t\t\t\t<\/div>\n\t\t\t\t<\/div>\n\t\t\t\t\t<\/div>\n\t\t<\/div>\n\t\t\t\t\t<\/div>\n\t\t<\/section>\n\t\t\t\t<section class=\"elementor-section elementor-top-section elementor-element elementor-element-22c3e279 elementor-section-boxed elementor-section-height-default elementor-section-height-default\" data-id=\"22c3e279\" data-element_type=\"section\" data-e-type=\"section\">\n\t\t\t\t\t\t<div class=\"elementor-container elementor-column-gap-default\">\n\t\t\t\t\t<div class=\"elementor-column elementor-col-100 elementor-top-column elementor-element elementor-element-575f4930\" data-id=\"575f4930\" data-element_type=\"column\" data-e-type=\"column\">\n\t\t\t<div class=\"elementor-widget-wrap elementor-element-populated\">\n\t\t\t\t\t\t<div class=\"elementor-element elementor-element-785017f8 elementor-widget elementor-widget-text-editor\" data-id=\"785017f8\" data-element_type=\"widget\" data-e-type=\"widget\" data-widget_type=\"text-editor.default\">\n\t\t\t\t<div class=\"elementor-widget-container\">\n\t\t\t\t\t\t\t\t\t<p><\/p>\n<p>Los Strega practican el arte de la Quiromancia.<\/p>\n<p><img decoding=\"async\" class=\"alignnone wp-image-5284 size-full\" src=\"https:\/\/mythslegendes.com\/wp-content\/uploads\/2020\/09\/AlphaOmega-e1602613368367.png\" alt=\"quiromancia y strega\" width=\"25\" height=\"26\" title=\"\"><\/p>\n<div id=\"ez-toc-container\" class=\"ez-toc-v2_0_82_2 counter-hierarchy ez-toc-counter ez-toc-grey ez-toc-container-direction\">\n<div class=\"ez-toc-title-container\">\n<p class=\"ez-toc-title\" style=\"cursor:inherit\">Contenido<\/p>\n<span class=\"ez-toc-title-toggle\"><a href=\"#\" class=\"ez-toc-pull-right ez-toc-btn ez-toc-btn-xs ez-toc-btn-default ez-toc-toggle\" aria-label=\"Alternar tabla de contenidos\"><span class=\"ez-toc-js-icon-con\"><span class=\"\"><span class=\"eztoc-hide\" style=\"display:none;\">Palanca<\/span><span class=\"ez-toc-icon-toggle-span\"><svg style=\"fill: #999;color:#999\" xmlns=\"http:\/\/www.w3.org\/2000\/svg\" class=\"list-377408\" width=\"20px\" height=\"20px\" viewbox=\"0 0 24 24\" fill=\"none\"><path d=\"M6 6H4v2h2V6zm14 0H8v2h12V6zM4 11h2v2H4v-2zm16 0H8v2h12v-2zM4 16h2v2H4v-2zm16 0H8v2h12v-2z\" fill=\"currentColor\"><\/path><\/svg><svg style=\"fill: #999;color:#999\" class=\"arrow-unsorted-368013\" xmlns=\"http:\/\/www.w3.org\/2000\/svg\" width=\"10px\" height=\"10px\" viewbox=\"0 0 24 24\" version=\"1.2\" baseprofile=\"tiny\"><path d=\"M18.2 9.3l-6.2-6.3-6.2 6.3c-.2.2-.3.4-.3.7s.1.5.3.7c.2.2.4.3.7.3h11c.3 0 .5-.1.7-.3.2-.2.3-.5.3-.7s-.1-.5-.3-.7zM5.8 14.7l6.2 6.3 6.2-6.3c.2-.2.3-.5.3-.7s-.1-.5-.3-.7c-.2-.2-.4-.3-.7-.3h-11c-.3 0-.5.1-.7.3-.2.2-.3.5-.3.7s.1.5.3.7z\"\/><\/svg><\/span><\/span><\/span><\/a><\/span><\/div>\n<nav><ul class='ez-toc-list ez-toc-list-level-1' ><li class='ez-toc-page-1 ez-toc-heading-level-2'><a class=\"ez-toc-link ez-toc-heading-1\" href=\"https:\/\/mythslegendes.com\/es\/mitologia-etrusca\/la-quiromancia-de-strega\/#Chiromancie-et-Divination\" >Quiromancia y Adivinaci\u00f3n<\/a><\/li><li class='ez-toc-page-1 ez-toc-heading-level-2'><a class=\"ez-toc-link ez-toc-heading-2\" href=\"https:\/\/mythslegendes.com\/es\/mitologia-etrusca\/la-quiromancia-de-strega\/#Les-chakras\" >los chakras<\/a><\/li><li class='ez-toc-page-1 ez-toc-heading-level-2'><a class=\"ez-toc-link ez-toc-heading-3\" href=\"https:\/\/mythslegendes.com\/es\/mitologia-etrusca\/la-quiromancia-de-strega\/#Ligne-de-la-main\" >l\u00ednea de mano<\/a><\/li><li class='ez-toc-page-1 ez-toc-heading-level-2'><a class=\"ez-toc-link ez-toc-heading-4\" href=\"https:\/\/mythslegendes.com\/es\/mitologia-etrusca\/la-quiromancia-de-strega\/#Divination-par-le-feu\" >adivinaci\u00f3n por fuego<\/a><\/li><\/ul><\/nav><\/div>\n<h2 class=\"wp-block-heading\"><span class=\"ez-toc-section\" id=\"Chiromancie-et-Divination\"><\/span>Quiromancia y Adivinaci\u00f3n<span class=\"ez-toc-section-end\"><\/span><\/h2>\n<p><\/p>\n<p>La adivinaci\u00f3n ha sido un arte asociado con las brujas durante mucho tiempo y por una buena raz\u00f3n. El poder de la clarividencia lo desarrollamos gracias a herramientas como la bola de cristal o las cartas del tarot, pero en el pasado estas herramientas no necesariamente exist\u00edan\u2026 Entonces, \u00bfqu\u00e9 es el poder de la adivinaci\u00f3n? \u00bfEn qu\u00e9 consiste?<\/p>\n<p><\/p>\n<p>La adivinaci\u00f3n generalmente se ve como la clarividencia de eventos futuros mediante el uso de varias herramientas, como cristales, cartas del tarot, runas y otras. En el sistema de pr\u00e1ctica italiano, vemos la adivinaci\u00f3n como lo que es probable que suceda si nada ni nadie hace nada para evitar lo que suceder\u00e1.<\/p>\n<p>En otras palabras, Strega no cree que lo que puede ver a trav\u00e9s de estas herramientas est\u00e9 fijo en el tiempo y el espacio. Ella cree que el papel de la adivinaci\u00f3n es prever los resultados de tal o cual evento, permiti\u00e9ndole hacer los cambios necesarios para cambiar estos eventos futuros, o bien aceptarlos si no puede cambiarlos.<\/p>\n<p><\/p>\n<p>Si el futuro fuera fijo e inmutable, entonces la adivinaci\u00f3n ser\u00eda bastante injustificada, ya que no servir\u00eda m\u00e1s que para permitir que quien lee el futuro se prepare para su destino. Afortunadamente, los poderes que existen son mucho m\u00e1s compasivos: se nos da la oportunidad de cambiar el curso de las cosas al ser advertidos de c\u00f3mo suceder\u00e1n si no actuamos.<\/p>\n<p>La forma m\u00e1s antigua de adivinaci\u00f3n que a\u00fan se emplea para la mayor\u00eda de Strega son las runas de adivinaci\u00f3n. En segundo lugar est\u00e1 el uso de tarjetas, seguido por el uso de aceite y agua. Ciertamente, la observaci\u00f3n de presagios y signos de la Naturaleza en el tiempo es anterior a estas t\u00e9cnicas, y ciertamente ha habido otras, pero nos contentaremos con estas.<\/p>\n<p><\/p>\n<p>La Strega cree que todo antes de aparecer en el mundo material que conocemos, ya exist\u00eda bajo un plano astral. En un nivel mundano, podemos comparar esto con un pensamiento que surge antes de que tenga lugar una acci\u00f3n. Desde una perspectiva oculta, las energ\u00edas creadas estimulan la sustancia astral y las formas comienzan a tomar forma, reflejando el resultado deseado.<\/p>\n<p>Los pensamientos literalmente se convierten en cosas en la dimensi\u00f3n astral. A trav\u00e9s de las artes de la adivinaci\u00f3n podemos observar estas energ\u00edas y discernir las im\u00e1genes que se forman y avanzar en consecuencia hacia su manifestaci\u00f3n en el mundo material.<\/p>\n<p><\/p>\n<p>En la brujer\u00eda italiana, la astrolog\u00eda indica la &quot;impresi\u00f3n&quot; estelar en un alma cuando se apoya en un cuerpo f\u00edsico. En la <a href=\"https:\/\/mythslegendes.com\/es\/\">mitolog\u00eda<\/a> Italiano, el reino de Alster es la dimensi\u00f3n estelar en la que habitan los dioses. All\u00ed tambi\u00e9n reside la comunidad de almas que han completado el ciclo de renacimiento (vidas y muertes) en el mundo f\u00edsico.<\/p>\n<p>La impresi\u00f3n astrol\u00f3gica es un recordatorio para el alma de las lecciones que le esperan en la existencia f\u00edsica actual. La astrolog\u00eda describe las fortalezas y debilidades que el alma lleva consigo en una experiencia de vida particular. Sin embargo, entre los Strega, Will supera libremente a los modelos de una estrella. Por lo tanto, en Stregheria, la astrolog\u00eda se convierte en una herramienta \u00fanicamente para la reflexi\u00f3n y la autocorrecci\u00f3n.<\/p>\n<p><\/p>\n<h2 class=\"wp-block-heading\"><span class=\"ez-toc-section\" id=\"Les-chakras\"><\/span>los chakras<span class=\"ez-toc-section-end\"><\/span><\/h2>\n<p><\/p>\n<p>La quiromancia, para los Strega, est\u00e1 ligada a la psicometr\u00eda (el arte de recibir impresiones, destellos a trav\u00e9s del tacto). La energ\u00eda, influenciada por los chakras, da forma a la forma del aura de un individuo. El sistema de chakras proviene del misticismo oriental. Cada chakra -hay siete principales- est\u00e1 vinculado a una de las siete dimensiones del universo oculto.<\/p>\n<p>Los chakras env\u00edan y reciben energ\u00eda y forman las dimensiones con las que est\u00e1n asociados, y por lo tanto el aura contiene informaci\u00f3n sobre el individuo y su conexi\u00f3n con las dimensiones que existen. Vea la figura a continuaci\u00f3n y las asociaciones de las dimensiones ocultas y f\u00edsicas que se adjuntan a cada chakra.<br \/><br \/>Chakra base: situado a la altura del pubis, es el centro de energ\u00eda y representa el plano espiritual.<\/p>\n<p><\/p>\n<p>* Chakra sacro: ubicado debajo del ombligo, es el centro del poder personal y representa el plano f\u00edsico.<\/p>\n<p><\/p>\n<p>* Chakra del Plexo Solar: Ubicado en medio de las costillas, es el centro de poder y representa el anteproyecto divino.<\/p>\n<p><\/p>\n<p>* Chakra del Coraz\u00f3n: Ubicado a nivel del coraz\u00f3n, pero a\u00fan en la mitad del cuerpo, es el centro emocional y representa el plano elemental.<\/p>\n<p><\/p>\n<p>* Chakra Garganta: ubicado a nivel de la garganta, es el vientre vibratorio y representa el plano mental.<\/p>\n<p><\/p>\n<p>* Chakra del Tercer Ojo: ubicado entre las cejas, es el centro ps\u00edquico y representa el plano astral.<\/p>\n<p><\/p>\n<p>* Chakra coronario: ubicado un poco m\u00e1s alto que la frente, es el centro divino, representa el plan supremo.<\/p>\n<p><\/p>\n<h2 class=\"wp-block-heading\"><span class=\"ez-toc-section\" id=\"Ligne-de-la-main\"><\/span>l\u00ednea de mano<span class=\"ez-toc-section-end\"><\/span><\/h2>\n<p><\/p>\n<p>Sostener las manos de una persona para leerlas le permite a la persona que las lee ver la energ\u00eda que fluye desde el aura de la persona. Las l\u00edneas en las palmas de las manos son representaciones de la energ\u00eda del aura, s\u00edmbolos de sus manifestaciones pasadas, presentes y futuras. Estas l\u00edneas dan una especie de resumen de la experiencia de vida de la persona. El adivino que los lee tiene acceso a la memoria astral, a las huellas de la energ\u00eda presente, a las posibles manifestaciones futuras tan solo en contacto con el aura de esta persona y su cuerpo f\u00edsico.<\/p>\n<p><\/p>\n<p>\u201cLa quiromancia toma en consideraci\u00f3n muchos aspectos de la mano para interpretar correctamente los signos. Las l\u00edneas de la mano no permiten una interpretaci\u00f3n completa. Por eso hay que a\u00f1adir la textura de la piel, su color, el largo y el ancho de la palma, el tama\u00f1o de los dedos, etc. La profundidad y la longitud de un signo afirma su car\u00e1cter. Por ejemplo, una l\u00ednea profunda y larga es positiva. Por otro lado, los cortes y la desaparici\u00f3n de una l\u00ednea en ciertos puntos de la mano indican un vac\u00edo negativo.<\/p>\n<p>Cada dedo de la mano indica el potencial del individuo: el pulgar corresponde a la fuerza de car\u00e1cter, el \u00edndice corresponde a la ambici\u00f3n y liderazgo, el dedo medio corresponde a la virtud, el anuario corresponde a la imaginaci\u00f3n y el me\u00f1ique corresponde a la sociabilidad. Cada montura es significativa del temperamento del individuo.<\/p>\n<p><\/p>\n<p>El monte de Venus denota sensualidad, el monte de J\u00fapiter denota perspicacia comercial, el monte de Saturno denota sentido de la responsabilidad, el monte de Apolo denota el sentido art\u00edstico, el monte de Mercurio denota el sentido de la comunicaci\u00f3n y el monte lunar denota el sentido del romanticismo El espesor de la monta\u00f1a determina la afirmaci\u00f3n de un significado: cuanto m\u00e1s visible es una palabra, m\u00e1s se desarrolla en el individuo el significado que le corresponde.<\/p>\n<p><\/p>\n<p>Cada l\u00ednea de la mano es significativa de la personalidad del individuo:<br \/>La l\u00ednea de la vida indica la intensidad y el ritmo de vida de la persona, la l\u00ednea del coraz\u00f3n denota la confianza que la persona tiene en \u00e9l, la l\u00ednea de la cabeza indica la inteligencia y la adaptabilidad del individuo y la l\u00ednea suerte revela personal \u00e9xitos Cuando una l\u00ednea de la mano est\u00e1 fuertemente marcada, es positivo para el individuo. Las cruces y estrellas en las l\u00edneas indican tiempos dif\u00edciles. Por otro lado, los cuadrados deben interpretarse de manera positiva.<\/p>\n<p><\/p>\n<h2 class=\"wp-block-heading\"><span class=\"ez-toc-section\" id=\"Divination-par-le-feu\"><\/span>adivinaci\u00f3n por fuego<span class=\"ez-toc-section-end\"><\/span><\/h2>\n<p><\/p>\n<p>La luz del fuego o la forma en que arde son tambi\u00e9n dos formas de practicar la adivinaci\u00f3n. Antes de encenderlo, la tradici\u00f3n manda que se diga lo siguiente:<br \/>\u201c\u00a1Fuego, bendito fuego, Mi casa espera la fortuna y siempre llega a ti con la esperanza de que su deseo de buena fortuna se haga realidad gracias a ti!\u201d<\/p>\n<p><\/p>\n<p>Para empezar, estableces lo que quieres saber. Este ritual debe realizarse en una chimenea. Si el fuego tiene dificultad para iniciarse o sus llamas son d\u00e9biles, es una muy mala se\u00f1al. De lo contrario, estudie las llamas mientras reflexiona sobre su pregunta. Realmente no hay respuestas est\u00e1ndar, pero podr\u00e1 leer las se\u00f1ales cuando aparezcan, si est\u00e1 prestando atenci\u00f3n.<\/p>\n<p><\/p>\n<p>Otro tipo de adivinaci\u00f3n por fuego utiliza una efigie de Befana. Puede ser una marioneta de madera que represente a Befana, debe llevar espada\u00f1as. La figura hueca se rellena con uvas, higos secos, casta\u00f1as, peras, manzanas, algarrobas, etc. Luego se establece una pira en una pila c\u00f3nica, de seis a siete metros de altura. La madera cortada se coloca en la parte inferior de la pila. Se untan moras, luego casta\u00f1as de Indias y finalmente paja.<\/p>\n<p>Cuando todo est\u00e1 listo, se abre Befana, se aserra y se reparten todos sus ingredientes a los celebrantes. Posteriormente, la efigie se quema en la pira. Las preguntas de respuesta simple, como s\u00ed o no, se hacen mientras el fuego est\u00e1 encendido, y las casta\u00f1as que revientan indican una respuesta afirmativa. Tambi\u00e9n se puede interpretar la forma en que caen las chispas.<\/p>\n<p>Los estallidos ascendentes indican abundancia, los que van hacia la derecha indican un evento importante por venir, mientras que los que van hacia la izquierda anuncian p\u00e9rdida. Una lluvia de chispas dirigida a una persona significa que estar\u00e1 en peligro.<\/p>\n<p><\/p>\t\t\t\t\t\t\t\t<\/div>\n\t\t\t\t<\/div>\n\t\t\t\t\t<\/div>\n\t\t<\/div>\n\t\t\t\t\t<\/div>\n\t\t<\/section>\n\t\t\t\t<\/div>","protected":false},"excerpt":{"rendered":"<p>Mythologie Etrusque Wiki Les Strega pratiquent l&rsquo;art de la Chiromancie. Chiromancie et Divination La Divination est un Art associ\u00e9 aux &hellip; <\/p>","protected":false},"author":1,"featured_media":0,"parent":1366,"menu_order":0,"comment_status":"closed","ping_status":"closed","template":"","meta":{"footnotes":""},"class_list":["post-1410","page","type-page","status-publish","hentry"],"amp_enabled":true,"_links":{"self":[{"href":"https:\/\/mythslegendes.com\/es\/wp-json\/wp\/v2\/pages\/1410","targetHints":{"allow":["GET"]}}],"collection":[{"href":"https:\/\/mythslegendes.com\/es\/wp-json\/wp\/v2\/pages"}],"about":[{"href":"https:\/\/mythslegendes.com\/es\/wp-json\/wp\/v2\/types\/page"}],"author":[{"embeddable":true,"href":"https:\/\/mythslegendes.com\/es\/wp-json\/wp\/v2\/users\/1"}],"replies":[{"embeddable":true,"href":"https:\/\/mythslegendes.com\/es\/wp-json\/wp\/v2\/comments?post=1410"}],"version-history":[{"count":1,"href":"https:\/\/mythslegendes.com\/es\/wp-json\/wp\/v2\/pages\/1410\/revisions"}],"predecessor-version":[{"id":24730,"href":"https:\/\/mythslegendes.com\/es\/wp-json\/wp\/v2\/pages\/1410\/revisions\/24730"}],"up":[{"embeddable":true,"href":"https:\/\/mythslegendes.com\/es\/wp-json\/wp\/v2\/pages\/1366"}],"wp:attachment":[{"href":"https:\/\/mythslegendes.com\/es\/wp-json\/wp\/v2\/media?parent=1410"}],"curies":[{"name":"wp","href":"https:\/\/api.w.org\/{rel}","templated":true}]}}