{"id":14106,"date":"2021-10-17T13:15:34","date_gmt":"2021-10-17T13:15:34","guid":{"rendered":"https:\/\/mythslegendes.com\/?page_id=14106"},"modified":"2022-12-03T22:12:03","modified_gmt":"2022-12-03T22:12:03","slug":"la-legende-arthurienne-45","status":"publish","type":"page","link":"https:\/\/mythslegendes.com\/es\/mitologia-bretona\/la-leyenda-arthuriana-45\/","title":{"rendered":"leyenda art\u00farica"},"content":{"rendered":"<div data-elementor-type=\"wp-page\" data-elementor-id=\"14106\" class=\"elementor elementor-14106\">\n\t\t\t\t\t\t<section class=\"elementor-section elementor-top-section elementor-element elementor-element-74be2ba elementor-section-boxed elementor-section-height-default elementor-section-height-default\" data-id=\"74be2ba\" data-element_type=\"section\" data-e-type=\"section\">\n\t\t\t\t\t\t<div class=\"elementor-container elementor-column-gap-default\">\n\t\t\t\t\t<div class=\"elementor-column elementor-col-50 elementor-top-column elementor-element elementor-element-f432e47\" data-id=\"f432e47\" data-element_type=\"column\" data-e-type=\"column\">\n\t\t\t<div class=\"elementor-widget-wrap elementor-element-populated\">\n\t\t\t\t\t\t<div class=\"elementor-element elementor-element-5efc7d6 elementor-align-justify elementor-widget elementor-widget-button\" data-id=\"5efc7d6\" data-element_type=\"widget\" data-e-type=\"widget\" data-widget_type=\"button.default\">\n\t\t\t\t<div class=\"elementor-widget-container\">\n\t\t\t\t\t\t\t\t\t<div class=\"elementor-button-wrapper\">\n\t\t\t\t\t<a class=\"elementor-button elementor-button-link elementor-size-sm\" href=\"https:\/\/mythslegendes.com\/es\/mitologia-bretona\/\">\n\t\t\t\t\t\t<span class=\"elementor-button-content-wrapper\">\n\t\t\t\t\t\t\t\t\t<span class=\"elementor-button-text\">Mitolog\u00eda bretona<\/span>\n\t\t\t\t\t<\/span>\n\t\t\t\t\t<\/a>\n\t\t\t\t<\/div>\n\t\t\t\t\t\t\t\t<\/div>\n\t\t\t\t<\/div>\n\t\t\t\t\t<\/div>\n\t\t<\/div>\n\t\t\t\t<div class=\"elementor-column elementor-col-50 elementor-top-column elementor-element elementor-element-d4c6549\" data-id=\"d4c6549\" data-element_type=\"column\" data-e-type=\"column\">\n\t\t\t<div class=\"elementor-widget-wrap elementor-element-populated\">\n\t\t\t\t\t\t<div class=\"elementor-element elementor-element-75275dc elementor-align-justify elementor-widget elementor-widget-button\" data-id=\"75275dc\" data-element_type=\"widget\" data-e-type=\"widget\" data-widget_type=\"button.default\">\n\t\t\t\t<div class=\"elementor-widget-container\">\n\t\t\t\t\t\t\t\t\t<div class=\"elementor-button-wrapper\">\n\t\t\t\t\t<a class=\"elementor-button elementor-button-link elementor-size-sm\" href=\"https:\/\/fr.wikipedia.org\/wiki\/Mythologie_bretonne\" target=\"_blank\" rel=\"noopener\">\n\t\t\t\t\t\t<span class=\"elementor-button-content-wrapper\">\n\t\t\t\t\t\t\t\t\t<span class=\"elementor-button-text\">Wiki<\/span>\n\t\t\t\t\t<\/span>\n\t\t\t\t\t<\/a>\n\t\t\t\t<\/div>\n\t\t\t\t\t\t\t\t<\/div>\n\t\t\t\t<\/div>\n\t\t\t\t\t<\/div>\n\t\t<\/div>\n\t\t\t\t\t<\/div>\n\t\t<\/section>\n\t\t\t\t<section class=\"elementor-section elementor-top-section elementor-element elementor-element-cc309c1 elementor-section-boxed elementor-section-height-default elementor-section-height-default\" data-id=\"cc309c1\" data-element_type=\"section\" data-e-type=\"section\">\n\t\t\t\t\t\t<div class=\"elementor-container elementor-column-gap-default\">\n\t\t\t\t\t<div class=\"elementor-column elementor-col-100 elementor-top-column elementor-element elementor-element-482ee27\" data-id=\"482ee27\" data-element_type=\"column\" data-e-type=\"column\">\n\t\t\t<div class=\"elementor-widget-wrap elementor-element-populated\">\n\t\t\t\t\t\t<div class=\"elementor-element elementor-element-91cc7df elementor-widget elementor-widget-text-editor\" data-id=\"91cc7df\" data-element_type=\"widget\" data-e-type=\"widget\" data-widget_type=\"text-editor.default\">\n\t\t\t\t<div class=\"elementor-widget-container\">\n\t\t\t\t\t\t\t\t\t<p>Aqu\u00ed est\u00e1 el contexto de la <a href=\"https:\/\/mythslegendes.com\/es\/\">leyenda<\/a> art\u00farico.<\/p><p><img decoding=\"async\" class=\"alignnone wp-image-9347 size-full\" src=\"https:\/\/mythslegendes.com\/wp-content\/uploads\/2020\/09\/cropped-AlphaOmega-e1602613368367.png\" alt=\"leyenda art\u00farica\" width=\"25\" height=\"25\" title=\"\"><\/p>\t\t\t\t\t\t\t\t<\/div>\n\t\t\t\t<\/div>\n\t\t\t\t\t<\/div>\n\t\t<\/div>\n\t\t\t\t\t<\/div>\n\t\t<\/section>\n\t\t\t\t<section class=\"elementor-section elementor-top-section elementor-element elementor-element-0aa8f10 elementor-section-boxed elementor-section-height-default elementor-section-height-default\" data-id=\"0aa8f10\" data-element_type=\"section\" data-e-type=\"section\">\n\t\t\t\t\t\t<div class=\"elementor-container elementor-column-gap-default\">\n\t\t\t\t\t<div class=\"elementor-column elementor-col-100 elementor-top-column elementor-element elementor-element-78a1d15\" data-id=\"78a1d15\" data-element_type=\"column\" data-e-type=\"column\">\n\t\t\t<div class=\"elementor-widget-wrap elementor-element-populated\">\n\t\t\t\t\t\t<div class=\"elementor-element elementor-element-ef1c4d2 elementor-widget elementor-widget-heading\" data-id=\"ef1c4d2\" data-element_type=\"widget\" data-e-type=\"widget\" data-widget_type=\"heading.default\">\n\t\t\t\t<div class=\"elementor-widget-container\">\n\t\t\t\t\t<div id=\"ez-toc-container\" class=\"ez-toc-v2_0_82_2 counter-hierarchy ez-toc-counter ez-toc-grey ez-toc-container-direction\">\n<div class=\"ez-toc-title-container\">\n<p class=\"ez-toc-title\" style=\"cursor:inherit\">Contenido<\/p>\n<span class=\"ez-toc-title-toggle\"><a href=\"#\" class=\"ez-toc-pull-right ez-toc-btn ez-toc-btn-xs ez-toc-btn-default ez-toc-toggle\" aria-label=\"Alternar tabla de contenidos\"><span class=\"ez-toc-js-icon-con\"><span class=\"\"><span class=\"eztoc-hide\" style=\"display:none;\">Palanca<\/span><span class=\"ez-toc-icon-toggle-span\"><svg style=\"fill: #999;color:#999\" xmlns=\"http:\/\/www.w3.org\/2000\/svg\" class=\"list-377408\" width=\"20px\" height=\"20px\" viewbox=\"0 0 24 24\" fill=\"none\"><path d=\"M6 6H4v2h2V6zm14 0H8v2h12V6zM4 11h2v2H4v-2zm16 0H8v2h12v-2zM4 16h2v2H4v-2zm16 0H8v2h12v-2z\" fill=\"currentColor\"><\/path><\/svg><svg style=\"fill: #999;color:#999\" class=\"arrow-unsorted-368013\" xmlns=\"http:\/\/www.w3.org\/2000\/svg\" width=\"10px\" height=\"10px\" viewbox=\"0 0 24 24\" version=\"1.2\" baseprofile=\"tiny\"><path d=\"M18.2 9.3l-6.2-6.3-6.2 6.3c-.2.2-.3.4-.3.7s.1.5.3.7c.2.2.4.3.7.3h11c.3 0 .5-.1.7-.3.2-.2.3-.5.3-.7s-.1-.5-.3-.7zM5.8 14.7l6.2 6.3 6.2-6.3c.2-.2.3-.5.3-.7s-.1-.5-.3-.7c-.2-.2-.4-.3-.7-.3h-11c-.3 0-.5.1-.7.3-.2.2-.3.5-.3.7s.1.5.3.7z\"\/><\/svg><\/span><\/span><\/span><\/a><\/span><\/div>\n<nav><ul class='ez-toc-list ez-toc-list-level-1' ><li class='ez-toc-page-1 ez-toc-heading-level-2'><a class=\"ez-toc-link ez-toc-heading-1\" href=\"https:\/\/mythslegendes.com\/es\/mitologia-bretona\/la-leyenda-arthuriana-45\/#Contexte-de-la-legende-arthurienne\" >Contexto de la leyenda art\u00farica<\/a><\/li><\/ul><\/nav><\/div>\n<h2 class=\"elementor-heading-title elementor-size-default\"><span class=\"ez-toc-section\" id=\"Contexte-de-la-legende-arthurienne\"><\/span>Contexto de la leyenda art\u00farica<span class=\"ez-toc-section-end\"><\/span><\/h2>\t\t\t\t<\/div>\n\t\t\t\t<\/div>\n\t\t\t\t\t<\/div>\n\t\t<\/div>\n\t\t\t\t\t<\/div>\n\t\t<\/section>\n\t\t\t\t<section class=\"elementor-section elementor-top-section elementor-element elementor-element-b118699 elementor-section-boxed elementor-section-height-default elementor-section-height-default\" data-id=\"b118699\" data-element_type=\"section\" data-e-type=\"section\">\n\t\t\t\t\t\t<div class=\"elementor-container elementor-column-gap-default\">\n\t\t\t\t\t<div class=\"elementor-column elementor-col-100 elementor-top-column elementor-element elementor-element-1175242\" data-id=\"1175242\" data-element_type=\"column\" data-e-type=\"column\">\n\t\t\t<div class=\"elementor-widget-wrap elementor-element-populated\">\n\t\t\t\t\t\t<div class=\"elementor-element elementor-element-2f8fa1a elementor-widget elementor-widget-text-editor\" data-id=\"2f8fa1a\" data-element_type=\"widget\" data-e-type=\"widget\" data-widget_type=\"text-editor.default\">\n\t\t\t\t<div class=\"elementor-widget-container\">\n\t\t\t\t\t\t\t\t\t<p class=\"has-text-align-justify\"><strong>La situaci\u00f3n pol\u00edtica:<br \/><\/strong>En el siglo V, los romanos se establecieron en Gran Breta\u00f1a y dominaron la isla, aunque los escoceses (pueblo <a href=\"https:\/\/mythslegendes.com\/es\/mythes-et-legendes-celtiques-20\/\">c\u00e9ltico<\/a> procedente de Irlanda que acabar\u00e1, en el siglo VI, instal\u00e1ndose en la costa occidental de<a href=\"https:\/\/mythslegendes.com\/es\/mitologia-escocesa-2\/\">Escocia<\/a>) y los <a href=\"https:\/\/mythslegendes.com\/es\/mitologia-escocesa-2\/\">Pictos<\/a> (pueblo precelta de Escocia), entre otros, permanecen ind\u00f3mitos.<\/p><p class=\"has-text-align-justify\">Pero, a partir del 486, con las conquistas de Clovis y las invasiones de los v\u00e1ndalos, los visigodos y los ostrogodos, el imperio romano se debilita fuertemente en su parte occidental. Los romanos perdieron entonces inter\u00e9s en Gran Breta\u00f1a para concentrarse en la defensa del Imperio, lo que no impidi\u00f3 su ca\u00edda en la d\u00e9cada de 490.<\/p><p class=\"has-text-align-justify\">Los sajones (pueblo antiguo <a href=\"https:\/\/mythslegendes.com\/es\/mythes-et-legendes-germaniques-60\/\">germ\u00e1nico<\/a> que se hab\u00eda expandido hacia el sur y hab\u00eda realizado incursiones en Gaulle, reci\u00e9n llegada a Gran Breta\u00f1a) aprovech\u00f3 la oportunidad para intentar apoderarse de toda la isla.\u00a0<\/p><p class=\"has-text-align-justify\"><strong>Conflictos internos:<br \/><\/strong>Los diversos l\u00edderes <a href=\"https:\/\/mythslegendes.com\/es\/mitologia-bretona\/\">Bretones<\/a> y <a href=\"https:\/\/mythslegendes.com\/es\/mitologia-galesa\/\">gal\u00e9s<\/a> luego se dividen por peleas incesantes, y pasan el tiempo peleando entre ellos, sin mucho \u00e9xito.<\/p><p class=\"has-text-align-justify\">Todos estos reyes, aspirantes a un trono unificador, adolecen de un problema de legitimidad: las diversas invasiones han dado lugar a una gran diversidad de pueblos y culturas en el reino. Ning\u00fan cacique logra hacerse reconocer en todo el reino, y por todos los pueblos. No hay, por lo tanto, un l\u00edder supremo, y mucho menos un rey, que mande a todo el pueblo de Gran Breta\u00f1a.<\/p><p class=\"has-text-align-justify\">Pero ante la importante amenaza de invasi\u00f3n de los sajones, todos caen bajo el estandarte de un hombre llamado Artorius.<br \/>Este guerrero, probablemente nacido alrededor del 470-475 en <a href=\"https:\/\/mythslegendes.com\/es\/mitologia-de-cornualles\/\">Cornualles<\/a>, es el l\u00edder de una banda muy m\u00f3vil de jinetes mercenarios. Todos lo ven como la \u00fanica persona capaz de hacer frente al invasor.\u00a0<\/p><p class=\"has-text-align-justify\"><strong>Artorio en el poder:<br \/><\/strong>Por lo tanto, Artorius es nombrado comandante en jefe del nuevo ej\u00e9rcito y, todos unidos, los reyes bret\u00f3n y gal\u00e9s obtienen, en alg\u00fan lugar del suroeste de Inglaterra alrededor de 500-518, una gran victoria que detiene al invasor durante cuarenta a\u00f1os. Esta es la Batalla del Monte Badon (o Bath, o Badbury).<\/p><p class=\"has-text-align-justify\">Cuando Artorius encuentra la muerte en una gran batalla, cerca de Camelford en Cornualles, hacia 540-542, es el final de la independencia bretona: a finales de siglo, los sajones ocupan las tres cuartas partes de la isla. .<\/p><p class=\"has-text-align-justify\">El cuerpo de Artorius est\u00e1 enterrado en secreto en Glastonbury por sus lugartenientes, que desean ocultar su muerte para no desmoralizar a las tropas.\u00a0<\/p><p class=\"has-text-align-justify\"><strong>Las consecuencias :<br \/><\/strong>Ante la invasi\u00f3n, miles de bretones cruzaron el mar para establecerse en la pen\u00ednsula Armoricana, a la que dieron el nombre <a href=\"https:\/\/mythslegendes.com\/es\/mitologia-bretona\/\">Breta\u00f1a<\/a>. Encuentran all\u00ed compatriotas llegados desde el siglo IV. Permanecen en contacto muy estrecho con los bretones que permanecieron en la isla. Ambos mantienen vivo el recuerdo de Artorius y lo convierten en rey, lo que nunca fue en realidad.<\/p><p class=\"has-text-align-justify\">Por otro lado, el problema de la legitimidad sigue plante\u00e1ndose, y m\u00e1s a\u00fan, tras la toma del poder por Guillermo el Conquistador (1027-1087), duque de Normand\u00eda, en 1066. El rey es normando, un pueblo minoritario. Y esta situaci\u00f3n es tanto m\u00e1s aburrida cuanto que la dinast\u00eda rival no tiene este problema: los Capetos se presentan como descendientes de Carlomagno.<\/p><p class=\"has-text-align-justify\">Para salvar esta gran desventaja, los normandos animaron a los cl\u00e9rigos a difundir la que ya era la leyenda de Arturo (nombre romano de Artorius), y m\u00e1s concretamente el mito de su dormici\u00f3n y su inminente regreso, con el fin de aliarse con los galeses y derrotar a los anglosajones. -Sajones.\u00a0<\/p><p class=\"has-text-align-justify\"><strong>La creaci\u00f3n del mito:<br \/><\/strong>Al principio, por lo tanto, la leyenda dice que Arthur no est\u00e1 muerto. Gravemente herido durante la batalla de Camlann, fue transportado por su hermana, el hada Morgane, a la isla de Avalon, donde es tratado, a la espera de poder volver para tomar la cabeza de su pueblo: es la esperanza bretona.<\/p><p class=\"has-text-align-justify\">Pero Enrique II (1133-1189) finalmente confiscar\u00e1 la leyenda de Arturo, present\u00e1ndose como su leg\u00edtimo heredero, y pondr\u00e1 fin a la esperanza bretona. Con fines propagand\u00edsticos solicita traducci\u00f3n de idioma. <a href=\"https:\/\/mythslegendes.com\/es\/mythes-et-legendes-romanes-43\/\">romance<\/a> de la Historia Regum Britanniae, encargada en 1138 por su padre, con el mismo prop\u00f3sito, a Geoffrey de Monmouth.<br \/>El rey, dentro de su reino, necesita el apoyo de los bretones frente a los sajones que resienten la dominaci\u00f3n normanda. Pero los bretones no est\u00e1n listos para unirse a la bandera de los Plantagenets debido a la esperanza bretona.<\/p><p class=\"has-text-align-justify\">La novela, en tres partes, termina con la descripci\u00f3n del reinado de Arturo: su ascenso al trono, su matrimonio, la creaci\u00f3n de la Mesa Redonda, hasta la muerte del soberano.<\/p><p class=\"has-text-align-justify\">Finalmente se descubren, en 1191, las tumbas (y los esqueletos) de Arturo y Ginebra en el cementerio de la abad\u00eda. En cuanto a la Isla de Avalon, se la identifica con la Abad\u00eda de Glastonbury. Esto pone fin a la esperanza bretona.\u00a0<\/p><p class=\"has-text-align-justify\"><strong>La extensi\u00f3n del mito:<br \/><\/strong>Alrededor de 1100, la leyenda est\u00e1 tan presente y fuerte que los bardos injertan <a href=\"https:\/\/mythslegendes.com\/es\/\">mitos<\/a> folklore, particularidades geogr\u00e1ficas, tradiciones cristianas y peque\u00f1os h\u00e9roes locales posteriores (Yvain por ejemplo),\u2026<\/p><p class=\"has-text-align-justify\">En dos o tres siglos, por tanto, Arturo se ha convertido en el eje alrededor del cual gira todo un sistema de relatos originalmente independientes, y este conjunto acaba formando un vasto y rico reservorio, un inmenso e inagotable mito.<\/p><p class=\"has-text-align-justify\">Fue Robert Wace, en su Roman de Brut, en 1155, quien dio el matiz cortesano al mito. Arthur se convierte en el monarca ideal, un modelo de humanidad, coraje, generosidad y delicadeza. Tambi\u00e9n fue el primero en mencionar la Mesa Redonda, el s\u00edmbolo pol\u00edtico de la sociedad cortesana.<\/p><p class=\"has-text-align-justify\">Desde finales del siglo XI, la leyenda art\u00farica fue difundida por toda Europa, e incluso m\u00e1s all\u00e1, por los narradores profesionales que acompa\u00f1aban a los ej\u00e9rcitos que part\u00edan hacia Tierra Santa con motivo de las dos primeras cruzadas.<\/p>\t\t\t\t\t\t\t\t<\/div>\n\t\t\t\t<\/div>\n\t\t\t\t\t<\/div>\n\t\t<\/div>\n\t\t\t\t\t<\/div>\n\t\t<\/section>\n\t\t\t\t<\/div>","protected":false},"excerpt":{"rendered":"<p>Wiki Mitolog\u00eda Bretona Aqu\u00ed est\u00e1 el contexto de la leyenda art\u00farica. Contexto de la leyenda art\u00farica La situaci\u00f3n pol\u00edtica: En el quinto... <\/p>","protected":false},"author":1,"featured_media":0,"parent":96,"menu_order":0,"comment_status":"closed","ping_status":"closed","template":"","meta":{"footnotes":""},"class_list":["post-14106","page","type-page","status-publish","hentry"],"amp_enabled":true,"_links":{"self":[{"href":"https:\/\/mythslegendes.com\/es\/wp-json\/wp\/v2\/pages\/14106","targetHints":{"allow":["GET"]}}],"collection":[{"href":"https:\/\/mythslegendes.com\/es\/wp-json\/wp\/v2\/pages"}],"about":[{"href":"https:\/\/mythslegendes.com\/es\/wp-json\/wp\/v2\/types\/page"}],"author":[{"embeddable":true,"href":"https:\/\/mythslegendes.com\/es\/wp-json\/wp\/v2\/users\/1"}],"replies":[{"embeddable":true,"href":"https:\/\/mythslegendes.com\/es\/wp-json\/wp\/v2\/comments?post=14106"}],"version-history":[{"count":1,"href":"https:\/\/mythslegendes.com\/es\/wp-json\/wp\/v2\/pages\/14106\/revisions"}],"predecessor-version":[{"id":25192,"href":"https:\/\/mythslegendes.com\/es\/wp-json\/wp\/v2\/pages\/14106\/revisions\/25192"}],"up":[{"embeddable":true,"href":"https:\/\/mythslegendes.com\/es\/wp-json\/wp\/v2\/pages\/96"}],"wp:attachment":[{"href":"https:\/\/mythslegendes.com\/es\/wp-json\/wp\/v2\/media?parent=14106"}],"curies":[{"name":"wp","href":"https:\/\/api.w.org\/{rel}","templated":true}]}}