{"id":1413,"date":"2020-06-24T10:45:50","date_gmt":"2020-06-24T09:45:50","guid":{"rendered":"https:\/\/mythslegendes.com\/?page_id=1413"},"modified":"2022-12-03T22:07:05","modified_gmt":"2022-12-03T22:07:05","slug":"le-culte-des-lasas","status":"publish","type":"page","link":"https:\/\/mythslegendes.com\/es\/mitologia-etrusca\/el-culto-de-lasas\/","title":{"rendered":"El culto de Lasas"},"content":{"rendered":"<div data-elementor-type=\"wp-page\" data-elementor-id=\"1413\" class=\"elementor elementor-1413\">\n\t\t\t\t\t\t<section class=\"elementor-section elementor-top-section elementor-element elementor-element-3f4b2eb elementor-section-boxed elementor-section-height-default elementor-section-height-default\" data-id=\"3f4b2eb\" data-element_type=\"section\" data-e-type=\"section\">\n\t\t\t\t\t\t<div class=\"elementor-container elementor-column-gap-default\">\n\t\t\t\t\t<div class=\"elementor-column elementor-col-50 elementor-top-column elementor-element elementor-element-adafa64\" data-id=\"adafa64\" data-element_type=\"column\" data-e-type=\"column\">\n\t\t\t<div class=\"elementor-widget-wrap elementor-element-populated\">\n\t\t\t\t\t\t<div class=\"elementor-element elementor-element-538653c elementor-align-justify elementor-widget elementor-widget-button\" data-id=\"538653c\" data-element_type=\"widget\" data-e-type=\"widget\" data-widget_type=\"button.default\">\n\t\t\t\t<div class=\"elementor-widget-container\">\n\t\t\t\t\t\t\t\t\t<div class=\"elementor-button-wrapper\">\n\t\t\t\t\t<a class=\"elementor-button elementor-button-link elementor-size-sm\" href=\"\">\n\t\t\t\t\t\t<span class=\"elementor-button-content-wrapper\">\n\t\t\t\t\t\t\t\t\t<span class=\"elementor-button-text\">Mitolog\u00eda etrusca<\/span>\n\t\t\t\t\t<\/span>\n\t\t\t\t\t<\/a>\n\t\t\t\t<\/div>\n\t\t\t\t\t\t\t\t<\/div>\n\t\t\t\t<\/div>\n\t\t\t\t\t<\/div>\n\t\t<\/div>\n\t\t\t\t<div class=\"elementor-column elementor-col-50 elementor-top-column elementor-element elementor-element-c7a93ca\" data-id=\"c7a93ca\" data-element_type=\"column\" data-e-type=\"column\">\n\t\t\t<div class=\"elementor-widget-wrap elementor-element-populated\">\n\t\t\t\t\t\t<div class=\"elementor-element elementor-element-891e714 elementor-align-justify elementor-widget elementor-widget-button\" data-id=\"891e714\" data-element_type=\"widget\" data-e-type=\"widget\" data-widget_type=\"button.default\">\n\t\t\t\t<div class=\"elementor-widget-container\">\n\t\t\t\t\t\t\t\t\t<div class=\"elementor-button-wrapper\">\n\t\t\t\t\t<a class=\"elementor-button elementor-button-link elementor-size-sm\" href=\"https:\/\/fr.wikipedia.org\/wiki\/Aradia,_or_the_Gospel_of_the_Witches\" target=\"_blank\" rel=\"noopener\">\n\t\t\t\t\t\t<span class=\"elementor-button-content-wrapper\">\n\t\t\t\t\t\t\t\t\t<span class=\"elementor-button-text\">Wiki<\/span>\n\t\t\t\t\t<\/span>\n\t\t\t\t\t<\/a>\n\t\t\t\t<\/div>\n\t\t\t\t\t\t\t\t<\/div>\n\t\t\t\t<\/div>\n\t\t\t\t\t<\/div>\n\t\t<\/div>\n\t\t\t\t\t<\/div>\n\t\t<\/section>\n\t\t\t\t<section class=\"elementor-section elementor-top-section elementor-element elementor-element-2fa2c4a8 elementor-section-boxed elementor-section-height-default elementor-section-height-default\" data-id=\"2fa2c4a8\" data-element_type=\"section\" data-e-type=\"section\">\n\t\t\t\t\t\t<div class=\"elementor-container elementor-column-gap-default\">\n\t\t\t\t\t<div class=\"elementor-column elementor-col-100 elementor-top-column elementor-element elementor-element-485e7294\" data-id=\"485e7294\" data-element_type=\"column\" data-e-type=\"column\">\n\t\t\t<div class=\"elementor-widget-wrap elementor-element-populated\">\n\t\t\t\t\t\t<div class=\"elementor-element elementor-element-70c9b329 elementor-widget elementor-widget-text-editor\" data-id=\"70c9b329\" data-element_type=\"widget\" data-e-type=\"widget\" data-widget_type=\"text-editor.default\">\n\t\t\t\t<div class=\"elementor-widget-container\">\n\t\t\t\t\t\t\t\t\t<p><\/p>\n<p>La adoraci\u00f3n de Lasas y Lares (pronunciado lossa) se puede encontrar en otras tradiciones paganas y es un concepto com\u00fan.<\/p>\n<p><img decoding=\"async\" class=\"alignnone wp-image-5284 size-full\" src=\"https:\/\/mythslegendes.com\/wp-content\/uploads\/2020\/09\/AlphaOmega-e1602613368367.png\" alt=\"El culto de Lasas y Lares\" width=\"25\" height=\"26\" title=\"\"><\/p>\n<div id=\"ez-toc-container\" class=\"ez-toc-v2_0_82_2 counter-hierarchy ez-toc-counter ez-toc-grey ez-toc-container-direction\">\n<div class=\"ez-toc-title-container\">\n<p class=\"ez-toc-title\" style=\"cursor:inherit\">Contenido<\/p>\n<span class=\"ez-toc-title-toggle\"><a href=\"#\" class=\"ez-toc-pull-right ez-toc-btn ez-toc-btn-xs ez-toc-btn-default ez-toc-toggle\" aria-label=\"Alternar tabla de contenidos\"><span class=\"ez-toc-js-icon-con\"><span class=\"\"><span class=\"eztoc-hide\" style=\"display:none;\">Palanca<\/span><span class=\"ez-toc-icon-toggle-span\"><svg style=\"fill: #999;color:#999\" xmlns=\"http:\/\/www.w3.org\/2000\/svg\" class=\"list-377408\" width=\"20px\" height=\"20px\" viewbox=\"0 0 24 24\" fill=\"none\"><path d=\"M6 6H4v2h2V6zm14 0H8v2h12V6zM4 11h2v2H4v-2zm16 0H8v2h12v-2zM4 16h2v2H4v-2zm16 0H8v2h12v-2z\" fill=\"currentColor\"><\/path><\/svg><svg style=\"fill: #999;color:#999\" class=\"arrow-unsorted-368013\" xmlns=\"http:\/\/www.w3.org\/2000\/svg\" width=\"10px\" height=\"10px\" viewbox=\"0 0 24 24\" version=\"1.2\" baseprofile=\"tiny\"><path d=\"M18.2 9.3l-6.2-6.3-6.2 6.3c-.2.2-.3.4-.3.7s.1.5.3.7c.2.2.4.3.7.3h11c.3 0 .5-.1.7-.3.2-.2.3-.5.3-.7s-.1-.5-.3-.7zM5.8 14.7l6.2 6.3 6.2-6.3c.2-.2.3-.5.3-.7s-.1-.5-.3-.7c-.2-.2-.4-.3-.7-.3h-11c-.3 0-.5.1-.7.3-.2.2-.3.5-.3.7s.1.5.3.7z\"\/><\/svg><\/span><\/span><\/span><\/a><\/span><\/div>\n<nav><ul class='ez-toc-list ez-toc-list-level-1' ><li class='ez-toc-page-1 ez-toc-heading-level-2'><a class=\"ez-toc-link ez-toc-heading-1\" href=\"https:\/\/mythslegendes.com\/es\/mitologia-etrusca\/el-culto-de-lasas\/#Culte-des-Lasas-et-des-Lares\" >Adoraci\u00f3n de Lasas y Lares<\/a><\/li><li class='ez-toc-page-1 ez-toc-heading-level-2'><a class=\"ez-toc-link ez-toc-heading-2\" href=\"https:\/\/mythslegendes.com\/es\/mitologia-etrusca\/el-culto-de-lasas\/#Le-culte-des-Lares-chez-les-Romains\" >El culto de los Lares entre los romanos<\/a><\/li><li class='ez-toc-page-1 ez-toc-heading-level-2'><a class=\"ez-toc-link ez-toc-heading-3\" href=\"https:\/\/mythslegendes.com\/es\/mitologia-etrusca\/el-culto-de-lasas\/#La-Stregheria\" >La Stregheria<\/a><\/li><\/ul><\/nav><\/div>\n<h2><span class=\"ez-toc-section\" id=\"Culte-des-Lasas-et-des-Lares\"><\/span>Adoraci\u00f3n de Lasas y Lares<span class=\"ez-toc-section-end\"><\/span><\/h2>\n<p><\/p>\n<p><\/p>\n<p>Los Lares se definen como esp\u00edritus protectores y existen varios tipos. Los que se celebran en la stregheria son los Lares Familiares que son los esp\u00edritus protectores de la familia. Su culto data de los romanos.<\/p>\n<p><\/p>\n<p><\/p>\n<p>Los Lasas son en realidad los esp\u00edritus de la naturaleza de la civilizaci\u00f3n. <a href=\"https:\/\/mythslegendes.com\/es\/mitologia-etrusca\/\">etrusco<\/a>. Sabemos poco sobre ellos. Fueron vistos como los primeros esp\u00edritus que existieron antes que la raza humana. Son considerados los esp\u00edritus de la antigua religi\u00f3n, la esencia misma y la fuerza de la naturaleza. A menudo se les conoce como &quot;Los Ancianos&quot;.<\/p>\n<p><\/p>\n<p><\/p>\n<p>Personalmente, para resumir brevemente mi visi\u00f3n de Lares y Lasas, veo a Lares como los Esp\u00edritus de un lugar. Los saludo cuando entro en un lugar desconocido y los considero cuando creo mi c\u00edrculo sagrado. Veo a Lasas como esp\u00edritus de la naturaleza. Pido su ayuda durante la adivinaci\u00f3n o les pido permiso cuando salgo a caminar en la naturaleza.<\/p>\n<p><\/p>\n<p><\/p>\n<p>Son gu\u00edas.<\/p>\n<p><\/p>\n<p><\/p>\n<h2 class=\"wp-block-heading\"><span class=\"ez-toc-section\" id=\"Le-culte-des-Lares-chez-les-Romains\"><\/span>El culto de los Lares entre los romanos<span class=\"ez-toc-section-end\"><\/span><\/h2>\n<p><\/p>\n<p><\/p>\n<p>En la antigua religi\u00f3n pagana de Roma, los Lares eran considerados esp\u00edritus protectores. En la <a href=\"https:\/\/mythslegendes.com\/es\/\">mitolog\u00eda<\/a> En \u00e9poca romana existen varios tipos de Lares: los Domestici (Lares de la casa), los Rurales (Lares de los caminos) y los Familiares (Lares de las familias), entre otros.<\/p>\n<p><\/p>\n<p><\/p>\n<p>Durante la \u00e9poca del Imperio Romano, cuando la religi\u00f3n antigua a\u00fan estaba muy presente, el altar o la casa de los Lares era el eje central de la vivienda familiar. El altar o casa de los Lares, era (y sigue siendo) la morada que honraba su presencia y se asemejaba a un peque\u00f1o templo romano que se colgaba de la pared o se colocaba sobre una repisa.<\/p>\n<p>La casa de los Lares se coloc\u00f3 cerca del hogar en la cocina (la sala m\u00e1s familiar), donde se invitaba a los miembros de la familia a orar a los Lares cada ma\u00f1ana. Por supuesto, all\u00ed tambi\u00e9n se hac\u00edan ofrendas durante las celebraciones familiares para recordar los nombres de los antepasados. Aunque este culto parezca simple, era esencial y sigue si\u00e9ndolo en la Stregheria actual.<\/p>\n<p><\/p>\n<p><\/p>\n<h2 class=\"wp-block-heading\"><span class=\"ez-toc-section\" id=\"La-Stregheria\"><\/span>La Stregheria<span class=\"ez-toc-section-end\"><\/span><\/h2>\n<p><\/p>\n<p><\/p>\n<p>Los Familiares son los Lares hoy celebrados y honrados en la tradici\u00f3n moderna de Stregheria. Dado que los clanes de Stregheria enfatizan el culto a los antepasados, es l\u00f3gico que sean los Lares Familiares los m\u00e1s adorados.<\/p>\n<p><\/p>\n<p><\/p>\n<p>La Stregheria es una tradici\u00f3n neopagana por derecho propio que retoma los fundamentos de la antigua religi\u00f3n italiana (vecchia religione) y que se basa en la adoraci\u00f3n de antiguas deidades, ancestros y esp\u00edritus de la naturaleza. Debe entenderse que aunque los Lares es un concepto romano que deriva del concepto etrusco de Lasas, no son exactamente lo mismo.<\/p>\n<p>Muchos tienden a mezclar estos dos conceptos porque muchos enfatizan los Lares, pensando que son la versi\u00f3n romana de las Lasas cuando en realidad los Lares y las Lasas son dos conceptos diferentes. Sin embargo, si bien el culto de los Lares romanos tiene m\u00e1s cabida en la vida cotidiana de algunos streghe, hay otros que viven ambos cultos.<\/p>\n<p>Para m\u00ed, la civilizaci\u00f3n romana y la civilizaci\u00f3n etrusca son dos cosas, aunque se influyeron mutuamente. As\u00ed que no puedo evitar honrar a mis Lares y mis Lasas.<\/p>\n<p><\/p>\n<p><\/p>\n<p>Hoy en d\u00eda, cada streghe tiene sus propios altares de Lares y Lasas. Por lo general, un altar o casa de los Lares parece un techo de templo sostenido por dos columnas con un piso o bandeja lo suficientemente largo para colocar ofrendas. Este altar es el lugar de reuni\u00f3n de los esp\u00edritus antiguos con el streghone o el strega.<\/p>\n<p>Durante las lunas llenas y los eventos familiares, como bodas, nacimientos y cumplea\u00f1os, en la casa de Lares y Lasas se realizan ofrendas, como encender una vela, ofrecer un poco de vino, incienso, frutas y flores.<\/p>\n<p><\/p>\n<p><\/p>\n<p>Cuando un streghone o un strega quiere crear su casa de los Lares o su altar de las Lasas, es necesaria una ceremonia. En el caso de los Lares, suele colocarse all\u00ed una fotograf\u00eda u objeto que represente a los antepasados italianos, un cuenco lleno de habas (s\u00edmbolo mediterr\u00e1neo del Otro Mundo) y se consagra la casa al Dios y la Diosa.<\/p>\n<p>Una vez consagrada, la casa de los Lares se convierte en un altar permanente donde se realizan determinadas peticiones. En el caso de los Lasas, lamentablemente no tenemos rastro del funcionamiento de su culto entre los <a href=\"https:\/\/mythslegendes.com\/es\/mitologia-etrusca\/\">etruscos<\/a>. Por lo general, los streghe hacen las ofrendas de su elecci\u00f3n.<\/p>\n<p><\/p>\n<p><\/p>\n<p>Cuando un streghone o un strega se compromete a celebrar ambos, la casa de los Lares se coloca al este de la morada y el altar de las Lasas se coloca al oeste. Algunos creen que los descendientes de familias italianas deben tener un altar de Lares, mientras que los Streghe que no tienen sangre italiana tienen un altar de Lasas.<\/p>\n<p>Personalmente, no suscribo esta opini\u00f3n. Sinceramente creo que el fin \u00faltimo del culto a Lares y Lasas existe por dos razones: honrar a nuestros antepasados, cualquiera que sea su origen y honrar a los esp\u00edritus de la naturaleza que nos acompa\u00f1an cada d\u00eda. Porque para m\u00ed, los Lasas tambi\u00e9n son nuestros ancestros en otro nivel.<\/p>\n<p><\/p>\n<p><\/p>\n<p>Yo mismo tengo una peque\u00f1a casa que se usa para honrar a los Lares y Lasas. Esculp\u00ed una peque\u00f1a bandeja de barro sobre la que coloqu\u00e9 una representaci\u00f3n de una puerta que encontr\u00e9. Este objeto en realidad parece una escultura asi\u00e1tica. Es lindo y lo suficientemente peque\u00f1o como para crear una casa de Lares y Lasas.<\/p>\n<p>Coloco en la bandeja de barro un cuenco de hierbas que cambio peri\u00f3dicamente. Enciendo dos farolillos e incienso en lunas llenas, cumplea\u00f1os, defunciones y eventos familiares. Coloqu\u00e9 esta casa en un estante en la sala de estar, la pieza central de mi familia.<\/p>\n<p><\/p>\t\t\t\t\t\t\t\t<\/div>\n\t\t\t\t<\/div>\n\t\t\t\t\t<\/div>\n\t\t<\/div>\n\t\t\t\t\t<\/div>\n\t\t<\/section>\n\t\t\t\t<\/div>","protected":false},"excerpt":{"rendered":"<p>Mythologie Etrusque Wiki Le culte des Lasas et des Lares (prononc\u00e9 lossa) peut se retrouver dans les autres traditions pa\u00efennes &hellip; <\/p>","protected":false},"author":1,"featured_media":0,"parent":1366,"menu_order":0,"comment_status":"closed","ping_status":"closed","template":"","meta":{"footnotes":""},"class_list":["post-1413","page","type-page","status-publish","hentry"],"amp_enabled":true,"_links":{"self":[{"href":"https:\/\/mythslegendes.com\/es\/wp-json\/wp\/v2\/pages\/1413","targetHints":{"allow":["GET"]}}],"collection":[{"href":"https:\/\/mythslegendes.com\/es\/wp-json\/wp\/v2\/pages"}],"about":[{"href":"https:\/\/mythslegendes.com\/es\/wp-json\/wp\/v2\/types\/page"}],"author":[{"embeddable":true,"href":"https:\/\/mythslegendes.com\/es\/wp-json\/wp\/v2\/users\/1"}],"replies":[{"embeddable":true,"href":"https:\/\/mythslegendes.com\/es\/wp-json\/wp\/v2\/comments?post=1413"}],"version-history":[{"count":1,"href":"https:\/\/mythslegendes.com\/es\/wp-json\/wp\/v2\/pages\/1413\/revisions"}],"predecessor-version":[{"id":24731,"href":"https:\/\/mythslegendes.com\/es\/wp-json\/wp\/v2\/pages\/1413\/revisions\/24731"}],"up":[{"embeddable":true,"href":"https:\/\/mythslegendes.com\/es\/wp-json\/wp\/v2\/pages\/1366"}],"wp:attachment":[{"href":"https:\/\/mythslegendes.com\/es\/wp-json\/wp\/v2\/media?parent=1413"}],"curies":[{"name":"wp","href":"https:\/\/api.w.org\/{rel}","templated":true}]}}