{"id":14165,"date":"2021-10-17T14:26:19","date_gmt":"2021-10-17T14:26:19","guid":{"rendered":"https:\/\/mythslegendes.com\/?page_id=14165"},"modified":"2022-12-03T22:12:03","modified_gmt":"2022-12-03T22:12:03","slug":"le-philtre-89","status":"publish","type":"page","link":"https:\/\/mythslegendes.com\/es\/mitologia-bretona\/le-philtre-89\/","title":{"rendered":"Tristan et Iseult : Le Philtre"},"content":{"rendered":"<div data-elementor-type=\"wp-page\" data-elementor-id=\"14165\" class=\"elementor elementor-14165\">\n\t\t\t\t\t\t<section class=\"elementor-section elementor-top-section elementor-element elementor-element-ac4852a elementor-section-boxed elementor-section-height-default elementor-section-height-default\" data-id=\"ac4852a\" data-element_type=\"section\" data-e-type=\"section\">\n\t\t\t\t\t\t<div class=\"elementor-container elementor-column-gap-default\">\n\t\t\t\t\t<div class=\"elementor-column elementor-col-50 elementor-top-column elementor-element elementor-element-8b84dbb\" data-id=\"8b84dbb\" data-element_type=\"column\" data-e-type=\"column\">\n\t\t\t<div class=\"elementor-widget-wrap elementor-element-populated\">\n\t\t\t\t\t\t<div class=\"elementor-element elementor-element-f42b3b4 elementor-align-justify elementor-widget elementor-widget-button\" data-id=\"f42b3b4\" data-element_type=\"widget\" data-e-type=\"widget\" data-widget_type=\"button.default\">\n\t\t\t\t<div class=\"elementor-widget-container\">\n\t\t\t\t\t\t\t\t\t<div class=\"elementor-button-wrapper\">\n\t\t\t\t\t<a class=\"elementor-button elementor-button-link elementor-size-sm\" href=\"https:\/\/mythslegendes.com\/es\/mitologia-bretona\/\">\n\t\t\t\t\t\t<span class=\"elementor-button-content-wrapper\">\n\t\t\t\t\t\t\t\t\t<span class=\"elementor-button-text\">Mitolog\u00eda bretona<\/span>\n\t\t\t\t\t<\/span>\n\t\t\t\t\t<\/a>\n\t\t\t\t<\/div>\n\t\t\t\t\t\t\t\t<\/div>\n\t\t\t\t<\/div>\n\t\t\t\t\t<\/div>\n\t\t<\/div>\n\t\t\t\t<div class=\"elementor-column elementor-col-50 elementor-top-column elementor-element elementor-element-93bb605\" data-id=\"93bb605\" data-element_type=\"column\" data-e-type=\"column\">\n\t\t\t<div class=\"elementor-widget-wrap elementor-element-populated\">\n\t\t\t\t\t\t<div class=\"elementor-element elementor-element-1527e3b elementor-align-justify elementor-widget elementor-widget-button\" data-id=\"1527e3b\" data-element_type=\"widget\" data-e-type=\"widget\" data-widget_type=\"button.default\">\n\t\t\t\t<div class=\"elementor-widget-container\">\n\t\t\t\t\t\t\t\t\t<div class=\"elementor-button-wrapper\">\n\t\t\t\t\t<a class=\"elementor-button elementor-button-link elementor-size-sm\" href=\"https:\/\/fr.wikisource.org\/wiki\/Le_Roman_de_Tristan_et_Iseut\/4\" target=\"_blank\" rel=\"noopener\">\n\t\t\t\t\t\t<span class=\"elementor-button-content-wrapper\">\n\t\t\t\t\t\t\t\t\t<span class=\"elementor-button-text\">Wiki<\/span>\n\t\t\t\t\t<\/span>\n\t\t\t\t\t<\/a>\n\t\t\t\t<\/div>\n\t\t\t\t\t\t\t\t<\/div>\n\t\t\t\t<\/div>\n\t\t\t\t\t<\/div>\n\t\t<\/div>\n\t\t\t\t\t<\/div>\n\t\t<\/section>\n\t\t\t\t<section class=\"elementor-section elementor-top-section elementor-element elementor-element-4916c6c elementor-section-boxed elementor-section-height-default elementor-section-height-default\" data-id=\"4916c6c\" data-element_type=\"section\" data-e-type=\"section\">\n\t\t\t\t\t\t<div class=\"elementor-container elementor-column-gap-default\">\n\t\t\t\t\t<div class=\"elementor-column elementor-col-100 elementor-top-column elementor-element elementor-element-1eb9e36\" data-id=\"1eb9e36\" data-element_type=\"column\" data-e-type=\"column\">\n\t\t\t<div class=\"elementor-widget-wrap elementor-element-populated\">\n\t\t\t\t\t\t<div class=\"elementor-element elementor-element-ae5d207 elementor-widget elementor-widget-text-editor\" data-id=\"ae5d207\" data-element_type=\"widget\" data-e-type=\"widget\" data-widget_type=\"text-editor.default\">\n\t\t\t\t<div class=\"elementor-widget-container\">\n\t\t\t\t\t\t\t\t\t<p>Voici la traduction du Roman de Tristan et Iseult de 1900 par Joseph B\u00e9dier. Voici la quatri\u00e8me partie : Le Philtre.<\/p><p><img decoding=\"async\" class=\"alignnone wp-image-9347 size-full\" src=\"https:\/\/mythslegendes.com\/wp-content\/uploads\/2020\/09\/cropped-AlphaOmega-e1602613368367.png\" alt=\"Le Philtre\" width=\"25\" height=\"25\" title=\"\"><\/p>\t\t\t\t\t\t\t\t<\/div>\n\t\t\t\t<\/div>\n\t\t\t\t\t<\/div>\n\t\t<\/div>\n\t\t\t\t\t<\/div>\n\t\t<\/section>\n\t\t\t\t<section class=\"elementor-section elementor-top-section elementor-element elementor-element-b4d1f6d elementor-section-boxed elementor-section-height-default elementor-section-height-default\" data-id=\"b4d1f6d\" data-element_type=\"section\" data-e-type=\"section\">\n\t\t\t\t\t\t<div class=\"elementor-container elementor-column-gap-default\">\n\t\t\t\t\t<div class=\"elementor-column elementor-col-100 elementor-top-column elementor-element elementor-element-4850f96\" data-id=\"4850f96\" data-element_type=\"column\" data-e-type=\"column\">\n\t\t\t<div class=\"elementor-widget-wrap elementor-element-populated\">\n\t\t\t\t\t\t<div class=\"elementor-element elementor-element-750c0f9 elementor-widget elementor-widget-heading\" data-id=\"750c0f9\" data-element_type=\"widget\" data-e-type=\"widget\" data-widget_type=\"heading.default\">\n\t\t\t\t<div class=\"elementor-widget-container\">\n\t\t\t\t\t<div id=\"ez-toc-container\" class=\"ez-toc-v2_0_82_2 counter-hierarchy ez-toc-counter ez-toc-grey ez-toc-container-direction\">\n<div class=\"ez-toc-title-container\">\n<p class=\"ez-toc-title\" style=\"cursor:inherit\">Contenido<\/p>\n<span class=\"ez-toc-title-toggle\"><a href=\"#\" class=\"ez-toc-pull-right ez-toc-btn ez-toc-btn-xs ez-toc-btn-default ez-toc-toggle\" aria-label=\"Alternar tabla de contenidos\"><span class=\"ez-toc-js-icon-con\"><span class=\"\"><span class=\"eztoc-hide\" style=\"display:none;\">Palanca<\/span><span class=\"ez-toc-icon-toggle-span\"><svg style=\"fill: #999;color:#999\" xmlns=\"http:\/\/www.w3.org\/2000\/svg\" class=\"list-377408\" width=\"20px\" height=\"20px\" viewbox=\"0 0 24 24\" fill=\"none\"><path d=\"M6 6H4v2h2V6zm14 0H8v2h12V6zM4 11h2v2H4v-2zm16 0H8v2h12v-2zM4 16h2v2H4v-2zm16 0H8v2h12v-2z\" fill=\"currentColor\"><\/path><\/svg><svg style=\"fill: #999;color:#999\" class=\"arrow-unsorted-368013\" xmlns=\"http:\/\/www.w3.org\/2000\/svg\" width=\"10px\" height=\"10px\" viewbox=\"0 0 24 24\" version=\"1.2\" baseprofile=\"tiny\"><path d=\"M18.2 9.3l-6.2-6.3-6.2 6.3c-.2.2-.3.4-.3.7s.1.5.3.7c.2.2.4.3.7.3h11c.3 0 .5-.1.7-.3.2-.2.3-.5.3-.7s-.1-.5-.3-.7zM5.8 14.7l6.2 6.3 6.2-6.3c.2-.2.3-.5.3-.7s-.1-.5-.3-.7c-.2-.2-.4-.3-.7-.3h-11c-.3 0-.5.1-.7.3-.2.2-.3.5-.3.7s.1.5.3.7z\"\/><\/svg><\/span><\/span><\/span><\/a><\/span><\/div>\n<nav><ul class='ez-toc-list ez-toc-list-level-1' ><li class='ez-toc-page-1 ez-toc-heading-level-2'><a class=\"ez-toc-link ez-toc-heading-1\" href=\"https:\/\/mythslegendes.com\/es\/mitologia-bretona\/le-philtre-89\/#Le-Philtre\" >Le Philtre<\/a><\/li><\/ul><\/nav><\/div>\n<h2 class=\"elementor-heading-title elementor-size-default\"><span class=\"ez-toc-section\" id=\"Le-Philtre\"><\/span>Le Philtre<span class=\"ez-toc-section-end\"><\/span><\/h2>\t\t\t\t<\/div>\n\t\t\t\t<\/div>\n\t\t\t\t\t<\/div>\n\t\t<\/div>\n\t\t\t\t\t<\/div>\n\t\t<\/section>\n\t\t\t\t<section class=\"elementor-section elementor-top-section elementor-element elementor-element-6359231 elementor-section-boxed elementor-section-height-default elementor-section-height-default\" data-id=\"6359231\" data-element_type=\"section\" data-e-type=\"section\">\n\t\t\t\t\t\t<div class=\"elementor-container elementor-column-gap-default\">\n\t\t\t\t\t<div class=\"elementor-column elementor-col-100 elementor-top-column elementor-element elementor-element-bc111bc\" data-id=\"bc111bc\" data-element_type=\"column\" data-e-type=\"column\">\n\t\t\t<div class=\"elementor-widget-wrap elementor-element-populated\">\n\t\t\t\t\t\t<div class=\"elementor-element elementor-element-45fd0db elementor-widget elementor-widget-text-editor\" data-id=\"45fd0db\" data-element_type=\"widget\" data-e-type=\"widget\" data-widget_type=\"text-editor.default\">\n\t\t\t\t<div class=\"elementor-widget-container\">\n\t\t\t\t\t\t\t\t\t<p>Quand le temps approcha de remettre Iseut aux chevaliers de <a href=\"https:\/\/mythslegendes.com\/es\/mitologia-de-cornualles\/\">Cornualles<\/a>, sa m\u00e8re cueillit des herbes, des fleurs et des racines, les m\u00eala dans du vin, et brassa un breuvage puissant. L\u2019ayant achev\u00e9 par science et magie, elle le versa dans un coutret et dit secr\u00e8tement \u00e0 Brangien\u00a0:<\/p><p>\u00ab\u00a0Fille, tu dois suivre Iseut au pays du roi Marc, et tu l\u2019aimes d\u2019amour fid\u00e8le. Prends donc ce coutret de vin et retiens mes paroles. Cache-le de telle sorte que nul \u0153il ne le voie et que nulle l\u00e8vre ne s\u2019en approche. Mais, quand viendront la nuit nuptiale <span id=\"74\" class=\"pagenum ws-pagenum\" title=\"Page:Le Roman de Tristan et Iseut, renouvel\u00e9 par J. B\u00e9dier.djvu\/84\"><\/span>et l\u2019instant o\u00f9 l\u2019on quitte les \u00e9poux, tu verseras ce vin herb\u00e9 dans une coupe et tu la pr\u00e9senteras, pour qu\u2019ils la vident ensemble, au roi Marc et \u00e0 la reine Iseut. Prends garde, ma fille, que seuls ils puissent go\u00fbter ce breuvage. Car telle est sa vertu\u00a0: ceux qui en boiront ensemble s\u2019aimeront de tous <span class=\"coquille\" title=\"su\">sus<\/span> sens et de toute leur pens\u00e9e, \u00e0 toujours, dans la vie et dans la mort.\u00a0\u00bb<\/p><p>Brangien promit \u00e0 la reine qu\u2019elle ferait selon sa volont\u00e9.<\/p><p>La nef, tranchant les vagues profondes, emportait Iseut. Mais, plus elle s\u2019\u00e9loignait de la terre d\u2019Irlande, plus tristement la jeune fille se lamentait. Assise sous la tente o\u00f9 elle s\u2019\u00e9tait renferm\u00e9e avec Brangien, sa servante, elle pleurait au souvenir de son pays. O\u00f9 ces \u00e9trangers l\u2019entra\u00eenaient-ils\u00a0? Vers qui\u00a0? Vers quelle destin\u00e9e\u00a0? Quand Tristan s\u2019approchait d\u2019elle et voulait l\u2019apaiser par de douces paroles, elle s\u2019irritait, le repoussait, et la haine gonflait <span id=\"75\" class=\"pagenum ws-pagenum\" title=\"Page:Le Roman de Tristan et Iseut, renouvel\u00e9 par J. B\u00e9dier.djvu\/85\"><\/span>son c\u0153ur. <\/p><p>Il \u00e9tait venu, lui le ravisseur, lui, le meurtrier du Morholt\u00a0; il l\u2019avait arrach\u00e9e par ses ruses \u00e0 sa m\u00e8re et \u00e0 son pays\u00a0; il n\u2019avait pas daign\u00e9 la garder pour lui-m\u00eame, et voici qu\u2019il l\u2019emportait, comme sa proie, sur les flots, vers la terre ennemie\u00a0! \u00ab\u00a0Ch\u00e9tive\u00a0! disait-elle, maudite soit la mer qui me porte\u00a0! Mieux aimerais-je mourir sur la terre o\u00f9 je suis n\u00e9e que vivre l\u00e0-bas\u00a0!\u2026\u00a0\u00bb<\/p><p>Un jour, les vents tomb\u00e8rent, et les voiles pendaient d\u00e9gonfl\u00e9es le long du m\u00e2t. Tristan fit atterrir dans une \u00eele, et, lass\u00e9s de la mer, les cent chevaliers de Cornouailles et les mariniers descendirent au rivage. Seule Iseut \u00e9tait demeur\u00e9e sur la nef, et une petite servante. Tristan vint vers la reine et t\u00e2chait de calmer son c\u0153ur. Comme le soleil br\u00fblait et qu\u2019ils avaient soif, ils demand\u00e8rent \u00e0 boire. L\u2019enfant chercha quelque breuvage, tant qu\u2019elle d\u00e9couvrit le coutret confi\u00e9 \u00e0 Brangien par la m\u00e8re d\u2019Iseut.<\/p><p>\u00ab\u00a0J\u2019ai trouv\u00e9 du vin\u00a0!\u00a0\u00bb leur cria-t-elle. Non, ce n\u2019\u00e9tait pas du vin\u00a0: <span id=\"76\" class=\"pagenum ws-pagenum\" title=\"Page:Le Roman de Tristan et Iseut, renouvel\u00e9 par J. B\u00e9dier.djvu\/86\"><\/span>c\u2019\u00e9tait la passion, c\u2019\u00e9tait l\u2019\u00e2pre joie et l\u2019angoisse sans fin, et la mort. L\u2019enfant remplit un hanap et le pr\u00e9senta \u00e0 sa ma\u00eetresse. Elle but \u00e0 longs traits, puis le tendit \u00e0 Tristan, qui le vida.<\/p><p>\u00c0 cet instant, Brangien entra et les vit qui se regardaient en silence, comme \u00e9gar\u00e9s et comme ravis. Elle vit devant eux le vase presque vide et le hanap. Elle prit le vase, courut \u00e0 la poupe, le lan\u00e7a dans les vagues et g\u00e9mit\u00a0:<\/p><p>\u00ab\u00a0Malheureuse\u00a0! maudit soit le jour o\u00f9 je suis n\u00e9e et maudit le jour o\u00f9 je suis mont\u00e9e sur cette nef\u00a0! Iseut, amie, et vous, Tristan, c\u2019est votre mort que vous avez bue\u00a0!\u00a0\u00bb<\/p><p>De nouveau la nef cinglait vers Tintagel. Il semblait \u00e0 Tristan qu\u2019une ronce vivace, aux \u00e9pines aigu\u00ebs, aux fleurs odorantes, poussait ses racines dans le sang de son c\u0153ur et par de forts liens enla\u00e7ait au beau corps d\u2019Iseut son corps et toute sa pens\u00e9e, et tout son d\u00e9sir. Il songeait\u00a0: \u00ab\u00a0Andret, Denoalen, Guenelon et Gondo\u00efne, f\u00e9lons qui m\u2019accusiez de convoiter la terre du roi <span id=\"77\" class=\"pagenum ws-pagenum\" title=\"Page:Le Roman de Tristan et Iseut, renouvel\u00e9 par J. B\u00e9dier.djvu\/87\"><\/span>Marc, ah\u00a0! je suis plus vil encore, et ce n\u2019est pas sa terre que je convoite\u00a0!<\/p><p>Bel oncle, qui m\u2019avez aim\u00e9 orphelin avant m\u00eame de reconna\u00eetre le sang de votre s\u0153ur Blanchefleur, vous qui me pleuriez tendrement, tandis que vos bras me portaient jusqu\u2019\u00e0 la barque sans rames ni voile, bel oncle, que n\u2019avez-vous, d\u00e8s le premier jour, chass\u00e9 l\u2019enfant errant venu pour vous trahir\u00a0? Ah\u00a0! qu\u2019ai-je pens\u00e9\u00a0? Iseut est votre femme, et moi votre vassal. Iseut est votre femme, et moi votre fils. Iseut est votre femme, et ne peut pas m\u2019aimer.\u00a0\u00bb<\/p><p>Iseut l\u2019aimait. Elle voulait le ha\u00efr, pourtant\u00a0: ne l\u2019avait-il pas vilement d\u00e9daign\u00e9e\u00a0? Elle voulait le ha\u00efr, et ne pouvait, irrit\u00e9e en son c\u0153ur de cette tendresse plus douloureuse que la haine.<\/p><p>Brangien les observait avec angoisse, plus cruellement tourment\u00e9e encore, car seule elle savait quel mal elle avait caus\u00e9. Deux jours elle les \u00e9pia, les vit repousser toute nourriture, tout breuvage et tout r\u00e9confort, se chercher comme des <span class=\"coquille\" title=\"aveugle\">aveugles<\/span> <span id=\"78\" class=\"pagenum ws-pagenum\" title=\"Page:Le Roman de Tristan et Iseut, renouvel\u00e9 par J. B\u00e9dier.djvu\/88\"><\/span>qui marchent \u00e0 t\u00e2tons l\u2019un vers l\u2019autre, malheureux quand ils languissaient s\u00e9par\u00e9s, plus malheureux encore quand, r\u00e9unis, ils tremblaient devant l\u2019horreur du premier aveu.<\/p><p>Au troisi\u00e8me jour, comme Tristan venait vers la tente, dress\u00e9e sur le pont de la nef, o\u00f9 Iseut \u00e9tait assise, Iseut le vit s\u2019approcher et lui dit humblement\u00a0:<\/p><p>\u00ab\u00a0Entrez, seigneur.<\/p><p>\u2014 Reine, dit Tristan, pourquoi m\u2019avoir appel\u00e9 seigneur\u00a0? Ne suis-je pas votre homme lige, au contraire, et votre vassal, pour vous r\u00e9v\u00e9rer, vous servir et vous aimer comme ma reine et ma dame\u00a0?\u00a0\u00bb<\/p><p>Isolda respondi\u00f3:<\/p><p>\u00ab\u00a0Non, tu le sais, que tu es mon seigneur et mon ma\u00eetre\u00a0! Tu le sais que ta force me domine et que je suis ta serve\u00a0! Ah\u00a0! que n\u2019ai-je aviv\u00e9 nagu\u00e8re les plaies du jongleur bless\u00e9\u00a0? Que n\u2019ai-je laiss\u00e9 p\u00e9rir le tueur du monstre dans les herbes du mar\u00e9cage\u00a0? Que n\u2019ai-je ass\u00e9n\u00e9 sur lui, quand il gisait dans le bain, le coup de l\u2019\u00e9p\u00e9e d\u00e9j\u00e0 <span id=\"79\" class=\"pagenum ws-pagenum\" title=\"Page:Le Roman de Tristan et Iseut, renouvel\u00e9 par J. B\u00e9dier.djvu\/89\"><\/span>brandie\u00a0? H\u00e9las\u00a0! je ne savais pas alors ce que je sais aujourd\u2019hui\u00a0!<\/p><p>\u2014 Iseut, que savez-vous donc aujourd\u2019hui\u00a0? Qu\u2019est-ce donc qui vous tourmente\u00a0?<\/p><p>\u2014 Ah\u00a0! tout ce que je sais me tourmente, et tout ce que je vois. Ce ciel me tourmente, et cette mer, et mon corps, et ma vie\u00a0!\u00a0\u00bb<\/p><p>Elle posa son bras sur l\u2019\u00e9paule de Tristan\u00a0; des larmes \u00e9teignirent le rayon de ses yeux, ses l\u00e8vres trembl\u00e8rent. Il r\u00e9p\u00e9ta\u00a0:<\/p><p>\u00ab\u00a0Amie, qu\u2019est-ce donc qui vous tourmente\u00a0?\u00a0\u00bb<\/p><p>Ella respondio:<\/p><p>\u00ab\u00a0L\u2019amour de vous.\u00bb<\/p><p>Alors il posa ses l\u00e8vres sur les siennes.<\/p><p>Mais, comme pour la premi\u00e8re fois tous deux go\u00fbtaient une joie d\u2019amour, Brangien, qui les \u00e9piait, poussa un cri, et les bras tendus, la face tremp\u00e9e de larmes, se jeta \u00e0 leurs pieds\u00a0:<\/p><p>\u00ab\u00a0Malheureux\u00a0! arr\u00eatez-vous, et retournez, si vous le pouvez encore\u00a0! Mais non, la voie est sans retour, d\u00e9j\u00e0 la force de <span id=\"80\" class=\"pagenum ws-pagenum\" title=\"Page:Le Roman de Tristan et Iseut, renouvel\u00e9 par J. B\u00e9dier.djvu\/90\"><\/span>l\u2019amour vous entra\u00eene et jamais plus vous n\u2019aurez de joie sans douleur. C\u2019est le vin herb\u00e9 qui vous poss\u00e8de, le breuvage d\u2019amour que votre m\u00e8re, Iseut, m\u2019avait confi\u00e9. Seul, le roi Marc devait le boire avec vous\u00a0; mais l\u2019Ennemi s\u2019est jou\u00e9 de nous trois, et c\u2019est vous qui avez vid\u00e9 le hanap. Ami Tristan, Iseut amie, en ch\u00e2timent de la male garde que j\u2019ai faite, je vous abandonne mon corps, ma vie\u00a0; car, par mon crime, dans la coupe maudite, vous avez bu l\u2019amour et la mort\u00a0!\u00a0\u00bb<\/p><p>Les amants s\u2019\u00e9treignirent\u00a0; dans leurs beaux corps fr\u00e9missaient le d\u00e9sir et la vie. Tristan dit.<\/p><p>\u00ab\u00a0Vienne donc la mort\u00a0!\u00a0\u00bb<\/p><p>Et, quand le soir tomba, sur la nef qui bondissait plus rapide vers la terre du roi Marc, li\u00e9s \u00e0 jamais, ils s\u2019abandonn\u00e8rent \u00e0 l\u2019amour.<\/p>\t\t\t\t\t\t\t\t<\/div>\n\t\t\t\t<\/div>\n\t\t\t\t\t<\/div>\n\t\t<\/div>\n\t\t\t\t\t<\/div>\n\t\t<\/section>\n\t\t\t\t<\/div>","protected":false},"excerpt":{"rendered":"<p>Mythologie Bretonne Wiki Voici la traduction du Roman de Tristan et Iseult de 1900 par Joseph B\u00e9dier. Voici la quatri\u00e8me &hellip; <\/p>","protected":false},"author":1,"featured_media":0,"parent":96,"menu_order":0,"comment_status":"closed","ping_status":"closed","template":"","meta":{"footnotes":""},"class_list":["post-14165","page","type-page","status-publish","hentry"],"amp_enabled":true,"_links":{"self":[{"href":"https:\/\/mythslegendes.com\/es\/wp-json\/wp\/v2\/pages\/14165","targetHints":{"allow":["GET"]}}],"collection":[{"href":"https:\/\/mythslegendes.com\/es\/wp-json\/wp\/v2\/pages"}],"about":[{"href":"https:\/\/mythslegendes.com\/es\/wp-json\/wp\/v2\/types\/page"}],"author":[{"embeddable":true,"href":"https:\/\/mythslegendes.com\/es\/wp-json\/wp\/v2\/users\/1"}],"replies":[{"embeddable":true,"href":"https:\/\/mythslegendes.com\/es\/wp-json\/wp\/v2\/comments?post=14165"}],"version-history":[{"count":1,"href":"https:\/\/mythslegendes.com\/es\/wp-json\/wp\/v2\/pages\/14165\/revisions"}],"predecessor-version":[{"id":25198,"href":"https:\/\/mythslegendes.com\/es\/wp-json\/wp\/v2\/pages\/14165\/revisions\/25198"}],"up":[{"embeddable":true,"href":"https:\/\/mythslegendes.com\/es\/wp-json\/wp\/v2\/pages\/96"}],"wp:attachment":[{"href":"https:\/\/mythslegendes.com\/es\/wp-json\/wp\/v2\/media?parent=14165"}],"curies":[{"name":"wp","href":"https:\/\/api.w.org\/{rel}","templated":true}]}}