{"id":1417,"date":"2020-06-24T10:51:23","date_gmt":"2020-06-24T09:51:23","guid":{"rendered":"https:\/\/mythslegendes.com\/?page_id=1417"},"modified":"2022-12-03T22:07:05","modified_gmt":"2022-12-03T22:07:05","slug":"fanara-janara-tanara","status":"publish","type":"page","link":"https:\/\/mythslegendes.com\/es\/mitologia-etrusca\/fanara-janara-tanara\/","title":{"rendered":"Fanara, Janara, Tanara"},"content":{"rendered":"<div data-elementor-type=\"wp-page\" data-elementor-id=\"1417\" class=\"elementor elementor-1417\">\n\t\t\t\t\t\t<section class=\"elementor-section elementor-top-section elementor-element elementor-element-83454e2 elementor-section-boxed elementor-section-height-default elementor-section-height-default\" data-id=\"83454e2\" data-element_type=\"section\" data-e-type=\"section\">\n\t\t\t\t\t\t<div class=\"elementor-container elementor-column-gap-default\">\n\t\t\t\t\t<div class=\"elementor-column elementor-col-50 elementor-top-column elementor-element elementor-element-4a9d287\" data-id=\"4a9d287\" data-element_type=\"column\" data-e-type=\"column\">\n\t\t\t<div class=\"elementor-widget-wrap elementor-element-populated\">\n\t\t\t\t\t\t<div class=\"elementor-element elementor-element-ce67f80 elementor-align-justify elementor-widget elementor-widget-button\" data-id=\"ce67f80\" data-element_type=\"widget\" data-e-type=\"widget\" data-widget_type=\"button.default\">\n\t\t\t\t<div class=\"elementor-widget-container\">\n\t\t\t\t\t\t\t\t\t<div class=\"elementor-button-wrapper\">\n\t\t\t\t\t<a class=\"elementor-button elementor-button-link elementor-size-sm\" href=\"https:\/\/mythslegendes.com\/es\/mitologia-etrusca\/\">\n\t\t\t\t\t\t<span class=\"elementor-button-content-wrapper\">\n\t\t\t\t\t\t\t\t\t<span class=\"elementor-button-text\">Mitolog\u00eda etrusca<\/span>\n\t\t\t\t\t<\/span>\n\t\t\t\t\t<\/a>\n\t\t\t\t<\/div>\n\t\t\t\t\t\t\t\t<\/div>\n\t\t\t\t<\/div>\n\t\t\t\t\t<\/div>\n\t\t<\/div>\n\t\t\t\t<div class=\"elementor-column elementor-col-50 elementor-top-column elementor-element elementor-element-ddd552c\" data-id=\"ddd552c\" data-element_type=\"column\" data-e-type=\"column\">\n\t\t\t<div class=\"elementor-widget-wrap elementor-element-populated\">\n\t\t\t\t\t\t<div class=\"elementor-element elementor-element-b306c1e elementor-align-justify elementor-widget elementor-widget-button\" data-id=\"b306c1e\" data-element_type=\"widget\" data-e-type=\"widget\" data-widget_type=\"button.default\">\n\t\t\t\t<div class=\"elementor-widget-container\">\n\t\t\t\t\t\t\t\t\t<div class=\"elementor-button-wrapper\">\n\t\t\t\t\t<a class=\"elementor-button elementor-button-link elementor-size-sm\" href=\"https:\/\/fr.wikipedia.org\/wiki\/Aradia,_or_the_Gospel_of_the_Witches\" target=\"_blank\" rel=\"noopener\">\n\t\t\t\t\t\t<span class=\"elementor-button-content-wrapper\">\n\t\t\t\t\t\t\t\t\t<span class=\"elementor-button-text\">Wiki<\/span>\n\t\t\t\t\t<\/span>\n\t\t\t\t\t<\/a>\n\t\t\t\t<\/div>\n\t\t\t\t\t\t\t\t<\/div>\n\t\t\t\t<\/div>\n\t\t\t\t\t<\/div>\n\t\t<\/div>\n\t\t\t\t\t<\/div>\n\t\t<\/section>\n\t\t\t\t<section class=\"elementor-section elementor-top-section elementor-element elementor-element-2bcf3368 elementor-section-boxed elementor-section-height-default elementor-section-height-default\" data-id=\"2bcf3368\" data-element_type=\"section\" data-e-type=\"section\">\n\t\t\t\t\t\t<div class=\"elementor-container elementor-column-gap-default\">\n\t\t\t\t\t<div class=\"elementor-column elementor-col-100 elementor-top-column elementor-element elementor-element-4f483d22\" data-id=\"4f483d22\" data-element_type=\"column\" data-e-type=\"column\">\n\t\t\t<div class=\"elementor-widget-wrap elementor-element-populated\">\n\t\t\t\t\t\t<div class=\"elementor-element elementor-element-1c8da86c elementor-widget elementor-widget-text-editor\" data-id=\"1c8da86c\" data-element_type=\"widget\" data-e-type=\"widget\" data-widget_type=\"text-editor.default\">\n\t\t\t\t<div class=\"elementor-widget-container\">\n\t\t\t\t\t\t\t\t\t<p><\/p>\n<p>La Stregheria (tradici\u00f3n neopagana inspirada en antiguas religiones polite\u00edstas italianas (e influenciada por varias otras tradiciones mediterr\u00e1neas antiguas)). gira en torno a tres misterios principales y fundamentales: los misterios de la tierra, el\u00a0<em>Fanara<\/em>, los misterios lunares, el\u00a0<em>Janara<\/em>, y los misterios estelares, el\u00a0<em>Tanara<\/em>.<\/p>\n<p>Estos tres misterios est\u00e1n regidos por tres parejas de divinidades: Fana y Faunus para Fanara, Jana y Janus para Janara, y Tana y Tanus para Tanara, a quienes uno debe dirigirse principalmente, pero no exclusivamente.<\/p>\n<p><img decoding=\"async\" class=\"alignnone wp-image-5284 size-full\" src=\"https:\/\/mythslegendes.com\/wp-content\/uploads\/2020\/09\/AlphaOmega-e1602613368367.png\" alt=\"Fanara Janara Tanara\" width=\"25\" height=\"26\" title=\"\"><\/p>\n<div id=\"ez-toc-container\" class=\"ez-toc-v2_0_82_2 counter-hierarchy ez-toc-counter ez-toc-grey ez-toc-container-direction\">\n<div class=\"ez-toc-title-container\">\n<p class=\"ez-toc-title\" style=\"cursor:inherit\">Contenido<\/p>\n<span class=\"ez-toc-title-toggle\"><a href=\"#\" class=\"ez-toc-pull-right ez-toc-btn ez-toc-btn-xs ez-toc-btn-default ez-toc-toggle\" aria-label=\"Alternar tabla de contenidos\"><span class=\"ez-toc-js-icon-con\"><span class=\"\"><span class=\"eztoc-hide\" style=\"display:none;\">Palanca<\/span><span class=\"ez-toc-icon-toggle-span\"><svg style=\"fill: #999;color:#999\" xmlns=\"http:\/\/www.w3.org\/2000\/svg\" class=\"list-377408\" width=\"20px\" height=\"20px\" viewbox=\"0 0 24 24\" fill=\"none\"><path d=\"M6 6H4v2h2V6zm14 0H8v2h12V6zM4 11h2v2H4v-2zm16 0H8v2h12v-2zM4 16h2v2H4v-2zm16 0H8v2h12v-2z\" fill=\"currentColor\"><\/path><\/svg><svg style=\"fill: #999;color:#999\" class=\"arrow-unsorted-368013\" xmlns=\"http:\/\/www.w3.org\/2000\/svg\" width=\"10px\" height=\"10px\" viewbox=\"0 0 24 24\" version=\"1.2\" baseprofile=\"tiny\"><path d=\"M18.2 9.3l-6.2-6.3-6.2 6.3c-.2.2-.3.4-.3.7s.1.5.3.7c.2.2.4.3.7.3h11c.3 0 .5-.1.7-.3.2-.2.3-.5.3-.7s-.1-.5-.3-.7zM5.8 14.7l6.2 6.3 6.2-6.3c.2-.2.3-.5.3-.7s-.1-.5-.3-.7c-.2-.2-.4-.3-.7-.3h-11c-.3 0-.5.1-.7.3-.2.2-.3.5-.3.7s.1.5.3.7z\"\/><\/svg><\/span><\/span><\/span><\/a><\/span><\/div>\n<nav><ul class='ez-toc-list ez-toc-list-level-1' ><li class='ez-toc-page-1 ez-toc-heading-level-2'><a class=\"ez-toc-link ez-toc-heading-1\" href=\"https:\/\/mythslegendes.com\/es\/mitologia-etrusca\/fanara-janara-tanara\/#Fanara-Janara-Tanara\" >Fanara, Janara, Tanara<\/a><\/li><\/ul><\/nav><\/div>\n<h2><span class=\"ez-toc-section\" id=\"Fanara-Janara-Tanara\"><\/span>Fanara, Janara, Tanara<span class=\"ez-toc-section-end\"><\/span><\/h2>\n<p><\/p>\n<p>Grimassi sigue siendo bastante evasivo en cuanto a lo que implican estos tres misterios, en qu\u00e9 consisten. Sin embargo, podemos adivinar que, debido a que son misterios, le corresponde al devoto y al hechicero encontrar \u00e9l mismo los diferentes caminos. El autor sugiere, sin embargo, que puede haber existido, en tiempos remotos, grupos de magos dedicados \u00fanicamente al estudio y la pr\u00e1ctica de uno de estos tres misterios, rara vez los tres al mismo tiempo, fueron sus guardianes.\u00a0<\/p>\n<p><\/p>\n<p>El Fanara, o misterios de la Tierra, es para m\u00ed el misterio de las transformaciones y la regeneraci\u00f3n. Afecta la fertilidad de la tierra, de las mujeres, de los animales, de la abundancia de la tierra y de los bienes, dones y cualidades que uno posee; es la influencia de las estaciones lo que pasa y lo transforma todo. Est\u00e1 relacionado con el clima y los elementos, a menudo beneficioso, a veces furioso y devastador. Es un misterio ligado a los poderes de los \u00e1rboles, las flores, las especias, las hierbas de todo tipo, utilizadas para hechizos de todo tipo, as\u00ed como para la medicina.<\/p>\n<p>Tambi\u00e9n es un misterio relacionado con los esp\u00edritus de la tierra, los difuntos como las hadas, relacionados con lugares de poder, como l\u00edneas ley, mont\u00edculos, templos, lugares donde convergen energ\u00edas, bosques milenarios. El Janara, o misterios lunares, es obviamente el misterio de la Luna, de su influencia en el ciclo menstrual de la mujer, en las mareas, en el crecimiento de las plantaciones, en la fertilidad de animales y hombres.\u00a0<\/p>\n<p><\/p>\n<p>Tambi\u00e9n es el poder de la magia lunar, tan querido por los magos y brujas de todas las religiones y costumbres, sus influencias beneficiosas cuando se reza, el poder que otorga a los hechizos y objetos que carga con su luz. Es un misterio de purificaci\u00f3n, evoluci\u00f3n y elevaci\u00f3n espiritual.<\/p>\n<p>El Tanara, o misterios estelares, es el misterio de las estrellas, en este caso del Sol, el m\u00e1s importante y necesario para nosotros en la Tierra, pero tambi\u00e9n de la influencia de otras estrellas y constelaciones, e incluso, en un espectro m\u00e1s amplio, influencias planetarias. Varias deidades importantes del pante\u00f3n romano estaban representadas por planetas. Tambi\u00e9n sabemos que la astrolog\u00eda fue de capital importancia. El arte de la herborister\u00eda, la adivinaci\u00f3n, la magia y los rituales son comunes a los tres misterios del Streghe.\u00a0<\/p>\n<p><\/p>\n<p>De acuerdo a <a href=\"https:\/\/mythslegendes.com\/es\/\">mito<\/a>, se cre\u00eda y se cree que las almas de los difuntos van a la Luna, aqu\u00ed s\u00edmbolo del mundo astral, a descansar all\u00ed, a regenerarse all\u00ed. All\u00ed esperan a la deidad de los muertos (para Grimassi, es Dianus) quien luego los llevar\u00e1 para resucitarlos en la Tierra o en otro lugar de descanso.<\/p>\n<p>La regeneraci\u00f3n en la Luna dura un ciclo lunar. Se cree que cuanto m\u00e1s brillante (llena) la Luna, m\u00e1s almas esperan renacer. En Lune d\u00e9croissante, on croit que les \u00e2mes pr\u00eates \u00e0 sortir de ce cocon laiteux et lumineux le font en suivant la divinit\u00e9 vers la Terre, jusqu&#039;\u00e0 ce que la Lune redevienne noire, vid\u00e9e de ces \u00e2mes toutes r\u00e9g\u00e9n\u00e9r\u00e9es et, pour certaines, revenues a la vida.\u00a0<\/p>\n<p><\/p>\n<p>Debido a que los pueblos it\u00e1licos otorgaron gran importancia a sus muertos, todav\u00eda lo es hoy en la Tradici\u00f3n Stregheria y en general en el Mediterr\u00e1neo. Todas las familias ten\u00edan un altar familiar en el centro de su hogar, a menudo sobre el hogar de la chimenea.<\/p>\n<p><\/p>\n<p>Este altar estaba dedicado a los Lares de la familia, es decir a los esp\u00edritus de la familia, es decir a los difuntos y dem\u00e1s esp\u00edritus protectores del linaje. El establecimiento de tal altar, llamado\u00a0<em>Lararium<\/em>, es un paso importante que debe dar cuando quiera dedicarse a la tradici\u00f3n Stregheria. Este altar permite honrar a nuestros difuntos, mantener viva su memoria, llamarlos en nuestra ayuda en caso de necesidad y agradecerles su protecci\u00f3n y su gu\u00eda.<\/p>\n<p>En ese momento, era una especie de deber familiar, y ciertas fiestas durante el a\u00f1o se usaban para honrar y celebrar a los muertos: ten\u00edamos un banquete y llev\u00e1bamos comida a las tumbas de los difuntos de nuestra familia. Hab\u00eda otras fiestas que serv\u00edan para ahuyentar a ciertos esp\u00edritus familiares que no quer\u00edamos honrar, bien porque nos hab\u00edan traicionado, bien porque nos hab\u00edan hecho da\u00f1o, nos hab\u00edan deshonrado: los llam\u00e1bamos los\u00a0<em>Larvas<\/em>. Una vez al a\u00f1o, nos asegur\u00e1bamos de que las larvas no vinieran a perturbar nuestra vida diaria, a perseguirnos.\u00a0<\/p>\n<p><\/p>\t\t\t\t\t\t\t\t<\/div>\n\t\t\t\t<\/div>\n\t\t\t\t\t<\/div>\n\t\t<\/div>\n\t\t\t\t\t<\/div>\n\t\t<\/section>\n\t\t\t\t<\/div>","protected":false},"excerpt":{"rendered":"<p>Mythologie Etrusque Wiki La Stregheria\u00a0 (tradition n\u00e9o-pa\u00efenne inspir\u00e9e des religions polyth\u00e9istes antiques italiennes (et influenc\u00e9e par diverses autres traditions antiques &hellip; <\/p>","protected":false},"author":1,"featured_media":0,"parent":1366,"menu_order":0,"comment_status":"closed","ping_status":"closed","template":"","meta":{"footnotes":""},"class_list":["post-1417","page","type-page","status-publish","hentry"],"amp_enabled":true,"_links":{"self":[{"href":"https:\/\/mythslegendes.com\/es\/wp-json\/wp\/v2\/pages\/1417","targetHints":{"allow":["GET"]}}],"collection":[{"href":"https:\/\/mythslegendes.com\/es\/wp-json\/wp\/v2\/pages"}],"about":[{"href":"https:\/\/mythslegendes.com\/es\/wp-json\/wp\/v2\/types\/page"}],"author":[{"embeddable":true,"href":"https:\/\/mythslegendes.com\/es\/wp-json\/wp\/v2\/users\/1"}],"replies":[{"embeddable":true,"href":"https:\/\/mythslegendes.com\/es\/wp-json\/wp\/v2\/comments?post=1417"}],"version-history":[{"count":1,"href":"https:\/\/mythslegendes.com\/es\/wp-json\/wp\/v2\/pages\/1417\/revisions"}],"predecessor-version":[{"id":24732,"href":"https:\/\/mythslegendes.com\/es\/wp-json\/wp\/v2\/pages\/1417\/revisions\/24732"}],"up":[{"embeddable":true,"href":"https:\/\/mythslegendes.com\/es\/wp-json\/wp\/v2\/pages\/1366"}],"wp:attachment":[{"href":"https:\/\/mythslegendes.com\/es\/wp-json\/wp\/v2\/media?parent=1417"}],"curies":[{"name":"wp","href":"https:\/\/api.w.org\/{rel}","templated":true}]}}