{"id":1420,"date":"2020-06-24T10:53:01","date_gmt":"2020-06-24T09:53:01","guid":{"rendered":"https:\/\/mythslegendes.com\/?page_id=1420"},"modified":"2022-12-03T22:07:05","modified_gmt":"2022-12-03T22:07:05","slug":"le-cimatura","status":"publish","type":"page","link":"https:\/\/mythslegendes.com\/es\/mitologia-etrusca\/la-cimatura\/","title":{"rendered":"La Cimatura"},"content":{"rendered":"<div data-elementor-type=\"wp-page\" data-elementor-id=\"1420\" class=\"elementor elementor-1420\">\n\t\t\t\t\t\t<section class=\"elementor-section elementor-top-section elementor-element elementor-element-a1eabcc elementor-section-boxed elementor-section-height-default elementor-section-height-default\" data-id=\"a1eabcc\" data-element_type=\"section\" data-e-type=\"section\">\n\t\t\t\t\t\t<div class=\"elementor-container elementor-column-gap-default\">\n\t\t\t\t\t<div class=\"elementor-column elementor-col-50 elementor-top-column elementor-element elementor-element-756c66c\" data-id=\"756c66c\" data-element_type=\"column\" data-e-type=\"column\">\n\t\t\t<div class=\"elementor-widget-wrap elementor-element-populated\">\n\t\t\t\t\t\t<div class=\"elementor-element elementor-element-6622e2c elementor-align-justify elementor-widget elementor-widget-button\" data-id=\"6622e2c\" data-element_type=\"widget\" data-e-type=\"widget\" data-widget_type=\"button.default\">\n\t\t\t\t<div class=\"elementor-widget-container\">\n\t\t\t\t\t\t\t\t\t<div class=\"elementor-button-wrapper\">\n\t\t\t\t\t<a class=\"elementor-button elementor-button-link elementor-size-sm\" href=\"https:\/\/mythslegendes.com\/es\/mitologia-etrusca\/\">\n\t\t\t\t\t\t<span class=\"elementor-button-content-wrapper\">\n\t\t\t\t\t\t\t\t\t<span class=\"elementor-button-text\">Mitolog\u00eda etrusca<\/span>\n\t\t\t\t\t<\/span>\n\t\t\t\t\t<\/a>\n\t\t\t\t<\/div>\n\t\t\t\t\t\t\t\t<\/div>\n\t\t\t\t<\/div>\n\t\t\t\t\t<\/div>\n\t\t<\/div>\n\t\t\t\t<div class=\"elementor-column elementor-col-50 elementor-top-column elementor-element elementor-element-775b7f5\" data-id=\"775b7f5\" data-element_type=\"column\" data-e-type=\"column\">\n\t\t\t<div class=\"elementor-widget-wrap elementor-element-populated\">\n\t\t\t\t\t\t<div class=\"elementor-element elementor-element-cac4f26 elementor-align-justify elementor-widget elementor-widget-button\" data-id=\"cac4f26\" data-element_type=\"widget\" data-e-type=\"widget\" data-widget_type=\"button.default\">\n\t\t\t\t<div class=\"elementor-widget-container\">\n\t\t\t\t\t\t\t\t\t<div class=\"elementor-button-wrapper\">\n\t\t\t\t\t<a class=\"elementor-button elementor-button-link elementor-size-sm\" href=\"https:\/\/fr.wikipedia.org\/wiki\/Aradia,_or_the_Gospel_of_the_Witches\" target=\"_blank\" rel=\"noopener\">\n\t\t\t\t\t\t<span class=\"elementor-button-content-wrapper\">\n\t\t\t\t\t\t\t\t\t<span class=\"elementor-button-text\">Wiki<\/span>\n\t\t\t\t\t<\/span>\n\t\t\t\t\t<\/a>\n\t\t\t\t<\/div>\n\t\t\t\t\t\t\t\t<\/div>\n\t\t\t\t<\/div>\n\t\t\t\t\t<\/div>\n\t\t<\/div>\n\t\t\t\t\t<\/div>\n\t\t<\/section>\n\t\t\t\t<section class=\"elementor-section elementor-top-section elementor-element elementor-element-3ceb43b0 elementor-section-boxed elementor-section-height-default elementor-section-height-default\" data-id=\"3ceb43b0\" data-element_type=\"section\" data-e-type=\"section\">\n\t\t\t\t\t\t<div class=\"elementor-container elementor-column-gap-default\">\n\t\t\t\t\t<div class=\"elementor-column elementor-col-100 elementor-top-column elementor-element elementor-element-40a19636\" data-id=\"40a19636\" data-element_type=\"column\" data-e-type=\"column\">\n\t\t\t<div class=\"elementor-widget-wrap elementor-element-populated\">\n\t\t\t\t\t\t<div class=\"elementor-element elementor-element-2ead347f elementor-widget elementor-widget-text-editor\" data-id=\"2ead347f\" data-element_type=\"widget\" data-e-type=\"widget\" data-widget_type=\"text-editor.default\">\n\t\t\t\t<div class=\"elementor-widget-container\">\n\t\t\t\t\t\t\t\t\t<p><\/p>\n<p>El Cimatura, a menudo llamado el Talism\u00e1n de las Brujas, es sin duda el s\u00edmbolo sobreviviente m\u00e1s antiguo de la brujer\u00eda hereditaria.<\/p>\n<p><img decoding=\"async\" class=\"alignnone wp-image-5284 size-full\" src=\"https:\/\/mythslegendes.com\/wp-content\/uploads\/2020\/09\/AlphaOmega-e1602613368367.png\" alt=\"cimatura\" width=\"25\" height=\"26\" title=\"\"><\/p>\n<div id=\"ez-toc-container\" class=\"ez-toc-v2_0_82_2 counter-hierarchy ez-toc-counter ez-toc-grey ez-toc-container-direction\">\n<div class=\"ez-toc-title-container\">\n<p class=\"ez-toc-title\" style=\"cursor:inherit\">Contenido<\/p>\n<span class=\"ez-toc-title-toggle\"><a href=\"#\" class=\"ez-toc-pull-right ez-toc-btn ez-toc-btn-xs ez-toc-btn-default ez-toc-toggle\" aria-label=\"Alternar tabla de contenidos\"><span class=\"ez-toc-js-icon-con\"><span class=\"\"><span class=\"eztoc-hide\" style=\"display:none;\">Palanca<\/span><span class=\"ez-toc-icon-toggle-span\"><svg style=\"fill: #999;color:#999\" xmlns=\"http:\/\/www.w3.org\/2000\/svg\" class=\"list-377408\" width=\"20px\" height=\"20px\" viewbox=\"0 0 24 24\" fill=\"none\"><path d=\"M6 6H4v2h2V6zm14 0H8v2h12V6zM4 11h2v2H4v-2zm16 0H8v2h12v-2zM4 16h2v2H4v-2zm16 0H8v2h12v-2z\" fill=\"currentColor\"><\/path><\/svg><svg style=\"fill: #999;color:#999\" class=\"arrow-unsorted-368013\" xmlns=\"http:\/\/www.w3.org\/2000\/svg\" width=\"10px\" height=\"10px\" viewbox=\"0 0 24 24\" version=\"1.2\" baseprofile=\"tiny\"><path d=\"M18.2 9.3l-6.2-6.3-6.2 6.3c-.2.2-.3.4-.3.7s.1.5.3.7c.2.2.4.3.7.3h11c.3 0 .5-.1.7-.3.2-.2.3-.5.3-.7s-.1-.5-.3-.7zM5.8 14.7l6.2 6.3 6.2-6.3c.2-.2.3-.5.3-.7s-.1-.5-.3-.7c-.2-.2-.4-.3-.7-.3h-11c-.3 0-.5.1-.7.3-.2.2-.3.5-.3.7s.1.5.3.7z\"\/><\/svg><\/span><\/span><\/span><\/a><\/span><\/div>\n<nav><ul class='ez-toc-list ez-toc-list-level-1' ><li class='ez-toc-page-1 ez-toc-heading-level-2'><a class=\"ez-toc-link ez-toc-heading-1\" href=\"https:\/\/mythslegendes.com\/es\/mitologia-etrusca\/la-cimatura\/#Cimatura\" >cimatura<\/a><\/li><\/ul><\/nav><\/div>\n<h2><span class=\"ez-toc-section\" id=\"Cimatura\"><\/span>cimatura<span class=\"ez-toc-section-end\"><\/span><\/h2>\n<p><\/p>\n<p><\/p>\n<p>Este s\u00edmbolo ciertamente es heredado del antiguo amuleto de bronce del <a href=\"https:\/\/mythslegendes.com\/es\/mitologia-etrusca\/\">etruscos<\/a> que representa la hierba Rue, cuyo amuleto se encuentra en el museo de Bolonia. Todav\u00eda en el siglo XIX, los antiguos amuletos de cimatura se fabricaban en plata, una tradici\u00f3n que contin\u00faa hasta el d\u00eda de hoy. El s\u00edmbolo de la cimatura en s\u00ed es una brizna de hierba conocida como ruda, que se usa como signo de membres\u00eda en la Sociedad de Diana y por asociaci\u00f3n con la Antigua Religi\u00f3n de las Brujas.<\/p>\n<p>El s\u00edmbolo de la hebra de ruda se divide en tres ramas, que representan a Diana Trisformis, la Diosa de tres caras (que puede estar relacionada con la Diosa <a href=\"https:\/\/mythslegendes.com\/es\/mythes-et-legendes-grecques-1664\/\">Griego<\/a> H\u00e9cate, tambi\u00e9n con el nombre de Trisformis). Cada rama termina en un capullo al que se adjuntan varios s\u00edmbolos ocultos.<\/p>\n<p><\/p>\n<p><\/p>\n<p>Para las brujas italianas, la cimatura contiene los s\u00edmbolos del pez, el gallo, la luna, la serpiente, la llave, la daga y la flor.<\/p>\n<p><\/p>\n<p><\/p>\n<p>El pez es sagrado para Proserpina, diosa del mar y, por asociaci\u00f3n, es una criatura del inframundo. El pez es s\u00edmbolo de la fuerza oculta de la vida, del poder f\u00e9rtil de la procreaci\u00f3n.<\/p>\n<p><\/p>\n<p><\/p>\n<p>El gallo es sagrado para el sol y es apodado &quot;el guardi\u00e1n vigilante&quot;. Es el heraldo del amanecer, pero los gallos tambi\u00e9n son muy agresivos y ahuyentar\u00e1n a cualquier intruso en su territorio. All\u00e1 <a href=\"https:\/\/mythslegendes.com\/es\/\">leyenda<\/a> indica que los gallos tambi\u00e9n ahuyentan a los esp\u00edritus no deseados, en esto podemos ver nuevamente una asociaci\u00f3n con el sol expulsando la oscuridad de la noche. Por ello, el gallo aparece como s\u00edmbolo de vigilancia y protecci\u00f3n.<\/p>\n<p><\/p>\n<p><\/p>\n<p>La luna en la cimatura es la representaci\u00f3n del culto a la diosa luna, ya que en la antig\u00fcedad la luna era vista como la diosa en s\u00ed misma. Entonces, usar este s\u00edmbolo significa ser leal a lo que representa.<\/p>\n<p><\/p>\n<p><\/p>\n<p>La serpiente es un s\u00edmbolo de salud, as\u00ed como tambi\u00e9n se refleja en el antiguo simbolismo del caduceo. El paso al Inframundo estaba custodiado por serpientes, a veces representadas por cuerdas y en esto podemos interpretar que la salud &quot;bloquea&quot; la llegada de la muerte. La serpiente tambi\u00e9n est\u00e1 asociada con el inframundo porque desaparece en agujeros y grietas. Durante la antig\u00fcedad, tambi\u00e9n se vincul\u00f3 a los temas de la sensualidad y la sexualidad (esencia esencial de la fuerza vital).<\/p>\n<p>La serpiente en efecto puede representar un falo, que se mueve, que va y viene en los agujeros y grietas, en los Infiernos del renacimiento. En el arte antiguo, a menudo vemos a una serpiente formando un c\u00edrculo con su cuerpo, trag\u00e1ndose la cola con la boca, simbolizando as\u00ed la uni\u00f3n perpetua, la rueda de la vida que gira y no tiene fin. La serpiente venenosa es un s\u00edmbolo del poder de transformaci\u00f3n, de los aspectos sexuales de los fluidos m\u00e1gicos producidos en el cuerpo por la estimulaci\u00f3n del sistema endocrino.<\/p>\n<p>La llave es el s\u00edmbolo del guardi\u00e1n de las puertas. Las llaves permiten el acceso a \u00e1reas prohibidas o restringidas. En la cimatura, la llave indica que quien la lleva tiene la llave de los Misterios.<\/p>\n<p><\/p>\n<p><\/p>\n<p>La daga es el aguij\u00f3n de Diana Venatrix, que tiene el poder de destruir y transformar (al igual que la serpiente venenosa). Es el s\u00edmbolo del poder del mago.<\/p>\n<p><\/p>\n<p><\/p>\n<p>La flor de la cimatura es una flor de verbena, sus cinco p\u00e9talos simbolizan el pentagrama de protecci\u00f3n y el signo de la bruja.<\/p>\n<p><\/p>\n<p><\/p>\n<p>Es interesante notar que Hecate Trisformis, de donde vendr\u00eda Diana, en la iconograf\u00eda antigua, est\u00e1 representada con una llave, una serpiente y una daga.<\/p>\n<p><\/p>\t\t\t\t\t\t\t\t<\/div>\n\t\t\t\t<\/div>\n\t\t\t\t\t<\/div>\n\t\t<\/div>\n\t\t\t\t\t<\/div>\n\t\t<\/section>\n\t\t\t\t<\/div>","protected":false},"excerpt":{"rendered":"<p>Mythologie Etrusque Wiki Le Cimatura, souvent appel\u00e9 le Talisman des Sorci\u00e8res, est sans doute le plus vieux symbole encore pr\u00e9sent &hellip; <\/p>","protected":false},"author":1,"featured_media":0,"parent":1366,"menu_order":0,"comment_status":"closed","ping_status":"closed","template":"","meta":{"footnotes":""},"class_list":["post-1420","page","type-page","status-publish","hentry"],"amp_enabled":true,"_links":{"self":[{"href":"https:\/\/mythslegendes.com\/es\/wp-json\/wp\/v2\/pages\/1420","targetHints":{"allow":["GET"]}}],"collection":[{"href":"https:\/\/mythslegendes.com\/es\/wp-json\/wp\/v2\/pages"}],"about":[{"href":"https:\/\/mythslegendes.com\/es\/wp-json\/wp\/v2\/types\/page"}],"author":[{"embeddable":true,"href":"https:\/\/mythslegendes.com\/es\/wp-json\/wp\/v2\/users\/1"}],"replies":[{"embeddable":true,"href":"https:\/\/mythslegendes.com\/es\/wp-json\/wp\/v2\/comments?post=1420"}],"version-history":[{"count":1,"href":"https:\/\/mythslegendes.com\/es\/wp-json\/wp\/v2\/pages\/1420\/revisions"}],"predecessor-version":[{"id":24733,"href":"https:\/\/mythslegendes.com\/es\/wp-json\/wp\/v2\/pages\/1420\/revisions\/24733"}],"up":[{"embeddable":true,"href":"https:\/\/mythslegendes.com\/es\/wp-json\/wp\/v2\/pages\/1366"}],"wp:attachment":[{"href":"https:\/\/mythslegendes.com\/es\/wp-json\/wp\/v2\/media?parent=1420"}],"curies":[{"name":"wp","href":"https:\/\/api.w.org\/{rel}","templated":true}]}}