{"id":14232,"date":"2021-10-17T16:26:22","date_gmt":"2021-10-17T16:26:22","guid":{"rendered":"https:\/\/mythslegendes.com\/?page_id=14232"},"modified":"2022-12-03T22:12:04","modified_gmt":"2022-12-03T22:12:04","slug":"ermite-ogrin-45","status":"publish","type":"page","link":"https:\/\/mythslegendes.com\/es\/mitologia-bretona\/ermitano-ogrin-45\/","title":{"rendered":"Trist\u00e1n e Isolda: el ermita\u00f1o Ogrin"},"content":{"rendered":"<div data-elementor-type=\"wp-page\" data-elementor-id=\"14232\" class=\"elementor elementor-14232\">\n\t\t\t\t\t\t<section class=\"elementor-section elementor-top-section elementor-element elementor-element-baf6b55 elementor-section-boxed elementor-section-height-default elementor-section-height-default\" data-id=\"baf6b55\" data-element_type=\"section\" data-e-type=\"section\">\n\t\t\t\t\t\t<div class=\"elementor-container elementor-column-gap-default\">\n\t\t\t\t\t<div class=\"elementor-column elementor-col-50 elementor-top-column elementor-element elementor-element-11ff7f2\" data-id=\"11ff7f2\" data-element_type=\"column\" data-e-type=\"column\">\n\t\t\t<div class=\"elementor-widget-wrap elementor-element-populated\">\n\t\t\t\t\t\t<div class=\"elementor-element elementor-element-3104cd5 elementor-align-justify elementor-widget elementor-widget-button\" data-id=\"3104cd5\" data-element_type=\"widget\" data-e-type=\"widget\" data-widget_type=\"button.default\">\n\t\t\t\t<div class=\"elementor-widget-container\">\n\t\t\t\t\t\t\t\t\t<div class=\"elementor-button-wrapper\">\n\t\t\t\t\t<a class=\"elementor-button elementor-button-link elementor-size-sm\" href=\"https:\/\/mythslegendes.com\/es\/mitologia-bretona\/\">\n\t\t\t\t\t\t<span class=\"elementor-button-content-wrapper\">\n\t\t\t\t\t\t\t\t\t<span class=\"elementor-button-text\">Mitolog\u00eda bretona<\/span>\n\t\t\t\t\t<\/span>\n\t\t\t\t\t<\/a>\n\t\t\t\t<\/div>\n\t\t\t\t\t\t\t\t<\/div>\n\t\t\t\t<\/div>\n\t\t\t\t\t<\/div>\n\t\t<\/div>\n\t\t\t\t<div class=\"elementor-column elementor-col-50 elementor-top-column elementor-element elementor-element-f0db0f0\" data-id=\"f0db0f0\" data-element_type=\"column\" data-e-type=\"column\">\n\t\t\t<div class=\"elementor-widget-wrap elementor-element-populated\">\n\t\t\t\t\t\t<div class=\"elementor-element elementor-element-c416e84 elementor-align-justify elementor-widget elementor-widget-button\" data-id=\"c416e84\" data-element_type=\"widget\" data-e-type=\"widget\" data-widget_type=\"button.default\">\n\t\t\t\t<div class=\"elementor-widget-container\">\n\t\t\t\t\t\t\t\t\t<div class=\"elementor-button-wrapper\">\n\t\t\t\t\t<a class=\"elementor-button elementor-button-link elementor-size-sm\" href=\"https:\/\/fr.wikisource.org\/wiki\/Le_Roman_de_Tristan_et_Iseut\/10\" target=\"_blank\" rel=\"noopener\">\n\t\t\t\t\t\t<span class=\"elementor-button-content-wrapper\">\n\t\t\t\t\t\t\t\t\t<span class=\"elementor-button-text\">Wiki<\/span>\n\t\t\t\t\t<\/span>\n\t\t\t\t\t<\/a>\n\t\t\t\t<\/div>\n\t\t\t\t\t\t\t\t<\/div>\n\t\t\t\t<\/div>\n\t\t\t\t\t<\/div>\n\t\t<\/div>\n\t\t\t\t\t<\/div>\n\t\t<\/section>\n\t\t\t\t<section class=\"elementor-section elementor-top-section elementor-element elementor-element-6ac5a09 elementor-section-boxed elementor-section-height-default elementor-section-height-default\" data-id=\"6ac5a09\" data-element_type=\"section\" data-e-type=\"section\">\n\t\t\t\t\t\t<div class=\"elementor-container elementor-column-gap-default\">\n\t\t\t\t\t<div class=\"elementor-column elementor-col-100 elementor-top-column elementor-element elementor-element-c55f1df\" data-id=\"c55f1df\" data-element_type=\"column\" data-e-type=\"column\">\n\t\t\t<div class=\"elementor-widget-wrap elementor-element-populated\">\n\t\t\t\t\t\t<div class=\"elementor-element elementor-element-a2c5cba elementor-widget elementor-widget-text-editor\" data-id=\"a2c5cba\" data-element_type=\"widget\" data-e-type=\"widget\" data-widget_type=\"text-editor.default\">\n\t\t\t\t<div class=\"elementor-widget-container\">\n\t\t\t\t\t\t\t\t\t<p>Aqu\u00ed est\u00e1 la traducci\u00f3n del Roman de Tristan et Iseult de 1900 de Joseph Bedier. Aqu\u00ed est\u00e1 la d\u00e9cima parte: Ermita\u00f1o Ogrin.<\/p><p><img decoding=\"async\" class=\"alignnone wp-image-9347 size-full\" src=\"https:\/\/mythslegendes.com\/wp-content\/uploads\/2020\/09\/cropped-AlphaOmega-e1602613368367.png\" alt=\"Ermita\u00f1o ogrin\" width=\"25\" height=\"25\" title=\"\"><\/p>\t\t\t\t\t\t\t\t<\/div>\n\t\t\t\t<\/div>\n\t\t\t\t\t<\/div>\n\t\t<\/div>\n\t\t\t\t\t<\/div>\n\t\t<\/section>\n\t\t\t\t<section class=\"elementor-section elementor-top-section elementor-element elementor-element-dcf7e12 elementor-section-boxed elementor-section-height-default elementor-section-height-default\" data-id=\"dcf7e12\" data-element_type=\"section\" data-e-type=\"section\">\n\t\t\t\t\t\t<div class=\"elementor-container elementor-column-gap-default\">\n\t\t\t\t\t<div class=\"elementor-column elementor-col-100 elementor-top-column elementor-element elementor-element-226f557\" data-id=\"226f557\" data-element_type=\"column\" data-e-type=\"column\">\n\t\t\t<div class=\"elementor-widget-wrap elementor-element-populated\">\n\t\t\t\t\t\t<div class=\"elementor-element elementor-element-f3bd302 elementor-widget elementor-widget-heading\" data-id=\"f3bd302\" data-element_type=\"widget\" data-e-type=\"widget\" data-widget_type=\"heading.default\">\n\t\t\t\t<div class=\"elementor-widget-container\">\n\t\t\t\t\t<div id=\"ez-toc-container\" class=\"ez-toc-v2_0_82_2 counter-hierarchy ez-toc-counter ez-toc-grey ez-toc-container-direction\">\n<div class=\"ez-toc-title-container\">\n<p class=\"ez-toc-title\" style=\"cursor:inherit\">Contenido<\/p>\n<span class=\"ez-toc-title-toggle\"><a href=\"#\" class=\"ez-toc-pull-right ez-toc-btn ez-toc-btn-xs ez-toc-btn-default ez-toc-toggle\" aria-label=\"Alternar tabla de contenidos\"><span class=\"ez-toc-js-icon-con\"><span class=\"\"><span class=\"eztoc-hide\" style=\"display:none;\">Palanca<\/span><span class=\"ez-toc-icon-toggle-span\"><svg style=\"fill: #999;color:#999\" xmlns=\"http:\/\/www.w3.org\/2000\/svg\" class=\"list-377408\" width=\"20px\" height=\"20px\" viewbox=\"0 0 24 24\" fill=\"none\"><path d=\"M6 6H4v2h2V6zm14 0H8v2h12V6zM4 11h2v2H4v-2zm16 0H8v2h12v-2zM4 16h2v2H4v-2zm16 0H8v2h12v-2z\" fill=\"currentColor\"><\/path><\/svg><svg style=\"fill: #999;color:#999\" class=\"arrow-unsorted-368013\" xmlns=\"http:\/\/www.w3.org\/2000\/svg\" width=\"10px\" height=\"10px\" viewbox=\"0 0 24 24\" version=\"1.2\" baseprofile=\"tiny\"><path d=\"M18.2 9.3l-6.2-6.3-6.2 6.3c-.2.2-.3.4-.3.7s.1.5.3.7c.2.2.4.3.7.3h11c.3 0 .5-.1.7-.3.2-.2.3-.5.3-.7s-.1-.5-.3-.7zM5.8 14.7l6.2 6.3 6.2-6.3c.2-.2.3-.5.3-.7s-.1-.5-.3-.7c-.2-.2-.4-.3-.7-.3h-11c-.3 0-.5.1-.7.3-.2.2-.3.5-.3.7s.1.5.3.7z\"\/><\/svg><\/span><\/span><\/span><\/a><\/span><\/div>\n<nav><ul class='ez-toc-list ez-toc-list-level-1' ><li class='ez-toc-page-1 ez-toc-heading-level-2'><a class=\"ez-toc-link ez-toc-heading-1\" href=\"https:\/\/mythslegendes.com\/es\/mitologia-bretona\/ermitano-ogrin-45\/#Ermite-Ogrin\" >Ermita\u00f1o ogrin<\/a><\/li><\/ul><\/nav><\/div>\n<h2 class=\"elementor-heading-title elementor-size-default\"><span class=\"ez-toc-section\" id=\"Ermite-Ogrin\"><\/span>Ermita\u00f1o ogrin<span class=\"ez-toc-section-end\"><\/span><\/h2>\t\t\t\t<\/div>\n\t\t\t\t<\/div>\n\t\t\t\t\t<\/div>\n\t\t<\/div>\n\t\t\t\t\t<\/div>\n\t\t<\/section>\n\t\t\t\t<section class=\"elementor-section elementor-top-section elementor-element elementor-element-1d72c5a elementor-section-boxed elementor-section-height-default elementor-section-height-default\" data-id=\"1d72c5a\" data-element_type=\"section\" data-e-type=\"section\">\n\t\t\t\t\t\t<div class=\"elementor-container elementor-column-gap-default\">\n\t\t\t\t\t<div class=\"elementor-column elementor-col-100 elementor-top-column elementor-element elementor-element-3f159a4\" data-id=\"3f159a4\" data-element_type=\"column\" data-e-type=\"column\">\n\t\t\t<div class=\"elementor-widget-wrap elementor-element-populated\">\n\t\t\t\t\t\t<div class=\"elementor-element elementor-element-76281da elementor-widget elementor-widget-text-editor\" data-id=\"76281da\" data-element_type=\"widget\" data-e-type=\"widget\" data-widget_type=\"text-editor.default\">\n\t\t\t\t<div class=\"elementor-widget-container\">\n\t\t\t\t\t\t\t\t\t<p>Tres d\u00edas despu\u00e9s, como Tristan hab\u00eda seguido las huellas de un ciervo herido durante mucho tiempo, cay\u00f3 la noche y bajo el bosque oscuro comenz\u00f3 a pensar:<\/p><p>\u201cNo, no fue por miedo que el rey nos perdon\u00f3. \u00c9l hab\u00eda tomado mi espada, yo estaba durmiendo, estaba en su misericordia, \u00e9l pod\u00eda golpear; de que sirve el refuerzo? Y, si quisiera llevarme vivo, \u00bfpor qu\u00e9, habi\u00e9ndome desarmado, me habr\u00eda dejado su propia espada? \u00a1Ah! Te reconoc\u00ed, padre: no por miedo, sino por ternura y piedad, quer\u00edas <span id=\"154\" class=\"pagenum ws-pagenum\" title=\"P\u00e1gina: El romance de Trist\u00e1n e Iseut, renovado por J. Bedier.djvu \/ 164\"><\/span>perd\u00f3nanos. \u00bfPerd\u00f3nanos? \u00bfQui\u00e9n podr\u00eda, sin ser degradante, remitir un paquete as\u00ed? No, no perdon\u00f3, pero entendi\u00f3. Sab\u00eda que en la hoguera, en el salto de la capilla, en la emboscada contra los leprosos, Dios nos hab\u00eda tomado en su salvaguarda. Entonces record\u00f3 al ni\u00f1o que una vez arrug\u00f3 a sus pies, y mi tierra de Loonnois, abandonada por \u00e9l, y la lanza de Morholt, y la sangre derramada por su honor. Record\u00f3 que yo no hab\u00eda admitido mi error, sino que exig\u00ed en vano juicio, justicia y batalla, y la nobleza de su coraz\u00f3n lo inclin\u00f3 a comprender las cosas a su alrededor que sus hombres no comprenden: no, que \u00e9l sepa ni pueda saber nunca la verdad de nuestro amor; pero duda, espera, siente que no he dicho una mentira, desea que por juicio encuentre mi derecho. \u00a1Ah! t\u00edo hermoso, vence en la batalla con la ayuda de Dios, gana tu paz, y, para ti, \u00a1vu\u00e9lvete a poner la cota y el yelmo! ... \u00bfQu\u00e9 pens\u00e9? \u00c9l reanudar\u00eda <span id=\"155\" class=\"pagenum ws-pagenum\" title=\"P\u00e1gina: El romance de Trist\u00e1n e Iseut, renovado por J. Bedier.djvu \/ 165\"><\/span>Iseut: \u00bfse lo entrego? \u00bfPor qu\u00e9 no me cort\u00f3 la garganta, m\u00e1s bien, mientras dorm\u00eda? No hace mucho, perseguido por \u00e9l, pod\u00eda odiarlo y olvidarlo; hab\u00eda abandonado a Iseut a los enfermos: ya no era suya, era m\u00eda. Aqu\u00ed, por su compasi\u00f3n, despert\u00f3 mi ternura y recuper\u00f3 a la reina. La reina ? Ella era reina a su lado, y en este bosque vive como una sirvienta. \u00bfQu\u00e9 hice con su juventud? En lugar de sus habitaciones adornadas con s\u00e1banas de seda, le doy este bosque salvaje; una choza, en lugar de sus hermosas cortinas; y es para m\u00ed que ella sigue este mal camino. Al Se\u00f1or Dios, Rey del mundo, le doy las gracias y le suplico que me d\u00e9 la fuerza para devolver a Iseut al rey Marcos. \u00bfNo es ella su mujer, casada seg\u00fan la ley de Roma, ante todos los ricos de su tierra? &quot;<\/p><p>Trist\u00e1n se apoya en su arco y llora durante mucho tiempo en la noche.<\/p><p>En la espesura cerrada de zarzas que les serv\u00eda de refugio, Iseut la Blonde esperaba <span id=\"156\" class=\"pagenum ws-pagenum\" title=\"P\u00e1gina: El romance de Trist\u00e1n e Iseut, renovado por J. Bedier.djvu \/ 166\"><\/span>el regreso de Tristan. A la luz de un rayo de luna, vio el anillo de oro que Mark hab\u00eda deslizado all\u00ed brillando en su dedo. Pens\u00f3:<\/p><p>\u201cEl que por cortes\u00eda me dio este anillo de oro no es el hombre enojado que me entreg\u00f3 a los leprosos; no, es el Se\u00f1or compasivo quien, desde el d\u00eda que aterric\u00e9 en su tierra, me acogi\u00f3 y me protegi\u00f3. \u00a1C\u00f3mo amaba a Tristan! Pero vine, \u00bfy qu\u00e9 hice? \u00bfNo deber\u00eda Tristan vivir en el palacio del rey, con un centenar de doncellas a su alrededor, que ser\u00edan de su mesnie y le servir\u00edan como caballeros armados? \u00bfNo deber\u00eda \u00e9l, cabalgando por los tribunales y las baron\u00edas, buscar soldaduras y aventuras? \u00a1Pero para m\u00ed, se olvida de toda caballer\u00eda, exiliado de la corte, perseguido en este bosque, llevando esta vida salvaje! ... &quot;<\/p><p>Luego escuch\u00f3 en las hojas y ramas muertas acerc\u00e1ndose los pasos de Tristan. Vino a su encuentro como de costumbre, para abrazarlo. Ella tom\u00f3 el arco qui-ne-mal de sus manos <span id=\"157\" class=\"pagenum ws-pagenum\" title=\"P\u00e1gina: El romance de Trist\u00e1n e Iseut, renovado por J. Bedier.djvu \/ 167\"><\/span>y sus flechas, y desat\u00f3 las ataduras de su espada.<\/p><p>\u2014Amigo \u2014dijo Tristan\u2014, es la espada del rey Mark. Tuvo que degollarnos, nos perdon\u00f3. &quot;<\/p><p>Iseut tom\u00f3 la espada, bes\u00f3 su empu\u00f1adura dorada; y Tristan vio que estaba llorando.<\/p><p>\u201cAmigo\u201d, dijo, \u201c\u00a1si pudiera llegar a un acuerdo con el rey Mark! Si me permitiera sostener en la batalla que nunca, ni de hecho ni de palabra, te he amado con amor culpable, cualquier caballero de su reino desde Lidan hasta Durham que se atreviera a contradecirme me encontrar\u00eda armado en un campo cerrado. Entonces, si el rey quisiera soportar retenerme en su pa\u00eds, yo le servir\u00eda con gran honor, como mi se\u00f1or y mi padre; y si \u00e9l prefiriera despedirme y retenerte, ir\u00eda a Frisia o <a href=\"https:\/\/mythslegendes.com\/es\/mitologia-bretona\/\">Breta\u00f1a<\/a>, con Gorvenal como \u00fanico acompa\u00f1ante. Pero dondequiera que vaya, reina, y siempre, ser\u00e9 tuya. Isolda, no pensar\u00eda en esta separaci\u00f3n, si no fuera por la dura miseria que soportas durante <span id=\"158\" class=\"pagenum ws-pagenum\" title=\"P\u00e1gina: Le Romance de Tristan et Iseut, renovada por J. Bedier.djvu \/ 168\"><\/span>yo durante tanto tiempo, hermosa, en esta tierra desierta.<\/p><p>- Tristan, que recuerdes al ermita\u00f1o Ogrin en su arboleda. Volvamos a \u00e9l, \u00a1y que agradezcamos al poderoso rey celestial, Trist\u00e1n, amigo! &quot;<\/p><p>Despertaron a Gorvenal; Iseut mont\u00f3 el caballo, que Tristan condujo por el freno, y durante toda la noche, cruzando por \u00faltima vez los amados bosques, caminaron sin decir una palabra.<\/p><p>Por la ma\u00f1ana descansaron y luego volvieron a caminar hasta llegar a la ermita. En el umbral de su capilla, Ogrin ley\u00f3 en uno <a href=\"https:\/\/mythslegendes.com\/es\/bibliotecas-de-libros\/\">libro<\/a>. \u00c9l los vio y desde lejos los llam\u00f3 tiernamente:<\/p><p>&quot; Amigos ! \u00a1C\u00f3mo te sigue el amor de la miseria a la miseria! \u00bfCu\u00e1nto durar\u00e1 tu locura? \u00a1Coraje! arrepi\u00e9ntete al fin! &quot;<\/p><p>Tristan le dijo:<\/p><p>Escuche, sir Ogrin. Ay\u00fadanos a ofrecerle un trato al rey. Le devolver\u00eda la reina. Entonces me ir\u00eda muy lejos <span id=\"159\" class=\"pagenum ws-pagenum\" title=\"P\u00e1gina: El romance de Trist\u00e1n e Iseut, renovado por J. Bedier.djvu \/ 169\"><\/span>Breta\u00f1a o Frisia; un d\u00eda, si el rey quisiera sufrirme cerca de \u00e9l, volver\u00eda y lo servir\u00eda como deb\u00eda. &quot;<\/p><p>Inclin\u00e1ndose a los pies del ermita\u00f1o, Iseut dijo a su vez, con tristeza:<\/p><p>\u201cYa no vivir\u00e9 as\u00ed. No estoy diciendo que me arrepienta de haber amado y amar a Tristan una y otra vez; pero nuestros cuerpos al menos de ahora en adelante estar\u00e1n separados. &quot;<\/p><p>El ermita\u00f1o llor\u00f3 y ador\u00f3 a Dios: \u201c\u00a1Dios, hermoso rey todopoderoso! \u00a1Les agradezco por dejarme vivir lo suficiente para ayudarlos! Les aconsej\u00f3 sabiamente, luego tom\u00f3 un poco de tinta y pergamino y escribi\u00f3 un informe en el que Trist\u00e1n ofrec\u00eda un trato al rey. Cuando hubo escrito todas las palabras que Tristan le dijo, las sell\u00f3 con su anillo.<\/p><p>&quot;\u00bfQui\u00e9n usar\u00e1 este calzoncillo?&quot; pregunt\u00f3 el ermita\u00f1o.<\/p><p>- Lo usar\u00e9 yo mismo.<\/p><p>- No, se\u00f1or Tristan, no intentar\u00e1 este peligroso viaje; Ir\u00e9 por ti, conozco bien a la gente del castillo. <span id=\"160\" class=\"pagenum ws-pagenum\" title=\"P\u00e1gina: El romance de Trist\u00e1n e Iseut, renovado por J. Bedier.djvu \/ 170\"><\/span><\/p><p>- D\u00e9jalo, apuesto se\u00f1or Ogrin; la reina permanecer\u00e1 en tu ermita; al anochecer ir\u00e9 con mi escudero, que cuidar\u00e1 mi caballo. &quot;<\/p><p>Cuando la oscuridad descendi\u00f3 sobre el bosque, Tristan parti\u00f3 con Gorvenal. A las puertas de Tintagel, lo dej\u00f3. En las paredes, los vig\u00edas sonaban sus ba\u00fales. Se desliz\u00f3 por la zanja y cruz\u00f3 la ciudad a riesgo de su cuerpo. Como en el pasado, cruz\u00f3 las empalizadas agudas del huerto, vio de nuevo los escalones de m\u00e1rmol, la fuente y el gran pino, y se acerc\u00f3 a la ventana detr\u00e1s de la cual dorm\u00eda el rey. La llam\u00f3 suavemente. Marc se despert\u00f3:<\/p><p>&quot;\u00bfQui\u00e9n eres, t\u00fa que me llamas por la noche a esta hora?<\/p><p>- Se\u00f1or, soy Tristan, les traigo un breve; Lo dejo ah\u00ed, en la cerca de esta ventana. Adjunte su respuesta a la sucursal de la Cruz Roja.<\/p><p>- \u00a1Por el amor de Dios, hermoso sobrino, esp\u00e9rame! &quot; <span id=\"161\" class=\"pagenum ws-pagenum\" title=\"P\u00e1gina: El romance de Trist\u00e1n e Iseut, renovado por J. Bedier.djvu \/ 171\"><\/span><\/p><p>Corri\u00f3 hacia el umbral y llor\u00f3 tres veces durante la noche:<\/p><p>&quot;\u00a1Tristan! Tristan! \u00a1Tristan, hijo m\u00edo! &quot;<\/p><p>Pero Tristan hab\u00eda huido. Se reuni\u00f3 con su escudero y, con un ligero salto, se subi\u00f3 a la silla:<\/p><p>&quot; Loco ! dijo Gorvenal, ap\u00farate, huyamos por aqu\u00ed. &quot;<\/p><p>Finalmente llegaron a la ermita donde encontraron, esper\u00e1ndolos, al ermita\u00f1o que rezaba, a Iseut que lloraba.<\/p>\t\t\t\t\t\t\t\t<\/div>\n\t\t\t\t<\/div>\n\t\t\t\t\t<\/div>\n\t\t<\/div>\n\t\t\t\t\t<\/div>\n\t\t<\/section>\n\t\t\t\t<\/div>","protected":false},"excerpt":{"rendered":"<p>Breton Mythology Wiki Aqu\u00ed est\u00e1 la traducci\u00f3n de la novela de 1900 de Trist\u00e1n e Isolda de Joseph B\u00e9dier. Aqu\u00ed est\u00e1 el d\u00e9cimo... <\/p>","protected":false},"author":1,"featured_media":0,"parent":96,"menu_order":0,"comment_status":"closed","ping_status":"closed","template":"","meta":{"footnotes":""},"class_list":["post-14232","page","type-page","status-publish","hentry"],"amp_enabled":true,"_links":{"self":[{"href":"https:\/\/mythslegendes.com\/es\/wp-json\/wp\/v2\/pages\/14232","targetHints":{"allow":["GET"]}}],"collection":[{"href":"https:\/\/mythslegendes.com\/es\/wp-json\/wp\/v2\/pages"}],"about":[{"href":"https:\/\/mythslegendes.com\/es\/wp-json\/wp\/v2\/types\/page"}],"author":[{"embeddable":true,"href":"https:\/\/mythslegendes.com\/es\/wp-json\/wp\/v2\/users\/1"}],"replies":[{"embeddable":true,"href":"https:\/\/mythslegendes.com\/es\/wp-json\/wp\/v2\/comments?post=14232"}],"version-history":[{"count":1,"href":"https:\/\/mythslegendes.com\/es\/wp-json\/wp\/v2\/pages\/14232\/revisions"}],"predecessor-version":[{"id":25204,"href":"https:\/\/mythslegendes.com\/es\/wp-json\/wp\/v2\/pages\/14232\/revisions\/25204"}],"up":[{"embeddable":true,"href":"https:\/\/mythslegendes.com\/es\/wp-json\/wp\/v2\/pages\/96"}],"wp:attachment":[{"href":"https:\/\/mythslegendes.com\/es\/wp-json\/wp\/v2\/media?parent=14232"}],"curies":[{"name":"wp","href":"https:\/\/api.w.org\/{rel}","templated":true}]}}