{"id":1424,"date":"2020-06-24T10:56:23","date_gmt":"2020-06-24T09:56:23","guid":{"rendered":"https:\/\/mythslegendes.com\/?page_id=1424"},"modified":"2022-12-03T22:07:05","modified_gmt":"2022-12-03T22:07:05","slug":"les-pouvoirs-des-plantes-des-strega","status":"publish","type":"page","link":"https:\/\/mythslegendes.com\/es\/mitologia-etrusca\/los-poderes-de-las-plantas-strega\/","title":{"rendered":"Los poderes de las plantas del Strega"},"content":{"rendered":"<div data-elementor-type=\"wp-page\" data-elementor-id=\"1424\" class=\"elementor elementor-1424\">\n\t\t\t\t\t\t<section class=\"elementor-section elementor-top-section elementor-element elementor-element-11672b1 elementor-section-boxed elementor-section-height-default elementor-section-height-default\" data-id=\"11672b1\" data-element_type=\"section\" data-e-type=\"section\">\n\t\t\t\t\t\t<div class=\"elementor-container elementor-column-gap-default\">\n\t\t\t\t\t<div class=\"elementor-column elementor-col-50 elementor-top-column elementor-element elementor-element-5eaedaf\" data-id=\"5eaedaf\" data-element_type=\"column\" data-e-type=\"column\">\n\t\t\t<div class=\"elementor-widget-wrap elementor-element-populated\">\n\t\t\t\t\t\t<div class=\"elementor-element elementor-element-e906c83 elementor-align-justify elementor-widget elementor-widget-button\" data-id=\"e906c83\" data-element_type=\"widget\" data-e-type=\"widget\" data-widget_type=\"button.default\">\n\t\t\t\t<div class=\"elementor-widget-container\">\n\t\t\t\t\t\t\t\t\t<div class=\"elementor-button-wrapper\">\n\t\t\t\t\t<a class=\"elementor-button elementor-button-link elementor-size-sm\" href=\"https:\/\/mythslegendes.com\/es\/mitologia-etrusca\/\">\n\t\t\t\t\t\t<span class=\"elementor-button-content-wrapper\">\n\t\t\t\t\t\t\t\t\t<span class=\"elementor-button-text\">Mitolog\u00eda etrusca<\/span>\n\t\t\t\t\t<\/span>\n\t\t\t\t\t<\/a>\n\t\t\t\t<\/div>\n\t\t\t\t\t\t\t\t<\/div>\n\t\t\t\t<\/div>\n\t\t\t\t\t<\/div>\n\t\t<\/div>\n\t\t\t\t<div class=\"elementor-column elementor-col-50 elementor-top-column elementor-element elementor-element-fa406cc\" data-id=\"fa406cc\" data-element_type=\"column\" data-e-type=\"column\">\n\t\t\t<div class=\"elementor-widget-wrap elementor-element-populated\">\n\t\t\t\t\t\t<div class=\"elementor-element elementor-element-0523fd8 elementor-align-justify elementor-widget elementor-widget-button\" data-id=\"0523fd8\" data-element_type=\"widget\" data-e-type=\"widget\" data-widget_type=\"button.default\">\n\t\t\t\t<div class=\"elementor-widget-container\">\n\t\t\t\t\t\t\t\t\t<div class=\"elementor-button-wrapper\">\n\t\t\t\t\t<a class=\"elementor-button elementor-button-link elementor-size-sm\" href=\"https:\/\/fr.wikipedia.org\/wiki\/Aradia,_or_the_Gospel_of_the_Witches\" target=\"_blank\" rel=\"noopener\">\n\t\t\t\t\t\t<span class=\"elementor-button-content-wrapper\">\n\t\t\t\t\t\t\t\t\t<span class=\"elementor-button-text\">Wiki<\/span>\n\t\t\t\t\t<\/span>\n\t\t\t\t\t<\/a>\n\t\t\t\t<\/div>\n\t\t\t\t\t\t\t\t<\/div>\n\t\t\t\t<\/div>\n\t\t\t\t\t<\/div>\n\t\t<\/div>\n\t\t\t\t\t<\/div>\n\t\t<\/section>\n\t\t\t\t<section class=\"elementor-section elementor-top-section elementor-element elementor-element-29487dd6 elementor-section-boxed elementor-section-height-default elementor-section-height-default\" data-id=\"29487dd6\" data-element_type=\"section\" data-e-type=\"section\">\n\t\t\t\t\t\t<div class=\"elementor-container elementor-column-gap-default\">\n\t\t\t\t\t<div class=\"elementor-column elementor-col-100 elementor-top-column elementor-element elementor-element-6db3a51c\" data-id=\"6db3a51c\" data-element_type=\"column\" data-e-type=\"column\">\n\t\t\t<div class=\"elementor-widget-wrap elementor-element-populated\">\n\t\t\t\t\t\t<div class=\"elementor-element elementor-element-55c2f7fa elementor-widget elementor-widget-text-editor\" data-id=\"55c2f7fa\" data-element_type=\"widget\" data-e-type=\"widget\" data-widget_type=\"text-editor.default\">\n\t\t\t\t<div class=\"elementor-widget-container\">\n\t\t\t\t\t\t\t\t\t<p><\/p>\n<p>Aqu\u00ed est\u00e1 la lista de poderes de las plantas seg\u00fan la Strega.<\/p>\n<p><img decoding=\"async\" class=\"alignnone wp-image-5284 size-full\" src=\"https:\/\/mythslegendes.com\/wp-content\/uploads\/2020\/09\/AlphaOmega-e1602613368367.png\" alt=\"poderes de las plantas\" width=\"25\" height=\"26\" title=\"\"><\/p>\n<div id=\"ez-toc-container\" class=\"ez-toc-v2_0_82_2 counter-hierarchy ez-toc-counter ez-toc-grey ez-toc-container-direction\">\n<div class=\"ez-toc-title-container\">\n<p class=\"ez-toc-title\" style=\"cursor:inherit\">Contenido<\/p>\n<span class=\"ez-toc-title-toggle\"><a href=\"#\" class=\"ez-toc-pull-right ez-toc-btn ez-toc-btn-xs ez-toc-btn-default ez-toc-toggle\" aria-label=\"Alternar tabla de contenidos\"><span class=\"ez-toc-js-icon-con\"><span class=\"\"><span class=\"eztoc-hide\" style=\"display:none;\">Palanca<\/span><span class=\"ez-toc-icon-toggle-span\"><svg style=\"fill: #999;color:#999\" xmlns=\"http:\/\/www.w3.org\/2000\/svg\" class=\"list-377408\" width=\"20px\" height=\"20px\" viewbox=\"0 0 24 24\" fill=\"none\"><path d=\"M6 6H4v2h2V6zm14 0H8v2h12V6zM4 11h2v2H4v-2zm16 0H8v2h12v-2zM4 16h2v2H4v-2zm16 0H8v2h12v-2z\" fill=\"currentColor\"><\/path><\/svg><svg style=\"fill: #999;color:#999\" class=\"arrow-unsorted-368013\" xmlns=\"http:\/\/www.w3.org\/2000\/svg\" width=\"10px\" height=\"10px\" viewbox=\"0 0 24 24\" version=\"1.2\" baseprofile=\"tiny\"><path d=\"M18.2 9.3l-6.2-6.3-6.2 6.3c-.2.2-.3.4-.3.7s.1.5.3.7c.2.2.4.3.7.3h11c.3 0 .5-.1.7-.3.2-.2.3-.5.3-.7s-.1-.5-.3-.7zM5.8 14.7l6.2 6.3 6.2-6.3c.2-.2.3-.5.3-.7s-.1-.5-.3-.7c-.2-.2-.4-.3-.7-.3h-11c-.3 0-.5.1-.7.3-.2.2-.3.5-.3.7s.1.5.3.7z\"\/><\/svg><\/span><\/span><\/span><\/a><\/span><\/div>\n<nav><ul class='ez-toc-list ez-toc-list-level-1' ><li class='ez-toc-page-1 ez-toc-heading-level-2'><a class=\"ez-toc-link ez-toc-heading-1\" href=\"https:\/\/mythslegendes.com\/es\/mitologia-etrusca\/los-poderes-de-las-plantas-strega\/#Pouvoirs-des-plantes\" >poderes de las plantas<\/a><\/li><\/ul><\/nav><\/div>\n<h2><span class=\"ez-toc-section\" id=\"Pouvoirs-des-plantes\"><\/span>poderes de las plantas<span class=\"ez-toc-section-end\"><\/span><\/h2>\n<p>Ajo: Hierba de purificaci\u00f3n y protecci\u00f3n por excelencia. Sagrado a la diosa Hekate. Se utiliza para desterrar la magia.<\/p>\n<p><\/p>\n<p>Artemisa: Se utiliza para adivinaci\u00f3n, para limpiar cristales y espejos. Excelente para curar y cambiar de forma. La artemisa tambi\u00e9n se coloca en una almohada para fomentar los sue\u00f1os prof\u00e9ticos.<\/p>\n<p><\/p>\n<p>Canela: Hierba para la prosperidad y protecci\u00f3n. Hierba sagrada de Hekate.<\/p>\n<p><\/p>\n<p>El dictama de <a href=\"https:\/\/mythslegendes.com\/es\/mitologia-minoica\/\">Creta<\/a> : Hierba sagrada para diosas cretenses como Dyctinna, Ariadna y <a href=\"https:\/\/mythslegendes.com\/es\/mitologia-de-los-misterios-deleusis\/\">Demeter<\/a> y Pers\u00e9fone cuyo <a href=\"https:\/\/mythslegendes.com\/es\/\">mito<\/a> se remonta a la civilizaci\u00f3n <a href=\"https:\/\/mythslegendes.com\/es\/mitologia-minoica\/\">minoico<\/a>. Tambi\u00e9n se ofrece como ofrenda a la Diosa Serpiente de Creta, creadora del mundo.<\/p>\n<p><\/p>\n<p>Hinojo: Protecci\u00f3n y curaci\u00f3n.<\/p>\n<p><\/p>\n<p>Enebro: Hierba sagrada del Lupercus. Colgar de un hilo rojo en la puerta protege contra las malas energ\u00edas, los ladrones y trae salud y amor. Se cuelgan coronas de enebro durante el solsticio de invierno en Italia.<\/p>\n<p><\/p>\n<p>Lavanda: Hierba muy utilizada en Toscana. Asociado con el dios Lupercus y Dis. Atrae el amor, aumenta el deseo, purifica y atrae la paz.<\/p>\n<p><\/p>\n<p>El Laurel: Protecci\u00f3n. Sus ramas se utilizan para regar mezclas m\u00e1gicas. Masticar hoja de laurel es excelente para dones prof\u00e9ticos. Los rituales suelen escribirse en hojas de laurel y quemarse.<\/p>\n<p><\/p>\n<p>Melissa: Hierba utilizada antiguamente durante el culto a Diana en el lago Nemi, en Italia.<\/p>\n<p><\/p>\n<p>Menta: Purificaci\u00f3n de la mente y prosperidad.<\/p>\n<p><\/p>\n<p>Verbena: Hierba sagrada de la Diosa Diana y Aradia en la tradici\u00f3n aridiana. El aceite de verbena es excelente para purificar altares, como lo hac\u00edan los romanos. La verbena es una de las plantas m\u00e1s sagradas y m\u00e1gicas: abarca varios \u00e1mbitos: curaci\u00f3n, purificaci\u00f3n, adivinaci\u00f3n, etc. Tambi\u00e9n la considero la hierba sagrada de Dem\u00e9ter.<\/p>\n<p><\/p>\n<p>Romero: El romero era quemado en los altares en la Antig\u00fcedad <a href=\"https:\/\/mythslegendes.com\/es\/mythes-et-legendes-grecques-1664\/\">griego<\/a> para alejar malos esp\u00edritus y enfermedades. El romero era un s\u00edmbolo de fidelidad entre los enamorados. El romero era un ingrediente popular para ceremonias religiosas, bodas y funerales y tambi\u00e9n para amuletos m\u00e1gicos. <\/p>\n<p>Los sicilianos creen que las fatas, que toman la forma de una serpiente, yacen sobre las ramas de romero. Purificaci\u00f3n, s\u00edmbolo de Dios (aspecto cornudo \u2013 Selvans), curaci\u00f3n, pasi\u00f3n y amor. Cuando se quema una ramita de romero, toda energ\u00eda maligna desaparece. Coloca una ramita de romero para alejar las pesadillas. Un collar de romero sobre uno mismo preserva la juventud y atrae a las fata (hadas).<\/p>\n<p><\/p>\n<p>La Rue: El nombre \u201cRue\u201d proviene de la palabra griega \u201creuo\u201d, que significa \u201cliberar\u201d, debido a su eficacia en el tratamiento de diversas enfermedades. La calle fue muy utilizada por los antiguos; Hip\u00f3crates dec\u00eda que era uno de los ingredientes principales de un ant\u00eddoto contra el veneno. EL <a href=\"https:\/\/mythslegendes.com\/es\/mythes-et-legendes-grecques-1664\/\">griegos<\/a> La ve\u00edan como una hierba antimagia porque la ruda trataba de extra\u00f1os trastornos vinculados, se dec\u00eda, a la brujer\u00eda. <\/p>\n<p>En la Edad Media. La ruda era considerada un arma poderosa de protecci\u00f3n contra las brujas y se usaba en varios rituales\u2026 La m\u00e1s sagrada de las hierbas. Representa al Dios en la Rueda del A\u00f1o. Es sagrada para Hekate, siendo una hierba de protecci\u00f3n, destierro y curaci\u00f3n (durante los ritos lunares). La ra\u00edz de ruda es un elemento sagrado y se considera el s\u00edmbolo de los Streghe; tambi\u00e9n la llevan como amuleto o como colgante (cimaruta).<\/p>\n<p><\/p>\n<p>Tomillo: Hierba sagrada para la Reina de las Hadas. Exprimir tomillo fresco en tu pecho durante la luna llena te ayuda a ver hadas. Hierba vers\u00e1til.<\/p>\n<p><\/p>\n<p>Valeriana: Hierba sagrada para el Dios Dis.<\/p>\n<p><\/p>\t\t\t\t\t\t\t\t<\/div>\n\t\t\t\t<\/div>\n\t\t\t\t\t<\/div>\n\t\t<\/div>\n\t\t\t\t\t<\/div>\n\t\t<\/section>\n\t\t\t\t<\/div>","protected":false},"excerpt":{"rendered":"<p>Mythologie Etrusque Wiki Voici la liste des pouvoirs des plantes selon les Strega. Pouvoirs des plantes L&rsquo;Ail : Herbe de &hellip; <\/p>","protected":false},"author":1,"featured_media":0,"parent":1366,"menu_order":0,"comment_status":"closed","ping_status":"closed","template":"","meta":{"footnotes":""},"class_list":["post-1424","page","type-page","status-publish","hentry"],"amp_enabled":true,"_links":{"self":[{"href":"https:\/\/mythslegendes.com\/es\/wp-json\/wp\/v2\/pages\/1424","targetHints":{"allow":["GET"]}}],"collection":[{"href":"https:\/\/mythslegendes.com\/es\/wp-json\/wp\/v2\/pages"}],"about":[{"href":"https:\/\/mythslegendes.com\/es\/wp-json\/wp\/v2\/types\/page"}],"author":[{"embeddable":true,"href":"https:\/\/mythslegendes.com\/es\/wp-json\/wp\/v2\/users\/1"}],"replies":[{"embeddable":true,"href":"https:\/\/mythslegendes.com\/es\/wp-json\/wp\/v2\/comments?post=1424"}],"version-history":[{"count":1,"href":"https:\/\/mythslegendes.com\/es\/wp-json\/wp\/v2\/pages\/1424\/revisions"}],"predecessor-version":[{"id":24734,"href":"https:\/\/mythslegendes.com\/es\/wp-json\/wp\/v2\/pages\/1424\/revisions\/24734"}],"up":[{"embeddable":true,"href":"https:\/\/mythslegendes.com\/es\/wp-json\/wp\/v2\/pages\/1366"}],"wp:attachment":[{"href":"https:\/\/mythslegendes.com\/es\/wp-json\/wp\/v2\/media?parent=1424"}],"curies":[{"name":"wp","href":"https:\/\/api.w.org\/{rel}","templated":true}]}}