{"id":14248,"date":"2021-10-17T16:50:21","date_gmt":"2021-10-17T16:50:21","guid":{"rendered":"https:\/\/mythslegendes.com\/?page_id=14248"},"modified":"2022-12-03T22:12:04","modified_gmt":"2022-12-03T22:12:04","slug":"le-jugement-par-le-fer-rouge-98","status":"publish","type":"page","link":"https:\/\/mythslegendes.com\/es\/mitologia-bretona\/el-juicio-del-hierro-rojo-98\/","title":{"rendered":"Trist\u00e1n e Isolda: Juicio del Hierro Rojo"},"content":{"rendered":"<div data-elementor-type=\"wp-page\" data-elementor-id=\"14248\" class=\"elementor elementor-14248\">\n\t\t\t\t\t\t<section class=\"elementor-section elementor-top-section elementor-element elementor-element-2cedb77 elementor-section-boxed elementor-section-height-default elementor-section-height-default\" data-id=\"2cedb77\" data-element_type=\"section\" data-e-type=\"section\">\n\t\t\t\t\t\t<div class=\"elementor-container elementor-column-gap-default\">\n\t\t\t\t\t<div class=\"elementor-column elementor-col-50 elementor-top-column elementor-element elementor-element-ca2b00d\" data-id=\"ca2b00d\" data-element_type=\"column\" data-e-type=\"column\">\n\t\t\t<div class=\"elementor-widget-wrap elementor-element-populated\">\n\t\t\t\t\t\t<div class=\"elementor-element elementor-element-f9e1a58 elementor-align-justify elementor-widget elementor-widget-button\" data-id=\"f9e1a58\" data-element_type=\"widget\" data-e-type=\"widget\" data-widget_type=\"button.default\">\n\t\t\t\t<div class=\"elementor-widget-container\">\n\t\t\t\t\t\t\t\t\t<div class=\"elementor-button-wrapper\">\n\t\t\t\t\t<a class=\"elementor-button elementor-button-link elementor-size-sm\" href=\"https:\/\/mythslegendes.com\/es\/mitologia-bretona\/\">\n\t\t\t\t\t\t<span class=\"elementor-button-content-wrapper\">\n\t\t\t\t\t\t\t\t\t<span class=\"elementor-button-text\">Mitolog\u00eda bretona<\/span>\n\t\t\t\t\t<\/span>\n\t\t\t\t\t<\/a>\n\t\t\t\t<\/div>\n\t\t\t\t\t\t\t\t<\/div>\n\t\t\t\t<\/div>\n\t\t\t\t\t<\/div>\n\t\t<\/div>\n\t\t\t\t<div class=\"elementor-column elementor-col-50 elementor-top-column elementor-element elementor-element-52175b0\" data-id=\"52175b0\" data-element_type=\"column\" data-e-type=\"column\">\n\t\t\t<div class=\"elementor-widget-wrap elementor-element-populated\">\n\t\t\t\t\t\t<div class=\"elementor-element elementor-element-30b2a24 elementor-align-justify elementor-widget elementor-widget-button\" data-id=\"30b2a24\" data-element_type=\"widget\" data-e-type=\"widget\" data-widget_type=\"button.default\">\n\t\t\t\t<div class=\"elementor-widget-container\">\n\t\t\t\t\t\t\t\t\t<div class=\"elementor-button-wrapper\">\n\t\t\t\t\t<a class=\"elementor-button elementor-button-link elementor-size-sm\" href=\"https:\/\/fr.wikisource.org\/wiki\/Le_Roman_de_Tristan_et_Iseut\/12\" target=\"_blank\" rel=\"noopener\">\n\t\t\t\t\t\t<span class=\"elementor-button-content-wrapper\">\n\t\t\t\t\t\t\t\t\t<span class=\"elementor-button-text\">Wiki<\/span>\n\t\t\t\t\t<\/span>\n\t\t\t\t\t<\/a>\n\t\t\t\t<\/div>\n\t\t\t\t\t\t\t\t<\/div>\n\t\t\t\t<\/div>\n\t\t\t\t\t<\/div>\n\t\t<\/div>\n\t\t\t\t\t<\/div>\n\t\t<\/section>\n\t\t\t\t<section class=\"elementor-section elementor-top-section elementor-element elementor-element-f320e24 elementor-section-boxed elementor-section-height-default elementor-section-height-default\" data-id=\"f320e24\" data-element_type=\"section\" data-e-type=\"section\">\n\t\t\t\t\t\t<div class=\"elementor-container elementor-column-gap-default\">\n\t\t\t\t\t<div class=\"elementor-column elementor-col-100 elementor-top-column elementor-element elementor-element-a3ad245\" data-id=\"a3ad245\" data-element_type=\"column\" data-e-type=\"column\">\n\t\t\t<div class=\"elementor-widget-wrap elementor-element-populated\">\n\t\t\t\t\t\t<div class=\"elementor-element elementor-element-599be8c elementor-widget elementor-widget-text-editor\" data-id=\"599be8c\" data-element_type=\"widget\" data-e-type=\"widget\" data-widget_type=\"text-editor.default\">\n\t\t\t\t<div class=\"elementor-widget-container\">\n\t\t\t\t\t\t\t\t\t<p>Aqu\u00ed est\u00e1 la traducci\u00f3n del Roman de Tristan et Iseult de 1900 de Joseph B\u00e9dier. He aqu\u00ed la duod\u00e9cima parte: El Juicio del Hierro Rojo.<\/p><p><img decoding=\"async\" class=\"alignnone wp-image-9347 size-full\" src=\"https:\/\/mythslegendes.com\/wp-content\/uploads\/2020\/09\/cropped-AlphaOmega-e1602613368367.png\" alt=\"El juicio de hierro rojo\" width=\"25\" height=\"25\" title=\"\"><\/p>\t\t\t\t\t\t\t\t<\/div>\n\t\t\t\t<\/div>\n\t\t\t\t\t<\/div>\n\t\t<\/div>\n\t\t\t\t\t<\/div>\n\t\t<\/section>\n\t\t\t\t<section class=\"elementor-section elementor-top-section elementor-element elementor-element-16a8d26 elementor-section-boxed elementor-section-height-default elementor-section-height-default\" data-id=\"16a8d26\" data-element_type=\"section\" data-e-type=\"section\">\n\t\t\t\t\t\t<div class=\"elementor-container elementor-column-gap-default\">\n\t\t\t\t\t<div class=\"elementor-column elementor-col-100 elementor-top-column elementor-element elementor-element-5969243\" data-id=\"5969243\" data-element_type=\"column\" data-e-type=\"column\">\n\t\t\t<div class=\"elementor-widget-wrap elementor-element-populated\">\n\t\t\t\t\t\t<div class=\"elementor-element elementor-element-8c4175d elementor-widget elementor-widget-heading\" data-id=\"8c4175d\" data-element_type=\"widget\" data-e-type=\"widget\" data-widget_type=\"heading.default\">\n\t\t\t\t<div class=\"elementor-widget-container\">\n\t\t\t\t\t<div id=\"ez-toc-container\" class=\"ez-toc-v2_0_82_2 counter-hierarchy ez-toc-counter ez-toc-grey ez-toc-container-direction\">\n<div class=\"ez-toc-title-container\">\n<p class=\"ez-toc-title\" style=\"cursor:inherit\">Contenido<\/p>\n<span class=\"ez-toc-title-toggle\"><a href=\"#\" class=\"ez-toc-pull-right ez-toc-btn ez-toc-btn-xs ez-toc-btn-default ez-toc-toggle\" aria-label=\"Alternar tabla de contenidos\"><span class=\"ez-toc-js-icon-con\"><span class=\"\"><span class=\"eztoc-hide\" style=\"display:none;\">Palanca<\/span><span class=\"ez-toc-icon-toggle-span\"><svg style=\"fill: #999;color:#999\" xmlns=\"http:\/\/www.w3.org\/2000\/svg\" class=\"list-377408\" width=\"20px\" height=\"20px\" viewbox=\"0 0 24 24\" fill=\"none\"><path d=\"M6 6H4v2h2V6zm14 0H8v2h12V6zM4 11h2v2H4v-2zm16 0H8v2h12v-2zM4 16h2v2H4v-2zm16 0H8v2h12v-2z\" fill=\"currentColor\"><\/path><\/svg><svg style=\"fill: #999;color:#999\" class=\"arrow-unsorted-368013\" xmlns=\"http:\/\/www.w3.org\/2000\/svg\" width=\"10px\" height=\"10px\" viewbox=\"0 0 24 24\" version=\"1.2\" baseprofile=\"tiny\"><path d=\"M18.2 9.3l-6.2-6.3-6.2 6.3c-.2.2-.3.4-.3.7s.1.5.3.7c.2.2.4.3.7.3h11c.3 0 .5-.1.7-.3.2-.2.3-.5.3-.7s-.1-.5-.3-.7zM5.8 14.7l6.2 6.3 6.2-6.3c.2-.2.3-.5.3-.7s-.1-.5-.3-.7c-.2-.2-.4-.3-.7-.3h-11c-.3 0-.5.1-.7.3-.2.2-.3.5-.3.7s.1.5.3.7z\"\/><\/svg><\/span><\/span><\/span><\/a><\/span><\/div>\n<nav><ul class='ez-toc-list ez-toc-list-level-1' ><li class='ez-toc-page-1 ez-toc-heading-level-2'><a class=\"ez-toc-link ez-toc-heading-1\" href=\"https:\/\/mythslegendes.com\/es\/mitologia-bretona\/el-juicio-del-hierro-rojo-98\/#Le-Jugement-par-le-Fer-Rouge\" >El juicio de hierro rojo<\/a><\/li><\/ul><\/nav><\/div>\n<h2 class=\"elementor-heading-title elementor-size-default\"><span class=\"ez-toc-section\" id=\"Le-Jugement-par-le-Fer-Rouge\"><\/span>El juicio de hierro rojo<span class=\"ez-toc-section-end\"><\/span><\/h2>\t\t\t\t<\/div>\n\t\t\t\t<\/div>\n\t\t\t\t\t<\/div>\n\t\t<\/div>\n\t\t\t\t\t<\/div>\n\t\t<\/section>\n\t\t\t\t<section class=\"elementor-section elementor-top-section elementor-element elementor-element-528040b elementor-section-boxed elementor-section-height-default elementor-section-height-default\" data-id=\"528040b\" data-element_type=\"section\" data-e-type=\"section\">\n\t\t\t\t\t\t<div class=\"elementor-container elementor-column-gap-default\">\n\t\t\t\t\t<div class=\"elementor-column elementor-col-100 elementor-top-column elementor-element elementor-element-9a89951\" data-id=\"9a89951\" data-element_type=\"column\" data-e-type=\"column\">\n\t\t\t<div class=\"elementor-widget-wrap elementor-element-populated\">\n\t\t\t\t\t\t<div class=\"elementor-element elementor-element-2abcc4f elementor-widget elementor-widget-text-editor\" data-id=\"2abcc4f\" data-element_type=\"widget\" data-e-type=\"widget\" data-widget_type=\"text-editor.default\">\n\t\t\t\t<div class=\"elementor-widget-container\">\n\t\t\t\t\t\t\t\t\t<p>Pronto, Denoalen, Andret y Gondoine pensaron que estaban a salvo: sin duda Trist\u00e1n arrastraba su vida m\u00e1s all\u00e1 del mar, en un pa\u00eds demasiado lejano para alcanzarlos. As\u00ed, un d\u00eda de caza, cuando el rey, al escuchar los ladridos de su manada, detuvo su caballo en medio de un claro, los tres cabalgaron hacia \u00e9l:<\/p><p>\u201cRey, escucha nuestra palabra. Hab\u00edas condenado a la reina sin juicio, y eso estaba perdido; hoy lo absuelves sin juicio: \u00bfno es eso todav\u00eda perder? Nunca se ha justificado, y los barones de vuestro pa\u00eds os culpan a ambos por ello. Acons\u00e9jele que en su lugar reclame el <span id=\"178\" class=\"pagenum ws-pagenum\" title=\"P\u00e1gina:Le Roman de Tristan et Iseut, renovado por J. B\u00e9dier.djvu\/188\"><\/span>juicio de Dios. \u00bfQu\u00e9 le costar\u00e1 a ella, inocente, jurar sobre los huesos de los santos que nunca ha fallado? inocente, para apoderarse de un hierro candente? Tal es la costumbre, y mediante esta f\u00e1cil prueba se disipar\u00e1n para siempre viejas sospechas. \u00bb<\/p><p>Irritado Marc respondi\u00f3:<\/p><p>\u201c\u00a1Que Dios los destruya, se\u00f1ores de Cornualles, ustedes que buscan incansablemente mi verg\u00fcenza! Por ti persegu\u00ed a mi sobrino; \u00bfQu\u00e9 m\u00e1s quieres? que cazo a la reina en <a href=\"https:\/\/mythslegendes.com\/es\/mitologia-irlandesa\/\">Irlanda<\/a>\u00a0? \u00bfCu\u00e1les son sus nuevas quejas? Contra viejos agravios, \u00bfno se ha ofrecido Trist\u00e1n a defenderla? Para justificarlo, os present\u00f3 la batalla y todos lo o\u00edsteis: \u00bfpor qu\u00e9 no tomasteis vuestras coronas y vuestras lanzas contra \u00e9l? Se\u00f1ores, me requirieron m\u00e1s all\u00e1 de la ley; por eso teme que el hombre por ti cazado, lo recuerdo aqu\u00ed! \u00bb<\/p><p>Entonces los cobardes temblaron; ellos pensaron que vieron a Tristan regresar, sangrando blanco de sus cuerpos. <span id=\"179\" class=\"pagenum ws-pagenum\" title=\"P\u00e1gina:Le Roman de Tristan et Iseut, renovado por J. B\u00e9dier.djvu\/189\"><\/span><\/p><p>\u201cSe\u00f1or, le dimos un consejo leal, por su honor, como corresponde a sus enemistades; pero guardaremos silencio de ahora en adelante. \u00a1Olvida tu ira, devu\u00e9lvenos tu paz! \u00bb<\/p><p>Pero Marc se puso de pie sobre su pomo:<\/p><p>\u201c\u00a1Fuera de mi tierra, delincuentes! Ya no tendr\u00e9is mi paz. Por ti cac\u00e9 a Trist\u00e1n; tu turno, fuera de mi tierra!<\/p><p>&quot;\u00a1Que as\u00ed sea, apuesto se\u00f1or!&quot; \u00a1nuestros castillos son fuertes, bien cerrados por estacas, sobre rocas dif\u00edciles de escalar! \u00bb<\/p><p>Y, sin saludarlo, se dieron la vuelta.<\/p><p>Sin esperar sabuesos ni cazadores, Marc empuj\u00f3 su caballo hacia Tintagel, subi\u00f3 los escalones del sal\u00f3n y la reina escuch\u00f3 el eco de sus pasos apresurados sobre las losas.<\/p><p>Ella se levant\u00f3, sali\u00f3 a su encuentro, tom\u00f3 su espada, como de costumbre, y se inclin\u00f3 a sus pies. Marc la sujet\u00f3 por las manos y la levant\u00f3, cuando Iseult, alzando la mirada hacia \u00e9l, vio sus nobles facciones atormentadas por la ira: as\u00ed era \u00e9l para ella. <span id=\"180\" class=\"pagenum ws-pagenum\" title=\"P\u00e1gina:Le Roman de Tristan et Iseut, renovado por J. B\u00e9dier.djvu\/190\"><\/span>apareci\u00f3 hace mucho tiempo, fren\u00e9tico, ante la hoguera.<\/p><p>&quot;\u00a1Vaya! pens\u00f3, mi amigo ha sido descubierto, \u00a1el rey se lo ha llevado! \u00bb<\/p><p>Su coraz\u00f3n se enfri\u00f3 en su pecho, y sin una palabra, cay\u00f3 a los pies del rey. \u00c9l la tom\u00f3 en sus brazos y la bes\u00f3 suavemente; poco a poco revivi\u00f3:<\/p><p>\u201cAmigo, amigo, \u00bfcu\u00e1l es tu tormento?<\/p><p>&quot;Se\u00f1or, tengo miedo: \u00a1lo vi tan enojado!&quot;<\/p><p>&quot;S\u00ed, volv\u00ed irritado de esta cacer\u00eda&quot;.<\/p><p>- \u00a1Ay! Se\u00f1or, si vuestros cazadores os han estropeado, \u00bfos conviene tomar tanto a pecho las vejaciones de la caza? \u00bb<\/p><p>Marc sonr\u00ede ante esto:<\/p><p>\u201cNo, amigo, mis cazadores no me irritaron; sino tres delincuentes, que nos han odiado durante mucho tiempo; los conoc\u00e9is, Andret, Denoalen y Gondoine: los ech\u00e9 de mi tierra.<\/p><p>&quot;Se\u00f1or, \u00bfqu\u00e9 mal se han atrevido a hablar de m\u00ed?&quot;<\/p><p>&quot;\u00bfQue te importa?&quot; Los ahuyent\u00e9.<\/p><p>&quot;Se\u00f1or, todos tienen derecho a decir lo que piensan&quot;. Pero tambi\u00e9n tengo derecho a saber <span id=\"181\" class=\"pagenum ws-pagenum\" title=\"P\u00e1gina:Le Roman de Tristan et Iseut, renovado por J. B\u00e9dier.djvu\/191\"><\/span>la culpa puesta en m\u00ed. \u00bfY de qui\u00e9n lo aprender\u00eda, sino de ti? Solo en este pa\u00eds extranjero, no tengo a nadie m\u00e1s que a ti, se\u00f1or, para defenderme.<\/p><p>- Eso es. Por lo tanto, afirmaron que te corresponde justificarte con juramento y con la prueba del hierro candente. &quot;\u00bfNo deber\u00eda la reina, dijeron, exigir este juicio ella misma?&quot; Estas pruebas son ligeras para aquellos que saben que son inocentes. \u00bfCu\u00e1nto le costar\u00eda?... Dios es un verdadero juez; \u00e9l disipar\u00eda para siempre viejos agravios\u2026\u201d Esto es lo que afirmaron. Pero deja estas cosas. Los ahuyent\u00e9, te lo digo. \u00bb<\/p><p>Isolda se estremeci\u00f3; mir\u00f3 al rey:<\/p><p>\u201cSe\u00f1or, ordena que regresen a tu corte. Me justificar\u00e9 con juramento.<\/p><p>- Cuando ?<\/p><p>\u2014 En el d\u00e9cimo d\u00eda.<\/p><p>\u201cEse t\u00e9rmino est\u00e1 muy cerca, amigo.<\/p><p>Est\u00e1 demasiado lejos. Pero te pido que entre ahora y entonces le digas al rey Artur que cabalgue con monse\u00f1or Gauvain, con Girflet, K\u00e9 el senescal y <span id=\"182\" class=\"pagenum ws-pagenum\" title=\"P\u00e1gina:Le Roman de Tristan et Iseut, renovado por J. B\u00e9dier.djvu\/192\"><\/span>cien de sus caballeros a la marcha de vuestra tierra, a White Heath, a la orilla del r\u00edo que separa vuestros reinos. Es all\u00ed, delante de ellos, que quiero hacer el juramento, y no s\u00f3lo delante de vuestros barones: porque, apenas hubiera jurado, vuestros barones todav\u00eda os pedir\u00edan que me impusierais una nueva prueba, y nuestros tormentos nunca terminar\u00eda Pero no se atrever\u00e1n m\u00e1s, si Artur y sus caballeros son los garantes del juicio. \u00bb<\/p><p>Mientras los heraldos de armas, los mensajeros de Marcos para el rey Arturo, se apresuraban hacia Carduel, Isolda envi\u00f3 en secreto a su ayuda de c\u00e1mara, Perinis el Rubio, el Fiel, a Trist\u00e1n.<\/p><p>Perinis corri\u00f3 por el bosque, evitando los caminos despejados, hasta llegar a la choza de Orri el guardabosques, donde, durante largos d\u00edas, lo hab\u00eda estado esperando Trist\u00e1n. Perinis le refiri\u00f3 las cosas que hab\u00edan pasado, el nuevo delito, el t\u00e9rmino del juicio, la hora y el lugar marcados: <span id=\"183\" class=\"pagenum ws-pagenum\" title=\"P\u00e1gina:Le Roman de Tristan et Iseut, renovado por J. B\u00e9dier.djvu\/193\"><\/span><\/p><p>&quot;Se\u00f1or, mi se\u00f1ora os manda decir que el d\u00eda se\u00f1alado, bajo una t\u00fanica de peregrino, tan h\u00e1bilmente disfrazado que nadie os puede reconocer, sin armas, est\u00e1is en Blanche-Lande: \u00e9l debe, para llegar al lugar de juicio, cruza el r\u00edo en un bote; en la orilla opuesta, donde estar\u00e1n los caballeros del rey Arturo, lo esperar\u00e1s. Sin duda, entonces usted puede ayudarlo. Mi se\u00f1ora teme el d\u00eda del juicio: pero conf\u00eda en la bondad de Dios, que ya supo arrebatarla de las manos de los leprosos.<\/p><p>Vuelve con la reina, bella y dulce amiga Perinis: dile que har\u00e9 su voluntad. \u00bb<\/p><p>Ahora bien, mis se\u00f1ores, cuando Perinis volvi\u00f3 a Tintagel, sucedi\u00f3 que vio en un matorral al mismo guardabosques que, no hace mucho, habiendo sorprendido a los amantes dormidos, los hab\u00eda denunciado al rey. Un d\u00eda, cuando estaba borracho, se jact\u00f3 de su traici\u00f3n. El hombre, habiendo cavado un hoyo profundo en la tierra, h\u00e1bilmente lo cubri\u00f3 con ramas, para atrapar lobos y <span id=\"184\" class=\"pagenum ws-pagenum\" title=\"P\u00e1gina:Le Roman de Tristan et Iseut, renovado por J. B\u00e9dier.djvu\/194\"><\/span>jabal\u00edes Vio que el ayuda de c\u00e1mara de la reina se le echaba encima y quiso huir. Pero Perinis lo llev\u00f3 al borde de la trampa:<\/p><p>&quot;Esp\u00eda que vendi\u00f3 a la reina, \u00bfpor qu\u00e9 huir?&quot; \u00a1Qu\u00e9date all\u00ed, cerca de tu tumba, que t\u00fa mismo te encargaste de cavar! \u00bb<\/p><p>Su bast\u00f3n se arremolinaba en el aire, zumbando. Tanto el bast\u00f3n como el cr\u00e1neo se hicieron a\u00f1icos, y Perinis el Rubio, el Fiel, pate\u00f3 el cuerpo en el pozo cubierto de ramas.<\/p><p>En el d\u00eda se\u00f1alado para el juicio, el rey Marcos, Isolda y los barones de <a href=\"https:\/\/mythslegendes.com\/es\/mitologia-de-cornualles\/\">Cornualles<\/a><span class=\"coquille\" title=\"-\">,<\/span> Habiendo cabalgado hasta White Moor, llegaron en fina formaci\u00f3n frente al r\u00edo, y, agrupados a lo largo de la otra orilla, los caballeros de Arturo los saludaron con sus brillantes estandartes.<\/p><p>Frente a ellos, sentado en la orilla, un peregrino indigente, envuelto en su capa de la que colgaban conchas, extend\u00eda su cuenco de madera para mendigar y ped\u00eda limosna con voz estridente y doliente. <span id=\"185\" class=\"pagenum ws-pagenum\" title=\"P\u00e1gina:Le Roman de Tristan et Iseut, renovado por J. B\u00e9dier.djvu\/195\"><\/span><\/p><p>A fuerza de remos, se acercaban los barcos de Cornualles. Cuando estaban cerca de aterrizar, Iseult pregunt\u00f3 a los caballeros que lo rodeaban:<\/p><p>\u201cSe\u00f1ores, \u00bfc\u00f3mo podr\u00eda llegar a tierra firme, sin ensuciar mis vestidos largos en este fango? Un contrabandista tendr\u00eda que venir a ayudarme. \u00bb<\/p><p>Uno de los caballeros salud\u00f3 al peregrino:<\/p><p>\u201cAmigo, enrolla tu capa, baja al agua y lleva a la reina, si no tienes miedo, roto como te veo, de ceder a mitad de camino. \u00bb<\/p><p>El hombre tom\u00f3 a la reina en sus brazos. Ella le susurr\u00f3: \u201c\u00a1Amigo! Luego, de nuevo en voz baja: &quot;D\u00e9jate caer en la arena&quot;. \u00bb<\/p><p>Cuando lleg\u00f3 a la orilla, tropez\u00f3 y cay\u00f3, sosteniendo a la reina en sus brazos. Escuderos y marineros, tomando los remos y bicheros, persiguieron al pobre infeliz.<\/p><p>&quot;D\u00e9jalo&quot;, dijo la reina; sin duda una larga peregrinaci\u00f3n lo hab\u00eda debilitado. \u00bb<\/p><p>Y desatando un broche de oro fino, se lo arroj\u00f3 al peregrino. <span id=\"186\" class=\"pagenum ws-pagenum\" title=\"P\u00e1gina:Le Roman de Tristan et Iseut, renovado por J. B\u00e9dier.djvu\/196\"><\/span><\/p><p>Frente al pabell\u00f3n de Arturo, un rico pa\u00f1o de seda de Nicea estaba extendido sobre la hierba verde, y all\u00ed ya estaban dispuestas las reliquias de los santos, sacadas de sus ata\u00fades y altares. Monse\u00f1or Gauvain, Girflet y K\u00e9 el senescal los custodiaban.<\/p><p>La reina, habiendo suplicado a Dios, tom\u00f3 las joyas de su cuello y manos y se las dio a los pobres mendigos; se quit\u00f3 el manto de p\u00farpura y la fina toca, y los regal\u00f3; ella dio su chaine y su bliaut y sus zapatos enjoyados. Ella s\u00f3lo mantuvo sobre su cuerpo una t\u00fanica sin mangas y, con los brazos y los pies desnudos, avanz\u00f3 frente a los dos reyes. A su alrededor, los barones la miraban en silencio y lloraban. Cerca de las reliquias ard\u00eda un brasero. Temblando, extendi\u00f3 su mano derecha hacia los huesos de los santos y dijo:<\/p><p>\u201cRey de Logres y Rey de Cornwall, Sir Gauvain, Sir K\u00e9, Sir Girflet, y todos ustedes que ser\u00e1n mis fiadores, por estos santos cuerpos y por todos los santos cuerpos que son <span id=\"187\" class=\"pagenum ws-pagenum\" title=\"P\u00e1gina:Le Roman de Tristan et Iseut, renovado por J. B\u00e9dier.djvu\/197\"><\/span>en este mundo, juro que nunca un hombre nacido de mujer me tuvo en sus brazos, excepto el rey Marcos, mi se\u00f1or, y el pobre peregrino que, ahora mismo, se dej\u00f3 caer ante tus ojos. . Rey Mark, \u00bfes adecuado este juramento?<\/p><p>&quot;\u00a1S\u00ed, reina, y que Dios manifieste su verdadero juicio!&quot;<\/p><p>- \u00a1Am\u00e9n! dijo Isolda.<\/p><p>Se acerc\u00f3 al brasero, p\u00e1lida y tambaleante. Todos estaban en silencio; el hierro era rojo. Luego hundi\u00f3 sus brazos desnudos en las brasas, agarr\u00f3 la barra de hierro, camin\u00f3 nueve pasos llev\u00e1ndola, luego, habi\u00e9ndola arrojado hacia atr\u00e1s, estir\u00f3 los brazos como una cruz, con las palmas abiertas. Y todos vieron que su carne era m\u00e1s saludable que ciruela ciruela.<\/p><p>Entonces de todos los pechos subi\u00f3 un gran grito de alabanza a Dios.<\/p>\t\t\t\t\t\t\t\t<\/div>\n\t\t\t\t<\/div>\n\t\t\t\t\t<\/div>\n\t\t<\/div>\n\t\t\t\t\t<\/div>\n\t\t<\/section>\n\t\t\t\t<\/div>","protected":false},"excerpt":{"rendered":"<p>Mythologie Bretonne Wiki Voici la traduction du Roman de Tristan et Iseult de 1900 par Joseph B\u00e9dier. Voici la douzi\u00e8me &hellip; <\/p>","protected":false},"author":1,"featured_media":0,"parent":96,"menu_order":0,"comment_status":"closed","ping_status":"closed","template":"","meta":{"footnotes":""},"class_list":["post-14248","page","type-page","status-publish","hentry"],"amp_enabled":true,"_links":{"self":[{"href":"https:\/\/mythslegendes.com\/es\/wp-json\/wp\/v2\/pages\/14248","targetHints":{"allow":["GET"]}}],"collection":[{"href":"https:\/\/mythslegendes.com\/es\/wp-json\/wp\/v2\/pages"}],"about":[{"href":"https:\/\/mythslegendes.com\/es\/wp-json\/wp\/v2\/types\/page"}],"author":[{"embeddable":true,"href":"https:\/\/mythslegendes.com\/es\/wp-json\/wp\/v2\/users\/1"}],"replies":[{"embeddable":true,"href":"https:\/\/mythslegendes.com\/es\/wp-json\/wp\/v2\/comments?post=14248"}],"version-history":[{"count":1,"href":"https:\/\/mythslegendes.com\/es\/wp-json\/wp\/v2\/pages\/14248\/revisions"}],"predecessor-version":[{"id":25206,"href":"https:\/\/mythslegendes.com\/es\/wp-json\/wp\/v2\/pages\/14248\/revisions\/25206"}],"up":[{"embeddable":true,"href":"https:\/\/mythslegendes.com\/es\/wp-json\/wp\/v2\/pages\/96"}],"wp:attachment":[{"href":"https:\/\/mythslegendes.com\/es\/wp-json\/wp\/v2\/media?parent=14248"}],"curies":[{"name":"wp","href":"https:\/\/api.w.org\/{rel}","templated":true}]}}