{"id":14264,"date":"2021-10-17T17:02:17","date_gmt":"2021-10-17T17:02:17","guid":{"rendered":"https:\/\/mythslegendes.com\/?page_id=14264"},"modified":"2022-12-03T22:12:04","modified_gmt":"2022-12-03T22:12:04","slug":"le-grelot-merveilleux-98","status":"publish","type":"page","link":"https:\/\/mythslegendes.com\/es\/mitologia-bretona\/la-campana-maravillosa-98\/","title":{"rendered":"Trist\u00e1n e Isolda: La campana maravillosa"},"content":{"rendered":"<div data-elementor-type=\"wp-page\" data-elementor-id=\"14264\" class=\"elementor elementor-14264\">\n\t\t\t\t\t\t<section class=\"elementor-section elementor-top-section elementor-element elementor-element-bbd9419 elementor-section-boxed elementor-section-height-default elementor-section-height-default\" data-id=\"bbd9419\" data-element_type=\"section\" data-e-type=\"section\">\n\t\t\t\t\t\t<div class=\"elementor-container elementor-column-gap-default\">\n\t\t\t\t\t<div class=\"elementor-column elementor-col-50 elementor-top-column elementor-element elementor-element-e5a304d\" data-id=\"e5a304d\" data-element_type=\"column\" data-e-type=\"column\">\n\t\t\t<div class=\"elementor-widget-wrap elementor-element-populated\">\n\t\t\t\t\t\t<div class=\"elementor-element elementor-element-57a9016 elementor-align-justify elementor-widget elementor-widget-button\" data-id=\"57a9016\" data-element_type=\"widget\" data-e-type=\"widget\" data-widget_type=\"button.default\">\n\t\t\t\t<div class=\"elementor-widget-container\">\n\t\t\t\t\t\t\t\t\t<div class=\"elementor-button-wrapper\">\n\t\t\t\t\t<a class=\"elementor-button elementor-button-link elementor-size-sm\" href=\"https:\/\/mythslegendes.com\/es\/mitologia-bretona\/\">\n\t\t\t\t\t\t<span class=\"elementor-button-content-wrapper\">\n\t\t\t\t\t\t\t\t\t<span class=\"elementor-button-text\">Mitolog\u00eda bretona<\/span>\n\t\t\t\t\t<\/span>\n\t\t\t\t\t<\/a>\n\t\t\t\t<\/div>\n\t\t\t\t\t\t\t\t<\/div>\n\t\t\t\t<\/div>\n\t\t\t\t\t<\/div>\n\t\t<\/div>\n\t\t\t\t<div class=\"elementor-column elementor-col-50 elementor-top-column elementor-element elementor-element-d5abb68\" data-id=\"d5abb68\" data-element_type=\"column\" data-e-type=\"column\">\n\t\t\t<div class=\"elementor-widget-wrap elementor-element-populated\">\n\t\t\t\t\t\t<div class=\"elementor-element elementor-element-c3a5a32 elementor-align-justify elementor-widget elementor-widget-button\" data-id=\"c3a5a32\" data-element_type=\"widget\" data-e-type=\"widget\" data-widget_type=\"button.default\">\n\t\t\t\t<div class=\"elementor-widget-container\">\n\t\t\t\t\t\t\t\t\t<div class=\"elementor-button-wrapper\">\n\t\t\t\t\t<a class=\"elementor-button elementor-button-link elementor-size-sm\" href=\"https:\/\/fr.wikisource.org\/wiki\/Le_Roman_de_Tristan_et_Iseut\/14\" target=\"_blank\" rel=\"noopener\">\n\t\t\t\t\t\t<span class=\"elementor-button-content-wrapper\">\n\t\t\t\t\t\t\t\t\t<span class=\"elementor-button-text\">Wiki<\/span>\n\t\t\t\t\t<\/span>\n\t\t\t\t\t<\/a>\n\t\t\t\t<\/div>\n\t\t\t\t\t\t\t\t<\/div>\n\t\t\t\t<\/div>\n\t\t\t\t\t<\/div>\n\t\t<\/div>\n\t\t\t\t\t<\/div>\n\t\t<\/section>\n\t\t\t\t<section class=\"elementor-section elementor-top-section elementor-element elementor-element-3d82c49 elementor-section-boxed elementor-section-height-default elementor-section-height-default\" data-id=\"3d82c49\" data-element_type=\"section\" data-e-type=\"section\">\n\t\t\t\t\t\t<div class=\"elementor-container elementor-column-gap-default\">\n\t\t\t\t\t<div class=\"elementor-column elementor-col-100 elementor-top-column elementor-element elementor-element-ebddfbf\" data-id=\"ebddfbf\" data-element_type=\"column\" data-e-type=\"column\">\n\t\t\t<div class=\"elementor-widget-wrap elementor-element-populated\">\n\t\t\t\t\t\t<div class=\"elementor-element elementor-element-7b0f6d3 elementor-widget elementor-widget-text-editor\" data-id=\"7b0f6d3\" data-element_type=\"widget\" data-e-type=\"widget\" data-widget_type=\"text-editor.default\">\n\t\t\t\t<div class=\"elementor-widget-container\">\n\t\t\t\t\t\t\t\t\t<p>Aqu\u00ed est\u00e1 la traducci\u00f3n del Roman de Tristan et Iseult de 1900 de Joseph B\u00e9dier. Aqu\u00ed est\u00e1 la decimocuarta parte: Le Grelot Merveilleux.<\/p><p><img decoding=\"async\" class=\"alignnone wp-image-9347 size-full\" src=\"https:\/\/mythslegendes.com\/wp-content\/uploads\/2020\/09\/cropped-AlphaOmega-e1602613368367.png\" alt=\"la campana maravillosa\" width=\"25\" height=\"25\" title=\"\"><\/p>\t\t\t\t\t\t\t\t<\/div>\n\t\t\t\t<\/div>\n\t\t\t\t\t<\/div>\n\t\t<\/div>\n\t\t\t\t\t<\/div>\n\t\t<\/section>\n\t\t\t\t<section class=\"elementor-section elementor-top-section elementor-element elementor-element-89fe07b elementor-section-boxed elementor-section-height-default elementor-section-height-default\" data-id=\"89fe07b\" data-element_type=\"section\" data-e-type=\"section\">\n\t\t\t\t\t\t<div class=\"elementor-container elementor-column-gap-default\">\n\t\t\t\t\t<div class=\"elementor-column elementor-col-100 elementor-top-column elementor-element elementor-element-7171f77\" data-id=\"7171f77\" data-element_type=\"column\" data-e-type=\"column\">\n\t\t\t<div class=\"elementor-widget-wrap elementor-element-populated\">\n\t\t\t\t\t\t<div class=\"elementor-element elementor-element-4c83a4c elementor-widget elementor-widget-heading\" data-id=\"4c83a4c\" data-element_type=\"widget\" data-e-type=\"widget\" data-widget_type=\"heading.default\">\n\t\t\t\t<div class=\"elementor-widget-container\">\n\t\t\t\t\t<div id=\"ez-toc-container\" class=\"ez-toc-v2_0_82_2 counter-hierarchy ez-toc-counter ez-toc-grey ez-toc-container-direction\">\n<div class=\"ez-toc-title-container\">\n<p class=\"ez-toc-title\" style=\"cursor:inherit\">Contenido<\/p>\n<span class=\"ez-toc-title-toggle\"><a href=\"#\" class=\"ez-toc-pull-right ez-toc-btn ez-toc-btn-xs ez-toc-btn-default ez-toc-toggle\" aria-label=\"Alternar tabla de contenidos\"><span class=\"ez-toc-js-icon-con\"><span class=\"\"><span class=\"eztoc-hide\" style=\"display:none;\">Palanca<\/span><span class=\"ez-toc-icon-toggle-span\"><svg style=\"fill: #999;color:#999\" xmlns=\"http:\/\/www.w3.org\/2000\/svg\" class=\"list-377408\" width=\"20px\" height=\"20px\" viewbox=\"0 0 24 24\" fill=\"none\"><path d=\"M6 6H4v2h2V6zm14 0H8v2h12V6zM4 11h2v2H4v-2zm16 0H8v2h12v-2zM4 16h2v2H4v-2zm16 0H8v2h12v-2z\" fill=\"currentColor\"><\/path><\/svg><svg style=\"fill: #999;color:#999\" class=\"arrow-unsorted-368013\" xmlns=\"http:\/\/www.w3.org\/2000\/svg\" width=\"10px\" height=\"10px\" viewbox=\"0 0 24 24\" version=\"1.2\" baseprofile=\"tiny\"><path d=\"M18.2 9.3l-6.2-6.3-6.2 6.3c-.2.2-.3.4-.3.7s.1.5.3.7c.2.2.4.3.7.3h11c.3 0 .5-.1.7-.3.2-.2.3-.5.3-.7s-.1-.5-.3-.7zM5.8 14.7l6.2 6.3 6.2-6.3c.2-.2.3-.5.3-.7s-.1-.5-.3-.7c-.2-.2-.4-.3-.7-.3h-11c-.3 0-.5.1-.7.3-.2.2-.3.5-.3.7s.1.5.3.7z\"\/><\/svg><\/span><\/span><\/span><\/a><\/span><\/div>\n<nav><ul class='ez-toc-list ez-toc-list-level-1' ><li class='ez-toc-page-1 ez-toc-heading-level-2'><a class=\"ez-toc-link ez-toc-heading-1\" href=\"https:\/\/mythslegendes.com\/es\/mitologia-bretona\/la-campana-maravillosa-98\/#Le-Grelot-Merveilleux\" >la campana maravillosa<\/a><\/li><\/ul><\/nav><\/div>\n<h2 class=\"elementor-heading-title elementor-size-default\"><span class=\"ez-toc-section\" id=\"Le-Grelot-Merveilleux\"><\/span>la campana maravillosa<span class=\"ez-toc-section-end\"><\/span><\/h2>\t\t\t\t<\/div>\n\t\t\t\t<\/div>\n\t\t\t\t\t<\/div>\n\t\t<\/div>\n\t\t\t\t\t<\/div>\n\t\t<\/section>\n\t\t\t\t<section class=\"elementor-section elementor-top-section elementor-element elementor-element-9947be6 elementor-section-boxed elementor-section-height-default elementor-section-height-default\" data-id=\"9947be6\" data-element_type=\"section\" data-e-type=\"section\">\n\t\t\t\t\t\t<div class=\"elementor-container elementor-column-gap-default\">\n\t\t\t\t\t<div class=\"elementor-column elementor-col-100 elementor-top-column elementor-element elementor-element-ae7177b\" data-id=\"ae7177b\" data-element_type=\"column\" data-e-type=\"column\">\n\t\t\t<div class=\"elementor-widget-wrap elementor-element-populated\">\n\t\t\t\t\t\t<div class=\"elementor-element elementor-element-458ad74 elementor-widget elementor-widget-text-editor\" data-id=\"458ad74\" data-element_type=\"widget\" data-e-type=\"widget\" data-widget_type=\"text-editor.default\">\n\t\t\t\t<div class=\"elementor-widget-container\">\n\t\t\t\t\t\t\t\t\t<p>Trist\u00e1n se refugi\u00f3 en Gales, en la tierra del noble duque Gilain. El duque era joven, poderoso, elegante; lo recibi\u00f3 como invitado de bienvenida. Para honrarla y alegrarla, no escatim\u00f3 dolores; pero ni las aventuras ni las fiestas pudieron calmar la angustia de Trist\u00e1n.<\/p><p>Un d\u00eda cuando estaba sentado al lado del joven duque, su coraz\u00f3n estaba tan dolido que suspir\u00f3 sin siquiera darse cuenta. El duque, para aliviar su dolor, orden\u00f3 que le llevaran su juego favorito a su habitaci\u00f3n privada, la cual, por hechizo, al <span id=\"202\" class=\"pagenum ws-pagenum\" title=\"P\u00e1gina:Le Roman de Tristan et Iseut, renovado por J. B\u00e9dier.djvu\/212\"><\/span>triste, hechizado sus ojos y su coraz\u00f3n. Sobre una mesa cubierta de un noble y rico color p\u00farpura, colocaron a su perro Petit-Cr\u00fb. Era un perro encantado: lleg\u00f3 al duque de l&#039;\u00eele d&#039;Avallon; un hada se lo hab\u00eda enviado como regalo de amor.<\/p><p>Nadie puede describir con palabras suficientes su naturaleza y su belleza. Su cabello estaba te\u00f1ido con sombras tan maravillosamente arregladas que uno no podr\u00eda nombrar su color; su cuello parec\u00eda al principio m\u00e1s blanco que la nieve, su grupa m\u00e1s verde que una hoja de tr\u00e9bol, uno de sus lados rojo como escarlata, el otro amarillo como azafr\u00e1n, su vientre azul como lapisl\u00e1zuli, su dorso rosado; pero cuando lo mirabas por m\u00e1s tiempo, todos estos colores bailaban en tus ojos y cambiaban, alternativamente blanco y verde, amarillo, azul, p\u00farpura, oscuro o fresco. <\/p><p>Llevaba alrededor del cuello, suspendida de una cadena de oro, una campanilla cuyo tintineo era tan alegre, tan claro, tan dulce, que al o\u00edrlo el coraz\u00f3n de Trist\u00e1n se abland\u00f3, se apacigu\u00f3 y se alivi\u00f3 su dolor. <span id=\"203\" class=\"pagenum ws-pagenum\" title=\"P\u00e1gina:Le Roman de Tristan et Iseut, renovado por J. B\u00e9dier.djvu\/213\"><\/span>derretido, no recordaba m\u00e1s de tantas miserias soportadas por la reina; porque tal era la maravillosa virtud de la campana: el coraz\u00f3n, al o\u00edrla sonar tan dulce, tan alegre, tan clara, se olvidaba de todo dolor. <\/p><p>Y mientras Trist\u00e1n, movido por el hechizo, acariciaba a la peque\u00f1a bestia encantada que le quitaba todo el dolor y cuyo vestido, al tacto de su mano, parec\u00eda m\u00e1s suave que el samit, pens\u00f3 que ser\u00eda un hermoso regalo para Isolda. Pero qu\u00e9 hacer ? El duque Gilain amaba el Petit-Cr\u00fb por encima de todo, y nadie podr\u00eda haberlo obtenido de \u00e9l, ni por enga\u00f1o ni por oraci\u00f3n.<\/p><p>Un d\u00eda, Trist\u00e1n le dijo al duque:<\/p><p>\u201cSe\u00f1or, \u00bfqu\u00e9 dar\u00edais a cualquiera que libere vuestra tierra del gigante Urgan el Peludo, que os exige un fuerte tributo?<\/p><p>\u2014 En verdad, dar\u00eda a su conquistador que escogiera, entre mis riquezas, la que tuviera por m\u00e1s preciosa; pero nadie se atrever\u00e1 a atacar al gigante.<\/p><p>&quot;Esas son palabras maravillosas&quot;, continu\u00f3. <span id=\"204\" class=\"pagenum ws-pagenum\" title=\"P\u00e1gina:Le Roman de Tristan et Iseut, renovado por J. B\u00e9dier.djvu\/214\"><\/span>Trist\u00e1n. Pero el bien nunca llega a un pa\u00eds sino a trav\u00e9s de las aventuras, y por todo el oro de Mil\u00e1n no renunciar\u00eda a mi deseo de luchar contra el gigante.<\/p><p>&quot;Entonces&quot;, dijo el duque Gilain, &quot;\u00a1que el Dios nacido de una Virgen te acompa\u00f1e y te defienda de la muerte!&quot; \u00bb<\/p><p>Trist\u00e1n alcanz\u00f3 a Urgan el Peludo en su guarida. Durante mucho tiempo lucharon furiosamente. Por fin, la destreza triunf\u00f3 sobre la fuerza, la \u00e1gil espada sobre el pesado garrote, y Trist\u00e1n, despu\u00e9s de cercenar el pu\u00f1o derecho del gigante, se lo devolvi\u00f3 al duque:<\/p><p>\u201cSe\u00f1or, como recompensa, como prometiste, \u00a1dame Petit-Cr\u00fb, tu perro encantado!<\/p><p>&quot;Amigo, \u00bfqu\u00e9 pediste?&quot; D\u00e9jamelo a m\u00ed y ll\u00e9vate a mi hermana y la mitad de mi tierra.<\/p><p>\u201cSe\u00f1or, vuestra hermana es hermosa, y hermosa es vuestra tierra; pero fue para ganarme a tu perro hada que ataqu\u00e9 a Urgan el Peludo. \u00a1Recuerda tu promesa!<\/p><p>\u201cT\u00f3malo, entonces; pero se que tu <span id=\"205\" class=\"pagenum ws-pagenum\" title=\"P\u00e1gina:Le Roman de Tristan et Iseut, renovado por J. B\u00e9dier.djvu\/215\"><\/span>han quitado la alegr\u00eda de mis ojos y la alegr\u00eda de mi coraz\u00f3n! \u00bb<\/p><p>Trist\u00e1n confi\u00f3 el perro a un malabarista de Gales, sabio y astuto, quien lo llev\u00f3 en su nombre en <a href=\"https:\/\/mythslegendes.com\/es\/mitologia-de-cornualles\/\">Cornualles<\/a>. Lleg\u00f3 a Tintagel y se lo entreg\u00f3 en secreto a Brangien. La reina se alegr\u00f3 mucho, le dio al malabarista diez marcos de oro como recompensa y le dijo al rey que la reina de Irlanda, su madre, le hab\u00eda enviado este precioso regalo. Hizo que un orfebre creara un nicho para el perro, preciosamente incrustado con oro y piedras preciosas, y dondequiera que iba lo llevaba consigo, en memoria de su amiga. Y cada vez que lo miraba, la tristeza, la angustia, los remordimientos se desvanec\u00edan de su coraz\u00f3n.<\/p><p>Al principio no comprendi\u00f3 la maravilla: si encontraba tanta dulzura en contemplarla, era, pens\u00f3, porque le ven\u00eda de Trist\u00e1n; fue, sin duda, el pensamiento de su amigo lo que calm\u00f3 su dolor. Pero un d\u00eda supo que era un hechizo, y solo el sonido de la campana cautiv\u00f3 su coraz\u00f3n. <span id=\"206\" class=\"pagenum ws-pagenum\" title=\"P\u00e1gina:Le Roman de Tristan et Iseut, renovado por J. B\u00e9dier.djvu\/216\"><\/span><\/p><p>&quot;\u00a1Oh! pens\u00f3, \u00bfdeber\u00eda conocer el consuelo, mientras que Trist\u00e1n es infeliz? Podr\u00eda haberse quedado con este perro encantado y as\u00ed olvidar todo dolor; por mucha cortes\u00eda prefiri\u00f3 envi\u00e1rmelo, darme su alegr\u00eda y retomar su miseria. Pero no deber\u00eda ser as\u00ed; Trist\u00e1n, quiero sufrir tanto como t\u00fa sufras. \u00bb<\/p><p>Tom\u00f3 la campana m\u00e1gica, la hizo sonar por \u00faltima vez, la desat\u00f3 suavemente; luego, por la ventana abierta, lo arroj\u00f3 al mar.<\/p>\t\t\t\t\t\t\t\t<\/div>\n\t\t\t\t<\/div>\n\t\t\t\t\t<\/div>\n\t\t<\/div>\n\t\t\t\t\t<\/div>\n\t\t<\/section>\n\t\t\t\t<\/div>","protected":false},"excerpt":{"rendered":"<p>Mythologie Bretonne Wiki Voici la traduction du Roman de Tristan et Iseult de 1900 par Joseph B\u00e9dier. Voici la quatorzi\u00e8me &hellip; <\/p>","protected":false},"author":1,"featured_media":0,"parent":96,"menu_order":0,"comment_status":"closed","ping_status":"closed","template":"","meta":{"footnotes":""},"class_list":["post-14264","page","type-page","status-publish","hentry"],"amp_enabled":true,"_links":{"self":[{"href":"https:\/\/mythslegendes.com\/es\/wp-json\/wp\/v2\/pages\/14264","targetHints":{"allow":["GET"]}}],"collection":[{"href":"https:\/\/mythslegendes.com\/es\/wp-json\/wp\/v2\/pages"}],"about":[{"href":"https:\/\/mythslegendes.com\/es\/wp-json\/wp\/v2\/types\/page"}],"author":[{"embeddable":true,"href":"https:\/\/mythslegendes.com\/es\/wp-json\/wp\/v2\/users\/1"}],"replies":[{"embeddable":true,"href":"https:\/\/mythslegendes.com\/es\/wp-json\/wp\/v2\/comments?post=14264"}],"version-history":[{"count":1,"href":"https:\/\/mythslegendes.com\/es\/wp-json\/wp\/v2\/pages\/14264\/revisions"}],"predecessor-version":[{"id":25208,"href":"https:\/\/mythslegendes.com\/es\/wp-json\/wp\/v2\/pages\/14264\/revisions\/25208"}],"up":[{"embeddable":true,"href":"https:\/\/mythslegendes.com\/es\/wp-json\/wp\/v2\/pages\/96"}],"wp:attachment":[{"href":"https:\/\/mythslegendes.com\/es\/wp-json\/wp\/v2\/media?parent=14264"}],"curies":[{"name":"wp","href":"https:\/\/api.w.org\/{rel}","templated":true}]}}