{"id":1436,"date":"2020-06-24T11:11:03","date_gmt":"2020-06-24T10:11:03","guid":{"rendered":"https:\/\/mythslegendes.com\/?page_id=1436"},"modified":"2022-12-03T22:07:06","modified_gmt":"2022-12-03T22:07:06","slug":"histoire-des-etrusques","status":"publish","type":"page","link":"https:\/\/mythslegendes.com\/es\/mitologia-etrusca\/historia-de-los-etruscos\/","title":{"rendered":"Historia de los etruscos"},"content":{"rendered":"<div data-elementor-type=\"wp-page\" data-elementor-id=\"1436\" class=\"elementor elementor-1436\">\n\t\t\t\t\t\t<section class=\"elementor-section elementor-top-section elementor-element elementor-element-0d13833 elementor-section-boxed elementor-section-height-default elementor-section-height-default\" data-id=\"0d13833\" data-element_type=\"section\" data-e-type=\"section\">\n\t\t\t\t\t\t<div class=\"elementor-container elementor-column-gap-default\">\n\t\t\t\t\t<div class=\"elementor-column elementor-col-50 elementor-top-column elementor-element elementor-element-20828fb\" data-id=\"20828fb\" data-element_type=\"column\" data-e-type=\"column\">\n\t\t\t<div class=\"elementor-widget-wrap elementor-element-populated\">\n\t\t\t\t\t\t<div class=\"elementor-element elementor-element-c2fce9c elementor-align-justify elementor-widget elementor-widget-button\" data-id=\"c2fce9c\" data-element_type=\"widget\" data-e-type=\"widget\" data-widget_type=\"button.default\">\n\t\t\t\t<div class=\"elementor-widget-container\">\n\t\t\t\t\t\t\t\t\t<div class=\"elementor-button-wrapper\">\n\t\t\t\t\t<a class=\"elementor-button elementor-button-link elementor-size-sm\" href=\"https:\/\/mythslegendes.com\/es\/mitologia-etrusca\/\">\n\t\t\t\t\t\t<span class=\"elementor-button-content-wrapper\">\n\t\t\t\t\t\t\t\t\t<span class=\"elementor-button-text\">Mitolog\u00eda etrusca<\/span>\n\t\t\t\t\t<\/span>\n\t\t\t\t\t<\/a>\n\t\t\t\t<\/div>\n\t\t\t\t\t\t\t\t<\/div>\n\t\t\t\t<\/div>\n\t\t\t\t\t<\/div>\n\t\t<\/div>\n\t\t\t\t<div class=\"elementor-column elementor-col-50 elementor-top-column elementor-element elementor-element-8c0587a\" data-id=\"8c0587a\" data-element_type=\"column\" data-e-type=\"column\">\n\t\t\t<div class=\"elementor-widget-wrap elementor-element-populated\">\n\t\t\t\t\t\t<div class=\"elementor-element elementor-element-c09e27d elementor-align-justify elementor-widget elementor-widget-button\" data-id=\"c09e27d\" data-element_type=\"widget\" data-e-type=\"widget\" data-widget_type=\"button.default\">\n\t\t\t\t<div class=\"elementor-widget-container\">\n\t\t\t\t\t\t\t\t\t<div class=\"elementor-button-wrapper\">\n\t\t\t\t\t<a class=\"elementor-button elementor-button-link elementor-size-sm\" href=\"https:\/\/fr.wikipedia.org\/wiki\/Religion_%C3%A9trusque\" target=\"_blank\" rel=\"noopener\">\n\t\t\t\t\t\t<span class=\"elementor-button-content-wrapper\">\n\t\t\t\t\t\t\t\t\t<span class=\"elementor-button-text\">Wiki<\/span>\n\t\t\t\t\t<\/span>\n\t\t\t\t\t<\/a>\n\t\t\t\t<\/div>\n\t\t\t\t\t\t\t\t<\/div>\n\t\t\t\t<\/div>\n\t\t\t\t\t<\/div>\n\t\t<\/div>\n\t\t\t\t\t<\/div>\n\t\t<\/section>\n\t\t\t\t<section class=\"elementor-section elementor-top-section elementor-element elementor-element-7f605409 elementor-section-boxed elementor-section-height-default elementor-section-height-default\" data-id=\"7f605409\" data-element_type=\"section\" data-e-type=\"section\">\n\t\t\t\t\t\t<div class=\"elementor-container elementor-column-gap-default\">\n\t\t\t\t\t<div class=\"elementor-column elementor-col-100 elementor-top-column elementor-element elementor-element-fff6104\" data-id=\"fff6104\" data-element_type=\"column\" data-e-type=\"column\">\n\t\t\t<div class=\"elementor-widget-wrap elementor-element-populated\">\n\t\t\t\t\t\t<div class=\"elementor-element elementor-element-288bfc6e elementor-widget elementor-widget-text-editor\" data-id=\"288bfc6e\" data-element_type=\"widget\" data-e-type=\"widget\" data-widget_type=\"text-editor.default\">\n\t\t\t\t<div class=\"elementor-widget-container\">\n\t\t\t\t\t\t\t\t\t<p><\/p>\n<p>Aqu\u00ed est\u00e1 la historia de <a href=\"https:\/\/mythslegendes.com\/es\/mitologia-etrusca\/\">etruscos<\/a>. Los etruscos (lat\u00edn: Tuscii) son un pueblo que vivi\u00f3 en Etruria, un territorio que corresponde aproximadamente a la actual Toscana y el norte de Lazio, el centro de la pen\u00ednsula italiana, antes del per\u00edodo de la realeza romana. Sus vecinos griegos los llamaban Thyrrhenoi, es decir, tirrenos, pero se llamaban a s\u00ed mismos Rasna. Su alfabeto original <a href=\"https:\/\/mythslegendes.com\/es\/mythes-et-legendes-grecques-1664\/\">Griego<\/a>, ligeramente modificado, dio lugar al alfabeto latino que est\u00e1s leyendo.<\/p>\n<p><img decoding=\"async\" class=\"alignnone wp-image-5284 size-full\" src=\"https:\/\/mythslegendes.com\/wp-content\/uploads\/2020\/09\/AlphaOmega-e1602613368367.png\" alt=\"Historia de los etruscos\" width=\"25\" height=\"26\" title=\"\"><\/p>\n<p><\/p>\n<div id=\"ez-toc-container\" class=\"ez-toc-v2_0_82_2 counter-hierarchy ez-toc-counter ez-toc-grey ez-toc-container-direction\">\n<div class=\"ez-toc-title-container\">\n<p class=\"ez-toc-title\" style=\"cursor:inherit\">Contenido<\/p>\n<span class=\"ez-toc-title-toggle\"><a href=\"#\" class=\"ez-toc-pull-right ez-toc-btn ez-toc-btn-xs ez-toc-btn-default ez-toc-toggle\" aria-label=\"Alternar tabla de contenidos\"><span class=\"ez-toc-js-icon-con\"><span class=\"\"><span class=\"eztoc-hide\" style=\"display:none;\">Palanca<\/span><span class=\"ez-toc-icon-toggle-span\"><svg style=\"fill: #999;color:#999\" xmlns=\"http:\/\/www.w3.org\/2000\/svg\" class=\"list-377408\" width=\"20px\" height=\"20px\" viewbox=\"0 0 24 24\" fill=\"none\"><path d=\"M6 6H4v2h2V6zm14 0H8v2h12V6zM4 11h2v2H4v-2zm16 0H8v2h12v-2zM4 16h2v2H4v-2zm16 0H8v2h12v-2z\" fill=\"currentColor\"><\/path><\/svg><svg style=\"fill: #999;color:#999\" class=\"arrow-unsorted-368013\" xmlns=\"http:\/\/www.w3.org\/2000\/svg\" width=\"10px\" height=\"10px\" viewbox=\"0 0 24 24\" version=\"1.2\" baseprofile=\"tiny\"><path d=\"M18.2 9.3l-6.2-6.3-6.2 6.3c-.2.2-.3.4-.3.7s.1.5.3.7c.2.2.4.3.7.3h11c.3 0 .5-.1.7-.3.2-.2.3-.5.3-.7s-.1-.5-.3-.7zM5.8 14.7l6.2 6.3 6.2-6.3c.2-.2.3-.5.3-.7s-.1-.5-.3-.7c-.2-.2-.4-.3-.7-.3h-11c-.3 0-.5.1-.7.3-.2.2-.3.5-.3.7s.1.5.3.7z\"\/><\/svg><\/span><\/span><\/span><\/a><\/span><\/div>\n<nav><ul class='ez-toc-list ez-toc-list-level-1' ><li class='ez-toc-page-1 ez-toc-heading-level-3'><a class=\"ez-toc-link ez-toc-heading-1\" href=\"https:\/\/mythslegendes.com\/es\/mitologia-etrusca\/historia-de-los-etruscos\/#Histoire-des-etrusques-les-Origines\" >Historia de los etruscos: los or\u00edgenes<\/a><\/li><li class='ez-toc-page-1 ez-toc-heading-level-3'><a class=\"ez-toc-link ez-toc-heading-2\" href=\"https:\/\/mythslegendes.com\/es\/mitologia-etrusca\/historia-de-los-etruscos\/#Langue\" >Lengua<\/a><\/li><li class='ez-toc-page-1 ez-toc-heading-level-3'><a class=\"ez-toc-link ez-toc-heading-3\" href=\"https:\/\/mythslegendes.com\/es\/mitologia-etrusca\/historia-de-los-etruscos\/#Religion\" >Religi\u00f3n<\/a><\/li><li class='ez-toc-page-1 ez-toc-heading-level-3'><a class=\"ez-toc-link ez-toc-heading-4\" href=\"https:\/\/mythslegendes.com\/es\/mitologia-etrusca\/historia-de-los-etruscos\/#Art\" >Arte<\/a><\/li><li class='ez-toc-page-1 ez-toc-heading-level-3'><a class=\"ez-toc-link ez-toc-heading-5\" href=\"https:\/\/mythslegendes.com\/es\/mitologia-etrusca\/historia-de-los-etruscos\/#Expansion-et-declin\" >Expansi\u00f3n y decadencia<\/a><\/li><li class='ez-toc-page-1 ez-toc-heading-level-3'><a class=\"ez-toc-link ez-toc-heading-6\" href=\"https:\/\/mythslegendes.com\/es\/mitologia-etrusca\/historia-de-los-etruscos\/#Heritage\" >Legado<\/a><\/li><\/ul><\/nav><\/div>\n<h3 class=\"wp-block-heading\"><span class=\"ez-toc-section\" id=\"Histoire-des-etrusques-les-Origines\"><\/span>Historia de los etruscos: los or\u00edgenes<span class=\"ez-toc-section-end\"><\/span><\/h3>\n<p><\/p>\n<p>Seg\u00fan la tradici\u00f3n, nada es seguro en cuanto a su origen y procedencia. Tradici\u00f3n, representada por primera vez por Herodoto, habr\u00edan emigrado, seg\u00fan \u00e9l, de <a href=\"https:\/\/mythslegendes.com\/es\/mitologia-lidia\/\">lidia<\/a> en <a href=\"https:\/\/mythslegendes.com\/es\/mythes-et-legendes-anatoliens-1666\/\">Asia Menor<\/a>, en Toscana, desde <a href=\"https:\/\/mythslegendes.com\/es\/mitologia-troyana\/\">Troya<\/a> devastado como la Eneida lo tendr\u00eda; seg\u00fan otra tradici\u00f3n, apoyada por Tito Livio, por el contrario habr\u00edan venido del norte; seg\u00fan una tercera tradici\u00f3n, sustentada por Dionisio de Halicarnaso, ser\u00edan aut\u00f3ctonas. Los historiadores a veces se han decantado por una y otras veces por la otra.<\/p>\n<p>Probablemente haya algo de verdad en cada uno, en que probablemente hubo una migraci\u00f3n de Asia Menor a la Toscana, en grupos aislados que portaban una civilizaci\u00f3n evolucionada, a ra\u00edz de disturbios ocurridos en su zona de origen, como cuenta la tradici\u00f3n, de una hambruna tras una guerra. , sino tambi\u00e9n porque les atrajo la riqueza mineral de lo que ser\u00eda Etruria.<\/p>\n<p>Esto explicar\u00eda el repentino nacimiento de la civilizaci\u00f3n etrusca entre los siglos VIII y VII a.C. J.-C. (el llamado per\u00edodo &quot;orientalizante&quot;), y las muchas afinidades que notamos en los usos y costumbres, la lengua, el arte y la religi\u00f3n de los etruscos con el mundo egeo-anatoliano, mientras que los usos en las relaciones con el mundo femenino eran muy diferentes: sabemos que efectivamente las mujeres asist\u00edan a los banquetes con los hombres entre los etruscos, lo que no suced\u00eda ni entre los griegos sus contempor\u00e1neos, ni m\u00e1s tarde entre los romanos.<\/p>\n<p><\/p>\n<p>Algunos quer\u00edan ver en esta particular condici\u00f3n femenina, que no exist\u00eda en el mundo grecorromano, una emancipaci\u00f3n anterior a la letra, pero hoy coincidimos en que se trata mucho m\u00e1s de una supervivencia del prematriarcado existente en el Neol\u00edtico. culturas de Anatolia, el patriarcado form\u00e1ndose durante este mismo per\u00edodo para cristalizar en la civilizaci\u00f3n del <a href=\"https:\/\/mythslegendes.com\/es\/mythes-et-legendes-grecques-1664\/\">Grecia<\/a> antiguo. Esta costumbre etrusca era en efecto muy mal vista por los griegos, vecinos directos de los etruscos en el sur de Italia pertenecientes a la Magna Graecia y era uno de los motivos de la rivalidad de los dos pueblos, adem\u00e1s de la competencia comercial.<\/p>\n<p><\/p>\n<p>En Toscana, estos grupos, sin duda una minor\u00eda, se agregaron a los elementos de Villanova (ver cultura de Villanova) que, ya familiarizados con el uso del hierro, hab\u00edan venido previamente del norte o, de la otra orilla del Adri\u00e1tico, de las llanuras del Danubio. ; en los albores del primer milenio, \u00e9stos ya estaban asentados en la pen\u00ednsula it\u00e1lica. All\u00ed se hab\u00edan mezclado previamente con los verdaderos aut\u00f3ctonos, habitantes establecidos en la regi\u00f3n desde el Neol\u00edtico y probablemente desde el Paleol\u00edtico, poblaci\u00f3n mediterr\u00e1nea contempor\u00e1nea de la llamada poblaci\u00f3n nur\u00e1gica (de nuraghe), establecida en <a href=\"https:\/\/mythslegendes.com\/es\/mitologia-sarda\/\">Cerde\u00f1a<\/a>.<\/p>\n<p>En definitiva, los etruscos ser\u00edan el resultado de la fusi\u00f3n de tres componentes \u00e9tnicos: el oriental, el <a href=\"https:\/\/mythslegendes.com\/es\/mythes-et-legendes-fenniques-1697\/\">n\u00f3rdico<\/a> y el nativo, formando as\u00ed un nuevo pueblo que nunca lleg\u00f3 a lograr realmente una unidad pol\u00edtica compacta.<\/p>\n<p><\/p>\n<h3 class=\"wp-block-heading\"><span class=\"ez-toc-section\" id=\"Langue\"><\/span>Lengua<span class=\"ez-toc-section-end\"><\/span><\/h3>\n<p><\/p>\n<p>La lengua etrusca utiliza un alfabeto derivado del alfabeto griego que inspir\u00f3 el alfabeto latino. Probablemente no es de origen indoeuropeo y no lo conocemos por completo (solo unas 700 palabras).<br \/>Ver art\u00edculos Lengua etrusca y Alfabeto etrusco.<\/p>\n<p><\/p>\n<h3 class=\"wp-block-heading\"><span class=\"ez-toc-section\" id=\"Religion\"><\/span>Religi\u00f3n<span class=\"ez-toc-section-end\"><\/span><\/h3>\n<p><\/p>\n<p>Nada que no fuera religioso en la vida cotidiana de este pueblo antiguo. Tambi\u00e9n exist\u00eda una orden de adivinos &quot;la Orden de los ar\u00faspices&quot;, encargada de interpretar auspicios, prodigios y otros fen\u00f3menos meteorol\u00f3gicos como los rayos, de los que extra\u00edan presagios. De estas interpretaciones, auspiciosas o nocivas, depend\u00eda la consagraci\u00f3n de los edificios, religiosos o no, de los templos, pero tambi\u00e9n la fundaci\u00f3n de las ciudades. Todas estas actividades se desarrollaban seg\u00fan ritos muy precisos, registrados en los diversos tratados de los <a href=\"https:\/\/mythslegendes.com\/es\/mitologia-etrusca\/\">disciplina etrusca<\/a>, la ciencia etrusca por excelencia.<\/p>\n<p><\/p>\n<h3 class=\"wp-block-heading\"><span class=\"ez-toc-section\" id=\"Art\"><\/span>Arte<span class=\"ez-toc-section-end\"><\/span><\/h3>\n<p><\/p>\n<p>El arte producido por esta civilizaci\u00f3n es de gran riqueza. Los etruscos eran muy h\u00e1biles artesanos y ten\u00edan grandes artistas, pintores de frescos en las tumbas, como las de Tarquinia por ejemplo, en jarrones, escultores que produjeron verdaderas obras maestras tanto en bronce como en terracota. Tambi\u00e9n eran excelentes joyeros, h\u00e1biles metal\u00fargicos. Sus obras se pueden ver en los principales museos italianos, como los de Florencia, el Vaticano o Volterra.<\/p>\n<p><\/p>\n<h3 class=\"wp-block-heading\"><span class=\"ez-toc-section\" id=\"Expansion-et-declin\"><\/span>Expansi\u00f3n y decadencia<span class=\"ez-toc-section-end\"><\/span><\/h3>\n<p><\/p>\n<p>La m\u00e1xima prosperidad y expansi\u00f3n de la civilizaci\u00f3n etrusca se alcanz\u00f3 a mediados del siglo VI. En 535, los etruscos, aliados con los cartagineses (algunos historiadores usan la expresi\u00f3n &quot;Confederaci\u00f3n etrusco-cartaginesa&quot; en este sentido), ganaron la batalla naval de Alalia (Aleria) frente a C\u00f3rcega, contra los foceanos de Massalia, la colonia griega de la antigua Marsella, en la lucha entre ellos por el control del Mediterr\u00e1neo occidental.<\/p>\n<p>El paro de la expansi\u00f3n etrusca comienza a finales del mismo siglo, luego viene el declive durante el siglo V. Roma fue la primera en liberarse de la dominaci\u00f3n etrusca al expulsar a los Tarquinos alrededor del 509; luego los latinos en su conjunto se liberaron de \u00e9l con la ayuda de Arist\u00f3demo de Cumas en la batalla de Aricia en 506. Las cabezas de puente etruscas quedaron as\u00ed aisladas en Campania, debilit\u00e1ndose tras la derrota naval de Cumas en 474, y se perdieron definitivamente en 423. durante la conquista de Capua por los samnitas. Al norte, la invasi\u00f3n gala destruy\u00f3 las ciudades etruscas de la llanura del Po a principios del siglo V.<\/p>\n<p>En 396, Roma conquist\u00f3 Veyes, extendiendo as\u00ed su influencia sobre todo el sur de Etruria. Durante m\u00e1s de dos siglos, por iniciativa a veces de una ya veces de otra de sus ciudades, los etruscos lucharon contra la expansi\u00f3n romana. Pero en 295, aunque unida a la poblaci\u00f3n de Umbr\u00eda, la <a href=\"https:\/\/mythslegendes.com\/es\/mitologia-gala\/\">g\u00e1lico<\/a> Cisalpinos y samnitas, fueron derrotados en la batalla de Sentinum: en pocas d\u00e9cadas fueron completamente subyugados a Roma e incluidos, por tratados espec\u00edficos, entre los &quot;aliados&quot; de la pen\u00ednsula it\u00e1lica, hasta que se les concedi\u00f3 la ciudadan\u00eda romana durante el guerra social del 90-88.<\/p>\n<p><\/p>\n<h3 class=\"wp-block-heading\"><span class=\"ez-toc-section\" id=\"Heritage\"><\/span>Legado<span class=\"ez-toc-section-end\"><\/span><\/h3>\n<p><\/p>\n<p>A pesar de la p\u00e9rdida de su autonom\u00eda pol\u00edtica, los etruscos continuaron ejerciendo una gran influencia cultural, religiosa y art\u00edstica en Italia a partir de entonces. Roma, que bajo Augusto hab\u00eda hecho de Etruria la s\u00e9ptima regi\u00f3n de Italia, estuvo fuertemente influida por su influencia, que persisti\u00f3 en las instituciones, las formas de vida, el idioma, los gustos, el amor al lujo, el esplendor y los banquetes, el baile y la m\u00fasica. .<\/p>\n<p>Gustos etruscos atestiguados por las pinturas de sus tumbas, aunque estas \u00faltimas nos hablan sobre todo de los gustos de las clases acomodadas, es decir de los gustos de una minor\u00eda de la poblaci\u00f3n. El propio emperador Claudio era un especialista en la cultura etrusca. El esp\u00edritu creativo del pueblo etrusco (artesan\u00eda especializada y t\u00e9cnicas profundas) resurgi\u00f3 muchos siglos despu\u00e9s en la Toscana durante el Renacimiento.<\/p>\n<p><\/p>\t\t\t\t\t\t\t\t<\/div>\n\t\t\t\t<\/div>\n\t\t\t\t\t<\/div>\n\t\t<\/div>\n\t\t\t\t\t<\/div>\n\t\t<\/section>\n\t\t\t\t<\/div>","protected":false},"excerpt":{"rendered":"<p>Wiki de mitolog\u00eda etrusca Esta es la historia de los etruscos. Los etruscos (lat\u00edn: Tuscii) son un pueblo que vivi\u00f3 en Etruria, territorio correspondiente a... <\/p>","protected":false},"author":1,"featured_media":0,"parent":1366,"menu_order":0,"comment_status":"closed","ping_status":"closed","template":"","meta":{"footnotes":""},"class_list":["post-1436","page","type-page","status-publish","hentry"],"amp_enabled":true,"_links":{"self":[{"href":"https:\/\/mythslegendes.com\/es\/wp-json\/wp\/v2\/pages\/1436","targetHints":{"allow":["GET"]}}],"collection":[{"href":"https:\/\/mythslegendes.com\/es\/wp-json\/wp\/v2\/pages"}],"about":[{"href":"https:\/\/mythslegendes.com\/es\/wp-json\/wp\/v2\/types\/page"}],"author":[{"embeddable":true,"href":"https:\/\/mythslegendes.com\/es\/wp-json\/wp\/v2\/users\/1"}],"replies":[{"embeddable":true,"href":"https:\/\/mythslegendes.com\/es\/wp-json\/wp\/v2\/comments?post=1436"}],"version-history":[{"count":1,"href":"https:\/\/mythslegendes.com\/es\/wp-json\/wp\/v2\/pages\/1436\/revisions"}],"predecessor-version":[{"id":24735,"href":"https:\/\/mythslegendes.com\/es\/wp-json\/wp\/v2\/pages\/1436\/revisions\/24735"}],"up":[{"embeddable":true,"href":"https:\/\/mythslegendes.com\/es\/wp-json\/wp\/v2\/pages\/1366"}],"wp:attachment":[{"href":"https:\/\/mythslegendes.com\/es\/wp-json\/wp\/v2\/media?parent=1436"}],"curies":[{"name":"wp","href":"https:\/\/api.w.org\/{rel}","templated":true}]}}