{"id":1440,"date":"2020-06-24T11:23:59","date_gmt":"2020-06-24T10:23:59","guid":{"rendered":"https:\/\/mythslegendes.com\/?page_id=1440"},"modified":"2022-12-03T22:07:06","modified_gmt":"2022-12-03T22:07:06","slug":"les-livres-sacres-de-la-disciplina","status":"publish","type":"page","link":"https:\/\/mythslegendes.com\/es\/mitologia-etrusca\/los-libros-sagrados-de-disciplina\/","title":{"rendered":"Los libros sagrados de disciplina"},"content":{"rendered":"<div data-elementor-type=\"wp-page\" data-elementor-id=\"1440\" class=\"elementor elementor-1440\">\n\t\t\t\t\t\t<section class=\"elementor-section elementor-top-section elementor-element elementor-element-72d7cf9 elementor-section-boxed elementor-section-height-default elementor-section-height-default\" data-id=\"72d7cf9\" data-element_type=\"section\" data-e-type=\"section\">\n\t\t\t\t\t\t<div class=\"elementor-container elementor-column-gap-default\">\n\t\t\t\t\t<div class=\"elementor-column elementor-col-50 elementor-top-column elementor-element elementor-element-966c56d\" data-id=\"966c56d\" data-element_type=\"column\" data-e-type=\"column\">\n\t\t\t<div class=\"elementor-widget-wrap elementor-element-populated\">\n\t\t\t\t\t\t<div class=\"elementor-element elementor-element-290d00b elementor-align-justify elementor-widget elementor-widget-button\" data-id=\"290d00b\" data-element_type=\"widget\" data-e-type=\"widget\" data-widget_type=\"button.default\">\n\t\t\t\t<div class=\"elementor-widget-container\">\n\t\t\t\t\t\t\t\t\t<div class=\"elementor-button-wrapper\">\n\t\t\t\t\t<a class=\"elementor-button elementor-button-link elementor-size-sm\" href=\"https:\/\/mythslegendes.com\/es\/mitologia-etrusca\/\">\n\t\t\t\t\t\t<span class=\"elementor-button-content-wrapper\">\n\t\t\t\t\t\t\t\t\t<span class=\"elementor-button-text\">Mitolog\u00eda etrusca<\/span>\n\t\t\t\t\t<\/span>\n\t\t\t\t\t<\/a>\n\t\t\t\t<\/div>\n\t\t\t\t\t\t\t\t<\/div>\n\t\t\t\t<\/div>\n\t\t\t\t\t<\/div>\n\t\t<\/div>\n\t\t\t\t<div class=\"elementor-column elementor-col-50 elementor-top-column elementor-element elementor-element-512345b\" data-id=\"512345b\" data-element_type=\"column\" data-e-type=\"column\">\n\t\t\t<div class=\"elementor-widget-wrap elementor-element-populated\">\n\t\t\t\t\t\t<div class=\"elementor-element elementor-element-398c89b elementor-align-justify elementor-widget elementor-widget-button\" data-id=\"398c89b\" data-element_type=\"widget\" data-e-type=\"widget\" data-widget_type=\"button.default\">\n\t\t\t\t<div class=\"elementor-widget-container\">\n\t\t\t\t\t\t\t\t\t<div class=\"elementor-button-wrapper\">\n\t\t\t\t\t<a class=\"elementor-button elementor-button-link elementor-size-sm\" href=\"https:\/\/fr.wikipedia.org\/wiki\/Religion_%C3%A9trusque\" target=\"_blank\" rel=\"noopener\">\n\t\t\t\t\t\t<span class=\"elementor-button-content-wrapper\">\n\t\t\t\t\t\t\t\t\t<span class=\"elementor-button-text\">Wiki<\/span>\n\t\t\t\t\t<\/span>\n\t\t\t\t\t<\/a>\n\t\t\t\t<\/div>\n\t\t\t\t\t\t\t\t<\/div>\n\t\t\t\t<\/div>\n\t\t\t\t\t<\/div>\n\t\t<\/div>\n\t\t\t\t\t<\/div>\n\t\t<\/section>\n\t\t\t\t<section class=\"elementor-section elementor-top-section elementor-element elementor-element-4e005669 elementor-section-boxed elementor-section-height-default elementor-section-height-default\" data-id=\"4e005669\" data-element_type=\"section\" data-e-type=\"section\">\n\t\t\t\t\t\t<div class=\"elementor-container elementor-column-gap-default\">\n\t\t\t\t\t<div class=\"elementor-column elementor-col-100 elementor-top-column elementor-element elementor-element-41db1584\" data-id=\"41db1584\" data-element_type=\"column\" data-e-type=\"column\">\n\t\t\t<div class=\"elementor-widget-wrap elementor-element-populated\">\n\t\t\t\t\t\t<div class=\"elementor-element elementor-element-5997cc8e elementor-widget elementor-widget-text-editor\" data-id=\"5997cc8e\" data-element_type=\"widget\" data-e-type=\"widget\" data-widget_type=\"text-editor.default\">\n\t\t\t\t<div class=\"elementor-widget-container\">\n\t\t\t\t\t\t\t\t\t<p><\/p>\n<p>Los antiguos llamaban <a href=\"https:\/\/mythslegendes.com\/es\/bibliotecas-de-libros\/\">libros<\/a> sagrado de la disciplina, as\u00ed, el conjunto de varios libros, compuestos por diferentes tratados religiosos, de los cuales no hay ning\u00fan texto original en <a href=\"https:\/\/mythslegendes.com\/es\/mitologia-etrusca\/\">etrusco<\/a> no nos ha llegado. S\u00f3lo sabemos de ellos a trav\u00e9s de autores latinos, y s\u00f3lo sabemos lo que dijeron de ellos, lo que sin embargo nos permite estar seguros de que existieron.<\/p>\n<p><\/p>\n<p>Los dos primeros tratan del arte de la adivinaci\u00f3n, tanto a trav\u00e9s del examen de las v\u00edsceras de los animales sacrificados como de los rayos. El tercero se refer\u00eda a la regla de los cultos para la fundaci\u00f3n de ciudades y la consagraci\u00f3n de santuarios, el cuarto del mundo m\u00e1s all\u00e1 de la tumba y el \u00faltimo del destino y los l\u00edmites de la vida.<\/p>\n<p><img decoding=\"async\" class=\"alignnone wp-image-5284 size-full\" src=\"https:\/\/mythslegendes.com\/wp-content\/uploads\/2020\/09\/AlphaOmega-e1602613368367.png\" alt=\"libros sagrados de disciplina\" width=\"25\" height=\"26\" title=\"\"><\/p>\n<p><\/p>\n<div id=\"ez-toc-container\" class=\"ez-toc-v2_0_82_2 counter-hierarchy ez-toc-counter ez-toc-grey ez-toc-container-direction\">\n<div class=\"ez-toc-title-container\">\n<p class=\"ez-toc-title\" style=\"cursor:inherit\">Contenido<\/p>\n<span class=\"ez-toc-title-toggle\"><a href=\"#\" class=\"ez-toc-pull-right ez-toc-btn ez-toc-btn-xs ez-toc-btn-default ez-toc-toggle\" aria-label=\"Alternar tabla de contenidos\"><span class=\"ez-toc-js-icon-con\"><span class=\"\"><span class=\"eztoc-hide\" style=\"display:none;\">Palanca<\/span><span class=\"ez-toc-icon-toggle-span\"><svg style=\"fill: #999;color:#999\" xmlns=\"http:\/\/www.w3.org\/2000\/svg\" class=\"list-377408\" width=\"20px\" height=\"20px\" viewbox=\"0 0 24 24\" fill=\"none\"><path d=\"M6 6H4v2h2V6zm14 0H8v2h12V6zM4 11h2v2H4v-2zm16 0H8v2h12v-2zM4 16h2v2H4v-2zm16 0H8v2h12v-2z\" fill=\"currentColor\"><\/path><\/svg><svg style=\"fill: #999;color:#999\" class=\"arrow-unsorted-368013\" xmlns=\"http:\/\/www.w3.org\/2000\/svg\" width=\"10px\" height=\"10px\" viewbox=\"0 0 24 24\" version=\"1.2\" baseprofile=\"tiny\"><path d=\"M18.2 9.3l-6.2-6.3-6.2 6.3c-.2.2-.3.4-.3.7s.1.5.3.7c.2.2.4.3.7.3h11c.3 0 .5-.1.7-.3.2-.2.3-.5.3-.7s-.1-.5-.3-.7zM5.8 14.7l6.2 6.3 6.2-6.3c.2-.2.3-.5.3-.7s-.1-.5-.3-.7c-.2-.2-.4-.3-.7-.3h-11c-.3 0-.5.1-.7.3-.2.2-.3.5-.3.7s.1.5.3.7z\"\/><\/svg><\/span><\/span><\/span><\/a><\/span><\/div>\n<nav><ul class='ez-toc-list ez-toc-list-level-1' ><li class='ez-toc-page-1 ez-toc-heading-level-2'><a class=\"ez-toc-link ez-toc-heading-1\" href=\"https:\/\/mythslegendes.com\/es\/mitologia-etrusca\/los-libros-sagrados-de-disciplina\/#Disciplina-des-Foudres-Libri-fulgurales\" >Disciplina del Rayo; Fulgurales Libri<\/a><\/li><li class='ez-toc-page-1 ez-toc-heading-level-2'><a class=\"ez-toc-link ez-toc-heading-2\" href=\"https:\/\/mythslegendes.com\/es\/mitologia-etrusca\/los-libros-sagrados-de-disciplina\/#Disciplina-du-rite-Libri-rituales\" >Disciplina del rito; Libri rituales<\/a><\/li><li class='ez-toc-page-1 ez-toc-heading-level-2'><a class=\"ez-toc-link ez-toc-heading-3\" href=\"https:\/\/mythslegendes.com\/es\/mitologia-etrusca\/los-libros-sagrados-de-disciplina\/#DIsciplina-de-lAu-dela-Libri-Acheruntici\" >Disciplina del M\u00e1s All\u00e1; Libri Acheruntici<\/a><\/li><li class='ez-toc-page-1 ez-toc-heading-level-2'><a class=\"ez-toc-link ez-toc-heading-4\" href=\"https:\/\/mythslegendes.com\/es\/mitologia-etrusca\/los-libros-sagrados-de-disciplina\/#Disciplina-des-Haruspices-Libri-haruspicini\" >Disciplina de los ar\u00faspices; Libri haruspicini<\/a><\/li><\/ul><\/nav><\/div>\n<h2 class=\"wp-block-heading\"><span class=\"ez-toc-section\" id=\"Disciplina-des-Foudres-Libri-fulgurales\"><\/span>Disciplina del Rayo; Fulgurales Libri<span class=\"ez-toc-section-end\"><\/span><\/h2>\n<p><\/p>\n<p>Atribuido a Vegoia, conocido por nosotros de S\u00e9neca y Plinio. La doctrina del rayo estableci\u00f3 el significado de los truenos para cada d\u00eda del a\u00f1o. Un rayo tambi\u00e9n deriva su significado de acuerdo con la parte del cielo de donde se origin\u00f3 y donde cay\u00f3. El cielo, dividido en diecis\u00e9is secciones, constitu\u00eda, por tanto, un lenguaje virtual, constituido a su vez por los fen\u00f3menos meteorol\u00f3gicos que all\u00ed ocurr\u00edan. Se enumeraron once tipos de rayos, manejados por diferentes dioses.<\/p>\n<p>As\u00ed que el mensaje era diferente cada vez y les tocaba a los especialistas que eran los ar\u00faspices interpretarlos. Podemos ver all\u00ed analog\u00edas con la doctrina caldea y percibir una influencia de la Meteorol\u00f3gica del pseudo-Arist\u00f3teles. Sin embargo, el esquema fundamental es arcaico y se basa en el binomio macrocosmos \/ microcosmos.<\/p>\n<p><\/p>\n<h2 class=\"wp-block-heading\"><span class=\"ez-toc-section\" id=\"Disciplina-du-rite-Libri-rituales\"><\/span>Disciplina del rito; Libri rituales<span class=\"ez-toc-section-end\"><\/span><\/h2>\n<p><\/p>\n<p>Varias \u00e1reas de actuaci\u00f3n decisivas para la organizaci\u00f3n social y el urbanismo:<\/p>\n<p><\/p>\n<ul class=\"wp-block-list\">\n<li>la fundaci\u00f3n de pueblos, el catastro, linderos de propiedad<\/li>\n<li>t\u00e9cnicas hidr\u00e1ulicas para la ubicaci\u00f3n de napas fre\u00e1ticas, las de pozos artesianos, canales de riego, alcantarillado.<\/li>\n<li>la consagraci\u00f3n de los templos,<\/li>\n<li>inviolabilidad de las murallas, leyes relativas a las puertas, divisi\u00f3n en tribus,\u00a0<em>curiae<\/em>\u00a0y\u00a0<em>centuriae<\/em>,<\/li>\n<li>organizaci\u00f3n de ej\u00e9rcitos, pr\u00e1cticas relacionadas con la guerra y la paz.<\/li>\n<\/ul>\n<p><\/p>\n<p>dividido en varios otros libros:<\/p>\n<p><\/p>\n<ul class=\"wp-block-list\">\n<li><em><strong>libri fatales<\/strong><\/em>, la divisi\u00f3n de momentos de la vida o <a href=\"https:\/\/mythslegendes.com\/es\/bibliotecas-de-libros\/\">libro<\/a> del destino<\/li>\n<li><em><strong>libri Acherontici<\/strong><\/em>, sobre la otra vida y el paso de la vida a la muerte y las tumbas.<\/li>\n<li><em><strong>Ostentaria<\/strong><\/em>, ofrendas a las divinidades seg\u00fan los actos de la vida.<\/li>\n<li><em><strong>libri exercituales<\/strong><\/em>, forma reducida de\u00a0<em>libri<\/em>\u00a0para el ar\u00faspice que acompa\u00f1a a los ej\u00e9rcitos en el terreno de sus haza\u00f1as.<\/li>\n<\/ul>\n<p><\/p>\n<p>Seg\u00fan estos &quot;Libros del Destino&quot;, la vida humana se desarrolla en doce etapas. Despu\u00e9s del duod\u00e9cimo, los hombres, seg\u00fan Varro, &quot;se vuelven locos&quot; y ya no reciben ninguna se\u00f1al de los dioses. Asimismo, los pueblos y naciones tienen un plazo fijado por el Cosmos. Esta creencia en un determinismo tanto c\u00f3smico como existencial, que se encuentra en muchas sociedades tradicionales, es una concepci\u00f3n muy antigua.<\/p>\n<p><\/p>\n<h2 class=\"wp-block-heading\"><span class=\"ez-toc-section\" id=\"DIsciplina-de-lAu-dela-Libri-Acheruntici\"><\/span>Disciplina del M\u00e1s All\u00e1; Libri Acheruntici<span class=\"ez-toc-section-end\"><\/span><\/h2>\n<p><\/p>\n<p>Atribuido a Tames, este tratado, por los pocos fragmentos que tenemos, dif\u00edcilmente permite la comparaci\u00f3n con el Libro de los Muertos egipcio. Seg\u00fan Arnobe (Adversus Nationes, II, 62), autor cristiano del siglo IV, \u201cen su Libri Acherontici, Etruria promete que, a trav\u00e9s de la sangre de ciertos animales ofrecida a ciertas deidades, las almas se volver\u00e1n divinas y escapar\u00e1n de la mortalidad\u201d.<\/p>\n<p>Seg\u00fan la informaci\u00f3n proporcionada por Servio (ad Aen. III 168), despu\u00e9s de ciertos sacrificios, las almas se transforman en dioses que son designados como animales para recordar su origen. Nos parece as\u00ed atestiguada la \u201cdivinizaci\u00f3n de las almas\u201d, dando una dimensi\u00f3n escatol\u00f3gica a la religi\u00f3n de <a href=\"https:\/\/mythslegendes.com\/es\/mitologia-etrusca\/\">etruscos<\/a>.<\/p>\n<p>Si la esencia de su pensamiento religioso se nos escapa, sin embargo, se pueden deducir ciertos elementos de \u00e9l: en lo que respecta a una deificaci\u00f3n del alma despu\u00e9s de rituales sangrientos, esto se refiere a un ritual muy arcaico y mucho antes de la civilizaci\u00f3n etrusca, es decir, lo que es mucho m\u00e1s probable, con un sacrificio-sacramento comparable a la iniciaci\u00f3n en los Misterios de Mitra.<\/p>\n<p><\/p>\n<h2 class=\"wp-block-heading\"><span class=\"ez-toc-section\" id=\"Disciplina-des-Haruspices-Libri-haruspicini\"><\/span>Disciplina de los ar\u00faspices; Libri haruspicini<span class=\"ez-toc-section-end\"><\/span><\/h2>\n<p><\/p>\n<p>Atribuido a Tag\u00e8s y completado por Libri Fatali. La teor\u00eda de los Ar\u00faspices o Haruspucine, o Haruspicia seg\u00fan otros, es decir la lectura de las entra\u00f1as de las v\u00edctimas sacrificadas, presupone la correspondencia entre tres niveles diferentes: el divino, el c\u00f3smico y el humano.<\/p>\n<p>Cada porci\u00f3n del \u00f3rgano examinado indica una decisi\u00f3n divina que predice un evento hist\u00f3rico inminente. Hay un modelo de bronce de un h\u00edgado de oveja, descubierto en Plaisance en 1977, que sirve como modelo que comprende los nombres de unos cuarenta dioses y que data del siglo III o II a.C. y que representa la estructura del mundo y la distribuci\u00f3n del pante\u00f3n.<\/p>\n<p><\/p>\t\t\t\t\t\t\t\t<\/div>\n\t\t\t\t<\/div>\n\t\t\t\t\t<\/div>\n\t\t<\/div>\n\t\t\t\t\t<\/div>\n\t\t<\/section>\n\t\t\t\t<\/div>","protected":false},"excerpt":{"rendered":"<p>Mythologie Etrusque Wiki Les Anciens nommaient les livres sacr\u00e9s de la disciplina ainsi l&rsquo;ensemble de plusieurs livres, consistant en diff\u00e9rents &hellip; <\/p>","protected":false},"author":1,"featured_media":0,"parent":1366,"menu_order":0,"comment_status":"closed","ping_status":"closed","template":"","meta":{"footnotes":""},"class_list":["post-1440","page","type-page","status-publish","hentry"],"amp_enabled":true,"_links":{"self":[{"href":"https:\/\/mythslegendes.com\/es\/wp-json\/wp\/v2\/pages\/1440","targetHints":{"allow":["GET"]}}],"collection":[{"href":"https:\/\/mythslegendes.com\/es\/wp-json\/wp\/v2\/pages"}],"about":[{"href":"https:\/\/mythslegendes.com\/es\/wp-json\/wp\/v2\/types\/page"}],"author":[{"embeddable":true,"href":"https:\/\/mythslegendes.com\/es\/wp-json\/wp\/v2\/users\/1"}],"replies":[{"embeddable":true,"href":"https:\/\/mythslegendes.com\/es\/wp-json\/wp\/v2\/comments?post=1440"}],"version-history":[{"count":1,"href":"https:\/\/mythslegendes.com\/es\/wp-json\/wp\/v2\/pages\/1440\/revisions"}],"predecessor-version":[{"id":24736,"href":"https:\/\/mythslegendes.com\/es\/wp-json\/wp\/v2\/pages\/1440\/revisions\/24736"}],"up":[{"embeddable":true,"href":"https:\/\/mythslegendes.com\/es\/wp-json\/wp\/v2\/pages\/1366"}],"wp:attachment":[{"href":"https:\/\/mythslegendes.com\/es\/wp-json\/wp\/v2\/media?parent=1440"}],"curies":[{"name":"wp","href":"https:\/\/api.w.org\/{rel}","templated":true}]}}