{"id":1445,"date":"2020-06-24T11:27:33","date_gmt":"2020-06-24T10:27:33","guid":{"rendered":"https:\/\/mythslegendes.com\/?page_id=1445"},"modified":"2022-12-03T22:07:06","modified_gmt":"2022-12-03T22:07:06","slug":"les-haruspices","status":"publish","type":"page","link":"https:\/\/mythslegendes.com\/es\/mitologia-etrusca\/los-aruspices\/","title":{"rendered":"Los ar\u00faspices"},"content":{"rendered":"\t\t<div data-elementor-type=\"wp-page\" data-elementor-id=\"1445\" class=\"elementor elementor-1445\">\n\t\t\t\t\t\t<section class=\"elementor-section elementor-top-section elementor-element elementor-element-c23c017 elementor-section-boxed elementor-section-height-default elementor-section-height-default\" data-id=\"c23c017\" data-element_type=\"section\" data-e-type=\"section\">\n\t\t\t\t\t\t<div class=\"elementor-container elementor-column-gap-default\">\n\t\t\t\t\t<div class=\"elementor-column elementor-col-50 elementor-top-column elementor-element elementor-element-90e557b\" data-id=\"90e557b\" data-element_type=\"column\" data-e-type=\"column\">\n\t\t\t<div class=\"elementor-widget-wrap elementor-element-populated\">\n\t\t\t\t\t\t<div class=\"elementor-element elementor-element-ba8a882 elementor-align-justify elementor-widget elementor-widget-button\" data-id=\"ba8a882\" data-element_type=\"widget\" data-e-type=\"widget\" data-widget_type=\"button.default\">\n\t\t\t\t<div class=\"elementor-widget-container\">\n\t\t\t\t\t\t\t\t\t<div class=\"elementor-button-wrapper\">\n\t\t\t\t\t<a class=\"elementor-button elementor-button-link elementor-size-sm\" href=\"https:\/\/mythslegendes.com\/mythologie-etrusque\/\">\n\t\t\t\t\t\t<span class=\"elementor-button-content-wrapper\">\n\t\t\t\t\t\t\t\t\t<span class=\"elementor-button-text\">Mythologie Etrusque<\/span>\n\t\t\t\t\t<\/span>\n\t\t\t\t\t<\/a>\n\t\t\t\t<\/div>\n\t\t\t\t\t\t\t\t<\/div>\n\t\t\t\t<\/div>\n\t\t\t\t\t<\/div>\n\t\t<\/div>\n\t\t\t\t<div class=\"elementor-column elementor-col-50 elementor-top-column elementor-element elementor-element-9bb2357\" data-id=\"9bb2357\" data-element_type=\"column\" data-e-type=\"column\">\n\t\t\t<div class=\"elementor-widget-wrap elementor-element-populated\">\n\t\t\t\t\t\t<div class=\"elementor-element elementor-element-e550d35 elementor-align-justify elementor-widget elementor-widget-button\" data-id=\"e550d35\" data-element_type=\"widget\" data-e-type=\"widget\" data-widget_type=\"button.default\">\n\t\t\t\t<div class=\"elementor-widget-container\">\n\t\t\t\t\t\t\t\t\t<div class=\"elementor-button-wrapper\">\n\t\t\t\t\t<a class=\"elementor-button elementor-button-link elementor-size-sm\" href=\"https:\/\/fr.wikipedia.org\/wiki\/Religion_%C3%A9trusque\" target=\"_blank\" rel=\"noopener\">\n\t\t\t\t\t\t<span class=\"elementor-button-content-wrapper\">\n\t\t\t\t\t\t\t\t\t<span class=\"elementor-button-text\">Wiki<\/span>\n\t\t\t\t\t<\/span>\n\t\t\t\t\t<\/a>\n\t\t\t\t<\/div>\n\t\t\t\t\t\t\t\t<\/div>\n\t\t\t\t<\/div>\n\t\t\t\t\t<\/div>\n\t\t<\/div>\n\t\t\t\t\t<\/div>\n\t\t<\/section>\n\t\t\t\t<section class=\"elementor-section elementor-top-section elementor-element elementor-element-57cdd28f elementor-section-boxed elementor-section-height-default elementor-section-height-default\" data-id=\"57cdd28f\" data-element_type=\"section\" data-e-type=\"section\">\n\t\t\t\t\t\t<div class=\"elementor-container elementor-column-gap-default\">\n\t\t\t\t\t<div class=\"elementor-column elementor-col-100 elementor-top-column elementor-element elementor-element-5529ab5\" data-id=\"5529ab5\" data-element_type=\"column\" data-e-type=\"column\">\n\t\t\t<div class=\"elementor-widget-wrap elementor-element-populated\">\n\t\t\t\t\t\t<div class=\"elementor-element elementor-element-82ea825 elementor-widget elementor-widget-text-editor\" data-id=\"82ea825\" data-element_type=\"widget\" data-e-type=\"widget\" data-widget_type=\"text-editor.default\">\n\t\t\t\t<div class=\"elementor-widget-container\">\n\t\t\t\t\t\t\t\t\t\n<p>La divination des haruspices chez les <a href=\"https:\/\/mythslegendes.com\/es\/mitologia-etrusca\/\">\u00c9trusques<\/a> consistait \u00e0 pr\u00e9dire l&rsquo;avenir ou une prise de d\u00e9cision, comme dans toute divination, avec l&rsquo;usage de certains objets et pratiques qui leur \u00e9taient propres. L&rsquo;art de la divination aurait \u00e9t\u00e9 apport\u00e9 aux \u00e9trusques par Tag\u00e8s, fils de la terre.<\/p>\n\n<p>Tous ces rituels \u00e9taient consign\u00e9s dans des\u00a0libri\u00a0sp\u00e9cifiques et qui nous ont \u00e9t\u00e9 rapport\u00e9s par les auteurs latins dans la somme que constitue l&rsquo;Etrusca disciplina.<\/p>\n<p><img decoding=\"async\" class=\"alignnone wp-image-5284 size-full\" src=\"https:\/\/mythslegendes.com\/wp-content\/uploads\/2020\/09\/AlphaOmega-e1602613368367.png\" alt=\"haruspices\" width=\"25\" height=\"26\" title=\"\"><\/p>\n\n<div id=\"ez-toc-container\" class=\"ez-toc-v2_0_82_2 counter-hierarchy ez-toc-counter ez-toc-grey ez-toc-container-direction\">\n<div class=\"ez-toc-title-container\">\n<p class=\"ez-toc-title\" style=\"cursor:inherit\">Contenus<\/p>\n<span class=\"ez-toc-title-toggle\"><a href=\"#\" class=\"ez-toc-pull-right ez-toc-btn ez-toc-btn-xs ez-toc-btn-default ez-toc-toggle\" aria-label=\"Alternar tabla de contenidos\"><span class=\"ez-toc-js-icon-con\"><span class=\"\"><span class=\"eztoc-hide\" style=\"display:none;\">Toggle<\/span><span class=\"ez-toc-icon-toggle-span\"><svg style=\"fill: #999;color:#999\" xmlns=\"http:\/\/www.w3.org\/2000\/svg\" class=\"list-377408\" width=\"20px\" height=\"20px\" viewBox=\"0 0 24 24\" fill=\"none\"><path d=\"M6 6H4v2h2V6zm14 0H8v2h12V6zM4 11h2v2H4v-2zm16 0H8v2h12v-2zM4 16h2v2H4v-2zm16 0H8v2h12v-2z\" fill=\"currentColor\"><\/path><\/svg><svg style=\"fill: #999;color:#999\" class=\"arrow-unsorted-368013\" xmlns=\"http:\/\/www.w3.org\/2000\/svg\" width=\"10px\" height=\"10px\" viewBox=\"0 0 24 24\" version=\"1.2\" baseProfile=\"tiny\"><path d=\"M18.2 9.3l-6.2-6.3-6.2 6.3c-.2.2-.3.4-.3.7s.1.5.3.7c.2.2.4.3.7.3h11c.3 0 .5-.1.7-.3.2-.2.3-.5.3-.7s-.1-.5-.3-.7zM5.8 14.7l6.2 6.3 6.2-6.3c.2-.2.3-.5.3-.7s-.1-.5-.3-.7c-.2-.2-.4-.3-.7-.3h-11c-.3 0-.5.1-.7.3-.2.2-.3.5-.3.7s.1.5.3.7z\"\/><\/svg><\/span><\/span><\/span><\/a><\/span><\/div>\n<nav><ul class='ez-toc-list ez-toc-list-level-1 ' ><li class='ez-toc-page-1 ez-toc-heading-level-2'><a class=\"ez-toc-link ez-toc-heading-1\" href=\"https:\/\/mythslegendes.com\/es\/mitologia-etrusca\/los-aruspices\/#Inspection-des-entrailles-des-victimes\" >Inspection des entrailles des victimes<\/a><\/li><li class='ez-toc-page-1 ez-toc-heading-level-2'><a class=\"ez-toc-link ez-toc-heading-2\" href=\"https:\/\/mythslegendes.com\/es\/mitologia-etrusca\/los-aruspices\/#Observation-des-signes-naturels\" >Observation des signes naturels<\/a><\/li><li class='ez-toc-page-1 ez-toc-heading-level-2'><a class=\"ez-toc-link ez-toc-heading-3\" href=\"https:\/\/mythslegendes.com\/es\/mitologia-etrusca\/los-aruspices\/#Observation-des-prodiges\" >Observation des prodiges<\/a><\/li><\/ul><\/nav><\/div>\n<h2 class=\"wp-block-heading\"><span class=\"ez-toc-section\" id=\"Inspection-des-entrailles-des-victimes\"><\/span>Inspection des entrailles des victimes<span class=\"ez-toc-section-end\"><\/span><\/h2>\n\n<p>Leurs officiants (interpr\u00e8tes et non pr\u00eatres) en \u00e9taient les\u00a0haruspices\u00a0et leur principale m\u00e9thode \u00e9tait l\u2019h\u00e9patoscopie\u00a0(ou\u00a0hi\u00e9roscopie), qui consistait \u00e0 scruter les entrailles de pr\u00e9f\u00e9rence le\u00a0foie\u00a0d\u2019un animal (ou ses malformations), compar\u00e9 avec un mod\u00e8le (Foie de Plaisance), comportant les zones d\u2019influence, chacune attribu\u00e9e aux dieux de leur Panth\u00e9on.<\/p>\n\n<h2 class=\"wp-block-heading\"><span class=\"ez-toc-section\" id=\"Observation-des-signes-naturels\"><\/span>Observation des signes naturels<span class=\"ez-toc-section-end\"><\/span><\/h2>\n\n<p>Dans les espaces c\u00e9lestes\u00a0<strong>:<\/strong><\/p>\n\n<p>L&rsquo;haruspicine fut une sp\u00e9cialit\u00e9 r\u00e9put\u00e9e des haruspices, Cette autre m\u00e9thode (dite depuis\u00a0brontoscopie) consistait en l\u2019observation de la\u00a0foudre\u00a0par les \u00ab\u00a0haruspices fulgurateurs\u00a0\u00bb: Les dieux \u00e9taient associ\u00e9s chacun \u00e0 un des seize secteurs d\u00e9coup\u00e9s sur l&rsquo;horizon. Couleur forme, \u00e9clat composaient les variables d&rsquo;interpr\u00e9tation.<\/p>\n\n<p>S\u00e9n\u00e8que\u00a0nous rapporte \u00e0 ce propos\u00a0:<\/p>\n\n<p>\u00ab\u00a0[&#8230;] les \u00c9trusques pensent quant \u00e0 eux que les nuages se heurtent afin de produire la foudre\u00a0; en effet, comme ils rapportent toutes choses \u00e0 la divinit\u00e9, ils estiment non pas que les choses ont une signification parce qu\u2019elles se produisent mais bien qu\u2019elles se produisent \u00e0 seule fin de signifier.\u00a0\u00bb<\/p>\n\n<p>Les Romains doivent \u00e9galement aux pratiques \u00e9trusques, la divination par leurs\u00a0augures\u00a0de l&rsquo;observation des oiseaux de proix (oionoscopie ou\u00a0ornithomancie) pour d\u00e9finir leurs\u00a0auspices\u00a0(venant de\u00a0<em>avis<\/em>\u00a0l&rsquo;oiseau). Comportement des animaux\u00a0<strong>:<\/strong><\/p>\n\n<ul class=\"wp-block-list\">\n<li>App\u00e9tit des poulets devant le grain qu&rsquo;on leur jette (tripudium sonivivum\u00a0faciunt)<\/li>\n<\/ul>\n\n<p>Comportement des objets naturels\u00a0<strong>:<\/strong><\/p>\n\n<ul class=\"wp-block-list\">\n<li>Jet de noix devant les jeunes mari\u00e9s, et analyse de leurs rebonds (\u00a0tripudium solistimum)<\/li>\n<\/ul>\n\n<h2 class=\"wp-block-heading\"><span class=\"ez-toc-section\" id=\"Observation-des-prodiges\"><\/span>Observation des prodiges<span class=\"ez-toc-section-end\"><\/span><\/h2>\n\n<p>Il s&rsquo;agit l\u00e0 de l&rsquo;interp\u00e9tation de ph\u00e9nom\u00e8nes naturels survenant dans le cadre de conditions exceptionnelles\u00a0(incendie sans cause, mort subite, foudre ou tonnerre par beau temps, naissance monstrueuse, actes inhabituels des animaux, entrailles malform\u00e9es&#8230;)\u00a0:<\/p>\n\n<ul class=\"wp-block-list\">\n<li>L&rsquo;absence de\u00a0caput\u00a0sur le foie pr\u00e9sageait la mort\u00a0; la pr\u00e9sence de cette partie en double\u00a0caput duplex, l&rsquo;affrontement de deux forces, leur conflit\u00a0;<\/li>\n<li>La chute sans cause apparente d&rsquo;un rocher ou d&rsquo;un arbre (tripudium sonivivum), un des auspices les plus graves.<\/li>\n<\/ul>\n\t\t\t\t\t\t\t\t<\/div>\n\t\t\t\t<\/div>\n\t\t\t\t\t<\/div>\n\t\t<\/div>\n\t\t\t\t\t<\/div>\n\t\t<\/section>\n\t\t\t\t<\/div>\n\t\t","protected":false},"excerpt":{"rendered":"<p>Mythologie Etrusque Wiki La divination des haruspices chez les \u00c9trusques consistait \u00e0 pr\u00e9dire l&rsquo;avenir ou une prise de d\u00e9cision, comme &hellip; <\/p>","protected":false},"author":1,"featured_media":0,"parent":1366,"menu_order":0,"comment_status":"closed","ping_status":"closed","template":"","meta":{"footnotes":""},"class_list":["post-1445","page","type-page","status-publish","hentry"],"amp_enabled":true,"_links":{"self":[{"href":"https:\/\/mythslegendes.com\/es\/wp-json\/wp\/v2\/pages\/1445","targetHints":{"allow":["GET"]}}],"collection":[{"href":"https:\/\/mythslegendes.com\/es\/wp-json\/wp\/v2\/pages"}],"about":[{"href":"https:\/\/mythslegendes.com\/es\/wp-json\/wp\/v2\/types\/page"}],"author":[{"embeddable":true,"href":"https:\/\/mythslegendes.com\/es\/wp-json\/wp\/v2\/users\/1"}],"replies":[{"embeddable":true,"href":"https:\/\/mythslegendes.com\/es\/wp-json\/wp\/v2\/comments?post=1445"}],"version-history":[{"count":1,"href":"https:\/\/mythslegendes.com\/es\/wp-json\/wp\/v2\/pages\/1445\/revisions"}],"predecessor-version":[{"id":24737,"href":"https:\/\/mythslegendes.com\/es\/wp-json\/wp\/v2\/pages\/1445\/revisions\/24737"}],"up":[{"embeddable":true,"href":"https:\/\/mythslegendes.com\/es\/wp-json\/wp\/v2\/pages\/1366"}],"wp:attachment":[{"href":"https:\/\/mythslegendes.com\/es\/wp-json\/wp\/v2\/media?parent=1445"}],"curies":[{"name":"wp","href":"https:\/\/api.w.org\/{rel}","templated":true}]}}