{"id":14466,"date":"2021-10-17T20:25:40","date_gmt":"2021-10-17T20:25:40","guid":{"rendered":"https:\/\/mythslegendes.com\/?page_id=14466"},"modified":"2022-12-03T22:12:06","modified_gmt":"2022-12-03T22:12:06","slug":"cliges-14466","status":"publish","type":"page","link":"https:\/\/mythslegendes.com\/es\/mitologia-bretona\/cliges-14466\/","title":{"rendered":"Clig\u00e8s de Chr\u00e9tien de Troyes"},"content":{"rendered":"<div data-elementor-type=\"wp-page\" data-elementor-id=\"14466\" class=\"elementor elementor-14466\">\n\t\t\t\t\t\t<section class=\"elementor-section elementor-top-section elementor-element elementor-element-982c77b elementor-section-boxed elementor-section-height-default elementor-section-height-default\" data-id=\"982c77b\" data-element_type=\"section\" data-e-type=\"section\">\n\t\t\t\t\t\t<div class=\"elementor-container elementor-column-gap-default\">\n\t\t\t\t\t<div class=\"elementor-column elementor-col-50 elementor-top-column elementor-element elementor-element-7eb47c3\" data-id=\"7eb47c3\" data-element_type=\"column\" data-e-type=\"column\">\n\t\t\t<div class=\"elementor-widget-wrap elementor-element-populated\">\n\t\t\t\t\t\t<div class=\"elementor-element elementor-element-5f25364 elementor-align-justify elementor-widget elementor-widget-button\" data-id=\"5f25364\" data-element_type=\"widget\" data-e-type=\"widget\" data-widget_type=\"button.default\">\n\t\t\t\t<div class=\"elementor-widget-container\">\n\t\t\t\t\t\t\t\t\t<div class=\"elementor-button-wrapper\">\n\t\t\t\t\t<a class=\"elementor-button elementor-button-link elementor-size-sm\" href=\"https:\/\/mythslegendes.com\/es\/mitologia-bretona\/\">\n\t\t\t\t\t\t<span class=\"elementor-button-content-wrapper\">\n\t\t\t\t\t\t\t\t\t<span class=\"elementor-button-text\">Mitolog\u00eda bretona<\/span>\n\t\t\t\t\t<\/span>\n\t\t\t\t\t<\/a>\n\t\t\t\t<\/div>\n\t\t\t\t\t\t\t\t<\/div>\n\t\t\t\t<\/div>\n\t\t\t\t\t<\/div>\n\t\t<\/div>\n\t\t\t\t<div class=\"elementor-column elementor-col-50 elementor-top-column elementor-element elementor-element-40ad33a\" data-id=\"40ad33a\" data-element_type=\"column\" data-e-type=\"column\">\n\t\t\t<div class=\"elementor-widget-wrap elementor-element-populated\">\n\t\t\t\t\t\t<div class=\"elementor-element elementor-element-b3e21c7 elementor-align-justify elementor-widget elementor-widget-button\" data-id=\"b3e21c7\" data-element_type=\"widget\" data-e-type=\"widget\" data-widget_type=\"button.default\">\n\t\t\t\t<div class=\"elementor-widget-container\">\n\t\t\t\t\t\t\t\t\t<div class=\"elementor-button-wrapper\">\n\t\t\t\t\t<a class=\"elementor-button elementor-button-link elementor-size-sm\" href=\"https:\/\/fr.wikisource.org\/wiki\/Clig%C3%A8s\" target=\"_blank\" rel=\"noopener\">\n\t\t\t\t\t\t<span class=\"elementor-button-content-wrapper\">\n\t\t\t\t\t\t\t\t\t<span class=\"elementor-button-text\">Wiki<\/span>\n\t\t\t\t\t<\/span>\n\t\t\t\t\t<\/a>\n\t\t\t\t<\/div>\n\t\t\t\t\t\t\t\t<\/div>\n\t\t\t\t<\/div>\n\t\t\t\t\t<\/div>\n\t\t<\/div>\n\t\t\t\t\t<\/div>\n\t\t<\/section>\n\t\t\t\t<section class=\"elementor-section elementor-top-section elementor-element elementor-element-a5e21b5 elementor-section-boxed elementor-section-height-default elementor-section-height-default\" data-id=\"a5e21b5\" data-element_type=\"section\" data-e-type=\"section\">\n\t\t\t\t\t\t<div class=\"elementor-container elementor-column-gap-default\">\n\t\t\t\t\t<div class=\"elementor-column elementor-col-100 elementor-top-column elementor-element elementor-element-409450b\" data-id=\"409450b\" data-element_type=\"column\" data-e-type=\"column\">\n\t\t\t<div class=\"elementor-widget-wrap elementor-element-populated\">\n\t\t\t\t\t\t<div class=\"elementor-element elementor-element-7217d3c elementor-widget elementor-widget-text-editor\" data-id=\"7217d3c\" data-element_type=\"widget\" data-e-type=\"widget\" data-widget_type=\"text-editor.default\">\n\t\t\t\t<div class=\"elementor-widget-container\">\n\t\t\t\t\t\t\t\t\t<p>He aqu\u00ed un resumen de la cort\u00e9s novela de Chr\u00e9tien de Troyes, Clig\u00e8s o La Fausse Morte, escrita despu\u00e9s de Erec y Enide alrededor de 1176.<\/p><p><img decoding=\"async\" class=\"alignnone wp-image-9347 size-full\" src=\"https:\/\/mythslegendes.com\/wp-content\/uploads\/2020\/09\/cropped-AlphaOmega-e1602613368367.png\" alt=\"clig\u00e8s el falso muerto\" width=\"25\" height=\"25\" title=\"\"><\/p>\t\t\t\t\t\t\t\t<\/div>\n\t\t\t\t<\/div>\n\t\t\t\t\t<\/div>\n\t\t<\/div>\n\t\t\t\t\t<\/div>\n\t\t<\/section>\n\t\t\t\t<section class=\"elementor-section elementor-top-section elementor-element elementor-element-7c5a779 elementor-section-boxed elementor-section-height-default elementor-section-height-default\" data-id=\"7c5a779\" data-element_type=\"section\" data-e-type=\"section\">\n\t\t\t\t\t\t<div class=\"elementor-container elementor-column-gap-default\">\n\t\t\t\t\t<div class=\"elementor-column elementor-col-100 elementor-top-column elementor-element elementor-element-2b5f502\" data-id=\"2b5f502\" data-element_type=\"column\" data-e-type=\"column\">\n\t\t\t<div class=\"elementor-widget-wrap elementor-element-populated\">\n\t\t\t\t\t\t<div class=\"elementor-element elementor-element-7a6440d elementor-widget elementor-widget-heading\" data-id=\"7a6440d\" data-element_type=\"widget\" data-e-type=\"widget\" data-widget_type=\"heading.default\">\n\t\t\t\t<div class=\"elementor-widget-container\">\n\t\t\t\t\t<div id=\"ez-toc-container\" class=\"ez-toc-v2_0_82_2 counter-hierarchy ez-toc-counter ez-toc-grey ez-toc-container-direction\">\n<div class=\"ez-toc-title-container\">\n<p class=\"ez-toc-title\" style=\"cursor:inherit\">Contenido<\/p>\n<span class=\"ez-toc-title-toggle\"><a href=\"#\" class=\"ez-toc-pull-right ez-toc-btn ez-toc-btn-xs ez-toc-btn-default ez-toc-toggle\" aria-label=\"Alternar tabla de contenidos\"><span class=\"ez-toc-js-icon-con\"><span class=\"\"><span class=\"eztoc-hide\" style=\"display:none;\">Palanca<\/span><span class=\"ez-toc-icon-toggle-span\"><svg style=\"fill: #999;color:#999\" xmlns=\"http:\/\/www.w3.org\/2000\/svg\" class=\"list-377408\" width=\"20px\" height=\"20px\" viewbox=\"0 0 24 24\" fill=\"none\"><path d=\"M6 6H4v2h2V6zm14 0H8v2h12V6zM4 11h2v2H4v-2zm16 0H8v2h12v-2zM4 16h2v2H4v-2zm16 0H8v2h12v-2z\" fill=\"currentColor\"><\/path><\/svg><svg style=\"fill: #999;color:#999\" class=\"arrow-unsorted-368013\" xmlns=\"http:\/\/www.w3.org\/2000\/svg\" width=\"10px\" height=\"10px\" viewbox=\"0 0 24 24\" version=\"1.2\" baseprofile=\"tiny\"><path d=\"M18.2 9.3l-6.2-6.3-6.2 6.3c-.2.2-.3.4-.3.7s.1.5.3.7c.2.2.4.3.7.3h11c.3 0 .5-.1.7-.3.2-.2.3-.5.3-.7s-.1-.5-.3-.7zM5.8 14.7l6.2 6.3 6.2-6.3c.2-.2.3-.5.3-.7s-.1-.5-.3-.7c-.2-.2-.4-.3-.7-.3h-11c-.3 0-.5.1-.7.3-.2.2-.3.5-.3.7s.1.5.3.7z\"\/><\/svg><\/span><\/span><\/span><\/a><\/span><\/div>\n<nav><ul class='ez-toc-list ez-toc-list-level-1' ><li class='ez-toc-page-1 ez-toc-heading-level-2'><a class=\"ez-toc-link ez-toc-heading-1\" href=\"https:\/\/mythslegendes.com\/es\/mitologia-bretona\/cliges-14466\/#Resume-de-Cliges-ou-La-Fausse-Morte\" >Resumen de Clig\u00e8s o La Fausse Morte<\/a><\/li><\/ul><\/nav><\/div>\n<h2 class=\"elementor-heading-title elementor-size-default\"><span class=\"ez-toc-section\" id=\"Resume-de-Cliges-ou-La-Fausse-Morte\"><\/span>Resumen de Clig\u00e8s o La Fausse Morte<span class=\"ez-toc-section-end\"><\/span><\/h2>\t\t\t\t<\/div>\n\t\t\t\t<\/div>\n\t\t\t\t\t<\/div>\n\t\t<\/div>\n\t\t\t\t\t<\/div>\n\t\t<\/section>\n\t\t\t\t<section class=\"elementor-section elementor-top-section elementor-element elementor-element-41e3125 elementor-section-boxed elementor-section-height-default elementor-section-height-default\" data-id=\"41e3125\" data-element_type=\"section\" data-e-type=\"section\">\n\t\t\t\t\t\t<div class=\"elementor-container elementor-column-gap-default\">\n\t\t\t\t\t<div class=\"elementor-column elementor-col-100 elementor-top-column elementor-element elementor-element-56f0232\" data-id=\"56f0232\" data-element_type=\"column\" data-e-type=\"column\">\n\t\t\t<div class=\"elementor-widget-wrap elementor-element-populated\">\n\t\t\t\t\t\t<div class=\"elementor-element elementor-element-44ee2b5 elementor-widget elementor-widget-text-editor\" data-id=\"44ee2b5\" data-element_type=\"widget\" data-e-type=\"widget\" data-widget_type=\"text-editor.default\">\n\t\t\t\t<div class=\"elementor-widget-container\">\n\t\t\t\t\t\t\t\t\t<p>Un joven vive en <a href=\"https:\/\/mythslegendes.com\/es\/mythes-et-legendes-grecques-1664\/\">Grecia<\/a> y desciende de la l\u00ednea del rey Arturo. Es hijo de un emperador rico y poderoso, Alejandro, due\u00f1o de Grecia y Constantinopla, y de una noble emperatriz, Tantalis. Su nombre es Alexandre y su hermano mucho menor se llama Alis. Para adquirir gloria y renombre, Alejandro hijo quiere ir al Rey Arturo en <a href=\"https:\/\/mythslegendes.com\/es\/mitologia-bretona\/\">Breta\u00f1a<\/a>. Alexandre padre acepta, lo nombra caballero y le da todo lo que necesita: buenos caballos, ropa de seda...<\/p><p>Navegaron durante abril y mayo y llegaron a Southampton, Inglaterra. Viajan a Winchester donde se encuentra el Rey Arturo quien acepta el <a href=\"https:\/\/mythslegendes.com\/es\/mythes-et-legendes-grecques-1664\/\">griegos<\/a> en su patio<\/p><p>En ese momento, el rey Arturo quer\u00eda ir a Breta\u00f1a y confi\u00f3 Inglaterra al Conde Angr\u00e8s de Windsor. En el barco que navega hacia Breta\u00f1a est\u00e1n el rey, su sobrina Soredamor y sus se\u00f1oritas y los griegos. Alexander ama a Soredamor y Soredamor ama a Alexander, pero ninguno se atreve a mirar al otro.<\/p><p>A principios de octubre, llegan mensajeros a trav\u00e9s de Dover desde Londres y Canterbury para anunciar al rey Arturo que el conde Angr\u00e8s de Windsor era un traidor: tiene la intenci\u00f3n de disputar sus tierras con \u00e9l. Arthur re\u00fane un gran ej\u00e9rcito por el que Alexander quiere ser nombrado caballero. Los reyes les dan armas a \u00e9l y a sus compa\u00f1eros. Cuando escucha esta noticia, la reina decide ofrecerle a Alejandro una contraparte. Ella le ofrece una camisa de seda blanca en la que Soredamor ha cruzado, en las dos mangas y en el cuello, uno de sus cabellos con hilos de oro.<\/p><p>El Rey y el ej\u00e9rcito van a Windsor y no tienen m\u00e1s remedio que acampar junto al T\u00e1mesis, ya que el Castillo del Traidor ha sido reforzado. Pero Alejandro ve caballeros justas bajo sus ojos y sin armadura, decide enfrentarse a ellos. Alejandro y sus compa\u00f1eros destronan a trece caballeros y traen cuatro caballeros que \u00e9l dona a la reina porque sabe que el rey los har\u00eda colgar. Pero al final siguen cayendo en manos del rey que decide que hay que arrastrar a los traidores. El Conde Angr\u00e8s se enfurece cuando ve que arrastran a sus amigos por el castillo. Alexander visita Soredamor todas las noches. Esa noche, la reina descubre el cabello dorado en la mu\u00f1eca de Alejandro.<\/p><p>Durante la noche, los soldados del traidor son sorprendidos por los vigilantes del rey y todos parten r\u00e1pidamente para armarse. Alejandro tuvo entonces una idea brillante: quitarles los escudos y las lanzas a los traidores que mataban para poder entrar en el castillo. Tan pronto como entraron, los griegos sorprendieron a los traidores desarmados y mataron a 31 de ellos a la vez. Alejandro toma algunos prisioneros, incluido el conde. Todos elogian a Alejandro y para ello la reina re\u00fane a Alejandro y Soredamor y su boda se celebra el mismo d\u00eda, en Windsor. En el mismo d\u00eda, Alejandro obtiene tres honores: el castillo que tom\u00f3, la promesa que hizo el rey de darle el reino de Gales y su matrimonio con Soredamor. De esta alianza nace Clig\u00e8s.<\/p><p>Mientras tanto, el emperador de Grecia muere, pero una tormenta sorprende a los mensajeros que iban a buscar a Alejandro en Breta\u00f1a. Solo un mensajero sobrevive y cuenta la mentira de que Alejandro tambi\u00e9n muri\u00f3 en el naufragio. Luego toman a Alis, su hermano peque\u00f1o, y lo coronan. Alis recibe el Imperio de Grecia y Alejandro no tard\u00f3 en enterarse de la noticia. No quiere pelear con su hermano sino solo negociar.<\/p><p>Toma a Soredamor y Clig\u00e8s y llega, un mes despu\u00e9s, al puerto de Atenas. Alis deja que Alejandro gobierne todo el pa\u00eds, pero pide mantener el nombre de emperador. Alexander acepta si, y solo si, Alis promete no tomar nunca esposa para que Clig\u00e8s pueda heredar el trono. Alis promete solemnemente no tomar nunca mujeres. Alejandro muere poco despu\u00e9s y Soredamor tambi\u00e9n muere debido a su gran dolor.<\/p><p>Los asesores de Alis lo obligan a tomar una esposa y \u00e9l acepta porque olvid\u00f3 su promesa. se van en <a href=\"https:\/\/mythslegendes.com\/es\/mythes-et-legendes-germaniques-60\/\">Alemania<\/a> y ve hasta Ratisbona. El emperador de Alemania est\u00e1 feliz de concederles a su hija, Fenice, aunque ya se la ha prometido al duque de Sajonia. Alis, por lo tanto, decide enviar a sus mejores caballeros a luchar en Alemania y se lleva a su sobrino con \u00e9l. Conocen a la joven en Colonia y Clig\u00e8s se enamora perdidamente de ella, pero F\u00e9nice est\u00e1 destinada a su t\u00edo. Clig\u00e8s lucha contra el sobrino del duque de Sajonia que le env\u00eda a F\u00e9nice. Clig\u00e8s lo derriba y F\u00e9nice, que ha presenciado la pelea, queda bajo el hechizo de Clig\u00e8s.<\/p><p>En la noche de bodas, Thessala, el ama de llaves de Fenice, hace una poci\u00f3n para que Alis nunca se complazca en Fenice, pero sue\u00f1a despierto mientras se imagina a s\u00ed mismo con ella.<\/p><p>Cuando regresan, los sajones les tienden una emboscada y secuestran a Fenice porque los griegos est\u00e1n ocupados luchando. Solo Clig\u00e8s se da cuenta de su desaparici\u00f3n y se va, solo, a matar a los sajones y traer de vuelta a Fenice. El duque vuelve a desafiar a Clig\u00e8s que logra poner al duque en una mala posici\u00f3n durante la pelea, acuerdan y el duque regresa a Sajonia.<\/p><p>Clig\u00e8s quiere ir a Gran Breta\u00f1a, como su padre, porque se lo hab\u00eda prometido y su t\u00edo acepta. Clig\u00e8s lleva mercader\u00eda y acompa\u00f1antes y cuatro caballos de diferentes colores: blanco, casta\u00f1o, leonado y negro.<\/p><p>Cruzan el mar y llegan a Wallingford. Clig\u00e8s fue inmediatamente al torneo de Oxford. Viste su armadura y armas negras y su caballo del mismo color. Gana Sagremor. Al caer la noche, sin ser visto, regresa a su casa y esconde las armas negras y luego expone las verdes. Todos hablan del Caballero de la Noche y todos, incluido el Rey Arturo, lo buscan activamente.<\/p><p>Al d\u00eda siguiente, Clig\u00e8s, de verde, vence a Lancelot du Lac y vuelve a esconder las armas verdes y saca el armamento vermeil. Clig\u00e8s, con su armadura bermell\u00f3n, derriba a Perceval el <a href=\"https:\/\/mythslegendes.com\/es\/mitologia-galesa\/\">gal\u00e9s<\/a>. Por la noche esconde estas armas y saca las blancas, pero los caballeros se dan cuenta de que todos han sido derrotados por el mismo hombre. Al d\u00eda siguiente Gawain quiere enfrentarse a \u00e9l pero el rey viene a separarlos porque no quiere que nadie salga lastimado. Invita a Clig\u00e8s a su corte y lo sigue. Realiz\u00f3 muchas haza\u00f1as caballerescas y el rey lo apreciaba. Sin embargo, no pudo mantenerse alejado de F\u00e9nice por m\u00e1s tiempo y regres\u00f3 a Breta\u00f1a.<\/p><p>Mucho despu\u00e9s de llegar, visita regularmente a Fenice y los dos deciden no vivir su amor como Tristan e Yseut. Fingen un plan para el que Fenice pide ayuda a Thessala y Clig\u00e8s la de Jean el artesano. Al principio, la reina finge estar enferma y luego finge sucumbir a su enfermedad. Todo el reino est\u00e1 de luto por ella. Ese d\u00eda pasan tres m\u00e9dicos de Salerno que piden verla: todos coinciden en que no est\u00e1 muerta porque le late el coraz\u00f3n. <\/p><p>Prometen al rey que la devolver\u00e1 a la vida, de lo contrario, estar\u00edan dispuestos a soportar un duro sufrimiento. Al principio, los m\u00e9dicos le hablan e intentan negociar, pero cuando ven qui\u00e9n nunca obtendr\u00e1 nada de ella, la arrancan del ata\u00fad y la golpean con una tanga detr\u00e1s de la espalda sangrando. Le vierten plomo caliente y hirviendo en las palmas de las manos, pero Fenice no dice nada porque est\u00e1 bajo el efecto de la poci\u00f3n Thessala. Las se\u00f1oritas de Fenice las sorprenden y las empujan desde lo alto de la torre: mueren los tres traidores.<\/p><p>Durante el entierro todos se desmayan porque est\u00e1n muy tristes y Jean tiene tiempo para cerrar el entierro como mejor le parezca, es decir para poder reabrirlo. Por la noche, Clig\u00e8s y Jean vienen a buscar a Fenice, la llevan a su torre secreta, cuya torre <span class=\"need_ref\" title=\"Este pasaje debe aclarar la persona u organizaci\u00f3n que hace esta declaraci\u00f3n.\">s\u00f3lo \u00e9l<\/span> conoce la entrada.<\/p><p>Clig\u00e8s y F\u00e9nice viven largos meses en la torre. Pero cuando vuelve la hermosa temporada, quieren salir al huerto. Un cazador, Bertrand, que hab\u00eda perdido su halc\u00f3n, los sorprende desnudos en la cama bajo la entente. Clig\u00e8s no logra atrapar a Bertrand, pero lo paraliza.<\/p><p>Los amantes huyen a Breta\u00f1a, donde piden la ayuda del Rey Arturo, quien les promete formar un gran ej\u00e9rcito. Llegan mensajeros de Grecia y cuentan que Alis hab\u00eda muerto de tristeza por no haber encontrado a su sobrino.<\/p><p>Los amantes regresan a Grecia donde son recibidos con alegr\u00eda. Son coronados y celebrado su matrimonio.<\/p><div>\u00a0<\/div><div>\u00a0<\/div>\t\t\t\t\t\t\t\t<\/div>\n\t\t\t\t<\/div>\n\t\t\t\t\t<\/div>\n\t\t<\/div>\n\t\t\t\t\t<\/div>\n\t\t<\/section>\n\t\t\t\t<\/div>","protected":false},"excerpt":{"rendered":"<p>Mythologie Bretonne Wiki Voici un r\u00e9sum\u00e9 du roman courtois de Chr\u00e9tien de Troyes, Clig\u00e8s ou La Fausse Morte, \u00e9crit apr\u00e8s &hellip; <\/p>","protected":false},"author":1,"featured_media":0,"parent":96,"menu_order":0,"comment_status":"closed","ping_status":"closed","template":"","meta":{"footnotes":""},"class_list":["post-14466","page","type-page","status-publish","hentry"],"amp_enabled":true,"_links":{"self":[{"href":"https:\/\/mythslegendes.com\/es\/wp-json\/wp\/v2\/pages\/14466","targetHints":{"allow":["GET"]}}],"collection":[{"href":"https:\/\/mythslegendes.com\/es\/wp-json\/wp\/v2\/pages"}],"about":[{"href":"https:\/\/mythslegendes.com\/es\/wp-json\/wp\/v2\/types\/page"}],"author":[{"embeddable":true,"href":"https:\/\/mythslegendes.com\/es\/wp-json\/wp\/v2\/users\/1"}],"replies":[{"embeddable":true,"href":"https:\/\/mythslegendes.com\/es\/wp-json\/wp\/v2\/comments?post=14466"}],"version-history":[{"count":1,"href":"https:\/\/mythslegendes.com\/es\/wp-json\/wp\/v2\/pages\/14466\/revisions"}],"predecessor-version":[{"id":25229,"href":"https:\/\/mythslegendes.com\/es\/wp-json\/wp\/v2\/pages\/14466\/revisions\/25229"}],"up":[{"embeddable":true,"href":"https:\/\/mythslegendes.com\/es\/wp-json\/wp\/v2\/pages\/96"}],"wp:attachment":[{"href":"https:\/\/mythslegendes.com\/es\/wp-json\/wp\/v2\/media?parent=14466"}],"curies":[{"name":"wp","href":"https:\/\/api.w.org\/{rel}","templated":true}]}}