{"id":14535,"date":"2021-10-18T17:19:53","date_gmt":"2021-10-18T17:19:53","guid":{"rendered":"https:\/\/mythslegendes.com\/?page_id=14535"},"modified":"2022-12-03T22:12:07","modified_gmt":"2022-12-03T22:12:07","slug":"la-demoiselle-a-la-mule-78","status":"publish","type":"page","link":"https:\/\/mythslegendes.com\/es\/mitologia-bretona\/la-joven-mula-78\/","title":{"rendered":"La dama de la mula"},"content":{"rendered":"<div data-elementor-type=\"wp-page\" data-elementor-id=\"14535\" class=\"elementor elementor-14535\">\n\t\t\t\t\t\t<section class=\"elementor-section elementor-top-section elementor-element elementor-element-23e6859 elementor-section-boxed elementor-section-height-default elementor-section-height-default\" data-id=\"23e6859\" data-element_type=\"section\" data-e-type=\"section\">\n\t\t\t\t\t\t<div class=\"elementor-container elementor-column-gap-default\">\n\t\t\t\t\t<div class=\"elementor-column elementor-col-50 elementor-top-column elementor-element elementor-element-8d75cec\" data-id=\"8d75cec\" data-element_type=\"column\" data-e-type=\"column\">\n\t\t\t<div class=\"elementor-widget-wrap elementor-element-populated\">\n\t\t\t\t\t\t<div class=\"elementor-element elementor-element-8c76f24 elementor-align-justify elementor-widget elementor-widget-button\" data-id=\"8c76f24\" data-element_type=\"widget\" data-e-type=\"widget\" data-widget_type=\"button.default\">\n\t\t\t\t<div class=\"elementor-widget-container\">\n\t\t\t\t\t\t\t\t\t<div class=\"elementor-button-wrapper\">\n\t\t\t\t\t<a class=\"elementor-button elementor-button-link elementor-size-sm\" href=\"https:\/\/mythslegendes.com\/es\/mitologia-bretona\/\">\n\t\t\t\t\t\t<span class=\"elementor-button-content-wrapper\">\n\t\t\t\t\t\t\t\t\t<span class=\"elementor-button-text\">Mitolog\u00eda bretona<\/span>\n\t\t\t\t\t<\/span>\n\t\t\t\t\t<\/a>\n\t\t\t\t<\/div>\n\t\t\t\t\t\t\t\t<\/div>\n\t\t\t\t<\/div>\n\t\t\t\t\t<\/div>\n\t\t<\/div>\n\t\t\t\t<div class=\"elementor-column elementor-col-50 elementor-top-column elementor-element elementor-element-76ebb49\" data-id=\"76ebb49\" data-element_type=\"column\" data-e-type=\"column\">\n\t\t\t<div class=\"elementor-widget-wrap elementor-element-populated\">\n\t\t\t\t\t\t<div class=\"elementor-element elementor-element-4e1559d elementor-align-justify elementor-widget elementor-widget-button\" data-id=\"4e1559d\" data-element_type=\"widget\" data-e-type=\"widget\" data-widget_type=\"button.default\">\n\t\t\t\t<div class=\"elementor-widget-container\">\n\t\t\t\t\t\t\t\t\t<div class=\"elementor-button-wrapper\">\n\t\t\t\t\t<a class=\"elementor-button elementor-button-link elementor-size-sm\" href=\"https:\/\/fr.wikipedia.org\/wiki\/La_Demoiselle_%C3%A0_la_mule\" target=\"_blank\" rel=\"noopener\">\n\t\t\t\t\t\t<span class=\"elementor-button-content-wrapper\">\n\t\t\t\t\t\t\t\t\t<span class=\"elementor-button-text\">Wiki<\/span>\n\t\t\t\t\t<\/span>\n\t\t\t\t\t<\/a>\n\t\t\t\t<\/div>\n\t\t\t\t\t\t\t\t<\/div>\n\t\t\t\t<\/div>\n\t\t\t\t\t<\/div>\n\t\t<\/div>\n\t\t\t\t\t<\/div>\n\t\t<\/section>\n\t\t\t\t<section class=\"elementor-section elementor-top-section elementor-element elementor-element-5d83287 elementor-section-boxed elementor-section-height-default elementor-section-height-default\" data-id=\"5d83287\" data-element_type=\"section\" data-e-type=\"section\">\n\t\t\t\t\t\t<div class=\"elementor-container elementor-column-gap-default\">\n\t\t\t\t\t<div class=\"elementor-column elementor-col-100 elementor-top-column elementor-element elementor-element-e657236\" data-id=\"e657236\" data-element_type=\"column\" data-e-type=\"column\">\n\t\t\t<div class=\"elementor-widget-wrap elementor-element-populated\">\n\t\t\t\t\t\t<div class=\"elementor-element elementor-element-4ac1e9c elementor-widget elementor-widget-text-editor\" data-id=\"4ac1e9c\" data-element_type=\"widget\" data-e-type=\"widget\" data-widget_type=\"text-editor.default\">\n\t\t\t\t<div class=\"elementor-widget-container\">\n\t\t\t\t\t\t\t\t\t<p>La Demoiselle \u00e0 la mule (tambi\u00e9n llamada a veces La Mule sans frein) es una novela en verso bastante breve (1136 octos\u00edlabos), escrita entre 1190 y 1210, que describe la <a href=\"https:\/\/mythslegendes.com\/es\/\">leyendas<\/a> Arthurian y en particular el personaje de Gawain que es el h\u00e9roe.<\/p><p><img decoding=\"async\" class=\"alignnone wp-image-9347 size-full\" src=\"https:\/\/mythslegendes.com\/wp-content\/uploads\/2020\/09\/cropped-AlphaOmega-e1602613368367.png\" alt=\"se\u00f1orita con mula mula sin freno\" width=\"25\" height=\"25\" title=\"\"><\/p>\t\t\t\t\t\t\t\t<\/div>\n\t\t\t\t<\/div>\n\t\t\t\t\t<\/div>\n\t\t<\/div>\n\t\t\t\t\t<\/div>\n\t\t<\/section>\n\t\t\t\t<section class=\"elementor-section elementor-top-section elementor-element elementor-element-34e467a elementor-section-boxed elementor-section-height-default elementor-section-height-default\" data-id=\"34e467a\" data-element_type=\"section\" data-e-type=\"section\">\n\t\t\t\t\t\t<div class=\"elementor-container elementor-column-gap-default\">\n\t\t\t\t\t<div class=\"elementor-column elementor-col-100 elementor-top-column elementor-element elementor-element-d7b0580\" data-id=\"d7b0580\" data-element_type=\"column\" data-e-type=\"column\">\n\t\t\t<div class=\"elementor-widget-wrap elementor-element-populated\">\n\t\t\t\t\t\t<div class=\"elementor-element elementor-element-7e45f51 elementor-widget elementor-widget-heading\" data-id=\"7e45f51\" data-element_type=\"widget\" data-e-type=\"widget\" data-widget_type=\"heading.default\">\n\t\t\t\t<div class=\"elementor-widget-container\">\n\t\t\t\t\t<div id=\"ez-toc-container\" class=\"ez-toc-v2_0_82_2 counter-hierarchy ez-toc-counter ez-toc-grey ez-toc-container-direction\">\n<div class=\"ez-toc-title-container\">\n<p class=\"ez-toc-title\" style=\"cursor:inherit\">Contenido<\/p>\n<span class=\"ez-toc-title-toggle\"><a href=\"#\" class=\"ez-toc-pull-right ez-toc-btn ez-toc-btn-xs ez-toc-btn-default ez-toc-toggle\" aria-label=\"Alternar tabla de contenidos\"><span class=\"ez-toc-js-icon-con\"><span class=\"\"><span class=\"eztoc-hide\" style=\"display:none;\">Palanca<\/span><span class=\"ez-toc-icon-toggle-span\"><svg style=\"fill: #999;color:#999\" xmlns=\"http:\/\/www.w3.org\/2000\/svg\" class=\"list-377408\" width=\"20px\" height=\"20px\" viewbox=\"0 0 24 24\" fill=\"none\"><path d=\"M6 6H4v2h2V6zm14 0H8v2h12V6zM4 11h2v2H4v-2zm16 0H8v2h12v-2zM4 16h2v2H4v-2zm16 0H8v2h12v-2z\" fill=\"currentColor\"><\/path><\/svg><svg style=\"fill: #999;color:#999\" class=\"arrow-unsorted-368013\" xmlns=\"http:\/\/www.w3.org\/2000\/svg\" width=\"10px\" height=\"10px\" viewbox=\"0 0 24 24\" version=\"1.2\" baseprofile=\"tiny\"><path d=\"M18.2 9.3l-6.2-6.3-6.2 6.3c-.2.2-.3.4-.3.7s.1.5.3.7c.2.2.4.3.7.3h11c.3 0 .5-.1.7-.3.2-.2.3-.5.3-.7s-.1-.5-.3-.7zM5.8 14.7l6.2 6.3 6.2-6.3c.2-.2.3-.5.3-.7s-.1-.5-.3-.7c-.2-.2-.4-.3-.7-.3h-11c-.3 0-.5.1-.7.3-.2.2-.3.5-.3.7s.1.5.3.7z\"\/><\/svg><\/span><\/span><\/span><\/a><\/span><\/div>\n<nav><ul class='ez-toc-list ez-toc-list-level-1' ><li class='ez-toc-page-1 ez-toc-heading-level-2'><a class=\"ez-toc-link ez-toc-heading-1\" href=\"https:\/\/mythslegendes.com\/es\/mitologia-bretona\/la-joven-mula-78\/#La-Demoiselle-a-la-Mule-ou-La-Mule-sans-Frein\" >La Demoiselle \u00e0 la Mule, o La Mule sin freno<\/a><\/li><\/ul><\/nav><\/div>\n<h2 class=\"elementor-heading-title elementor-size-default\"><span class=\"ez-toc-section\" id=\"La-Demoiselle-a-la-Mule-ou-La-Mule-sans-Frein\"><\/span>La Demoiselle \u00e0 la Mule, o La Mule sin freno<span class=\"ez-toc-section-end\"><\/span><\/h2>\t\t\t\t<\/div>\n\t\t\t\t<\/div>\n\t\t\t\t\t<\/div>\n\t\t<\/div>\n\t\t\t\t\t<\/div>\n\t\t<\/section>\n\t\t\t\t<section class=\"elementor-section elementor-top-section elementor-element elementor-element-a5a31e3 elementor-section-boxed elementor-section-height-default elementor-section-height-default\" data-id=\"a5a31e3\" data-element_type=\"section\" data-e-type=\"section\">\n\t\t\t\t\t\t<div class=\"elementor-container elementor-column-gap-default\">\n\t\t\t\t\t<div class=\"elementor-column elementor-col-100 elementor-top-column elementor-element elementor-element-e66ac78\" data-id=\"e66ac78\" data-element_type=\"column\" data-e-type=\"column\">\n\t\t\t<div class=\"elementor-widget-wrap elementor-element-populated\">\n\t\t\t\t\t\t<div class=\"elementor-element elementor-element-ee3bd16 elementor-widget elementor-widget-text-editor\" data-id=\"ee3bd16\" data-element_type=\"widget\" data-e-type=\"widget\" data-widget_type=\"text-editor.default\">\n\t\t\t\t<div class=\"elementor-widget-container\">\n\t\t\t\t\t\t\t\t\t<p>L<span class=\"sc\">mi<\/span> Rey Arto de <a href=\"https:\/\/mythslegendes.com\/es\/mitologia-bretona\/\">Breta\u00f1a<\/a> celebr\u00f3 corte plenaria en su ciudad real de Carduel, en las fiestas de Pentecost\u00e9s. A \u00e9l se hab\u00eda precipitado todo lo que su reino conten\u00eda de nobles damas, altos barones y caballeros. S\u00f3lo hab\u00eda torneos y fiestas, y gran j\u00fabilo en toda la ciudad.<\/p><p>El segundo d\u00eda de la asamblea, cuando el rey y sus invitados abandonaban la mesa, se vio de lejos en el prado a una mujer que parec\u00eda acercarse al castillo y que iba montada en una mula sin cabestro y sin freno. . Esta vista despert\u00f3 la curiosidad. El rey, la reina, todos se acercaron a las ventanas, todos intentaron adivinar qui\u00e9n era esta viajera solitaria y qu\u00e9 quer\u00eda. Cuando estuvo cerca de las paredes de la mansi\u00f3n, vimos que era joven y bonita. Todos los <span id=\"63\" class=\"pagenum ws-pagenum\" title=\"P\u00e1gina: Tarsot - Fabliaux and Tales of the Middle Ages 1913.djvu \/ 67\"><\/span>caballeros y todos los pajes volaron frente a ella y se apresuraron a ayudarla a bajar de su mula. Vimos entonces que su bello rostro estaba mojado por las l\u00e1grimas y que daba todas las se\u00f1ales del dolor m\u00e1s agudo.<\/p><p>La llevaron al gran Artus. Ella se inclin\u00f3 profundamente ante \u00e9l, se sec\u00f3 los ojos y se disculp\u00f3 por venir a molestarlo y pedirle ayuda: &quot;\u00bfCu\u00e1l es tu problema, hermosa jovencita?&quot; dijo Artus. Si \u00e9l es uno de los que pueden ser relevados, \u00a1nosotros, mis caballeros y yo, estamos a tu merced! \u201cMira\u201d, dijo, se\u00f1alando a su mula, \u201cle han quitado el freno a mi montura; He estado llorando desde ese d\u00eda y llorar\u00e9 hasta que me lo traigan. Solo el m\u00e1s valiente de los caballeros puede recuperarlo y devolv\u00e9rmelo: \u00bfd\u00f3nde buscar este tesoro que no sea en tu corte, gran rey? As\u00ed que le rog\u00f3 a Artus que permitiera que algunas de las personas valientes que lo rodeaban se interesaran por su desgracia. &quot;Quien -agreg\u00f3- que consienta en convertirse en mi campe\u00f3n ser\u00e1 conducido con orgullo por mi mula en lugar de combatir, y como precio por su valent\u00eda, me comprometo p\u00fablicamente a convertirme en su dama&quot;. &quot;<\/p><p>No hizo falta m\u00e1s para tentar la valent\u00eda de los Caballeros de Artus. Todos iban a ofrecerse y buscar el honor de elegir lo bello. Pero ahora el senescal, el maestro Queux, es el primero en hablar. Era el hermano adoptivo de Artus y su gonfalonier. No era ni guapo ni valiente, el pobre padre, y la dama hubiera preferido un campe\u00f3n m\u00e1s joven y atractivo. Pero tuvo que aceptar su brazo. Por lo tanto, jur\u00f3 recuperar el freno, incluso si estaba en el fin del mundo. Pero, antes de irse, exigi\u00f3 que la se\u00f1orita <span id=\"64\" class=\"pagenum ws-pagenum\" title=\"P\u00e1gina: Tarsot - Fabliaux and Tales of the Middle Ages 1913.djvu \/ 68\"><\/span>que se tomara un beso a cuenta y ya estaba acercando su rostro barbudo al rostro rubicundo del extra\u00f1o. Pero ella lo apart\u00f3 y rechaz\u00f3 absolutamente cualquier recompensa antes de que \u00e9l regresara. Queux entonces tom\u00f3 las armas, refunfu\u00f1ando y se fue, dej\u00e1ndose llevar por la mula, como le hab\u00edan recomendado. <a class=\"image\" href=\"https:\/\/fr.wikisource.org\/wiki\/Fichier:Tarsot_-_Fabliaux_et_Contes_du_Moyen_%C3%82ge_1913-68.png\" rel=\"nofollow noopener\" target=\"_blank\"><img fetchpriority=\"high\" decoding=\"async\" src=\"https:\/\/upload.wikimedia.org\/wikipedia\/commons\/1\/17\/Tarsot_-_Fabliaux_et_Contes_du_Moyen_%C3%82ge_1913-68.png\" alt=\"Tarsot - Fabliaux y cuentos de la Edad Media 1913-68.png\" width=\"408\" height=\"345\" data-file-width=\"408\" data-file-height=\"345\" data-file- title=\"\"><\/a><\/p><div>\u00a0<\/div><p>La mula, que a\u00fan trotaba, lo condujo a un gran bosque. Tan pronto como entraron en ella, de todos los matorrales y bosques brotaron manadas de leones, tigres y leopardos. Rugieron horriblemente y parec\u00edan querer devorar al Maestro Queux. El pobre lamentaba mucho su fanfarroner\u00eda, y en ese momento hab\u00eda renunciado para siempre a todos los besos del mundo. \u00a1C\u00f3mo le hubiera gustado estar con Artus, en el gran sal\u00f3n del castillo de Carduel! Pero tan pronto como las bestias feroces reconocieron a la mula, <span id=\"65\" class=\"pagenum ws-pagenum\" title=\"P\u00e1gina: Tarsot - Fabliaux and Tales of the Middle Ages 1913.djvu \/ 69\"><\/span>Todos se inclinaron para lamerle los pies y regresaron a su guarida. \u00a1Qu\u00e9 suspiro de alivio dio el maestro Queux!<\/p><p>Al salir del bosque, apareci\u00f3 un valle tan oscuro, tan profundo y tan negro que el m\u00e1s valiente caballero no se habr\u00eda atrevido a entrar en \u00e9l sin estremecerse. La mula entr\u00f3 sin preocuparse por su jinete que temblaba como una hoja. Y no sin raz\u00f3n. De todas las grietas de la roca escapaban escorpiones, dragones y serpientes, que silbaban y vomitaban llamas. Solo estas llamas arrojaron algo de luz a las profundidades del valle. Alrededor del pobre Senescal rugieron los vientos furiosos, los torrentes rugieron como truenos, las monta\u00f1as se derrumbaron con un estruendo horrible. Adem\u00e1s, aunque el aire estaba helado que en Islandia, el sudor corr\u00eda por todo el cuerpo del Maestro Queux. Sin embargo, cruz\u00f3 el valle, gracias a su montura, y empez\u00f3 a respirar. Pero frente a ellos, al borde de una gran llanura desierta, hay un r\u00edo ancho y profundo, donde no se ve\u00eda ni puente ni barco. Sobre las aguas negras, entre dos rocas escarpadas que bordeaban las dos orillas opuestas, se extend\u00eda el tronco redondeado de un gran abeto. Queux no pudo decidirse a aventurarse en este puente. Por lo tanto, abandon\u00f3 la aventura y volvi\u00f3 sobre sus pasos con el o\u00eddo bajo. \u00a1Pobre de m\u00ed! tuvimos que volver por el valle y el bosque. Las serpientes y los leones parec\u00edan re\u00edrse de \u00e9l, lo que no impidi\u00f3 que se abalanzaran sobre \u00e9l con una especie de alegr\u00eda, y lo habr\u00edan devorado mil veces, si hubieran podido tirarlo al suelo sin tocarlo. la mula.<\/p><p>Tan pronto como se acerc\u00f3 al castillo, los vig\u00edas que <span id=\"66\" class=\"pagenum ws-pagenum\" title=\"P\u00e1gina: Tarsot - Fabliaux and Tales of the Middle Ages 1913.djvu \/ 70\"><\/span>mirando desde lo alto de las torres se lo se\u00f1al\u00f3 al rey Artus. Y que todos se acerquen a las ventanas para ver su entrada. Los caballeros se reunieron como para recibirlo con honor. El propio Artus vino a ofrecerle llevarlo al beso prometido. \u00a1Qu\u00e9 carcajadas resonaron alrededor del pobre Queux cuando tuvo que admitir que lleg\u00f3 a casa con las manos vac\u00edas! Damas y se\u00f1oritas, barones, escuderos y pajes, todos bromeaban con \u00e9l, y el infortunado senescal, sin saber a qu\u00e9 ni a qui\u00e9n responder, y sin atreverse a levantar la vista, desapareci\u00f3 y se fue a esconder.<\/p><p><a class=\"image\" href=\"https:\/\/fr.wikisource.org\/wiki\/Fichier:Tarsot_-_Fabliaux_et_Contes_du_Moyen_%C3%82ge_1913-70.jpg\" rel=\"nofollow noopener\" target=\"_blank\"><img decoding=\"async\" src=\"https:\/\/upload.wikimedia.org\/wikipedia\/commons\/4\/48\/Tarsot_-_Fabliaux_et_Contes_du_Moyen_%C3%82ge_1913-70.jpg\" alt=\"Tarsot - Fabliaux y cuentos de la Edad Media 1913-70.jpg\" width=\"446\" height=\"393\" data-file-width=\"446\" data-file-height=\"393\" data-file- title=\"\"><\/a><\/p><div>\u00a0<\/div><p>La joven estaba a\u00fan m\u00e1s angustiada que \u00e9l. Ca\u00edda de su esperanza, llor\u00f3 amargamente. El valiente Gauvain, el mejor de los caballeros de Artus, se sinti\u00f3 conmovido por su dolor. Se acerco, le ofrecio <span id=\"67\" class=\"pagenum ws-pagenum\" title=\"P\u00e1gina: Tarsot - Fabliaux and Tales of the Middle Ages 1913.djvu \/ 71\"><\/span>valientemente su espada y prometi\u00f3 secar sus l\u00e1grimas; pero como Messire Queux, quer\u00eda un beso por adelantado. Se conoc\u00edan los peligros a correr, aumentaban las desgracias de la bella. Gauvain ten\u00eda, adem\u00e1s, otro rostro que el de su predecesor. \u00bfY c\u00f3mo rechazar a un caballero tan valiente, cuyo valor, tan a menudo probado, inspiraba confianza? Por tanto, se concedi\u00f3 el beso y Gauvain parti\u00f3 a su vez en la mula.<\/p><p>Se presentaron los mismos peligros; \u00e9l solo se ri\u00f3 de eso. Leones y serpientes se abalanzaron sobre \u00e9l; sac\u00f3 su espada y fue a luchar contra ellos. Los monstruos, inclin\u00e1ndose ante la mula, se retiraron en silencio y Gwain volvi\u00f3 a guardar la espada en la vaina. Finalmente llega al r\u00edo, ve el tronco del pino, se recomienda a Dios y se precipita sobre este peligroso puente. Era tan estrecho que la mula apenas pod\u00eda poner la mitad de sus patas sobre \u00e9l, tan liso y tan redondeado que se podr\u00eda haber jurado que resbalar\u00eda con cada paso. Alrededor del h\u00e9roe, las olas espumosas rugieron y se precipitaron sobre \u00e9l para derribarlo y tragarlo; pero fue inquebrantable y felizmente aterriz\u00f3 en la orilla.<\/p><p>All\u00ed estaba un castillo fortificado, amueblado en el exterior con una hilera de cuatrocientas estacas en forma de empalizada, cada una de las cuales ten\u00eda una cabeza ensangrentada, con la excepci\u00f3n de una cuya punta todav\u00eda desnuda parec\u00eda aguardar este terrible adorno. La fortaleza, rodeada de profundas zanjas, llenas de un torrente impetuoso, giraba sobre s\u00ed misma como una muela sobre su pivote o como la pezu\u00f1a que hace girar un ni\u00f1o sobre su cintur\u00f3n. Ning\u00fan puente cruz\u00f3 la zanja y Gauvain, que no vio forma de llegar <span id=\"68\" class=\"pagenum ws-pagenum\" title=\"P\u00e1gina: Tarsot - Fabliaux and Tales of the Middle Ages 1913.djvu \/ 72\"><\/span>la pared, se pregunt\u00f3 c\u00f3mo podr\u00eda ejercer su valor en este lugar. Sin embargo, esper\u00f3, esperando que la fortaleza, tal vez, en una de estas revoluciones, le ofreciera alguna puerta de entrada, y decidi\u00f3 en cualquier caso perecer en el lugar antes que regresar avergonzado. De hecho, se abri\u00f3 una puerta; pica a su mula, que salt\u00f3 a trav\u00e9s de la zanja, y aqu\u00ed estaba en el castillo.<\/p><p><a class=\"image\" href=\"https:\/\/fr.wikisource.org\/wiki\/Fichier:Tarsot_-_Fabliaux_et_Contes_du_Moyen_%C3%82ge_1913-72.jpg\" rel=\"nofollow noopener\" target=\"_blank\"><img loading=\"lazy\" decoding=\"async\" src=\"https:\/\/upload.wikimedia.org\/wikipedia\/commons\/a\/ac\/Tarsot_-_Fabliaux_et_Contes_du_Moyen_%C3%82ge_1913-72.jpg\" alt=\"Tarsot - Fabliaux y cuentos de la Edad Media 1913-72.jpg\" width=\"421\" height=\"495\" data-file-width=\"421\" data-file-height=\"495\" data-file- title=\"\"><\/a><\/p><p>Gauvain se crey\u00f3 por primera vez en el reino de la muerte. Patios vac\u00edos, nadie en las ventanas, el silencio de la soledad por todas partes. Un enano finalmente aparece, se para frente a \u00e9l y lo examina de pies a cabeza. Gwain <span id=\"69\" class=\"pagenum ws-pagenum\" title=\"P\u00e1gina: Tarsot - Fabliaux and Tales of the Middle Ages 1913.djvu \/ 73\"><\/span>le pregunta qui\u00e9n es su se\u00f1or o su dama, d\u00f3nde se pueden encontrar y qu\u00e9 necesitan. El enano no responde y se retira. El caballero contin\u00faa su camino y ve a un gigante terriblemente feo emergiendo de un pasaje subterr\u00e1neo, peludo como un oso y armado con un hacha. Gauvain lo interroga como hab\u00eda interrogado al enano. El gigante lo elogia por su valent\u00eda, pero se compadece de \u00e9l por haber venido a intentar una aventura cuyo desenlace le parece fatal y que la vista de las cabezas cortadas que se alineaban en la empalizada deber\u00eda haberle advertido que evitara. Sin embargo, se pone a su servicio, lo alimenta, lo trata bien, lo conduce a la habitaci\u00f3n donde va a dormir; pero, antes de salir, ordena al h\u00e9roe que le corte la cabeza, anunciando que vendr\u00e1 a su vez para hacerle lo mismo al d\u00eda siguiente. Gauvain toma su espada y pone la cabeza en pie. El gigante lo recoge, se lo vuelve a poner sobre los hombros y se va. Gauvain no pod\u00eda creer lo que ve\u00eda. Pero, como un hombre acostumbrado a las aventuras, se acuesta y duerme tranquilo, sin preocuparse por el destino que le espera al d\u00eda siguiente. Al amanecer, el gigante llega con su hacha para cumplir su promesa; despierta al caballero y, seg\u00fan las condiciones del d\u00eda anterior, le ordena que presente su cabeza. Gauvain estira el cuello sin balancearse; era s\u00f3lo una prueba para tentar su valor. El gigante lo abraza con transporte y lo elogia por su valent\u00eda. El caballero luego pregunta d\u00f3nde puede conseguir el freno y qu\u00e9 hacer para conseguirlo. \u201cLo sabr\u00e1s antes de que acabe el d\u00eda\u201d, le dijo el gigante, \u201cpero prepara todo tu valor, nunca m\u00e1s lo necesitaste, porque no te quedar\u00e1s sin enemigos para luchar. &quot; <span id=\"70\" class=\"pagenum ws-pagenum\" title=\"P\u00e1gina: Tarsot - Fabliaux and Tales of the Middle Ages 1913.djvu \/ 74\"><\/span><\/p><p>Al mediod\u00eda es trasladado al lugar de la pelea. Aparece un enorme le\u00f3n que, mientras echaba espuma, mordi\u00f3 su cadena y, con sus garras, cav\u00f3 la tierra con furia. Al ver al h\u00e9roe, el monstruo ruge, se eriza la melena, abre una boca enorme; su cadena cae y corre hacia Gauvain, cuya cota de malla rompe. Sin embargo, fue asesinado despu\u00e9s de una larga lucha, pero para dar paso a otro a\u00fan m\u00e1s grande y furioso que sucumbi\u00f3 a su vez no sin peligro para nuestro h\u00e9roe. Gauvain, al ver que no aparec\u00edan m\u00e1s enemigos, pidi\u00f3 el freno. El gigante, sin responderle, lo lleva de regreso a su habitaci\u00f3n, le hace servir comida para reponer sus fuerzas y le anuncia que va a luchar contra otro enemigo.<\/p><p>Era un caballero formidable, el mismo que hab\u00eda plantado las estacas del recinto, y que, con su propia mano, les hab\u00eda unido las cabezas de los trescientos noventa y nueve caballeros conquistados. Cada uno trae un caballo y les da una lanza fuerte; se alejan para emprender una carrera y fusionarse entre s\u00ed. Desde el primer impacto, sus lanzas se rompieron y las correas de sus caballos se rompieron. Se levantan de inmediato para comenzar un nuevo combate a pie. Sus armas resuenan bajo su formidable espada, su escudo resplandece y, durante dos horas enteras, la victoria permanece incierta. Gauvain redobla su coraje; Asesta un golpe tan terrible en la cabeza de su adversario que, partiendo su casco en c\u00edrculos, lo aturde y lo derriba. Todo hab\u00eda terminado con el caballero; iba a perecer si no se hab\u00eda confesado conquistado, y ya le estaban arrancando los cordones del yelmo. Pero entreg\u00f3 su espada y pidi\u00f3 la vida. A partir de ese momento todo fue <span id=\"71\" class=\"pagenum ws-pagenum\" title=\"P\u00e1gina: Tarsot - Fabliaux and Tales of the Middle Ages 1913.djvu \/ 75\"><\/span>Terminado. El ganador ten\u00eda derecho al freno; no se le pod\u00eda negar; s\u00f3lo quedaba hacerle renunciar a \u00e9l mismo, y as\u00ed esperaban triunfar.<\/p><p>El enano, acerc\u00e1ndose a saludarlo con respeto, lo invit\u00f3 en nombre del se\u00f1or del se\u00f1or, su amante, a participar en una gran fiesta. Ella lo recibi\u00f3 cubierto de seda y piedras preciosas y sentado en un trono de plata coronado por un dosel de terciopelo bordado en oro. Su belleza deslumbraba. Puso a Gwain a su lado y quiso servirle ella misma durante la comida. Entre otras cosas, le reproch\u00f3 tiernamente la muerte de sus leones y la derrota de su caballero. &quot;Ellos eran&quot;, dijo, &quot;\u00a1mis \u00fanicos defensores!&quot; Luego confes\u00f3 que la se\u00f1orita de la mula era su hermana y que le hab\u00eda quitado el freno. \u201cRenuncia, Messire\u201d, a\u00f1adi\u00f3, \u201clos derechos de tu victoria. Ac\u00e9rquense a m\u00ed y ded\u00edquenme este brazo invencible cuya fuerza acabo de experimentar, este castillo y otros treinta y ocho m\u00e1s hermosos a\u00fan son suyos con todas sus riquezas, y el que les suplica que las acepte se sentir\u00e1 honrado de convi\u00e9rtase en el premio del ganador. &quot;<\/p><p>Estas atractivas ofertas no conmovieron a Gauvain. Segu\u00eda insistiendo en pedir el freno, y cuando lo consigui\u00f3, parti\u00f3 de nuevo en mula entre los c\u00e1nticos festivos de una multitud que, para su asombro, corri\u00f3 en su camino. Estos eran los habitantes del castillo que, hasta entonces confinados en sus casas por la tiran\u00eda de su dama, no pod\u00edan dejarlos sin correr el riesgo de ser devorados por sus leones y que, ahora libres, acudieron a besar su mano libertadora. <span id=\"72\" class=\"pagenum ws-pagenum\" title=\"P\u00e1gina: Tarsot - Fabliaux and Tales of the Middle Ages 1913.djvu \/ 76\"><\/span><\/p><p>Por tanto, Gauvain volvi\u00f3 a Carduel. Fue una gran celebraci\u00f3n a su regreso. La joven lo recibi\u00f3 con transportes de alegr\u00eda y gratitud y le concedi\u00f3 el beso prometido. Pero, mire la maldad de las mujeres, apenas hab\u00eda pagado su deuda cuando ten\u00eda todo preparado para su partida. En vano Artus y la reina Juniper la instaron a esperar hasta que terminaran las fiestas, nada pod\u00eda detenerla; se despidi\u00f3 de ellos, se mont\u00f3 en su mula y se puso en camino de nuevo.<\/p>\t\t\t\t\t\t\t\t<\/div>\n\t\t\t\t<\/div>\n\t\t\t\t\t<\/div>\n\t\t<\/div>\n\t\t\t\t\t<\/div>\n\t\t<\/section>\n\t\t\t\t<\/div>","protected":false},"excerpt":{"rendered":"<p>Mythologie Bretonne Wiki La Demoiselle \u00e0 la mule (appel\u00e9 aussi parfois La Mule sans frein) est un roman en vers, &hellip; <\/p>","protected":false},"author":1,"featured_media":0,"parent":96,"menu_order":0,"comment_status":"closed","ping_status":"closed","template":"","meta":{"footnotes":""},"class_list":["post-14535","page","type-page","status-publish","hentry"],"amp_enabled":true,"_links":{"self":[{"href":"https:\/\/mythslegendes.com\/es\/wp-json\/wp\/v2\/pages\/14535","targetHints":{"allow":["GET"]}}],"collection":[{"href":"https:\/\/mythslegendes.com\/es\/wp-json\/wp\/v2\/pages"}],"about":[{"href":"https:\/\/mythslegendes.com\/es\/wp-json\/wp\/v2\/types\/page"}],"author":[{"embeddable":true,"href":"https:\/\/mythslegendes.com\/es\/wp-json\/wp\/v2\/users\/1"}],"replies":[{"embeddable":true,"href":"https:\/\/mythslegendes.com\/es\/wp-json\/wp\/v2\/comments?post=14535"}],"version-history":[{"count":1,"href":"https:\/\/mythslegendes.com\/es\/wp-json\/wp\/v2\/pages\/14535\/revisions"}],"predecessor-version":[{"id":25234,"href":"https:\/\/mythslegendes.com\/es\/wp-json\/wp\/v2\/pages\/14535\/revisions\/25234"}],"up":[{"embeddable":true,"href":"https:\/\/mythslegendes.com\/es\/wp-json\/wp\/v2\/pages\/96"}],"wp:attachment":[{"href":"https:\/\/mythslegendes.com\/es\/wp-json\/wp\/v2\/media?parent=14535"}],"curies":[{"name":"wp","href":"https:\/\/api.w.org\/{rel}","templated":true}]}}