{"id":14544,"date":"2021-10-18T17:43:36","date_gmt":"2021-10-18T17:43:36","guid":{"rendered":"https:\/\/mythslegendes.com\/?page_id=14544"},"modified":"2022-12-03T22:12:07","modified_gmt":"2022-12-03T22:12:07","slug":"wigalois","status":"publish","type":"page","link":"https:\/\/mythslegendes.com\/es\/mitologia-bretona\/wigalois\/","title":{"rendered":"Wigalois el caballero al volante"},"content":{"rendered":"<div data-elementor-type=\"wp-page\" data-elementor-id=\"14544\" class=\"elementor elementor-14544\">\n\t\t\t\t\t\t<section class=\"elementor-section elementor-top-section elementor-element elementor-element-b61c805 elementor-section-boxed elementor-section-height-default elementor-section-height-default\" data-id=\"b61c805\" data-element_type=\"section\" data-e-type=\"section\">\n\t\t\t\t\t\t<div class=\"elementor-container elementor-column-gap-default\">\n\t\t\t\t\t<div class=\"elementor-column elementor-col-50 elementor-top-column elementor-element elementor-element-c37b196\" data-id=\"c37b196\" data-element_type=\"column\" data-e-type=\"column\">\n\t\t\t<div class=\"elementor-widget-wrap elementor-element-populated\">\n\t\t\t\t\t\t<div class=\"elementor-element elementor-element-50e8087 elementor-align-justify elementor-widget elementor-widget-button\" data-id=\"50e8087\" data-element_type=\"widget\" data-e-type=\"widget\" data-widget_type=\"button.default\">\n\t\t\t\t<div class=\"elementor-widget-container\">\n\t\t\t\t\t\t\t\t\t<div class=\"elementor-button-wrapper\">\n\t\t\t\t\t<a class=\"elementor-button elementor-button-link elementor-size-sm\" href=\"https:\/\/mythslegendes.com\/es\/mitologia-bretona\/\">\n\t\t\t\t\t\t<span class=\"elementor-button-content-wrapper\">\n\t\t\t\t\t\t\t\t\t<span class=\"elementor-button-text\">Mitolog\u00eda bretona<\/span>\n\t\t\t\t\t<\/span>\n\t\t\t\t\t<\/a>\n\t\t\t\t<\/div>\n\t\t\t\t\t\t\t\t<\/div>\n\t\t\t\t<\/div>\n\t\t\t\t\t<\/div>\n\t\t<\/div>\n\t\t\t\t<div class=\"elementor-column elementor-col-50 elementor-top-column elementor-element elementor-element-59c7df5\" data-id=\"59c7df5\" data-element_type=\"column\" data-e-type=\"column\">\n\t\t\t<div class=\"elementor-widget-wrap elementor-element-populated\">\n\t\t\t\t\t\t<div class=\"elementor-element elementor-element-eb71aa3 elementor-align-justify elementor-widget elementor-widget-button\" data-id=\"eb71aa3\" data-element_type=\"widget\" data-e-type=\"widget\" data-widget_type=\"button.default\">\n\t\t\t\t<div class=\"elementor-widget-container\">\n\t\t\t\t\t\t\t\t\t<div class=\"elementor-button-wrapper\">\n\t\t\t\t\t<a class=\"elementor-button elementor-button-link elementor-size-sm\" href=\"https:\/\/www.uga-editions.com\/menu-principal\/collections-et-revues\/toutes-nos-collections\/moyen-age-europeen\/wigalois-le-chevalier-a-la-roue-250579.kjsp\" target=\"_blank\" rel=\"noopener\">\n\t\t\t\t\t\t<span class=\"elementor-button-content-wrapper\">\n\t\t\t\t\t\t\t\t\t<span class=\"elementor-button-text\">Wiki<\/span>\n\t\t\t\t\t<\/span>\n\t\t\t\t\t<\/a>\n\t\t\t\t<\/div>\n\t\t\t\t\t\t\t\t<\/div>\n\t\t\t\t<\/div>\n\t\t\t\t\t<\/div>\n\t\t<\/div>\n\t\t\t\t\t<\/div>\n\t\t<\/section>\n\t\t\t\t<section class=\"elementor-section elementor-top-section elementor-element elementor-element-dc18f51 elementor-section-boxed elementor-section-height-default elementor-section-height-default\" data-id=\"dc18f51\" data-element_type=\"section\" data-e-type=\"section\">\n\t\t\t\t\t\t<div class=\"elementor-container elementor-column-gap-default\">\n\t\t\t\t\t<div class=\"elementor-column elementor-col-100 elementor-top-column elementor-element elementor-element-0b160bc\" data-id=\"0b160bc\" data-element_type=\"column\" data-e-type=\"column\">\n\t\t\t<div class=\"elementor-widget-wrap elementor-element-populated\">\n\t\t\t\t\t\t<div class=\"elementor-element elementor-element-b725e74 elementor-widget elementor-widget-text-editor\" data-id=\"b725e74\" data-element_type=\"widget\" data-e-type=\"widget\" data-widget_type=\"text-editor.default\">\n\t\t\t\t<div class=\"elementor-widget-container\">\n\t\t\t\t\t\t\t\t\t<p>La novela de Wirnt de Grafenberg, escrita alrededor de 1210, cuenta la historia del hijo de Gauvain y el hada Florie. la <em>novela Wigalois<\/em> cuenta la historia del hijo de Gauvain desde su nacimiento hasta su coronaci\u00f3n, despu\u00e9s de muchas aventuras inici\u00e1ticas bien ancladas en la maravilla de <a href=\"https:\/\/mythslegendes.com\/es\/mitologia-bretona\/\">Asunto de Breta\u00f1a<\/a> y donde el h\u00e9roe se enfrenta a gigantes, enanos, dragones y fantasmas...<\/p><p><img decoding=\"async\" class=\"alignnone wp-image-9347 size-full\" src=\"https:\/\/mythslegendes.com\/wp-content\/uploads\/2020\/09\/cropped-AlphaOmega-e1602613368367.png\" alt=\"Wigalois el caballero al volante de Wirnt von grafenberg\" width=\"25\" height=\"25\" title=\"\"><\/p>\t\t\t\t\t\t\t\t<\/div>\n\t\t\t\t<\/div>\n\t\t\t\t\t<\/div>\n\t\t<\/div>\n\t\t\t\t\t<\/div>\n\t\t<\/section>\n\t\t\t\t<section class=\"elementor-section elementor-top-section elementor-element elementor-element-b5bc876 elementor-section-boxed elementor-section-height-default elementor-section-height-default\" data-id=\"b5bc876\" data-element_type=\"section\" data-e-type=\"section\">\n\t\t\t\t\t\t<div class=\"elementor-container elementor-column-gap-default\">\n\t\t\t\t\t<div class=\"elementor-column elementor-col-100 elementor-top-column elementor-element elementor-element-c5a97f0\" data-id=\"c5a97f0\" data-element_type=\"column\" data-e-type=\"column\">\n\t\t\t<div class=\"elementor-widget-wrap elementor-element-populated\">\n\t\t\t\t\t\t<div class=\"elementor-element elementor-element-c985238 elementor-widget elementor-widget-heading\" data-id=\"c985238\" data-element_type=\"widget\" data-e-type=\"widget\" data-widget_type=\"heading.default\">\n\t\t\t\t<div class=\"elementor-widget-container\">\n\t\t\t\t\t<div id=\"ez-toc-container\" class=\"ez-toc-v2_0_82_2 counter-hierarchy ez-toc-counter ez-toc-grey ez-toc-container-direction\">\n<div class=\"ez-toc-title-container\">\n<p class=\"ez-toc-title\" style=\"cursor:inherit\">Contenido<\/p>\n<span class=\"ez-toc-title-toggle\"><a href=\"#\" class=\"ez-toc-pull-right ez-toc-btn ez-toc-btn-xs ez-toc-btn-default ez-toc-toggle\" aria-label=\"Alternar tabla de contenidos\"><span class=\"ez-toc-js-icon-con\"><span class=\"\"><span class=\"eztoc-hide\" style=\"display:none;\">Palanca<\/span><span class=\"ez-toc-icon-toggle-span\"><svg style=\"fill: #999;color:#999\" xmlns=\"http:\/\/www.w3.org\/2000\/svg\" class=\"list-377408\" width=\"20px\" height=\"20px\" viewbox=\"0 0 24 24\" fill=\"none\"><path d=\"M6 6H4v2h2V6zm14 0H8v2h12V6zM4 11h2v2H4v-2zm16 0H8v2h12v-2zM4 16h2v2H4v-2zm16 0H8v2h12v-2z\" fill=\"currentColor\"><\/path><\/svg><svg style=\"fill: #999;color:#999\" class=\"arrow-unsorted-368013\" xmlns=\"http:\/\/www.w3.org\/2000\/svg\" width=\"10px\" height=\"10px\" viewbox=\"0 0 24 24\" version=\"1.2\" baseprofile=\"tiny\"><path d=\"M18.2 9.3l-6.2-6.3-6.2 6.3c-.2.2-.3.4-.3.7s.1.5.3.7c.2.2.4.3.7.3h11c.3 0 .5-.1.7-.3.2-.2.3-.5.3-.7s-.1-.5-.3-.7zM5.8 14.7l6.2 6.3 6.2-6.3c.2-.2.3-.5.3-.7s-.1-.5-.3-.7c-.2-.2-.4-.3-.7-.3h-11c-.3 0-.5.1-.7.3-.2.2-.3.5-.3.7s.1.5.3.7z\"\/><\/svg><\/span><\/span><\/span><\/a><\/span><\/div>\n<nav><ul class='ez-toc-list ez-toc-list-level-1' ><li class='ez-toc-page-1 ez-toc-heading-level-2'><a class=\"ez-toc-link ez-toc-heading-1\" href=\"https:\/\/mythslegendes.com\/es\/mitologia-bretona\/wigalois\/#Wigalois-le-chevalier-a-la-roue-de-wirnt-von-grafenberg\" >Wigalois el caballero al volante de Wirnt von grafenberg<\/a><\/li><\/ul><\/nav><\/div>\n<h2 class=\"elementor-heading-title elementor-size-default\"><span class=\"ez-toc-section\" id=\"Wigalois-le-chevalier-a-la-roue-de-wirnt-von-grafenberg\"><\/span>Wigalois el caballero al volante de Wirnt von grafenberg<span class=\"ez-toc-section-end\"><\/span><\/h2>\t\t\t\t<\/div>\n\t\t\t\t<\/div>\n\t\t\t\t\t<\/div>\n\t\t<\/div>\n\t\t\t\t\t<\/div>\n\t\t<\/section>\n\t\t\t\t<section class=\"elementor-section elementor-top-section elementor-element elementor-element-836e3fc elementor-section-boxed elementor-section-height-default elementor-section-height-default\" data-id=\"836e3fc\" data-element_type=\"section\" data-e-type=\"section\">\n\t\t\t\t\t\t<div class=\"elementor-container elementor-column-gap-default\">\n\t\t\t\t\t<div class=\"elementor-column elementor-col-100 elementor-top-column elementor-element elementor-element-eea23e5\" data-id=\"eea23e5\" data-element_type=\"column\" data-e-type=\"column\">\n\t\t\t<div class=\"elementor-widget-wrap elementor-element-populated\">\n\t\t\t\t\t\t<div class=\"elementor-element elementor-element-c8be85a elementor-widget elementor-widget-text-editor\" data-id=\"c8be85a\" data-element_type=\"widget\" data-e-type=\"widget\" data-widget_type=\"text-editor.default\">\n\t\t\t\t<div class=\"elementor-widget-container\">\n\t\t\t\t\t\t\t\t\t<p class=\"font_8\">Frente a la ciudad de Carduel, Gawain, sobrino del rey Arturo, es hecho prisionero por el rey Floreis, quien logra derrotarlo en batalla gracias a una piedra m\u00e1gica que lleva consigo y le otorga poderes. Floreis luego se lleva a Gawain con \u00e9l a su pa\u00eds, trat\u00e1ndolo con grandes honores. Y cuando le presenta a su hermana, el hada Florie, Gauvain cree ver un \u00e1ngel y se enamora inmediatamente de ella. Floreis luego le propone a Gauvain que se case con Florie.<\/p><p class=\"font_8\">Gauvain acepta de inmediato, y Floreis est\u00e1 encantado de ver a su hermana casada con un caballero de tan gran renombre y tan alto linaje. Tiempo despu\u00e9s nacer\u00e1 de esta nueva uni\u00f3n un hijo llamado Wigalois. M\u00e1s tarde, un d\u00eda que Wigalois se hospeda en Carduel, una joven dama acompa\u00f1ada de un enano llega a la corte de Arturo y exige que un caballero intente acudir en ayuda de su dama intentando la aventura de Corotin, es decir, entregar este lugar de las crueles Roas de Glois.<\/p><p class=\"font_8\">De hecho, este \u00faltimo traicion\u00f3 y asesin\u00f3 una vez al antiguo rey de Corotin. Wigalois, si lo consigue, obtendr\u00e1 el amor de la bella Larie, la hija de este rey fallecido, y los territorios de Corotin. Wigalois se embarca entonces en una aventura, acompa\u00f1ada por la joven y su enano. Al principio demuestra su val\u00eda triunfando sobre el Caballero Rojo, restaurando as\u00ed a Marene, la hija del rey de <a href=\"https:\/\/mythslegendes.com\/es\/mythes-et-legendes-de-perse-1542\/\">persa<\/a>, el p\u00e1jaro y el palafr\u00e9n que le hab\u00eda regalado el rey de Irlanda como recompensa por su belleza.<\/p><p class=\"font_8\">Despu\u00e9s de algunas aventuras y despu\u00e9s de conocer a Larie de quien se enamora en el castillo de Roymund, Wigalois sigue a un drag\u00f3n coronado (un ciervo en la versi\u00f3n original de Wigalois) que se transforma en humano: en realidad es el fantasma del antiguo rey de Corotin, quien le da una hoja de tilo para protegerlo y una lanza para matar al horrible drag\u00f3n Pheton. Wigalois luego mata a Pheton y as\u00ed libera al Conde Moral.<\/p><p class=\"font_8\">M\u00e1s tarde, Wigalois es atacado por Ruel la mujer salvaje, luego mata al enano Karios y Marin, una especie de centauro con cabeza de perro, ambos sirvientes de Roas y guardianes del reino de Corotin. Despu\u00e9s de luchar contra el Conde Adam, quien luego se convierte en su fiel amigo, logra matar a Roas y luego se casa con Larie. <\/p><p class=\"font_8\">Y mientras su boda apenas ha terminado, parte hacia Namur, ayudado entre otros por Gauvain, Yvain, Erec y Lancelot, as\u00ed como por Marene y su amado Conde Adam, para vengar al rey Amire de Libia por su asesino Lyons. Durante la batalla, tanto Marene como Adam encuentran la muerte. La novela termina con el nacimiento de Benehamis, el nieto de Gauvain.<\/p><p class=\"font_8\">Esta historia se parece extra\u00f1amente, sobre todo al principio, a Le Bel Inconnu de Renaud de Beaujeu. Se cree que estos dos textos provienen de una historia m\u00e1s antigua que ahora se ha perdido.<\/p>\t\t\t\t\t\t\t\t<\/div>\n\t\t\t\t<\/div>\n\t\t\t\t\t<\/div>\n\t\t<\/div>\n\t\t\t\t\t<\/div>\n\t\t<\/section>\n\t\t\t\t<\/div>","protected":false},"excerpt":{"rendered":"<p>Breton Mythology Wiki La novela de Wirnt de Grafenberg, escrita alrededor de 1210, cuenta la historia del hijo de Gawain y... <\/p>","protected":false},"author":1,"featured_media":0,"parent":96,"menu_order":0,"comment_status":"closed","ping_status":"closed","template":"","meta":{"footnotes":""},"class_list":["post-14544","page","type-page","status-publish","hentry"],"amp_enabled":true,"_links":{"self":[{"href":"https:\/\/mythslegendes.com\/es\/wp-json\/wp\/v2\/pages\/14544","targetHints":{"allow":["GET"]}}],"collection":[{"href":"https:\/\/mythslegendes.com\/es\/wp-json\/wp\/v2\/pages"}],"about":[{"href":"https:\/\/mythslegendes.com\/es\/wp-json\/wp\/v2\/types\/page"}],"author":[{"embeddable":true,"href":"https:\/\/mythslegendes.com\/es\/wp-json\/wp\/v2\/users\/1"}],"replies":[{"embeddable":true,"href":"https:\/\/mythslegendes.com\/es\/wp-json\/wp\/v2\/comments?post=14544"}],"version-history":[{"count":1,"href":"https:\/\/mythslegendes.com\/es\/wp-json\/wp\/v2\/pages\/14544\/revisions"}],"predecessor-version":[{"id":25235,"href":"https:\/\/mythslegendes.com\/es\/wp-json\/wp\/v2\/pages\/14544\/revisions\/25235"}],"up":[{"embeddable":true,"href":"https:\/\/mythslegendes.com\/es\/wp-json\/wp\/v2\/pages\/96"}],"wp:attachment":[{"href":"https:\/\/mythslegendes.com\/es\/wp-json\/wp\/v2\/media?parent=14544"}],"curies":[{"name":"wp","href":"https:\/\/api.w.org\/{rel}","templated":true}]}}