{"id":14621,"date":"2021-11-01T16:42:38","date_gmt":"2021-11-01T16:42:38","guid":{"rendered":"https:\/\/mythslegendes.com\/?page_id=14621"},"modified":"2022-12-03T22:12:08","modified_gmt":"2022-12-03T22:12:08","slug":"contes-de-canterbury-le-cuisinier-268","status":"publish","type":"page","link":"https:\/\/mythslegendes.com\/es\/mitologia-bretona\/cuentos-de-canterbury-el-cocinero-268\/","title":{"rendered":"Cuentos de Canterbury: El cocinero"},"content":{"rendered":"\t\t<div data-elementor-type=\"wp-page\" data-elementor-id=\"14621\" class=\"elementor elementor-14621\">\n\t\t\t\t\t\t<section class=\"elementor-section elementor-top-section elementor-element elementor-element-6fd8974 elementor-section-boxed elementor-section-height-default elementor-section-height-default\" data-id=\"6fd8974\" data-element_type=\"section\" data-e-type=\"section\">\n\t\t\t\t\t\t<div class=\"elementor-container elementor-column-gap-default\">\n\t\t\t\t\t<div class=\"elementor-column elementor-col-50 elementor-top-column elementor-element elementor-element-b7aa8b4\" data-id=\"b7aa8b4\" data-element_type=\"column\" data-e-type=\"column\">\n\t\t\t<div class=\"elementor-widget-wrap elementor-element-populated\">\n\t\t\t\t\t\t<div class=\"elementor-element elementor-element-95be0ef elementor-align-justify elementor-widget elementor-widget-button\" data-id=\"95be0ef\" data-element_type=\"widget\" data-e-type=\"widget\" data-widget_type=\"button.default\">\n\t\t\t\t<div class=\"elementor-widget-container\">\n\t\t\t\t\t\t\t\t\t<div class=\"elementor-button-wrapper\">\n\t\t\t\t\t<a class=\"elementor-button elementor-button-link elementor-size-sm\" href=\"https:\/\/mythslegendes.com\/mythologie-bretonne\/\">\n\t\t\t\t\t\t<span class=\"elementor-button-content-wrapper\">\n\t\t\t\t\t\t\t\t\t<span class=\"elementor-button-text\">Mythologie Bretonne<\/span>\n\t\t\t\t\t<\/span>\n\t\t\t\t\t<\/a>\n\t\t\t\t<\/div>\n\t\t\t\t\t\t\t\t<\/div>\n\t\t\t\t<\/div>\n\t\t\t\t\t<\/div>\n\t\t<\/div>\n\t\t\t\t<div class=\"elementor-column elementor-col-50 elementor-top-column elementor-element elementor-element-2670ae3\" data-id=\"2670ae3\" data-element_type=\"column\" data-e-type=\"column\">\n\t\t\t<div class=\"elementor-widget-wrap elementor-element-populated\">\n\t\t\t\t\t\t<div class=\"elementor-element elementor-element-81c78e6 elementor-align-justify elementor-widget elementor-widget-button\" data-id=\"81c78e6\" data-element_type=\"widget\" data-e-type=\"widget\" data-widget_type=\"button.default\">\n\t\t\t\t<div class=\"elementor-widget-container\">\n\t\t\t\t\t\t\t\t\t<div class=\"elementor-button-wrapper\">\n\t\t\t\t\t<a class=\"elementor-button elementor-button-link elementor-size-sm\" href=\"https:\/\/fr.wikipedia.org\/wiki\/Les_Contes_de_Canterbury\" target=\"_blank\" rel=\"noopener\">\n\t\t\t\t\t\t<span class=\"elementor-button-content-wrapper\">\n\t\t\t\t\t\t\t\t\t<span class=\"elementor-button-text\">Wiki<\/span>\n\t\t\t\t\t<\/span>\n\t\t\t\t\t<\/a>\n\t\t\t\t<\/div>\n\t\t\t\t\t\t\t\t<\/div>\n\t\t\t\t<\/div>\n\t\t\t\t\t<\/div>\n\t\t<\/div>\n\t\t\t\t\t<\/div>\n\t\t<\/section>\n\t\t\t\t<section class=\"elementor-section elementor-top-section elementor-element elementor-element-68700fe elementor-section-boxed elementor-section-height-default elementor-section-height-default\" data-id=\"68700fe\" data-element_type=\"section\" data-e-type=\"section\">\n\t\t\t\t\t\t<div class=\"elementor-container elementor-column-gap-default\">\n\t\t\t\t\t<div class=\"elementor-column elementor-col-100 elementor-top-column elementor-element elementor-element-9b9c183\" data-id=\"9b9c183\" data-element_type=\"column\" data-e-type=\"column\">\n\t\t\t<div class=\"elementor-widget-wrap elementor-element-populated\">\n\t\t\t\t\t\t<div class=\"elementor-element elementor-element-281aec2 elementor-widget elementor-widget-text-editor\" data-id=\"281aec2\" data-element_type=\"widget\" data-e-type=\"widget\" data-widget_type=\"text-editor.default\">\n\t\t\t\t<div class=\"elementor-widget-container\">\n\t\t\t\t\t\t\t\t\t<p>Geoffrey Chaucer est un \u00e9crivain et po\u00e8te anglais n\u00e9 \u00e0 Londres dans les ann\u00e9es 1340 et mort en 1400 dans cette m\u00eame ville. Son \u0153uvre la plus c\u00e9l\u00e8bre est <i>Les Contes de Canterbury<\/i>. Les <i>Contes de Canterbury<\/i> sont, avec <i>Sire Gauvain et le Chevalier vert<\/i> (d&rsquo;un anonyme) et <i>Pierre le laboureur<\/i> (de William Langland), les toutes premi\u00e8res grandes \u0153uvres de la litt\u00e9rature anglaise. Voici le premier conte : le cuisinier.<\/p><p><img decoding=\"async\" class=\"alignnone wp-image-9347 size-full\" src=\"https:\/\/mythslegendes.com\/wp-content\/uploads\/2020\/09\/cropped-AlphaOmega-e1602613368367.png\" alt=\"contes de canterbury le cuisinier\" width=\"25\" height=\"25\" title=\"\"><\/p>\t\t\t\t\t\t\t\t<\/div>\n\t\t\t\t<\/div>\n\t\t\t\t\t<\/div>\n\t\t<\/div>\n\t\t\t\t\t<\/div>\n\t\t<\/section>\n\t\t\t\t<section class=\"elementor-section elementor-top-section elementor-element elementor-element-b14b440 elementor-section-boxed elementor-section-height-default elementor-section-height-default\" data-id=\"b14b440\" data-element_type=\"section\" data-e-type=\"section\">\n\t\t\t\t\t\t<div class=\"elementor-container elementor-column-gap-default\">\n\t\t\t\t\t<div class=\"elementor-column elementor-col-100 elementor-top-column elementor-element elementor-element-923ebf7\" data-id=\"923ebf7\" data-element_type=\"column\" data-e-type=\"column\">\n\t\t\t<div class=\"elementor-widget-wrap elementor-element-populated\">\n\t\t\t\t\t\t<div class=\"elementor-element elementor-element-d7f0c15 elementor-widget elementor-widget-heading\" data-id=\"d7f0c15\" data-element_type=\"widget\" data-e-type=\"widget\" data-widget_type=\"heading.default\">\n\t\t\t\t<div class=\"elementor-widget-container\">\n\t\t\t\t\t<div id=\"ez-toc-container\" class=\"ez-toc-v2_0_82_2 counter-hierarchy ez-toc-counter ez-toc-grey ez-toc-container-direction\">\n<div class=\"ez-toc-title-container\">\n<p class=\"ez-toc-title\" style=\"cursor:inherit\">Contenus<\/p>\n<span class=\"ez-toc-title-toggle\"><a href=\"#\" class=\"ez-toc-pull-right ez-toc-btn ez-toc-btn-xs ez-toc-btn-default ez-toc-toggle\" aria-label=\"Alternar tabla de contenidos\"><span class=\"ez-toc-js-icon-con\"><span class=\"\"><span class=\"eztoc-hide\" style=\"display:none;\">Toggle<\/span><span class=\"ez-toc-icon-toggle-span\"><svg style=\"fill: #999;color:#999\" xmlns=\"http:\/\/www.w3.org\/2000\/svg\" class=\"list-377408\" width=\"20px\" height=\"20px\" viewBox=\"0 0 24 24\" fill=\"none\"><path d=\"M6 6H4v2h2V6zm14 0H8v2h12V6zM4 11h2v2H4v-2zm16 0H8v2h12v-2zM4 16h2v2H4v-2zm16 0H8v2h12v-2z\" fill=\"currentColor\"><\/path><\/svg><svg style=\"fill: #999;color:#999\" class=\"arrow-unsorted-368013\" xmlns=\"http:\/\/www.w3.org\/2000\/svg\" width=\"10px\" height=\"10px\" viewBox=\"0 0 24 24\" version=\"1.2\" baseProfile=\"tiny\"><path d=\"M18.2 9.3l-6.2-6.3-6.2 6.3c-.2.2-.3.4-.3.7s.1.5.3.7c.2.2.4.3.7.3h11c.3 0 .5-.1.7-.3.2-.2.3-.5.3-.7s-.1-.5-.3-.7zM5.8 14.7l6.2 6.3 6.2-6.3c.2-.2.3-.5.3-.7s-.1-.5-.3-.7c-.2-.2-.4-.3-.7-.3h-11c-.3 0-.5.1-.7.3-.2.2-.3.5-.3.7s.1.5.3.7z\"\/><\/svg><\/span><\/span><\/span><\/a><\/span><\/div>\n<nav><ul class='ez-toc-list ez-toc-list-level-1 ' ><li class='ez-toc-page-1 ez-toc-heading-level-2'><a class=\"ez-toc-link ez-toc-heading-1\" href=\"https:\/\/mythslegendes.com\/es\/mitologia-bretona\/cuentos-de-canterbury-el-cocinero-268\/#Contes-de-Canterbury-Le-conte-du-cuisinier\" >Contes de Canterbury : Le conte du cuisinier<\/a><\/li><\/ul><\/nav><\/div>\n<h2 class=\"elementor-heading-title elementor-size-default\"><span class=\"ez-toc-section\" id=\"Contes-de-Canterbury-Le-conte-du-cuisinier\"><\/span>Contes de Canterbury : Le conte du cuisinier<span class=\"ez-toc-section-end\"><\/span><\/h2>\t\t\t\t<\/div>\n\t\t\t\t<\/div>\n\t\t\t\t\t<\/div>\n\t\t<\/div>\n\t\t\t\t\t<\/div>\n\t\t<\/section>\n\t\t\t\t<section class=\"elementor-section elementor-top-section elementor-element elementor-element-0aa4e6f elementor-section-boxed elementor-section-height-default elementor-section-height-default\" data-id=\"0aa4e6f\" data-element_type=\"section\" data-e-type=\"section\">\n\t\t\t\t\t\t<div class=\"elementor-container elementor-column-gap-default\">\n\t\t\t\t\t<div class=\"elementor-column elementor-col-100 elementor-top-column elementor-element elementor-element-e5b5e97\" data-id=\"e5b5e97\" data-element_type=\"column\" data-e-type=\"column\">\n\t\t\t<div class=\"elementor-widget-wrap elementor-element-populated\">\n\t\t\t\t\t\t<div class=\"elementor-element elementor-element-261e469 elementor-widget elementor-widget-text-editor\" data-id=\"261e469\" data-element_type=\"widget\" data-e-type=\"widget\" data-widget_type=\"text-editor.default\">\n\t\t\t\t<div class=\"elementor-widget-container\">\n\t\t\t\t\t\t\t\t\t<div><span class=\"sc\">Prologue du conte du Cuisinier<\/span>.<\/div><p>.<\/p><div class=\"poem\"><p>Le cuisinier de Londres, quand parlait l\u2019intendant,<br \/>De joie (ce lui semblait) lui caressait le dos.<br \/>\u00ab\u00a0Ha, ha, fit-il, ha, ha, par la passion du Christ,<br \/>la belle conclusion que ce meunier a vue<br \/>clore son argument touchant l\u2019h\u00e9bergement,<br \/><span class=\"OptionText\" title=\"Vers num\u00e9rot\u00e9s\">4330<\/span>Salomon a bien dit vraiment en son langage\u00a0:<br \/><i>Garde-toi d\u2019accueillir quiconque en ta maison<\/i>,<br \/>car h\u00e9berger la nuit est p\u00e9rilleuse chose.<br \/>Il fait bon que l\u2019on sache<br \/>Quelles gens l\u2019on admet en son particulier.<br \/>Je veux certes que Dieu peine et souci m\u2019envoie<br \/>si jamais, depuis que j\u2019ai nom Hodge<sup id=\"cite_ref-1\" class=\"reference\"><\/sup> de Ware,<br \/>j\u2019ai ou\u00ef qu\u2019un meunier eut plus de tablature.<br \/>On lui fit un bon tour, pardi, en la nuit noire.<br \/>Mais sera-t-il donc dit que l\u2019on s\u2019en tiendra l\u00e0\u00a0?<br \/><span class=\"OptionText\" title=\"Vers num\u00e9rot\u00e9s\">4340<\/span>Nenni. Et c\u2019est pourquoi, si vous daignez ou\u00efr<br \/>un conte dit par moi, qui suis un pauvre diable,<br \/>je vous veux raconter, du mieux que je pourrai,<br \/>comment un certain tour advint en notre ville.\u00a0\u00bb<br \/><br \/>\u00a0 \u00a0 Notre h\u00f4te r\u00e9pondit et dit\u00a0: \u00ab\u00a0J\u2019en suis d\u2019accord,<br \/>Allons, conte, Roger, et t\u00e2che qu\u2019il soit bon,<br \/>car il t\u2019est arriv\u00e9 de saigner maint p\u00e2t\u00e9,<br \/>et il t\u2019est arriv\u00e9 de vendre maint rassis,<br \/>qui fut chaud par deux fois et par deux fois fut froid.<br \/>Maint p\u00e8lerin pria que le Christ te maudit,<br \/><span class=\"OptionText\" title=\"Vers num\u00e9rot\u00e9s\">4350<\/span>qui encore aujourd\u2019hui se sent de ton persil<\/p><\/div><div class=\"poem\"><p>pour en avoir mang\u00e9 avec ton oie grasse,<br \/>pource qu\u2019en ta boutique il vole mainte mouche<sup id=\"cite_ref-2\" class=\"reference\"><\/sup>.<br \/>Allons, gentil Roger, allons, par ton surnom,<br \/>si je t\u2019ai plaisant\u00e9 ne te courrouce point\u00a0:<br \/>toute v\u00e9rit\u00e9 passe quand on rit et plaisante.\u00a0\u00bb<br \/>\u2014 \u00ab\u00a0Tu as dit v\u00e9rit\u00e9, dit Roger, par ma foi.<br \/>Mais plaisanterie vraie, m\u00e9chante plaisanterie, comme dit le Flamand<sup id=\"cite_ref-3\" class=\"reference\"><\/sup>.<br \/>Et, par cons\u00e9quent, Henry Bailly, sur ta foi,<br \/>ne te courrouce pas avant qu\u2019on se s\u00e9pare,<br \/><span class=\"OptionText\" title=\"Vers num\u00e9rot\u00e9s\">4360<\/span>si c\u2019est d\u2019un h\u00f4telier qu\u2019il s\u2019agit en mon conte.<br \/>Mais ce n\u2019est pas celui qu\u2019encore je veux conter.<br \/>Mais avant qu\u2019on se quitte, vrai, tu auras ton compte.\u00a0\u00bb<br \/>\u00c0 ce propos notre homme rit et s\u2019\u00e9gaya fort,<br \/>puis il conta son conte et vous l\u2019allez ou\u00efr.<\/p><\/div><div><i>Ainsi finit le prologue du conte du Cuisinier.<\/i><\/div><div><span class=\"sc\">Conte du Cuisinier<\/span>.<\/div><div><i>Ici commence le conte du Cuisinier<\/i>.<\/div><div class=\"poem\"><p>Jadis en notre ville \u00e9tait un apprenti<br \/>d\u2019une corporation de marchands vitailleurs<sup id=\"cite_ref-4\" class=\"reference\"><\/sup>.<br \/>Le dr\u00f4le \u00e9tait gaillard comme pinson au bois,<br \/>aussi brun qu\u2019une m\u00fbre \u2014 joli petit bout d\u2019homme.<br \/>Ses cheveux \u00e9taient noirs et peign\u00e9s avec soin.<br \/><span class=\"OptionText\" title=\"Vers num\u00e9rot\u00e9s\">4370<\/span>Il \u00e9tait bon danseur, et danseur si joyeux<br \/>qu\u2019on l\u2019avait surnomm\u00e9 Pierquin le R\u00e9v\u00e9leux<sup id=\"cite_ref-5\" class=\"reference\"><a href=\"https:\/\/fr.wikisource.org\/wiki\/Les_Contes_de_Canterbury\/Conte_du_cuisinier#cite_note-5\" target=\"_blank\" rel=\"noopener\">[5]<\/a><\/sup>.<br \/>Il \u00e9tait plein d\u2019amour et de galanterie<br \/>autant que de doux miel est une ruche emplie.<br \/>C\u2019\u00e9tait contentement pour celle qui l\u2019avait\u00a0!<br \/>A tous les mariages il dansait et sautait.<br \/>Le galant aimait mieux taverne que boutique.<br \/>Car, lorsqu\u2019il y avait dans Chepe<sup id=\"cite_ref-6\" class=\"reference\"><\/sup> chevauch\u00e9e,<\/p><\/div><div class=\"poem\"><p>il n\u2019y faisait qu\u2019un saut, d\u00e9sertant la boutique.<br \/>Jusqu\u2019\u00e0 ce qu\u2019il e\u00fbt vu tout ce qu\u2019on pouvait voir<br \/><span class=\"OptionText\" title=\"Vers num\u00e9rot\u00e9s\">4380<\/span>et qu\u2019il e\u00fbt bien dans\u00e9, jamais il ne rentrait.<br \/>Il assemblait maison de gens de son esp\u00e8ce<br \/>pour sauter et chanter et mener tels d\u00e9duits\u00a0;<br \/>et l\u00e0 assignait-on encore le jour et l\u2019heure<br \/>d\u2019aller jouer aux d\u00e9s dans telle ou telle rue.<br \/>Car dans la ville enti\u00e8re nul apprenti n\u2019\u00e9tait<br \/>qui f\u00fbt plus entendu \u00e0 jeter les deux d\u00e9s<br \/>que ne l\u2019\u00e9tait Pierquin. Avec cela fort large<br \/>au fait de la d\u00e9pense en la chambre discr\u00e8te.<br \/>C\u2019est ce dont s\u2019aper\u00e7ut son ma\u00eetre en son commerce,<br \/><span class=\"OptionText\" title=\"Vers num\u00e9rot\u00e9s\">4390<\/span>qui trouva son tiroir vide plus d\u2019une fois\u00a0:<br \/>car apprenti fringant \u2014 c\u2019est une chose s\u00fbre \u2014<br \/>qui fr\u00e9quente les d\u00e9s, le plaisir ou l\u2019amour,<br \/>qui paiera les violons\u00a0? Le ma\u00eetre en sa boutique\u00a0;<br \/>quand m\u00eame \u00e0 la musique il n\u2019aura nulle part \u2014<br \/>vol et dissipation \u00e9tant lors synonymes \u2014<br \/>tandis que l\u2019autre racle ou guitare ou rebec.<br \/>D\u00e9bauche et probit\u00e9, dans la condition humble,<br \/>se prennent aux cheveux, comme on sait, tout le jour.<br \/><br \/>\u00a0 \u00a0 Ce gaillard apprenti resta donc chez son ma\u00eetre<br \/><span class=\"OptionText\" title=\"Vers num\u00e9rot\u00e9s\">4400<\/span>jusqu\u2019\u00e0 ce que son temps f\u00fbt pr\u00e8s d\u2019\u00eatre fini,<br \/>quoique matin et soir il re\u00e7\u00fbt des semonces<br \/>et que parfois l\u2019orgie le men\u00e2t \u00e0 Newgate<sup id=\"cite_ref-7\" class=\"reference\"><\/sup>.<br \/><br \/>\u00a0 \u00a0 Mais il advint qu\u2019enfin son ma\u00eetre s\u2019avisa,<br \/>un jour, apr\u00e8s qu\u2019il eut parcouru ses papiers,<br \/>d\u2019un proverbe qui dit express\u00e9ment ceci\u00a0:<br \/>\u00ab\u00a0Mieux vaut du tas tirer une pomme g\u00e2t\u00e9e<br \/>que de lui donner temps de g\u00e2ter tout le reste.\u00a0\u00bb<br \/>Serviteur d\u00e9bauch\u00e9, c\u2019est un cas tout semblable\u00a0:<br \/>c\u2019est un bien moindre mal de le mettre dehors<br \/><span class=\"OptionText\" title=\"Vers num\u00e9rot\u00e9s\">4410<\/span>que de laisser par lui se perdre tous vos gens.<br \/>Voil\u00e0 pourquoi son ma\u00eetre lui donne son cong\u00e9,<\/p><\/div><div class=\"poem\"><p>en priant que malheur et chagrin raccompagnent.<br \/>Ainsi fut cong\u00e9di\u00e9 le gaillard apprenti.<br \/>Or cours le guilledou ou non, c\u2019est ton affaire\u00a0!<br \/><br \/><span class=\"mw-poem-indented\">Et, parce qu\u2019il n\u2019est point de voleur sans comp\u00e8re<sup id=\"cite_ref-8\" class=\"reference\"><\/sup><\/span><br \/>qui l\u2019aide \u00e0 gaspiller son butin et gruger<br \/>ce qu\u2019il peut extorquer, ce qu\u2019il peut emprunter,<br \/>il fit tant\u00f4t porter son lit et ses effets<br \/>chez un sien compagnon, un dr\u00f4le de sa trempe,<br \/><span class=\"OptionText\" title=\"Vers num\u00e9rot\u00e9s\">4420<\/span>un qui aimait les d\u00e9s, la joie et les plaisirs,<br \/>dont la femme tenait, pour sauver l\u2019apparence,<br \/>boutique, et, de son vrai m\u00e9tier, faisait l\u2019amour.<\/p><\/div><table><tbody><tr><td>\u00b7<\/td><td>\u00b7<\/td><td>\u00b7<\/td><td>\u00b7<\/td><td>\u00b7<\/td><td>\u00b7<\/td><td>\u00b7<\/td><td>\u00b7<\/td><td>\u00b7<\/td><td>\u00b7<\/td><td>\u00b7<\/td><td>\u00b7<\/td><td>\u00b7<\/td><td>\u00b7<\/td><td>\u00b7<\/td><td>\u00b7<\/td><td>\u00b7<\/td><td>\u00b7<\/td><td>\u00b7<\/td><td>\u00b7<\/td><td>\u00b7<\/td><td>\u00b7<\/td><td>\u00b7<\/td><td>\u00b7<\/td><td>\u00b7<\/td><\/tr><\/tbody><\/table><div><i>De ce conte du Cuisinier c\u2019est l\u00e0 tout ce que fit Chaucer.<\/i><\/div>\t\t\t\t\t\t\t\t<\/div>\n\t\t\t\t<\/div>\n\t\t\t\t\t<\/div>\n\t\t<\/div>\n\t\t\t\t\t<\/div>\n\t\t<\/section>\n\t\t\t\t<\/div>\n\t\t","protected":false},"excerpt":{"rendered":"<p>Breton Mythology Wiki Geoffrey Chaucer es un escritor y poeta ingl\u00e9s nacido en Londres en la d\u00e9cada de 1340 y fallecido\u2026 <\/p>","protected":false},"author":1,"featured_media":0,"parent":96,"menu_order":0,"comment_status":"closed","ping_status":"closed","template":"","meta":{"footnotes":""},"class_list":["post-14621","page","type-page","status-publish","hentry"],"amp_enabled":true,"_links":{"self":[{"href":"https:\/\/mythslegendes.com\/es\/wp-json\/wp\/v2\/pages\/14621","targetHints":{"allow":["GET"]}}],"collection":[{"href":"https:\/\/mythslegendes.com\/es\/wp-json\/wp\/v2\/pages"}],"about":[{"href":"https:\/\/mythslegendes.com\/es\/wp-json\/wp\/v2\/types\/page"}],"author":[{"embeddable":true,"href":"https:\/\/mythslegendes.com\/es\/wp-json\/wp\/v2\/users\/1"}],"replies":[{"embeddable":true,"href":"https:\/\/mythslegendes.com\/es\/wp-json\/wp\/v2\/comments?post=14621"}],"version-history":[{"count":1,"href":"https:\/\/mythslegendes.com\/es\/wp-json\/wp\/v2\/pages\/14621\/revisions"}],"predecessor-version":[{"id":25242,"href":"https:\/\/mythslegendes.com\/es\/wp-json\/wp\/v2\/pages\/14621\/revisions\/25242"}],"up":[{"embeddable":true,"href":"https:\/\/mythslegendes.com\/es\/wp-json\/wp\/v2\/pages\/96"}],"wp:attachment":[{"href":"https:\/\/mythslegendes.com\/es\/wp-json\/wp\/v2\/media?parent=14621"}],"curies":[{"name":"wp","href":"https:\/\/api.w.org\/{rel}","templated":true}]}}