{"id":14644,"date":"2021-11-01T17:13:47","date_gmt":"2021-11-01T17:13:47","guid":{"rendered":"https:\/\/mythslegendes.com\/?page_id=14644"},"modified":"2022-12-03T22:12:08","modified_gmt":"2022-12-03T22:12:08","slug":"contes-de-canterbury-la-prieure-9","status":"publish","type":"page","link":"https:\/\/mythslegendes.com\/es\/mitologia-bretona\/cuentos-de-canterbury-la-priora-9\/","title":{"rendered":"Cuentos de Canterbury: La priora"},"content":{"rendered":"<div data-elementor-type=\"wp-page\" data-elementor-id=\"14644\" class=\"elementor elementor-14644\">\n\t\t\t\t\t\t<section class=\"elementor-section elementor-top-section elementor-element elementor-element-ad582d2 elementor-section-boxed elementor-section-height-default elementor-section-height-default\" data-id=\"ad582d2\" data-element_type=\"section\" data-e-type=\"section\">\n\t\t\t\t\t\t<div class=\"elementor-container elementor-column-gap-default\">\n\t\t\t\t\t<div class=\"elementor-column elementor-col-50 elementor-top-column elementor-element elementor-element-b90afbf\" data-id=\"b90afbf\" data-element_type=\"column\" data-e-type=\"column\">\n\t\t\t<div class=\"elementor-widget-wrap elementor-element-populated\">\n\t\t\t\t\t\t<div class=\"elementor-element elementor-element-c7cd736 elementor-align-justify elementor-widget elementor-widget-button\" data-id=\"c7cd736\" data-element_type=\"widget\" data-e-type=\"widget\" data-widget_type=\"button.default\">\n\t\t\t\t<div class=\"elementor-widget-container\">\n\t\t\t\t\t\t\t\t\t<div class=\"elementor-button-wrapper\">\n\t\t\t\t\t<a class=\"elementor-button elementor-button-link elementor-size-sm\" href=\"https:\/\/mythslegendes.com\/es\/mitologia-bretona\/\">\n\t\t\t\t\t\t<span class=\"elementor-button-content-wrapper\">\n\t\t\t\t\t\t\t\t\t<span class=\"elementor-button-text\">Mitolog\u00eda bretona<\/span>\n\t\t\t\t\t<\/span>\n\t\t\t\t\t<\/a>\n\t\t\t\t<\/div>\n\t\t\t\t\t\t\t\t<\/div>\n\t\t\t\t<\/div>\n\t\t\t\t\t<\/div>\n\t\t<\/div>\n\t\t\t\t<div class=\"elementor-column elementor-col-50 elementor-top-column elementor-element elementor-element-87393b7\" data-id=\"87393b7\" data-element_type=\"column\" data-e-type=\"column\">\n\t\t\t<div class=\"elementor-widget-wrap elementor-element-populated\">\n\t\t\t\t\t\t<div class=\"elementor-element elementor-element-fba217c elementor-align-justify elementor-widget elementor-widget-button\" data-id=\"fba217c\" data-element_type=\"widget\" data-e-type=\"widget\" data-widget_type=\"button.default\">\n\t\t\t\t<div class=\"elementor-widget-container\">\n\t\t\t\t\t\t\t\t\t<div class=\"elementor-button-wrapper\">\n\t\t\t\t\t<a class=\"elementor-button elementor-button-link elementor-size-sm\" href=\"https:\/\/fr.wikipedia.org\/wiki\/Les_Contes_de_Canterbury\" target=\"_blank\" rel=\"noopener\">\n\t\t\t\t\t\t<span class=\"elementor-button-content-wrapper\">\n\t\t\t\t\t\t\t\t\t<span class=\"elementor-button-text\">Wiki<\/span>\n\t\t\t\t\t<\/span>\n\t\t\t\t\t<\/a>\n\t\t\t\t<\/div>\n\t\t\t\t\t\t\t\t<\/div>\n\t\t\t\t<\/div>\n\t\t\t\t\t<\/div>\n\t\t<\/div>\n\t\t\t\t\t<\/div>\n\t\t<\/section>\n\t\t\t\t<section class=\"elementor-section elementor-top-section elementor-element elementor-element-878d120 elementor-section-boxed elementor-section-height-default elementor-section-height-default\" data-id=\"878d120\" data-element_type=\"section\" data-e-type=\"section\">\n\t\t\t\t\t\t<div class=\"elementor-container elementor-column-gap-default\">\n\t\t\t\t\t<div class=\"elementor-column elementor-col-100 elementor-top-column elementor-element elementor-element-a8ec838\" data-id=\"a8ec838\" data-element_type=\"column\" data-e-type=\"column\">\n\t\t\t<div class=\"elementor-widget-wrap elementor-element-populated\">\n\t\t\t\t\t\t<div class=\"elementor-element elementor-element-2670e84 elementor-widget elementor-widget-text-editor\" data-id=\"2670e84\" data-element_type=\"widget\" data-e-type=\"widget\" data-widget_type=\"text-editor.default\">\n\t\t\t\t<div class=\"elementor-widget-container\">\n\t\t\t\t\t\t\t\t\t<p>Geoffrey Chaucer es un escritor y poeta ingl\u00e9s que naci\u00f3 en Londres en la d\u00e9cada de 1340 y muri\u00f3 en 1400 en esa misma ciudad. Su obra m\u00e1s famosa es <i>cuentos de Canterbury<\/i>. los <i>cuentos de Canterbury<\/i> son, con <i>Sire Gauvain y el Caballero Verde<\/i> (de una persona an\u00f3nima) y <i>Pedro el labrador<\/i> (de William Langland), las primeras grandes obras de la literatura inglesa. Aqu\u00ed est\u00e1 el primer cuento: la priora.<\/p><p><img decoding=\"async\" class=\"alignnone wp-image-9347 size-full\" src=\"https:\/\/mythslegendes.com\/wp-content\/uploads\/2020\/09\/cropped-AlphaOmega-e1602613368367.png\" alt=\"cuentos de canterbury la priora\" width=\"25\" height=\"25\" title=\"\"><\/p>\t\t\t\t\t\t\t\t<\/div>\n\t\t\t\t<\/div>\n\t\t\t\t\t<\/div>\n\t\t<\/div>\n\t\t\t\t\t<\/div>\n\t\t<\/section>\n\t\t\t\t<section class=\"elementor-section elementor-top-section elementor-element elementor-element-c8bdce9 elementor-section-boxed elementor-section-height-default elementor-section-height-default\" data-id=\"c8bdce9\" data-element_type=\"section\" data-e-type=\"section\">\n\t\t\t\t\t\t<div class=\"elementor-container elementor-column-gap-default\">\n\t\t\t\t\t<div class=\"elementor-column elementor-col-100 elementor-top-column elementor-element elementor-element-0a4e919\" data-id=\"0a4e919\" data-element_type=\"column\" data-e-type=\"column\">\n\t\t\t<div class=\"elementor-widget-wrap elementor-element-populated\">\n\t\t\t\t\t\t<div class=\"elementor-element elementor-element-1069377 elementor-widget elementor-widget-heading\" data-id=\"1069377\" data-element_type=\"widget\" data-e-type=\"widget\" data-widget_type=\"heading.default\">\n\t\t\t\t<div class=\"elementor-widget-container\">\n\t\t\t\t\t<div id=\"ez-toc-container\" class=\"ez-toc-v2_0_82_2 counter-hierarchy ez-toc-counter ez-toc-grey ez-toc-container-direction\">\n<div class=\"ez-toc-title-container\">\n<p class=\"ez-toc-title\" style=\"cursor:inherit\">Contenido<\/p>\n<span class=\"ez-toc-title-toggle\"><a href=\"#\" class=\"ez-toc-pull-right ez-toc-btn ez-toc-btn-xs ez-toc-btn-default ez-toc-toggle\" aria-label=\"Alternar tabla de contenidos\"><span class=\"ez-toc-js-icon-con\"><span class=\"\"><span class=\"eztoc-hide\" style=\"display:none;\">Palanca<\/span><span class=\"ez-toc-icon-toggle-span\"><svg style=\"fill: #999;color:#999\" xmlns=\"http:\/\/www.w3.org\/2000\/svg\" class=\"list-377408\" width=\"20px\" height=\"20px\" viewbox=\"0 0 24 24\" fill=\"none\"><path d=\"M6 6H4v2h2V6zm14 0H8v2h12V6zM4 11h2v2H4v-2zm16 0H8v2h12v-2zM4 16h2v2H4v-2zm16 0H8v2h12v-2z\" fill=\"currentColor\"><\/path><\/svg><svg style=\"fill: #999;color:#999\" class=\"arrow-unsorted-368013\" xmlns=\"http:\/\/www.w3.org\/2000\/svg\" width=\"10px\" height=\"10px\" viewbox=\"0 0 24 24\" version=\"1.2\" baseprofile=\"tiny\"><path d=\"M18.2 9.3l-6.2-6.3-6.2 6.3c-.2.2-.3.4-.3.7s.1.5.3.7c.2.2.4.3.7.3h11c.3 0 .5-.1.7-.3.2-.2.3-.5.3-.7s-.1-.5-.3-.7zM5.8 14.7l6.2 6.3 6.2-6.3c.2-.2.3-.5.3-.7s-.1-.5-.3-.7c-.2-.2-.4-.3-.7-.3h-11c-.3 0-.5.1-.7.3-.2.2-.3.5-.3.7s.1.5.3.7z\"\/><\/svg><\/span><\/span><\/span><\/a><\/span><\/div>\n<nav><ul class='ez-toc-list ez-toc-list-level-1' ><li class='ez-toc-page-1 ez-toc-heading-level-2'><a class=\"ez-toc-link ez-toc-heading-1\" href=\"https:\/\/mythslegendes.com\/es\/mitologia-bretona\/cuentos-de-canterbury-la-priora-9\/#Contes-de-Canterbury-Le-conte-de-la-Prieure\" >Cuentos de Canterbury: El cuento de la priora<\/a><\/li><\/ul><\/nav><\/div>\n<h2 class=\"elementor-heading-title elementor-size-default\"><span class=\"ez-toc-section\" id=\"Contes-de-Canterbury-Le-conte-de-la-Prieure\"><\/span>Cuentos de Canterbury: El cuento de la priora<span class=\"ez-toc-section-end\"><\/span><\/h2>\t\t\t\t<\/div>\n\t\t\t\t<\/div>\n\t\t\t\t\t<\/div>\n\t\t<\/div>\n\t\t\t\t\t<\/div>\n\t\t<\/section>\n\t\t\t\t<section class=\"elementor-section elementor-top-section elementor-element elementor-element-573cf98 elementor-section-boxed elementor-section-height-default elementor-section-height-default\" data-id=\"573cf98\" data-element_type=\"section\" data-e-type=\"section\">\n\t\t\t\t\t\t<div class=\"elementor-container elementor-column-gap-default\">\n\t\t\t\t\t<div class=\"elementor-column elementor-col-100 elementor-top-column elementor-element elementor-element-fcde6f8\" data-id=\"fcde6f8\" data-element_type=\"column\" data-e-type=\"column\">\n\t\t\t<div class=\"elementor-widget-wrap elementor-element-populated\">\n\t\t\t\t\t\t<div class=\"elementor-element elementor-element-e6f9f27 elementor-widget elementor-widget-text-editor\" data-id=\"e6f9f27\" data-element_type=\"widget\" data-e-type=\"widget\" data-widget_type=\"text-editor.default\">\n\t\t\t\t<div class=\"elementor-widget-container\">\n\t\t\t\t\t\t\t\t\t<div><i>Escuche las alegres palabras del anfitri\u00f3n al marinero,<\/i> luego a la se\u00f1ora priora<i>.<\/i><\/div><div class=\"poem\"><p><br \/>\u201cBien dicho, por <i>cuerpo dominus<\/i>\u00a0! (grit\u00f3 el presentador \ud83d\ude09<br \/>y que navegues por nuestras costas por mucho tiempo,<br \/>\u00a1Se\u00f1or amable maestro y amable marinero!<br \/>\u00a1Dios bosteza carros llenos de desgracias!<br \/>\u00a1Ah! Compa\u00f1ero, \u00a1cuidado con esos trucos!<br \/><span class=\"OptionText\" title=\"Versos numerados\">1630<\/span> Este monje le puso un mono en la gorra al hombre.<sup id=\"cite_ref-2\" class=\"reference\"><\/sup>,<br \/>\u00a1Y su esposa tambi\u00e9n, por San Agust\u00edn!<br \/>\u00a1No traigas m\u00e1s monjes a tu posada!<br \/>Pero sigamos adelante y busquemos<br \/>\u00bfQui\u00e9n puede ser el primero de toda esta pandilla?<br \/>Cu\u00e9ntanos otra historia. \u00bb Y hablando de esto<br \/>tan cort\u00e9smente como lo habr\u00eda hecho una joven:<br \/>\u201cSe\u00f1ora priora, con su permiso,<br \/>si estuviera seguro de que esto no te molestar\u00eda,<br \/>Estar\u00eda feliz si nos dijeras<br \/><span class=\"OptionText\" title=\"Versos numerados\">1640<\/span> la siguiente historia, a menos que no te guste.<br \/>Ahora, \u00bfme har\u00eda este favor, se\u00f1ora?<br \/>\u2014 \u201cDe muy buena gana\u201d, dijo, y dijo lo que o\u00edste.<\/p><div><i>Expl\u00edcito<\/i>.<\/div><br \/><p><br \/><br \/><\/p><div><i>A continuaci\u00f3n se muestra el pr\u00f3logo del cuento de la priora.<\/i><\/div><br \/><div><small><i>Domine, dominus noster.<\/i><\/small><\/div><br \/><p><br \/>\u201cOh Se\u00f1or Dios nuestro, \u00a1cu\u00e1n maravillosamente<br \/>\u00a1Tu nombre se extiende por nuestro vasto mundo!<\/p><\/div><div class=\"poem\"><p>(ella dijo \ud83d\ude09 no vemos tus preciosos elogios all\u00ed<br \/>logrado s\u00f3lo por personas dignas,<br \/>pero por boca de los mismos ni\u00f1os tu bondad<br \/>se consume; todav\u00eda amamantando a su madre,<br \/>a veces dan testimonio de tu gran gloria<sup id=\"cite_ref-3\" class=\"reference\"><\/sup>.<br \/><br \/><span class=\"OptionText\" title=\"Versos numerados\">1650<\/span> Por lo tanto, en alabanza, hasta donde sabemos y entonces,<br \/>de ti y la flor muy blanca de este lirio<br \/>que una vez te llev\u00f3 y permaneci\u00f3 siempre virgen,<br \/>Quiero aqu\u00ed intentar contar una historia;<br \/>no es que as\u00ed pueda aumentar su honor,<br \/>porque ella misma es toda honor, toda ra\u00edz<br \/>de bondad - para su hijo - y toda salvaci\u00f3n de las almas.<br \/><br \/>\u00a1Oh madre siempre virgen! \u00a1Oh virgen buena madre!<br \/>\u00a1Zarza ardiente dejada sin consumir ante Mois\u00e9s!<br \/>T\u00fa que deleitas a la Divinidad,<br \/><span class=\"OptionText\" title=\"Versos numerados\">1660<\/span>por tu humildad, el Esp\u00edritu Santo que entr\u00f3 en ti;<br \/>cuya virtud, cuando vino a incendiar tu coraz\u00f3n,<br \/>as\u00ed concibi\u00f3 la Sabidur\u00eda del Padre,<br \/>\u00a1Ay\u00fadame a hablar aqu\u00ed en tu honor!<br \/><br \/>\u00a1Oh Se\u00f1ora! tu bondad y tu magnificencia,<br \/>tu virtud y tu gran humildad no pueden<br \/>en ning\u00fan idioma para expresarse, por ninguna ciencia;<br \/>porque a veces, Se\u00f1ora Nuestra, antes de rezarte,<br \/>nos avisas en tu benignidad<sup id=\"cite_ref-4\" class=\"reference\"><\/sup>,<br \/>y danos, rogando a ti mismo, la luz<br \/><span class=\"OptionText\" title=\"Versos numerados\">1670<\/span>quien debe llevarnos a tu amado Hijo.<br \/><br \/>\u00a1Mi conocimiento es tan d\u00e9bil, oh Reina bendita!<br \/>para declarar tu gran dignidad,<br \/>que de ninguna manera puedo soportar su peso;<br \/>pero como un ni\u00f1o de doce meses, o incluso menos,<br \/>que apenas sabe expresar una palabra,<br \/>as\u00ed me comporto, y por eso os ruego,<br \/>gu\u00eda esta canci\u00f3n que de ti me refiero! \u00bb<\/p><\/div><p><i>Expl\u00edcito.<\/i><\/p><div><i>As\u00ed comienza la historia de la Se\u00f1ora Priora.<\/i><\/div><div class=\"poem\"><p>Estaba en Asia, en una gran ciudad,<br \/>entre los cristianos, ciertos jud\u00edos<sup id=\"cite_ref-5\" class=\"reference\"><\/sup><br \/><span class=\"OptionText\" title=\"Versos numerados\">1680<\/span>que un se\u00f1or apoy\u00f3 desde dicho pa\u00eds,<br \/>por la s\u00f3rdida usura y la vileza del lucro,<br \/>que Cristo y su Iglesia tienen un gran odio;<br \/>se pod\u00eda caminar o montar en bicicleta por la calle,<br \/>porque estaba abierto y libre en todos sus extremos.<br \/><br \/>Hab\u00eda una peque\u00f1a escuela de cristianos,<br \/>al final de la calle; y vine all\u00ed<br \/>multitudes de ni\u00f1os nacidos de sangre cristiana,<br \/>que de a\u00f1o en a\u00f1o aprendi\u00f3 en la escuela<br \/>las doctrinas que all\u00ed se daban habitualmente,<br \/><span class=\"OptionText\" title=\"Versos numerados\">1690<\/span>a saber: cantar y leer,<br \/>como lo hacen los ni\u00f1os a una edad temprana.<br \/><br \/>Ahora bien, entre estos ni\u00f1os estaba el hijo de una viuda.<br \/>peque\u00f1o cl\u00e9rigo<sup id=\"cite_ref-6\" class=\"reference\"><\/sup>, teniendo siete a\u00f1os,<br \/>que normalmente ven\u00eda a la escuela todos los d\u00edas;<br \/>y tambi\u00e9n, cada vez que ve\u00eda una imagen<br \/>de la madre de Cristo, estaba acostumbrado<br \/>como all\u00ed se le indic\u00f3, arrodillarse all\u00ed,<br \/>luego diga Ave Mar\u00eda mientras contin\u00faa su camino.<br \/><br \/>As\u00ed la viuda hab\u00eda ense\u00f1ado a su peque\u00f1o hijo<br \/><span class=\"OptionText\" title=\"Versos numerados\">1700<\/span>honrar siempre a la Sant\u00edsima Se\u00f1ora,<br \/>querida madre de Cristo, y no olvid\u00f3\u2014<br \/>porque un buen ni\u00f1o aprende r\u00e1pido -<br \/>y cada vez que recuerda el asunto,<br \/>Me parece ver a San Nicol\u00e1s en mi presencia,<br \/>quienes tambi\u00e9n j\u00f3venes, hac\u00edan reverencia a Cristo.<br \/><br \/>Ahora este peque\u00f1o ni\u00f1o, frente a su peque\u00f1o <a href=\"https:\/\/mythslegendes.com\/es\/bibliotecas-de-libros\/\">libro<\/a><br \/>sentado en esta escuela, aprendiendo el ABC,<br \/>de repente o\u00ed cantar <i>alma redentora<\/i><br \/>que otros ni\u00f1os lean en su ant\u00edfona;<br \/><span class=\"OptionText\" title=\"Versos numerados\">1710<\/span>y se anima a acercarse cada vez m\u00e1s,<\/p><\/div><div class=\"poem\"><p>y tambi\u00e9n escuch\u00e9 las palabras y las notas,<br \/>siempre y cuando se supiera de memoria todo el primer verso.<br \/><br \/>Nadie sab\u00eda lo que significa el lat\u00edn,<br \/>porque era muy joven y tierno en edad;<br \/>pero un d\u00eda rez\u00f3 a uno de sus compa\u00f1eros<br \/>para decirle esta canci\u00f3n en su propio idioma,<br \/>y explicarle cu\u00e1l era su utilidad;<br \/>para traducirlo y aclararlo le rog\u00f3<br \/>muchas veces de rodillas desnudas.<br \/><br \/><span class=\"OptionText\" title=\"Versos numerados\">1720<\/span>Su compa\u00f1ero que era mayor que \u00e9l.<br \/>Le respondi\u00f3 as\u00ed: \u201cEsta canci\u00f3n la he o\u00eddo,<br \/>fue hecha de nuestra Se\u00f1ora feliz y generosa,<br \/>para que la saludemos, y para que le oremos<br \/>para ser nuestra ayuda y liberaci\u00f3n cuando muramos;<br \/>No puedo explicar nada m\u00e1s sobre el asunto;<br \/>Estoy aprendiendo a cantar, pero s\u00e9 poca gram\u00e1tica. \u00bb<br \/><br \/>\u201c\u00bfY entonces esta canci\u00f3n se hace en reverencia?<br \/>de la madre de Cristo? (dijo este hombre inocente).<br \/>Pero ciertamente har\u00e9 toda mi diligencia.<br \/><span class=\"OptionText\" title=\"Versos numerados\">1730<\/span>que todos lo aprendan, antes de que llegue la Navidad,<br \/>cuando me reprenden por el ABC,<br \/>y si me golpean tres veces en una hora,<br \/>\u00a1Porque quiero saberlo por el honor de Notre Dame! \u00bb<br \/><br \/>Su amigo en secreto le ense\u00f1\u00f3 todos los d\u00edas,<br \/>cuando regresaron, siempre que lo supiera de memoria,<br \/>y desde ahora la cant\u00f3 con mucha valent\u00eda,<br \/>palabra por palabra y siguiendo cada nota.<br \/>Dos veces al d\u00eda la canci\u00f3n pasaba por su garganta,<br \/>mientras iba hacia la escuela o hacia su casa;<br \/><span class=\"OptionText\" title=\"Versos numerados\">1740<\/span>tan devoto era \u00e9l de la madre de Cristo.<br \/><br \/>En esta juder\u00eda como dije<br \/>mientras nuestro peque\u00f1o ni\u00f1o iba y ven\u00eda,<br \/>felizmente cantaba y gritaba siempre<br \/><i>Alma Redemptoris Mater<\/i>\u00a0;<br \/>tanto le ha traspasado el coraz\u00f3n la dulzura muy grande<br \/>de la madre de Cristo, que para orarle,<br \/>No pod\u00eda dejar de cantar en el camino.<\/p><\/div><div class=\"poem\"><p>Nuestro gran enemigo, la serpiente Satanas.<br \/>que en el coraz\u00f3n de los jud\u00edos siempre tiene su trampa.<br \/><span class=\"OptionText\" title=\"Versos numerados\">1750<\/span>De repente se hinch\u00f3 y dijo: \u201c\u00a1Ay! pueblo hebreo,<br \/>\u00bfEs esto algo coherente con su honor?<br \/>deja ir a ese ni\u00f1o como quiera,<br \/>para tu disgusto, cantar tales historias<br \/>\u00bfCu\u00e1les son contrarios al respeto de vuestra ley? \u00bb<br \/><br \/>Y desde entonces los jud\u00edos conspiraron<br \/>para despachar a este hombre inocente del mundo.<br \/>Y para ello contrataron a un homicida,<br \/>qui\u00e9n fue a esconderse en cierto callej\u00f3n;<br \/>tan pronto como el ni\u00f1o pas\u00f3 por este lugar,<br \/><span class=\"OptionText\" title=\"Versos numerados\">1760<\/span>este jud\u00edo maldito lo tom\u00f3 y lo apret\u00f3 con fuerza,<br \/>Luego le corta el cuello y lo arroja a un agujero.<br \/><br \/>Yo digo que lo arrojaron a un armario.<br \/>donde estos jud\u00edos eran borrachos para purgar sus entra\u00f1as.<br \/>\u00a1Oh naci\u00f3n maldita! \u00a1Oh nuevo Herodes!<br \/>\u00bfQu\u00e9 bien te har\u00e1 tu malvado complot?<br \/>El asesinato se publica temprano; esto no ser\u00e1 necesario;<br \/>el honor de Dios se difundir\u00e1 as\u00ed.<br \/>\u00a1Por tu acto maldito, la sangre clama venganza!<br \/><br \/>M\u00e1rtir as\u00ed dedicada a la virginidad,<br \/><span class=\"OptionText\" title=\"Versos numerados\">1770<\/span>minerales que puedes cantar, sigui\u00e9ndolos para siempre<br \/>\u00a1El blanco Cordero celestial! (as\u00ed dice la priora);<br \/>eres de aquellos de quienes Juan el gran evangelista<br \/>escrito en patmos<sup id=\"cite_ref-7\" class=\"reference\"><\/sup>, diciendo que los que van<br \/>delante del Cordero, cantando un c\u00e1ntico nuevo,<br \/>son los que no han conocido a mujer carnalmente.<br \/><br \/>Y esta pobre viuda espera toda la noche<br \/>su peque\u00f1o hijo, pero \u00e9l no regresa;<br \/><span class=\"OptionText\" title=\"Versos numerados\">1780<\/span>y luego, tan pronto como aparece la luz del d\u00eda,<br \/>Todos p\u00e1lidos de miedo y preocupaci\u00f3n.<br \/>ella va a la escuela y a otros lugares a buscarlo;<br \/>hasta que al final le llega la noticia<br \/>que lo vimos por \u00faltima vez en la rue de Juiverie.<\/p><\/div><div class=\"poem\"><p>Con la piedad de madre en su pecho cerrado,<br \/>ella va, como si estuviera loca,<br \/>dondequiera que pueda adivinar<br \/>que probablemente encontrar\u00e1n a su hijo;<br \/>y siempre a la madre de Cristo, dulce y buena,<br \/>ella gritar\u00e1; y finalmente lo hizo tan bien<br \/>que ella fue a buscarlo entre el pueblo maldito.<br \/><br \/><span class=\"OptionText\" title=\"Versos numerados\">1790<\/span>Y muy lastimosamente pide y reza<br \/>todo jud\u00edo que resida en el lugar antes mencionado<br \/>confesar si alguna vez su hijo estuvo all\u00ed.<br \/>Ellos dijeron no&quot;. Pero Jes\u00fas por su gracia,<br \/>despu\u00e9s de un rato le dio el pensamiento<br \/>ir a gritarle a tu hijo en este lugar<br \/>donde los jud\u00edos lo hab\u00edan arrojado al hoyo.<br \/><br \/>Oh gran Dios que a veces estableces la alabanza<br \/>Por boca de inocentes, \u00a1he aqu\u00ed tu poder!<br \/>Esta joya de castidad, esta esmeralda,<br \/><span class=\"OptionText\" title=\"Versos numerados\">1800<\/span>y del martirio tambi\u00e9n este rub\u00ed muy brillante,<br \/>ah\u00ed est\u00e1 tendido con el cuello degollado,<br \/>comenz\u00f3 a cantar de nuevo <i>alma redentora<\/i>,<br \/>tan fuerte que todo el lugar hizo eco.<br \/><br \/>Y el pueblo cristiano que pasaba por la calle<br \/>se acerc\u00f3 y qued\u00f3 muy sorprendido<br \/>y r\u00e1pidamente mand\u00f3 llamar al preboste,<br \/>que pronto, sin demora alguna, lleg\u00f3,<br \/>y ador\u00f3 a Cristo, que es el rey del cielo,<br \/>y luego tambi\u00e9n su madre, honor de la humanidad,<br \/><span class=\"OptionText\" title=\"Versos numerados\">1810<\/span>y despu\u00e9s de eso hicieron encadenar a los jud\u00edos.<br \/><br \/>Y este ni\u00f1o con lamento lastimero<br \/>se recompuso, todav\u00eda cantando su canci\u00f3n,<br \/>y luego con honor y gran procesi\u00f3n,<br \/>Fue llevado a la siguiente abad\u00eda.<br \/>Su madre se desmay\u00f3 cerca de su ata\u00fad;<br \/>y la gente que estaba all\u00ed tuvo gran dificultad<br \/>para mantener a la nueva Rachel fuera de all\u00ed.<br \/><br \/>Cada uno a gran tormento y muerte vergonzosa,<br \/>los jud\u00edos fueron ejecutados por este preboste,<\/p><\/div><div class=\"poem\"><p><span class=\"OptionText\" title=\"Versos numerados\">1820<\/span>los que sab\u00edan de este asesinato, y r\u00e1pidamente se cometi\u00f3;<br \/>Nadie mostr\u00f3 ninguna consideraci\u00f3n por estos villanos malditos.<br \/>\u201cAquellos que han merecido el da\u00f1o sufrir\u00e1n el da\u00f1o\u201d<br \/>y as\u00ed los hab\u00edan tirado caballos salvajes,<br \/>y luego colgarlo como mandaba la ley.<br \/><br \/>Y el inocente todav\u00eda yac\u00eda en su f\u00e9retro,<br \/>frente al altar mayor, mientras durara la misa;<br \/>y luego vino el abad con su convento<br \/>sin demorar nada para enterrarlo r\u00e1pidamente;<br \/>y como le arrojaron agua bendita,<br \/><span class=\"OptionText\" title=\"Versos numerados\">1830<\/span>el ni\u00f1o segu\u00eda hablando, mientras lo rociaban,<br \/>y cant\u00f3 <i>\u00a1Oh Alma Redemptoris mater!<\/i><br \/><br \/>Este abad era en verdad un hombre muy santo,<br \/>(como son los monjes, o al menos deber\u00edan ser \ud83d\ude09<br \/>as\u00ed comenz\u00f3 a conjurar a este peque\u00f1o ni\u00f1o,<br \/>diciendo: \u201c\u00a1Oh querido hijo! te suplico,<br \/>en nombre de la Sant\u00edsima Trinidad,<br \/>Dime por qu\u00e9 puedes cantar as\u00ed.<br \/>\u00bfYa que parece que te han cortado el cuello? \u00bb<br \/><br \/>\u201cS\u00ed, tengo la garganta cortada hasta el hueso del cuello,<br \/><span class=\"OptionText\" title=\"Versos numerados\">1840<\/span>(dijo este ni\u00f1o) y ciertamente por naturaleza<br \/>Habr\u00eda muerto hace mucho tiempo;<br \/>pero Jesucristo, como puedes ver en <a href=\"https:\/\/mythslegendes.com\/es\/bibliotecas-de-libros\/\">Libros<\/a>,<br \/>quiere que su gloria perdure y quede en la memoria,<br \/>y por tanto en honor de su querid\u00edsima Madre,<br \/>todav\u00eda puedo cantar <i>\u00a1Oh Alma!<\/i> alto y claro.<br \/><br \/>Por este pozo de misericordia, dulce madre de Cristo,<br \/>\u00bfSiempre he amado, tanto como pude,<br \/>y como iba a perder la vida,<br \/>ella vino a m\u00ed y me orden\u00f3 cantar<br \/><span class=\"OptionText\" title=\"Versos numerados\">1850<\/span>s\u00f3lo esta ant\u00edfona al morir,<br \/>como escuchaste; y cuando la hube cantado,<br \/>Pareci\u00f3 poner un grano de trigo en mi lengua.<br \/><br \/>Y por eso canto y canto en verdad<br \/>para honor de la buena y bendita Virgen,<br \/>Hasta que mi lengua perdi\u00f3 esta semilla.<br \/>Y despu\u00e9s de eso me volvi\u00f3 a decir:<\/p><\/div><div class=\"poem\"><p>\u201cOh hijita m\u00eda, voy a buscarte,<br \/>cuando esta semilla sea quitada de vuestra lengua;<br \/>No tengas miedo; no te abandonar\u00e1. \u00bb<br \/><br \/><span class=\"OptionText\" title=\"Versos numerados\">18060<\/span>Este santo monje (me refiero al abad)<br \/>Entonces sac\u00f3 la lengua y tom\u00f3 esta semilla.<br \/>y este ni\u00f1o entreg\u00f3 su esp\u00edritu muy gentilmente.<br \/>Y cuando el abad vio esta gran maravilla,<br \/>sus l\u00e1grimas amargas goteaban como lluvia,<br \/>y cay\u00f3 de bruces, de bruces en el suelo,<br \/>y sin moverse, como atado, permaneci\u00f3 all\u00ed.<br \/><br \/>El convento tambi\u00e9n yac\u00eda en el suelo,<br \/>llanto, y de Cristo alabando a la querida madre;<br \/>y luego levant\u00e1ndose, se fueron,<br \/><span class=\"OptionText\" title=\"Versos numerados\">1870<\/span>y sac\u00f3 a este m\u00e1rtir de su ata\u00fad;<br \/>y dentro de una tumba de m\u00e1rmol claro,<br \/>encerraron este dulce cuerpecito;<br \/>\u00a1y \u00e9l es donde Dios quiere que estemos juntos!<br \/><br \/>El joven Hugo de Lincoln<sup id=\"cite_ref-8\" class=\"reference\"><\/sup> oh tu que tambi\u00e9n fuiste<br \/>asesinado por jud\u00edos malditos, como es notorio,<br \/>porque s\u00f3lo ha pasado un poco de tiempo,<br \/>Ruega, pues, tambi\u00e9n por nosotros, pecadores volubles,<br \/>para que en su Dios misericordioso compasivo<br \/>multiplica su gran misericordia sobre nosotros,<br \/><span class=\"OptionText\" title=\"Versos numerados\">1880<\/span>para el mayor honor de su madre Marie.<\/p><\/div><p>Am\u00e9n. \u00bb<\/p><div><i>Esto termina la historia de la Priora.<\/i><\/div>\t\t\t\t\t\t\t\t<\/div>\n\t\t\t\t<\/div>\n\t\t\t\t\t<\/div>\n\t\t<\/div>\n\t\t\t\t\t<\/div>\n\t\t<\/section>\n\t\t\t\t<\/div>","protected":false},"excerpt":{"rendered":"<p>Breton Mythology Wiki Geoffrey Chaucer es un escritor y poeta ingl\u00e9s nacido en Londres en la d\u00e9cada de 1340 y fallecido\u2026 <\/p>","protected":false},"author":1,"featured_media":0,"parent":96,"menu_order":0,"comment_status":"closed","ping_status":"closed","template":"","meta":{"footnotes":""},"class_list":["post-14644","page","type-page","status-publish","hentry"],"amp_enabled":true,"_links":{"self":[{"href":"https:\/\/mythslegendes.com\/es\/wp-json\/wp\/v2\/pages\/14644","targetHints":{"allow":["GET"]}}],"collection":[{"href":"https:\/\/mythslegendes.com\/es\/wp-json\/wp\/v2\/pages"}],"about":[{"href":"https:\/\/mythslegendes.com\/es\/wp-json\/wp\/v2\/types\/page"}],"author":[{"embeddable":true,"href":"https:\/\/mythslegendes.com\/es\/wp-json\/wp\/v2\/users\/1"}],"replies":[{"embeddable":true,"href":"https:\/\/mythslegendes.com\/es\/wp-json\/wp\/v2\/comments?post=14644"}],"version-history":[{"count":1,"href":"https:\/\/mythslegendes.com\/es\/wp-json\/wp\/v2\/pages\/14644\/revisions"}],"predecessor-version":[{"id":25245,"href":"https:\/\/mythslegendes.com\/es\/wp-json\/wp\/v2\/pages\/14644\/revisions\/25245"}],"up":[{"embeddable":true,"href":"https:\/\/mythslegendes.com\/es\/wp-json\/wp\/v2\/pages\/96"}],"wp:attachment":[{"href":"https:\/\/mythslegendes.com\/es\/wp-json\/wp\/v2\/media?parent=14644"}],"curies":[{"name":"wp","href":"https:\/\/api.w.org\/{rel}","templated":true}]}}