{"id":14793,"date":"2021-11-02T20:28:31","date_gmt":"2021-11-02T20:28:31","guid":{"rendered":"https:\/\/mythslegendes.com\/?page_id=14793"},"modified":"2022-12-03T22:12:10","modified_gmt":"2022-12-03T22:12:10","slug":"le-morte-darthur-98","status":"publish","type":"page","link":"https:\/\/mythslegendes.com\/es\/mitologia-bretona\/le-morte-darthur-98\/","title":{"rendered":"la muerte de arturo"},"content":{"rendered":"<div data-elementor-type=\"wp-page\" data-elementor-id=\"14793\" class=\"elementor elementor-14793\">\n\t\t\t\t\t\t<section class=\"elementor-section elementor-top-section elementor-element elementor-element-4adc0dd elementor-section-boxed elementor-section-height-default elementor-section-height-default\" data-id=\"4adc0dd\" data-element_type=\"section\" data-e-type=\"section\">\n\t\t\t\t\t\t<div class=\"elementor-container elementor-column-gap-default\">\n\t\t\t\t\t<div class=\"elementor-column elementor-col-50 elementor-top-column elementor-element elementor-element-d7d2437\" data-id=\"d7d2437\" data-element_type=\"column\" data-e-type=\"column\">\n\t\t\t<div class=\"elementor-widget-wrap elementor-element-populated\">\n\t\t\t\t\t\t<div class=\"elementor-element elementor-element-ee33d8e elementor-align-justify elementor-widget elementor-widget-button\" data-id=\"ee33d8e\" data-element_type=\"widget\" data-e-type=\"widget\" data-widget_type=\"button.default\">\n\t\t\t\t<div class=\"elementor-widget-container\">\n\t\t\t\t\t\t\t\t\t<div class=\"elementor-button-wrapper\">\n\t\t\t\t\t<a class=\"elementor-button elementor-button-link elementor-size-sm\" href=\"https:\/\/mythslegendes.com\/es\/mitologia-bretona\/\">\n\t\t\t\t\t\t<span class=\"elementor-button-content-wrapper\">\n\t\t\t\t\t\t\t\t\t<span class=\"elementor-button-text\">Mitolog\u00eda bretona<\/span>\n\t\t\t\t\t<\/span>\n\t\t\t\t\t<\/a>\n\t\t\t\t<\/div>\n\t\t\t\t\t\t\t\t<\/div>\n\t\t\t\t<\/div>\n\t\t\t\t\t<\/div>\n\t\t<\/div>\n\t\t\t\t<div class=\"elementor-column elementor-col-50 elementor-top-column elementor-element elementor-element-814f7f9\" data-id=\"814f7f9\" data-element_type=\"column\" data-e-type=\"column\">\n\t\t\t<div class=\"elementor-widget-wrap elementor-element-populated\">\n\t\t\t\t\t\t<div class=\"elementor-element elementor-element-bdb9620 elementor-align-justify elementor-widget elementor-widget-button\" data-id=\"bdb9620\" data-element_type=\"widget\" data-e-type=\"widget\" data-widget_type=\"button.default\">\n\t\t\t\t<div class=\"elementor-widget-container\">\n\t\t\t\t\t\t\t\t\t<div class=\"elementor-button-wrapper\">\n\t\t\t\t\t<a class=\"elementor-button elementor-button-link elementor-size-sm\" href=\"https:\/\/fr.wikipedia.org\/wiki\/Le_Morte_d%27Arthur\" target=\"_blank\" rel=\"noopener\">\n\t\t\t\t\t\t<span class=\"elementor-button-content-wrapper\">\n\t\t\t\t\t\t\t\t\t<span class=\"elementor-button-text\">Wiki<\/span>\n\t\t\t\t\t<\/span>\n\t\t\t\t\t<\/a>\n\t\t\t\t<\/div>\n\t\t\t\t\t\t\t\t<\/div>\n\t\t\t\t<\/div>\n\t\t\t\t\t<\/div>\n\t\t<\/div>\n\t\t\t\t\t<\/div>\n\t\t<\/section>\n\t\t\t\t<section class=\"elementor-section elementor-top-section elementor-element elementor-element-e5a7c9d elementor-section-boxed elementor-section-height-default elementor-section-height-default\" data-id=\"e5a7c9d\" data-element_type=\"section\" data-e-type=\"section\">\n\t\t\t\t\t\t<div class=\"elementor-container elementor-column-gap-default\">\n\t\t\t\t\t<div class=\"elementor-column elementor-col-100 elementor-top-column elementor-element elementor-element-28e8c7f\" data-id=\"28e8c7f\" data-element_type=\"column\" data-e-type=\"column\">\n\t\t\t<div class=\"elementor-widget-wrap elementor-element-populated\">\n\t\t\t\t\t\t<div class=\"elementor-element elementor-element-4c3aac7 elementor-widget elementor-widget-text-editor\" data-id=\"4c3aac7\" data-element_type=\"widget\" data-e-type=\"widget\" data-widget_type=\"text-editor.default\">\n\t\t\t\t<div class=\"elementor-widget-container\">\n\t\t\t\t\t\t\t\t\t<p><i>la muerte de arturo<\/i>, que significa &quot;la muerte de Arturo&quot;, es la recopilaci\u00f3n de novelas art\u00faricas francesas e inglesas de Thomas Malory. la <a href=\"https:\/\/mythslegendes.com\/es\/bibliotecas-de-libros\/\">libro<\/a> incluye escritos de Malory (la historia de Gareth) y cuenta historias m\u00e1s antiguas a la luz de sus interpretaciones. Fue escrito alrededor de 1469 cuando Malory estaba en prisi\u00f3n.<\/p><p>El texto se conserva en el llamado manuscrito de Winchester copiado en la d\u00e9cada posterior a la muerte de Malory en 1471.<sup id=\"cite_ref-2\" class=\"reference\"><\/sup> y fue publicado por primera vez en 1485 por William Caxton. De nuestros d\u00edas, <i>la muerte de arturo<\/i> es una de las obras inglesas sobre el <a href=\"https:\/\/mythslegendes.com\/es\/\">leyenda<\/a> art\u00faricos m\u00e1s conocidos.<\/p><p><img decoding=\"async\" class=\"alignnone wp-image-9347 size-full\" src=\"https:\/\/mythslegendes.com\/wp-content\/uploads\/2020\/09\/cropped-AlphaOmega-e1602613368367.png\" alt=\"le morte d&#039;arthur\" width=\"25\" height=\"25\" title=\"\"><\/p>\t\t\t\t\t\t\t\t<\/div>\n\t\t\t\t<\/div>\n\t\t\t\t\t<\/div>\n\t\t<\/div>\n\t\t\t\t\t<\/div>\n\t\t<\/section>\n\t\t\t\t<section class=\"elementor-section elementor-top-section elementor-element elementor-element-2f0008a elementor-section-boxed elementor-section-height-default elementor-section-height-default\" data-id=\"2f0008a\" data-element_type=\"section\" data-e-type=\"section\">\n\t\t\t\t\t\t<div class=\"elementor-container elementor-column-gap-default\">\n\t\t\t\t\t<div class=\"elementor-column elementor-col-100 elementor-top-column elementor-element elementor-element-a7e9062\" data-id=\"a7e9062\" data-element_type=\"column\" data-e-type=\"column\">\n\t\t\t<div class=\"elementor-widget-wrap elementor-element-populated\">\n\t\t\t\t\t\t<div class=\"elementor-element elementor-element-68f0de2 elementor-widget elementor-widget-heading\" data-id=\"68f0de2\" data-element_type=\"widget\" data-e-type=\"widget\" data-widget_type=\"heading.default\">\n\t\t\t\t<div class=\"elementor-widget-container\">\n\t\t\t\t\t<div id=\"ez-toc-container\" class=\"ez-toc-v2_0_82_2 counter-hierarchy ez-toc-counter ez-toc-grey ez-toc-container-direction\">\n<div class=\"ez-toc-title-container\">\n<p class=\"ez-toc-title\" style=\"cursor:inherit\">Contenido<\/p>\n<span class=\"ez-toc-title-toggle\"><a href=\"#\" class=\"ez-toc-pull-right ez-toc-btn ez-toc-btn-xs ez-toc-btn-default ez-toc-toggle\" aria-label=\"Alternar tabla de contenidos\"><span class=\"ez-toc-js-icon-con\"><span class=\"\"><span class=\"eztoc-hide\" style=\"display:none;\">Palanca<\/span><span class=\"ez-toc-icon-toggle-span\"><svg style=\"fill: #999;color:#999\" xmlns=\"http:\/\/www.w3.org\/2000\/svg\" class=\"list-377408\" width=\"20px\" height=\"20px\" viewbox=\"0 0 24 24\" fill=\"none\"><path d=\"M6 6H4v2h2V6zm14 0H8v2h12V6zM4 11h2v2H4v-2zm16 0H8v2h12v-2zM4 16h2v2H4v-2zm16 0H8v2h12v-2z\" fill=\"currentColor\"><\/path><\/svg><svg style=\"fill: #999;color:#999\" class=\"arrow-unsorted-368013\" xmlns=\"http:\/\/www.w3.org\/2000\/svg\" width=\"10px\" height=\"10px\" viewbox=\"0 0 24 24\" version=\"1.2\" baseprofile=\"tiny\"><path d=\"M18.2 9.3l-6.2-6.3-6.2 6.3c-.2.2-.3.4-.3.7s.1.5.3.7c.2.2.4.3.7.3h11c.3 0 .5-.1.7-.3.2-.2.3-.5.3-.7s-.1-.5-.3-.7zM5.8 14.7l6.2 6.3 6.2-6.3c.2-.2.3-.5.3-.7s-.1-.5-.3-.7c-.2-.2-.4-.3-.7-.3h-11c-.3 0-.5.1-.7.3-.2.2-.3.5-.3.7s.1.5.3.7z\"\/><\/svg><\/span><\/span><\/span><\/a><\/span><\/div>\n<nav><ul class='ez-toc-list ez-toc-list-level-1' ><li class='ez-toc-page-1 ez-toc-heading-level-2'><a class=\"ez-toc-link ez-toc-heading-1\" href=\"https:\/\/mythslegendes.com\/es\/mitologia-bretona\/le-morte-darthur-98\/#Le-Morte-dArthur-de-Thomas-Malory\" >La muerte de Arturo de Thomas Malory<\/a><\/li><\/ul><\/nav><\/div>\n<h2 class=\"elementor-heading-title elementor-size-default\"><span class=\"ez-toc-section\" id=\"Le-Morte-dArthur-de-Thomas-Malory\"><\/span>La muerte de Arturo de Thomas Malory<span class=\"ez-toc-section-end\"><\/span><\/h2>\t\t\t\t<\/div>\n\t\t\t\t<\/div>\n\t\t\t\t\t<\/div>\n\t\t<\/div>\n\t\t\t\t\t<\/div>\n\t\t<\/section>\n\t\t\t\t<section class=\"elementor-section elementor-top-section elementor-element elementor-element-fb05c6e elementor-section-boxed elementor-section-height-default elementor-section-height-default\" data-id=\"fb05c6e\" data-element_type=\"section\" data-e-type=\"section\">\n\t\t\t\t\t\t<div class=\"elementor-container elementor-column-gap-default\">\n\t\t\t\t\t<div class=\"elementor-column elementor-col-100 elementor-top-column elementor-element elementor-element-a6fd2d8\" data-id=\"a6fd2d8\" data-element_type=\"column\" data-e-type=\"column\">\n\t\t\t<div class=\"elementor-widget-wrap elementor-element-populated\">\n\t\t\t\t\t\t<div class=\"elementor-element elementor-element-42e67d0 elementor-widget elementor-widget-text-editor\" data-id=\"42e67d0\" data-element_type=\"widget\" data-e-type=\"widget\" data-widget_type=\"text-editor.default\">\n\t\t\t\t<div class=\"elementor-widget-container\">\n\t\t\t\t\t\t\t\t\t<p>El texto contiene ocho historias diferentes:<\/p><ol><li><i><span class=\"lang-enm\" lang=\"enm\">Del Maryage de Kynge Uther a Kyng Arthure que Regned Aftir Hym y Ded Many Batayles<\/span><\/i> (El nacimiento del Rey Arturo y las batallas que pelea)<\/li><li><i><span class=\"lang-enm\" lang=\"enm\">El cuento noble Betwyxt Kynge Arthure y Lucius el emperador de Roma<\/span><\/i> (La guerra entre el rey Arturo y los romanos)<\/li><li><i><span class=\"lang-enm\" lang=\"enm\">La noble historia de Sir Launcelot Du Lake<\/span><\/i> (La historia de Lancelot du Lac)<\/li><li><i><span class=\"lang-enm\" lang=\"enm\">El cuento de Sir Gareth de Orkney<\/span><\/i> (La historia de Gareth)<\/li><li><i><span class=\"lang-enm\" lang=\"enm\">El Fyrst y el Secunde Boke de Syr Trystrams de Lyones<\/span><\/i> (La historia de Trist\u00e1n y sus aventuras, que incluye su relaci\u00f3n amorosa con Isolda)<\/li><li><i><span class=\"lang-enm\" lang=\"enm\">La noble historia del Sankgreal<\/span><\/i> (La b\u00fasqueda del Santo Grial)<\/li><li><i><span class=\"lang-enm\" lang=\"enm\">Sir Lanzarote y la reina Gwenyvere<\/span><\/i> (La historia de amor entre Lancelot du Lac y la reina Ginebra)<\/li><li><i><span class=\"lang-enm\" lang=\"enm\">El Dethe de Arturo<\/span><\/i> (La muerte de Arthur y la ca\u00edda de la Mesa Redonda)<\/li><\/ol><p>La novela recorre toda la historia de la caballer\u00eda art\u00farica, desde las circunstancias del nacimiento del rey Arturo hasta la destrucci\u00f3n de su reino y la ca\u00edda de la Mesa Redonda.<sup id=\"cite_ref-3\" class=\"reference\"><\/sup>.<\/p><p><a href=\"http:\/\/samizdat.qc.ca\/arts\/lit\/malory\/morte_darthur1.pdf\" target=\"_blank\" rel=\"noopener\">Aqu\u00ed est\u00e1 la primera parte en ingl\u00e9s moderno.<\/a><\/p><p><a href=\"http:\/\/www.samizdat.qc.ca\/arts\/lit\/malory\/morte_darthur2.pdf\" target=\"_blank\" rel=\"noopener\">Aqu\u00ed est\u00e1 la segunda parte en ingl\u00e9s moderno.<\/a><\/p>\t\t\t\t\t\t\t\t<\/div>\n\t\t\t\t<\/div>\n\t\t\t\t\t<\/div>\n\t\t<\/div>\n\t\t\t\t\t<\/div>\n\t\t<\/section>\n\t\t\t\t<\/div>","protected":false},"excerpt":{"rendered":"<p>Breton Mythology Wiki Le Morte d&#039;Arthur, que significa &quot;la muerte de Arturo&quot;, es la recopilaci\u00f3n de novelas art\u00faricas francesas e inglesas... <\/p>","protected":false},"author":1,"featured_media":0,"parent":96,"menu_order":0,"comment_status":"closed","ping_status":"closed","template":"","meta":{"footnotes":""},"class_list":["post-14793","page","type-page","status-publish","hentry"],"amp_enabled":true,"_links":{"self":[{"href":"https:\/\/mythslegendes.com\/es\/wp-json\/wp\/v2\/pages\/14793","targetHints":{"allow":["GET"]}}],"collection":[{"href":"https:\/\/mythslegendes.com\/es\/wp-json\/wp\/v2\/pages"}],"about":[{"href":"https:\/\/mythslegendes.com\/es\/wp-json\/wp\/v2\/types\/page"}],"author":[{"embeddable":true,"href":"https:\/\/mythslegendes.com\/es\/wp-json\/wp\/v2\/users\/1"}],"replies":[{"embeddable":true,"href":"https:\/\/mythslegendes.com\/es\/wp-json\/wp\/v2\/comments?post=14793"}],"version-history":[{"count":1,"href":"https:\/\/mythslegendes.com\/es\/wp-json\/wp\/v2\/pages\/14793\/revisions"}],"predecessor-version":[{"id":25263,"href":"https:\/\/mythslegendes.com\/es\/wp-json\/wp\/v2\/pages\/14793\/revisions\/25263"}],"up":[{"embeddable":true,"href":"https:\/\/mythslegendes.com\/es\/wp-json\/wp\/v2\/pages\/96"}],"wp:attachment":[{"href":"https:\/\/mythslegendes.com\/es\/wp-json\/wp\/v2\/media?parent=14793"}],"curies":[{"name":"wp","href":"https:\/\/api.w.org\/{rel}","templated":true}]}}