{"id":150,"date":"2019-10-11T13:26:02","date_gmt":"2019-10-11T12:26:02","guid":{"rendered":"https:\/\/mythslegendes.com\/?page_id=150"},"modified":"2022-12-03T22:06:50","modified_gmt":"2022-12-03T22:06:50","slug":"le-mythe-de-taliesin","status":"publish","type":"page","link":"https:\/\/mythslegendes.com\/es\/mitologia-bretona\/el-mito-de-taliesin\/","title":{"rendered":"El mito de Taliesin"},"content":{"rendered":"<div data-elementor-type=\"wp-page\" data-elementor-id=\"150\" class=\"elementor elementor-150\">\n\t\t\t\t\t\t<section class=\"elementor-section elementor-top-section elementor-element elementor-element-5b0c719 elementor-section-boxed elementor-section-height-default elementor-section-height-default\" data-id=\"5b0c719\" data-element_type=\"section\" data-e-type=\"section\">\n\t\t\t\t\t\t<div class=\"elementor-container elementor-column-gap-default\">\n\t\t\t\t\t<div class=\"elementor-column elementor-col-50 elementor-top-column elementor-element elementor-element-1ef588f\" data-id=\"1ef588f\" data-element_type=\"column\" data-e-type=\"column\">\n\t\t\t<div class=\"elementor-widget-wrap elementor-element-populated\">\n\t\t\t\t\t\t<div class=\"elementor-element elementor-element-f6d1765 elementor-align-justify elementor-widget elementor-widget-button\" data-id=\"f6d1765\" data-element_type=\"widget\" data-e-type=\"widget\" data-widget_type=\"button.default\">\n\t\t\t\t<div class=\"elementor-widget-container\">\n\t\t\t\t\t\t\t\t\t<div class=\"elementor-button-wrapper\">\n\t\t\t\t\t<a class=\"elementor-button elementor-button-link elementor-size-sm\" href=\"https:\/\/mythslegendes.com\/es\/mitologia-bretona\/\">\n\t\t\t\t\t\t<span class=\"elementor-button-content-wrapper\">\n\t\t\t\t\t\t\t\t\t<span class=\"elementor-button-text\">Mitolog\u00eda bretona<\/span>\n\t\t\t\t\t<\/span>\n\t\t\t\t\t<\/a>\n\t\t\t\t<\/div>\n\t\t\t\t\t\t\t\t<\/div>\n\t\t\t\t<\/div>\n\t\t\t\t\t<\/div>\n\t\t<\/div>\n\t\t\t\t<div class=\"elementor-column elementor-col-50 elementor-top-column elementor-element elementor-element-c7c69b4\" data-id=\"c7c69b4\" data-element_type=\"column\" data-e-type=\"column\">\n\t\t\t<div class=\"elementor-widget-wrap elementor-element-populated\">\n\t\t\t\t\t\t<div class=\"elementor-element elementor-element-710e856 elementor-align-justify elementor-widget elementor-widget-button\" data-id=\"710e856\" data-element_type=\"widget\" data-e-type=\"widget\" data-widget_type=\"button.default\">\n\t\t\t\t<div class=\"elementor-widget-container\">\n\t\t\t\t\t\t\t\t\t<div class=\"elementor-button-wrapper\">\n\t\t\t\t\t<a class=\"elementor-button elementor-button-link elementor-size-sm\" href=\"https:\/\/fr.wikipedia.org\/wiki\/Mythologie_bretonne\" target=\"_blank\" rel=\"noopener\">\n\t\t\t\t\t\t<span class=\"elementor-button-content-wrapper\">\n\t\t\t\t\t\t\t\t\t<span class=\"elementor-button-text\">Wiki<\/span>\n\t\t\t\t\t<\/span>\n\t\t\t\t\t<\/a>\n\t\t\t\t<\/div>\n\t\t\t\t\t\t\t\t<\/div>\n\t\t\t\t<\/div>\n\t\t\t\t\t<\/div>\n\t\t<\/div>\n\t\t\t\t\t<\/div>\n\t\t<\/section>\n\t\t\t\t<section class=\"elementor-section elementor-top-section elementor-element elementor-element-7f017df1 elementor-section-boxed elementor-section-height-default elementor-section-height-default\" data-id=\"7f017df1\" data-element_type=\"section\" data-e-type=\"section\">\n\t\t\t\t\t\t<div class=\"elementor-container elementor-column-gap-default\">\n\t\t\t\t\t<div class=\"elementor-column elementor-col-100 elementor-top-column elementor-element elementor-element-2f10d409\" data-id=\"2f10d409\" data-element_type=\"column\" data-e-type=\"column\">\n\t\t\t<div class=\"elementor-widget-wrap elementor-element-populated\">\n\t\t\t\t\t\t<div class=\"elementor-element elementor-element-60d7733a elementor-widget elementor-widget-text-editor\" data-id=\"60d7733a\" data-element_type=\"widget\" data-e-type=\"widget\" data-widget_type=\"text-editor.default\">\n\t\t\t\t<div class=\"elementor-widget-container\">\n\t\t\t\t\t\t\t\t\t<p><\/p>\n<p class=\"has-text-align-justify\">\u00c9sta es la historia de Taliesin. \u00c9rase una vez, y no exist\u00eda, en la tierra de Pennlyn, tierra del soberano Tegid Voel El Calvo, una mujer de gran belleza, llena de talentos y de grandes conocimientos sobre cosas secretas. El nombre de esta mujer era Cerridwen y era la propia esposa de Tegid el Calvo.<\/p>\n<p><img decoding=\"async\" class=\"alignnone wp-image-5284 size-full\" src=\"https:\/\/mythslegendes.com\/wp-content\/uploads\/2020\/09\/AlphaOmega-e1602613368367.png\" alt=\"Taliesin\" width=\"25\" height=\"26\" title=\"\"><\/p>\n<div id=\"ez-toc-container\" class=\"ez-toc-v2_0_82_2 counter-hierarchy ez-toc-counter ez-toc-grey ez-toc-container-direction\">\n<div class=\"ez-toc-title-container\">\n<p class=\"ez-toc-title\" style=\"cursor:inherit\">Contenido<\/p>\n<span class=\"ez-toc-title-toggle\"><a href=\"#\" class=\"ez-toc-pull-right ez-toc-btn ez-toc-btn-xs ez-toc-btn-default ez-toc-toggle\" aria-label=\"Alternar tabla de contenidos\"><span class=\"ez-toc-js-icon-con\"><span class=\"\"><span class=\"eztoc-hide\" style=\"display:none;\">Palanca<\/span><span class=\"ez-toc-icon-toggle-span\"><svg style=\"fill: #999;color:#999\" xmlns=\"http:\/\/www.w3.org\/2000\/svg\" class=\"list-377408\" width=\"20px\" height=\"20px\" viewbox=\"0 0 24 24\" fill=\"none\"><path d=\"M6 6H4v2h2V6zm14 0H8v2h12V6zM4 11h2v2H4v-2zm16 0H8v2h12v-2zM4 16h2v2H4v-2zm16 0H8v2h12v-2z\" fill=\"currentColor\"><\/path><\/svg><svg style=\"fill: #999;color:#999\" class=\"arrow-unsorted-368013\" xmlns=\"http:\/\/www.w3.org\/2000\/svg\" width=\"10px\" height=\"10px\" viewbox=\"0 0 24 24\" version=\"1.2\" baseprofile=\"tiny\"><path d=\"M18.2 9.3l-6.2-6.3-6.2 6.3c-.2.2-.3.4-.3.7s.1.5.3.7c.2.2.4.3.7.3h11c.3 0 .5-.1.7-.3.2-.2.3-.5.3-.7s-.1-.5-.3-.7zM5.8 14.7l6.2 6.3 6.2-6.3c.2-.2.3-.5.3-.7s-.1-.5-.3-.7c-.2-.2-.4-.3-.7-.3h-11c-.3 0-.5.1-.7.3-.2.2-.3.5-.3.7s.1.5.3.7z\"\/><\/svg><\/span><\/span><\/span><\/a><\/span><\/div>\n<nav><ul class='ez-toc-list ez-toc-list-level-1' ><li class='ez-toc-page-1 ez-toc-heading-level-2'><a class=\"ez-toc-link ez-toc-heading-1\" href=\"https:\/\/mythslegendes.com\/es\/mitologia-bretona\/el-mito-de-taliesin\/#Taliesin\" >Taliesin<\/a><\/li><\/ul><\/nav><\/div>\n<h2><span class=\"ez-toc-section\" id=\"Taliesin\"><\/span>Taliesin<span class=\"ez-toc-section-end\"><\/span><\/h2>\n<p class=\"has-text-align-justify\">De su uni\u00f3n nacieron tres hijos, Creiwyl una ni\u00f1a magn\u00edficamente hermosa como su madre, Morvran y AfangDu el ni\u00f1o m\u00e1s feo del mundo. Es por su fealdad que Cerridwen parece apreciarlo m\u00e1s que a los dem\u00e1s, es por su fealdad que busca las magias m\u00e1s fuertes, los filtros m\u00e1s secretos. Este ni\u00f1o feo atormenta su coraz\u00f3n y su amor por \u00e9l desea salvarlo de su desgracia.<\/p>\n<p><\/p>\n<p><\/p>\n<p class=\"has-text-align-justify\">A trav\u00e9s de misiones, Cerridwen finalmente encuentra una manera de compensar la fealdad del ni\u00f1o con la posibilidad de adquirir conocimientos primordiales. Para ello prepara el caldero del conocimiento y de la inspiraci\u00f3n que debe hervir durante un a\u00f1o y un d\u00eda. Sabe que tres gotas de esta bebida dada al ni\u00f1o ser\u00e1n para \u00e9l la inspiraci\u00f3n divina, la que ilumina el alma, promete todo conocimiento y. todos los regalos. Entonces su hijo ya no tendr\u00e1 que avergonzarse de su fealdad porque le ser\u00e1 dada la belleza del alma.<\/p>\n<p><\/p>\n<p><\/p>\n<p class=\"has-text-align-justify\">A medida que pasa el tiempo hirviendo la bebida, la Reina pone bajo su supervisi\u00f3n a un joven llamado Gwyon Bach, as\u00ed como a un anciano ciego llamado Mordra. Juntos deben asegurarse de que siempre haya fuego debajo del caldero y que el l\u00edquido no se desborde. Y as\u00ed lo hacen, porque Ceridwen, por muy hermosa que sea, puede tener una ira terrible. Ha pasado un a\u00f1o, el ciclo del tiempo pronto se cerr\u00f3 y llega el momento de la elaboraci\u00f3n de cerveza para Afgdu.<\/p>\n<p class=\"has-text-align-justify\">Ese d\u00eda Cerridwen est\u00e1 en busca de hierbas y plantas m\u00e1gicas. Gwyon y Mordra hablan y hablan hasta que ven que la bebida se hincha, burbujea cada vez m\u00e1s, como una gran sopa que finalmente est\u00e1 demasiado caliente y emana vapores. Demasiado tarde el l\u00edquido brot\u00f3, salt\u00f3, salpic\u00f3 tanto que, sorprendido, Gwyon, al no haber tenido tiempo de alejarse, se quem\u00f3 la mano.<\/p>\n<p class=\"has-text-align-justify\">El dolor es terrible, el fuego, el calor est\u00e1 ah\u00ed, el instinto lleva la mano a la boca. Tres gotas de magia lo tocan por completo, penetran por su boca. La luz, el calor lo invaden enteramente como un nuevo sol, Gwyon se sorprende, se sorprende: \u00bfno bebi\u00f3 all\u00ed las tres gotas reservadas para Affgdu? Y Gwyon, con la cabeza repentinamente llena de conocimiento, sabe, ve y comprende la ira de Cerridwen. : \u00a1debe huir!<\/p>\n<p><\/p>\n<p><\/p>\n<p class=\"has-text-align-justify\">La ira de Cerridwen era terrible, gritaba, aullaba, golpeaba la tierra con los talones, golpeaba a todo aquel que se pon\u00eda a su alcance, no perdon\u00f3 a Morda. Se escuch\u00f3 hasta el final de los valles, en las cimas de las monta\u00f1as, a lo largo de los r\u00edos del reino. Sus l\u00e1grimas se mezclaron con estos gritos y todos temblaron al escucharla.<\/p>\n<p class=\"has-text-align-justify\">Ebria de rabia y dolor, la Reina parti\u00f3 en busca de Gwyon para castigarlo. Aterrorizado, el ni\u00f1o se escondi\u00f3, escuch\u00f3 los gritos, las amenazas proferidas con ira. Cuando la escuch\u00f3 acercarse, invocando su nueva sabidur\u00eda, se transform\u00f3 en una liebre con la esperanza de correr tan r\u00e1pido que ella no pudiera alcanzarlo. Cerridwen tambi\u00e9n sab\u00eda mucho de magia y se transform\u00f3 en un galgo.<\/p>\n<p class=\"has-text-align-justify\">Entonces ella corri\u00f3 igual de r\u00e1pido, m\u00e1s r\u00e1pido y se acerc\u00f3 m\u00e1s y m\u00e1s a \u00e9l. Al despegar, Gwyon se transforma en pez y Cerridwen en nutria, Gwyon en p\u00e1jaro y Cerridwen en halc\u00f3n. A\u00fan armado con su poder de metamorfosis, Gwyon se convierte en grano y se esconde en un mont\u00f3n de trigo. Cerridwen inmediatamente se convirti\u00f3 en una gallina negra y se trag\u00f3 los granos y, por lo tanto, incluso Gwyon.<\/p>\n<p class=\"has-text-align-justify\">Al amanecer de otro d\u00eda la Reina ve el tama\u00f1o de su vientre. Mientras su marido Tegid el Calvo part\u00eda para luchar contra los piratas ga\u00e9licos y establecer fortificaciones a lo largo de las costas, ella comprendi\u00f3 inmediatamente lo que le hab\u00eda sucedido. Este ni\u00f1o que espera s\u00f3lo puede ser el joven Gwyon, la semilla en la que se hab\u00eda convertido y que ella hab\u00eda tragado, y se prepara para un segundo nacimiento. Keridwen, cuando llegue el d\u00eda, dar\u00e1 a luz sola al ni\u00f1o.<\/p>\n<p class=\"has-text-align-justify\">Este ni\u00f1o es tan hermoso que cuando sus ojos se encuentran con los de ella, ella no se atreve a eliminarlo para esconderlo de los ojos del mundo, y le construye una especie de cesta tejida con juncos y musgo que conf\u00eda a la caridad de las aguas de un r\u00edo que, lejos de \u00e9l, mezclar\u00e1 sus aguas con las del oc\u00e9ano...<\/p>\n<p><\/p>\n<p><\/p>\n<p class=\"has-text-align-justify\">Durante nueve d\u00edas y nueve noches, Gwyon fue sacudido por las olas pero nunca llor\u00f3. No sent\u00eda ni hambre ni sed, porque el agua de la lluvia se encargaba de saciar su sed y peces muy peque\u00f1os saltaban del agua para llegar directamente a su boca. En la tarde del d\u00e9cimo d\u00eda avist\u00f3 una tierra, la del rey Gwyddno, conocida por poseer una de las trece maravillas del reino: una red que, cada tarde que se met\u00eda en el agua, tra\u00eda suficientes peces. para alimentar todas las bocas del clan, y a\u00fan m\u00e1s.<\/p>\n<p class=\"has-text-align-justify\">Gwyddno ten\u00eda un hijo, Elfin, uno de los muchachos m\u00e1s desafortunados y desafortunados que hab\u00eda, y a quien, esa noche, su padre le hab\u00eda encargado levantar la red, para traerle suerte. No estaba acostumbrado a su desgracia. Sorprendido cuando levant\u00f3 la red y encontr\u00f3 s\u00f3lo la canasta tejida y ning\u00fan pez. En esta canasta vio a Gwyon, y Elfin qued\u00f3 tan deslumbrado por su belleza que lo llam\u00f3 Taliesin y recuper\u00f3 el coraje y el ardor al regresar a casa.<\/p>\n<p class=\"has-text-align-justify\">Su padre, si empez\u00f3 lament\u00e1ndose de que Elfin no hubiera pescado nada para alimentar al clan, tambi\u00e9n qued\u00f3 hechizado cuando vio al beb\u00e9 y lo estuvo a\u00fan m\u00e1s cuando el beb\u00e9 qued\u00f3 satisfecho y empez\u00f3 a contarles lo suyo. historia, la de Gwyon Bach y Keridwen, en forma de canci\u00f3n con tonos perfectos.<\/p>\n<p><\/p>\n<p><\/p>\n<p class=\"has-text-align-justify\">Entonces Taliesin habl\u00f3:<br \/>\u00a0\u00bb Muchas gracias a ti, Elfin, por haberme acogido y acogido. Escucha ahora que no te arrepentir\u00e1s porque soy Taliesin y si pronto mi nombre arde entre las innumerables estrellas del cielo, cr\u00e9eme que no ser\u00e9 un desagradecido y que encontrar\u00e1s conmigo una recompensa digna de tu bondad. \u201c\u00a0<\/p>\n<p class=\"has-text-align-justify\">Taliesin pas\u00f3 cuatro a\u00f1os en la casa de Eflin, cuatro a\u00f1os en los que pas\u00f3 de ser un ni\u00f1o a convertirse en el joven que es hoy, para asombro del pueblo del rey Gwyddno. Durante todo este tiempo se esforz\u00f3 por animar a su benefactor, quien, de t\u00edmido y encorvado, poco a poco se convirti\u00f3 en un hombre de agradable compa\u00f1\u00eda y de buena conversaci\u00f3n.<\/p>\n<p><\/p>\n<p><\/p>\n<p class=\"has-text-align-justify\">Lleg\u00f3 un d\u00eda de oto\u00f1o en el que Elfin los dej\u00f3, habiendo sido invitado por su t\u00edo Maelgwin Gwynedd a quedarse en su tierra en Degawny mientras \u00e9l estaba all\u00ed, en compa\u00f1\u00eda de los hombres de su t\u00edo, recibiendo la bebida y comi\u00e9ndola, mientras escuchaba. a los bardos cantan su gloria. Elfin, cuya bebida le hab\u00eda hecho perder un poco la cabeza, se jactaba de ser un bardo con m\u00e1s talento y una esposa m\u00e1s fiel que nadie en Degawny.<\/p>\n<p class=\"has-text-align-justify\">Su t\u00edo se enfureci\u00f3, lo encarcel\u00f3 y luego envi\u00f3 a Rhun, su hijo ileg\u00edtimo, un joven de una belleza a la que ninguna mujer podr\u00eda resistir, con la misi\u00f3n de seducir a la esposa de Elfin. Consciente de toda la estratagema, Taliesin fue a buscar a su protector para contarle todo y ofrecerle reemplazarla con un sirviente que usar\u00eda su ropa y joyas. Por lo tanto, Rhun durmi\u00f3 con el sirviente y, temprano en la ma\u00f1ana, le cort\u00f3 el dedo que llevaba el anillo de Eflin, antes de huir hacia Degawny.<\/p>\n<p class=\"has-text-align-justify\">All\u00ed, sacaron a Elfin de prisi\u00f3n para mostrarle pruebas de la infidelidad de su esposa. \u00c9l respondi\u00f3: &quot;\u00a1\u00a1Ah!! Este dedo es demasiado peque\u00f1o, tiene la u\u00f1a sucia y todav\u00eda tiene las marcas del centeno amasado, \u00a1\u00a1no puede ser de mi mujer!! \u00bb Maelgwin, furioso, hizo volver a encarcelar a Elfin, ante los ojos de Taliesin, porque hab\u00eda seguido a Rhun en secreto cuando huy\u00f3.<\/p>\n<p><\/p>\n<p><\/p>\n<p class=\"has-text-align-justify\">M\u00e1s tarde esa misma noche, y bajo el liderazgo de Heinin su l\u00edder, los tres bardos de Maelgwin se prepararon para cantar para apaciguar la ira de su rey. Pero Taliesin les hab\u00eda jugado una mala pasada a su manera, y de sus bocas grasientas s\u00f3lo sal\u00edan torpes \u201cbleub bleub\u201d y otros sonidos grotescos. Entonces Taliesin dio un paso adelante, hizo saber su presencia a todos y, para confundir mejor a los bardos de Maelgwin, comenz\u00f3 a cantar con tal fuerza que su canci\u00f3n desat\u00f3 una tormenta que amain\u00f3 en cuanto cayeron las \u00faltimas notas.<\/p>\n<p class=\"has-text-align-justify\">Maelgwin, reconociendo que superaba a todos sus bardos y probablemente a todos los del reino, trajo a Elfin cuyas cadenas quit\u00f3. El t\u00edo y el sobrino ahora reconciliados, Taliesin aconsej\u00f3 a Elfin que pretendiera que adem\u00e1s de la mujer fuera el bardo m\u00e1s leal y m\u00e1s talentoso. , tambi\u00e9n ten\u00eda el caballo m\u00e1s r\u00e1pido, y as\u00ed fue.<\/p>\n<p class=\"has-text-align-justify\">Tres d\u00edas despu\u00e9s, se organiz\u00f3 una carrera y Taliesin fue a buscar al corredor de Elfin y le proporcion\u00f3 24 ramas de acebo quemadas, indic\u00e1ndole que golpeara con ellas a cada caballo que alcanzara antes de arrojar su abrigo donde dar\u00eda un paso en falso.<\/p>\n<p><\/p>\n<p><\/p>\n<p class=\"has-text-align-justify\">As\u00ed se hizo y despu\u00e9s de que Elfin gan\u00f3 la carrera, Taliesin lo llev\u00f3 donde hab\u00eda ca\u00eddo el manto, aconsej\u00e1ndole que cavara en ese preciso lugar. All\u00ed encontr\u00f3 un caldero lleno de oro y, habiendo cumplido su deuda, habiendo establecido respeto y. riqueza para \u00e9l, Taliesin dej\u00f3 Elfin. As\u00ed es como Taliesin viaj\u00f3 por las tierras del mundo para encontrar el tema de nuevas canciones y perfeccionar su conocimiento de todo.<\/p>\n<p><\/p>\t\t\t\t\t\t\t\t<\/div>\n\t\t\t\t<\/div>\n\t\t\t\t\t<\/div>\n\t\t<\/div>\n\t\t\t\t\t<\/div>\n\t\t<\/section>\n\t\t\t\t<\/div>","protected":false},"excerpt":{"rendered":"<p>Breton Mythology Wiki Aqu\u00ed est\u00e1 la historia de Taliesin. \u00c9rase una vez, y \u00e9l no estaba, en el pa\u00eds de Pennlyn,... <\/p>","protected":false},"author":1,"featured_media":152,"parent":96,"menu_order":0,"comment_status":"closed","ping_status":"closed","template":"","meta":{"footnotes":""},"class_list":["post-150","page","type-page","status-publish","has-post-thumbnail","hentry"],"amp_enabled":true,"_links":{"self":[{"href":"https:\/\/mythslegendes.com\/es\/wp-json\/wp\/v2\/pages\/150","targetHints":{"allow":["GET"]}}],"collection":[{"href":"https:\/\/mythslegendes.com\/es\/wp-json\/wp\/v2\/pages"}],"about":[{"href":"https:\/\/mythslegendes.com\/es\/wp-json\/wp\/v2\/types\/page"}],"author":[{"embeddable":true,"href":"https:\/\/mythslegendes.com\/es\/wp-json\/wp\/v2\/users\/1"}],"replies":[{"embeddable":true,"href":"https:\/\/mythslegendes.com\/es\/wp-json\/wp\/v2\/comments?post=150"}],"version-history":[{"count":1,"href":"https:\/\/mythslegendes.com\/es\/wp-json\/wp\/v2\/pages\/150\/revisions"}],"predecessor-version":[{"id":24473,"href":"https:\/\/mythslegendes.com\/es\/wp-json\/wp\/v2\/pages\/150\/revisions\/24473"}],"up":[{"embeddable":true,"href":"https:\/\/mythslegendes.com\/es\/wp-json\/wp\/v2\/pages\/96"}],"wp:featuredmedia":[{"embeddable":true,"href":"https:\/\/mythslegendes.com\/es\/wp-json\/wp\/v2\/media\/152"}],"wp:attachment":[{"href":"https:\/\/mythslegendes.com\/es\/wp-json\/wp\/v2\/media?parent=150"}],"curies":[{"name":"wp","href":"https:\/\/api.w.org\/{rel}","templated":true}]}}