{"id":15164,"date":"2021-11-13T17:11:58","date_gmt":"2021-11-13T17:11:58","guid":{"rendered":"https:\/\/mythslegendes.com\/?page_id=15164"},"modified":"2022-12-03T22:12:12","modified_gmt":"2022-12-03T22:12:12","slug":"a-gust-of-wind-89","status":"publish","type":"page","link":"https:\/\/mythslegendes.com\/es\/mitologia-anichinabianos\/una-rafaga-de-viento-89\/","title":{"rendered":"Tale Ojibw\u00e9: Una r\u00e1faga de viento"},"content":{"rendered":"<div data-elementor-type=\"wp-page\" data-elementor-id=\"15164\" class=\"elementor elementor-15164\">\n\t\t\t\t\t\t<section class=\"elementor-section elementor-top-section elementor-element elementor-element-f83d369 elementor-section-boxed elementor-section-height-default elementor-section-height-default\" data-id=\"f83d369\" data-element_type=\"section\" data-e-type=\"section\">\n\t\t\t\t\t\t<div class=\"elementor-container elementor-column-gap-default\">\n\t\t\t\t\t<div class=\"elementor-column elementor-col-50 elementor-top-column elementor-element elementor-element-f02b518\" data-id=\"f02b518\" data-element_type=\"column\" data-e-type=\"column\">\n\t\t\t<div class=\"elementor-widget-wrap elementor-element-populated\">\n\t\t\t\t\t\t<div class=\"elementor-element elementor-element-dfae270 elementor-align-justify elementor-widget elementor-widget-button\" data-id=\"dfae270\" data-element_type=\"widget\" data-e-type=\"widget\" data-widget_type=\"button.default\">\n\t\t\t\t<div class=\"elementor-widget-container\">\n\t\t\t\t\t\t\t\t\t<div class=\"elementor-button-wrapper\">\n\t\t\t\t\t<a class=\"elementor-button elementor-button-link elementor-size-sm\" href=\"https:\/\/mythslegendes.com\/es\/mitologia-anichinabianos\/\">\n\t\t\t\t\t\t<span class=\"elementor-button-content-wrapper\">\n\t\t\t\t\t\t\t\t\t<span class=\"elementor-button-text\">Mitolog\u00eda anichinabe<\/span>\n\t\t\t\t\t<\/span>\n\t\t\t\t\t<\/a>\n\t\t\t\t<\/div>\n\t\t\t\t\t\t\t\t<\/div>\n\t\t\t\t<\/div>\n\t\t\t\t\t<\/div>\n\t\t<\/div>\n\t\t\t\t<div class=\"elementor-column elementor-col-50 elementor-top-column elementor-element elementor-element-8b8e0fe\" data-id=\"8b8e0fe\" data-element_type=\"column\" data-e-type=\"column\">\n\t\t\t<div class=\"elementor-widget-wrap elementor-element-populated\">\n\t\t\t\t\t\t<div class=\"elementor-element elementor-element-220380f elementor-align-justify elementor-widget elementor-widget-button\" data-id=\"220380f\" data-element_type=\"widget\" data-e-type=\"widget\" data-widget_type=\"button.default\">\n\t\t\t\t<div class=\"elementor-widget-container\">\n\t\t\t\t\t\t\t\t\t<div class=\"elementor-button-wrapper\">\n\t\t\t\t\t<a class=\"elementor-button elementor-button-link elementor-size-sm\" href=\"https:\/\/www.thecanadianencyclopedia.ca\/fr\/article\/ojibwes\" target=\"_blank\" rel=\"noopener\">\n\t\t\t\t\t\t<span class=\"elementor-button-content-wrapper\">\n\t\t\t\t\t\t\t\t\t<span class=\"elementor-button-text\">Wiki<\/span>\n\t\t\t\t\t<\/span>\n\t\t\t\t\t<\/a>\n\t\t\t\t<\/div>\n\t\t\t\t\t\t\t\t<\/div>\n\t\t\t\t<\/div>\n\t\t\t\t\t<\/div>\n\t\t<\/div>\n\t\t\t\t\t<\/div>\n\t\t<\/section>\n\t\t\t\t<section class=\"elementor-section elementor-top-section elementor-element elementor-element-c1adf29 elementor-section-boxed elementor-section-height-default elementor-section-height-default\" data-id=\"c1adf29\" data-element_type=\"section\" data-e-type=\"section\">\n\t\t\t\t\t\t<div class=\"elementor-container elementor-column-gap-default\">\n\t\t\t\t\t<div class=\"elementor-column elementor-col-100 elementor-top-column elementor-element elementor-element-26a9898\" data-id=\"26a9898\" data-element_type=\"column\" data-e-type=\"column\">\n\t\t\t<div class=\"elementor-widget-wrap elementor-element-populated\">\n\t\t\t\t\t\t<div class=\"elementor-element elementor-element-8c319bc elementor-widget elementor-widget-text-editor\" data-id=\"8c319bc\" data-element_type=\"widget\" data-e-type=\"widget\" data-widget_type=\"text-editor.default\">\n\t\t\t\t<div class=\"elementor-widget-container\">\n\t\t\t\t\t\t\t\t\t<p>El t\u00e9rmino Ojibwe proviene de <em>Utchibou<\/em>, nombre dado al XVII<sup>mi<\/sup> siglo a un grupo que viv\u00eda al norte de lo que ahora es Sault Ste. Marie, Ontario. Aqu\u00ed est\u00e1 uno de sus cuentos: Una r\u00e1faga de viento.<\/p><p>los <a href=\"https:\/\/mythslegendes.com\/es\/mitologia-anichinabianos\/\">Ojibway<\/a> formaban parte de una serie de grupos muy cercanos, pero distintos, que ocupaban un territorio ubicado entre el noreste de la bah\u00eda <a href=\"https:\/\/mythslegendes.com\/es\/mitologia-georgiana\/\">georgiano<\/a> y el este del Lago Superior. Estos pueblos que se reunieron cerca de la actual Sault Ste. Mar\u00eda tambi\u00e9n se llaman <a href=\"https:\/\/mythslegendes.com\/es\/mitologia-anichinabianos\/\">Saulteaux<\/a>, un t\u00e9rmino que hoy se refiere principalmente a los pueblos Ojibway del noroeste de Ontario y el sureste de Manitoba.<\/p><p><img decoding=\"async\" class=\"alignnone wp-image-9347 size-full\" src=\"https:\/\/mythslegendes.com\/wp-content\/uploads\/2020\/09\/cropped-AlphaOmega-e1602613368367.png\" alt=\"Ojibwe una r\u00e1faga de viento\" width=\"25\" height=\"25\" title=\"\"><\/p>\t\t\t\t\t\t\t\t<\/div>\n\t\t\t\t<\/div>\n\t\t\t\t\t<\/div>\n\t\t<\/div>\n\t\t\t\t\t<\/div>\n\t\t<\/section>\n\t\t\t\t<section class=\"elementor-section elementor-top-section elementor-element elementor-element-3c2eb60 elementor-section-boxed elementor-section-height-default elementor-section-height-default\" data-id=\"3c2eb60\" data-element_type=\"section\" data-e-type=\"section\">\n\t\t\t\t\t\t<div class=\"elementor-container elementor-column-gap-default\">\n\t\t\t\t\t<div class=\"elementor-column elementor-col-100 elementor-top-column elementor-element elementor-element-464065a\" data-id=\"464065a\" data-element_type=\"column\" data-e-type=\"column\">\n\t\t\t<div class=\"elementor-widget-wrap elementor-element-populated\">\n\t\t\t\t\t\t<div class=\"elementor-element elementor-element-ea96a38 elementor-widget elementor-widget-heading\" data-id=\"ea96a38\" data-element_type=\"widget\" data-e-type=\"widget\" data-widget_type=\"heading.default\">\n\t\t\t\t<div class=\"elementor-widget-container\">\n\t\t\t\t\t<div id=\"ez-toc-container\" class=\"ez-toc-v2_0_82_2 counter-hierarchy ez-toc-counter ez-toc-grey ez-toc-container-direction\">\n<div class=\"ez-toc-title-container\">\n<p class=\"ez-toc-title\" style=\"cursor:inherit\">Contenido<\/p>\n<span class=\"ez-toc-title-toggle\"><a href=\"#\" class=\"ez-toc-pull-right ez-toc-btn ez-toc-btn-xs ez-toc-btn-default ez-toc-toggle\" aria-label=\"Alternar tabla de contenidos\"><span class=\"ez-toc-js-icon-con\"><span class=\"\"><span class=\"eztoc-hide\" style=\"display:none;\">Palanca<\/span><span class=\"ez-toc-icon-toggle-span\"><svg style=\"fill: #999;color:#999\" xmlns=\"http:\/\/www.w3.org\/2000\/svg\" class=\"list-377408\" width=\"20px\" height=\"20px\" viewbox=\"0 0 24 24\" fill=\"none\"><path d=\"M6 6H4v2h2V6zm14 0H8v2h12V6zM4 11h2v2H4v-2zm16 0H8v2h12v-2zM4 16h2v2H4v-2zm16 0H8v2h12v-2z\" fill=\"currentColor\"><\/path><\/svg><svg style=\"fill: #999;color:#999\" class=\"arrow-unsorted-368013\" xmlns=\"http:\/\/www.w3.org\/2000\/svg\" width=\"10px\" height=\"10px\" viewbox=\"0 0 24 24\" version=\"1.2\" baseprofile=\"tiny\"><path d=\"M18.2 9.3l-6.2-6.3-6.2 6.3c-.2.2-.3.4-.3.7s.1.5.3.7c.2.2.4.3.7.3h11c.3 0 .5-.1.7-.3.2-.2.3-.5.3-.7s-.1-.5-.3-.7zM5.8 14.7l6.2 6.3 6.2-6.3c.2-.2.3-.5.3-.7s-.1-.5-.3-.7c-.2-.2-.4-.3-.7-.3h-11c-.3 0-.5.1-.7.3-.2.2-.3.5-.3.7s.1.5.3.7z\"\/><\/svg><\/span><\/span><\/span><\/a><\/span><\/div>\n<nav><ul class='ez-toc-list ez-toc-list-level-1' ><li class='ez-toc-page-1 ez-toc-heading-level-2'><a class=\"ez-toc-link ez-toc-heading-1\" href=\"https:\/\/mythslegendes.com\/es\/mitologia-anichinabianos\/una-rafaga-de-viento-89\/#A-Gust-of-Wind\" >Una r\u00e1faga de viento<\/a><\/li><\/ul><\/nav><\/div>\n<h2 class=\"elementor-heading-title elementor-size-default\"><span class=\"ez-toc-section\" id=\"A-Gust-of-Wind\"><\/span>Una r\u00e1faga de viento<span class=\"ez-toc-section-end\"><\/span><\/h2>\t\t\t\t<\/div>\n\t\t\t\t<\/div>\n\t\t\t\t\t<\/div>\n\t\t<\/div>\n\t\t\t\t\t<\/div>\n\t\t<\/section>\n\t\t\t\t<section class=\"elementor-section elementor-top-section elementor-element elementor-element-f83d542 elementor-section-boxed elementor-section-height-default elementor-section-height-default\" data-id=\"f83d542\" data-element_type=\"section\" data-e-type=\"section\">\n\t\t\t\t\t\t<div class=\"elementor-container elementor-column-gap-default\">\n\t\t\t\t\t<div class=\"elementor-column elementor-col-100 elementor-top-column elementor-element elementor-element-4d4705e\" data-id=\"4d4705e\" data-element_type=\"column\" data-e-type=\"column\">\n\t\t\t<div class=\"elementor-widget-wrap elementor-element-populated\">\n\t\t\t\t\t\t<div class=\"elementor-element elementor-element-ac444e9 elementor-widget elementor-widget-text-editor\" data-id=\"ac444e9\" data-element_type=\"widget\" data-e-type=\"widget\" data-widget_type=\"text-editor.default\">\n\t\t\t\t<div class=\"elementor-widget-container\">\n\t\t\t\t\t\t\t\t\t<p>Antes hab\u00eda un hombre, dos mujeres, un anciano y su hija eran los<br \/>solo humanos en la tierra. La anciana no hab\u00eda necesitado un hombre para concebir.<br \/>Ahki, la tierra, tambi\u00e9n era como una mujer, mujer, pero no como es ahora,<br \/>porque a\u00fan no se hab\u00edan hecho \u00e1rboles y muchos animales.<\/p><p>Bueno, la joven, la hija, sac\u00f3 su canasta un d\u00eda para ir<br \/>baya. Hab\u00eda reunido lo suficiente y regresaba a casa cuando un repentino<br \/>r\u00e1faga de viento levant\u00f3 su vestido de piel de ante, dejando al descubierto su cuerpo. Geesis,<br \/>el sol, brill\u00f3 en ese lugar por un breve momento y entr\u00f3 en el cuerpo de<br \/>la joven, aunque apenas lo not\u00f3. Ella estaba consciente de la r\u00e1faga<br \/>de viento pero no prest\u00f3 atenci\u00f3n.<\/p><p>Pas\u00f3 el tiempo. La joven le dijo al anciano: &quot;No s\u00e9<br \/>qu\u00e9 me pasa, pero algo es \u00bbPas\u00f3 m\u00e1s tiempo. El joven<br \/>el vientre de la mujer se hizo m\u00e1s grande y dijo: &quot;Algo se mueve dentro<br \/>me. \u00bfQu\u00e9 puede ser? &quot;<\/p><p>\u201cCuando ibas a comer bayas, \u00bfconociste a alguien? &quot;El viejo<br \/>pregunt\u00f3 la mujer.<\/p><p>&quot;No puse a nadie. Lo \u00fanico que pas\u00f3 fue una gran r\u00e1faga de viento.<br \/>que levant\u00f3 mi vestido de ante. El sol brillaba. &quot;<\/p><p>La anciana dijo: \u201cCreo que vas a tener un hijo. Geesis,<br \/>el sol, es el \u00fanico que pudo haberlo hecho, entonces tu ser\u00e1s la madre<br \/>de un ni\u00f1o sol. &quot;<\/p><p>La joven dio a luz a dos ni\u00f1os, ambos manitos, sobrenaturales. Ellos<br \/>fueron los primeros varones humanos en esta tierra: los hijos de Geesis, los hijos del sol.<\/p><p>La joven madre hizo cunas y puso a los gemelos en estos colgantes.<br \/>levantarlos o cargarlos en su espalda, pero nunca dejar que los beb\u00e9s toquen<br \/>la tierra. \u00bfPor qu\u00e9 ella no lo hizo? \u00bfLa anciana le dijo que no lo hiciera? Nadie lo sabe.<br \/>Si hubiera puesto las cunas en el suelo, los beb\u00e9s habr\u00edan caminado<br \/>erguidos desde el momento de su nacimiento, como cr\u00edas de ciervo. Pero porque<br \/>su madre no los dejaba tocar la tierra durante algunos meses, ahora hace falta<br \/>beb\u00e9s humanos un a\u00f1o m\u00e1s o menos para caminar. Fue culpa de esa joven.<\/p><p>Uno de los gemelos se llamaba Stone Boy, una roca. Dijo: &quot;Ponme en<br \/>el fuego y cali\u00e9ntame hasta que resplandezca al rojo vivo. Lo hicieron, y \u00e9l dijo:<br \/>Ahora por agua fr\u00eda sobre m\u00ed. Ellos tambi\u00e9n hicieron esto. Eso fue<br \/>el primer ba\u00f1o de sudor. El otro chico, llamado Wene-boozhoo, parec\u00eda todo<br \/>chicos humanos. Se hizo poderoso y pudo hacer cualquier cosa; incluso habl\u00f3 con<br \/>los animales y les dio sus nombres.<\/p>\t\t\t\t\t\t\t\t<\/div>\n\t\t\t\t<\/div>\n\t\t\t\t\t<\/div>\n\t\t<\/div>\n\t\t\t\t\t<\/div>\n\t\t<\/section>\n\t\t\t\t<\/div>","protected":false},"excerpt":{"rendered":"<p>Anishinabe Mythology Wiki El t\u00e9rmino Ojibwe proviene de Outchibou, un nombre dado en el siglo XVII a un grupo que viv\u00eda en \u2026 <\/p>","protected":false},"author":1,"featured_media":0,"parent":3405,"menu_order":0,"comment_status":"closed","ping_status":"closed","template":"","meta":{"footnotes":""},"class_list":["post-15164","page","type-page","status-publish","hentry"],"amp_enabled":true,"_links":{"self":[{"href":"https:\/\/mythslegendes.com\/es\/wp-json\/wp\/v2\/pages\/15164","targetHints":{"allow":["GET"]}}],"collection":[{"href":"https:\/\/mythslegendes.com\/es\/wp-json\/wp\/v2\/pages"}],"about":[{"href":"https:\/\/mythslegendes.com\/es\/wp-json\/wp\/v2\/types\/page"}],"author":[{"embeddable":true,"href":"https:\/\/mythslegendes.com\/es\/wp-json\/wp\/v2\/users\/1"}],"replies":[{"embeddable":true,"href":"https:\/\/mythslegendes.com\/es\/wp-json\/wp\/v2\/comments?post=15164"}],"version-history":[{"count":1,"href":"https:\/\/mythslegendes.com\/es\/wp-json\/wp\/v2\/pages\/15164\/revisions"}],"predecessor-version":[{"id":25277,"href":"https:\/\/mythslegendes.com\/es\/wp-json\/wp\/v2\/pages\/15164\/revisions\/25277"}],"up":[{"embeddable":true,"href":"https:\/\/mythslegendes.com\/es\/wp-json\/wp\/v2\/pages\/3405"}],"wp:attachment":[{"href":"https:\/\/mythslegendes.com\/es\/wp-json\/wp\/v2\/media?parent=15164"}],"curies":[{"name":"wp","href":"https:\/\/api.w.org\/{rel}","templated":true}]}}