{"id":15197,"date":"2021-11-13T19:05:13","date_gmt":"2021-11-13T19:05:13","guid":{"rendered":"https:\/\/mythslegendes.com\/?page_id=15197"},"modified":"2022-12-03T22:12:12","modified_gmt":"2022-12-03T22:12:12","slug":"conte-ojibwe-dandelions-9","status":"publish","type":"page","link":"https:\/\/mythslegendes.com\/es\/mitologia-anichinabianos\/dientes-de-leon-de-cuento-ojibwe-9\/","title":{"rendered":"Historia ojibwe: dientes de le\u00f3n"},"content":{"rendered":"<div data-elementor-type=\"wp-page\" data-elementor-id=\"15197\" class=\"elementor elementor-15197\">\n\t\t\t\t\t\t<section class=\"elementor-section elementor-top-section elementor-element elementor-element-db98bb2 elementor-section-boxed elementor-section-height-default elementor-section-height-default\" data-id=\"db98bb2\" data-element_type=\"section\" data-e-type=\"section\">\n\t\t\t\t\t\t<div class=\"elementor-container elementor-column-gap-default\">\n\t\t\t\t\t<div class=\"elementor-column elementor-col-50 elementor-top-column elementor-element elementor-element-5deafdd\" data-id=\"5deafdd\" data-element_type=\"column\" data-e-type=\"column\">\n\t\t\t<div class=\"elementor-widget-wrap elementor-element-populated\">\n\t\t\t\t\t\t<div class=\"elementor-element elementor-element-edaa733 elementor-align-justify elementor-widget elementor-widget-button\" data-id=\"edaa733\" data-element_type=\"widget\" data-e-type=\"widget\" data-widget_type=\"button.default\">\n\t\t\t\t<div class=\"elementor-widget-container\">\n\t\t\t\t\t\t\t\t\t<div class=\"elementor-button-wrapper\">\n\t\t\t\t\t<a class=\"elementor-button elementor-button-link elementor-size-sm\" href=\"https:\/\/mythslegendes.com\/es\/mitologia-anichinabianos\/\">\n\t\t\t\t\t\t<span class=\"elementor-button-content-wrapper\">\n\t\t\t\t\t\t\t\t\t<span class=\"elementor-button-text\">Mitolog\u00eda anichinabe<\/span>\n\t\t\t\t\t<\/span>\n\t\t\t\t\t<\/a>\n\t\t\t\t<\/div>\n\t\t\t\t\t\t\t\t<\/div>\n\t\t\t\t<\/div>\n\t\t\t\t\t<\/div>\n\t\t<\/div>\n\t\t\t\t<div class=\"elementor-column elementor-col-50 elementor-top-column elementor-element elementor-element-19a4d6a\" data-id=\"19a4d6a\" data-element_type=\"column\" data-e-type=\"column\">\n\t\t\t<div class=\"elementor-widget-wrap elementor-element-populated\">\n\t\t\t\t\t\t<div class=\"elementor-element elementor-element-3c238c2 elementor-align-justify elementor-widget elementor-widget-button\" data-id=\"3c238c2\" data-element_type=\"widget\" data-e-type=\"widget\" data-widget_type=\"button.default\">\n\t\t\t\t<div class=\"elementor-widget-container\">\n\t\t\t\t\t\t\t\t\t<div class=\"elementor-button-wrapper\">\n\t\t\t\t\t<a class=\"elementor-button elementor-button-link elementor-size-sm\" href=\"https:\/\/www.thecanadianencyclopedia.ca\/fr\/article\/ojibwes\" target=\"_blank\" rel=\"noopener\">\n\t\t\t\t\t\t<span class=\"elementor-button-content-wrapper\">\n\t\t\t\t\t\t\t\t\t<span class=\"elementor-button-text\">Wiki<\/span>\n\t\t\t\t\t<\/span>\n\t\t\t\t\t<\/a>\n\t\t\t\t<\/div>\n\t\t\t\t\t\t\t\t<\/div>\n\t\t\t\t<\/div>\n\t\t\t\t\t<\/div>\n\t\t<\/div>\n\t\t\t\t\t<\/div>\n\t\t<\/section>\n\t\t\t\t<section class=\"elementor-section elementor-top-section elementor-element elementor-element-36e0a30 elementor-section-boxed elementor-section-height-default elementor-section-height-default\" data-id=\"36e0a30\" data-element_type=\"section\" data-e-type=\"section\">\n\t\t\t\t\t\t<div class=\"elementor-container elementor-column-gap-default\">\n\t\t\t\t\t<div class=\"elementor-column elementor-col-100 elementor-top-column elementor-element elementor-element-0624ba1\" data-id=\"0624ba1\" data-element_type=\"column\" data-e-type=\"column\">\n\t\t\t<div class=\"elementor-widget-wrap elementor-element-populated\">\n\t\t\t\t\t\t<div class=\"elementor-element elementor-element-5835c88 elementor-widget elementor-widget-text-editor\" data-id=\"5835c88\" data-element_type=\"widget\" data-e-type=\"widget\" data-widget_type=\"text-editor.default\">\n\t\t\t\t<div class=\"elementor-widget-container\">\n\t\t\t\t\t\t\t\t\t<p>El t\u00e9rmino Ojibwe proviene de <em>Utchibou<\/em>, nombre dado al XVII<sup>mi<\/sup> siglo a un grupo que viv\u00eda al norte de lo que hoy es Sault Ste. Marie, Ontario. Aqu\u00ed est\u00e1 uno de sus cuentos: Dandelions (en ingl\u00e9s).<\/p><p>los <a href=\"https:\/\/mythslegendes.com\/es\/mitologia-anichinabianos\/\">Ojibway<\/a> formaban parte de una serie de grupos muy cercanos, pero distintos, que ocupaban un territorio ubicado entre el noreste de la bah\u00eda <a href=\"https:\/\/mythslegendes.com\/es\/mitologia-georgiana\/\">georgiano<\/a> y el este del Lago Superior. Estos pueblos que se reunieron cerca de la actual Sault Ste. Mar\u00eda tambi\u00e9n se llaman <a href=\"https:\/\/mythslegendes.com\/es\/mitologia-anichinabianos\/\">Saulteaux<\/a>, un t\u00e9rmino que hoy se refiere principalmente a los pueblos Ojibway del noroeste de Ontario y el sureste de Manitoba.<\/p><p><img decoding=\"async\" class=\"alignnone wp-image-9347 size-full\" src=\"https:\/\/mythslegendes.com\/wp-content\/uploads\/2020\/09\/cropped-AlphaOmega-e1602613368367.png\" alt=\"Ojibwe A Coyote Story \" width=\"25\" height=\"25\" title=\"\"><\/p>\t\t\t\t\t\t\t\t<\/div>\n\t\t\t\t<\/div>\n\t\t\t\t\t<\/div>\n\t\t<\/div>\n\t\t\t\t\t<\/div>\n\t\t<\/section>\n\t\t\t\t<section class=\"elementor-section elementor-top-section elementor-element elementor-element-9f92c5e elementor-section-boxed elementor-section-height-default elementor-section-height-default\" data-id=\"9f92c5e\" data-element_type=\"section\" data-e-type=\"section\">\n\t\t\t\t\t\t<div class=\"elementor-container elementor-column-gap-default\">\n\t\t\t\t\t<div class=\"elementor-column elementor-col-100 elementor-top-column elementor-element elementor-element-0123fca\" data-id=\"0123fca\" data-element_type=\"column\" data-e-type=\"column\">\n\t\t\t<div class=\"elementor-widget-wrap elementor-element-populated\">\n\t\t\t\t\t\t<div class=\"elementor-element elementor-element-d86d564 elementor-widget elementor-widget-heading\" data-id=\"d86d564\" data-element_type=\"widget\" data-e-type=\"widget\" data-widget_type=\"heading.default\">\n\t\t\t\t<div class=\"elementor-widget-container\">\n\t\t\t\t\t<div id=\"ez-toc-container\" class=\"ez-toc-v2_0_82_2 counter-hierarchy ez-toc-counter ez-toc-grey ez-toc-container-direction\">\n<div class=\"ez-toc-title-container\">\n<p class=\"ez-toc-title\" style=\"cursor:inherit\">Contenido<\/p>\n<span class=\"ez-toc-title-toggle\"><a href=\"#\" class=\"ez-toc-pull-right ez-toc-btn ez-toc-btn-xs ez-toc-btn-default ez-toc-toggle\" aria-label=\"Alternar tabla de contenidos\"><span class=\"ez-toc-js-icon-con\"><span class=\"\"><span class=\"eztoc-hide\" style=\"display:none;\">Palanca<\/span><span class=\"ez-toc-icon-toggle-span\"><svg style=\"fill: #999;color:#999\" xmlns=\"http:\/\/www.w3.org\/2000\/svg\" class=\"list-377408\" width=\"20px\" height=\"20px\" viewbox=\"0 0 24 24\" fill=\"none\"><path d=\"M6 6H4v2h2V6zm14 0H8v2h12V6zM4 11h2v2H4v-2zm16 0H8v2h12v-2zM4 16h2v2H4v-2zm16 0H8v2h12v-2z\" fill=\"currentColor\"><\/path><\/svg><svg style=\"fill: #999;color:#999\" class=\"arrow-unsorted-368013\" xmlns=\"http:\/\/www.w3.org\/2000\/svg\" width=\"10px\" height=\"10px\" viewbox=\"0 0 24 24\" version=\"1.2\" baseprofile=\"tiny\"><path d=\"M18.2 9.3l-6.2-6.3-6.2 6.3c-.2.2-.3.4-.3.7s.1.5.3.7c.2.2.4.3.7.3h11c.3 0 .5-.1.7-.3.2-.2.3-.5.3-.7s-.1-.5-.3-.7zM5.8 14.7l6.2 6.3 6.2-6.3c.2-.2.3-.5.3-.7s-.1-.5-.3-.7c-.2-.2-.4-.3-.7-.3h-11c-.3 0-.5.1-.7.3-.2.2-.3.5-.3.7s.1.5.3.7z\"\/><\/svg><\/span><\/span><\/span><\/a><\/span><\/div>\n<nav><ul class='ez-toc-list ez-toc-list-level-1' ><li class='ez-toc-page-1 ez-toc-heading-level-2'><a class=\"ez-toc-link ez-toc-heading-1\" href=\"https:\/\/mythslegendes.com\/es\/mitologia-anichinabianos\/dientes-de-leon-de-cuento-ojibwe-9\/#Dandelions-Culture\" >Cultura del diente de le\u00f3n<\/a><\/li><li class='ez-toc-page-1 ez-toc-heading-level-2'><a class=\"ez-toc-link ez-toc-heading-2\" href=\"https:\/\/mythslegendes.com\/es\/mitologia-anichinabianos\/dientes-de-leon-de-cuento-ojibwe-9\/#Shawondasee-and-the-Golden-Girl\" >Shawondasee y la chica dorada<\/a><\/li><li class='ez-toc-page-1 ez-toc-heading-level-2'><a class=\"ez-toc-link ez-toc-heading-3\" href=\"https:\/\/mythslegendes.com\/es\/mitologia-anichinabianos\/dientes-de-leon-de-cuento-ojibwe-9\/#Dandelion-facts\" >Datos sobre el diente de le\u00f3n<\/a><\/li><li class='ez-toc-page-1 ez-toc-heading-level-2'><a class=\"ez-toc-link ez-toc-heading-4\" href=\"https:\/\/mythslegendes.com\/es\/mitologia-anichinabianos\/dientes-de-leon-de-cuento-ojibwe-9\/#DANDELION-ACTIVITIES\" >ACTIVIDADES DEL DIENTE DE LE\u00d3N<\/a><\/li><\/ul><\/nav><\/div>\n<h2 class=\"elementor-heading-title elementor-size-default\"><span class=\"ez-toc-section\" id=\"Dandelions-Culture\"><\/span>Cultura del diente de le\u00f3n<span class=\"ez-toc-section-end\"><\/span><\/h2>\t\t\t\t<\/div>\n\t\t\t\t<\/div>\n\t\t\t\t\t<\/div>\n\t\t<\/div>\n\t\t\t\t\t<\/div>\n\t\t<\/section>\n\t\t\t\t<section class=\"elementor-section elementor-top-section elementor-element elementor-element-2ce5d9e elementor-section-boxed elementor-section-height-default elementor-section-height-default\" data-id=\"2ce5d9e\" data-element_type=\"section\" data-e-type=\"section\">\n\t\t\t\t\t\t<div class=\"elementor-container elementor-column-gap-default\">\n\t\t\t\t\t<div class=\"elementor-column elementor-col-100 elementor-top-column elementor-element elementor-element-fa62afc\" data-id=\"fa62afc\" data-element_type=\"column\" data-e-type=\"column\">\n\t\t\t<div class=\"elementor-widget-wrap elementor-element-populated\">\n\t\t\t\t\t\t<div class=\"elementor-element elementor-element-c71ac1f elementor-widget elementor-widget-text-editor\" data-id=\"c71ac1f\" data-element_type=\"widget\" data-e-type=\"widget\" data-widget_type=\"text-editor.default\">\n\t\t\t\t<div class=\"elementor-widget-container\">\n\t\t\t\t\t\t\t\t\t<div><h2><span class=\"ez-toc-section\" id=\"Shawondasee-and-the-Golden-Girl\"><\/span>Shawondasee y la chica dorada<span class=\"ez-toc-section-end\"><\/span><\/h2><\/div><p>Shawondasee, el Viento del Sur, era mucho m\u00e1s suave que sus hermanos del Este, Oeste y Norte. Le gustaba ir suavemente y disfrutar de la belleza del mundo. Tambi\u00e9n era bastante t\u00edmido.<\/p><p>As\u00ed que un d\u00eda de primavera, cuando mir\u00f3 al otro lado del prado y vio a una encantadora doncella vestida de verde, con un cabello incre\u00edble, tan amarillo como el sol, no se atrevi\u00f3 a correr a su lado. \u00c9l simplemente la admiraba desde lejos, y esa noche se fue a dormir prometi\u00e9ndose: &quot;Ma\u00f1ana ir\u00e9 a presentarme&quot;.<\/p><p>Al d\u00eda siguiente, Shawonda volvi\u00f3 a verla, pero dud\u00f3. \u201cNo debo ser demasiado atrevido. No quiero asustarla\u201d. Cada noche se iba a la cama haciendo se\u00f1as sobre su belleza y esperando que al d\u00eda siguiente tuviera el valor de pedirle que se casara con \u00e9l.<\/p><p>Pero una ma\u00f1ana apenas pudo ver su brillante cabello. \u00bfSe hab\u00eda puesto el chal verde sobre la cabeza? Si estaba molesta por algo, ese no era el d\u00eda para visitarla.<\/p><p>Y al d\u00eda siguiente descubri\u00f3 que hab\u00eda esperado demasiado. \u00a1Su cabello se hab\u00eda vuelto completamente blanco, como el de una anciana! Shawondesee suspir\u00f3 profundamente con agravio y decepci\u00f3n. El aire se llen\u00f3 de nubes plateadas como cardos, y cuando volvi\u00f3 a mirar, ella hab\u00eda desaparecido.<\/p><p>\u00a1Pobre Shawondasee! \u00a1Se hab\u00eda enamorado de Jaskier!<\/p><div>\u00a0<\/div><h2><span class=\"ez-toc-section\" id=\"Dandelion-facts\"><\/span>Datos sobre el diente de le\u00f3n<span class=\"ez-toc-section-end\"><\/span><\/h2><p><em>El cuento popular no explica &quot;por qu\u00e9&quot; Viento del Sur o Diente de Le\u00f3n act\u00faan como lo hacen, pero s\u00ed nos recuerda que debemos prestarles atenci\u00f3n. \u00bfQue hacen ellos realmente?<\/em><\/p><p>El etn\u00f3grafo Henry Rowe Schoolcraft inform\u00f3 haber escuchado esta historia de los indios chippewa\/ojibwa en la d\u00e9cada de 1830, pero debe haber sido una historia bastante nueva entonces, porque los dientes de le\u00f3n (<em>Taraxacum officinale<\/em>) no son nativos de Am\u00e9rica del Norte. Llegaron con colonos europeos.<\/p><p>Originarios de Eurasia, los dientes de le\u00f3n se extendieron por toda Europa hace mucho tiempo y se cultivan como alimento y medicina. Las hojas tiernas y los dulces p\u00e9talos de las flores formaban deliciosas ensaladas. Las hojas m\u00e1s grandes se cocinaban como hojas de mostaza o espinacas, pero aportaban m\u00e1s hierro y calcio (as\u00ed como vitaminas A y C). \u00a1Fueron valoradas como una de las primeras verduras frescas y nutritivas de la primavera! Las flores produc\u00edan un vino de color amarillo brillante y se utilizaban como tinte. La gente pensaba que las hojas y ra\u00edces pod\u00edan curar problemas de h\u00edgado y ri\u00f1ones. Por eso, los colonos espa\u00f1oles, franceses, alemanes e ingleses trajeron semillas de diente de le\u00f3n cuando llegaron a Am\u00e9rica del Norte. Las semillas probablemente tambi\u00e9n se escond\u00edan en las rocas de lastre de los barcos o en los granos de semillas.<\/p><p>Pronto las semillas de diente de le\u00f3n arrastradas por el viento escaparon de los asentamientos. Los dientes de le\u00f3n eran una de las plantas ex\u00f3ticas que los nativos reconoc\u00edan como una se\u00f1al de que los extranjeros se estaban mudando a su territorio. La novia rubia de Shawondasee no era de su gente.<\/p><p>No not\u00f3 los puntos irregulares de su ropa verde. \u201cDents de lion\u201d (dientes de le\u00f3n), el nombre franc\u00e9s de la planta, dio origen a su nombre en ingl\u00e9s.<\/p><p>Shawondasee nunca se cas\u00f3 con su Chica Dorada, \u00a1pero aun as\u00ed tuvo muchos hijos! Aunque el polen de diente de le\u00f3n es un alimento valioso para las abejas a principios de la primavera, las flores no lo necesitan para producir semillas. Cada \u00f3vulo se desarrolla por s\u00ed solo hasta convertirse en un embri\u00f3n semilla. (Nuestros dientes de le\u00f3n son apom\u00edcticos gametof\u00edticos obligados triploides).<\/p><p>\u00bfC\u00f3mo puede el diente de le\u00f3n propagarse tan r\u00e1pido? Una sola planta puede producir m\u00e1s de 5.000 frutos de una sola semilla, cada uno con su propio paraca\u00eddas para transportarlo cientos de metros con el viento. Crecen en casi cualquier suelo y pueden esperar hasta siete a\u00f1os para brotar, si los insectos y los p\u00e1jaros peque\u00f1os no se los comen primero. Sus ra\u00edces profundas les ayudan a colonizar el suelo desnudo, rompiendo la arcilla compacta y atrayendo nutrientes minerales a la superficie mientras sus hojas previenen la erosi\u00f3n. M\u00e1s tarde, las ra\u00edces en descomposici\u00f3n proporcionan canales para la filtraci\u00f3n del agua y para las ra\u00edces de otras pl\u00e1ntulas. Una vez que otras plantas se establecen, dan sombra al diente de le\u00f3n extra\u00f1o.<\/p><p>La mayor\u00eda de los jardineros estadounidenses consideran que los dientes de le\u00f3n son malas hierbas (lo que simplemente significa que no son deseados), pero en otros pa\u00edses sus hojas se cultivan cuidadosamente como vegetales y las ra\u00edces se tuestan como sustituto del caf\u00e9, como la achicoria de Nueva Orleans, que es una prima. <em>Teraxacum officinale<\/em> ahora crece en los 50 estados y en la mayor\u00eda de las provincias canadienses.<\/p><h2><span class=\"ez-toc-section\" id=\"DANDELION-ACTIVITIES\"><\/span>ACTIVIDADES DEL DIENTE DE LE\u00d3N<span class=\"ez-toc-section-end\"><\/span><\/h2><ol><li>Observe c\u00f3mo los tallos de las flores del diente de le\u00f3n se ajustan a la altura de su entorno: planos contra el suelo en c\u00e9sped pisoteado, de un pie o m\u00e1s de alto en pasto alto. Las de tallo largo son mejores para trenzar guirnaldas.<\/li><li>El tallo de la flor es s\u00f3lido justo debajo de la cabeza de la flor, pero hueco por debajo. Si quitas la flor, puedes hacer un c\u00edrculo metiendo el extremo s\u00f3lido y angosto en el tubo hueco. \u00bfCu\u00e1nto tiempo puede hacer una cadena uniendo c\u00edrculos?<\/li><li>Utilice las cabezas de flores desechadas en 3 para obtener un color amarillo aplastando los p\u00e9talos sobre papel. Las hojas adquieren color verde. \u00bfQu\u00e9 m\u00e1s puedes usar para diferentes colores?<\/li><li>Observa e informa: \u00bflos dientes de le\u00f3n permanecen abiertos por la noche? \u00bfEn d\u00edas nublados?<\/li><li>Elija con cuidado una cabeza de semilla muy madura. \u00bfPuedes quitar todas las semillas de una sola bocanada? Cuanto obtuviste?<\/li><li>\u00bfA qu\u00e9 profundidad llegan las ra\u00edces? \u00bfCu\u00e1l es la ra\u00edz m\u00e1s ancha que puedes encontrar? Imag\u00ednese lo que sucede cuando una peque\u00f1a semilla brota en una peque\u00f1a grieta en el pavimento y crece as\u00ed de grande.<\/li><\/ol><div>\u00a0<\/div><p>###<\/p><p>Fuentes de cuentos populares:<\/p><p>\u201cDiente de le\u00f3n de pradera\u201d (Chippewa) en\u00a0<em>El libro de las hadas de los indios pieles rojas: para lectura propia de los ni\u00f1os y para narradores de cuentos<\/em>, de Frances Jenkins Olcott, Houghton Mifflin Company, 1917.<\/p><p>\u201cShawondasee y la chica dorada\u201d (Ojibwa) en\u00a0<em>Historias ocultas en las plantas<\/em>\u00a0por Anne Pellowski:, MacMillan 1990.<\/p><p>Ambos parecen estar basados en una vi\u00f1eta de Henry Wadsworth Longfellow.\u00a0<em>La canci\u00f3n de Hiawatha<\/em>, 1855, que se bas\u00f3 en el libro de Henry Rowe Schoolcraft.\u00a0<em>Investigaciones algicas e historia, condici\u00f3n y perspectivas de las tribus indias de los Estados Unidos.<\/em>, publicado por primera vez en 1839.<\/p>\t\t\t\t\t\t\t\t<\/div>\n\t\t\t\t<\/div>\n\t\t\t\t\t<\/div>\n\t\t<\/div>\n\t\t\t\t\t<\/div>\n\t\t<\/section>\n\t\t\t\t<\/div>","protected":false},"excerpt":{"rendered":"<p>Anishinabe Mythology Wiki El t\u00e9rmino Ojibwe proviene de Outchibou, un nombre dado en el siglo XVII a un grupo que viv\u00eda en \u2026 <\/p>","protected":false},"author":1,"featured_media":0,"parent":3405,"menu_order":0,"comment_status":"closed","ping_status":"closed","template":"","meta":{"footnotes":""},"class_list":["post-15197","page","type-page","status-publish","hentry"],"amp_enabled":true,"_links":{"self":[{"href":"https:\/\/mythslegendes.com\/es\/wp-json\/wp\/v2\/pages\/15197","targetHints":{"allow":["GET"]}}],"collection":[{"href":"https:\/\/mythslegendes.com\/es\/wp-json\/wp\/v2\/pages"}],"about":[{"href":"https:\/\/mythslegendes.com\/es\/wp-json\/wp\/v2\/types\/page"}],"author":[{"embeddable":true,"href":"https:\/\/mythslegendes.com\/es\/wp-json\/wp\/v2\/users\/1"}],"replies":[{"embeddable":true,"href":"https:\/\/mythslegendes.com\/es\/wp-json\/wp\/v2\/comments?post=15197"}],"version-history":[{"count":1,"href":"https:\/\/mythslegendes.com\/es\/wp-json\/wp\/v2\/pages\/15197\/revisions"}],"predecessor-version":[{"id":25282,"href":"https:\/\/mythslegendes.com\/es\/wp-json\/wp\/v2\/pages\/15197\/revisions\/25282"}],"up":[{"embeddable":true,"href":"https:\/\/mythslegendes.com\/es\/wp-json\/wp\/v2\/pages\/3405"}],"wp:attachment":[{"href":"https:\/\/mythslegendes.com\/es\/wp-json\/wp\/v2\/media?parent=15197"}],"curies":[{"name":"wp","href":"https:\/\/api.w.org\/{rel}","templated":true}]}}