{"id":15202,"date":"2021-11-13T19:13:20","date_gmt":"2021-11-13T19:13:20","guid":{"rendered":"https:\/\/mythslegendes.com\/?page_id=15202"},"modified":"2022-12-03T22:12:12","modified_gmt":"2022-12-03T22:12:12","slug":"father-of-indian-corn-9","status":"publish","type":"page","link":"https:\/\/mythslegendes.com\/es\/mitologia-anichinabianos\/padre-de-maiz-indio-9\/","title":{"rendered":"Cuento de Okibwa: padre del ma\u00edz indio"},"content":{"rendered":"<div data-elementor-type=\"wp-page\" data-elementor-id=\"15202\" class=\"elementor elementor-15202\">\n\t\t\t\t\t\t<section class=\"elementor-section elementor-top-section elementor-element elementor-element-e013847 elementor-section-boxed elementor-section-height-default elementor-section-height-default\" data-id=\"e013847\" data-element_type=\"section\" data-e-type=\"section\">\n\t\t\t\t\t\t<div class=\"elementor-container elementor-column-gap-default\">\n\t\t\t\t\t<div class=\"elementor-column elementor-col-50 elementor-top-column elementor-element elementor-element-ba599bc\" data-id=\"ba599bc\" data-element_type=\"column\" data-e-type=\"column\">\n\t\t\t<div class=\"elementor-widget-wrap elementor-element-populated\">\n\t\t\t\t\t\t<div class=\"elementor-element elementor-element-45962f5 elementor-align-justify elementor-widget elementor-widget-button\" data-id=\"45962f5\" data-element_type=\"widget\" data-e-type=\"widget\" data-widget_type=\"button.default\">\n\t\t\t\t<div class=\"elementor-widget-container\">\n\t\t\t\t\t\t\t\t\t<div class=\"elementor-button-wrapper\">\n\t\t\t\t\t<a class=\"elementor-button elementor-button-link elementor-size-sm\" href=\"https:\/\/mythslegendes.com\/es\/mitologia-anichinabianos\/\">\n\t\t\t\t\t\t<span class=\"elementor-button-content-wrapper\">\n\t\t\t\t\t\t\t\t\t<span class=\"elementor-button-text\">Mitolog\u00eda anichinabe<\/span>\n\t\t\t\t\t<\/span>\n\t\t\t\t\t<\/a>\n\t\t\t\t<\/div>\n\t\t\t\t\t\t\t\t<\/div>\n\t\t\t\t<\/div>\n\t\t\t\t\t<\/div>\n\t\t<\/div>\n\t\t\t\t<div class=\"elementor-column elementor-col-50 elementor-top-column elementor-element elementor-element-25032bf\" data-id=\"25032bf\" data-element_type=\"column\" data-e-type=\"column\">\n\t\t\t<div class=\"elementor-widget-wrap elementor-element-populated\">\n\t\t\t\t\t\t<div class=\"elementor-element elementor-element-36bdb76 elementor-align-justify elementor-widget elementor-widget-button\" data-id=\"36bdb76\" data-element_type=\"widget\" data-e-type=\"widget\" data-widget_type=\"button.default\">\n\t\t\t\t<div class=\"elementor-widget-container\">\n\t\t\t\t\t\t\t\t\t<div class=\"elementor-button-wrapper\">\n\t\t\t\t\t<a class=\"elementor-button elementor-button-link elementor-size-sm\" href=\"https:\/\/www.thecanadianencyclopedia.ca\/fr\/article\/ojibwes\" target=\"_blank\" rel=\"noopener\">\n\t\t\t\t\t\t<span class=\"elementor-button-content-wrapper\">\n\t\t\t\t\t\t\t\t\t<span class=\"elementor-button-text\">Wiki<\/span>\n\t\t\t\t\t<\/span>\n\t\t\t\t\t<\/a>\n\t\t\t\t<\/div>\n\t\t\t\t\t\t\t\t<\/div>\n\t\t\t\t<\/div>\n\t\t\t\t\t<\/div>\n\t\t<\/div>\n\t\t\t\t\t<\/div>\n\t\t<\/section>\n\t\t\t\t<section class=\"elementor-section elementor-top-section elementor-element elementor-element-a3c6aa6 elementor-section-boxed elementor-section-height-default elementor-section-height-default\" data-id=\"a3c6aa6\" data-element_type=\"section\" data-e-type=\"section\">\n\t\t\t\t\t\t<div class=\"elementor-container elementor-column-gap-default\">\n\t\t\t\t\t<div class=\"elementor-column elementor-col-100 elementor-top-column elementor-element elementor-element-30363a7\" data-id=\"30363a7\" data-element_type=\"column\" data-e-type=\"column\">\n\t\t\t<div class=\"elementor-widget-wrap elementor-element-populated\">\n\t\t\t\t\t\t<div class=\"elementor-element elementor-element-7b29fc2 elementor-widget elementor-widget-text-editor\" data-id=\"7b29fc2\" data-element_type=\"widget\" data-e-type=\"widget\" data-widget_type=\"text-editor.default\">\n\t\t\t\t<div class=\"elementor-widget-container\">\n\t\t\t\t\t\t\t\t\t<p>El t\u00e9rmino Ojibwe proviene de <em>Utchibou<\/em>, nombre dado al XVII<sup>mi<\/sup> siglo a un grupo que viv\u00eda al norte de lo que ahora es Sault Ste. Marie, Ontario Aqu\u00ed est\u00e1 una de sus historias: Padre del Ma\u00edz Indio.<\/p><p>los <a href=\"https:\/\/mythslegendes.com\/es\/mitologia-anichinabianos\/\">Ojibway<\/a> formaban parte de una serie de grupos muy cercanos, pero distintos, que ocupaban un territorio ubicado entre el noreste de la bah\u00eda <a href=\"https:\/\/mythslegendes.com\/es\/mitologia-georgiana\/\">georgiano<\/a> y el este del Lago Superior. Estos pueblos que se reunieron cerca de la actual Sault Ste. Mar\u00eda tambi\u00e9n se llaman <a href=\"https:\/\/mythslegendes.com\/es\/mitologia-anichinabianos\/\">Saulteaux<\/a>, un t\u00e9rmino que hoy se refiere principalmente a los pueblos Ojibway del noroeste de Ontario y el sureste de Manitoba.<\/p><p><img decoding=\"async\" class=\"alignnone wp-image-9347 size-full\" src=\"https:\/\/mythslegendes.com\/wp-content\/uploads\/2020\/09\/cropped-AlphaOmega-e1602613368367.png\" alt=\"Ojibway Padre del Ma\u00edz Indio\" width=\"25\" height=\"25\" title=\"\"><\/p>\t\t\t\t\t\t\t\t<\/div>\n\t\t\t\t<\/div>\n\t\t\t\t\t<\/div>\n\t\t<\/div>\n\t\t\t\t\t<\/div>\n\t\t<\/section>\n\t\t\t\t<section class=\"elementor-section elementor-top-section elementor-element elementor-element-1148adf elementor-section-boxed elementor-section-height-default elementor-section-height-default\" data-id=\"1148adf\" data-element_type=\"section\" data-e-type=\"section\">\n\t\t\t\t\t\t<div class=\"elementor-container elementor-column-gap-default\">\n\t\t\t\t\t<div class=\"elementor-column elementor-col-100 elementor-top-column elementor-element elementor-element-8de85f5\" data-id=\"8de85f5\" data-element_type=\"column\" data-e-type=\"column\">\n\t\t\t<div class=\"elementor-widget-wrap elementor-element-populated\">\n\t\t\t\t\t\t<div class=\"elementor-element elementor-element-647babb elementor-widget elementor-widget-heading\" data-id=\"647babb\" data-element_type=\"widget\" data-e-type=\"widget\" data-widget_type=\"heading.default\">\n\t\t\t\t<div class=\"elementor-widget-container\">\n\t\t\t\t\t<div id=\"ez-toc-container\" class=\"ez-toc-v2_0_82_2 counter-hierarchy ez-toc-counter ez-toc-grey ez-toc-container-direction\">\n<div class=\"ez-toc-title-container\">\n<p class=\"ez-toc-title\" style=\"cursor:inherit\">Contenido<\/p>\n<span class=\"ez-toc-title-toggle\"><a href=\"#\" class=\"ez-toc-pull-right ez-toc-btn ez-toc-btn-xs ez-toc-btn-default ez-toc-toggle\" aria-label=\"Alternar tabla de contenidos\"><span class=\"ez-toc-js-icon-con\"><span class=\"\"><span class=\"eztoc-hide\" style=\"display:none;\">Palanca<\/span><span class=\"ez-toc-icon-toggle-span\"><svg style=\"fill: #999;color:#999\" xmlns=\"http:\/\/www.w3.org\/2000\/svg\" class=\"list-377408\" width=\"20px\" height=\"20px\" viewbox=\"0 0 24 24\" fill=\"none\"><path d=\"M6 6H4v2h2V6zm14 0H8v2h12V6zM4 11h2v2H4v-2zm16 0H8v2h12v-2zM4 16h2v2H4v-2zm16 0H8v2h12v-2z\" fill=\"currentColor\"><\/path><\/svg><svg style=\"fill: #999;color:#999\" class=\"arrow-unsorted-368013\" xmlns=\"http:\/\/www.w3.org\/2000\/svg\" width=\"10px\" height=\"10px\" viewbox=\"0 0 24 24\" version=\"1.2\" baseprofile=\"tiny\"><path d=\"M18.2 9.3l-6.2-6.3-6.2 6.3c-.2.2-.3.4-.3.7s.1.5.3.7c.2.2.4.3.7.3h11c.3 0 .5-.1.7-.3.2-.2.3-.5.3-.7s-.1-.5-.3-.7zM5.8 14.7l6.2 6.3 6.2-6.3c.2-.2.3-.5.3-.7s-.1-.5-.3-.7c-.2-.2-.4-.3-.7-.3h-11c-.3 0-.5.1-.7.3-.2.2-.3.5-.3.7s.1.5.3.7z\"\/><\/svg><\/span><\/span><\/span><\/a><\/span><\/div>\n<nav><ul class='ez-toc-list ez-toc-list-level-1' ><li class='ez-toc-page-1 ez-toc-heading-level-2'><a class=\"ez-toc-link ez-toc-heading-1\" href=\"https:\/\/mythslegendes.com\/es\/mitologia-anichinabianos\/padre-de-maiz-indio-9\/#Father-of-Indian-Corn\" >Padre del ma\u00edz indio<\/a><\/li><\/ul><\/nav><\/div>\n<h2 class=\"elementor-heading-title elementor-size-default\"><span class=\"ez-toc-section\" id=\"Father-of-Indian-Corn\"><\/span>Padre del ma\u00edz indio<span class=\"ez-toc-section-end\"><\/span><\/h2>\t\t\t\t<\/div>\n\t\t\t\t<\/div>\n\t\t\t\t\t<\/div>\n\t\t<\/div>\n\t\t\t\t\t<\/div>\n\t\t<\/section>\n\t\t\t\t<section class=\"elementor-section elementor-top-section elementor-element elementor-element-e38dc67 elementor-section-boxed elementor-section-height-default elementor-section-height-default\" data-id=\"e38dc67\" data-element_type=\"section\" data-e-type=\"section\">\n\t\t\t\t\t\t<div class=\"elementor-container elementor-column-gap-default\">\n\t\t\t\t\t<div class=\"elementor-column elementor-col-100 elementor-top-column elementor-element elementor-element-5f33097\" data-id=\"5f33097\" data-element_type=\"column\" data-e-type=\"column\">\n\t\t\t<div class=\"elementor-widget-wrap elementor-element-populated\">\n\t\t\t\t\t\t<div class=\"elementor-element elementor-element-3eb6523 elementor-widget elementor-widget-text-editor\" data-id=\"3eb6523\" data-element_type=\"widget\" data-e-type=\"widget\" data-widget_type=\"text-editor.default\">\n\t\t\t\t<div class=\"elementor-widget-container\">\n\t\t\t\t\t\t\t\t\t<p>Hace mucho, mucho tiempo, un pobre indio Ojibwa viv\u00eda con su esposa e hijos en una parte remota del actual estado de Wisconsin. Debido a que era un cazador tan pobre, no era muy experto en proporcionar alimentos y suministros para su familia.<\/p><p>Sus hijos eran demasiado peque\u00f1os para darle mucha ayuda. Pero era un buen hombre con una disposici\u00f3n amable y contenta. Siempre estuvo agradecido con el Jefe de los Esp\u00edritus del Cielo por todo lo que recibi\u00f3 para compartir con su familia.<\/p><p>Su buena disposici\u00f3n fue heredada por su hijo mayor, que acababa de llegar a la edad en que quer\u00eda seguir su Guardian Spirit Quest. Cada joven indio esperaba con ansias el momento de encontrar el Esp\u00edritu secreto que ser\u00eda su gu\u00eda a lo largo de su vida. Cada ni\u00f1o trat\u00f3 de aprender el nombre de su esp\u00edritu y qu\u00e9 poder especial le dar\u00eda su Esp\u00edritu Guardi\u00e1n.<\/p><p>El hijo mayor hab\u00eda sido obediente desde la primera infancia. Parec\u00eda pensativo, considerado con los dem\u00e1s, de modales afables y siempre una alegr\u00eda para su familia y su tribu. Al primer indicio de la primavera, la tradici\u00f3n le dijo que construyera una choza en alg\u00fan lugar aislado. All\u00ed, no ser\u00eda molestado durante la b\u00fasqueda de sus sue\u00f1os. Prepar\u00f3 su choza ya s\u00ed mismo y fue inmediatamente a comenzar su ayuno de siete d\u00edas.<\/p><p>Durante los primeros d\u00edas, se entretuvo caminando por el bosque y por los senderos de monta\u00f1a. Examin\u00f3 \u00e1rboles, plantas y flores. Este tipo de esfuerzo f\u00edsico al aire libre lo prepar\u00f3 para una noche de sue\u00f1o profundo. Sus observaciones del d\u00eda llenaron su mente de ideas y sue\u00f1os agradables.<\/p><p>Cada vez m\u00e1s deseaba saber c\u00f3mo crec\u00edan los \u00e1rboles, las plantas, las flores y las bayas. Aparentemente crecieron salvajes sin mucha ayuda de los indios. Se pregunt\u00f3 por qu\u00e9 algunas especies eran buenas para comer, mientras que otras conten\u00edan jugos venenosos. Estos pensamientos volvieron a \u00e9l muchas veces mientras se retiraba a su alojamiento por la noche. Secretamente deseaba tener un sue\u00f1o que le revelara lo que pod\u00eda hacer para beneficiar a su familia y su tribu.<\/p><p>&quot;Creo que el Jefe de los Esp\u00edritus del Cielo gu\u00eda todas las cosas y es a \u00e9l a quien le debo todas las cosas&quot;, pens\u00f3 para s\u00ed mismo. \u201cMe pregunto si Chief Sky Spirit puede facilitar que todos los indios adquieran suficiente comida sin cazar animales todos los d\u00edas para comer. \u00bb<\/p><p>\u201cDebo tratar de encontrar un camino en mis sue\u00f1os\u201d, reflexion\u00f3. Se qued\u00f3 en cama el tercer d\u00eda de ayuno, porque se sent\u00eda d\u00e9bil y desmayado. A veces pensaba que iba a morir. So\u00f1\u00f3 que ve\u00eda a un joven fuerte y apuesto que bajaba del cielo y avanzaba hacia \u00e9l. Iba ricamente vestido con colores verde y amarillo. Llevaba un penacho de plumas ondulantes en la cabeza. Todos sus movimientos eran elegantes.<\/p><p>\u201cMe han enviado a ti\u201d, dijo el visitante del cielo. \u201cEl Jefe del Cielo que hizo todas las cosas en el cielo y en la tierra quiere que yo sea tu Esp\u00edritu Guardi\u00e1n y he venido a probarte.<\/p><p>\u201cSky Chief ha observado todo lo que has hecho para prepararte para tu B\u00fasqueda. \u00c9l entiende el amable y digno deseo secreto de tu coraz\u00f3n. \u00c9l sabe que deseas una manera de beneficiar a tu familia y tu tribu. Le agrada que no busques fuerzas para hacer la guerra. He venido a mostrarte c\u00f3mo obtener tu mayor deseo. Primero, tu nombre espiritual ser\u00e1 Wunzh. \u00bb<\/p><p>El extra\u00f1o entonces le dijo a Wunzh que se levantara y luchara con \u00e9l. Esta era la \u00fanica manera de lograr su sagrado deseo. Tan d\u00e9bil como estaba por el ayuno, Wunzh se pregunt\u00f3 c\u00f3mo podr\u00eda luchar contra el extra\u00f1o.<\/p><p>Estuvo a la altura del desaf\u00edo, determinado en su coraz\u00f3n a morir en el esfuerzo si deb\u00eda hacerlo. Los dos lucharon. Despu\u00e9s de un tiempo, cuando Wunzh se sinti\u00f3 casi exhausto, Sky Stranger dijo: \u201cEs suficiente por hoy. Vendr\u00e9 ma\u00f1ana para probarte un poco m\u00e1s. Sonriendo, el visitante ascendi\u00f3 en la misma direcci\u00f3n de donde ven\u00eda.<\/p><p>Al d\u00eda siguiente, a la misma hora, apareci\u00f3 el extra\u00f1o. Nuevamente los dos lucharon. Mientras Wunzh se sent\u00eda m\u00e1s d\u00e9bil que el d\u00eda anterior, puso su mente y coraz\u00f3n en su tarea. Sin embargo, su coraje pareci\u00f3 aumentar en proporci\u00f3n inversa a la disminuci\u00f3n de su fuerza f\u00edsica. El extra\u00f1o se detuvo justo a tiempo antes de que Wunzh cayera al suelo.<\/p><p>\u201cMa\u00f1ana ser\u00e1 tu \u00faltima oportunidad. Te insto a que seas fuerte, amigo m\u00edo, ya que esta es la \u00fanica manera de lograr el deseo sagrado de tu coraz\u00f3n\u201d, dijo el visitante del cielo.<\/p><p>Wunzh se fue a la cama con su \u00faltimo gramo de energ\u00eda. Rez\u00f3 al Jefe del Cielo por sabidur\u00eda y fuerza suficiente para resistir hasta el final de su B\u00fasqueda.<\/p><p>La tercera vez que lucharon, Wunzh estaba tan d\u00e9bil que sus brazos y piernas se sent\u00edan como de goma. Pero su determinaci\u00f3n interna lo impuls\u00f3 hacia adelante con el tipo de resistencia necesaria para ganar. Pas\u00f3 el mismo tiempo que en los dos primeros combates de lucha libre. \u00a1De repente, el extra\u00f1o se detuvo y se declar\u00f3 conquistado por Wunzh!<\/p><p>Entonces el visitante del cielo entr\u00f3 en la logia por primera vez. Se sent\u00f3 al lado de Wunzh para instruirlo en la forma en que ahora deber\u00eda proceder para lograr su deseo secreto.<\/p><p>\u201cEl Gran Jefe del Cielo ha concedido tu deseo. Has luchado valientemente. Ma\u00f1ana ser\u00e1 tu s\u00e9ptimo d\u00eda de ayuno. Tu padre vendr\u00e1 a verte y te traer\u00e1 comida. Como es el \u00faltimo d\u00eda de su ayuno, podr\u00e1 tener \u00e9xito.<\/p><p>\u201cAhora te dir\u00e9 lo que debes hacer para lograr tu victoria final. Ma\u00f1ana lucharemos una vez m\u00e1s. Cuando hayas prevalecido sobre m\u00ed por \u00faltima vez, arr\u00f3jame al suelo y qu\u00edtame la ropa. Debes limpiar la tierra de ra\u00edces y malas hierbas y ablandar el suelo. Luego enti\u00e9rrenme en ese mismo lugar, cubri\u00e9ndolo con mis ropas amarillas y verdes y luego con tierra.<\/p><p>\u201cCuando hayas hecho esto, deja mi cuerpo en la tierra. No lo molestes. Ven de vez en cuando a ver si he vuelto a la vida. Ten cuidado de que mi tumba no est\u00e9 cubierta de hierba ni de malas hierbas. Una vez al mes, c\u00fabreme con tierra fresca. Si sigues lo que te he dicho, tendr\u00e1s \u00e9xito en tu B\u00fasqueda del Esp\u00edritu Guardi\u00e1n. Ayudar\u00e1s a tu familia y a todos los indios ense\u00f1\u00e1ndoles lo que ahora te he ense\u00f1ado\u201d, concluy\u00f3 el Sky Stranger mientras se estrechaban las manos y el visitante se iba.<\/p><p>En la s\u00e9ptima ma\u00f1ana, el padre de Wunzh vino con algo de comida.<\/p><p>\u201cHijo m\u00edo, \u00bfc\u00f3mo te sientes? Has ayunado lo suficiente. Han pasado siete d\u00edas desde que comiste. No debes sacrificar tu vida. El Gran Esp\u00edritu no requiere eso de ti. \u00bb<\/p><p>\u201cPadre m\u00edo, gracias por venir y por la comida. D\u00e9jame quedarme aqu\u00ed solo hasta que se ponga el sol. Tengo mis propias razones especiales. \u00bb<\/p><p>&quot;Muy bien. Te esperar\u00e9 en casa hasta la hora de la puesta del sol\u201d, respondi\u00f3 el padre al partir.<\/p><p>El Sky Stranger regres\u00f3 a la misma hora que antes. Comenz\u00f3 el \u00faltimo combate de lucha libre. Wunzh no hab\u00eda comido la comida que le trajo su padre. Pero ya sent\u00eda un nuevo poder interior que de alguna manera le hab\u00eda sido dado. \u00bfFue el poder espiritual de su esp\u00edritu guardi\u00e1n?<\/p><p>Wunzh agarr\u00f3 a su oponente con una fuerza sobrenatural y lo arroj\u00f3 al suelo. Wunzh se quit\u00f3 la hermosa ropa y la pluma. Entonces descubri\u00f3 que su amigo estaba muerto.<\/p><p>Record\u00f3 las instrucciones en cada detalle y enterr\u00f3 su esp\u00edritu guardi\u00e1n en el mismo lugar donde hab\u00eda ca\u00eddo. Wunzh sigui\u00f3 cada direcci\u00f3n minuciosamente, creyendo que su amigo volver\u00eda a la vida.<\/p><p>Wunzh regres\u00f3 a la caba\u00f1a de su padre al atardecer. Comi\u00f3 con moderaci\u00f3n de la comida que su madre le prepar\u00f3. Ni por un momento pudo olvidar la tumba de su amigo. Durante la primavera y el verano visit\u00f3 la tumba con regularidad. Cuidadosamente mantuvo el \u00e1rea limpia de pasto y malezas. Con cuidado mantuvo el suelo suave y plegable. Pronto vio las puntas de los penachos verdes emergiendo a trav\u00e9s de la tierra. Se dio cuenta de que cuanto m\u00e1s cuidaba las plantas, m\u00e1s r\u00e1pido parec\u00edan crecer los penachos verdes.<\/p><p>Wunzh ocult\u00f3 su actividad a su padre. Pasaron los d\u00edas y las semanas. El verano estaba llegando a su fin. Entonces, un d\u00eda, Wunzh invit\u00f3 a su padre a que lo siguiera al sitio de su B\u00fasqueda. Le mostr\u00f3 a su padre las plantas de aspecto elegante que crec\u00edan all\u00ed. Estaban rematados con cabello sedoso amarillo y ondulantes plumas verdes. Racimos dorados y verdes de frutas adornaban cada lado de los tallos.<\/p><p>&quot;Padre, estas plantas son de mi amigo so\u00f1ado&quot;, explic\u00f3 Wunzh. \u201c\u00c9l es mi esp\u00edritu guardi\u00e1n, un amigo de toda la humanidad, llamado Mon-daw-min, que significa &#039;ma\u00edz para todos los indios&#039;. Esta es la respuesta a mi B\u00fasqueda, el deseo secreto de mi coraz\u00f3n. Ya no necesitaremos cazar animales todos los d\u00edas para nuestra comida. Mientras cuidemos nuestro regalo de ma\u00edz, la tierra nos dar\u00e1 buen alimento para vivir. \u00bb<\/p><p>Wunzh arranc\u00f3 la primera mazorca de ma\u00edz y se la dio a su padre.<\/p><p>\u201cMira, mi padre. Este ma\u00edz es por lo que ayun\u00e9. El Jefe de los Esp\u00edritus del Cielo me ha concedido la B\u00fasqueda. \u00c9l nos ha enviado este maravilloso alimento nuevo de ma\u00edz. De ahora en adelante, nuestra gente no necesitar\u00e1 depender completamente de la caza y la pesca para sobrevivir. \u00bb<\/p><p>Wunzh habl\u00f3 con su padre y le dio todas las instrucciones que hab\u00eda recibido de su esp\u00edritu guardi\u00e1n. Le mostr\u00f3 a su padre c\u00f3mo se deben quitar las hojas de ma\u00edz de los tallos y c\u00f3mo se debe guardar la primera semilla para futuras siembras. Explic\u00f3 c\u00f3mo las mazorcas de ma\u00edz deben mantenerse frente al fuego solo el tiempo suficiente para que las hojas exteriores se vuelvan marrones, de modo que los granos interiores permanezcan dulces y jugosos.<\/p><p>Toda la familia se reuni\u00f3 para el fest\u00edn de ma\u00edz de Wunzh. El padre dirigi\u00f3 una oraci\u00f3n de acci\u00f3n de gracias por el generoso y buen regalo del Jefe de los Esp\u00edritus del Cielo. Wunzh se sinti\u00f3 feliz de que su Guardian Spirit Quest se completara con \u00e9xito.<\/p><p>As\u00ed fue como Wunzh pas\u00f3 a ser conocido como el padre del ma\u00edz indio por las tribus indias Chippewa y Ojibwa.<\/p>\t\t\t\t\t\t\t\t<\/div>\n\t\t\t\t<\/div>\n\t\t\t\t\t<\/div>\n\t\t<\/div>\n\t\t\t\t\t<\/div>\n\t\t<\/section>\n\t\t\t\t<\/div>","protected":false},"excerpt":{"rendered":"<p>Anishinabe Mythology Wiki El t\u00e9rmino Ojibwe proviene de Outchibou, un nombre dado en el siglo XVII a un grupo que viv\u00eda en \u2026 <\/p>","protected":false},"author":1,"featured_media":0,"parent":3405,"menu_order":0,"comment_status":"closed","ping_status":"closed","template":"","meta":{"footnotes":""},"class_list":["post-15202","page","type-page","status-publish","hentry"],"amp_enabled":true,"_links":{"self":[{"href":"https:\/\/mythslegendes.com\/es\/wp-json\/wp\/v2\/pages\/15202","targetHints":{"allow":["GET"]}}],"collection":[{"href":"https:\/\/mythslegendes.com\/es\/wp-json\/wp\/v2\/pages"}],"about":[{"href":"https:\/\/mythslegendes.com\/es\/wp-json\/wp\/v2\/types\/page"}],"author":[{"embeddable":true,"href":"https:\/\/mythslegendes.com\/es\/wp-json\/wp\/v2\/users\/1"}],"replies":[{"embeddable":true,"href":"https:\/\/mythslegendes.com\/es\/wp-json\/wp\/v2\/comments?post=15202"}],"version-history":[{"count":1,"href":"https:\/\/mythslegendes.com\/es\/wp-json\/wp\/v2\/pages\/15202\/revisions"}],"predecessor-version":[{"id":25283,"href":"https:\/\/mythslegendes.com\/es\/wp-json\/wp\/v2\/pages\/15202\/revisions\/25283"}],"up":[{"embeddable":true,"href":"https:\/\/mythslegendes.com\/es\/wp-json\/wp\/v2\/pages\/3405"}],"wp:attachment":[{"href":"https:\/\/mythslegendes.com\/es\/wp-json\/wp\/v2\/media?parent=15202"}],"curies":[{"name":"wp","href":"https:\/\/api.w.org\/{rel}","templated":true}]}}