{"id":15216,"date":"2021-11-13T19:26:29","date_gmt":"2021-11-13T19:26:29","guid":{"rendered":"https:\/\/mythslegendes.com\/?page_id=15216"},"modified":"2022-12-03T22:12:13","modified_gmt":"2022-12-03T22:12:13","slug":"how-the-bat-came-to-be-5","status":"publish","type":"page","link":"https:\/\/mythslegendes.com\/es\/mitologia-anichinabianos\/como-el-murcielago-vino-a-ser-5\/","title":{"rendered":"Historia de Ojibwe: c\u00f3mo surgi\u00f3 el murci\u00e9lago"},"content":{"rendered":"<div data-elementor-type=\"wp-page\" data-elementor-id=\"15216\" class=\"elementor elementor-15216\">\n\t\t\t\t\t\t<section class=\"elementor-section elementor-top-section elementor-element elementor-element-2eee076 elementor-section-boxed elementor-section-height-default elementor-section-height-default\" data-id=\"2eee076\" data-element_type=\"section\" data-e-type=\"section\">\n\t\t\t\t\t\t<div class=\"elementor-container elementor-column-gap-default\">\n\t\t\t\t\t<div class=\"elementor-column elementor-col-50 elementor-top-column elementor-element elementor-element-ad191ca\" data-id=\"ad191ca\" data-element_type=\"column\" data-e-type=\"column\">\n\t\t\t<div class=\"elementor-widget-wrap elementor-element-populated\">\n\t\t\t\t\t\t<div class=\"elementor-element elementor-element-e9ab0fd elementor-align-justify elementor-widget elementor-widget-button\" data-id=\"e9ab0fd\" data-element_type=\"widget\" data-e-type=\"widget\" data-widget_type=\"button.default\">\n\t\t\t\t<div class=\"elementor-widget-container\">\n\t\t\t\t\t\t\t\t\t<div class=\"elementor-button-wrapper\">\n\t\t\t\t\t<a class=\"elementor-button elementor-button-link elementor-size-sm\" href=\"https:\/\/mythslegendes.com\/es\/mitologia-anichinabianos\/\">\n\t\t\t\t\t\t<span class=\"elementor-button-content-wrapper\">\n\t\t\t\t\t\t\t\t\t<span class=\"elementor-button-text\">Mitolog\u00eda anichinabe<\/span>\n\t\t\t\t\t<\/span>\n\t\t\t\t\t<\/a>\n\t\t\t\t<\/div>\n\t\t\t\t\t\t\t\t<\/div>\n\t\t\t\t<\/div>\n\t\t\t\t\t<\/div>\n\t\t<\/div>\n\t\t\t\t<div class=\"elementor-column elementor-col-50 elementor-top-column elementor-element elementor-element-30532d6\" data-id=\"30532d6\" data-element_type=\"column\" data-e-type=\"column\">\n\t\t\t<div class=\"elementor-widget-wrap elementor-element-populated\">\n\t\t\t\t\t\t<div class=\"elementor-element elementor-element-0b111bb elementor-align-justify elementor-widget elementor-widget-button\" data-id=\"0b111bb\" data-element_type=\"widget\" data-e-type=\"widget\" data-widget_type=\"button.default\">\n\t\t\t\t<div class=\"elementor-widget-container\">\n\t\t\t\t\t\t\t\t\t<div class=\"elementor-button-wrapper\">\n\t\t\t\t\t<a class=\"elementor-button elementor-button-link elementor-size-sm\" href=\"https:\/\/www.thecanadianencyclopedia.ca\/fr\/article\/ojibwes\" target=\"_blank\" rel=\"noopener\">\n\t\t\t\t\t\t<span class=\"elementor-button-content-wrapper\">\n\t\t\t\t\t\t\t\t\t<span class=\"elementor-button-text\">Wiki<\/span>\n\t\t\t\t\t<\/span>\n\t\t\t\t\t<\/a>\n\t\t\t\t<\/div>\n\t\t\t\t\t\t\t\t<\/div>\n\t\t\t\t<\/div>\n\t\t\t\t\t<\/div>\n\t\t<\/div>\n\t\t\t\t\t<\/div>\n\t\t<\/section>\n\t\t\t\t<section class=\"elementor-section elementor-top-section elementor-element elementor-element-49f30c6 elementor-section-boxed elementor-section-height-default elementor-section-height-default\" data-id=\"49f30c6\" data-element_type=\"section\" data-e-type=\"section\">\n\t\t\t\t\t\t<div class=\"elementor-container elementor-column-gap-default\">\n\t\t\t\t\t<div class=\"elementor-column elementor-col-100 elementor-top-column elementor-element elementor-element-fbfcee3\" data-id=\"fbfcee3\" data-element_type=\"column\" data-e-type=\"column\">\n\t\t\t<div class=\"elementor-widget-wrap elementor-element-populated\">\n\t\t\t\t\t\t<div class=\"elementor-element elementor-element-a829fc1 elementor-widget elementor-widget-text-editor\" data-id=\"a829fc1\" data-element_type=\"widget\" data-e-type=\"widget\" data-widget_type=\"text-editor.default\">\n\t\t\t\t<div class=\"elementor-widget-container\">\n\t\t\t\t\t\t\t\t\t<p>El t\u00e9rmino Ojibwe proviene de <em>Utchibou<\/em>, nombre dado al XVII<sup>mi<\/sup> siglo a un grupo que viv\u00eda al norte de lo que ahora es Sault Ste. Marie, Ontario Aqu\u00ed est\u00e1 una de sus historias: C\u00f3mo surgi\u00f3 el murci\u00e9lago.<\/p><p>los <a href=\"https:\/\/mythslegendes.com\/es\/mitologia-anichinabianos\/\">Ojibway<\/a> formaban parte de una serie de grupos muy cercanos, pero distintos, que ocupaban un territorio ubicado entre el noreste de la bah\u00eda <a href=\"https:\/\/mythslegendes.com\/es\/mitologia-georgiana\/\">georgiano<\/a> y el este del Lago Superior. Estos pueblos que se reunieron cerca de la actual Sault Ste. Mar\u00eda tambi\u00e9n se llaman <a href=\"https:\/\/mythslegendes.com\/es\/mitologia-anichinabianos\/\">Saulteaux<\/a>, un t\u00e9rmino que hoy se refiere principalmente a los pueblos Ojibway del noroeste de Ontario y el sureste de Manitoba.<\/p><p><img decoding=\"async\" class=\"alignnone wp-image-9347 size-full\" src=\"https:\/\/mythslegendes.com\/wp-content\/uploads\/2020\/09\/cropped-AlphaOmega-e1602613368367.png\" alt=\"Ojibwe C\u00f3mo surgi\u00f3 el murci\u00e9lago\" width=\"25\" height=\"25\" title=\"\"><\/p>\t\t\t\t\t\t\t\t<\/div>\n\t\t\t\t<\/div>\n\t\t\t\t\t<\/div>\n\t\t<\/div>\n\t\t\t\t\t<\/div>\n\t\t<\/section>\n\t\t\t\t<section class=\"elementor-section elementor-top-section elementor-element elementor-element-4c20c00 elementor-section-boxed elementor-section-height-default elementor-section-height-default\" data-id=\"4c20c00\" data-element_type=\"section\" data-e-type=\"section\">\n\t\t\t\t\t\t<div class=\"elementor-container elementor-column-gap-default\">\n\t\t\t\t\t<div class=\"elementor-column elementor-col-100 elementor-top-column elementor-element elementor-element-f7d954f\" data-id=\"f7d954f\" data-element_type=\"column\" data-e-type=\"column\">\n\t\t\t<div class=\"elementor-widget-wrap elementor-element-populated\">\n\t\t\t\t\t\t<div class=\"elementor-element elementor-element-afb3b42 elementor-widget elementor-widget-heading\" data-id=\"afb3b42\" data-element_type=\"widget\" data-e-type=\"widget\" data-widget_type=\"heading.default\">\n\t\t\t\t<div class=\"elementor-widget-container\">\n\t\t\t\t\t<div id=\"ez-toc-container\" class=\"ez-toc-v2_0_82_2 counter-hierarchy ez-toc-counter ez-toc-grey ez-toc-container-direction\">\n<div class=\"ez-toc-title-container\">\n<p class=\"ez-toc-title\" style=\"cursor:inherit\">Contenido<\/p>\n<span class=\"ez-toc-title-toggle\"><a href=\"#\" class=\"ez-toc-pull-right ez-toc-btn ez-toc-btn-xs ez-toc-btn-default ez-toc-toggle\" aria-label=\"Alternar tabla de contenidos\"><span class=\"ez-toc-js-icon-con\"><span class=\"\"><span class=\"eztoc-hide\" style=\"display:none;\">Palanca<\/span><span class=\"ez-toc-icon-toggle-span\"><svg style=\"fill: #999;color:#999\" xmlns=\"http:\/\/www.w3.org\/2000\/svg\" class=\"list-377408\" width=\"20px\" height=\"20px\" viewbox=\"0 0 24 24\" fill=\"none\"><path d=\"M6 6H4v2h2V6zm14 0H8v2h12V6zM4 11h2v2H4v-2zm16 0H8v2h12v-2zM4 16h2v2H4v-2zm16 0H8v2h12v-2z\" fill=\"currentColor\"><\/path><\/svg><svg style=\"fill: #999;color:#999\" class=\"arrow-unsorted-368013\" xmlns=\"http:\/\/www.w3.org\/2000\/svg\" width=\"10px\" height=\"10px\" viewbox=\"0 0 24 24\" version=\"1.2\" baseprofile=\"tiny\"><path d=\"M18.2 9.3l-6.2-6.3-6.2 6.3c-.2.2-.3.4-.3.7s.1.5.3.7c.2.2.4.3.7.3h11c.3 0 .5-.1.7-.3.2-.2.3-.5.3-.7s-.1-.5-.3-.7zM5.8 14.7l6.2 6.3 6.2-6.3c.2-.2.3-.5.3-.7s-.1-.5-.3-.7c-.2-.2-.4-.3-.7-.3h-11c-.3 0-.5.1-.7.3-.2.2-.3.5-.3.7s.1.5.3.7z\"\/><\/svg><\/span><\/span><\/span><\/a><\/span><\/div>\n<nav><ul class='ez-toc-list ez-toc-list-level-1' ><li class='ez-toc-page-1 ez-toc-heading-level-2'><a class=\"ez-toc-link ez-toc-heading-1\" href=\"https:\/\/mythslegendes.com\/es\/mitologia-anichinabianos\/como-el-murcielago-vino-a-ser-5\/#How-the-bat-came-to-be\" >C\u00f3mo surgi\u00f3 el murci\u00e9lago<\/a><\/li><\/ul><\/nav><\/div>\n<h2 class=\"elementor-heading-title elementor-size-default\"><span class=\"ez-toc-section\" id=\"How-the-bat-came-to-be\"><\/span>C\u00f3mo surgi\u00f3 el murci\u00e9lago<span class=\"ez-toc-section-end\"><\/span><\/h2>\t\t\t\t<\/div>\n\t\t\t\t<\/div>\n\t\t\t\t\t<\/div>\n\t\t<\/div>\n\t\t\t\t\t<\/div>\n\t\t<\/section>\n\t\t\t\t<section class=\"elementor-section elementor-top-section elementor-element elementor-element-343691a elementor-section-boxed elementor-section-height-default elementor-section-height-default\" data-id=\"343691a\" data-element_type=\"section\" data-e-type=\"section\">\n\t\t\t\t\t\t<div class=\"elementor-container elementor-column-gap-default\">\n\t\t\t\t\t<div class=\"elementor-column elementor-col-100 elementor-top-column elementor-element elementor-element-d70d31d\" data-id=\"d70d31d\" data-element_type=\"column\" data-e-type=\"column\">\n\t\t\t<div class=\"elementor-widget-wrap elementor-element-populated\">\n\t\t\t\t\t\t<div class=\"elementor-element elementor-element-7c96039 elementor-widget elementor-widget-text-editor\" data-id=\"7c96039\" data-element_type=\"widget\" data-e-type=\"widget\" data-widget_type=\"text-editor.default\">\n\t\t\t\t<div class=\"elementor-widget-container\">\n\t\t\t\t\t\t\t\t\t<p>Hace mucho tiempo, cuando el sol comenzaba a salir una ma\u00f1ana, vino a cerrar<br \/>a la Tierra y se enred\u00f3 en las ramas superiores de un \u00e1rbol muy alto.<\/p><p>Cuanto m\u00e1s trataba Sun de escapar, m\u00e1s lo atrapaban. Entonces,<br \/>el alba no lleg\u00f3.<\/p><p>Al principio, todos los p\u00e1jaros y animales no se dieron cuenta. Algunos de<br \/>se despertaron, luego se volvieron a dormir, pensando que hab\u00edan hecho<br \/>un error, y no era hora de levantarse.<\/p><p>Otros animales, que amaban la noche, como la pantera y el b\u00faho,<br \/>estaban muy contentos de que permaneciera oscuro, por lo que continuaron cazando.<\/p><p>Pero, despu\u00e9s de un tiempo, hab\u00eda pasado tanto tiempo que los p\u00e1jaros y<br \/>los animales sab\u00edan que algo andaba mal.<\/p><p>Ellos juntos, en la oscuridad, para celebrar un consejo.<\/p><p>\u201cEl sol se ha perdido\u201d, dijo el \u00e1guila.<\/p><p>\u201cDebemos buscarlo\u201d, dijo el oso.<\/p><p>Entonces, todos los p\u00e1jaros y animales salieron a buscar a Sun.<\/p><p>Miraron en las cuevas y en el bosque profundo y en las monta\u00f1as<br \/>y en los pantanos.<\/p><p>Pero Sun no estaba all\u00ed. Ninguno de los p\u00e1jaros y animales pudo encontrarlo.<\/p><p>Entonces, uno de los animales, una peque\u00f1a ardilla marr\u00f3n, tuvo una idea. &quot;Tal vez<br \/>El sol est\u00e1 atrapado en un \u00e1rbol alto\u201d, dijo.<\/p><p>Entonces, la peque\u00f1a ardilla marr\u00f3n comenz\u00f3 a ir de \u00e1rbol en \u00e1rbol, pasando<br \/>m\u00e1s y m\u00e1s hacia el este. Por fin, en la cima de un muy<br \/>\u00e1rbol alto, vio un resplandor de luz.<\/p><p>Subi\u00f3 y vio que era Sun. La luz del sol era p\u00e1lida y se ve\u00eda d\u00e9bil.<\/p><p>&quot;Ay\u00fadame, hermanito&quot;, dijo Sun.<\/p><p>La peque\u00f1a ardilla marr\u00f3n se acerc\u00f3 y comenz\u00f3 a masticar las ramas.<br \/>en que el Sol fue atrapado. Cuanto m\u00e1s se acercaba a Sun, m\u00e1s caliente<br \/>lleg\u00f3. Cuantas m\u00e1s ramas masticaba, m\u00e1s brillante se volv\u00eda la luz del Sol.<\/p><p>\u201cDebo parar ahora\u201d, dijo la peque\u00f1a ardilla marr\u00f3n. &quot;Mi<br \/>el pelaje se est\u00e1 quemando. Todo se est\u00e1 volviendo negro. \u00bb<\/p><p>\u201cAy\u00fadame\u201d, dijo Sun. \u201cNo te detengas ahora. \u00bb<\/p><p>La peque\u00f1a ardilla marr\u00f3n sigui\u00f3 trabajando, pero el calor del sol<br \/>Hac\u00eda mucho calor ahora y era a\u00fan m\u00e1s brillante. \u201cMi cola est\u00e1 ardiendo<br \/>lejos\u201d, dijo la peque\u00f1a ardilla marr\u00f3n. &quot;No puedo hacer mas. \u00bb<\/p><p>\u201cAy\u00fadame\u201d, dijo Sun. \u201cPronto ser\u00e9 libre. \u00bb<\/p><p>Entonces, la peque\u00f1a ardilla marr\u00f3n continu\u00f3 masticando. Pero, la luz<br \/>de Sun era muy brillante ahora.<\/p><p>\u201cMe estoy quedando ciega\u201d, dijo la peque\u00f1a ardilla marr\u00f3n.<br \/>\u201cDebo parar. \u00bb<\/p><p>&quot;Solo un poco m\u00e1s&quot;, dijo Sun. \u201cSoy casi libre. \u00bb<\/p><p>Finalmente, la peque\u00f1a ardilla marr\u00f3n mastic\u00f3 la \u00faltima de las ramas libres.<\/p><p>Tan pronto como lo hizo, Sun se liber\u00f3 y se elev\u00f3 hacia el cielo.<\/p><p>El alba se extendi\u00f3 por la tierra y volvi\u00f3 a ser de d\u00eda. En todo el<br \/>mundo los p\u00e1jaros y los animales se unieron.<\/p><p>Pero, la peque\u00f1a ardilla marr\u00f3n no estaba contenta. estaba cegado por<br \/>el brillo del sol. Su larga cola hab\u00eda sido quemada y qu\u00e9<br \/>el pelaje que le quedaba ahora era todo negro.<\/p><p>Su piel se hab\u00eda estirado por el calor y se aferr\u00f3 all\u00ed a la<br \/>ramas superiores de ese \u00e1rbol alto, incapaz de moverse.<\/p><p>Arriba en el cielo, Sun mir\u00f3 hacia abajo y sinti\u00f3 pena por el peque\u00f1o marr\u00f3n<br \/>ardilla. Hab\u00eda sufrido tanto para salvarlo.<\/p><p>&quot;Hermano peque\u00f1o&quot;, dijo Sun. \u201cMe has ayudado.<br \/>Ahora, te dar\u00e9 algo. hay algo que tengas<br \/>\u00bfsiempre querido? \u00bb<\/p><p>\u201cSiempre he querido volar\u201d, dijo la peque\u00f1a ardilla marr\u00f3n.<br \/>\u201cPero ahora estoy ciego, y mi cola est\u00e1 completamente quemada. \u00bb<\/p><p>Sun sonri\u00f3 &quot;Hermanito&quot;, dijo, &quot;a partir de ahora<br \/>en usted ser\u00e1 un mejor volador que los p\u00e1jaros. Porque t\u00fa<br \/>se acerc\u00f3 a m\u00ed, mi luz siempre ser\u00e1 demasiado brillante para ti,<br \/>pero ver\u00e1s en la oscuridad y escuchar\u00e1s todo a tu alrededor<br \/>t\u00fa mientras vuelas.<\/p><p>A partir de ahora, dormir\u00e1s cuando me eleve al cielo y<br \/>cuando me despida del mundo cada noche, te despertar\u00e1s. \u00bb<\/p><p>Entonces el peque\u00f1o animal que una vez hab\u00eda sido una ardilla se dej\u00f3 caer<br \/>la rama, extendi\u00f3 sus alas correosas y comenz\u00f3 a volar.<\/p><p>Ya no extra\u00f1aba su cola y su pelaje casta\u00f1o y sab\u00eda que<br \/>cuando volviera la noche, ser\u00eda su hora. no pod\u00eda mirar<br \/>Sun, pero ten\u00eda la alegr\u00eda de Sun en su coraz\u00f3n.<\/p><p>Y as\u00ed fue, hace mucho tiempo, que Sun mostr\u00f3 su agradecimiento a la peque\u00f1a<br \/>ardilla marr\u00f3n, que ya no era una ardilla, sino el primero de los murci\u00e9lagos.<\/p>\t\t\t\t\t\t\t\t<\/div>\n\t\t\t\t<\/div>\n\t\t\t\t\t<\/div>\n\t\t<\/div>\n\t\t\t\t\t<\/div>\n\t\t<\/section>\n\t\t\t\t<\/div>","protected":false},"excerpt":{"rendered":"<p>Anishinabe Mythology Wiki El t\u00e9rmino Ojibwe proviene de Outchibou, un nombre dado en el siglo XVII a un grupo que viv\u00eda en \u2026 <\/p>","protected":false},"author":1,"featured_media":0,"parent":3405,"menu_order":0,"comment_status":"closed","ping_status":"closed","template":"","meta":{"footnotes":""},"class_list":["post-15216","page","type-page","status-publish","hentry"],"amp_enabled":true,"_links":{"self":[{"href":"https:\/\/mythslegendes.com\/es\/wp-json\/wp\/v2\/pages\/15216","targetHints":{"allow":["GET"]}}],"collection":[{"href":"https:\/\/mythslegendes.com\/es\/wp-json\/wp\/v2\/pages"}],"about":[{"href":"https:\/\/mythslegendes.com\/es\/wp-json\/wp\/v2\/types\/page"}],"author":[{"embeddable":true,"href":"https:\/\/mythslegendes.com\/es\/wp-json\/wp\/v2\/users\/1"}],"replies":[{"embeddable":true,"href":"https:\/\/mythslegendes.com\/es\/wp-json\/wp\/v2\/comments?post=15216"}],"version-history":[{"count":1,"href":"https:\/\/mythslegendes.com\/es\/wp-json\/wp\/v2\/pages\/15216\/revisions"}],"predecessor-version":[{"id":25285,"href":"https:\/\/mythslegendes.com\/es\/wp-json\/wp\/v2\/pages\/15216\/revisions\/25285"}],"up":[{"embeddable":true,"href":"https:\/\/mythslegendes.com\/es\/wp-json\/wp\/v2\/pages\/3405"}],"wp:attachment":[{"href":"https:\/\/mythslegendes.com\/es\/wp-json\/wp\/v2\/media?parent=15216"}],"curies":[{"name":"wp","href":"https:\/\/api.w.org\/{rel}","templated":true}]}}