{"id":15224,"date":"2021-11-13T19:33:10","date_gmt":"2021-11-13T19:33:10","guid":{"rendered":"https:\/\/mythslegendes.com\/?page_id=15224"},"modified":"2022-12-03T22:12:13","modified_gmt":"2022-12-03T22:12:13","slug":"how-the-beaver-got-his-tail-8","status":"publish","type":"page","link":"https:\/\/mythslegendes.com\/es\/mitologia-anichinabianos\/como-el-castor-consiguio-su-cola-8\/","title":{"rendered":"Conte Ojibw\u00e9: C\u00f3mo se meti\u00f3 la cola al castor"},"content":{"rendered":"<div data-elementor-type=\"wp-page\" data-elementor-id=\"15224\" class=\"elementor elementor-15224\">\n\t\t\t\t\t\t<section class=\"elementor-section elementor-top-section elementor-element elementor-element-0e457eb elementor-section-boxed elementor-section-height-default elementor-section-height-default\" data-id=\"0e457eb\" data-element_type=\"section\" data-e-type=\"section\">\n\t\t\t\t\t\t<div class=\"elementor-container elementor-column-gap-default\">\n\t\t\t\t\t<div class=\"elementor-column elementor-col-50 elementor-top-column elementor-element elementor-element-a61de59\" data-id=\"a61de59\" data-element_type=\"column\" data-e-type=\"column\">\n\t\t\t<div class=\"elementor-widget-wrap elementor-element-populated\">\n\t\t\t\t\t\t<div class=\"elementor-element elementor-element-5faa16e elementor-align-justify elementor-widget elementor-widget-button\" data-id=\"5faa16e\" data-element_type=\"widget\" data-e-type=\"widget\" data-widget_type=\"button.default\">\n\t\t\t\t<div class=\"elementor-widget-container\">\n\t\t\t\t\t\t\t\t\t<div class=\"elementor-button-wrapper\">\n\t\t\t\t\t<a class=\"elementor-button elementor-button-link elementor-size-sm\" href=\"https:\/\/mythslegendes.com\/es\/mitologia-anichinabianos\/\">\n\t\t\t\t\t\t<span class=\"elementor-button-content-wrapper\">\n\t\t\t\t\t\t\t\t\t<span class=\"elementor-button-text\">Mitolog\u00eda anichinabe<\/span>\n\t\t\t\t\t<\/span>\n\t\t\t\t\t<\/a>\n\t\t\t\t<\/div>\n\t\t\t\t\t\t\t\t<\/div>\n\t\t\t\t<\/div>\n\t\t\t\t\t<\/div>\n\t\t<\/div>\n\t\t\t\t<div class=\"elementor-column elementor-col-50 elementor-top-column elementor-element elementor-element-f22db56\" data-id=\"f22db56\" data-element_type=\"column\" data-e-type=\"column\">\n\t\t\t<div class=\"elementor-widget-wrap elementor-element-populated\">\n\t\t\t\t\t\t<div class=\"elementor-element elementor-element-f66235b elementor-align-justify elementor-widget elementor-widget-button\" data-id=\"f66235b\" data-element_type=\"widget\" data-e-type=\"widget\" data-widget_type=\"button.default\">\n\t\t\t\t<div class=\"elementor-widget-container\">\n\t\t\t\t\t\t\t\t\t<div class=\"elementor-button-wrapper\">\n\t\t\t\t\t<a class=\"elementor-button elementor-button-link elementor-size-sm\" href=\"https:\/\/www.thecanadianencyclopedia.ca\/fr\/article\/ojibwes\" target=\"_blank\" rel=\"noopener\">\n\t\t\t\t\t\t<span class=\"elementor-button-content-wrapper\">\n\t\t\t\t\t\t\t\t\t<span class=\"elementor-button-text\">Wiki<\/span>\n\t\t\t\t\t<\/span>\n\t\t\t\t\t<\/a>\n\t\t\t\t<\/div>\n\t\t\t\t\t\t\t\t<\/div>\n\t\t\t\t<\/div>\n\t\t\t\t\t<\/div>\n\t\t<\/div>\n\t\t\t\t\t<\/div>\n\t\t<\/section>\n\t\t\t\t<section class=\"elementor-section elementor-top-section elementor-element elementor-element-9b8ff2d elementor-section-boxed elementor-section-height-default elementor-section-height-default\" data-id=\"9b8ff2d\" data-element_type=\"section\" data-e-type=\"section\">\n\t\t\t\t\t\t<div class=\"elementor-container elementor-column-gap-default\">\n\t\t\t\t\t<div class=\"elementor-column elementor-col-100 elementor-top-column elementor-element elementor-element-3f0353a\" data-id=\"3f0353a\" data-element_type=\"column\" data-e-type=\"column\">\n\t\t\t<div class=\"elementor-widget-wrap elementor-element-populated\">\n\t\t\t\t\t\t<div class=\"elementor-element elementor-element-bc7c7fe elementor-widget elementor-widget-text-editor\" data-id=\"bc7c7fe\" data-element_type=\"widget\" data-e-type=\"widget\" data-widget_type=\"text-editor.default\">\n\t\t\t\t<div class=\"elementor-widget-container\">\n\t\t\t\t\t\t\t\t\t<p>El t\u00e9rmino Ojibwe proviene de <em>Utchibou<\/em>, nombre dado al XVII<sup>mi<\/sup> siglo a un grupo que viv\u00eda al norte de lo que hoy es Sault Ste. Marie, Ontario. Aqu\u00ed est\u00e1 uno de sus cuentos: C\u00f3mo el <a href=\"https:\/\/mythslegendes.com\/es\/mitologia-dene\/\">castor<\/a> consigui\u00f3 su cola (en ingl\u00e9s).<\/p><p>los <a href=\"https:\/\/mythslegendes.com\/es\/mitologia-anichinabianos\/\">Ojibway<\/a> formaban parte de una serie de grupos muy cercanos, pero distintos, que ocupaban un territorio ubicado entre el noreste de la bah\u00eda <a href=\"https:\/\/mythslegendes.com\/es\/mitologia-georgiana\/\">georgiano<\/a> y el este del Lago Superior. Estos pueblos que se reunieron cerca de la actual Sault Ste. Mar\u00eda tambi\u00e9n se llaman <a href=\"https:\/\/mythslegendes.com\/es\/mitologia-anichinabianos\/\">Saulteaux<\/a>, un t\u00e9rmino que hoy se refiere principalmente a los pueblos Ojibway del noroeste de Ontario y el sureste de Manitoba.<\/p><p><img decoding=\"async\" class=\"alignnone wp-image-9347 size-full\" src=\"https:\/\/mythslegendes.com\/wp-content\/uploads\/2020\/09\/cropped-AlphaOmega-e1602613368367.png\" alt=\"Ojibwe C\u00f3mo se meti\u00f3 la cola al castor\" width=\"25\" height=\"25\" title=\"\"><\/p>\t\t\t\t\t\t\t\t<\/div>\n\t\t\t\t<\/div>\n\t\t\t\t\t<\/div>\n\t\t<\/div>\n\t\t\t\t\t<\/div>\n\t\t<\/section>\n\t\t\t\t<section class=\"elementor-section elementor-top-section elementor-element elementor-element-4700fa9 elementor-section-boxed elementor-section-height-default elementor-section-height-default\" data-id=\"4700fa9\" data-element_type=\"section\" data-e-type=\"section\">\n\t\t\t\t\t\t<div class=\"elementor-container elementor-column-gap-default\">\n\t\t\t\t\t<div class=\"elementor-column elementor-col-100 elementor-top-column elementor-element elementor-element-4c45920\" data-id=\"4c45920\" data-element_type=\"column\" data-e-type=\"column\">\n\t\t\t<div class=\"elementor-widget-wrap elementor-element-populated\">\n\t\t\t\t\t\t<div class=\"elementor-element elementor-element-585ed4b elementor-widget elementor-widget-heading\" data-id=\"585ed4b\" data-element_type=\"widget\" data-e-type=\"widget\" data-widget_type=\"heading.default\">\n\t\t\t\t<div class=\"elementor-widget-container\">\n\t\t\t\t\t<div id=\"ez-toc-container\" class=\"ez-toc-v2_0_82_2 counter-hierarchy ez-toc-counter ez-toc-grey ez-toc-container-direction\">\n<div class=\"ez-toc-title-container\">\n<p class=\"ez-toc-title\" style=\"cursor:inherit\">Contenido<\/p>\n<span class=\"ez-toc-title-toggle\"><a href=\"#\" class=\"ez-toc-pull-right ez-toc-btn ez-toc-btn-xs ez-toc-btn-default ez-toc-toggle\" aria-label=\"Alternar tabla de contenidos\"><span class=\"ez-toc-js-icon-con\"><span class=\"\"><span class=\"eztoc-hide\" style=\"display:none;\">Palanca<\/span><span class=\"ez-toc-icon-toggle-span\"><svg style=\"fill: #999;color:#999\" xmlns=\"http:\/\/www.w3.org\/2000\/svg\" class=\"list-377408\" width=\"20px\" height=\"20px\" viewbox=\"0 0 24 24\" fill=\"none\"><path d=\"M6 6H4v2h2V6zm14 0H8v2h12V6zM4 11h2v2H4v-2zm16 0H8v2h12v-2zM4 16h2v2H4v-2zm16 0H8v2h12v-2z\" fill=\"currentColor\"><\/path><\/svg><svg style=\"fill: #999;color:#999\" class=\"arrow-unsorted-368013\" xmlns=\"http:\/\/www.w3.org\/2000\/svg\" width=\"10px\" height=\"10px\" viewbox=\"0 0 24 24\" version=\"1.2\" baseprofile=\"tiny\"><path d=\"M18.2 9.3l-6.2-6.3-6.2 6.3c-.2.2-.3.4-.3.7s.1.5.3.7c.2.2.4.3.7.3h11c.3 0 .5-.1.7-.3.2-.2.3-.5.3-.7s-.1-.5-.3-.7zM5.8 14.7l6.2 6.3 6.2-6.3c.2-.2.3-.5.3-.7s-.1-.5-.3-.7c-.2-.2-.4-.3-.7-.3h-11c-.3 0-.5.1-.7.3-.2.2-.3.5-.3.7s.1.5.3.7z\"\/><\/svg><\/span><\/span><\/span><\/a><\/span><\/div>\n<nav><ul class='ez-toc-list ez-toc-list-level-1' ><li class='ez-toc-page-1 ez-toc-heading-level-2'><a class=\"ez-toc-link ez-toc-heading-1\" href=\"https:\/\/mythslegendes.com\/es\/mitologia-anichinabianos\/como-el-castor-consiguio-su-cola-8\/#How-the-beaver-got-his-tail\" >\u00bfC\u00f3mo se meti\u00f3 la cola al castor?<\/a><\/li><\/ul><\/nav><\/div>\n<h2 class=\"elementor-heading-title elementor-size-default\"><span class=\"ez-toc-section\" id=\"How-the-beaver-got-his-tail\"><\/span>\u00bfC\u00f3mo se meti\u00f3 la cola al castor?<span class=\"ez-toc-section-end\"><\/span><\/h2>\t\t\t\t<\/div>\n\t\t\t\t<\/div>\n\t\t\t\t\t<\/div>\n\t\t<\/div>\n\t\t\t\t\t<\/div>\n\t\t<\/section>\n\t\t\t\t<section class=\"elementor-section elementor-top-section elementor-element elementor-element-13ead12 elementor-section-boxed elementor-section-height-default elementor-section-height-default\" data-id=\"13ead12\" data-element_type=\"section\" data-e-type=\"section\">\n\t\t\t\t\t\t<div class=\"elementor-container elementor-column-gap-default\">\n\t\t\t\t\t<div class=\"elementor-column elementor-col-100 elementor-top-column elementor-element elementor-element-57c47c8\" data-id=\"57c47c8\" data-element_type=\"column\" data-e-type=\"column\">\n\t\t\t<div class=\"elementor-widget-wrap elementor-element-populated\">\n\t\t\t\t\t\t<div class=\"elementor-element elementor-element-0285774 elementor-widget elementor-widget-text-editor\" data-id=\"0285774\" data-element_type=\"widget\" data-e-type=\"widget\" data-widget_type=\"text-editor.default\">\n\t\t\t\t<div class=\"elementor-widget-container\">\n\t\t\t\t\t\t\t\t\t<p>\u00c9rase una vez un castor al que le encantaba presumir de su<br \/>cola. Un d\u00eda, mientras daba un paseo, el castor se detuvo para hablar con<br \/>un p\u00e1jaro. El castor le dijo al p\u00e1jaro: \u201c\u00bfNo te encanta mi cola esponjosa? &quot;<\/p><p>&quot;Pues s\u00ed, lo hago peque\u00f1o castor&quot;, respondi\u00f3 el p\u00e1jaro.<\/p><p>&quot;\u00bfNo te gustar\u00eda que tus plumas fueran tan esponjosas como mi cola?&quot; Cuyo<br \/>\u00bfDesear\u00edas que tus plumas fueran tan fuertes como mi cola? No deseas<br \/>\u00bfTus plumas eran tan hermosas como mi cola? -Pregunt\u00f3 el castor.<\/p><p>\u201c\u00bfPor qu\u00e9 piensas tanto en tu cola, peque\u00f1o castor? &quot;<br \/>pregunt\u00f3 el p\u00e1jaro. Esto insult\u00f3 al castor y se alej\u00f3.<\/p><p>Despu\u00e9s de caminar un rato, se detuvo a tomar algo junto al r\u00edo.<br \/>y vi una rata almizclera. Camin\u00f3 hacia la rata almizclera y dijo: &quot;Hola<br \/>peque\u00f1a rata almizclera. \u00bfQu\u00e9 opinas de mi cola? &quot;<\/p><p>&quot;Bueno, es muy hermoso, grande y esponjoso&quot;, respondi\u00f3.<br \/>la rata almizclera. &quot;\u00bfTambi\u00e9n es una cola fuerte? &quot;<\/p><p>\u201cBueno, s\u00ed lo es,\u201d respondi\u00f3 el castor. &quot;Deseas<br \/>tenias una cola como la mia? &quot;<\/p><p>\u201cNo dije que quisiera una cola como la tuya. Solo pregunte si<br \/>era fuerte \u201d, respondi\u00f3 la rata almizclera con voz disgustada.<\/p><p>El castor se volvi\u00f3 r\u00e1pidamente y comenz\u00f3 a caminar de regreso a su presa. Oye<br \/>estaba enojado porque sent\u00eda que los animales estaban siendo groseros con \u00e9l.<br \/>Estaba muy molesto y decidi\u00f3 sacar su frustraci\u00f3n cortando<br \/>abajo de los \u00e1rboles. Despu\u00e9s de talar un par de \u00e1rboles, lleg\u00f3 a un punto muy<br \/>el Grande. Sab\u00eda que ser\u00eda un gran desaf\u00edo para \u00e9l. Entonces<br \/>fue a eso. Pero mientras cortaba, segu\u00eda pensando en su<br \/>cola y no not\u00f3 que estaba cortando en un mal \u00e1ngulo. <\/p><p>Antes de que supiera lo que estaba sucediendo, el \u00e1rbol comenz\u00f3 a caer hacia \u00e9l. Oye<br \/>salt\u00f3 para salir del camino, pero no salt\u00f3 lo suficientemente r\u00e1pido, y<br \/>\u00a1El enorme \u00e1rbol cay\u00f3 sobre su hermosa cola! Tir\u00f3 y tir\u00f3 y<br \/>finalmente excav\u00f3 la tierra para liberarse. Cuando finalmente tir\u00f3<br \/>su cola de debajo del \u00e1rbol, se horroriz\u00f3 al ver que era<br \/>plano. El castor estaba muy triste y se puso a llorar. Mientras lloraba<br \/>escuch\u00f3 una voz. Fue el Creador.<\/p><p>&quot;\u00bfPor qu\u00e9 est\u00e1s llorando? \u00bbPregunt\u00f3 el Creador.<\/p><p>&quot;Un \u00e1rbol ha aplastado mi hermosa cola&quot;, grit\u00f3 el castor.<br \/>\u201cAhora no agradar\u00e9 a nadie. &quot;<\/p><p>El Creador le dijo que un castor no es del agrado de su cola pero<br \/>por su bondad y sabidur\u00eda. Tambi\u00e9n le dijo c\u00f3mo usar su piso.<br \/>cola. &quot;Ahora tu cola te ayudar\u00e1 a nadar r\u00e1pidamente&quot;, dijo el<br \/>Creador dijo. &quot;Y cuando quieras enviar un mensaje a un amigo,<br \/>todo lo que tienes que hacer es dar una palmada en el agua. &quot;<\/p><p>Escuchar esto hizo feliz al castor de nuevo. Cuando los animales vieron<br \/>\u00a1Su cola aplastada se sorprendieron! Pero el castor dijo: &quot;Es<br \/>mejor de esta forma. &quot;<\/p><p>A partir de ese d\u00eda, el castor nunca se jact\u00f3 de su cola, y<br \/>le agradaba a todos los animales.<\/p><p>As\u00ed es como el castor consigui\u00f3 su cola plana.<\/p>\t\t\t\t\t\t\t\t<\/div>\n\t\t\t\t<\/div>\n\t\t\t\t\t<\/div>\n\t\t<\/div>\n\t\t\t\t\t<\/div>\n\t\t<\/section>\n\t\t\t\t<\/div>","protected":false},"excerpt":{"rendered":"<p>Anishinabe Mythology Wiki El t\u00e9rmino Ojibwe proviene de Outchibou, un nombre dado en el siglo XVII a un grupo que viv\u00eda en \u2026 <\/p>","protected":false},"author":1,"featured_media":0,"parent":3405,"menu_order":0,"comment_status":"closed","ping_status":"closed","template":"","meta":{"footnotes":""},"class_list":["post-15224","page","type-page","status-publish","hentry"],"amp_enabled":true,"_links":{"self":[{"href":"https:\/\/mythslegendes.com\/es\/wp-json\/wp\/v2\/pages\/15224","targetHints":{"allow":["GET"]}}],"collection":[{"href":"https:\/\/mythslegendes.com\/es\/wp-json\/wp\/v2\/pages"}],"about":[{"href":"https:\/\/mythslegendes.com\/es\/wp-json\/wp\/v2\/types\/page"}],"author":[{"embeddable":true,"href":"https:\/\/mythslegendes.com\/es\/wp-json\/wp\/v2\/users\/1"}],"replies":[{"embeddable":true,"href":"https:\/\/mythslegendes.com\/es\/wp-json\/wp\/v2\/comments?post=15224"}],"version-history":[{"count":1,"href":"https:\/\/mythslegendes.com\/es\/wp-json\/wp\/v2\/pages\/15224\/revisions"}],"predecessor-version":[{"id":25286,"href":"https:\/\/mythslegendes.com\/es\/wp-json\/wp\/v2\/pages\/15224\/revisions\/25286"}],"up":[{"embeddable":true,"href":"https:\/\/mythslegendes.com\/es\/wp-json\/wp\/v2\/pages\/3405"}],"wp:attachment":[{"href":"https:\/\/mythslegendes.com\/es\/wp-json\/wp\/v2\/media?parent=15224"}],"curies":[{"name":"wp","href":"https:\/\/api.w.org\/{rel}","templated":true}]}}