{"id":15243,"date":"2021-11-13T20:36:40","date_gmt":"2021-11-13T20:36:40","guid":{"rendered":"https:\/\/mythslegendes.com\/?page_id=15243"},"modified":"2022-12-03T22:12:13","modified_gmt":"2022-12-03T22:12:13","slug":"how-the-rabbit-lost-his-tail-7","status":"publish","type":"page","link":"https:\/\/mythslegendes.com\/es\/mitologia-anichinabianos\/como-el-conejo-perdio-la-cola-7\/","title":{"rendered":"Tale Ojibw\u00e9: C\u00f3mo el conejo perdi\u00f3 la cola"},"content":{"rendered":"<div data-elementor-type=\"wp-page\" data-elementor-id=\"15243\" class=\"elementor elementor-15243\">\n\t\t\t\t\t\t<section class=\"elementor-section elementor-top-section elementor-element elementor-element-f143491 elementor-section-boxed elementor-section-height-default elementor-section-height-default\" data-id=\"f143491\" data-element_type=\"section\" data-e-type=\"section\">\n\t\t\t\t\t\t<div class=\"elementor-container elementor-column-gap-default\">\n\t\t\t\t\t<div class=\"elementor-column elementor-col-50 elementor-top-column elementor-element elementor-element-594fd9d\" data-id=\"594fd9d\" data-element_type=\"column\" data-e-type=\"column\">\n\t\t\t<div class=\"elementor-widget-wrap elementor-element-populated\">\n\t\t\t\t\t\t<div class=\"elementor-element elementor-element-4dcc010 elementor-align-justify elementor-widget elementor-widget-button\" data-id=\"4dcc010\" data-element_type=\"widget\" data-e-type=\"widget\" data-widget_type=\"button.default\">\n\t\t\t\t<div class=\"elementor-widget-container\">\n\t\t\t\t\t\t\t\t\t<div class=\"elementor-button-wrapper\">\n\t\t\t\t\t<a class=\"elementor-button elementor-button-link elementor-size-sm\" href=\"https:\/\/mythslegendes.com\/es\/mitologia-anichinabianos\/\">\n\t\t\t\t\t\t<span class=\"elementor-button-content-wrapper\">\n\t\t\t\t\t\t\t\t\t<span class=\"elementor-button-text\">Mitolog\u00eda anichinabe<\/span>\n\t\t\t\t\t<\/span>\n\t\t\t\t\t<\/a>\n\t\t\t\t<\/div>\n\t\t\t\t\t\t\t\t<\/div>\n\t\t\t\t<\/div>\n\t\t\t\t\t<\/div>\n\t\t<\/div>\n\t\t\t\t<div class=\"elementor-column elementor-col-50 elementor-top-column elementor-element elementor-element-d680ccd\" data-id=\"d680ccd\" data-element_type=\"column\" data-e-type=\"column\">\n\t\t\t<div class=\"elementor-widget-wrap elementor-element-populated\">\n\t\t\t\t\t\t<div class=\"elementor-element elementor-element-e6f4b42 elementor-align-justify elementor-widget elementor-widget-button\" data-id=\"e6f4b42\" data-element_type=\"widget\" data-e-type=\"widget\" data-widget_type=\"button.default\">\n\t\t\t\t<div class=\"elementor-widget-container\">\n\t\t\t\t\t\t\t\t\t<div class=\"elementor-button-wrapper\">\n\t\t\t\t\t<a class=\"elementor-button elementor-button-link elementor-size-sm\" href=\"https:\/\/www.thecanadianencyclopedia.ca\/fr\/article\/ojibwes\" target=\"_blank\" rel=\"noopener\">\n\t\t\t\t\t\t<span class=\"elementor-button-content-wrapper\">\n\t\t\t\t\t\t\t\t\t<span class=\"elementor-button-text\">Wiki<\/span>\n\t\t\t\t\t<\/span>\n\t\t\t\t\t<\/a>\n\t\t\t\t<\/div>\n\t\t\t\t\t\t\t\t<\/div>\n\t\t\t\t<\/div>\n\t\t\t\t\t<\/div>\n\t\t<\/div>\n\t\t\t\t\t<\/div>\n\t\t<\/section>\n\t\t\t\t<section class=\"elementor-section elementor-top-section elementor-element elementor-element-04e4353 elementor-section-boxed elementor-section-height-default elementor-section-height-default\" data-id=\"04e4353\" data-element_type=\"section\" data-e-type=\"section\">\n\t\t\t\t\t\t<div class=\"elementor-container elementor-column-gap-default\">\n\t\t\t\t\t<div class=\"elementor-column elementor-col-100 elementor-top-column elementor-element elementor-element-006cd98\" data-id=\"006cd98\" data-element_type=\"column\" data-e-type=\"column\">\n\t\t\t<div class=\"elementor-widget-wrap elementor-element-populated\">\n\t\t\t\t\t\t<div class=\"elementor-element elementor-element-6160c0c elementor-widget elementor-widget-text-editor\" data-id=\"6160c0c\" data-element_type=\"widget\" data-e-type=\"widget\" data-widget_type=\"text-editor.default\">\n\t\t\t\t<div class=\"elementor-widget-container\">\n\t\t\t\t\t\t\t\t\t<p>El t\u00e9rmino Ojibwe proviene de <em>Utchibou<\/em>, nombre dado al XVII<sup>mi<\/sup> siglo a un grupo que viv\u00eda al norte de lo que ahora es Sault Ste. Marie, Ontario. Aqu\u00ed hay uno de su relato: C\u00f3mo el conejo perdi\u00f3 la cola.<\/p><p>los <a href=\"https:\/\/mythslegendes.com\/es\/mitologia-anichinabianos\/\">Ojibway<\/a> formaban parte de una serie de grupos muy cercanos, pero distintos, que ocupaban un territorio ubicado entre el noreste de la bah\u00eda <a href=\"https:\/\/mythslegendes.com\/es\/mitologia-georgiana\/\">georgiano<\/a> y el este del Lago Superior. Estos pueblos que se reunieron cerca de la actual Sault Ste. Mar\u00eda tambi\u00e9n se llaman <a href=\"https:\/\/mythslegendes.com\/es\/mitologia-anichinabianos\/\">Saulteaux<\/a>, un t\u00e9rmino que hoy se refiere principalmente a los pueblos Ojibway del noroeste de Ontario y el sureste de Manitoba.<\/p><p><img decoding=\"async\" class=\"alignnone wp-image-9347 size-full\" src=\"https:\/\/mythslegendes.com\/wp-content\/uploads\/2020\/09\/cropped-AlphaOmega-e1602613368367.png\" alt=\"Ojibwe C\u00f3mo el conejo perdi\u00f3 la cola\" width=\"25\" height=\"25\" title=\"\"><\/p>\t\t\t\t\t\t\t\t<\/div>\n\t\t\t\t<\/div>\n\t\t\t\t\t<\/div>\n\t\t<\/div>\n\t\t\t\t\t<\/div>\n\t\t<\/section>\n\t\t\t\t<section class=\"elementor-section elementor-top-section elementor-element elementor-element-24869a7 elementor-section-boxed elementor-section-height-default elementor-section-height-default\" data-id=\"24869a7\" data-element_type=\"section\" data-e-type=\"section\">\n\t\t\t\t\t\t<div class=\"elementor-container elementor-column-gap-default\">\n\t\t\t\t\t<div class=\"elementor-column elementor-col-100 elementor-top-column elementor-element elementor-element-a8602b3\" data-id=\"a8602b3\" data-element_type=\"column\" data-e-type=\"column\">\n\t\t\t<div class=\"elementor-widget-wrap elementor-element-populated\">\n\t\t\t\t\t\t<div class=\"elementor-element elementor-element-9b4b316 elementor-widget elementor-widget-heading\" data-id=\"9b4b316\" data-element_type=\"widget\" data-e-type=\"widget\" data-widget_type=\"heading.default\">\n\t\t\t\t<div class=\"elementor-widget-container\">\n\t\t\t\t\t<div id=\"ez-toc-container\" class=\"ez-toc-v2_0_82_2 counter-hierarchy ez-toc-counter ez-toc-grey ez-toc-container-direction\">\n<div class=\"ez-toc-title-container\">\n<p class=\"ez-toc-title\" style=\"cursor:inherit\">Contenido<\/p>\n<span class=\"ez-toc-title-toggle\"><a href=\"#\" class=\"ez-toc-pull-right ez-toc-btn ez-toc-btn-xs ez-toc-btn-default ez-toc-toggle\" aria-label=\"Alternar tabla de contenidos\"><span class=\"ez-toc-js-icon-con\"><span class=\"\"><span class=\"eztoc-hide\" style=\"display:none;\">Palanca<\/span><span class=\"ez-toc-icon-toggle-span\"><svg style=\"fill: #999;color:#999\" xmlns=\"http:\/\/www.w3.org\/2000\/svg\" class=\"list-377408\" width=\"20px\" height=\"20px\" viewbox=\"0 0 24 24\" fill=\"none\"><path d=\"M6 6H4v2h2V6zm14 0H8v2h12V6zM4 11h2v2H4v-2zm16 0H8v2h12v-2zM4 16h2v2H4v-2zm16 0H8v2h12v-2z\" fill=\"currentColor\"><\/path><\/svg><svg style=\"fill: #999;color:#999\" class=\"arrow-unsorted-368013\" xmlns=\"http:\/\/www.w3.org\/2000\/svg\" width=\"10px\" height=\"10px\" viewbox=\"0 0 24 24\" version=\"1.2\" baseprofile=\"tiny\"><path d=\"M18.2 9.3l-6.2-6.3-6.2 6.3c-.2.2-.3.4-.3.7s.1.5.3.7c.2.2.4.3.7.3h11c.3 0 .5-.1.7-.3.2-.2.3-.5.3-.7s-.1-.5-.3-.7zM5.8 14.7l6.2 6.3 6.2-6.3c.2-.2.3-.5.3-.7s-.1-.5-.3-.7c-.2-.2-.4-.3-.7-.3h-11c-.3 0-.5.1-.7.3-.2.2-.3.5-.3.7s.1.5.3.7z\"\/><\/svg><\/span><\/span><\/span><\/a><\/span><\/div>\n<nav><ul class='ez-toc-list ez-toc-list-level-1' ><li class='ez-toc-page-1 ez-toc-heading-level-2'><a class=\"ez-toc-link ez-toc-heading-1\" href=\"https:\/\/mythslegendes.com\/es\/mitologia-anichinabianos\/como-el-conejo-perdio-la-cola-7\/#How-the-Rabbit-lost-his-tail\" >C\u00f3mo el Conejo perdi\u00f3 la cola<\/a><\/li><\/ul><\/nav><\/div>\n<h2 class=\"elementor-heading-title elementor-size-default\"><span class=\"ez-toc-section\" id=\"How-the-Rabbit-lost-his-tail\"><\/span>C\u00f3mo el Conejo perdi\u00f3 la cola<span class=\"ez-toc-section-end\"><\/span><\/h2>\t\t\t\t<\/div>\n\t\t\t\t<\/div>\n\t\t\t\t\t<\/div>\n\t\t<\/div>\n\t\t\t\t\t<\/div>\n\t\t<\/section>\n\t\t\t\t<section class=\"elementor-section elementor-top-section elementor-element elementor-element-8be9e07 elementor-section-boxed elementor-section-height-default elementor-section-height-default\" data-id=\"8be9e07\" data-element_type=\"section\" data-e-type=\"section\">\n\t\t\t\t\t\t<div class=\"elementor-container elementor-column-gap-default\">\n\t\t\t\t\t<div class=\"elementor-column elementor-col-100 elementor-top-column elementor-element elementor-element-45fcf3b\" data-id=\"45fcf3b\" data-element_type=\"column\" data-e-type=\"column\">\n\t\t\t<div class=\"elementor-widget-wrap elementor-element-populated\">\n\t\t\t\t\t\t<div class=\"elementor-element elementor-element-fc254e2 elementor-widget elementor-widget-text-editor\" data-id=\"fc254e2\" data-element_type=\"widget\" data-e-type=\"widget\" data-widget_type=\"text-editor.default\">\n\t\t\t\t<div class=\"elementor-widget-container\">\n\t\t\t\t\t\t\t\t\t<p>Hab\u00e9is o\u00eddo c\u00f3mo Glooscap lleg\u00f3 a gobernar sobre el <a href=\"https:\/\/mythslegendes.com\/es\/mitologia-wabanaki\/\">Wabanaki<\/a> y<br \/>c\u00f3mo hizo los animales, y c\u00f3mo al principio algunos de ellos eran traicioneros<br \/>y desobediente. Con el tiempo, sin embargo, otorg\u00f3 puestos de honor a aquellos<br \/>en quien pod\u00eda confiar, y estaban orgullosos de ser los sirvientes de Glooscap.<br \/>Dos perros se convirtieron en sus vigilantes, y el somorgujo su mensajero y chismoso.<br \/>Y, porque el conejo ten\u00eda el coraz\u00f3n m\u00e1s bondadoso de todos los animales<br \/>en el bosque, Glooscap nombr\u00f3 a Ableegumooch su gu\u00eda forestal.<\/p><p>Ahora bien, en esos das Ableegumooch el Conejo era un muy diferente<br \/>animal de lo que es hoy. Su cuerpo era grande y redondo, sus piernas<br \/>eran rectos y uniformes, y ten\u00eda una cola larga y tupida. El podria correr<br \/>y caminar como otros animales, no con un salto-salto-salto como lo hace hoy.<\/p><p>Un d\u00eda de primavera, cuando los bosques estaban alfombrados de flores estrella<br \/>y lirios del valle, y los helechos llegaban hasta la cintura, Ableegumooch<br \/>yac\u00eda descansando junto a un tronco ca\u00eddo. Al escuchar un crujido en el camino,<br \/>mir\u00f3 alrededor de su tronco para ver qui\u00e9n ven\u00eda. Fue Uskool el Pescador,<br \/>un animal grande de la tribu de las comadrejas, y estaba llorando.<\/p><p>&quot;\u00bfQu\u00e9 le pasa?&quot;, Se pregunt\u00f3 el conejo, que<br \/>era curioso y bondadoso. Asom\u00f3 la cabeza hacia arriba<br \/>el tronco y Uskool casi saltan de su pelaje por la sorpresa. &quot;Su<br \/>s\u00f3lo yo - Ableegumooch, \u201ddijo el conejo. &quot;Te importa<br \/>diciendome porque estas llorando &quot;<\/p><p>&quot;Oh, saludos, Ableegumooch&quot;, suspir\u00f3 Uskool, cuando<br \/>se hab\u00eda recuperado de su susto. \u201cVoy a mi boda. &quot;<\/p><p>&quot;\u00bfY eso te hace llorar? \u00bbPregunt\u00f3 el conejo at\u00f3nito.<\/p><p>\u201cPor supuesto que no\u201d, dijo Uskool. &quot;Estoy perdido,<br \/>ese es el problema. &quot;<\/p><p>&quot;Bueno, t\u00f3mate tu tiempo&quot;, dijo el conejo con sensatez.<br \/>\u201cY pronto lo encontrar\u00e1s de nuevo. &quot;<\/p><p>&quot;Pero no tengo tiempo que perder&quot;, se quej\u00f3 el pescador. &quot;Mi<br \/>futuro suegro ha jurado que si no llego a la boda<br \/>al atardecer de hoy, casar\u00e1 a su hija con Kakakooch el Cuervo.<br \/>\u00a1Y mira, ya el sol est\u00e1 bajo en el cielo! &quot;<\/p><p>&quot;En ese caso&quot;, dijo Ableegumooch, &quot;ser\u00e1 mejor que muestre<br \/>t\u00fa el camino. \u00bfAd\u00f3nde vas? &quot;<\/p><p>&quot;A un pueblo llamado Wilnech&quot;, dijo Uskool con entusiasmo, &quot;cerca de<br \/>el recodo del r\u00edo! &quot;<\/p><p>\u201cLo s\u00e9 bien\u201d, dijo el conejo. &quot;S\u00f3lo s\u00edgueme. &quot;<\/p><p>&quot;Gracias, Ableegumooch&quot;, grit\u00f3 el pescador feliz. &quot;Ahora<br \/>Me asegurar\u00e9 de llegar a tiempo. &quot;<\/p><p>As\u00ed que se fueron de viaje. Uskool, que no fue muy r\u00e1pido<br \/>en el suelo, al estar m\u00e1s acostumbrado a viajar en los \u00e1rboles, se mov\u00eda lentamente.<\/p><p>&quot;Adelante&quot;, le dijo al conejo impaciente, &quot;y<br \/>Lo seguir\u00e9 tan r\u00e1pido como pueda. &quot;<\/p><p>De modo que Ableegumooch se adelant\u00f3 y, a veces, todo Uskool pod\u00eda ver de<br \/>\u00e9l era su cola larga y tupida que se mov\u00eda a trav\u00e9s de los \u00e1rboles. Y asi fue<br \/>ese Uskool, mirando hacia adelante y sin mirar por donde pisaba,<br \/>cay\u00f3 de repente de cabeza en un pozo profundo.<\/p><p>Sus gritos pronto hicieron que Ableegumooch volviera corriendo, y al ver la<br \/>El problema del pescador, grit\u00f3 alegremente: &quot;No importa. voy a<br \/>sacarte. &quot;<\/p><p>Dej\u00f3 que su larga cola colgara dentro del pozo.<\/p><p>Ag\u00e1rrate y ag\u00e1rrate fuerte mientras yo tiro. &quot;<\/p><p>Uskool se aferr\u00f3 a la cola del conejo y Ableegumooch se esforz\u00f3<br \/>poderosamente para levantarlo. Por desgracia, el peso del pescador era demasiado<br \/>estupendo. Con un fuerte chasquido, la cola del conejo se rompi\u00f3, dentro<br \/>una pulgada de la ra\u00edz, y all\u00ed estaba el pobre Ableegumooch con apenas<br \/>cualquier cola en absoluto!<\/p><p>Ahora pensar\u00edas que esto podr\u00eda haber desanimado al conejo.<br \/>de ayudar a Uskool, pero no es as\u00ed. Cuando Ableegumooch tom\u00f3 una decisi\u00f3n<br \/>hacer algo por alguien, lo hizo. Aferr\u00e1ndose a un \u00e1rbol robusto<br \/>con sus patas delanteras, baj\u00f3 su parte trasera en el hoyo.<\/p><p>\u201cSuj\u00e9tame por las piernas\u201d, grit\u00f3, \u201cy ag\u00e1rrate fuerte.<br \/>Pronto te sacar\u00e9. &quot;<\/p><p>Ableegumooch tir\u00f3 y tir\u00f3 hasta que su cintura se estir\u00f3<br \/>delgado, y pod\u00eda sentir sus patas traseras estir\u00e1ndose y estir\u00e1ndose.<br \/>y pronto temi\u00f3 perderlos tambi\u00e9n. Pero al fin, al igual que<br \/>pens\u00f3 que deb\u00eda rendirse, la cabeza del pescador se elev\u00f3 por encima del borde<br \/>del pozo y se apresur\u00f3 a ponerse a salvo.<\/p><p>&quot;\u00a1Bien! \u00bbDijo el conejo mientras se sentaba para recuperar el aliento.<br \/>&quot;Mi cintura no es tan redonda como antes, y mis patas traseras parecen un<br \/>un poco m\u00e1s de lo que eran. Creo que har\u00e1 que caminar sea bastante dif\u00edcil. &quot;<\/p><p>Y efectivamente lo hizo. Cuando el conejo trat\u00f3 de caminar, cay\u00f3<br \/>patas arriba. Finalmente, para llevarse bien, tuvo que saltar.<\/p><p>&quot;Oh, bueno&quot;, dijo el conejo, &quot;saltar es mejor<br \/>que nada &quot;, y despu\u00e9s de un poco de pr\u00e1ctica, descubri\u00f3 que pod\u00eda<br \/>salta bastante r\u00e1pido. Y as\u00ed se apresuraron a atravesar el bosque.<\/p><p>Por fin, justo antes de que el sol tocara el borde de los \u00e1rboles,<br \/>lleg\u00f3 a la aldea de la novia. Todos los pescadores estaban reunidos, esperando,<br \/>y sonrieron y vitorearon al ver a Uskool y su gu\u00eda, todos<br \/>\u00a1pero Kakakooch el Cuervo, que estaba lejos de estar contento de verlos! De hecho,<br \/>tan pronto como vio a Uskool tomar la mano de la novia, sali\u00f3 volando de la<br \/>pueblo de mal genio, y nunca regres\u00f3 de nuevo. Pero nadie se preocupaba por \u00e9l.<\/p><p>Ableegumooch fue el invitado m\u00e1s bienvenido a la boda cuando Uskool<br \/>les cont\u00f3 a los otros pescadores lo que hab\u00eda hecho. Todo era fiesta y alegr\u00eda,<br \/>y el conejo bail\u00f3 con la novia con tanta fuerza que se cay\u00f3 en una zarza<br \/>Bush y rasg\u00f3 su vestido. Ella estaba en un estado terrible cuando encontr\u00f3<br \/>ella no estaba en condiciones de ser vista en compa\u00f1\u00eda, y corri\u00f3 a esconderse detr\u00e1s de un<br \/>\u00e1rbol. El conejo lo lamentaba much\u00edsimo y quer\u00eda ayudarla, as\u00ed que<br \/>salt\u00f3 para conseguir una piel de carib\u00fa que hab\u00eda visto secarse al sol,<br \/>e hizo un vestido nuevo para la novia.<\/p><p>&quot;Debes tener un cintur\u00f3n fino para acompa\u00f1arlo&quot;, dijo.<br \/>y cort\u00f3 una tira fina al final de la piel. Luego puso uno<br \/>extremo de la tira en su boca y sostuvo el otro extremo con su frente<br \/>patas, torciendo la tira en un elegante cord\u00f3n. Se retorci\u00f3 y retorci\u00f3,<br \/>y lo retorci\u00f3 con tanta fuerza que el cord\u00f3n se le sali\u00f3 de los dientes y<br \/>\u00a1Se parti\u00f3 el labio superior hasta la nariz! Y ahora ves por qu\u00e9<br \/>es que los conejos tienen labios de liebre!<\/p><p>&quot;No importa&quot;, dijo Ableegumooch, cuando la novia llor\u00f3.<br \/>ante su percance, &quot;no se puede evitar&quot;, y le dio la<br \/>cord\u00f3n tal como estaba, para atar alrededor de su cintura.<\/p><p>&quot;Espera aqu\u00ed&quot;, dijo la novia, y sali\u00f3 corriendo. En<br \/>un momento ella estaba de regreso, llevando un hermoso abrigo de piel blanco.<\/p><p>&quot;Esto es para ti&quot;, dijo t\u00edmidamente. &quot;Es el color<br \/>de la nieve, por lo que si lo usas en invierno, tus enemigos no<br \/>poder verte. &quot;<\/p><p>Ableegumooch estaba encantado con su regalo y prometi\u00f3 no<br \/>P\u00f3ntelo hasta que caiga la nieve, ya que su abrigo marr\u00f3n lo esconder\u00eda mejor<br \/>en verano. La boda hab\u00eda terminado y se despidi\u00f3 de Uskool.<br \/>y la novia, y partimos hacia casa.<\/p><p>Ahora sucedi\u00f3 que antes de haber ido lejos, lleg\u00f3 a un peque\u00f1o<br \/>piscina en el bosque, tan suave que parec\u00eda un espejo. Mirando hacia<br \/>\u00e9l, el conejo se vio a s\u00ed mismo por primera vez desde sus accidentes,<br \/>y estaba horrorizado. \u00bfEra este \u00e9l, esta criatura con el labio partido, el<br \/>patas traseras estiradas fuera de forma y una cola como una gota de plum\u00f3n?<\/p><p>&quot;Oh cielos, oh cielos&quot;, solloz\u00f3 Ableegumooch, &quot;\u00bfc\u00f3mo se puede<br \/>\u00bfMe enfrento a mis amigos con este aspecto? \u00bbEntonces, en su miseria,<br \/>record\u00f3 a Glooscap, su Maestro. \u201c\u00a1Oh Maestro! Mira lo que tiene<br \/>le pas\u00f3 a tu pobre gu\u00eda. Ya no soy apto para que me vean, excepto<br \/>para reirse. Por favor, devu\u00e9lvame a mi forma anterior. &quot;<\/p><p>En lo alto de Blomidon, Glooscap escuch\u00f3 al conejo y se acerc\u00f3 a zancadas.<br \/>bajar de su caba\u00f1a para ver qu\u00e9 estaba mal. Cuando vio al pobre Ableegumooch,<br \/>todo fuera de forma, ten\u00eda todo lo que pod\u00eda hacer para evitar re\u00edrse,<br \/>aunque, por supuesto, mantuvo el rostro sobrio para no herir los sentimientos del conejo.<\/p><p>&quot;Vamos&quot;, dijo, &quot;las cosas pueden no estar tan mal como<br \/>Crees. \u00bfSabes cu\u00e1nto te gusta el tr\u00e9bol, Ableegumooch? &quot;<\/p><p>El conejo asinti\u00f3 lastimeramente.<\/p><p>\u201cY sabes lo dif\u00edcil que es encontrarlo. Bueno, con tanto tiempo<br \/>hendido en el labio, podr\u00e1 oler el tr\u00e9bol incluso cuando est\u00e9 a kil\u00f3metros de distancia. &quot;<\/p><p>&quot;Eso est\u00e1 bien&quot;, dijo el conejo, anim\u00e1ndose un poco,<br \/>&quot;Pero es muy inc\u00f3modo tener que saltar a todos lados. &quot;<\/p><p>&quot;Quiz\u00e1s, por un tiempo&quot;, dijo Glooscap, &quot;pero has<br \/>\u00bfTe diste cuenta de lo r\u00e1pido que saltas de lo que sol\u00edas correr? &quot;<\/p><p>El conejo dio un peque\u00f1o salto, y uno o dos saltos, solo para ver.<\/p><p>\u201c\u00a1Por qu\u00e9 creo que tienes raz\u00f3n! \u00bbLlor\u00f3, pero luego su<br \/>la cara cay\u00f3 de nuevo. \u201c\u00a1Pero mi cola, Maestro! Me importa que la mayor parte de<br \/>todo. Estaba tan orgulloso de eso. &quot;<\/p><p>&quot;Sin duda era una cola hermosa&quot;, admiti\u00f3 el Gran<br \/>Jefe, \u201cpero recuerde c\u00f3mo sol\u00eda atrapar espinas y zarzas. &quot;<\/p><p>&quot;\u00a1Eso es cierto! &quot;Grit\u00f3 el conejo, emocionado&quot;, y<br \/>\u00a1Fue muy inc\u00f3modo cuando Wokwes el Zorro me persegu\u00eda! Ahora puedo<br \/>\u00a1Desl\u00edzate por los lugares m\u00e1s estrechos sin ning\u00fan problema! &quot;<br \/>Y se ri\u00f3 de alegr\u00eda. &quot;\u00bfPor qu\u00e9? Con mis piernas nuevas, mi hendidura<br \/>labio, y sin mi larga y fastidiosa cola, \u00a1soy mejor conejo que antes! &quot;<\/p><p>&quot;\u00a1Entonces t\u00fa eres! \u00bbDijo Glooscap, y al fin pudo<br \/>re\u00edr. Cuando Glooscap se r\u00ede de buena gana, la tierra tiembla y el<br \/>los \u00e1rboles se inclinan, por lo que el conejo tuvo que agarrarse con fuerza a un \u00e1rbol<br \/>para evitar ser atropellado. \u201c\u00a1As\u00ed que lo eres! Glooscap ri\u00f3.<\/p><p>Y es por eso que el conejo y los hijos del conejo, y sus hijos<br \/>Los ni\u00f1os han tenido, desde ese d\u00eda, un peque\u00f1o corte blanco de un<br \/>cola, labio leporino y largas patas traseras en las que pueden saltar todos<br \/>d\u00eda y no te canses nunca. Y desde entonces, tambi\u00e9n, en invierno, los conejos visten batas blancas.<\/p><p>Y as\u00ed, kespeadooksit - termina la historia.<\/p>\t\t\t\t\t\t\t\t<\/div>\n\t\t\t\t<\/div>\n\t\t\t\t\t<\/div>\n\t\t<\/div>\n\t\t\t\t\t<\/div>\n\t\t<\/section>\n\t\t\t\t<\/div>","protected":false},"excerpt":{"rendered":"<p>Anishinabe Mythology Wiki El t\u00e9rmino Ojibwe proviene de Outchibou, un nombre dado en el siglo XVII a un grupo que viv\u00eda en \u2026 <\/p>","protected":false},"author":1,"featured_media":0,"parent":3405,"menu_order":0,"comment_status":"closed","ping_status":"closed","template":"","meta":{"footnotes":""},"class_list":["post-15243","page","type-page","status-publish","hentry"],"amp_enabled":true,"_links":{"self":[{"href":"https:\/\/mythslegendes.com\/es\/wp-json\/wp\/v2\/pages\/15243","targetHints":{"allow":["GET"]}}],"collection":[{"href":"https:\/\/mythslegendes.com\/es\/wp-json\/wp\/v2\/pages"}],"about":[{"href":"https:\/\/mythslegendes.com\/es\/wp-json\/wp\/v2\/types\/page"}],"author":[{"embeddable":true,"href":"https:\/\/mythslegendes.com\/es\/wp-json\/wp\/v2\/users\/1"}],"replies":[{"embeddable":true,"href":"https:\/\/mythslegendes.com\/es\/wp-json\/wp\/v2\/comments?post=15243"}],"version-history":[{"count":1,"href":"https:\/\/mythslegendes.com\/es\/wp-json\/wp\/v2\/pages\/15243\/revisions"}],"predecessor-version":[{"id":25288,"href":"https:\/\/mythslegendes.com\/es\/wp-json\/wp\/v2\/pages\/15243\/revisions\/25288"}],"up":[{"embeddable":true,"href":"https:\/\/mythslegendes.com\/es\/wp-json\/wp\/v2\/pages\/3405"}],"wp:attachment":[{"href":"https:\/\/mythslegendes.com\/es\/wp-json\/wp\/v2\/media?parent=15243"}],"curies":[{"name":"wp","href":"https:\/\/api.w.org\/{rel}","templated":true}]}}