{"id":15280,"date":"2021-11-14T13:30:03","date_gmt":"2021-11-14T13:30:03","guid":{"rendered":"https:\/\/mythslegendes.com\/?page_id=15280"},"modified":"2022-12-03T22:12:13","modified_gmt":"2022-12-03T22:12:13","slug":"conte-okibwe-jingle-dress-origin-5","status":"publish","type":"page","link":"https:\/\/mythslegendes.com\/es\/mitologia-anichinabianos\/cuento-okibwe-jingle-vestido-origen-5\/","title":{"rendered":"Cuento de Okibwa: origen del vestido jingle"},"content":{"rendered":"<div data-elementor-type=\"wp-page\" data-elementor-id=\"15280\" class=\"elementor elementor-15280\">\n\t\t\t\t\t\t<section class=\"elementor-section elementor-top-section elementor-element elementor-element-a277491 elementor-section-boxed elementor-section-height-default elementor-section-height-default\" data-id=\"a277491\" data-element_type=\"section\" data-e-type=\"section\">\n\t\t\t\t\t\t<div class=\"elementor-container elementor-column-gap-default\">\n\t\t\t\t\t<div class=\"elementor-column elementor-col-50 elementor-top-column elementor-element elementor-element-72bb818\" data-id=\"72bb818\" data-element_type=\"column\" data-e-type=\"column\">\n\t\t\t<div class=\"elementor-widget-wrap elementor-element-populated\">\n\t\t\t\t\t\t<div class=\"elementor-element elementor-element-7e8f68e elementor-align-justify elementor-widget elementor-widget-button\" data-id=\"7e8f68e\" data-element_type=\"widget\" data-e-type=\"widget\" data-widget_type=\"button.default\">\n\t\t\t\t<div class=\"elementor-widget-container\">\n\t\t\t\t\t\t\t\t\t<div class=\"elementor-button-wrapper\">\n\t\t\t\t\t<a class=\"elementor-button elementor-button-link elementor-size-sm\" href=\"https:\/\/mythslegendes.com\/es\/mitologia-anichinabianos\/\">\n\t\t\t\t\t\t<span class=\"elementor-button-content-wrapper\">\n\t\t\t\t\t\t\t\t\t<span class=\"elementor-button-text\">Mitolog\u00eda anichinabe<\/span>\n\t\t\t\t\t<\/span>\n\t\t\t\t\t<\/a>\n\t\t\t\t<\/div>\n\t\t\t\t\t\t\t\t<\/div>\n\t\t\t\t<\/div>\n\t\t\t\t\t<\/div>\n\t\t<\/div>\n\t\t\t\t<div class=\"elementor-column elementor-col-50 elementor-top-column elementor-element elementor-element-3c79d98\" data-id=\"3c79d98\" data-element_type=\"column\" data-e-type=\"column\">\n\t\t\t<div class=\"elementor-widget-wrap elementor-element-populated\">\n\t\t\t\t\t\t<div class=\"elementor-element elementor-element-77a9fed elementor-align-justify elementor-widget elementor-widget-button\" data-id=\"77a9fed\" data-element_type=\"widget\" data-e-type=\"widget\" data-widget_type=\"button.default\">\n\t\t\t\t<div class=\"elementor-widget-container\">\n\t\t\t\t\t\t\t\t\t<div class=\"elementor-button-wrapper\">\n\t\t\t\t\t<a class=\"elementor-button elementor-button-link elementor-size-sm\" href=\"https:\/\/www.thecanadianencyclopedia.ca\/fr\/article\/ojibwes\" target=\"_blank\" rel=\"noopener\">\n\t\t\t\t\t\t<span class=\"elementor-button-content-wrapper\">\n\t\t\t\t\t\t\t\t\t<span class=\"elementor-button-text\">Wiki<\/span>\n\t\t\t\t\t<\/span>\n\t\t\t\t\t<\/a>\n\t\t\t\t<\/div>\n\t\t\t\t\t\t\t\t<\/div>\n\t\t\t\t<\/div>\n\t\t\t\t\t<\/div>\n\t\t<\/div>\n\t\t\t\t\t<\/div>\n\t\t<\/section>\n\t\t\t\t<section class=\"elementor-section elementor-top-section elementor-element elementor-element-8bc8938 elementor-section-boxed elementor-section-height-default elementor-section-height-default\" data-id=\"8bc8938\" data-element_type=\"section\" data-e-type=\"section\">\n\t\t\t\t\t\t<div class=\"elementor-container elementor-column-gap-default\">\n\t\t\t\t\t<div class=\"elementor-column elementor-col-100 elementor-top-column elementor-element elementor-element-8720366\" data-id=\"8720366\" data-element_type=\"column\" data-e-type=\"column\">\n\t\t\t<div class=\"elementor-widget-wrap elementor-element-populated\">\n\t\t\t\t\t\t<div class=\"elementor-element elementor-element-3347006 elementor-widget elementor-widget-text-editor\" data-id=\"3347006\" data-element_type=\"widget\" data-e-type=\"widget\" data-widget_type=\"text-editor.default\">\n\t\t\t\t<div class=\"elementor-widget-container\">\n\t\t\t\t\t\t\t\t\t<p>El t\u00e9rmino Ojibwe proviene de <em>Utchibou<\/em>, nombre dado al XVII<sup>mi<\/sup> siglo a un grupo que viv\u00eda al norte de lo que ahora es Sault Ste. Marie, Ontario Aqu\u00ed est\u00e1 una de sus historias: Jingle Dress Origin.<\/p><p>los <a href=\"https:\/\/mythslegendes.com\/es\/mitologia-anichinabianos\/\">Ojibway<\/a> formaban parte de una serie de grupos muy cercanos, pero distintos, que ocupaban un territorio ubicado entre el noreste de la bah\u00eda <a href=\"https:\/\/mythslegendes.com\/es\/mitologia-georgiana\/\">georgiano<\/a> y el este del Lago Superior. Estos pueblos que se reunieron cerca de la actual Sault Ste. Mar\u00eda tambi\u00e9n se llaman <a href=\"https:\/\/mythslegendes.com\/es\/mitologia-anichinabianos\/\">Saulteaux<\/a>, un t\u00e9rmino que hoy se refiere principalmente a los pueblos Ojibway del noroeste de Ontario y el sureste de Manitoba.<\/p><p><img decoding=\"async\" class=\"alignnone wp-image-9347 size-full\" src=\"https:\/\/mythslegendes.com\/wp-content\/uploads\/2020\/09\/cropped-AlphaOmega-e1602613368367.png\" alt=\"Origen del vestido jingle ojibwa\" width=\"25\" height=\"25\" title=\"\"><\/p>\t\t\t\t\t\t\t\t<\/div>\n\t\t\t\t<\/div>\n\t\t\t\t\t<\/div>\n\t\t<\/div>\n\t\t\t\t\t<\/div>\n\t\t<\/section>\n\t\t\t\t<section class=\"elementor-section elementor-top-section elementor-element elementor-element-151616b elementor-section-boxed elementor-section-height-default elementor-section-height-default\" data-id=\"151616b\" data-element_type=\"section\" data-e-type=\"section\">\n\t\t\t\t\t\t<div class=\"elementor-container elementor-column-gap-default\">\n\t\t\t\t\t<div class=\"elementor-column elementor-col-100 elementor-top-column elementor-element elementor-element-74769e6\" data-id=\"74769e6\" data-element_type=\"column\" data-e-type=\"column\">\n\t\t\t<div class=\"elementor-widget-wrap elementor-element-populated\">\n\t\t\t\t\t\t<div class=\"elementor-element elementor-element-f84ec2e elementor-widget elementor-widget-heading\" data-id=\"f84ec2e\" data-element_type=\"widget\" data-e-type=\"widget\" data-widget_type=\"heading.default\">\n\t\t\t\t<div class=\"elementor-widget-container\">\n\t\t\t\t\t<div id=\"ez-toc-container\" class=\"ez-toc-v2_0_82_2 counter-hierarchy ez-toc-counter ez-toc-grey ez-toc-container-direction\">\n<div class=\"ez-toc-title-container\">\n<p class=\"ez-toc-title\" style=\"cursor:inherit\">Contenido<\/p>\n<span class=\"ez-toc-title-toggle\"><a href=\"#\" class=\"ez-toc-pull-right ez-toc-btn ez-toc-btn-xs ez-toc-btn-default ez-toc-toggle\" aria-label=\"Alternar tabla de contenidos\"><span class=\"ez-toc-js-icon-con\"><span class=\"\"><span class=\"eztoc-hide\" style=\"display:none;\">Palanca<\/span><span class=\"ez-toc-icon-toggle-span\"><svg style=\"fill: #999;color:#999\" xmlns=\"http:\/\/www.w3.org\/2000\/svg\" class=\"list-377408\" width=\"20px\" height=\"20px\" viewbox=\"0 0 24 24\" fill=\"none\"><path d=\"M6 6H4v2h2V6zm14 0H8v2h12V6zM4 11h2v2H4v-2zm16 0H8v2h12v-2zM4 16h2v2H4v-2zm16 0H8v2h12v-2z\" fill=\"currentColor\"><\/path><\/svg><svg style=\"fill: #999;color:#999\" class=\"arrow-unsorted-368013\" xmlns=\"http:\/\/www.w3.org\/2000\/svg\" width=\"10px\" height=\"10px\" viewbox=\"0 0 24 24\" version=\"1.2\" baseprofile=\"tiny\"><path d=\"M18.2 9.3l-6.2-6.3-6.2 6.3c-.2.2-.3.4-.3.7s.1.5.3.7c.2.2.4.3.7.3h11c.3 0 .5-.1.7-.3.2-.2.3-.5.3-.7s-.1-.5-.3-.7zM5.8 14.7l6.2 6.3 6.2-6.3c.2-.2.3-.5.3-.7s-.1-.5-.3-.7c-.2-.2-.4-.3-.7-.3h-11c-.3 0-.5.1-.7.3-.2.2-.3.5-.3.7s.1.5.3.7z\"\/><\/svg><\/span><\/span><\/span><\/a><\/span><\/div>\n<nav><ul class='ez-toc-list ez-toc-list-level-1' ><li class='ez-toc-page-1 ez-toc-heading-level-2'><a class=\"ez-toc-link ez-toc-heading-1\" href=\"https:\/\/mythslegendes.com\/es\/mitologia-anichinabianos\/cuento-okibwe-jingle-vestido-origen-5\/#Jingle-Dress-Origin\" >Origen del vestido de jingle<\/a><\/li><\/ul><\/nav><\/div>\n<h2 class=\"elementor-heading-title elementor-size-default\"><span class=\"ez-toc-section\" id=\"Jingle-Dress-Origin\"><\/span>Origen del vestido de jingle<span class=\"ez-toc-section-end\"><\/span><\/h2>\t\t\t\t<\/div>\n\t\t\t\t<\/div>\n\t\t\t\t\t<\/div>\n\t\t<\/div>\n\t\t\t\t\t<\/div>\n\t\t<\/section>\n\t\t\t\t<section class=\"elementor-section elementor-top-section elementor-element elementor-element-4dd4847 elementor-section-boxed elementor-section-height-default elementor-section-height-default\" data-id=\"4dd4847\" data-element_type=\"section\" data-e-type=\"section\">\n\t\t\t\t\t\t<div class=\"elementor-container elementor-column-gap-default\">\n\t\t\t\t\t<div class=\"elementor-column elementor-col-100 elementor-top-column elementor-element elementor-element-bdcf0f8\" data-id=\"bdcf0f8\" data-element_type=\"column\" data-e-type=\"column\">\n\t\t\t<div class=\"elementor-widget-wrap elementor-element-populated\">\n\t\t\t\t\t\t<div class=\"elementor-element elementor-element-b50bb62 elementor-widget elementor-widget-text-editor\" data-id=\"b50bb62\" data-element_type=\"widget\" data-e-type=\"widget\" data-widget_type=\"text-editor.default\">\n\t\t\t\t<div class=\"elementor-widget-container\">\n\t\t\t\t\t\t\t\t\t<p>Esta historia se transmiti\u00f3 de generaci\u00f3n en generaci\u00f3n en la Naci\u00f3n Ojibway.<br \/>y vino como una visi\u00f3n.<\/p><p>Un anciano ten\u00eda una hija que estaba muy enferma. or\u00f3 y<br \/>ofreci\u00f3 tabaco a su creador para que su hija se pusiera bien. Viendo<br \/>vino a \u00e9l para hacerle a su hija un vestido (un vestido tintineo) hecho de<br \/>jingles Ella iba a usar este vestido para estar bien.<\/p><p>En la Tribu Ojibway del \u00e1rea del Lago de los Bosques esto se llama<br \/>\u201cOdiizeoon\u201d. Eso significa que es algo dado a trav\u00e9s de<br \/>una visi\u00f3n para una persona en particular del mundo de los esp\u00edritus. Ellos eran<br \/>instruido para preparar una fiesta para el vestido para dar gracias al creador.<\/p><p>Este vestido tintineo es muy apreciado en la Naci\u00f3n Ojibway. Eso<br \/>es muy sagrado por su origen y por el fin que se le dio.<br \/>Debido a que fue entregado de esta manera, debe ser tratado con respeto.<\/p>\t\t\t\t\t\t\t\t<\/div>\n\t\t\t\t<\/div>\n\t\t\t\t\t<\/div>\n\t\t<\/div>\n\t\t\t\t\t<\/div>\n\t\t<\/section>\n\t\t\t\t<\/div>","protected":false},"excerpt":{"rendered":"<p>Anishinabe Mythology Wiki El t\u00e9rmino Ojibwe proviene de Outchibou, un nombre dado en el siglo XVII a un grupo que viv\u00eda en \u2026 <\/p>","protected":false},"author":1,"featured_media":0,"parent":3405,"menu_order":0,"comment_status":"closed","ping_status":"closed","template":"","meta":{"footnotes":""},"class_list":["post-15280","page","type-page","status-publish","hentry"],"amp_enabled":true,"_links":{"self":[{"href":"https:\/\/mythslegendes.com\/es\/wp-json\/wp\/v2\/pages\/15280","targetHints":{"allow":["GET"]}}],"collection":[{"href":"https:\/\/mythslegendes.com\/es\/wp-json\/wp\/v2\/pages"}],"about":[{"href":"https:\/\/mythslegendes.com\/es\/wp-json\/wp\/v2\/types\/page"}],"author":[{"embeddable":true,"href":"https:\/\/mythslegendes.com\/es\/wp-json\/wp\/v2\/users\/1"}],"replies":[{"embeddable":true,"href":"https:\/\/mythslegendes.com\/es\/wp-json\/wp\/v2\/comments?post=15280"}],"version-history":[{"count":1,"href":"https:\/\/mythslegendes.com\/es\/wp-json\/wp\/v2\/pages\/15280\/revisions"}],"predecessor-version":[{"id":25292,"href":"https:\/\/mythslegendes.com\/es\/wp-json\/wp\/v2\/pages\/15280\/revisions\/25292"}],"up":[{"embeddable":true,"href":"https:\/\/mythslegendes.com\/es\/wp-json\/wp\/v2\/pages\/3405"}],"wp:attachment":[{"href":"https:\/\/mythslegendes.com\/es\/wp-json\/wp\/v2\/media?parent=15280"}],"curies":[{"name":"wp","href":"https:\/\/api.w.org\/{rel}","templated":true}]}}