{"id":15299,"date":"2021-11-14T18:30:19","date_gmt":"2021-11-14T18:30:19","guid":{"rendered":"https:\/\/mythslegendes.com\/?page_id=15299"},"modified":"2022-12-03T22:12:14","modified_gmt":"2022-12-03T22:12:14","slug":"conte-ojibwe-northern-lights-54","status":"publish","type":"page","link":"https:\/\/mythslegendes.com\/es\/mitologia-anichinabianos\/cuento-ojibwe-auroras-boreales-54\/","title":{"rendered":"Historia ojibwe: auroras boreales"},"content":{"rendered":"<div data-elementor-type=\"wp-page\" data-elementor-id=\"15299\" class=\"elementor elementor-15299\">\n\t\t\t\t\t\t<section class=\"elementor-section elementor-top-section elementor-element elementor-element-4da9941 elementor-section-boxed elementor-section-height-default elementor-section-height-default\" data-id=\"4da9941\" data-element_type=\"section\" data-e-type=\"section\">\n\t\t\t\t\t\t<div class=\"elementor-container elementor-column-gap-default\">\n\t\t\t\t\t<div class=\"elementor-column elementor-col-50 elementor-top-column elementor-element elementor-element-fe29480\" data-id=\"fe29480\" data-element_type=\"column\" data-e-type=\"column\">\n\t\t\t<div class=\"elementor-widget-wrap elementor-element-populated\">\n\t\t\t\t\t\t<div class=\"elementor-element elementor-element-91510d0 elementor-align-justify elementor-widget elementor-widget-button\" data-id=\"91510d0\" data-element_type=\"widget\" data-e-type=\"widget\" data-widget_type=\"button.default\">\n\t\t\t\t<div class=\"elementor-widget-container\">\n\t\t\t\t\t\t\t\t\t<div class=\"elementor-button-wrapper\">\n\t\t\t\t\t<a class=\"elementor-button elementor-button-link elementor-size-sm\" href=\"https:\/\/mythslegendes.com\/es\/mitologia-anichinabianos\/\">\n\t\t\t\t\t\t<span class=\"elementor-button-content-wrapper\">\n\t\t\t\t\t\t\t\t\t<span class=\"elementor-button-text\">Mitolog\u00eda anichinabe<\/span>\n\t\t\t\t\t<\/span>\n\t\t\t\t\t<\/a>\n\t\t\t\t<\/div>\n\t\t\t\t\t\t\t\t<\/div>\n\t\t\t\t<\/div>\n\t\t\t\t\t<\/div>\n\t\t<\/div>\n\t\t\t\t<div class=\"elementor-column elementor-col-50 elementor-top-column elementor-element elementor-element-a820913\" data-id=\"a820913\" data-element_type=\"column\" data-e-type=\"column\">\n\t\t\t<div class=\"elementor-widget-wrap elementor-element-populated\">\n\t\t\t\t\t\t<div class=\"elementor-element elementor-element-8bac366 elementor-align-justify elementor-widget elementor-widget-button\" data-id=\"8bac366\" data-element_type=\"widget\" data-e-type=\"widget\" data-widget_type=\"button.default\">\n\t\t\t\t<div class=\"elementor-widget-container\">\n\t\t\t\t\t\t\t\t\t<div class=\"elementor-button-wrapper\">\n\t\t\t\t\t<a class=\"elementor-button elementor-button-link elementor-size-sm\" href=\"https:\/\/www.thecanadianencyclopedia.ca\/fr\/article\/ojibwes\" target=\"_blank\" rel=\"noopener\">\n\t\t\t\t\t\t<span class=\"elementor-button-content-wrapper\">\n\t\t\t\t\t\t\t\t\t<span class=\"elementor-button-text\">Wiki<\/span>\n\t\t\t\t\t<\/span>\n\t\t\t\t\t<\/a>\n\t\t\t\t<\/div>\n\t\t\t\t\t\t\t\t<\/div>\n\t\t\t\t<\/div>\n\t\t\t\t\t<\/div>\n\t\t<\/div>\n\t\t\t\t\t<\/div>\n\t\t<\/section>\n\t\t\t\t<section class=\"elementor-section elementor-top-section elementor-element elementor-element-7b21bdf elementor-section-boxed elementor-section-height-default elementor-section-height-default\" data-id=\"7b21bdf\" data-element_type=\"section\" data-e-type=\"section\">\n\t\t\t\t\t\t<div class=\"elementor-container elementor-column-gap-default\">\n\t\t\t\t\t<div class=\"elementor-column elementor-col-100 elementor-top-column elementor-element elementor-element-b962325\" data-id=\"b962325\" data-element_type=\"column\" data-e-type=\"column\">\n\t\t\t<div class=\"elementor-widget-wrap elementor-element-populated\">\n\t\t\t\t\t\t<div class=\"elementor-element elementor-element-3d62f23 elementor-widget elementor-widget-text-editor\" data-id=\"3d62f23\" data-element_type=\"widget\" data-e-type=\"widget\" data-widget_type=\"text-editor.default\">\n\t\t\t\t<div class=\"elementor-widget-container\">\n\t\t\t\t\t\t\t\t\t<p>El t\u00e9rmino Ojibwe proviene de <em>Utchibou<\/em>, nombre dado al XVII<sup>mi<\/sup> siglo a un grupo que viv\u00eda al norte de lo que hoy es Sault Ste. Marie, Ontario. Aqu\u00ed est\u00e1 uno de sus cuentos: Northern Lights (en ingl\u00e9s).<\/p><p>los <a href=\"https:\/\/mythslegendes.com\/es\/mitologia-anichinabianos\/\">Ojibway<\/a> formaban parte de una serie de grupos muy cercanos, pero distintos, que ocupaban un territorio ubicado entre el noreste de la bah\u00eda <a href=\"https:\/\/mythslegendes.com\/es\/mitologia-georgiana\/\">georgiano<\/a> y el este del Lago Superior. Estos pueblos que se reunieron cerca de la actual Sault Ste. Mar\u00eda tambi\u00e9n se llaman <a href=\"https:\/\/mythslegendes.com\/es\/mitologia-anichinabianos\/\">Saulteaux<\/a>, un t\u00e9rmino que hoy se refiere principalmente a los pueblos Ojibway del noroeste de Ontario y el sureste de Manitoba.<\/p><p><img decoding=\"async\" class=\"alignnone wp-image-9347 size-full\" src=\"https:\/\/mythslegendes.com\/wp-content\/uploads\/2020\/09\/cropped-AlphaOmega-e1602613368367.png\" alt=\"Aurora boreal ojibwe\" width=\"25\" height=\"25\" title=\"\"><\/p>\t\t\t\t\t\t\t\t<\/div>\n\t\t\t\t<\/div>\n\t\t\t\t\t<\/div>\n\t\t<\/div>\n\t\t\t\t\t<\/div>\n\t\t<\/section>\n\t\t\t\t<section class=\"elementor-section elementor-top-section elementor-element elementor-element-d32a517 elementor-section-boxed elementor-section-height-default elementor-section-height-default\" data-id=\"d32a517\" data-element_type=\"section\" data-e-type=\"section\">\n\t\t\t\t\t\t<div class=\"elementor-container elementor-column-gap-default\">\n\t\t\t\t\t<div class=\"elementor-column elementor-col-100 elementor-top-column elementor-element elementor-element-f8bf0cf\" data-id=\"f8bf0cf\" data-element_type=\"column\" data-e-type=\"column\">\n\t\t\t<div class=\"elementor-widget-wrap elementor-element-populated\">\n\t\t\t\t\t\t<div class=\"elementor-element elementor-element-e5f86ce elementor-widget elementor-widget-heading\" data-id=\"e5f86ce\" data-element_type=\"widget\" data-e-type=\"widget\" data-widget_type=\"heading.default\">\n\t\t\t\t<div class=\"elementor-widget-container\">\n\t\t\t\t\t<div id=\"ez-toc-container\" class=\"ez-toc-v2_0_82_2 counter-hierarchy ez-toc-counter ez-toc-grey ez-toc-container-direction\">\n<div class=\"ez-toc-title-container\">\n<p class=\"ez-toc-title\" style=\"cursor:inherit\">Contenido<\/p>\n<span class=\"ez-toc-title-toggle\"><a href=\"#\" class=\"ez-toc-pull-right ez-toc-btn ez-toc-btn-xs ez-toc-btn-default ez-toc-toggle\" aria-label=\"Alternar tabla de contenidos\"><span class=\"ez-toc-js-icon-con\"><span class=\"\"><span class=\"eztoc-hide\" style=\"display:none;\">Palanca<\/span><span class=\"ez-toc-icon-toggle-span\"><svg style=\"fill: #999;color:#999\" xmlns=\"http:\/\/www.w3.org\/2000\/svg\" class=\"list-377408\" width=\"20px\" height=\"20px\" viewbox=\"0 0 24 24\" fill=\"none\"><path d=\"M6 6H4v2h2V6zm14 0H8v2h12V6zM4 11h2v2H4v-2zm16 0H8v2h12v-2zM4 16h2v2H4v-2zm16 0H8v2h12v-2z\" fill=\"currentColor\"><\/path><\/svg><svg style=\"fill: #999;color:#999\" class=\"arrow-unsorted-368013\" xmlns=\"http:\/\/www.w3.org\/2000\/svg\" width=\"10px\" height=\"10px\" viewbox=\"0 0 24 24\" version=\"1.2\" baseprofile=\"tiny\"><path d=\"M18.2 9.3l-6.2-6.3-6.2 6.3c-.2.2-.3.4-.3.7s.1.5.3.7c.2.2.4.3.7.3h11c.3 0 .5-.1.7-.3.2-.2.3-.5.3-.7s-.1-.5-.3-.7zM5.8 14.7l6.2 6.3 6.2-6.3c.2-.2.3-.5.3-.7s-.1-.5-.3-.7c-.2-.2-.4-.3-.7-.3h-11c-.3 0-.5.1-.7.3-.2.2-.3.5-.3.7s.1.5.3.7z\"\/><\/svg><\/span><\/span><\/span><\/a><\/span><\/div>\n<nav><ul class='ez-toc-list ez-toc-list-level-1' ><li class='ez-toc-page-1 ez-toc-heading-level-2'><a class=\"ez-toc-link ez-toc-heading-1\" href=\"https:\/\/mythslegendes.com\/es\/mitologia-anichinabianos\/cuento-ojibwe-auroras-boreales-54\/#Legend-of-the-Northern-Lights\" >Leyenda de la aurora boreal<\/a><\/li><\/ul><\/nav><\/div>\n<h2 class=\"elementor-heading-title elementor-size-default\"><span class=\"ez-toc-section\" id=\"Legend-of-the-Northern-Lights\"><\/span>Leyenda de la aurora boreal<span class=\"ez-toc-section-end\"><\/span><\/h2>\t\t\t\t<\/div>\n\t\t\t\t<\/div>\n\t\t\t\t\t<\/div>\n\t\t<\/div>\n\t\t\t\t\t<\/div>\n\t\t<\/section>\n\t\t\t\t<section class=\"elementor-section elementor-top-section elementor-element elementor-element-8735bf3 elementor-section-boxed elementor-section-height-default elementor-section-height-default\" data-id=\"8735bf3\" data-element_type=\"section\" data-e-type=\"section\">\n\t\t\t\t\t\t<div class=\"elementor-container elementor-column-gap-default\">\n\t\t\t\t\t<div class=\"elementor-column elementor-col-100 elementor-top-column elementor-element elementor-element-39f4774\" data-id=\"39f4774\" data-element_type=\"column\" data-e-type=\"column\">\n\t\t\t<div class=\"elementor-widget-wrap elementor-element-populated\">\n\t\t\t\t\t\t<div class=\"elementor-element elementor-element-529c972 elementor-widget elementor-widget-text-editor\" data-id=\"529c972\" data-element_type=\"widget\" data-e-type=\"widget\" data-widget_type=\"text-editor.default\">\n\t\t\t\t<div class=\"elementor-widget-container\">\n\t\t\t\t\t\t\t\t\t<p>Muchos de nosotros que vivimos en las zonas del norte del continente americano<br \/>han tenido la maravillosa experiencia de contemplar el magn\u00edfico espect\u00e1culo<br \/>de luces brumosas multicolores en movimiento, mientras cruzan los cielos nocturnos.<\/p><p>Se han propuesto varias teor\u00edas y explicaciones para esto.<br \/>fen\u00f3meno natural conocido como \u201cAurora Boreal\u201d o \u201cNorte<br \/>luces&quot;, pero viajemos en nuestras mentes, retrocediendo a trav\u00e9s de los eones<br \/>del tiempo y descubrir c\u00f3mo surgieron realmente. Estamos en<br \/>un mundo que gira en una perfecta posici\u00f3n vertical sobre su eje.<br \/>La temperatura moderada es aproximadamente la misma en toda su superficie.<br \/>y una hermosa vegetaci\u00f3n est\u00e1 por todas partes.<\/p><p>Al regresar en el tiempo, somos testigos del gran Diluvio donde todo<br \/>se sumerge y finalmente se pierde. A medida que las aguas retroceden gradualmente<br \/>su tremendo peso hace que nuestro planeta pierda su equilibrio y<br \/>ahora se inclina hacia un lado, lo que provoca largos per\u00edodos de oscuridad en el norte y el sur.<\/p><p>Sin embargo, no todo est\u00e1 perdido, ya que en el Norte viv\u00eda una simple<br \/>y temerosa de Dios, conocida por nosotros ahora como la \u201c\u00a0<a href=\"https:\/\/mythslegendes.com\/es\/mythes-et-legendes-mongoles-1736\/\">mongoles<\/a>\u00a0\u00bb,<br \/>a quienes el Gran Manitou (su nombre de Dios) hab\u00eda salvado de este gran diluvio.<\/p><p>Cuando ya no pudieron ver el sol y sentir su calor, el miedo<br \/>vino sobre ellos y oraron al Gran Manitou para que los salvara.<br \/>En su compasi\u00f3n, el Gran Esp\u00edritu decidi\u00f3 llevarlos al<br \/>llanuras c\u00e1lidas y f\u00e9rtiles de este continente y les pidi\u00f3 que se reunieran<br \/>juntar a sus familias y &quot;qu\u00e9 bienes podr\u00edan transportar y viajar<br \/>a trav\u00e9s del \u00e1rido Norte hasta la \u201cNueva Tierra\u201d.<\/p><p>Debido a que no hab\u00eda luz del d\u00eda, muchos se perdieron y perecieron dentro<br \/>las profundas grietas causadas por las aguas de la inundaci\u00f3n.<\/p><p>Nuevamente oraron pidiendo ayuda y el Gran Manitou ide\u00f3 un plan.<br \/>Cubriendo el cabo norte del mundo con grandes cristales de hielo,<br \/>algunos tan altos como monta\u00f1as, pudo capturar los rayos del<br \/>sol oculto y reflejarlos hacia el cielo, proporcionando as\u00ed luz<br \/>para que su gente lo vea. Avanz\u00f3 este pueblo incondicional,<br \/>y se convirtieron en los precursores de nuestras muchas tribus indias.<\/p><p>Los grandes prismas de hielo dividen los rayos del sol en todas las hermosas<br \/>colores del espectro y debido a esto, las personas para<br \/>\u00a1Durante a\u00f1os hemos sido testigos de este maravilloso milagro, la aurora boreal!<\/p>\t\t\t\t\t\t\t\t<\/div>\n\t\t\t\t<\/div>\n\t\t\t\t\t<\/div>\n\t\t<\/div>\n\t\t\t\t\t<\/div>\n\t\t<\/section>\n\t\t\t\t<\/div>","protected":false},"excerpt":{"rendered":"<p>Anishinabe Mythology Wiki El t\u00e9rmino Ojibwe proviene de Outchibou, un nombre dado en el siglo XVII a un grupo que viv\u00eda en \u2026 <\/p>","protected":false},"author":1,"featured_media":0,"parent":3405,"menu_order":0,"comment_status":"closed","ping_status":"closed","template":"","meta":{"footnotes":""},"class_list":["post-15299","page","type-page","status-publish","hentry"],"amp_enabled":true,"_links":{"self":[{"href":"https:\/\/mythslegendes.com\/es\/wp-json\/wp\/v2\/pages\/15299","targetHints":{"allow":["GET"]}}],"collection":[{"href":"https:\/\/mythslegendes.com\/es\/wp-json\/wp\/v2\/pages"}],"about":[{"href":"https:\/\/mythslegendes.com\/es\/wp-json\/wp\/v2\/types\/page"}],"author":[{"embeddable":true,"href":"https:\/\/mythslegendes.com\/es\/wp-json\/wp\/v2\/users\/1"}],"replies":[{"embeddable":true,"href":"https:\/\/mythslegendes.com\/es\/wp-json\/wp\/v2\/comments?post=15299"}],"version-history":[{"count":1,"href":"https:\/\/mythslegendes.com\/es\/wp-json\/wp\/v2\/pages\/15299\/revisions"}],"predecessor-version":[{"id":25295,"href":"https:\/\/mythslegendes.com\/es\/wp-json\/wp\/v2\/pages\/15299\/revisions\/25295"}],"up":[{"embeddable":true,"href":"https:\/\/mythslegendes.com\/es\/wp-json\/wp\/v2\/pages\/3405"}],"wp:attachment":[{"href":"https:\/\/mythslegendes.com\/es\/wp-json\/wp\/v2\/media?parent=15299"}],"curies":[{"name":"wp","href":"https:\/\/api.w.org\/{rel}","templated":true}]}}