{"id":15305,"date":"2021-11-14T18:33:33","date_gmt":"2021-11-14T18:33:33","guid":{"rendered":"https:\/\/mythslegendes.com\/?page_id=15305"},"modified":"2022-12-03T22:12:14","modified_gmt":"2022-12-03T22:12:14","slug":"conte-ojibwe-mon-daw-min-65","status":"publish","type":"page","link":"https:\/\/mythslegendes.com\/es\/mitologia-anichinabianos\/ojibwe-tale-my-daw-min-65\/","title":{"rendered":"Cuento de Ojibw\u00e9\u00e9: Lunes-Daw-Min"},"content":{"rendered":"<div data-elementor-type=\"wp-page\" data-elementor-id=\"15305\" class=\"elementor elementor-15305\">\n\t\t\t\t\t\t<section class=\"elementor-section elementor-top-section elementor-element elementor-element-eaec192 elementor-section-boxed elementor-section-height-default elementor-section-height-default\" data-id=\"eaec192\" data-element_type=\"section\" data-e-type=\"section\">\n\t\t\t\t\t\t<div class=\"elementor-container elementor-column-gap-default\">\n\t\t\t\t\t<div class=\"elementor-column elementor-col-50 elementor-top-column elementor-element elementor-element-095a896\" data-id=\"095a896\" data-element_type=\"column\" data-e-type=\"column\">\n\t\t\t<div class=\"elementor-widget-wrap elementor-element-populated\">\n\t\t\t\t\t\t<div class=\"elementor-element elementor-element-0057e2d elementor-align-justify elementor-widget elementor-widget-button\" data-id=\"0057e2d\" data-element_type=\"widget\" data-e-type=\"widget\" data-widget_type=\"button.default\">\n\t\t\t\t<div class=\"elementor-widget-container\">\n\t\t\t\t\t\t\t\t\t<div class=\"elementor-button-wrapper\">\n\t\t\t\t\t<a class=\"elementor-button elementor-button-link elementor-size-sm\" href=\"https:\/\/mythslegendes.com\/es\/mitologia-anichinabianos\/\">\n\t\t\t\t\t\t<span class=\"elementor-button-content-wrapper\">\n\t\t\t\t\t\t\t\t\t<span class=\"elementor-button-text\">Mitolog\u00eda anichinabe<\/span>\n\t\t\t\t\t<\/span>\n\t\t\t\t\t<\/a>\n\t\t\t\t<\/div>\n\t\t\t\t\t\t\t\t<\/div>\n\t\t\t\t<\/div>\n\t\t\t\t\t<\/div>\n\t\t<\/div>\n\t\t\t\t<div class=\"elementor-column elementor-col-50 elementor-top-column elementor-element elementor-element-3617ce5\" data-id=\"3617ce5\" data-element_type=\"column\" data-e-type=\"column\">\n\t\t\t<div class=\"elementor-widget-wrap elementor-element-populated\">\n\t\t\t\t\t\t<div class=\"elementor-element elementor-element-a24a18f elementor-align-justify elementor-widget elementor-widget-button\" data-id=\"a24a18f\" data-element_type=\"widget\" data-e-type=\"widget\" data-widget_type=\"button.default\">\n\t\t\t\t<div class=\"elementor-widget-container\">\n\t\t\t\t\t\t\t\t\t<div class=\"elementor-button-wrapper\">\n\t\t\t\t\t<a class=\"elementor-button elementor-button-link elementor-size-sm\" href=\"https:\/\/www.thecanadianencyclopedia.ca\/fr\/article\/ojibwes\" target=\"_blank\" rel=\"noopener\">\n\t\t\t\t\t\t<span class=\"elementor-button-content-wrapper\">\n\t\t\t\t\t\t\t\t\t<span class=\"elementor-button-text\">Wiki<\/span>\n\t\t\t\t\t<\/span>\n\t\t\t\t\t<\/a>\n\t\t\t\t<\/div>\n\t\t\t\t\t\t\t\t<\/div>\n\t\t\t\t<\/div>\n\t\t\t\t\t<\/div>\n\t\t<\/div>\n\t\t\t\t\t<\/div>\n\t\t<\/section>\n\t\t\t\t<section class=\"elementor-section elementor-top-section elementor-element elementor-element-3257160 elementor-section-boxed elementor-section-height-default elementor-section-height-default\" data-id=\"3257160\" data-element_type=\"section\" data-e-type=\"section\">\n\t\t\t\t\t\t<div class=\"elementor-container elementor-column-gap-default\">\n\t\t\t\t\t<div class=\"elementor-column elementor-col-100 elementor-top-column elementor-element elementor-element-11a1ac4\" data-id=\"11a1ac4\" data-element_type=\"column\" data-e-type=\"column\">\n\t\t\t<div class=\"elementor-widget-wrap elementor-element-populated\">\n\t\t\t\t\t\t<div class=\"elementor-element elementor-element-d899adf elementor-widget elementor-widget-text-editor\" data-id=\"d899adf\" data-element_type=\"widget\" data-e-type=\"widget\" data-widget_type=\"text-editor.default\">\n\t\t\t\t<div class=\"elementor-widget-container\">\n\t\t\t\t\t\t\t\t\t<p>El t\u00e9rmino Ojibwe proviene de <em>Utchibou<\/em>, nombre dado al XVII<sup>mi<\/sup> siglo a un grupo que viv\u00eda al norte de lo que ahora es Sault Ste. Marie, Ontario. Aqu\u00ed hay uno de su relato: Mon-Daw-Min.<\/p><p>los <a href=\"https:\/\/mythslegendes.com\/es\/mitologia-anichinabianos\/\">Ojibway<\/a> formaban parte de una serie de grupos muy cercanos, pero distintos, que ocupaban un territorio ubicado entre el noreste de la bah\u00eda <a href=\"https:\/\/mythslegendes.com\/es\/mitologia-georgiana\/\">georgiano<\/a> y el este del Lago Superior. Estos pueblos que se reunieron cerca de la actual Sault Ste. Mar\u00eda tambi\u00e9n se llaman <a href=\"https:\/\/mythslegendes.com\/es\/mitologia-anichinabianos\/\">Saulteaux<\/a>, un t\u00e9rmino que hoy se refiere principalmente a los pueblos Ojibway del noroeste de Ontario y el sureste de Manitoba.<\/p><p><img decoding=\"async\" class=\"alignnone wp-image-9347 size-full\" src=\"https:\/\/mythslegendes.com\/wp-content\/uploads\/2020\/09\/cropped-AlphaOmega-e1602613368367.png\" alt=\"Ojibwe Mon-Daw-Min\" width=\"25\" height=\"25\" title=\"\"><\/p>\t\t\t\t\t\t\t\t<\/div>\n\t\t\t\t<\/div>\n\t\t\t\t\t<\/div>\n\t\t<\/div>\n\t\t\t\t\t<\/div>\n\t\t<\/section>\n\t\t\t\t<section class=\"elementor-section elementor-top-section elementor-element elementor-element-f3f1caf elementor-section-boxed elementor-section-height-default elementor-section-height-default\" data-id=\"f3f1caf\" data-element_type=\"section\" data-e-type=\"section\">\n\t\t\t\t\t\t<div class=\"elementor-container elementor-column-gap-default\">\n\t\t\t\t\t<div class=\"elementor-column elementor-col-100 elementor-top-column elementor-element elementor-element-192c81b\" data-id=\"192c81b\" data-element_type=\"column\" data-e-type=\"column\">\n\t\t\t<div class=\"elementor-widget-wrap elementor-element-populated\">\n\t\t\t\t\t\t<div class=\"elementor-element elementor-element-9b5f067 elementor-widget elementor-widget-heading\" data-id=\"9b5f067\" data-element_type=\"widget\" data-e-type=\"widget\" data-widget_type=\"heading.default\">\n\t\t\t\t<div class=\"elementor-widget-container\">\n\t\t\t\t\t<div id=\"ez-toc-container\" class=\"ez-toc-v2_0_82_2 counter-hierarchy ez-toc-counter ez-toc-grey ez-toc-container-direction\">\n<div class=\"ez-toc-title-container\">\n<p class=\"ez-toc-title\" style=\"cursor:inherit\">Contenido<\/p>\n<span class=\"ez-toc-title-toggle\"><a href=\"#\" class=\"ez-toc-pull-right ez-toc-btn ez-toc-btn-xs ez-toc-btn-default ez-toc-toggle\" aria-label=\"Alternar tabla de contenidos\"><span class=\"ez-toc-js-icon-con\"><span class=\"\"><span class=\"eztoc-hide\" style=\"display:none;\">Palanca<\/span><span class=\"ez-toc-icon-toggle-span\"><svg style=\"fill: #999;color:#999\" xmlns=\"http:\/\/www.w3.org\/2000\/svg\" class=\"list-377408\" width=\"20px\" height=\"20px\" viewbox=\"0 0 24 24\" fill=\"none\"><path d=\"M6 6H4v2h2V6zm14 0H8v2h12V6zM4 11h2v2H4v-2zm16 0H8v2h12v-2zM4 16h2v2H4v-2zm16 0H8v2h12v-2z\" fill=\"currentColor\"><\/path><\/svg><svg style=\"fill: #999;color:#999\" class=\"arrow-unsorted-368013\" xmlns=\"http:\/\/www.w3.org\/2000\/svg\" width=\"10px\" height=\"10px\" viewbox=\"0 0 24 24\" version=\"1.2\" baseprofile=\"tiny\"><path d=\"M18.2 9.3l-6.2-6.3-6.2 6.3c-.2.2-.3.4-.3.7s.1.5.3.7c.2.2.4.3.7.3h11c.3 0 .5-.1.7-.3.2-.2.3-.5.3-.7s-.1-.5-.3-.7zM5.8 14.7l6.2 6.3 6.2-6.3c.2-.2.3-.5.3-.7s-.1-.5-.3-.7c-.2-.2-.4-.3-.7-.3h-11c-.3 0-.5.1-.7.3-.2.2-.3.5-.3.7s.1.5.3.7z\"\/><\/svg><\/span><\/span><\/span><\/a><\/span><\/div>\n<nav><ul class='ez-toc-list ez-toc-list-level-1' ><li class='ez-toc-page-1 ez-toc-heading-level-2'><a class=\"ez-toc-link ez-toc-heading-1\" href=\"https:\/\/mythslegendes.com\/es\/mitologia-anichinabianos\/ojibwe-tale-my-daw-min-65\/#Mon-Daw-Min\" >Mi-Daw-Min<\/a><\/li><\/ul><\/nav><\/div>\n<h2 class=\"elementor-heading-title elementor-size-default\"><span class=\"ez-toc-section\" id=\"Mon-Daw-Min\"><\/span>Mi-Daw-Min<span class=\"ez-toc-section-end\"><\/span><\/h2>\t\t\t\t<\/div>\n\t\t\t\t<\/div>\n\t\t\t\t\t<\/div>\n\t\t<\/div>\n\t\t\t\t\t<\/div>\n\t\t<\/section>\n\t\t\t\t<section class=\"elementor-section elementor-top-section elementor-element elementor-element-eecff2b elementor-section-boxed elementor-section-height-default elementor-section-height-default\" data-id=\"eecff2b\" data-element_type=\"section\" data-e-type=\"section\">\n\t\t\t\t\t\t<div class=\"elementor-container elementor-column-gap-default\">\n\t\t\t\t\t<div class=\"elementor-column elementor-col-100 elementor-top-column elementor-element elementor-element-97422f5\" data-id=\"97422f5\" data-element_type=\"column\" data-e-type=\"column\">\n\t\t\t<div class=\"elementor-widget-wrap elementor-element-populated\">\n\t\t\t\t\t\t<div class=\"elementor-element elementor-element-4610e39 elementor-widget elementor-widget-text-editor\" data-id=\"4610e39\" data-element_type=\"widget\" data-e-type=\"widget\" data-widget_type=\"text-editor.default\">\n\t\t\t\t<div class=\"elementor-widget-container\">\n\t\t\t\t\t\t\t\t\t<p>En tiempos pasados, un indio pobre viv\u00eda con su esposa e hijos en una hermosa parte del pa\u00eds. No solo era pobre, sino inexperto en conseguir alimentos para su familia, y sus hijos eran demasiado peque\u00f1os para ayudarlo. Aunque pobre, era un hombre de car\u00e1cter amable y contento. Siempre estuvo agradecido al Gran Esp\u00edritu por todo lo que recibi\u00f3. <\/p><p>La misma disposici\u00f3n fue heredada por su hijo mayor, quien ahora hab\u00eda llegado a la edad adecuada para emprender la ceremonia del Ke-ig-uish-im-o-win, o ayuno, para ver qu\u00e9 tipo de esp\u00edritu ser\u00eda su gu\u00eda. y guardi\u00e1n de por vida. Wunzh, porque as\u00ed se llamaba, hab\u00eda sido un ni\u00f1o obediente desde su infancia y ten\u00eda una disposici\u00f3n pensativa, pensativa y apacible, por lo que era amado por toda la familia.<\/p><p>Tan pronto como aparecieron los primeros indicios de la primavera, le construyeron la peque\u00f1a caba\u00f1a de costumbre, en un lugar retirado a cierta distancia del suyo, donde no ser\u00eda molestado durante este rito solemne. Mientras tanto, se prepar\u00f3, e inmediatamente se puso a comer y comenz\u00f3 su ayuno. <\/p><p>Los primeros d\u00edas se divert\u00eda por las ma\u00f1anas paseando por el bosque y las monta\u00f1as, examinando las plantas y flores tempranas, y de esta manera se preparaba para disfrutar de su sue\u00f1o y, al mismo tiempo, almacenaba en su mente placeres agradables. ideas para sus sue\u00f1os. Mientras deambulaba por el bosque, sinti\u00f3 un fuerte deseo de saber c\u00f3mo crec\u00edan las plantas, hierbas y bayas, sin ayuda del hombre, y por qu\u00e9 algunas especies eran buenas para comer y otras pose\u00edan jugos medicinales o venenosos.<\/p><p>Record\u00f3 estos pensamientos despu\u00e9s de que se volvi\u00f3 demasiado l\u00e1nguido para caminar y se limit\u00f3 estrictamente a la caba\u00f1a; deseaba poder so\u00f1ar con algo que fuera beneficioso para su padre y su familia, y para todos los dem\u00e1s. &quot;\u00a1Cierto! &quot;\u00c9l pens\u00f3,&quot; el Gran Esp\u00edritu hizo todas las cosas, y es a \u00e9l a quien le debemos la vida. Pero, \u00bfno podr\u00eda facilitarnos la obtenci\u00f3n de comida que cazando animales y pescando? Debo intentar descubrir esto en mis visiones. &quot;<\/p><p>Al tercer d\u00eda se debilit\u00f3 y se desmay\u00f3, y guard\u00f3 cama. Mientras yac\u00eda as\u00ed, imagin\u00f3 que ve\u00eda a un apuesto joven que descend\u00eda del cielo y avanzaba hacia \u00e9l. Iba vestido de forma rica y alegre, con una gran cantidad de prendas de colores verde y amarillo, pero que se diferenciaban en sus tonos m\u00e1s profundos o m\u00e1s claros. Ten\u00eda un penacho de plumas ondulantes en la cabeza y todos sus movimientos eran elegantes.<\/p><p>\u201cSoy enviado a ti, amigo m\u00edo\u201d, dijo el visitante celestial, \u201cpor ese Gran Esp\u00edritu que hizo todas las cosas en el cielo y en la tierra. \u00c9l ha visto y conoce tus motivos para ayunar. \u00c9l ve que se debe a un deseo bondadoso y ben\u00e9volo de hacer el bien a tu pueblo y procurar un beneficio para ellos, y que no buscas la fuerza en la guerra o el elogio de los guerreros. Soy enviado para instruirte y mostrarte c\u00f3mo puedes hacer el bien a tus parientes. &quot;<\/p><p>Luego le dijo al joven que se levantara y se preparara para luchar con \u00e9l, ya que solo por este medio pod\u00eda esperar tener \u00e9xito en sus deseos. Wunzh sab\u00eda que estaba d\u00e9bil por el ayuno, pero sinti\u00f3 que su valor aumentaba en su coraz\u00f3n e inmediatamente se levant\u00f3, decidido a morir antes que fallar. Comenz\u00f3 la prueba y, despu\u00e9s de un esfuerzo prolongado, estaba casi exhausto cuando la bella desconocida dijo: \u201cAmigo m\u00edo, por una vez es suficiente; Vendr\u00e9 de nuevo a probarte; Y, sonri\u00e9ndole, ascendi\u00f3 en el aire en la misma direcci\u00f3n por la que ven\u00eda.<\/p><p>Al d\u00eda siguiente, el visitante celestial reapareci\u00f3 a la misma hora y reanud\u00f3 el juicio. Wunzh sinti\u00f3 que su fuerza era incluso menor que el d\u00eda anterior, pero el valor de su mente parec\u00eda aumentar en proporci\u00f3n a medida que su cuerpo se debilitaba. Al ver esto, el extra\u00f1o volvi\u00f3 a hablarle con las mismas palabras que us\u00f3 antes, y agreg\u00f3: &quot;Ma\u00f1ana ser\u00e1 tu \u00faltima prueba. S\u00e9 fuerte, amigo m\u00edo, porque esta es la \u00fanica forma en que puedes vencerme y obtener la bendici\u00f3n que buscas. Al tercer d\u00eda apareci\u00f3 nuevamente a la misma hora y reanud\u00f3 la lucha.<\/p><p>El pobre joven era muy d\u00e9bil de cuerpo, pero se fortalec\u00eda mentalmente en cada competencia, y estaba decidido a prevalecer o perecer en el intento. Ejerci\u00f3 sus m\u00e1ximos poderes y, una vez que la contienda continu\u00f3 a la hora habitual, el extra\u00f1o ces\u00f3 sus esfuerzos y se declar\u00f3 conquistado. Por primera vez ingres\u00f3 a la logia, y sent\u00e1ndose junto al joven, comenz\u00f3 a entregarle sus instrucciones, dici\u00e9ndole de qu\u00e9 manera deb\u00eda proceder para aprovechar su victoria.<\/p><p>&quot;Has ganado tus deseos del Gran Esp\u00edritu&quot;, dijo el extra\u00f1o. \u201cHas luchado con valent\u00eda. Ma\u00f1ana ser\u00e1 el s\u00e9ptimo d\u00eda de tu ayuno. Tu padre te dar\u00e1 alimento para fortalecerte, y como es el \u00faltimo d\u00eda de prueba, vencer\u00e1s. Lo s\u00e9, y ahora le dir\u00e9 lo que debe hacer para beneficiar a su familia y a su tribu. Ma\u00f1ana \u2014repiti\u00f3\u2014 me reunir\u00e9 contigo y luchar\u00e9 contigo por \u00faltima vez; y tan pronto como hayas prevalecido contra m\u00ed, me quitar\u00e1s la ropa y me tirar\u00e1s, limpiar\u00e1s la tierra de ra\u00edces y malas hierbas, la ablandar\u00e1s y me enterrar\u00e1s en el lugar.<\/p><p>Cuando hayas hecho esto, dejo mi cuerpo en la tierra y no lo molestes, pero ven de vez en cuando a visitar el lugar, para ver si he cobrado vida, y ten cuidado de nunca dejar que la hierba o las malas hierbas crezcan en mi tumba. . Una vez al mes c\u00fabreme con tierra fresca. Si sigue mis instrucciones, lograr\u00e1 su objetivo de hacer el bien a sus semejantes ense\u00f1\u00e1ndoles el conocimiento que ahora les ense\u00f1o. \u00bbLuego le dio la mano y desapareci\u00f3.<\/p><p>Por la ma\u00f1ana, el padre del joven vino con algunos refrigerios y dijo: &quot;Hijo m\u00edo, has ayunado bastante. Si el Gran Esp\u00edritu lo favorece, lo har\u00e1 ahora. Han pasado siete d\u00edas desde que probaste la comida y no debes sacrificar tu vida. El Maestro de la Vida no lo requiere. -Padre m\u00edo -respondi\u00f3 el joven-, espera a que se ponga el sol. Tengo una raz\u00f3n particular para extender mi ayuno a esa hora. &quot;Muy bien&quot;, dijo el anciano, &quot;esperar\u00e9 hasta que llegue la hora y te apetezca comer&quot;. &quot;<\/p><p>A la hora habitual del d\u00eda, el visitante del cielo regres\u00f3 y se reanud\u00f3 la prueba de fuerzas. Aunque el joven no se hab\u00eda valido de la oferta de comida de su padre, sinti\u00f3 que se le hab\u00edan dado nuevas fuerzas y que el esfuerzo hab\u00eda renovado sus fuerzas y fortalecido su valor.<\/p><p>Agarr\u00f3 a su antagonista angelical con fuerza sobrenatural, lo arroj\u00f3 al suelo, le quit\u00f3 sus hermosas vestiduras y su pluma, y al encontrarlo muerto, lo enterr\u00f3 inmediatamente en el lugar, tomando todas las precauciones que le hab\u00edan dicho, y estando muy confiado, en al mismo tiempo, que su amigo volviera a cobrar vida. Luego regres\u00f3 a la caba\u00f1a de su padre y particip\u00f3 con moderaci\u00f3n de la comida que le hab\u00edan preparado. Pero nunca olvid\u00f3 ni por un momento la tumba de su amigo.<\/p><p>Lo visit\u00f3 cuidadosamente durante toda la primavera, quit\u00f3 la hierba y mantuvo el suelo en un estado suave y flexible. Muy pronto vio la parte superior de las plumas verdes atravesando el suelo; y cuanto m\u00e1s cuidadoso era en obedecer sus instrucciones para mantener el suelo en orden, m\u00e1s r\u00e1pido crec\u00edan. Sin embargo, tuvo cuidado de ocultar la haza\u00f1a a su padre. As\u00ed hab\u00edan pasado d\u00edas y semanas. El verano estaba llegando a su fin, cuando un d\u00eda, despu\u00e9s de una larga ausencia en la caza, Wunzh invit\u00f3 a su padre a seguirlo al lugar tranquilo y solitario de su antiguo ayuno.<\/p><p>La caba\u00f1a hab\u00eda sido removida y las malas hierbas no crec\u00edan en el c\u00edrculo donde se encontraba, pero en su lugar hab\u00eda una planta alta y elegante, con cabello sedoso de colores brillantes, coronado con plumas que cabeceaban y hojas majestuosas, y racimos dorados en cada una. lado. \u201cEs mi amigo\u201d, grit\u00f3 el muchacho; \u201cEs el amigo de toda la humanidad. Es Mondawmin (el nombre del ma\u00edz). Ya no necesitamos depender \u00fanicamente de la caza; porque, mientras este regalo sea apreciado y cuidado, la tierra misma nos dar\u00e1 la vida. &quot;<\/p><p>Luego tir\u00f3 de una oreja. \u201cMira, padre m\u00edo\u201d, dijo, \u201cesto es por lo que ayun\u00e9. El Gran Esp\u00edritu ha escuchado mi voz y nos ha enviado algo nuevo, y de ahora en adelante nuestro pueblo no depender\u00e1 solo de la persecuci\u00f3n o de las aguas. &quot;<\/p><p>Luego le comunic\u00f3 a su padre las instrucciones que le hab\u00eda dado el extra\u00f1o. Le dijo que las c\u00e1scaras anchas deb\u00edan ser arrancadas, ya que se hab\u00eda quitado las prendas en su lucha; y habiendo hecho esto, le indic\u00f3 c\u00f3mo se debe sostener la espiga ante el fuego hasta que la piel exterior se ponga marr\u00f3n, mientras que toda la leche se retiene en el grano. Luego, toda la familia se uni\u00f3 en una fiesta en los o\u00eddos reci\u00e9n crecidos, expresando gratitud al Esp\u00edritu Misericordioso que la dio. As\u00ed que el ma\u00edz lleg\u00f3 al mundo y desde entonces se ha conservado.<\/p><p>&quot;Mon-Daw-Min o el origen del ma\u00edz indio: un cuento de Odjibwa&quot;. Publicado originalmente en 1956 por Michigan State University Press. Schoolcraft, HR Schoolcraft&#039;s Indian Legends: Algic Researches. East Lansing: Michigan State University Press, 1956. p\u00e1gs. 58-61.<\/p>\t\t\t\t\t\t\t\t<\/div>\n\t\t\t\t<\/div>\n\t\t\t\t\t<\/div>\n\t\t<\/div>\n\t\t\t\t\t<\/div>\n\t\t<\/section>\n\t\t\t\t<\/div>","protected":false},"excerpt":{"rendered":"<p>Anishinabe Mythology Wiki El t\u00e9rmino Ojibwe proviene de Outchibou, un nombre dado en el siglo XVII a un grupo que viv\u00eda en \u2026 <\/p>","protected":false},"author":1,"featured_media":0,"parent":3405,"menu_order":0,"comment_status":"closed","ping_status":"closed","template":"","meta":{"footnotes":""},"class_list":["post-15305","page","type-page","status-publish","hentry"],"amp_enabled":true,"_links":{"self":[{"href":"https:\/\/mythslegendes.com\/es\/wp-json\/wp\/v2\/pages\/15305","targetHints":{"allow":["GET"]}}],"collection":[{"href":"https:\/\/mythslegendes.com\/es\/wp-json\/wp\/v2\/pages"}],"about":[{"href":"https:\/\/mythslegendes.com\/es\/wp-json\/wp\/v2\/types\/page"}],"author":[{"embeddable":true,"href":"https:\/\/mythslegendes.com\/es\/wp-json\/wp\/v2\/users\/1"}],"replies":[{"embeddable":true,"href":"https:\/\/mythslegendes.com\/es\/wp-json\/wp\/v2\/comments?post=15305"}],"version-history":[{"count":1,"href":"https:\/\/mythslegendes.com\/es\/wp-json\/wp\/v2\/pages\/15305\/revisions"}],"predecessor-version":[{"id":25296,"href":"https:\/\/mythslegendes.com\/es\/wp-json\/wp\/v2\/pages\/15305\/revisions\/25296"}],"up":[{"embeddable":true,"href":"https:\/\/mythslegendes.com\/es\/wp-json\/wp\/v2\/pages\/3405"}],"wp:attachment":[{"href":"https:\/\/mythslegendes.com\/es\/wp-json\/wp\/v2\/media?parent=15305"}],"curies":[{"name":"wp","href":"https:\/\/api.w.org\/{rel}","templated":true}]}}