{"id":15310,"date":"2021-11-14T18:38:31","date_gmt":"2021-11-14T18:38:31","guid":{"rendered":"https:\/\/mythslegendes.com\/?page_id=15310"},"modified":"2022-12-03T22:12:14","modified_gmt":"2022-12-03T22:12:14","slug":"conte-okibwe-okishkimonisse-9873","status":"publish","type":"page","link":"https:\/\/mythslegendes.com\/es\/mitologia-anichinabianos\/cuento-okibwe-okishkimonisse-9873\/","title":{"rendered":"Cuento de Okibwe: Okishkimonisse"},"content":{"rendered":"<div data-elementor-type=\"wp-page\" data-elementor-id=\"15310\" class=\"elementor elementor-15310\">\n\t\t\t\t\t\t<section class=\"elementor-section elementor-top-section elementor-element elementor-element-12cdb58 elementor-section-boxed elementor-section-height-default elementor-section-height-default\" data-id=\"12cdb58\" data-element_type=\"section\" data-e-type=\"section\">\n\t\t\t\t\t\t<div class=\"elementor-container elementor-column-gap-default\">\n\t\t\t\t\t<div class=\"elementor-column elementor-col-50 elementor-top-column elementor-element elementor-element-d6c73f9\" data-id=\"d6c73f9\" data-element_type=\"column\" data-e-type=\"column\">\n\t\t\t<div class=\"elementor-widget-wrap elementor-element-populated\">\n\t\t\t\t\t\t<div class=\"elementor-element elementor-element-37149b8 elementor-align-justify elementor-widget elementor-widget-button\" data-id=\"37149b8\" data-element_type=\"widget\" data-e-type=\"widget\" data-widget_type=\"button.default\">\n\t\t\t\t<div class=\"elementor-widget-container\">\n\t\t\t\t\t\t\t\t\t<div class=\"elementor-button-wrapper\">\n\t\t\t\t\t<a class=\"elementor-button elementor-button-link elementor-size-sm\" href=\"https:\/\/mythslegendes.com\/es\/mitologia-anichinabianos\/\">\n\t\t\t\t\t\t<span class=\"elementor-button-content-wrapper\">\n\t\t\t\t\t\t\t\t\t<span class=\"elementor-button-text\">Mitolog\u00eda anichinabe<\/span>\n\t\t\t\t\t<\/span>\n\t\t\t\t\t<\/a>\n\t\t\t\t<\/div>\n\t\t\t\t\t\t\t\t<\/div>\n\t\t\t\t<\/div>\n\t\t\t\t\t<\/div>\n\t\t<\/div>\n\t\t\t\t<div class=\"elementor-column elementor-col-50 elementor-top-column elementor-element elementor-element-01ee268\" data-id=\"01ee268\" data-element_type=\"column\" data-e-type=\"column\">\n\t\t\t<div class=\"elementor-widget-wrap elementor-element-populated\">\n\t\t\t\t\t\t<div class=\"elementor-element elementor-element-74a021f elementor-align-justify elementor-widget elementor-widget-button\" data-id=\"74a021f\" data-element_type=\"widget\" data-e-type=\"widget\" data-widget_type=\"button.default\">\n\t\t\t\t<div class=\"elementor-widget-container\">\n\t\t\t\t\t\t\t\t\t<div class=\"elementor-button-wrapper\">\n\t\t\t\t\t<a class=\"elementor-button elementor-button-link elementor-size-sm\" href=\"https:\/\/www.thecanadianencyclopedia.ca\/fr\/article\/ojibwes\" target=\"_blank\" rel=\"noopener\">\n\t\t\t\t\t\t<span class=\"elementor-button-content-wrapper\">\n\t\t\t\t\t\t\t\t\t<span class=\"elementor-button-text\">Wiki<\/span>\n\t\t\t\t\t<\/span>\n\t\t\t\t\t<\/a>\n\t\t\t\t<\/div>\n\t\t\t\t\t\t\t\t<\/div>\n\t\t\t\t<\/div>\n\t\t\t\t\t<\/div>\n\t\t<\/div>\n\t\t\t\t\t<\/div>\n\t\t<\/section>\n\t\t\t\t<section class=\"elementor-section elementor-top-section elementor-element elementor-element-7316eca elementor-section-boxed elementor-section-height-default elementor-section-height-default\" data-id=\"7316eca\" data-element_type=\"section\" data-e-type=\"section\">\n\t\t\t\t\t\t<div class=\"elementor-container elementor-column-gap-default\">\n\t\t\t\t\t<div class=\"elementor-column elementor-col-100 elementor-top-column elementor-element elementor-element-0029a13\" data-id=\"0029a13\" data-element_type=\"column\" data-e-type=\"column\">\n\t\t\t<div class=\"elementor-widget-wrap elementor-element-populated\">\n\t\t\t\t\t\t<div class=\"elementor-element elementor-element-36a4769 elementor-widget elementor-widget-text-editor\" data-id=\"36a4769\" data-element_type=\"widget\" data-e-type=\"widget\" data-widget_type=\"text-editor.default\">\n\t\t\t\t<div class=\"elementor-widget-container\">\n\t\t\t\t\t\t\t\t\t<p>El t\u00e9rmino Ojibwe proviene de <em>Utchibou<\/em>, nombre dado al XVII<sup>mi<\/sup> siglo a un grupo que viv\u00eda al norte de lo que ahora es Sault Ste. Marie, Ontario Aqu\u00ed est\u00e1 una de sus historias: Okishkimonisse.<\/p><p>los <a href=\"https:\/\/mythslegendes.com\/es\/mitologia-anichinabianos\/\">Ojibway<\/a> formaban parte de una serie de grupos muy cercanos, pero distintos, que ocupaban un territorio ubicado entre el noreste de la bah\u00eda <a href=\"https:\/\/mythslegendes.com\/es\/mitologia-georgiana\/\">georgiano<\/a> y el este del Lago Superior. Estos pueblos que se reunieron cerca de la actual Sault Ste. Mar\u00eda tambi\u00e9n se llaman <a href=\"https:\/\/mythslegendes.com\/es\/mitologia-anichinabianos\/\">Saulteaux<\/a>, un t\u00e9rmino que hoy se refiere principalmente a los pueblos Ojibway del noroeste de Ontario y el sureste de Manitoba.<\/p><p><img decoding=\"async\" class=\"alignnone wp-image-9347 size-full\" src=\"https:\/\/mythslegendes.com\/wp-content\/uploads\/2020\/09\/cropped-AlphaOmega-e1602613368367.png\" alt=\"Ojibway Okishkimonisse\" width=\"25\" height=\"25\" title=\"\"><\/p>\t\t\t\t\t\t\t\t<\/div>\n\t\t\t\t<\/div>\n\t\t\t\t\t<\/div>\n\t\t<\/div>\n\t\t\t\t\t<\/div>\n\t\t<\/section>\n\t\t\t\t<section class=\"elementor-section elementor-top-section elementor-element elementor-element-4ec6bf6 elementor-section-boxed elementor-section-height-default elementor-section-height-default\" data-id=\"4ec6bf6\" data-element_type=\"section\" data-e-type=\"section\">\n\t\t\t\t\t\t<div class=\"elementor-container elementor-column-gap-default\">\n\t\t\t\t\t<div class=\"elementor-column elementor-col-100 elementor-top-column elementor-element elementor-element-6c23960\" data-id=\"6c23960\" data-element_type=\"column\" data-e-type=\"column\">\n\t\t\t<div class=\"elementor-widget-wrap elementor-element-populated\">\n\t\t\t\t\t\t<div class=\"elementor-element elementor-element-cb6ab82 elementor-widget elementor-widget-heading\" data-id=\"cb6ab82\" data-element_type=\"widget\" data-e-type=\"widget\" data-widget_type=\"heading.default\">\n\t\t\t\t<div class=\"elementor-widget-container\">\n\t\t\t\t\t<div id=\"ez-toc-container\" class=\"ez-toc-v2_0_82_2 counter-hierarchy ez-toc-counter ez-toc-grey ez-toc-container-direction\">\n<div class=\"ez-toc-title-container\">\n<p class=\"ez-toc-title\" style=\"cursor:inherit\">Contenido<\/p>\n<span class=\"ez-toc-title-toggle\"><a href=\"#\" class=\"ez-toc-pull-right ez-toc-btn ez-toc-btn-xs ez-toc-btn-default ez-toc-toggle\" aria-label=\"Alternar tabla de contenidos\"><span class=\"ez-toc-js-icon-con\"><span class=\"\"><span class=\"eztoc-hide\" style=\"display:none;\">Palanca<\/span><span class=\"ez-toc-icon-toggle-span\"><svg style=\"fill: #999;color:#999\" xmlns=\"http:\/\/www.w3.org\/2000\/svg\" class=\"list-377408\" width=\"20px\" height=\"20px\" viewbox=\"0 0 24 24\" fill=\"none\"><path d=\"M6 6H4v2h2V6zm14 0H8v2h12V6zM4 11h2v2H4v-2zm16 0H8v2h12v-2zM4 16h2v2H4v-2zm16 0H8v2h12v-2z\" fill=\"currentColor\"><\/path><\/svg><svg style=\"fill: #999;color:#999\" class=\"arrow-unsorted-368013\" xmlns=\"http:\/\/www.w3.org\/2000\/svg\" width=\"10px\" height=\"10px\" viewbox=\"0 0 24 24\" version=\"1.2\" baseprofile=\"tiny\"><path d=\"M18.2 9.3l-6.2-6.3-6.2 6.3c-.2.2-.3.4-.3.7s.1.5.3.7c.2.2.4.3.7.3h11c.3 0 .5-.1.7-.3.2-.2.3-.5.3-.7s-.1-.5-.3-.7zM5.8 14.7l6.2 6.3 6.2-6.3c.2-.2.3-.5.3-.7s-.1-.5-.3-.7c-.2-.2-.4-.3-.7-.3h-11c-.3 0-.5.1-.7.3-.2.2-.3.5-.3.7s.1.5.3.7z\"\/><\/svg><\/span><\/span><\/span><\/a><\/span><\/div>\n<nav><ul class='ez-toc-list ez-toc-list-level-1' ><li class='ez-toc-page-1 ez-toc-heading-level-2'><a class=\"ez-toc-link ez-toc-heading-1\" href=\"https:\/\/mythslegendes.com\/es\/mitologia-anichinabianos\/cuento-okibwe-okishkimonisse-9873\/#Okishkimonisse-saves-the-summer-birds\" >Okishkimonisse salva a los p\u00e1jaros de verano<\/a><\/li><\/ul><\/nav><\/div>\n<h2 class=\"elementor-heading-title elementor-size-default\"><span class=\"ez-toc-section\" id=\"Okishkimonisse-saves-the-summer-birds\"><\/span>Okishkimonisse salva a los p\u00e1jaros de verano<span class=\"ez-toc-section-end\"><\/span><\/h2>\t\t\t\t<\/div>\n\t\t\t\t<\/div>\n\t\t\t\t\t<\/div>\n\t\t<\/div>\n\t\t\t\t\t<\/div>\n\t\t<\/section>\n\t\t\t\t<section class=\"elementor-section elementor-top-section elementor-element elementor-element-5e3ecdf elementor-section-boxed elementor-section-height-default elementor-section-height-default\" data-id=\"5e3ecdf\" data-element_type=\"section\" data-e-type=\"section\">\n\t\t\t\t\t\t<div class=\"elementor-container elementor-column-gap-default\">\n\t\t\t\t\t<div class=\"elementor-column elementor-col-100 elementor-top-column elementor-element elementor-element-c11eecd\" data-id=\"c11eecd\" data-element_type=\"column\" data-e-type=\"column\">\n\t\t\t<div class=\"elementor-widget-wrap elementor-element-populated\">\n\t\t\t\t\t\t<div class=\"elementor-element elementor-element-6d027ff elementor-widget elementor-widget-text-editor\" data-id=\"6d027ff\" data-element_type=\"widget\" data-e-type=\"widget\" data-widget_type=\"text-editor.default\">\n\t\t\t\t<div class=\"elementor-widget-container\">\n\t\t\t\t\t\t\t\t\t<p>Hace muchos a\u00f1os, un gigante descubri\u00f3 que pod\u00eda hacer que el invierno<br \/>quedarse en el pa\u00eds del norte todo el a\u00f1o si \u00e9l pone las aves de verano<br \/>en jaulas Cuando lleg\u00f3 el momento de que el clima se volviera c\u00e1lido, hubo<br \/>no hubo cambio. Se qued\u00f3 muy, muy fr\u00edo. No hab\u00eda reyezuelos ni<br \/>petirrojos, p\u00e1jaros carpinteros, alondras, pinzones, ni ninguna de las otras aves<br \/>que regresaba a la tierra de los Ojibwa durante la primavera y el verano.<\/p><p>En el norte, el pueblo Ojibwa estaba en la miseria. todo lo que pudieron<br \/>pensar en eran los c\u00e1lidos meses de verano, ya que temblaban todo el d\u00eda<br \/>en el frio. Quedaba muy poca comida. Los animales intentaron<br \/>comer la corteza del \u00e1lamo tembl\u00f3n como hab\u00edan visto <a href=\"https:\/\/mythslegendes.com\/es\/mitologia-dene\/\">castor<\/a> hacer,<br \/>pero descubrieron que esto era un pobre sustituto de sus dietas regulares.<\/p><p>Finalmente, los indios y los animales se reunieron en consejo.<br \/>Estaban decididos a encontrar las aves de verano y hacerlas regresar.<br \/>hacia el norte, trayendo el clima de verano con ellos. Sin embargo, fuera<br \/>de todos los hombres y animales, era el peque\u00f1o pescador (Okishkimonisse)<br \/>quien finalmente se ofreci\u00f3 a ir a buscar al que est\u00e1 causando todos estos problemas<br \/>y traer los p\u00e1jaros de verano de vuelta a casa.<\/p><p>Al d\u00eda siguiente, Okishkimonisse emprendi\u00f3 su viaje, tomando<br \/>solo una peque\u00f1a bola de cera para usar como arma. D\u00eda tras d\u00eda volaba<br \/>hacia el sur, la direcci\u00f3n en la que hab\u00eda visto volar a los p\u00e1jaros de verano cuando<br \/>se fueron el a\u00f1o anterior. Viaj\u00f3 una luna llena antes de que finalmente<br \/>lleg\u00f3 a la casa del gigante. El gigante estaba dormido, cuando Okishkimonisse<br \/>lleg\u00f3, pero hab\u00eda apostado dos cuervos como guardias.<\/p><p>Ahora, Okishkimonisse pudo moverse en silencio, y antes de que los cuervos<br \/>lo sab\u00eda, el pescador se hab\u00eda arrojado sobre ellos, sujetado sus picos<br \/>cerrado, y los sell\u00f3 herm\u00e9ticamente con la bola de cera. Esto mantuvo la<br \/>cuervos de llamar al gigante.<\/p><p>Luego, en silencio, para no hacer ruido, Okishkimonisse se desliz\u00f3 dentro.<br \/>donde se guardaban las jaulas de los p\u00e1jaros de verano. Uno por uno, el<br \/>abri\u00f3 las jaulas de los p\u00e1jaros. Los p\u00e1jaros probaron sus alas despu\u00e9s de su<br \/>largo cautiverio y tan pronto como comenzaron a ventilar el aire, comenz\u00f3<br \/>para entrar en calor La nieve se derriti\u00f3 y las plantas comenzaron a abrirse paso.<br \/>la tierra. Mientras los p\u00e1jaros volaban hacia el norte, tra\u00edan el verano al<br \/>gente india esperando en el camino. Cuando por fin llegaron los p\u00e1jaros<br \/>en el pa\u00eds del norte, el pueblo Ojibwa sab\u00eda que el pescador hab\u00eda<br \/>tuvo \u00e9xito en su misi\u00f3n.<\/p><p>Ahora, el gigante hab\u00eda dormido durante todo esto. Pero, eventualmente,<br \/>el calor del verano hab\u00eda hecho que se derritiera la cera del pico del cuervo.<br \/>De repente, los p\u00e1jaros llamaron a su amo.<\/p><p>\u201c\u00a1Los p\u00e1jaros de verano! \u00bb graznaron. \u00ab Okishkimonisse<br \/>ha abierto sus jaulas y los ha dejado escapar a todos! \u00bb<\/p><p>El gigante se levant\u00f3 en un instante y pronto persigui\u00f3 a Okishkimonisse.<br \/>con su arco y flecha.<\/p><p>Persigui\u00f3 al pescador por una ladera rocosa, con vistas a un hermoso<br \/>Valle Verde. Cuando lleg\u00f3 al borde del acantilado, el pescador<br \/>salt\u00f3 y vol\u00f3 hacia el cielo. El gigante lo sigui\u00f3, apuntando su flecha<br \/>mientras dejaba el suelo. La flecha golpe\u00f3 al p\u00e1jaro, pero solo lo hiri\u00f3.<\/p><p>Hoy, el pescador vuela alto en el cielo, pero todav\u00eda tiene la cabeza torcida.<br \/>cola. Cuando los hombres blancos ven la curva pronunciada de la Osa Mayor,<br \/>en realidad est\u00e1n viendo el lugar donde la flecha golpe\u00f3 la cola de Okishkimonisse.<\/p>\t\t\t\t\t\t\t\t<\/div>\n\t\t\t\t<\/div>\n\t\t\t\t\t<\/div>\n\t\t<\/div>\n\t\t\t\t\t<\/div>\n\t\t<\/section>\n\t\t\t\t<\/div>","protected":false},"excerpt":{"rendered":"<p>Anishinabe Mythology Wiki El t\u00e9rmino Ojibwe proviene de Outchibou, un nombre dado en el siglo XVII a un grupo que viv\u00eda en \u2026 <\/p>","protected":false},"author":1,"featured_media":0,"parent":3405,"menu_order":0,"comment_status":"closed","ping_status":"closed","template":"","meta":{"footnotes":""},"class_list":["post-15310","page","type-page","status-publish","hentry"],"amp_enabled":true,"_links":{"self":[{"href":"https:\/\/mythslegendes.com\/es\/wp-json\/wp\/v2\/pages\/15310","targetHints":{"allow":["GET"]}}],"collection":[{"href":"https:\/\/mythslegendes.com\/es\/wp-json\/wp\/v2\/pages"}],"about":[{"href":"https:\/\/mythslegendes.com\/es\/wp-json\/wp\/v2\/types\/page"}],"author":[{"embeddable":true,"href":"https:\/\/mythslegendes.com\/es\/wp-json\/wp\/v2\/users\/1"}],"replies":[{"embeddable":true,"href":"https:\/\/mythslegendes.com\/es\/wp-json\/wp\/v2\/comments?post=15310"}],"version-history":[{"count":1,"href":"https:\/\/mythslegendes.com\/es\/wp-json\/wp\/v2\/pages\/15310\/revisions"}],"predecessor-version":[{"id":25297,"href":"https:\/\/mythslegendes.com\/es\/wp-json\/wp\/v2\/pages\/15310\/revisions\/25297"}],"up":[{"embeddable":true,"href":"https:\/\/mythslegendes.com\/es\/wp-json\/wp\/v2\/pages\/3405"}],"wp:attachment":[{"href":"https:\/\/mythslegendes.com\/es\/wp-json\/wp\/v2\/media?parent=15310"}],"curies":[{"name":"wp","href":"https:\/\/api.w.org\/{rel}","templated":true}]}}